{"id":181361,"date":"2026-03-02T16:37:31","date_gmt":"2026-03-02T09:37:31","guid":{"rendered":"http:\/\/tourcruiser.com\/product\/women-asics-japan-s-white-ocean-haze"},"modified":"2026-03-28T01:48:40","modified_gmt":"2026-03-27T18:48:40","slug":"women-asics-japan-s-white-ocean-haze","status":"publish","type":"product","link":"https:\/\/tourcruiser.com\/de\/products\/women-asics-japan-s-white-ocean-haze\/","title":{"rendered":"(Women) ASICS Japan S &#8218;White Ocean Haze&#8216;"},"content":{"rendered":"<p>Erleben Sie zeitlose Eleganz und modernen Komfort mit den ASICS Japan S \u201eWhite Ocean Haze\u201c Sneakers \u201d\u201c die perfekte Erg\u00e4nzung f\u00fcr Ihren Alltagslook. Diese Damensneaker vereinen eine klassische, vom Court inspirierte Silhouette mit modernen Akzenten. Das frische wei\u00dfe Obermaterial wird durch dezente Ozean-Nuancen veredelt und sorgt so f\u00fcr einen vielseitigen und unaufdringlichen Look.<\/p>\n<p>Dank hochwertiger Materialien und der leichten Konstruktion genie\u00dfen Sie ganzt\u00e4gigen Tragekomfort. Die gepolsterte Zwischensohle bietet reaktionsfreudige Unterst\u00fctzung f\u00fcr entspannte Spazierg\u00e4nge oder den t\u00e4glichen Weg zur Arbeit. Die strapazierf\u00e4hige Gummiau\u00dfensohle garantiert hervorragenden Grip und Stabilit\u00e4t und macht diese Sneakers ebenso funktional wie stylisch.<\/p>\n<p>Ob f\u00fcr l\u00e4ssige Outfits oder als raffinierte Erg\u00e4nzung zu Athleisure-Looks \u201d\u201c die ASICS Japan S \u201eWhite Ocean Haze\u201c sind ein Must-have f\u00fcr die moderne Frau. Egal ob Sie Besorgungen erledigen, Freunde treffen oder die Stadt erkunden \u201d\u201c diese Sneakers vereinen m\u00fchelos Mode und Funktionalit\u00e4t.<\/p>\n<p>Erleben Sie schlichte Eleganz mit dem ASICS Japan S \u201eWhite Ocean Haze\u201c und bereichern Sie Ihre Schuhsammlung mit einem Paar, das sich nahtlos an Ihren Lifestyle anpasst. Diese Sneaker verk\u00f6rpern Form und Funktion perfekt und sind die ideale Wahl f\u00fcr alle, die Wert auf ein schlankes Design und unvergleichlichen Komfort bei jedem Schritt legen.<\/p>\n<ul>\n<li><strong>Farbgebung:<\/strong> Wei\u00df\/Ocean Haze<\/li>\n<li><strong>Artikelnummer:<\/strong> 1202A118-128<\/li>\n<li><strong>Farbe:<\/strong> Wei\u00df<\/li>\n<\/ul>\n","protected":false},"excerpt":{"rendered":"<p>ASICS Unpre Ars 2 \u201d\u201d White\/Ocean Haze<\/p>\n","protected":false},"featured_media":181362,"comment_status":"open","ping_status":"closed","template":"","meta":[],"product_brand":[],"product_cat":[11020],"product_tag":[10791,10750,10926,10754,10765,10768],"class_list":{"0":"post-181361","1":"product","2":"type-product","3":"status-publish","4":"has-post-thumbnail","6":"product_cat-asics-women","7":"product_tag-asics","8":"product_tag-athleisure-shoes","9":"product_tag-gift-for-her","10":"product_tag-lifestyle-casual-shoes","11":"product_tag-lifestyle-shoes-running-inspired","12":"product_tag-retro-running-shoes","13":"wcpa_has_options","15":"first","16":"outofstock","17":"taxable","18":"shipping-taxable","19":"purchasable","20":"product-type-simple"},"wcpa_form_fields":{"rules":{"pric_overide_base_price":false,"pric_overide_base_price_if_gt_zero":false,"pric_overide_base_price_fully":false,"pric_cal_option_once":false,"pric_use_as_fee":false,"bind_quantity":false,"quantity_bind_formula":false},"fields":[{"type":"color-group","required":true,"elementId":"wcpa-color-group-69a5ac3f3e644","label":"Gr\u00f6\u00dfe","inline":true,"priceOptions":"different_for_all","pricingType":"fixed","className":"hassizechart product-shoes-size-eu product-shoes-size","name":"color-group-69a5ac3f3e64e","disp_type":"square","selection_type":"tick-border","disp_size":"50","show_label_inside":true,"adjust_width":true,"cart_display_type":"text","other_text":"Other","cl_rule":"show","col":6,"values":[{"label":"34.5","value":"EU 34.5","price":"","pimage":"","pimage_id":"","pthumb":"","color":""},{"label":"35","value":"EU 35","price":"","pimage":"","pimage_id":"","pthumb":"","color":""},{"label":"35.5","value":"EU 35.5","price":"","pimage":"","pimage_id":"","pthumb":"","color":""},{"label":"36","value":"EU 36","price":"","pimage":"","pimage_id":"","pthumb":"","color":"","selected":true},{"label":"37","value":"EU 37","price":"","pimage":"","pimage_id":"","pthumb":"","color":""},{"label":"37.5","value":"EU 37.5","price":"","pimage":"","pimage_id":"","pthumb":"","color":""},{"label":"38","value":"EU 38","price":"","pimage":"","pimage_id":"","pthumb":"","color":""},{"label":"38.5","value":"EU 38.5","price":"","pimage":"","pimage_id":"","pthumb":"","color":""},{"label":"39","value":"EU 39","price":"","pimage":"","pimage_id":"","pthumb":"","color":""},{"label":"39.5","value":"EU 39.5","price":"","pimage":"","pimage_id":"","pthumb":"","color":""},{"label":"40","value":"EU 40","price":"","pimage":"","pimage_id":"","pthumb":"","color":""},{"label":"40.5","value":"EU 40.5","price":"","pimage":"","pimage_id":"","pthumb":"","color":""},{"label":" 41.5","value":"EU 41.5","price":"","pimage":"","pimage_id":"","pthumb":"","color":""},{"label":"42","value":"EU 42","price":"","pimage":"","pimage_id":"","pthumb":"","color":""},{"label":"42.5","value":"EU 42.5","price":"","pimage":"","pimage_id":"","pthumb":"","color":""},{"label":"43.5","value":"EU 43.5","price":"","pimage":"","pimage_id":"","pthumb":"","color":""},{"label":"44","value":"EU 44","price":"","pimage":"","pimage_id":"","pthumb":"","color":""},{"label":"44.5","value":"EU 44.5","price":"","pimage":"","pimage_id":"","pthumb":"","color":""},{"label":"45","value":"EU 45","price":"","pimage":"","pimage_id":"","pthumb":"","color":""}],"relations":[{"operator":false,"rules":[]}],"form_id":184312,"form_rules":{"pric_cal_option_once":false,"exclude_from_discount":false,"pric_use_as_fee":false,"fee_label":"Fee","render_after_acb":false,"disp_hide_options_price":false}}]},"yoast_head":"<!-- This site is optimized with the Yoast SEO plugin v26.5 - https:\/\/yoast.com\/wordpress\/plugins\/seo\/ -->\n<title>(Women) ASICS Japan S &#039;White Ocean Haze&#039;  - Tourcruiser PTE. LTD<\/title>\n<meta name=\"robots\" content=\"index, follow, max-snippet:-1, max-image-preview:large, max-video-preview:-1\" \/>\n<link rel=\"canonical\" href=\"https:\/\/tourcruiser.com\/\" \/>\n<meta property=\"og:locale\" content=\"de_DE\" \/>\n<meta property=\"og:type\" content=\"article\" \/>\n<meta property=\"og:title\" content=\"(Women) ASICS Japan S &#039;White Ocean Haze&#039;  - Tourcruiser PTE. LTD\" \/>\n<meta property=\"og:description\" content=\"ASICS Unpre Ars 2 \u201d\u201d White\/Ocean Haze\" \/>\n<meta property=\"og:url\" content=\"\/\" \/>\n<meta property=\"og:site_name\" content=\"Tourcruiser Sneaker Store\" \/>\n<meta property=\"article:modified_time\" content=\"2026-03-27T18:48:40+00:00\" \/>\n<meta name=\"twitter:card\" content=\"summary_large_image\" \/>\n<meta name=\"twitter:image\" content=\"https:\/\/images.novelship.com\/product\/asics_japan_s__white_ocean_haze__1202a118-128_0_7102.jpeg;https:\/\/images.novelship.com\/product\/asics_japan_s__white_ocean_haze__1202a118-128_1_7103.jpeg;https:\/\/images.novelship.com\/product\/asics_japan_s__white_ocean_haze__1202a118-128_2_7103.jpeg;https:\/\/images.novelship.com\/product\/asics_japan_s__white_ocean_haze__1202a118-128_3_7103.jpeg;https:\/\/images.novelship.com\/product\/asics_japan_s__white_ocean_haze__1202a118-128_4_7103.jpeg;https:\/\/images.novelship.com\/product\/asics_japan_s__white_ocean_haze__1202a118-128_5_7103.jpeg;https:\/\/images.novelship.com\/product\/asics_japan_s__white_ocean_haze__1202a118-128_6_7103.jpeg;https:\/\/images.novelship.com\/product\/asics_japan_s__white_ocean_haze__1202a118-128_7_7103.jpeg\" \/>\n<meta name=\"twitter:label1\" content=\"Gesch\u00e4tzte Lesezeit\" \/>\n\t<meta name=\"twitter:data1\" content=\"1\u00a0Minute\" \/>\n<script type=\"application\/ld+json\" class=\"yoast-schema-graph\">{\"@context\":\"https:\/\/schema.org\",\"@graph\":[{\"@type\":\"WebPage\",\"@id\":\"\/\",\"url\":\"https:\/\/tourcruiser.com\/\",\"name\":\"(Women) ASICS Japan S 'White Ocean Haze' - Tourcruiser PTE. LTD\",\"isPartOf\":{\"@id\":\"https:\/\/tourcruiser.com\/de\/#website\"},\"primaryImageOfPage\":{\"@id\":\"https:\/\/tourcruiser.com\/#primaryimage\"},\"image\":{\"@id\":\"https:\/\/tourcruiser.com\/#primaryimage\"},\"thumbnailUrl\":\"https:\/\/images.novelship.com\/product\/asics_japan_s__white_ocean_haze__1202a118-128_0_7102.jpeg;https:\/\/images.novelship.com\/product\/asics_japan_s__white_ocean_haze__1202a118-128_1_7103.jpeg;https:\/\/images.novelship.com\/product\/asics_japan_s__white_ocean_haze__1202a118-128_2_7103.jpeg;https:\/\/images.novelship.com\/product\/asics_japan_s__white_ocean_haze__1202a118-128_3_7103.jpeg;https:\/\/images.novelship.com\/product\/asics_japan_s__white_ocean_haze__1202a118-128_4_7103.jpeg;https:\/\/images.novelship.com\/product\/asics_japan_s__white_ocean_haze__1202a118-128_5_7103.jpeg;https:\/\/images.novelship.com\/product\/asics_japan_s__white_ocean_haze__1202a118-128_6_7103.jpeg;https:\/\/images.novelship.com\/product\/asics_japan_s__white_ocean_haze__1202a118-128_7_7103.jpeg\",\"datePublished\":\"2026-03-02T09:37:31+00:00\",\"dateModified\":\"2026-03-27T18:48:40+00:00\",\"breadcrumb\":{\"@id\":\"https:\/\/tourcruiser.com\/#breadcrumb\"},\"inLanguage\":\"de\",\"potentialAction\":[{\"@type\":\"ReadAction\",\"target\":[\"https:\/\/tourcruiser.com\/\"]}]},{\"@type\":\"ImageObject\",\"inLanguage\":\"de\",\"@id\":\"https:\/\/tourcruiser.com\/#primaryimage\",\"url\":\"https:\/\/images.novelship.com\/product\/asics_japan_s__white_ocean_haze__1202a118-128_0_7102.jpeg;https:\/\/images.novelship.com\/product\/asics_japan_s__white_ocean_haze__1202a118-128_1_7103.jpeg;https:\/\/images.novelship.com\/product\/asics_japan_s__white_ocean_haze__1202a118-128_2_7103.jpeg;https:\/\/images.novelship.com\/product\/asics_japan_s__white_ocean_haze__1202a118-128_3_7103.jpeg;https:\/\/images.novelship.com\/product\/asics_japan_s__white_ocean_haze__1202a118-128_4_7103.jpeg;https:\/\/images.novelship.com\/product\/asics_japan_s__white_ocean_haze__1202a118-128_5_7103.jpeg;https:\/\/images.novelship.com\/product\/asics_japan_s__white_ocean_haze__1202a118-128_6_7103.jpeg;https:\/\/images.novelship.com\/product\/asics_japan_s__white_ocean_haze__1202a118-128_7_7103.jpeg\",\"contentUrl\":\"https:\/\/images.novelship.com\/product\/asics_japan_s__white_ocean_haze__1202a118-128_0_7102.jpeg;https:\/\/images.novelship.com\/product\/asics_japan_s__white_ocean_haze__1202a118-128_1_7103.jpeg;https:\/\/images.novelship.com\/product\/asics_japan_s__white_ocean_haze__1202a118-128_2_7103.jpeg;https:\/\/images.novelship.com\/product\/asics_japan_s__white_ocean_haze__1202a118-128_3_7103.jpeg;https:\/\/images.novelship.com\/product\/asics_japan_s__white_ocean_haze__1202a118-128_4_7103.jpeg;https:\/\/images.novelship.com\/product\/asics_japan_s__white_ocean_haze__1202a118-128_5_7103.jpeg;https:\/\/images.novelship.com\/product\/asics_japan_s__white_ocean_haze__1202a118-128_6_7103.jpeg;https:\/\/images.novelship.com\/product\/asics_japan_s__white_ocean_haze__1202a118-128_7_7103.jpeg\"},{\"@type\":\"BreadcrumbList\",\"@id\":\"https:\/\/tourcruiser.com\/#breadcrumb\",\"itemListElement\":[{\"@type\":\"ListItem\",\"position\":1,\"name\":\"Home\",\"item\":\"https:\/\/tourcruiser.com\/de\/\"},{\"@type\":\"ListItem\",\"position\":2,\"name\":\"Shop\",\"item\":\"https:\/\/tourcruiser.com\/de\/shop\/\"},{\"@type\":\"ListItem\",\"position\":3,\"name\":\"(Women) ASICS Japan S &#8218;White Ocean Haze&#8216;\"}]},{\"@type\":\"WebSite\",\"@id\":\"https:\/\/tourcruiser.com\/de\/#website\",\"url\":\"https:\/\/tourcruiser.com\/de\/\",\"name\":\"Styloral Jewelry Shop\",\"description\":\"Tourcruiser Sneaker Store \u2014 der Ort, an dem das Universum deine Einzigartigkeit trifft.\",\"publisher\":{\"@id\":\"https:\/\/tourcruiser.com\/de\/#organization\"},\"potentialAction\":[{\"@type\":\"SearchAction\",\"target\":{\"@type\":\"EntryPoint\",\"urlTemplate\":\"https:\/\/tourcruiser.com\/de\/?s={search_term_string}\"},\"query-input\":{\"@type\":\"PropertyValueSpecification\",\"valueRequired\":true,\"valueName\":\"search_term_string\"}}],\"inLanguage\":\"de\"},{\"@type\":\"Organization\",\"@id\":\"https:\/\/tourcruiser.com\/de\/#organization\",\"name\":\"STYLORAL PTE. LTD\",\"url\":\"https:\/\/tourcruiser.com\/de\/\",\"logo\":{\"@type\":\"ImageObject\",\"inLanguage\":\"de\",\"@id\":\"https:\/\/tourcruiser.com\/de\/#\/schema\/logo\/image\/\",\"url\":\"https:\/\/www.tourcruiser.com\/wp-content\/uploads\/2025\/12\/logo.png\",\"contentUrl\":\"https:\/\/www.tourcruiser.com\/wp-content\/uploads\/2025\/12\/logo.png\",\"width\":200,\"height\":65,\"caption\":\"STYLORAL PTE. LTD\"},\"image\":{\"@id\":\"https:\/\/tourcruiser.com\/de\/#\/schema\/logo\/image\/\"}}]}<\/script>\n<!-- \/ Yoast SEO plugin. -->","yoast_head_json":{"title":"(Women) ASICS Japan S 'White Ocean Haze'  - Tourcruiser PTE. LTD","robots":{"index":"index","follow":"follow","max-snippet":"max-snippet:-1","max-image-preview":"max-image-preview:large","max-video-preview":"max-video-preview:-1"},"canonical":"https:\/\/tourcruiser.com\/","og_locale":"de_DE","og_type":"article","og_title":"(Women) ASICS Japan S 'White Ocean Haze'  - Tourcruiser PTE. LTD","og_description":"ASICS Unpre Ars 2 \u201d\u201d White\/Ocean Haze","og_url":"\/","og_site_name":"Tourcruiser Sneaker Store","article_modified_time":"2026-03-27T18:48:40+00:00","twitter_card":"summary_large_image","twitter_image":"https:\/\/images.novelship.com\/product\/asics_japan_s__white_ocean_haze__1202a118-128_0_7102.jpeg;https:\/\/images.novelship.com\/product\/asics_japan_s__white_ocean_haze__1202a118-128_1_7103.jpeg;https:\/\/images.novelship.com\/product\/asics_japan_s__white_ocean_haze__1202a118-128_2_7103.jpeg;https:\/\/images.novelship.com\/product\/asics_japan_s__white_ocean_haze__1202a118-128_3_7103.jpeg;https:\/\/images.novelship.com\/product\/asics_japan_s__white_ocean_haze__1202a118-128_4_7103.jpeg;https:\/\/images.novelship.com\/product\/asics_japan_s__white_ocean_haze__1202a118-128_5_7103.jpeg;https:\/\/images.novelship.com\/product\/asics_japan_s__white_ocean_haze__1202a118-128_6_7103.jpeg;https:\/\/images.novelship.com\/product\/asics_japan_s__white_ocean_haze__1202a118-128_7_7103.jpeg","twitter_misc":{"Gesch\u00e4tzte Lesezeit":"1\u00a0Minute"},"schema":{"@context":"https:\/\/schema.org","@graph":[{"@type":"WebPage","@id":"\/","url":"https:\/\/tourcruiser.com\/","name":"(Women) ASICS Japan S 'White Ocean Haze' - Tourcruiser PTE. LTD","isPartOf":{"@id":"https:\/\/tourcruiser.com\/de\/#website"},"primaryImageOfPage":{"@id":"https:\/\/tourcruiser.com\/#primaryimage"},"image":{"@id":"https:\/\/tourcruiser.com\/#primaryimage"},"thumbnailUrl":"https:\/\/images.novelship.com\/product\/asics_japan_s__white_ocean_haze__1202a118-128_0_7102.jpeg;https:\/\/images.novelship.com\/product\/asics_japan_s__white_ocean_haze__1202a118-128_1_7103.jpeg;https:\/\/images.novelship.com\/product\/asics_japan_s__white_ocean_haze__1202a118-128_2_7103.jpeg;https:\/\/images.novelship.com\/product\/asics_japan_s__white_ocean_haze__1202a118-128_3_7103.jpeg;https:\/\/images.novelship.com\/product\/asics_japan_s__white_ocean_haze__1202a118-128_4_7103.jpeg;https:\/\/images.novelship.com\/product\/asics_japan_s__white_ocean_haze__1202a118-128_5_7103.jpeg;https:\/\/images.novelship.com\/product\/asics_japan_s__white_ocean_haze__1202a118-128_6_7103.jpeg;https:\/\/images.novelship.com\/product\/asics_japan_s__white_ocean_haze__1202a118-128_7_7103.jpeg","datePublished":"2026-03-02T09:37:31+00:00","dateModified":"2026-03-27T18:48:40+00:00","breadcrumb":{"@id":"https:\/\/tourcruiser.com\/#breadcrumb"},"inLanguage":"de","potentialAction":[{"@type":"ReadAction","target":["https:\/\/tourcruiser.com\/"]}]},{"@type":"ImageObject","inLanguage":"de","@id":"https:\/\/tourcruiser.com\/#primaryimage","url":"https:\/\/images.novelship.com\/product\/asics_japan_s__white_ocean_haze__1202a118-128_0_7102.jpeg;https:\/\/images.novelship.com\/product\/asics_japan_s__white_ocean_haze__1202a118-128_1_7103.jpeg;https:\/\/images.novelship.com\/product\/asics_japan_s__white_ocean_haze__1202a118-128_2_7103.jpeg;https:\/\/images.novelship.com\/product\/asics_japan_s__white_ocean_haze__1202a118-128_3_7103.jpeg;https:\/\/images.novelship.com\/product\/asics_japan_s__white_ocean_haze__1202a118-128_4_7103.jpeg;https:\/\/images.novelship.com\/product\/asics_japan_s__white_ocean_haze__1202a118-128_5_7103.jpeg;https:\/\/images.novelship.com\/product\/asics_japan_s__white_ocean_haze__1202a118-128_6_7103.jpeg;https:\/\/images.novelship.com\/product\/asics_japan_s__white_ocean_haze__1202a118-128_7_7103.jpeg","contentUrl":"https:\/\/images.novelship.com\/product\/asics_japan_s__white_ocean_haze__1202a118-128_0_7102.jpeg;https:\/\/images.novelship.com\/product\/asics_japan_s__white_ocean_haze__1202a118-128_1_7103.jpeg;https:\/\/images.novelship.com\/product\/asics_japan_s__white_ocean_haze__1202a118-128_2_7103.jpeg;https:\/\/images.novelship.com\/product\/asics_japan_s__white_ocean_haze__1202a118-128_3_7103.jpeg;https:\/\/images.novelship.com\/product\/asics_japan_s__white_ocean_haze__1202a118-128_4_7103.jpeg;https:\/\/images.novelship.com\/product\/asics_japan_s__white_ocean_haze__1202a118-128_5_7103.jpeg;https:\/\/images.novelship.com\/product\/asics_japan_s__white_ocean_haze__1202a118-128_6_7103.jpeg;https:\/\/images.novelship.com\/product\/asics_japan_s__white_ocean_haze__1202a118-128_7_7103.jpeg"},{"@type":"BreadcrumbList","@id":"https:\/\/tourcruiser.com\/#breadcrumb","itemListElement":[{"@type":"ListItem","position":1,"name":"Home","item":"https:\/\/tourcruiser.com\/de\/"},{"@type":"ListItem","position":2,"name":"Shop","item":"https:\/\/tourcruiser.com\/de\/shop\/"},{"@type":"ListItem","position":3,"name":"(Women) ASICS Japan S &#8218;White Ocean Haze&#8216;"}]},{"@type":"WebSite","@id":"https:\/\/tourcruiser.com\/de\/#website","url":"https:\/\/tourcruiser.com\/de\/","name":"Styloral Jewelry Shop","description":"Tourcruiser Sneaker Store \u2014 der Ort, an dem das Universum deine Einzigartigkeit trifft.","publisher":{"@id":"https:\/\/tourcruiser.com\/de\/#organization"},"potentialAction":[{"@type":"SearchAction","target":{"@type":"EntryPoint","urlTemplate":"https:\/\/tourcruiser.com\/de\/?s={search_term_string}"},"query-input":{"@type":"PropertyValueSpecification","valueRequired":true,"valueName":"search_term_string"}}],"inLanguage":"de"},{"@type":"Organization","@id":"https:\/\/tourcruiser.com\/de\/#organization","name":"STYLORAL PTE. LTD","url":"https:\/\/tourcruiser.com\/de\/","logo":{"@type":"ImageObject","inLanguage":"de","@id":"https:\/\/tourcruiser.com\/de\/#\/schema\/logo\/image\/","url":"https:\/\/www.tourcruiser.com\/wp-content\/uploads\/2025\/12\/logo.png","contentUrl":"https:\/\/www.tourcruiser.com\/wp-content\/uploads\/2025\/12\/logo.png","width":200,"height":65,"caption":"STYLORAL PTE. LTD"},"image":{"@id":"https:\/\/tourcruiser.com\/de\/#\/schema\/logo\/image\/"}}]}},"_links":{"self":[{"href":"https:\/\/tourcruiser.com\/de\/wp-json\/wp\/v2\/product\/181361","targetHints":{"allow":["GET"]}}],"collection":[{"href":"https:\/\/tourcruiser.com\/de\/wp-json\/wp\/v2\/product"}],"about":[{"href":"https:\/\/tourcruiser.com\/de\/wp-json\/wp\/v2\/types\/product"}],"replies":[{"embeddable":true,"href":"https:\/\/tourcruiser.com\/de\/wp-json\/wp\/v2\/comments?post=181361"}],"wp:featuredmedia":[{"embeddable":true,"href":"https:\/\/tourcruiser.com\/de\/wp-json\/wp\/v2\/media\/181362"}],"wp:attachment":[{"href":"https:\/\/tourcruiser.com\/de\/wp-json\/wp\/v2\/media?parent=181361"}],"wp:term":[{"taxonomy":"product_brand","embeddable":true,"href":"https:\/\/tourcruiser.com\/de\/wp-json\/wp\/v2\/product_brand?post=181361"},{"taxonomy":"product_cat","embeddable":true,"href":"https:\/\/tourcruiser.com\/de\/wp-json\/wp\/v2\/product_cat?post=181361"},{"taxonomy":"product_tag","embeddable":true,"href":"https:\/\/tourcruiser.com\/de\/wp-json\/wp\/v2\/product_tag?post=181361"}],"curies":[{"name":"wp","href":"https:\/\/api.w.org\/{rel}","templated":true}]}}