{"id":181031,"date":"2026-03-02T16:36:58","date_gmt":"2026-03-02T09:36:58","guid":{"rendered":"http:\/\/tourcruiser.com\/product\/adidas-neo-cf-super-hoops-mid-red-white-black"},"modified":"2026-03-28T01:48:17","modified_gmt":"2026-03-27T18:48:17","slug":"adidas-neo-cf-super-hoops-mid-red-white-black","status":"publish","type":"product","link":"https:\/\/tourcruiser.com\/de\/products\/adidas-neo-cf-super-hoops-mid-red-white-black\/","title":{"rendered":"adidas Neo CF Super Hoops MID &#8218;Red White Black&#8216;"},"content":{"rendered":"<p>Verleihe deinem Style mit dem auff\u00e4lligen adidas Neo CF Super Hoops MID &#8218;Red White Black&#8216; IE1020 das gewisse Etwas. Diese Sneaker sind ein echter Hingucker: Das leuchtend rote Obermaterial, die kontrastierenden wei\u00dfen Akzente und die markante schwarze Au\u00dfensohle sorgen f\u00fcr einen unvergesslichen Look. Das bequeme Mid-Top-Design und das atmungsaktive Mesh-Material bieten optimalen Halt und Atmungsaktivit\u00e4t f\u00fcr ganzt\u00e4gigen Tragekomfort. Ob auf dem Court oder in der Stadt \u201d\u201c mit diesen Sneakern ziehst du alle Blicke auf dich. Sichere dir jetzt die limitierte Edition des adidas Neo CF Super Hoops MID IE1020 und stehe im Rampenlicht!<\/p>\n<ul>\n<li><strong>Farbgebung:<\/strong> Rot\/Schwarz\/Wei\u00df<\/li>\n<li><strong>Style-Code:<\/strong> IE1020<\/li>\n<li><strong>Farbe:<\/strong> Rot<\/li>\n<\/ul>\n","protected":false},"excerpt":{"rendered":"<p>adidas Neo CF Super Hoops MID \u201d\u201d Red\/Black\/White<\/p>\n","protected":false},"featured_media":181032,"comment_status":"open","ping_status":"closed","template":"","meta":[],"product_brand":[],"product_cat":[10760],"product_tag":[10759,10750,10800,10847,10753,10754,10777,10756,10785,10786,10758],"class_list":{"0":"post-181031","1":"product","2":"type-product","3":"status-publish","4":"has-post-thumbnail","6":"product_cat-adidas","7":"product_tag-adidas","8":"product_tag-athleisure-shoes","9":"product_tag-basketball-shoes","10":"product_tag-best-finds-under-100","11":"product_tag-gift-for-him","12":"product_tag-lifestyle-casual-shoes","13":"product_tag-lifestyle-shoes-basketball-inspired","14":"product_tag-retro-casual-shoes","15":"product_tag-trending-deals","16":"product_tag-trending-deals-under-150","17":"product_tag-under-retail","18":"wcpa_has_options","20":"first","21":"outofstock","22":"taxable","23":"shipping-taxable","24":"purchasable","25":"product-type-simple"},"wcpa_form_fields":{"rules":{"pric_overide_base_price":false,"pric_overide_base_price_if_gt_zero":false,"pric_overide_base_price_fully":false,"pric_cal_option_once":false,"pric_use_as_fee":false,"bind_quantity":false,"quantity_bind_formula":false},"fields":[{"type":"color-group","required":true,"elementId":"wcpa-color-group-66c4a7f817afe","label":"Gr\u00f6\u00dfe","inline":true,"priceOptions":"different_for_all","pricingType":"fixed","className":"hassizechart product-shoes-size-eu product-shoes-size","name":"color-group-66c4a7f817b18","disp_type":"square","selection_type":"tick-border","disp_size":"50","show_label_inside":true,"adjust_width":true,"cart_display_type":"text","other_text":"Other","cl_rule":"show","col":6,"values":[{"label":"35","value":"EU 35","price":"","pimage":"","pimage_id":"","pthumb":"","color":""},{"label":"35.5","value":"EU 35.5","price":"","pimage":"","pimage_id":"","pthumb":"","color":""},{"label":"36","value":"EU 36","price":"","pimage":"","pimage_id":"","pthumb":"","color":"","selected":true},{"label":"36 2\/3","value":"EU 36 2\/3","price":"","pimage":"","pimage_id":"","pthumb":"","color":""},{"label":"37 1\/3","value":"EU 37 1\/3","price":"","pimage":"","pimage_id":"","pthumb":"","color":""},{"label":"38","value":"EU 38","price":"","pimage":"","pimage_id":"","pthumb":"","color":""},{"label":"38 2\/3","value":"EU 38 2\/3","price":"","pimage":"","pimage_id":"","pthumb":"","color":""},{"label":"39 1\/3","value":"EU 39 1\/3","price":"","pimage":"","pimage_id":"","pthumb":"","color":""},{"label":"40","value":"EU 40","price":"","pimage":"","pimage_id":"","pthumb":"","color":""},{"label":"40 2\/3","value":"EU 40 2\/3","price":"","pimage":"","pimage_id":"","pthumb":"","color":""},{"label":"41 1\/3","value":"EU 41 1\/3","price":"","pimage":"","pimage_id":"","pthumb":"","color":""},{"label":"42","value":"EU 42","price":"","pimage":"","pimage_id":"","pthumb":"","color":""},{"label":"42 2\/3","value":"EU 42 2\/3","price":"","pimage":"","pimage_id":"","pthumb":"","color":""},{"label":"43 1\/3","value":"EU 43 1\/3","price":"","pimage":"","pimage_id":"","pthumb":"","color":""},{"label":"44","value":"EU 44","price":"","pimage":"","pimage_id":"","pthumb":"","color":""},{"label":"44 2\/3","value":"EU 44 2\/3","price":"","pimage":"","pimage_id":"","pthumb":"","color":""},{"label":"45 1\/3","value":"EU 45 1\/3","price":"","pimage":"","pimage_id":"","pthumb":"","color":""},{"label":"46","value":"EU 46","price":"","pimage":"","pimage_id":"","pthumb":"","color":""},{"label":"46 2\/3","value":"EU 46 2\/3","price":"","pimage":"","pimage_id":"","pthumb":"","color":""},{"label":"47 1\/3","value":"EU 47 1\/3","price":"","pimage":"","pimage_id":"","pthumb":"","color":""}],"relations":[{"operator":false,"rules":[]}],"form_id":24802,"form_rules":{"pric_cal_option_once":false,"exclude_from_discount":false,"pric_use_as_fee":false,"fee_label":"Fee","render_after_acb":false,"disp_hide_options_price":false}}]},"yoast_head":"<!-- This site is optimized with the Yoast SEO plugin v26.5 - https:\/\/yoast.com\/wordpress\/plugins\/seo\/ -->\n<title>adidas Neo CF Super Hoops MID &#039;Red White Black&#039;  - Tourcruiser PTE. LTD<\/title>\n<meta name=\"robots\" content=\"index, follow, max-snippet:-1, max-image-preview:large, max-video-preview:-1\" \/>\n<link rel=\"canonical\" href=\"https:\/\/tourcruiser.com\/\" \/>\n<meta property=\"og:locale\" content=\"de_DE\" \/>\n<meta property=\"og:type\" content=\"article\" \/>\n<meta property=\"og:title\" content=\"adidas Neo CF Super Hoops MID &#039;Red White Black&#039;  - Tourcruiser PTE. LTD\" \/>\n<meta property=\"og:description\" content=\"adidas Neo CF Super Hoops MID \u201d\u201d Red\/Black\/White\" \/>\n<meta property=\"og:url\" content=\"\/\" \/>\n<meta property=\"og:site_name\" content=\"Tourcruiser Sneaker Store\" \/>\n<meta property=\"article:modified_time\" content=\"2026-03-27T18:48:17+00:00\" \/>\n<meta name=\"twitter:card\" content=\"summary_large_image\" \/>\n<meta name=\"twitter:image\" content=\"https:\/\/images.novelship.com\/product\/adidas_neo_cf_super_hoops_mid__red_white_black__ie_0_94455.jpeg;https:\/\/images.novelship.com\/product\/adidas_neo_cf_super_hoops_mid__red_white_black__ie_1_94455.jpeg;https:\/\/images.novelship.com\/product\/adidas_neo_cf_super_hoops_mid__red_white_black__ie_2_94455.png;https:\/\/images.novelship.com\/product\/adidas_neo_cf_super_hoops_mid__red_white_black__ie_3_94455.png\" \/>\n<meta name=\"twitter:label1\" content=\"Gesch\u00e4tzte Lesezeit\" \/>\n\t<meta name=\"twitter:data1\" content=\"1\u00a0Minute\" \/>\n<script type=\"application\/ld+json\" class=\"yoast-schema-graph\">{\"@context\":\"https:\/\/schema.org\",\"@graph\":[{\"@type\":\"WebPage\",\"@id\":\"\/\",\"url\":\"https:\/\/tourcruiser.com\/\",\"name\":\"adidas Neo CF Super Hoops MID 'Red White Black' - Tourcruiser PTE. LTD\",\"isPartOf\":{\"@id\":\"https:\/\/tourcruiser.com\/de\/#website\"},\"primaryImageOfPage\":{\"@id\":\"https:\/\/tourcruiser.com\/#primaryimage\"},\"image\":{\"@id\":\"https:\/\/tourcruiser.com\/#primaryimage\"},\"thumbnailUrl\":\"https:\/\/images.novelship.com\/product\/adidas_neo_cf_super_hoops_mid__red_white_black__ie_0_94455.jpeg;https:\/\/images.novelship.com\/product\/adidas_neo_cf_super_hoops_mid__red_white_black__ie_1_94455.jpeg;https:\/\/images.novelship.com\/product\/adidas_neo_cf_super_hoops_mid__red_white_black__ie_2_94455.png;https:\/\/images.novelship.com\/product\/adidas_neo_cf_super_hoops_mid__red_white_black__ie_3_94455.png\",\"datePublished\":\"2026-03-02T09:36:58+00:00\",\"dateModified\":\"2026-03-27T18:48:17+00:00\",\"breadcrumb\":{\"@id\":\"https:\/\/tourcruiser.com\/#breadcrumb\"},\"inLanguage\":\"de\",\"potentialAction\":[{\"@type\":\"ReadAction\",\"target\":[\"https:\/\/tourcruiser.com\/\"]}]},{\"@type\":\"ImageObject\",\"inLanguage\":\"de\",\"@id\":\"https:\/\/tourcruiser.com\/#primaryimage\",\"url\":\"https:\/\/images.novelship.com\/product\/adidas_neo_cf_super_hoops_mid__red_white_black__ie_0_94455.jpeg;https:\/\/images.novelship.com\/product\/adidas_neo_cf_super_hoops_mid__red_white_black__ie_1_94455.jpeg;https:\/\/images.novelship.com\/product\/adidas_neo_cf_super_hoops_mid__red_white_black__ie_2_94455.png;https:\/\/images.novelship.com\/product\/adidas_neo_cf_super_hoops_mid__red_white_black__ie_3_94455.png\",\"contentUrl\":\"https:\/\/images.novelship.com\/product\/adidas_neo_cf_super_hoops_mid__red_white_black__ie_0_94455.jpeg;https:\/\/images.novelship.com\/product\/adidas_neo_cf_super_hoops_mid__red_white_black__ie_1_94455.jpeg;https:\/\/images.novelship.com\/product\/adidas_neo_cf_super_hoops_mid__red_white_black__ie_2_94455.png;https:\/\/images.novelship.com\/product\/adidas_neo_cf_super_hoops_mid__red_white_black__ie_3_94455.png\"},{\"@type\":\"BreadcrumbList\",\"@id\":\"https:\/\/tourcruiser.com\/#breadcrumb\",\"itemListElement\":[{\"@type\":\"ListItem\",\"position\":1,\"name\":\"Home\",\"item\":\"https:\/\/tourcruiser.com\/de\/\"},{\"@type\":\"ListItem\",\"position\":2,\"name\":\"Shop\",\"item\":\"https:\/\/tourcruiser.com\/de\/shop\/\"},{\"@type\":\"ListItem\",\"position\":3,\"name\":\"adidas Neo CF Super Hoops MID &#8218;Red White Black&#8216;\"}]},{\"@type\":\"WebSite\",\"@id\":\"https:\/\/tourcruiser.com\/de\/#website\",\"url\":\"https:\/\/tourcruiser.com\/de\/\",\"name\":\"Styloral Jewelry Shop\",\"description\":\"Tourcruiser Sneaker Store \u2014 der Ort, an dem das Universum deine Einzigartigkeit trifft.\",\"publisher\":{\"@id\":\"https:\/\/tourcruiser.com\/de\/#organization\"},\"potentialAction\":[{\"@type\":\"SearchAction\",\"target\":{\"@type\":\"EntryPoint\",\"urlTemplate\":\"https:\/\/tourcruiser.com\/de\/?s={search_term_string}\"},\"query-input\":{\"@type\":\"PropertyValueSpecification\",\"valueRequired\":true,\"valueName\":\"search_term_string\"}}],\"inLanguage\":\"de\"},{\"@type\":\"Organization\",\"@id\":\"https:\/\/tourcruiser.com\/de\/#organization\",\"name\":\"STYLORAL PTE. LTD\",\"url\":\"https:\/\/tourcruiser.com\/de\/\",\"logo\":{\"@type\":\"ImageObject\",\"inLanguage\":\"de\",\"@id\":\"https:\/\/tourcruiser.com\/de\/#\/schema\/logo\/image\/\",\"url\":\"https:\/\/www.tourcruiser.com\/wp-content\/uploads\/2025\/12\/logo.png\",\"contentUrl\":\"https:\/\/www.tourcruiser.com\/wp-content\/uploads\/2025\/12\/logo.png\",\"width\":200,\"height\":65,\"caption\":\"STYLORAL PTE. LTD\"},\"image\":{\"@id\":\"https:\/\/tourcruiser.com\/de\/#\/schema\/logo\/image\/\"}}]}<\/script>\n<!-- \/ Yoast SEO plugin. -->","yoast_head_json":{"title":"adidas Neo CF Super Hoops MID 'Red White Black'  - Tourcruiser PTE. LTD","robots":{"index":"index","follow":"follow","max-snippet":"max-snippet:-1","max-image-preview":"max-image-preview:large","max-video-preview":"max-video-preview:-1"},"canonical":"https:\/\/tourcruiser.com\/","og_locale":"de_DE","og_type":"article","og_title":"adidas Neo CF Super Hoops MID 'Red White Black'  - Tourcruiser PTE. LTD","og_description":"adidas Neo CF Super Hoops MID \u201d\u201d Red\/Black\/White","og_url":"\/","og_site_name":"Tourcruiser Sneaker Store","article_modified_time":"2026-03-27T18:48:17+00:00","twitter_card":"summary_large_image","twitter_image":"https:\/\/images.novelship.com\/product\/adidas_neo_cf_super_hoops_mid__red_white_black__ie_0_94455.jpeg;https:\/\/images.novelship.com\/product\/adidas_neo_cf_super_hoops_mid__red_white_black__ie_1_94455.jpeg;https:\/\/images.novelship.com\/product\/adidas_neo_cf_super_hoops_mid__red_white_black__ie_2_94455.png;https:\/\/images.novelship.com\/product\/adidas_neo_cf_super_hoops_mid__red_white_black__ie_3_94455.png","twitter_misc":{"Gesch\u00e4tzte Lesezeit":"1\u00a0Minute"},"schema":{"@context":"https:\/\/schema.org","@graph":[{"@type":"WebPage","@id":"\/","url":"https:\/\/tourcruiser.com\/","name":"adidas Neo CF Super Hoops MID 'Red White Black' - Tourcruiser PTE. LTD","isPartOf":{"@id":"https:\/\/tourcruiser.com\/de\/#website"},"primaryImageOfPage":{"@id":"https:\/\/tourcruiser.com\/#primaryimage"},"image":{"@id":"https:\/\/tourcruiser.com\/#primaryimage"},"thumbnailUrl":"https:\/\/images.novelship.com\/product\/adidas_neo_cf_super_hoops_mid__red_white_black__ie_0_94455.jpeg;https:\/\/images.novelship.com\/product\/adidas_neo_cf_super_hoops_mid__red_white_black__ie_1_94455.jpeg;https:\/\/images.novelship.com\/product\/adidas_neo_cf_super_hoops_mid__red_white_black__ie_2_94455.png;https:\/\/images.novelship.com\/product\/adidas_neo_cf_super_hoops_mid__red_white_black__ie_3_94455.png","datePublished":"2026-03-02T09:36:58+00:00","dateModified":"2026-03-27T18:48:17+00:00","breadcrumb":{"@id":"https:\/\/tourcruiser.com\/#breadcrumb"},"inLanguage":"de","potentialAction":[{"@type":"ReadAction","target":["https:\/\/tourcruiser.com\/"]}]},{"@type":"ImageObject","inLanguage":"de","@id":"https:\/\/tourcruiser.com\/#primaryimage","url":"https:\/\/images.novelship.com\/product\/adidas_neo_cf_super_hoops_mid__red_white_black__ie_0_94455.jpeg;https:\/\/images.novelship.com\/product\/adidas_neo_cf_super_hoops_mid__red_white_black__ie_1_94455.jpeg;https:\/\/images.novelship.com\/product\/adidas_neo_cf_super_hoops_mid__red_white_black__ie_2_94455.png;https:\/\/images.novelship.com\/product\/adidas_neo_cf_super_hoops_mid__red_white_black__ie_3_94455.png","contentUrl":"https:\/\/images.novelship.com\/product\/adidas_neo_cf_super_hoops_mid__red_white_black__ie_0_94455.jpeg;https:\/\/images.novelship.com\/product\/adidas_neo_cf_super_hoops_mid__red_white_black__ie_1_94455.jpeg;https:\/\/images.novelship.com\/product\/adidas_neo_cf_super_hoops_mid__red_white_black__ie_2_94455.png;https:\/\/images.novelship.com\/product\/adidas_neo_cf_super_hoops_mid__red_white_black__ie_3_94455.png"},{"@type":"BreadcrumbList","@id":"https:\/\/tourcruiser.com\/#breadcrumb","itemListElement":[{"@type":"ListItem","position":1,"name":"Home","item":"https:\/\/tourcruiser.com\/de\/"},{"@type":"ListItem","position":2,"name":"Shop","item":"https:\/\/tourcruiser.com\/de\/shop\/"},{"@type":"ListItem","position":3,"name":"adidas Neo CF Super Hoops MID &#8218;Red White Black&#8216;"}]},{"@type":"WebSite","@id":"https:\/\/tourcruiser.com\/de\/#website","url":"https:\/\/tourcruiser.com\/de\/","name":"Styloral Jewelry Shop","description":"Tourcruiser Sneaker Store \u2014 der Ort, an dem das Universum deine Einzigartigkeit trifft.","publisher":{"@id":"https:\/\/tourcruiser.com\/de\/#organization"},"potentialAction":[{"@type":"SearchAction","target":{"@type":"EntryPoint","urlTemplate":"https:\/\/tourcruiser.com\/de\/?s={search_term_string}"},"query-input":{"@type":"PropertyValueSpecification","valueRequired":true,"valueName":"search_term_string"}}],"inLanguage":"de"},{"@type":"Organization","@id":"https:\/\/tourcruiser.com\/de\/#organization","name":"STYLORAL PTE. LTD","url":"https:\/\/tourcruiser.com\/de\/","logo":{"@type":"ImageObject","inLanguage":"de","@id":"https:\/\/tourcruiser.com\/de\/#\/schema\/logo\/image\/","url":"https:\/\/www.tourcruiser.com\/wp-content\/uploads\/2025\/12\/logo.png","contentUrl":"https:\/\/www.tourcruiser.com\/wp-content\/uploads\/2025\/12\/logo.png","width":200,"height":65,"caption":"STYLORAL PTE. LTD"},"image":{"@id":"https:\/\/tourcruiser.com\/de\/#\/schema\/logo\/image\/"}}]}},"_links":{"self":[{"href":"https:\/\/tourcruiser.com\/de\/wp-json\/wp\/v2\/product\/181031","targetHints":{"allow":["GET"]}}],"collection":[{"href":"https:\/\/tourcruiser.com\/de\/wp-json\/wp\/v2\/product"}],"about":[{"href":"https:\/\/tourcruiser.com\/de\/wp-json\/wp\/v2\/types\/product"}],"replies":[{"embeddable":true,"href":"https:\/\/tourcruiser.com\/de\/wp-json\/wp\/v2\/comments?post=181031"}],"wp:featuredmedia":[{"embeddable":true,"href":"https:\/\/tourcruiser.com\/de\/wp-json\/wp\/v2\/media\/181032"}],"wp:attachment":[{"href":"https:\/\/tourcruiser.com\/de\/wp-json\/wp\/v2\/media?parent=181031"}],"wp:term":[{"taxonomy":"product_brand","embeddable":true,"href":"https:\/\/tourcruiser.com\/de\/wp-json\/wp\/v2\/product_brand?post=181031"},{"taxonomy":"product_cat","embeddable":true,"href":"https:\/\/tourcruiser.com\/de\/wp-json\/wp\/v2\/product_cat?post=181031"},{"taxonomy":"product_tag","embeddable":true,"href":"https:\/\/tourcruiser.com\/de\/wp-json\/wp\/v2\/product_tag?post=181031"}],"curies":[{"name":"wp","href":"https:\/\/api.w.org\/{rel}","templated":true}]}}