{"id":180735,"date":"2026-03-02T16:36:28","date_gmt":"2026-03-02T09:36:28","guid":{"rendered":"http:\/\/tourcruiser.com\/product\/women-adidas-adizero-boston-13-semi-flash-aqua"},"modified":"2026-03-28T01:48:04","modified_gmt":"2026-03-27T18:48:04","slug":"women-adidas-adizero-boston-13-semi-flash-aqua","status":"publish","type":"product","link":"https:\/\/tourcruiser.com\/de\/products\/women-adidas-adizero-boston-13-semi-flash-aqua\/","title":{"rendered":"(Women) adidas Adizero Boston 13 &#8218;Semi Flash Aqua&#8216;"},"content":{"rendered":"<p>Verbessere dein Laufspiel mit dem adidas Adizero Boston 13, der speziell f\u00fcr Frauen entwickelt wurde, die in jedem Schritt Geschwindigkeit und Ausdauer suchen. Der Schuh besticht durch sein elegantes Semi Flash Aqua-Farbschema mit Akzenten in Zero Metallic und Lucid Lemon und vereint Performance mit modernem Style. Er ist f\u00fcr Langstreckenl\u00e4ufe konzipiert und \u00fcberzeugt durch seine leichte Konstruktion mit einem strapazierf\u00e4higen Mesh-Obermaterial f\u00fcr Atmungsaktivit\u00e4t und Komfort. Dank der adidas Lightstrike-D\u00e4mpfung und der energier\u00fcckf\u00fchrenden TorsionRODS bietet er reaktionsschnelle Unterst\u00fctzung und Stabilit\u00e4t bei hochintensivem Training. Die Continental\u00e2\u201e\u00a2-Gummisohle sorgt f\u00fcr au\u00dfergew\u00f6hnlichen Grip auf verschiedenen Untergr\u00fcnden und macht den Schuh somit f\u00fcr unterschiedliches Terrain geeignet. Mit seinem stromlinienf\u00f6rmigen Design und modernster Technologie ist der Adizero Boston 13 perfekt f\u00fcr Athletinnen, die ihre Grenzen ausloten wollen, und f\u00fcr alle, die neue pers\u00f6nliche Bestleistungen anstreben. Stilvoll, zuverl\u00e4ssig und leistungsstark \u201d\u201c dieser Laufschuh ist eine unverzichtbare Erg\u00e4nzung Ihrer Ausr\u00fcstung.<\/p>\n<ul>\n<li><strong>Farbgebung:<\/strong> Semi Flash Aqua\/Zero Metallic\/Lucid Lemon<\/li>\n<li><strong>Artikelnummer:<\/strong> JS4957<\/li>\n<li><strong>Obermaterial:<\/strong> Mesh<\/li>\n<li><strong>Zwischensohle:<\/strong> Lightstrike Pro<\/li>\n<li><strong>Farbe:<\/strong> Teal<\/li>\n<li><strong>Erscheinungsjahr:<\/strong> 2025<\/li>\n<\/ul>\n","protected":false},"excerpt":{"rendered":"<p>adidas Adizero Boston 13 \u201d\u201d Semi Flash Aqua\/Zero Metalic\/Lucid Lemon<\/p>\n","protected":false},"featured_media":180736,"comment_status":"open","ping_status":"closed","template":"","meta":[],"product_brand":[],"product_cat":[10941],"product_tag":[10759,10837,10839,10802,10840,11054,10758],"class_list":{"0":"post-180735","1":"product","2":"type-product","3":"status-publish","4":"has-post-thumbnail","6":"product_cat-adidas-women","7":"product_tag-adidas","8":"product_tag-marathon-long-distance-running-shoes","9":"product_tag-performance-running-shoes","10":"product_tag-performance-sport-shoes","11":"product_tag-running-shoes","12":"product_tag-tempo-interval-running-shoes","13":"product_tag-under-retail","14":"wcpa_has_options","16":"first","17":"outofstock","18":"sale","19":"taxable","20":"shipping-taxable","21":"purchasable","22":"product-type-simple"},"wcpa_form_fields":{"rules":{"pric_overide_base_price":false,"pric_overide_base_price_if_gt_zero":false,"pric_overide_base_price_fully":false,"pric_cal_option_once":false,"pric_use_as_fee":false,"bind_quantity":false,"quantity_bind_formula":false},"fields":[{"type":"color-group","required":true,"elementId":"wcpa-color-group-66c4a7f817afe","label":"Gr\u00f6\u00dfe","inline":true,"priceOptions":"different_for_all","pricingType":"fixed","className":"hassizechart product-shoes-size-eu product-shoes-size","name":"color-group-66c4a7f817b18","disp_type":"square","selection_type":"tick-border","disp_size":"50","show_label_inside":true,"adjust_width":true,"cart_display_type":"text","other_text":"Other","cl_rule":"show","col":6,"values":[{"label":"35","value":"EU 35","price":"","pimage":"","pimage_id":"","pthumb":"","color":""},{"label":"35.5","value":"EU 35.5","price":"","pimage":"","pimage_id":"","pthumb":"","color":""},{"label":"36","value":"EU 36","price":"","pimage":"","pimage_id":"","pthumb":"","color":"","selected":true},{"label":"36 2\/3","value":"EU 36 2\/3","price":"","pimage":"","pimage_id":"","pthumb":"","color":""},{"label":"37 1\/3","value":"EU 37 1\/3","price":"","pimage":"","pimage_id":"","pthumb":"","color":""},{"label":"38","value":"EU 38","price":"","pimage":"","pimage_id":"","pthumb":"","color":""},{"label":"38 2\/3","value":"EU 38 2\/3","price":"","pimage":"","pimage_id":"","pthumb":"","color":""},{"label":"39 1\/3","value":"EU 39 1\/3","price":"","pimage":"","pimage_id":"","pthumb":"","color":""},{"label":"40","value":"EU 40","price":"","pimage":"","pimage_id":"","pthumb":"","color":""},{"label":"40 2\/3","value":"EU 40 2\/3","price":"","pimage":"","pimage_id":"","pthumb":"","color":""},{"label":"41 1\/3","value":"EU 41 1\/3","price":"","pimage":"","pimage_id":"","pthumb":"","color":""},{"label":"42","value":"EU 42","price":"","pimage":"","pimage_id":"","pthumb":"","color":""},{"label":"42 2\/3","value":"EU 42 2\/3","price":"","pimage":"","pimage_id":"","pthumb":"","color":""},{"label":"43 1\/3","value":"EU 43 1\/3","price":"","pimage":"","pimage_id":"","pthumb":"","color":""},{"label":"44","value":"EU 44","price":"","pimage":"","pimage_id":"","pthumb":"","color":""},{"label":"44 2\/3","value":"EU 44 2\/3","price":"","pimage":"","pimage_id":"","pthumb":"","color":""},{"label":"45 1\/3","value":"EU 45 1\/3","price":"","pimage":"","pimage_id":"","pthumb":"","color":""},{"label":"46","value":"EU 46","price":"","pimage":"","pimage_id":"","pthumb":"","color":""},{"label":"46 2\/3","value":"EU 46 2\/3","price":"","pimage":"","pimage_id":"","pthumb":"","color":""},{"label":"47 1\/3","value":"EU 47 1\/3","price":"","pimage":"","pimage_id":"","pthumb":"","color":""}],"relations":[{"operator":false,"rules":[]}],"form_id":24802,"form_rules":{"pric_cal_option_once":false,"exclude_from_discount":false,"pric_use_as_fee":false,"fee_label":"Fee","render_after_acb":false,"disp_hide_options_price":false}}]},"yoast_head":"<!-- This site is optimized with the Yoast SEO plugin v26.5 - https:\/\/yoast.com\/wordpress\/plugins\/seo\/ -->\n<title>(Women) adidas Adizero Boston 13 &#039;Semi Flash Aqua&#039;  - Tourcruiser PTE. LTD<\/title>\n<meta name=\"robots\" content=\"index, follow, max-snippet:-1, max-image-preview:large, max-video-preview:-1\" \/>\n<link rel=\"canonical\" href=\"https:\/\/tourcruiser.com\/de\/products\/women-adidas-adizero-boston-13-semi-flash-aqua\/\" \/>\n<meta property=\"og:locale\" content=\"de_DE\" \/>\n<meta property=\"og:type\" content=\"article\" \/>\n<meta property=\"og:title\" content=\"(Women) adidas Adizero Boston 13 &#039;Semi Flash Aqua&#039;  - Tourcruiser PTE. LTD\" \/>\n<meta property=\"og:description\" content=\"adidas Adizero Boston 13 \u201d\u201d Semi Flash Aqua\/Zero Metalic\/Lucid Lemon\" \/>\n<meta property=\"og:url\" content=\"https:\/\/tourcruiser.com\/de\/products\/women-adidas-adizero-boston-13-semi-flash-aqua\/\" \/>\n<meta property=\"og:site_name\" content=\"Tourcruiser Sneaker Store\" \/>\n<meta property=\"article:modified_time\" content=\"2026-03-27T18:48:04+00:00\" \/>\n<meta name=\"twitter:card\" content=\"summary_large_image\" \/>\n<meta name=\"twitter:image\" content=\"https:\/\/images.novelship.com\/product\/_women__adidas_adizero_boston_13__semi_flash_aqua__0_45412.jpeg;https:\/\/images.novelship.com\/product\/_women__adidas_adizero_boston_13__semi_flash_aqua__1_45412.png;https:\/\/images.novelship.com\/product\/_women__adidas_adizero_boston_13__semi_flash_aqua__2_45412.png;https:\/\/images.novelship.com\/product\/_women__adidas_adizero_boston_13__semi_flash_aqua__3_45412.jpeg;https:\/\/images.novelship.com\/product\/_women__adidas_adizero_boston_13__semi_flash_aqua__4_45412.jpeg\" \/>\n<meta name=\"twitter:label1\" content=\"Gesch\u00e4tzte Lesezeit\" \/>\n\t<meta name=\"twitter:data1\" content=\"1\u00a0Minute\" \/>\n<script type=\"application\/ld+json\" class=\"yoast-schema-graph\">{\"@context\":\"https:\/\/schema.org\",\"@graph\":[{\"@type\":\"WebPage\",\"@id\":\"https:\/\/tourcruiser.com\/de\/products\/women-adidas-adizero-boston-13-semi-flash-aqua\/\",\"url\":\"https:\/\/tourcruiser.com\/de\/products\/women-adidas-adizero-boston-13-semi-flash-aqua\/\",\"name\":\"(Women) adidas Adizero Boston 13 'Semi Flash Aqua' - Tourcruiser PTE. LTD\",\"isPartOf\":{\"@id\":\"https:\/\/tourcruiser.com\/de\/#website\"},\"primaryImageOfPage\":{\"@id\":\"https:\/\/tourcruiser.com\/de\/products\/women-adidas-adizero-boston-13-semi-flash-aqua\/#primaryimage\"},\"image\":{\"@id\":\"https:\/\/tourcruiser.com\/de\/products\/women-adidas-adizero-boston-13-semi-flash-aqua\/#primaryimage\"},\"thumbnailUrl\":\"https:\/\/images.novelship.com\/product\/_women__adidas_adizero_boston_13__semi_flash_aqua__0_45412.jpeg;https:\/\/images.novelship.com\/product\/_women__adidas_adizero_boston_13__semi_flash_aqua__1_45412.png;https:\/\/images.novelship.com\/product\/_women__adidas_adizero_boston_13__semi_flash_aqua__2_45412.png;https:\/\/images.novelship.com\/product\/_women__adidas_adizero_boston_13__semi_flash_aqua__3_45412.jpeg;https:\/\/images.novelship.com\/product\/_women__adidas_adizero_boston_13__semi_flash_aqua__4_45412.jpeg\",\"datePublished\":\"2026-03-02T09:36:28+00:00\",\"dateModified\":\"2026-03-27T18:48:04+00:00\",\"breadcrumb\":{\"@id\":\"https:\/\/tourcruiser.com\/de\/products\/women-adidas-adizero-boston-13-semi-flash-aqua\/#breadcrumb\"},\"inLanguage\":\"de\",\"potentialAction\":[{\"@type\":\"ReadAction\",\"target\":[\"https:\/\/tourcruiser.com\/de\/products\/women-adidas-adizero-boston-13-semi-flash-aqua\/\"]}]},{\"@type\":\"ImageObject\",\"inLanguage\":\"de\",\"@id\":\"https:\/\/tourcruiser.com\/de\/products\/women-adidas-adizero-boston-13-semi-flash-aqua\/#primaryimage\",\"url\":\"https:\/\/images.novelship.com\/product\/_women__adidas_adizero_boston_13__semi_flash_aqua__0_45412.jpeg;https:\/\/images.novelship.com\/product\/_women__adidas_adizero_boston_13__semi_flash_aqua__1_45412.png;https:\/\/images.novelship.com\/product\/_women__adidas_adizero_boston_13__semi_flash_aqua__2_45412.png;https:\/\/images.novelship.com\/product\/_women__adidas_adizero_boston_13__semi_flash_aqua__3_45412.jpeg;https:\/\/images.novelship.com\/product\/_women__adidas_adizero_boston_13__semi_flash_aqua__4_45412.jpeg\",\"contentUrl\":\"https:\/\/images.novelship.com\/product\/_women__adidas_adizero_boston_13__semi_flash_aqua__0_45412.jpeg;https:\/\/images.novelship.com\/product\/_women__adidas_adizero_boston_13__semi_flash_aqua__1_45412.png;https:\/\/images.novelship.com\/product\/_women__adidas_adizero_boston_13__semi_flash_aqua__2_45412.png;https:\/\/images.novelship.com\/product\/_women__adidas_adizero_boston_13__semi_flash_aqua__3_45412.jpeg;https:\/\/images.novelship.com\/product\/_women__adidas_adizero_boston_13__semi_flash_aqua__4_45412.jpeg\"},{\"@type\":\"BreadcrumbList\",\"@id\":\"https:\/\/tourcruiser.com\/de\/products\/women-adidas-adizero-boston-13-semi-flash-aqua\/#breadcrumb\",\"itemListElement\":[{\"@type\":\"ListItem\",\"position\":1,\"name\":\"Home\",\"item\":\"https:\/\/tourcruiser.com\/de\/\"},{\"@type\":\"ListItem\",\"position\":2,\"name\":\"Shop\",\"item\":\"https:\/\/tourcruiser.com\/de\/shop\/\"},{\"@type\":\"ListItem\",\"position\":3,\"name\":\"(Women) adidas Adizero Boston 13 'Semi Flash Aqua'\"}]},{\"@type\":\"WebSite\",\"@id\":\"https:\/\/tourcruiser.com\/de\/#website\",\"url\":\"https:\/\/tourcruiser.com\/de\/\",\"name\":\"Styloral Jewelry Shop\",\"description\":\"Tourcruiser Sneaker Store \u2014 der Ort, an dem das Universum deine Einzigartigkeit trifft.\",\"publisher\":{\"@id\":\"https:\/\/tourcruiser.com\/de\/#organization\"},\"potentialAction\":[{\"@type\":\"SearchAction\",\"target\":{\"@type\":\"EntryPoint\",\"urlTemplate\":\"https:\/\/tourcruiser.com\/de\/?s={search_term_string}\"},\"query-input\":{\"@type\":\"PropertyValueSpecification\",\"valueRequired\":true,\"valueName\":\"search_term_string\"}}],\"inLanguage\":\"de\"},{\"@type\":\"Organization\",\"@id\":\"https:\/\/tourcruiser.com\/de\/#organization\",\"name\":\"STYLORAL PTE. LTD\",\"url\":\"https:\/\/tourcruiser.com\/de\/\",\"logo\":{\"@type\":\"ImageObject\",\"inLanguage\":\"de\",\"@id\":\"https:\/\/tourcruiser.com\/de\/#\/schema\/logo\/image\/\",\"url\":\"https:\/\/www.tourcruiser.com\/wp-content\/uploads\/2025\/12\/logo.png\",\"contentUrl\":\"https:\/\/www.tourcruiser.com\/wp-content\/uploads\/2025\/12\/logo.png\",\"width\":200,\"height\":65,\"caption\":\"STYLORAL PTE. LTD\"},\"image\":{\"@id\":\"https:\/\/tourcruiser.com\/de\/#\/schema\/logo\/image\/\"}}]}<\/script>\n<!-- \/ Yoast SEO plugin. -->","yoast_head_json":{"title":"(Women) adidas Adizero Boston 13 'Semi Flash Aqua'  - Tourcruiser PTE. LTD","robots":{"index":"index","follow":"follow","max-snippet":"max-snippet:-1","max-image-preview":"max-image-preview:large","max-video-preview":"max-video-preview:-1"},"canonical":"https:\/\/tourcruiser.com\/de\/products\/women-adidas-adizero-boston-13-semi-flash-aqua\/","og_locale":"de_DE","og_type":"article","og_title":"(Women) adidas Adizero Boston 13 'Semi Flash Aqua'  - Tourcruiser PTE. LTD","og_description":"adidas Adizero Boston 13 \u201d\u201d Semi Flash Aqua\/Zero Metalic\/Lucid Lemon","og_url":"https:\/\/tourcruiser.com\/de\/products\/women-adidas-adizero-boston-13-semi-flash-aqua\/","og_site_name":"Tourcruiser Sneaker Store","article_modified_time":"2026-03-27T18:48:04+00:00","twitter_card":"summary_large_image","twitter_image":"https:\/\/images.novelship.com\/product\/_women__adidas_adizero_boston_13__semi_flash_aqua__0_45412.jpeg;https:\/\/images.novelship.com\/product\/_women__adidas_adizero_boston_13__semi_flash_aqua__1_45412.png;https:\/\/images.novelship.com\/product\/_women__adidas_adizero_boston_13__semi_flash_aqua__2_45412.png;https:\/\/images.novelship.com\/product\/_women__adidas_adizero_boston_13__semi_flash_aqua__3_45412.jpeg;https:\/\/images.novelship.com\/product\/_women__adidas_adizero_boston_13__semi_flash_aqua__4_45412.jpeg","twitter_misc":{"Gesch\u00e4tzte Lesezeit":"1\u00a0Minute"},"schema":{"@context":"https:\/\/schema.org","@graph":[{"@type":"WebPage","@id":"https:\/\/tourcruiser.com\/de\/products\/women-adidas-adizero-boston-13-semi-flash-aqua\/","url":"https:\/\/tourcruiser.com\/de\/products\/women-adidas-adizero-boston-13-semi-flash-aqua\/","name":"(Women) adidas Adizero Boston 13 'Semi Flash Aqua' - Tourcruiser PTE. LTD","isPartOf":{"@id":"https:\/\/tourcruiser.com\/de\/#website"},"primaryImageOfPage":{"@id":"https:\/\/tourcruiser.com\/de\/products\/women-adidas-adizero-boston-13-semi-flash-aqua\/#primaryimage"},"image":{"@id":"https:\/\/tourcruiser.com\/de\/products\/women-adidas-adizero-boston-13-semi-flash-aqua\/#primaryimage"},"thumbnailUrl":"https:\/\/images.novelship.com\/product\/_women__adidas_adizero_boston_13__semi_flash_aqua__0_45412.jpeg;https:\/\/images.novelship.com\/product\/_women__adidas_adizero_boston_13__semi_flash_aqua__1_45412.png;https:\/\/images.novelship.com\/product\/_women__adidas_adizero_boston_13__semi_flash_aqua__2_45412.png;https:\/\/images.novelship.com\/product\/_women__adidas_adizero_boston_13__semi_flash_aqua__3_45412.jpeg;https:\/\/images.novelship.com\/product\/_women__adidas_adizero_boston_13__semi_flash_aqua__4_45412.jpeg","datePublished":"2026-03-02T09:36:28+00:00","dateModified":"2026-03-27T18:48:04+00:00","breadcrumb":{"@id":"https:\/\/tourcruiser.com\/de\/products\/women-adidas-adizero-boston-13-semi-flash-aqua\/#breadcrumb"},"inLanguage":"de","potentialAction":[{"@type":"ReadAction","target":["https:\/\/tourcruiser.com\/de\/products\/women-adidas-adizero-boston-13-semi-flash-aqua\/"]}]},{"@type":"ImageObject","inLanguage":"de","@id":"https:\/\/tourcruiser.com\/de\/products\/women-adidas-adizero-boston-13-semi-flash-aqua\/#primaryimage","url":"https:\/\/images.novelship.com\/product\/_women__adidas_adizero_boston_13__semi_flash_aqua__0_45412.jpeg;https:\/\/images.novelship.com\/product\/_women__adidas_adizero_boston_13__semi_flash_aqua__1_45412.png;https:\/\/images.novelship.com\/product\/_women__adidas_adizero_boston_13__semi_flash_aqua__2_45412.png;https:\/\/images.novelship.com\/product\/_women__adidas_adizero_boston_13__semi_flash_aqua__3_45412.jpeg;https:\/\/images.novelship.com\/product\/_women__adidas_adizero_boston_13__semi_flash_aqua__4_45412.jpeg","contentUrl":"https:\/\/images.novelship.com\/product\/_women__adidas_adizero_boston_13__semi_flash_aqua__0_45412.jpeg;https:\/\/images.novelship.com\/product\/_women__adidas_adizero_boston_13__semi_flash_aqua__1_45412.png;https:\/\/images.novelship.com\/product\/_women__adidas_adizero_boston_13__semi_flash_aqua__2_45412.png;https:\/\/images.novelship.com\/product\/_women__adidas_adizero_boston_13__semi_flash_aqua__3_45412.jpeg;https:\/\/images.novelship.com\/product\/_women__adidas_adizero_boston_13__semi_flash_aqua__4_45412.jpeg"},{"@type":"BreadcrumbList","@id":"https:\/\/tourcruiser.com\/de\/products\/women-adidas-adizero-boston-13-semi-flash-aqua\/#breadcrumb","itemListElement":[{"@type":"ListItem","position":1,"name":"Home","item":"https:\/\/tourcruiser.com\/de\/"},{"@type":"ListItem","position":2,"name":"Shop","item":"https:\/\/tourcruiser.com\/de\/shop\/"},{"@type":"ListItem","position":3,"name":"(Women) adidas Adizero Boston 13 'Semi Flash Aqua'"}]},{"@type":"WebSite","@id":"https:\/\/tourcruiser.com\/de\/#website","url":"https:\/\/tourcruiser.com\/de\/","name":"Styloral Jewelry Shop","description":"Tourcruiser Sneaker Store \u2014 der Ort, an dem das Universum deine Einzigartigkeit trifft.","publisher":{"@id":"https:\/\/tourcruiser.com\/de\/#organization"},"potentialAction":[{"@type":"SearchAction","target":{"@type":"EntryPoint","urlTemplate":"https:\/\/tourcruiser.com\/de\/?s={search_term_string}"},"query-input":{"@type":"PropertyValueSpecification","valueRequired":true,"valueName":"search_term_string"}}],"inLanguage":"de"},{"@type":"Organization","@id":"https:\/\/tourcruiser.com\/de\/#organization","name":"STYLORAL PTE. LTD","url":"https:\/\/tourcruiser.com\/de\/","logo":{"@type":"ImageObject","inLanguage":"de","@id":"https:\/\/tourcruiser.com\/de\/#\/schema\/logo\/image\/","url":"https:\/\/www.tourcruiser.com\/wp-content\/uploads\/2025\/12\/logo.png","contentUrl":"https:\/\/www.tourcruiser.com\/wp-content\/uploads\/2025\/12\/logo.png","width":200,"height":65,"caption":"STYLORAL PTE. LTD"},"image":{"@id":"https:\/\/tourcruiser.com\/de\/#\/schema\/logo\/image\/"}}]}},"_links":{"self":[{"href":"https:\/\/tourcruiser.com\/de\/wp-json\/wp\/v2\/product\/180735","targetHints":{"allow":["GET"]}}],"collection":[{"href":"https:\/\/tourcruiser.com\/de\/wp-json\/wp\/v2\/product"}],"about":[{"href":"https:\/\/tourcruiser.com\/de\/wp-json\/wp\/v2\/types\/product"}],"replies":[{"embeddable":true,"href":"https:\/\/tourcruiser.com\/de\/wp-json\/wp\/v2\/comments?post=180735"}],"wp:featuredmedia":[{"embeddable":true,"href":"https:\/\/tourcruiser.com\/de\/wp-json\/wp\/v2\/media\/180736"}],"wp:attachment":[{"href":"https:\/\/tourcruiser.com\/de\/wp-json\/wp\/v2\/media?parent=180735"}],"wp:term":[{"taxonomy":"product_brand","embeddable":true,"href":"https:\/\/tourcruiser.com\/de\/wp-json\/wp\/v2\/product_brand?post=180735"},{"taxonomy":"product_cat","embeddable":true,"href":"https:\/\/tourcruiser.com\/de\/wp-json\/wp\/v2\/product_cat?post=180735"},{"taxonomy":"product_tag","embeddable":true,"href":"https:\/\/tourcruiser.com\/de\/wp-json\/wp\/v2\/product_tag?post=180735"}],"curies":[{"name":"wp","href":"https:\/\/api.w.org\/{rel}","templated":true}]}}