{"id":180422,"date":"2026-03-02T16:36:01","date_gmt":"2026-03-02T09:36:01","guid":{"rendered":"http:\/\/tourcruiser.com\/product\/nike-full-force-low-platinum-dark-obsidian"},"modified":"2026-03-28T01:47:51","modified_gmt":"2026-03-27T18:47:51","slug":"nike-full-force-low-platinum-dark-obsidian","status":"publish","type":"product","link":"https:\/\/tourcruiser.com\/de\/products\/nike-full-force-low-platinum-dark-obsidian\/","title":{"rendered":"Nike Full Force Low &#8218;Platinum Dark Obsidian&#8216;"},"content":{"rendered":"<p>Mit dem Nike Full Force Low &#8218;Platinum Dark Obsidian&#8216; FB1362-002 vereinst du Style und Performance auf einzigartige Weise. Dieser Schuh besticht durch eine gelungene Kombination aus Retro-Basketball-Design und modernem Tragekomfort. Das hochwertige Leder-Obermaterial in elegantem Platingrau mit kontrastierenden Akzenten in dunklem Obsidian verleiht ihm einen anspruchsvollen und gleichzeitig sportlichen Look, der sich m\u00fchelos mit jedem Outfit kombinieren l\u00e4sst. Die flache Silhouette sorgt f\u00fcr einen vielseitigen Look, w\u00e4hrend die ged\u00e4mpfte Mittelsohle ganzt\u00e4gigen Tragekomfort auf und neben dem Court bietet. Die strapazierf\u00e4hige Gummiau\u00dfensohle mit Traktionsprofil bietet zuverl\u00e4ssigen Grip und Halt und macht den Schuh perfekt f\u00fcr sportliche Aktivit\u00e4ten und den Alltag. Egal, ob du deinen Streetwear-Style aufpeppen oder einfach einen bequemen und stylischen Sneaker suchst: Der Nike Full Force Low \u201ePlatinum Dark Obsidian\u201c ist perfekt auf deinen dynamischen Lifestyle abgestimmt.<\/p>\n<ul>\n<li><strong>Farbgebung:<\/strong> Platinum Tint\/Wolf Grey\/Summit White\/Dark Obsidian<\/li>\n<li><strong>Style-Code:<\/strong> FB1362-002<\/li>\n<li><strong>Farbe:<\/strong> Wei\u00df<\/li>\n<\/ul>\n","protected":false},"excerpt":{"rendered":"<p>Nike Full Force Low \u201d\u201d Platinum Tint\/Wolf Grey\/Summit White\/Dark Obsidian<\/p>\n","protected":false},"featured_media":180423,"comment_status":"open","ping_status":"closed","template":"","meta":[],"product_brand":[],"product_cat":[10803],"product_tag":[10799,10800,10801,14448,10802,10758],"class_list":{"0":"post-180422","1":"product","2":"type-product","3":"status-publish","4":"has-post-thumbnail","6":"product_cat-nike","7":"product_tag-ankle-support-basketball-shoes","8":"product_tag-basketball-shoes","9":"product_tag-nike","10":"product_tag-outdoor-basketball-shoes","11":"product_tag-performance-sport-shoes","12":"product_tag-under-retail","13":"wcpa_has_options","15":"first","16":"outofstock","17":"taxable","18":"shipping-taxable","19":"purchasable","20":"product-type-simple"},"wcpa_form_fields":{"rules":{"pric_overide_base_price":false,"pric_overide_base_price_if_gt_zero":false,"pric_overide_base_price_fully":false,"pric_cal_option_once":false,"pric_use_as_fee":false,"bind_quantity":false,"quantity_bind_formula":false},"fields":[{"type":"color-group","required":true,"elementId":"wcpa-color-group-66c4a75505e74","label":"Gr\u00f6\u00dfe - EU Gr\u00f6\u00dfe","inline":true,"priceOptions":"different_for_all","pricingType":"fixed","className":"hassizechart product-shoes-size-eu product-shoes-size","name":"color-group-66c4a75505e89","disp_type":"square","selection_type":"tick-border","disp_size":"44","show_label_inside":true,"adjust_width":true,"cart_display_type":"text","other_text":"Other","cl_rule":"show","col":6,"values":[{"label":"35.5","value":"EU 35.5","price":"","pimage":"","pimage_id":"","pthumb":"","color":""},{"label":"36","value":"EU 36","price":"","pimage":"","pimage_id":"","pthumb":"","color":"","selected":true},{"label":"36.5","value":"EU 36.5","price":"","pimage":"","pimage_id":"","pthumb":"","color":""},{"label":"37.5","value":"EU 37.5","price":"","pimage":"","pimage_id":"","pthumb":"","color":""},{"label":"38","value":"EU 38","price":"","pimage":"","pimage_id":"","pthumb":"","color":""},{"label":"38.5","value":"EU 38.5","price":"","pimage":"","pimage_id":"","pthumb":"","color":""},{"label":"39","value":"EU 39","price":"","pimage":"","pimage_id":"","pthumb":"","color":""},{"label":"40","value":"EU 40","price":"","pimage":"","pimage_id":"","pthumb":"","color":""},{"label":"40.5","value":"EU 40.5","price":"","pimage":"","pimage_id":"","pthumb":"","color":""},{"label":"41","value":"EU 41","price":"","pimage":"","pimage_id":"","pthumb":"","color":""},{"label":"42","value":"EU 42","price":"","pimage":"","pimage_id":"","pthumb":"","color":""},{"label":"42.5","value":"EU 42.5","price":"","pimage":"","pimage_id":"","pthumb":"","color":""},{"label":"43","value":"EU 43","price":"","pimage":"","pimage_id":"","pthumb":"","color":""},{"label":"44","value":"EU 44","price":"","pimage":"","pimage_id":"","pthumb":"","color":""},{"label":"44.5","value":"EU 44.5","price":"","pimage":"","pimage_id":"","pthumb":"","color":""},{"label":"45","value":"EU 45","price":"","pimage":"","pimage_id":"","pthumb":"","color":""},{"label":"45.5","value":"EU 45.5","price":"","pimage":"","pimage_id":"","pthumb":"","color":""},{"label":"46","value":"EU 46","price":"","pimage":"","pimage_id":"","pthumb":"","color":""},{"label":"47","value":"EU 47","price":"","pimage":"","pimage_id":"","pthumb":"","color":""},{"label":"47.5","value":"EU 47.5","price":"","pimage":"","pimage_id":"","pthumb":"","color":""},{"label":"48","value":"EU 48","price":"","pimage":"","pimage_id":"","pthumb":"","color":""}],"relations":[{"operator":false,"rules":[]}],"form_id":18106,"form_rules":{"pric_cal_option_once":false,"exclude_from_discount":false,"pric_use_as_fee":false,"fee_label":"Fee","render_after_acb":false,"disp_hide_options_price":false}}]},"yoast_head":"<!-- This site is optimized with the Yoast SEO plugin v26.5 - https:\/\/yoast.com\/wordpress\/plugins\/seo\/ -->\n<title>Nike Full Force Low &#039;Platinum Dark Obsidian&#039;  - Tourcruiser PTE. LTD<\/title>\n<meta name=\"robots\" content=\"index, follow, max-snippet:-1, max-image-preview:large, max-video-preview:-1\" \/>\n<link rel=\"canonical\" href=\"https:\/\/tourcruiser.com\/de\/products\/nike-full-force-low-platinum-dark-obsidian\/\" \/>\n<meta property=\"og:locale\" content=\"de_DE\" \/>\n<meta property=\"og:type\" content=\"article\" \/>\n<meta property=\"og:title\" content=\"Nike Full Force Low &#039;Platinum Dark Obsidian&#039;  - Tourcruiser PTE. LTD\" \/>\n<meta property=\"og:description\" content=\"Nike Full Force Low \u201d\u201d Platinum Tint\/Wolf Grey\/Summit White\/Dark Obsidian\" \/>\n<meta property=\"og:url\" content=\"https:\/\/tourcruiser.com\/de\/products\/nike-full-force-low-platinum-dark-obsidian\/\" \/>\n<meta property=\"og:site_name\" content=\"Tourcruiser Sneaker Store\" \/>\n<meta property=\"article:modified_time\" content=\"2026-03-27T18:47:51+00:00\" \/>\n<meta name=\"twitter:card\" content=\"summary_large_image\" \/>\n<meta name=\"twitter:image\" content=\"https:\/\/images.novelship.com\/product\/nike_full_force_low__platinum_dark_obsidian__fb136_0_64300.png;https:\/\/images.novelship.com\/product\/nike_full_force_low__platinum_dark_obsidian__fb136_1_64301.png;https:\/\/images.novelship.com\/product\/nike_full_force_low__platinum_dark_obsidian__fb136_2_64301.png;https:\/\/images.novelship.com\/product\/nike_full_force_low__platinum_dark_obsidian__fb136_3_64301.png;https:\/\/images.novelship.com\/product\/nike_full_force_low__platinum_dark_obsidian__fb136_4_64301.png;https:\/\/images.novelship.com\/product\/nike_full_force_low__platinum_dark_obsidian__fb136_5_64301.png;https:\/\/images.novelship.com\/product\/nike_full_force_low__platinum_dark_obsidian__fb136_6_64301.png;https:\/\/images.novelship.com\/product\/nike_full_force_low__platinum_dark_obsidian__fb136_7_64301.png;https:\/\/images.novelship.com\/product\/nike_full_force_low__platinum_dark_obsidian__fb136_8_64301.png;https:\/\/images.novelship.com\/product\/nike_full_force_low__platinum_dark_obsidian__fb136_9_64301.png\" \/>\n<meta name=\"twitter:label1\" content=\"Gesch\u00e4tzte Lesezeit\" \/>\n\t<meta name=\"twitter:data1\" content=\"1\u00a0Minute\" \/>\n<script type=\"application\/ld+json\" class=\"yoast-schema-graph\">{\"@context\":\"https:\/\/schema.org\",\"@graph\":[{\"@type\":\"WebPage\",\"@id\":\"https:\/\/tourcruiser.com\/de\/products\/nike-full-force-low-platinum-dark-obsidian\/\",\"url\":\"https:\/\/tourcruiser.com\/de\/products\/nike-full-force-low-platinum-dark-obsidian\/\",\"name\":\"Nike Full Force Low 'Platinum Dark Obsidian' - Tourcruiser PTE. LTD\",\"isPartOf\":{\"@id\":\"https:\/\/tourcruiser.com\/de\/#website\"},\"primaryImageOfPage\":{\"@id\":\"https:\/\/tourcruiser.com\/de\/products\/nike-full-force-low-platinum-dark-obsidian\/#primaryimage\"},\"image\":{\"@id\":\"https:\/\/tourcruiser.com\/de\/products\/nike-full-force-low-platinum-dark-obsidian\/#primaryimage\"},\"thumbnailUrl\":\"https:\/\/images.novelship.com\/product\/nike_full_force_low__platinum_dark_obsidian__fb136_0_64300.png;https:\/\/images.novelship.com\/product\/nike_full_force_low__platinum_dark_obsidian__fb136_1_64301.png;https:\/\/images.novelship.com\/product\/nike_full_force_low__platinum_dark_obsidian__fb136_2_64301.png;https:\/\/images.novelship.com\/product\/nike_full_force_low__platinum_dark_obsidian__fb136_3_64301.png;https:\/\/images.novelship.com\/product\/nike_full_force_low__platinum_dark_obsidian__fb136_4_64301.png;https:\/\/images.novelship.com\/product\/nike_full_force_low__platinum_dark_obsidian__fb136_5_64301.png;https:\/\/images.novelship.com\/product\/nike_full_force_low__platinum_dark_obsidian__fb136_6_64301.png;https:\/\/images.novelship.com\/product\/nike_full_force_low__platinum_dark_obsidian__fb136_7_64301.png;https:\/\/images.novelship.com\/product\/nike_full_force_low__platinum_dark_obsidian__fb136_8_64301.png;https:\/\/images.novelship.com\/product\/nike_full_force_low__platinum_dark_obsidian__fb136_9_64301.png\",\"datePublished\":\"2026-03-02T09:36:01+00:00\",\"dateModified\":\"2026-03-27T18:47:51+00:00\",\"breadcrumb\":{\"@id\":\"https:\/\/tourcruiser.com\/de\/products\/nike-full-force-low-platinum-dark-obsidian\/#breadcrumb\"},\"inLanguage\":\"de\",\"potentialAction\":[{\"@type\":\"ReadAction\",\"target\":[\"https:\/\/tourcruiser.com\/de\/products\/nike-full-force-low-platinum-dark-obsidian\/\"]}]},{\"@type\":\"ImageObject\",\"inLanguage\":\"de\",\"@id\":\"https:\/\/tourcruiser.com\/de\/products\/nike-full-force-low-platinum-dark-obsidian\/#primaryimage\",\"url\":\"https:\/\/images.novelship.com\/product\/nike_full_force_low__platinum_dark_obsidian__fb136_0_64300.png;https:\/\/images.novelship.com\/product\/nike_full_force_low__platinum_dark_obsidian__fb136_1_64301.png;https:\/\/images.novelship.com\/product\/nike_full_force_low__platinum_dark_obsidian__fb136_2_64301.png;https:\/\/images.novelship.com\/product\/nike_full_force_low__platinum_dark_obsidian__fb136_3_64301.png;https:\/\/images.novelship.com\/product\/nike_full_force_low__platinum_dark_obsidian__fb136_4_64301.png;https:\/\/images.novelship.com\/product\/nike_full_force_low__platinum_dark_obsidian__fb136_5_64301.png;https:\/\/images.novelship.com\/product\/nike_full_force_low__platinum_dark_obsidian__fb136_6_64301.png;https:\/\/images.novelship.com\/product\/nike_full_force_low__platinum_dark_obsidian__fb136_7_64301.png;https:\/\/images.novelship.com\/product\/nike_full_force_low__platinum_dark_obsidian__fb136_8_64301.png;https:\/\/images.novelship.com\/product\/nike_full_force_low__platinum_dark_obsidian__fb136_9_64301.png\",\"contentUrl\":\"https:\/\/images.novelship.com\/product\/nike_full_force_low__platinum_dark_obsidian__fb136_0_64300.png;https:\/\/images.novelship.com\/product\/nike_full_force_low__platinum_dark_obsidian__fb136_1_64301.png;https:\/\/images.novelship.com\/product\/nike_full_force_low__platinum_dark_obsidian__fb136_2_64301.png;https:\/\/images.novelship.com\/product\/nike_full_force_low__platinum_dark_obsidian__fb136_3_64301.png;https:\/\/images.novelship.com\/product\/nike_full_force_low__platinum_dark_obsidian__fb136_4_64301.png;https:\/\/images.novelship.com\/product\/nike_full_force_low__platinum_dark_obsidian__fb136_5_64301.png;https:\/\/images.novelship.com\/product\/nike_full_force_low__platinum_dark_obsidian__fb136_6_64301.png;https:\/\/images.novelship.com\/product\/nike_full_force_low__platinum_dark_obsidian__fb136_7_64301.png;https:\/\/images.novelship.com\/product\/nike_full_force_low__platinum_dark_obsidian__fb136_8_64301.png;https:\/\/images.novelship.com\/product\/nike_full_force_low__platinum_dark_obsidian__fb136_9_64301.png\"},{\"@type\":\"BreadcrumbList\",\"@id\":\"https:\/\/tourcruiser.com\/de\/products\/nike-full-force-low-platinum-dark-obsidian\/#breadcrumb\",\"itemListElement\":[{\"@type\":\"ListItem\",\"position\":1,\"name\":\"Home\",\"item\":\"https:\/\/tourcruiser.com\/de\/\"},{\"@type\":\"ListItem\",\"position\":2,\"name\":\"Shop\",\"item\":\"https:\/\/tourcruiser.com\/de\/shop\/\"},{\"@type\":\"ListItem\",\"position\":3,\"name\":\"Nike Full Force Low 'Platinum Dark Obsidian'\"}]},{\"@type\":\"WebSite\",\"@id\":\"https:\/\/tourcruiser.com\/de\/#website\",\"url\":\"https:\/\/tourcruiser.com\/de\/\",\"name\":\"Styloral Jewelry Shop\",\"description\":\"Tourcruiser Sneaker Store \u2014 der Ort, an dem das Universum deine Einzigartigkeit trifft.\",\"publisher\":{\"@id\":\"https:\/\/tourcruiser.com\/de\/#organization\"},\"potentialAction\":[{\"@type\":\"SearchAction\",\"target\":{\"@type\":\"EntryPoint\",\"urlTemplate\":\"https:\/\/tourcruiser.com\/de\/?s={search_term_string}\"},\"query-input\":{\"@type\":\"PropertyValueSpecification\",\"valueRequired\":true,\"valueName\":\"search_term_string\"}}],\"inLanguage\":\"de\"},{\"@type\":\"Organization\",\"@id\":\"https:\/\/tourcruiser.com\/de\/#organization\",\"name\":\"STYLORAL PTE. LTD\",\"url\":\"https:\/\/tourcruiser.com\/de\/\",\"logo\":{\"@type\":\"ImageObject\",\"inLanguage\":\"de\",\"@id\":\"https:\/\/tourcruiser.com\/de\/#\/schema\/logo\/image\/\",\"url\":\"https:\/\/www.tourcruiser.com\/wp-content\/uploads\/2025\/12\/logo.png\",\"contentUrl\":\"https:\/\/www.tourcruiser.com\/wp-content\/uploads\/2025\/12\/logo.png\",\"width\":200,\"height\":65,\"caption\":\"STYLORAL PTE. LTD\"},\"image\":{\"@id\":\"https:\/\/tourcruiser.com\/de\/#\/schema\/logo\/image\/\"}}]}<\/script>\n<!-- \/ Yoast SEO plugin. -->","yoast_head_json":{"title":"Nike Full Force Low 'Platinum Dark Obsidian'  - Tourcruiser PTE. LTD","robots":{"index":"index","follow":"follow","max-snippet":"max-snippet:-1","max-image-preview":"max-image-preview:large","max-video-preview":"max-video-preview:-1"},"canonical":"https:\/\/tourcruiser.com\/de\/products\/nike-full-force-low-platinum-dark-obsidian\/","og_locale":"de_DE","og_type":"article","og_title":"Nike Full Force Low 'Platinum Dark Obsidian'  - Tourcruiser PTE. LTD","og_description":"Nike Full Force Low \u201d\u201d Platinum Tint\/Wolf Grey\/Summit White\/Dark Obsidian","og_url":"https:\/\/tourcruiser.com\/de\/products\/nike-full-force-low-platinum-dark-obsidian\/","og_site_name":"Tourcruiser Sneaker Store","article_modified_time":"2026-03-27T18:47:51+00:00","twitter_card":"summary_large_image","twitter_image":"https:\/\/images.novelship.com\/product\/nike_full_force_low__platinum_dark_obsidian__fb136_0_64300.png;https:\/\/images.novelship.com\/product\/nike_full_force_low__platinum_dark_obsidian__fb136_1_64301.png;https:\/\/images.novelship.com\/product\/nike_full_force_low__platinum_dark_obsidian__fb136_2_64301.png;https:\/\/images.novelship.com\/product\/nike_full_force_low__platinum_dark_obsidian__fb136_3_64301.png;https:\/\/images.novelship.com\/product\/nike_full_force_low__platinum_dark_obsidian__fb136_4_64301.png;https:\/\/images.novelship.com\/product\/nike_full_force_low__platinum_dark_obsidian__fb136_5_64301.png;https:\/\/images.novelship.com\/product\/nike_full_force_low__platinum_dark_obsidian__fb136_6_64301.png;https:\/\/images.novelship.com\/product\/nike_full_force_low__platinum_dark_obsidian__fb136_7_64301.png;https:\/\/images.novelship.com\/product\/nike_full_force_low__platinum_dark_obsidian__fb136_8_64301.png;https:\/\/images.novelship.com\/product\/nike_full_force_low__platinum_dark_obsidian__fb136_9_64301.png","twitter_misc":{"Gesch\u00e4tzte Lesezeit":"1\u00a0Minute"},"schema":{"@context":"https:\/\/schema.org","@graph":[{"@type":"WebPage","@id":"https:\/\/tourcruiser.com\/de\/products\/nike-full-force-low-platinum-dark-obsidian\/","url":"https:\/\/tourcruiser.com\/de\/products\/nike-full-force-low-platinum-dark-obsidian\/","name":"Nike Full Force Low 'Platinum Dark Obsidian' - Tourcruiser PTE. LTD","isPartOf":{"@id":"https:\/\/tourcruiser.com\/de\/#website"},"primaryImageOfPage":{"@id":"https:\/\/tourcruiser.com\/de\/products\/nike-full-force-low-platinum-dark-obsidian\/#primaryimage"},"image":{"@id":"https:\/\/tourcruiser.com\/de\/products\/nike-full-force-low-platinum-dark-obsidian\/#primaryimage"},"thumbnailUrl":"https:\/\/images.novelship.com\/product\/nike_full_force_low__platinum_dark_obsidian__fb136_0_64300.png;https:\/\/images.novelship.com\/product\/nike_full_force_low__platinum_dark_obsidian__fb136_1_64301.png;https:\/\/images.novelship.com\/product\/nike_full_force_low__platinum_dark_obsidian__fb136_2_64301.png;https:\/\/images.novelship.com\/product\/nike_full_force_low__platinum_dark_obsidian__fb136_3_64301.png;https:\/\/images.novelship.com\/product\/nike_full_force_low__platinum_dark_obsidian__fb136_4_64301.png;https:\/\/images.novelship.com\/product\/nike_full_force_low__platinum_dark_obsidian__fb136_5_64301.png;https:\/\/images.novelship.com\/product\/nike_full_force_low__platinum_dark_obsidian__fb136_6_64301.png;https:\/\/images.novelship.com\/product\/nike_full_force_low__platinum_dark_obsidian__fb136_7_64301.png;https:\/\/images.novelship.com\/product\/nike_full_force_low__platinum_dark_obsidian__fb136_8_64301.png;https:\/\/images.novelship.com\/product\/nike_full_force_low__platinum_dark_obsidian__fb136_9_64301.png","datePublished":"2026-03-02T09:36:01+00:00","dateModified":"2026-03-27T18:47:51+00:00","breadcrumb":{"@id":"https:\/\/tourcruiser.com\/de\/products\/nike-full-force-low-platinum-dark-obsidian\/#breadcrumb"},"inLanguage":"de","potentialAction":[{"@type":"ReadAction","target":["https:\/\/tourcruiser.com\/de\/products\/nike-full-force-low-platinum-dark-obsidian\/"]}]},{"@type":"ImageObject","inLanguage":"de","@id":"https:\/\/tourcruiser.com\/de\/products\/nike-full-force-low-platinum-dark-obsidian\/#primaryimage","url":"https:\/\/images.novelship.com\/product\/nike_full_force_low__platinum_dark_obsidian__fb136_0_64300.png;https:\/\/images.novelship.com\/product\/nike_full_force_low__platinum_dark_obsidian__fb136_1_64301.png;https:\/\/images.novelship.com\/product\/nike_full_force_low__platinum_dark_obsidian__fb136_2_64301.png;https:\/\/images.novelship.com\/product\/nike_full_force_low__platinum_dark_obsidian__fb136_3_64301.png;https:\/\/images.novelship.com\/product\/nike_full_force_low__platinum_dark_obsidian__fb136_4_64301.png;https:\/\/images.novelship.com\/product\/nike_full_force_low__platinum_dark_obsidian__fb136_5_64301.png;https:\/\/images.novelship.com\/product\/nike_full_force_low__platinum_dark_obsidian__fb136_6_64301.png;https:\/\/images.novelship.com\/product\/nike_full_force_low__platinum_dark_obsidian__fb136_7_64301.png;https:\/\/images.novelship.com\/product\/nike_full_force_low__platinum_dark_obsidian__fb136_8_64301.png;https:\/\/images.novelship.com\/product\/nike_full_force_low__platinum_dark_obsidian__fb136_9_64301.png","contentUrl":"https:\/\/images.novelship.com\/product\/nike_full_force_low__platinum_dark_obsidian__fb136_0_64300.png;https:\/\/images.novelship.com\/product\/nike_full_force_low__platinum_dark_obsidian__fb136_1_64301.png;https:\/\/images.novelship.com\/product\/nike_full_force_low__platinum_dark_obsidian__fb136_2_64301.png;https:\/\/images.novelship.com\/product\/nike_full_force_low__platinum_dark_obsidian__fb136_3_64301.png;https:\/\/images.novelship.com\/product\/nike_full_force_low__platinum_dark_obsidian__fb136_4_64301.png;https:\/\/images.novelship.com\/product\/nike_full_force_low__platinum_dark_obsidian__fb136_5_64301.png;https:\/\/images.novelship.com\/product\/nike_full_force_low__platinum_dark_obsidian__fb136_6_64301.png;https:\/\/images.novelship.com\/product\/nike_full_force_low__platinum_dark_obsidian__fb136_7_64301.png;https:\/\/images.novelship.com\/product\/nike_full_force_low__platinum_dark_obsidian__fb136_8_64301.png;https:\/\/images.novelship.com\/product\/nike_full_force_low__platinum_dark_obsidian__fb136_9_64301.png"},{"@type":"BreadcrumbList","@id":"https:\/\/tourcruiser.com\/de\/products\/nike-full-force-low-platinum-dark-obsidian\/#breadcrumb","itemListElement":[{"@type":"ListItem","position":1,"name":"Home","item":"https:\/\/tourcruiser.com\/de\/"},{"@type":"ListItem","position":2,"name":"Shop","item":"https:\/\/tourcruiser.com\/de\/shop\/"},{"@type":"ListItem","position":3,"name":"Nike Full Force Low 'Platinum Dark Obsidian'"}]},{"@type":"WebSite","@id":"https:\/\/tourcruiser.com\/de\/#website","url":"https:\/\/tourcruiser.com\/de\/","name":"Styloral Jewelry Shop","description":"Tourcruiser Sneaker Store \u2014 der Ort, an dem das Universum deine Einzigartigkeit trifft.","publisher":{"@id":"https:\/\/tourcruiser.com\/de\/#organization"},"potentialAction":[{"@type":"SearchAction","target":{"@type":"EntryPoint","urlTemplate":"https:\/\/tourcruiser.com\/de\/?s={search_term_string}"},"query-input":{"@type":"PropertyValueSpecification","valueRequired":true,"valueName":"search_term_string"}}],"inLanguage":"de"},{"@type":"Organization","@id":"https:\/\/tourcruiser.com\/de\/#organization","name":"STYLORAL PTE. LTD","url":"https:\/\/tourcruiser.com\/de\/","logo":{"@type":"ImageObject","inLanguage":"de","@id":"https:\/\/tourcruiser.com\/de\/#\/schema\/logo\/image\/","url":"https:\/\/www.tourcruiser.com\/wp-content\/uploads\/2025\/12\/logo.png","contentUrl":"https:\/\/www.tourcruiser.com\/wp-content\/uploads\/2025\/12\/logo.png","width":200,"height":65,"caption":"STYLORAL PTE. LTD"},"image":{"@id":"https:\/\/tourcruiser.com\/de\/#\/schema\/logo\/image\/"}}]}},"_links":{"self":[{"href":"https:\/\/tourcruiser.com\/de\/wp-json\/wp\/v2\/product\/180422","targetHints":{"allow":["GET"]}}],"collection":[{"href":"https:\/\/tourcruiser.com\/de\/wp-json\/wp\/v2\/product"}],"about":[{"href":"https:\/\/tourcruiser.com\/de\/wp-json\/wp\/v2\/types\/product"}],"replies":[{"embeddable":true,"href":"https:\/\/tourcruiser.com\/de\/wp-json\/wp\/v2\/comments?post=180422"}],"wp:featuredmedia":[{"embeddable":true,"href":"https:\/\/tourcruiser.com\/de\/wp-json\/wp\/v2\/media\/180423"}],"wp:attachment":[{"href":"https:\/\/tourcruiser.com\/de\/wp-json\/wp\/v2\/media?parent=180422"}],"wp:term":[{"taxonomy":"product_brand","embeddable":true,"href":"https:\/\/tourcruiser.com\/de\/wp-json\/wp\/v2\/product_brand?post=180422"},{"taxonomy":"product_cat","embeddable":true,"href":"https:\/\/tourcruiser.com\/de\/wp-json\/wp\/v2\/product_cat?post=180422"},{"taxonomy":"product_tag","embeddable":true,"href":"https:\/\/tourcruiser.com\/de\/wp-json\/wp\/v2\/product_tag?post=180422"}],"curies":[{"name":"wp","href":"https:\/\/api.w.org\/{rel}","templated":true}]}}