{"id":179967,"date":"2026-03-02T16:35:22","date_gmt":"2026-03-02T09:35:22","guid":{"rendered":"http:\/\/tourcruiser.com\/product\/adidas-supercourt-clear-brown-navy"},"modified":"2026-03-28T01:47:26","modified_gmt":"2026-03-27T18:47:26","slug":"adidas-supercourt-clear-brown-navy","status":"publish","type":"product","link":"https:\/\/tourcruiser.com\/de\/products\/adidas-supercourt-clear-brown-navy\/","title":{"rendered":"adidas Supercourt &#8218;Clear Brown Navy&#8216;"},"content":{"rendered":"<p>Wir pr\u00e4sentieren den adidas Supercourt \u201eClear Brown Navy\u201c (EE6035) \u201d\u201c einen klassischen Sneaker mit modernem Touch. Gefertigt aus hochwertigem Leder, besticht dieser Schuh durch ein elegantes braunes Obermaterial mit marineblauen Streifen f\u00fcr einen zeitlosen und vielseitigen Look. Die strapazierf\u00e4hige Gummisohle sorgt f\u00fcr hervorragende Traktion, w\u00e4hrend die OrthoLite\u00c2\u00ae-Einlegesohle ganzt\u00e4gigen Tragekomfort bietet. Der Supercourt \u201eClear Brown Navy\u201c ist perfekt f\u00fcr l\u00e4ssige und formelle Anl\u00e4sse und verleiht Ihrem Style mit seinem zeitlosen Charme das gewisse Etwas.<\/p>\n<p>Farbgebung: Clear Brown\/Clear Brown\/Collegiate Navy<\/p>\n<p>Artikelnummer: EE6035<\/p>\n<p>Farbe: Beige<\/p>\n<p>Saison: Ganzj\u00e4hrig<\/p>\n","protected":false},"excerpt":{"rendered":"<p>adidas Supercourt \u201d\u201d Clear Brown\/Clear Brown\/Collegiate Navy<\/p>\n","protected":false},"featured_media":179968,"comment_status":"open","ping_status":"closed","template":"","meta":[],"product_brand":[],"product_cat":[10760],"product_tag":[10759,10749,10750,10813,10753,10754,10824],"class_list":{"0":"post-179967","1":"product","2":"type-product","3":"status-publish","4":"has-post-thumbnail","6":"product_cat-adidas","7":"product_tag-adidas","8":"product_tag-adidas-skateboarding-shoes","9":"product_tag-athleisure-shoes","10":"product_tag-court-classic-shoes","11":"product_tag-gift-for-him","12":"product_tag-lifestyle-casual-shoes","13":"product_tag-lifestyle-shoes-tennis-inspired","14":"wcpa_has_options","16":"first","17":"outofstock","18":"taxable","19":"shipping-taxable","20":"purchasable","21":"product-type-simple"},"wcpa_form_fields":{"rules":{"pric_overide_base_price":false,"pric_overide_base_price_if_gt_zero":false,"pric_overide_base_price_fully":false,"pric_cal_option_once":false,"pric_use_as_fee":false,"bind_quantity":false,"quantity_bind_formula":false},"fields":[{"type":"color-group","required":true,"elementId":"wcpa-color-group-66c4a7f817afe","label":"Gr\u00f6\u00dfe","inline":true,"priceOptions":"different_for_all","pricingType":"fixed","className":"hassizechart product-shoes-size-eu product-shoes-size","name":"color-group-66c4a7f817b18","disp_type":"square","selection_type":"tick-border","disp_size":"50","show_label_inside":true,"adjust_width":true,"cart_display_type":"text","other_text":"Other","cl_rule":"show","col":6,"values":[{"label":"35","value":"EU 35","price":"","pimage":"","pimage_id":"","pthumb":"","color":""},{"label":"35.5","value":"EU 35.5","price":"","pimage":"","pimage_id":"","pthumb":"","color":""},{"label":"36","value":"EU 36","price":"","pimage":"","pimage_id":"","pthumb":"","color":"","selected":true},{"label":"36 2\/3","value":"EU 36 2\/3","price":"","pimage":"","pimage_id":"","pthumb":"","color":""},{"label":"37 1\/3","value":"EU 37 1\/3","price":"","pimage":"","pimage_id":"","pthumb":"","color":""},{"label":"38","value":"EU 38","price":"","pimage":"","pimage_id":"","pthumb":"","color":""},{"label":"38 2\/3","value":"EU 38 2\/3","price":"","pimage":"","pimage_id":"","pthumb":"","color":""},{"label":"39 1\/3","value":"EU 39 1\/3","price":"","pimage":"","pimage_id":"","pthumb":"","color":""},{"label":"40","value":"EU 40","price":"","pimage":"","pimage_id":"","pthumb":"","color":""},{"label":"40 2\/3","value":"EU 40 2\/3","price":"","pimage":"","pimage_id":"","pthumb":"","color":""},{"label":"41 1\/3","value":"EU 41 1\/3","price":"","pimage":"","pimage_id":"","pthumb":"","color":""},{"label":"42","value":"EU 42","price":"","pimage":"","pimage_id":"","pthumb":"","color":""},{"label":"42 2\/3","value":"EU 42 2\/3","price":"","pimage":"","pimage_id":"","pthumb":"","color":""},{"label":"43 1\/3","value":"EU 43 1\/3","price":"","pimage":"","pimage_id":"","pthumb":"","color":""},{"label":"44","value":"EU 44","price":"","pimage":"","pimage_id":"","pthumb":"","color":""},{"label":"44 2\/3","value":"EU 44 2\/3","price":"","pimage":"","pimage_id":"","pthumb":"","color":""},{"label":"45 1\/3","value":"EU 45 1\/3","price":"","pimage":"","pimage_id":"","pthumb":"","color":""},{"label":"46","value":"EU 46","price":"","pimage":"","pimage_id":"","pthumb":"","color":""},{"label":"46 2\/3","value":"EU 46 2\/3","price":"","pimage":"","pimage_id":"","pthumb":"","color":""},{"label":"47 1\/3","value":"EU 47 1\/3","price":"","pimage":"","pimage_id":"","pthumb":"","color":""}],"relations":[{"operator":false,"rules":[]}],"form_id":24802,"form_rules":{"pric_cal_option_once":false,"exclude_from_discount":false,"pric_use_as_fee":false,"fee_label":"Fee","render_after_acb":false,"disp_hide_options_price":false}}]},"yoast_head":"<!-- This site is optimized with the Yoast SEO plugin v26.5 - https:\/\/yoast.com\/wordpress\/plugins\/seo\/ -->\n<title>adidas Supercourt &#039;Clear Brown Navy&#039;  - Tourcruiser PTE. LTD<\/title>\n<meta name=\"robots\" content=\"index, follow, max-snippet:-1, max-image-preview:large, max-video-preview:-1\" \/>\n<link rel=\"canonical\" href=\"https:\/\/tourcruiser.com\/de\/products\/adidas-supercourt-clear-brown-navy\/\" \/>\n<meta property=\"og:locale\" content=\"de_DE\" \/>\n<meta property=\"og:type\" content=\"article\" \/>\n<meta property=\"og:title\" content=\"adidas Supercourt &#039;Clear Brown Navy&#039;  - Tourcruiser PTE. LTD\" \/>\n<meta property=\"og:description\" content=\"adidas Supercourt \u201d\u201d Clear Brown\/Clear Brown\/Collegiate Navy\" \/>\n<meta property=\"og:url\" content=\"https:\/\/tourcruiser.com\/de\/products\/adidas-supercourt-clear-brown-navy\/\" \/>\n<meta property=\"og:site_name\" content=\"Tourcruiser Sneaker Store\" \/>\n<meta property=\"article:modified_time\" content=\"2026-03-27T18:47:26+00:00\" \/>\n<meta name=\"twitter:card\" content=\"summary_large_image\" \/>\n<meta name=\"twitter:image\" content=\"https:\/\/images.novelship.com\/product\/adidas_supercourt__clear_brown_navy__ee6035_0_61015.jpeg;https:\/\/images.novelship.com\/product\/adidas_supercourt__clear_brown_navy__ee6035_1_61015.jpeg;https:\/\/images.novelship.com\/product\/adidas_supercourt__clear_brown_navy__ee6035_2_61015.jpeg;https:\/\/images.novelship.com\/product\/adidas_supercourt__clear_brown_navy__ee6035_3_61015.jpeg;https:\/\/images.novelship.com\/product\/adidas_supercourt__clear_brown_navy__ee6035_4_61015.jpeg\" \/>\n<script type=\"application\/ld+json\" class=\"yoast-schema-graph\">{\"@context\":\"https:\/\/schema.org\",\"@graph\":[{\"@type\":\"WebPage\",\"@id\":\"https:\/\/tourcruiser.com\/de\/products\/adidas-supercourt-clear-brown-navy\/\",\"url\":\"https:\/\/tourcruiser.com\/de\/products\/adidas-supercourt-clear-brown-navy\/\",\"name\":\"adidas Supercourt 'Clear Brown Navy' - Tourcruiser PTE. LTD\",\"isPartOf\":{\"@id\":\"https:\/\/tourcruiser.com\/de\/#website\"},\"primaryImageOfPage\":{\"@id\":\"https:\/\/tourcruiser.com\/de\/products\/adidas-supercourt-clear-brown-navy\/#primaryimage\"},\"image\":{\"@id\":\"https:\/\/tourcruiser.com\/de\/products\/adidas-supercourt-clear-brown-navy\/#primaryimage\"},\"thumbnailUrl\":\"https:\/\/images.novelship.com\/product\/adidas_supercourt__clear_brown_navy__ee6035_0_61015.jpeg;https:\/\/images.novelship.com\/product\/adidas_supercourt__clear_brown_navy__ee6035_1_61015.jpeg;https:\/\/images.novelship.com\/product\/adidas_supercourt__clear_brown_navy__ee6035_2_61015.jpeg;https:\/\/images.novelship.com\/product\/adidas_supercourt__clear_brown_navy__ee6035_3_61015.jpeg;https:\/\/images.novelship.com\/product\/adidas_supercourt__clear_brown_navy__ee6035_4_61015.jpeg\",\"datePublished\":\"2026-03-02T09:35:22+00:00\",\"dateModified\":\"2026-03-27T18:47:26+00:00\",\"breadcrumb\":{\"@id\":\"https:\/\/tourcruiser.com\/de\/products\/adidas-supercourt-clear-brown-navy\/#breadcrumb\"},\"inLanguage\":\"de\",\"potentialAction\":[{\"@type\":\"ReadAction\",\"target\":[\"https:\/\/tourcruiser.com\/de\/products\/adidas-supercourt-clear-brown-navy\/\"]}]},{\"@type\":\"ImageObject\",\"inLanguage\":\"de\",\"@id\":\"https:\/\/tourcruiser.com\/de\/products\/adidas-supercourt-clear-brown-navy\/#primaryimage\",\"url\":\"https:\/\/images.novelship.com\/product\/adidas_supercourt__clear_brown_navy__ee6035_0_61015.jpeg;https:\/\/images.novelship.com\/product\/adidas_supercourt__clear_brown_navy__ee6035_1_61015.jpeg;https:\/\/images.novelship.com\/product\/adidas_supercourt__clear_brown_navy__ee6035_2_61015.jpeg;https:\/\/images.novelship.com\/product\/adidas_supercourt__clear_brown_navy__ee6035_3_61015.jpeg;https:\/\/images.novelship.com\/product\/adidas_supercourt__clear_brown_navy__ee6035_4_61015.jpeg\",\"contentUrl\":\"https:\/\/images.novelship.com\/product\/adidas_supercourt__clear_brown_navy__ee6035_0_61015.jpeg;https:\/\/images.novelship.com\/product\/adidas_supercourt__clear_brown_navy__ee6035_1_61015.jpeg;https:\/\/images.novelship.com\/product\/adidas_supercourt__clear_brown_navy__ee6035_2_61015.jpeg;https:\/\/images.novelship.com\/product\/adidas_supercourt__clear_brown_navy__ee6035_3_61015.jpeg;https:\/\/images.novelship.com\/product\/adidas_supercourt__clear_brown_navy__ee6035_4_61015.jpeg\"},{\"@type\":\"BreadcrumbList\",\"@id\":\"https:\/\/tourcruiser.com\/de\/products\/adidas-supercourt-clear-brown-navy\/#breadcrumb\",\"itemListElement\":[{\"@type\":\"ListItem\",\"position\":1,\"name\":\"Home\",\"item\":\"https:\/\/tourcruiser.com\/de\/\"},{\"@type\":\"ListItem\",\"position\":2,\"name\":\"Shop\",\"item\":\"https:\/\/tourcruiser.com\/de\/shop\/\"},{\"@type\":\"ListItem\",\"position\":3,\"name\":\"adidas Supercourt 'Clear Brown Navy'\"}]},{\"@type\":\"WebSite\",\"@id\":\"https:\/\/tourcruiser.com\/de\/#website\",\"url\":\"https:\/\/tourcruiser.com\/de\/\",\"name\":\"Styloral Jewelry Shop\",\"description\":\"Tourcruiser Sneaker Store \u2014 der Ort, an dem das Universum deine Einzigartigkeit trifft.\",\"publisher\":{\"@id\":\"https:\/\/tourcruiser.com\/de\/#organization\"},\"potentialAction\":[{\"@type\":\"SearchAction\",\"target\":{\"@type\":\"EntryPoint\",\"urlTemplate\":\"https:\/\/tourcruiser.com\/de\/?s={search_term_string}\"},\"query-input\":{\"@type\":\"PropertyValueSpecification\",\"valueRequired\":true,\"valueName\":\"search_term_string\"}}],\"inLanguage\":\"de\"},{\"@type\":\"Organization\",\"@id\":\"https:\/\/tourcruiser.com\/de\/#organization\",\"name\":\"STYLORAL PTE. LTD\",\"url\":\"https:\/\/tourcruiser.com\/de\/\",\"logo\":{\"@type\":\"ImageObject\",\"inLanguage\":\"de\",\"@id\":\"https:\/\/tourcruiser.com\/de\/#\/schema\/logo\/image\/\",\"url\":\"https:\/\/www.tourcruiser.com\/wp-content\/uploads\/2025\/12\/logo.png\",\"contentUrl\":\"https:\/\/www.tourcruiser.com\/wp-content\/uploads\/2025\/12\/logo.png\",\"width\":200,\"height\":65,\"caption\":\"STYLORAL PTE. LTD\"},\"image\":{\"@id\":\"https:\/\/tourcruiser.com\/de\/#\/schema\/logo\/image\/\"}}]}<\/script>\n<!-- \/ Yoast SEO plugin. -->","yoast_head_json":{"title":"adidas Supercourt 'Clear Brown Navy'  - Tourcruiser PTE. LTD","robots":{"index":"index","follow":"follow","max-snippet":"max-snippet:-1","max-image-preview":"max-image-preview:large","max-video-preview":"max-video-preview:-1"},"canonical":"https:\/\/tourcruiser.com\/de\/products\/adidas-supercourt-clear-brown-navy\/","og_locale":"de_DE","og_type":"article","og_title":"adidas Supercourt 'Clear Brown Navy'  - Tourcruiser PTE. LTD","og_description":"adidas Supercourt \u201d\u201d Clear Brown\/Clear Brown\/Collegiate Navy","og_url":"https:\/\/tourcruiser.com\/de\/products\/adidas-supercourt-clear-brown-navy\/","og_site_name":"Tourcruiser Sneaker Store","article_modified_time":"2026-03-27T18:47:26+00:00","twitter_card":"summary_large_image","twitter_image":"https:\/\/images.novelship.com\/product\/adidas_supercourt__clear_brown_navy__ee6035_0_61015.jpeg;https:\/\/images.novelship.com\/product\/adidas_supercourt__clear_brown_navy__ee6035_1_61015.jpeg;https:\/\/images.novelship.com\/product\/adidas_supercourt__clear_brown_navy__ee6035_2_61015.jpeg;https:\/\/images.novelship.com\/product\/adidas_supercourt__clear_brown_navy__ee6035_3_61015.jpeg;https:\/\/images.novelship.com\/product\/adidas_supercourt__clear_brown_navy__ee6035_4_61015.jpeg","schema":{"@context":"https:\/\/schema.org","@graph":[{"@type":"WebPage","@id":"https:\/\/tourcruiser.com\/de\/products\/adidas-supercourt-clear-brown-navy\/","url":"https:\/\/tourcruiser.com\/de\/products\/adidas-supercourt-clear-brown-navy\/","name":"adidas Supercourt 'Clear Brown Navy' - Tourcruiser PTE. LTD","isPartOf":{"@id":"https:\/\/tourcruiser.com\/de\/#website"},"primaryImageOfPage":{"@id":"https:\/\/tourcruiser.com\/de\/products\/adidas-supercourt-clear-brown-navy\/#primaryimage"},"image":{"@id":"https:\/\/tourcruiser.com\/de\/products\/adidas-supercourt-clear-brown-navy\/#primaryimage"},"thumbnailUrl":"https:\/\/images.novelship.com\/product\/adidas_supercourt__clear_brown_navy__ee6035_0_61015.jpeg;https:\/\/images.novelship.com\/product\/adidas_supercourt__clear_brown_navy__ee6035_1_61015.jpeg;https:\/\/images.novelship.com\/product\/adidas_supercourt__clear_brown_navy__ee6035_2_61015.jpeg;https:\/\/images.novelship.com\/product\/adidas_supercourt__clear_brown_navy__ee6035_3_61015.jpeg;https:\/\/images.novelship.com\/product\/adidas_supercourt__clear_brown_navy__ee6035_4_61015.jpeg","datePublished":"2026-03-02T09:35:22+00:00","dateModified":"2026-03-27T18:47:26+00:00","breadcrumb":{"@id":"https:\/\/tourcruiser.com\/de\/products\/adidas-supercourt-clear-brown-navy\/#breadcrumb"},"inLanguage":"de","potentialAction":[{"@type":"ReadAction","target":["https:\/\/tourcruiser.com\/de\/products\/adidas-supercourt-clear-brown-navy\/"]}]},{"@type":"ImageObject","inLanguage":"de","@id":"https:\/\/tourcruiser.com\/de\/products\/adidas-supercourt-clear-brown-navy\/#primaryimage","url":"https:\/\/images.novelship.com\/product\/adidas_supercourt__clear_brown_navy__ee6035_0_61015.jpeg;https:\/\/images.novelship.com\/product\/adidas_supercourt__clear_brown_navy__ee6035_1_61015.jpeg;https:\/\/images.novelship.com\/product\/adidas_supercourt__clear_brown_navy__ee6035_2_61015.jpeg;https:\/\/images.novelship.com\/product\/adidas_supercourt__clear_brown_navy__ee6035_3_61015.jpeg;https:\/\/images.novelship.com\/product\/adidas_supercourt__clear_brown_navy__ee6035_4_61015.jpeg","contentUrl":"https:\/\/images.novelship.com\/product\/adidas_supercourt__clear_brown_navy__ee6035_0_61015.jpeg;https:\/\/images.novelship.com\/product\/adidas_supercourt__clear_brown_navy__ee6035_1_61015.jpeg;https:\/\/images.novelship.com\/product\/adidas_supercourt__clear_brown_navy__ee6035_2_61015.jpeg;https:\/\/images.novelship.com\/product\/adidas_supercourt__clear_brown_navy__ee6035_3_61015.jpeg;https:\/\/images.novelship.com\/product\/adidas_supercourt__clear_brown_navy__ee6035_4_61015.jpeg"},{"@type":"BreadcrumbList","@id":"https:\/\/tourcruiser.com\/de\/products\/adidas-supercourt-clear-brown-navy\/#breadcrumb","itemListElement":[{"@type":"ListItem","position":1,"name":"Home","item":"https:\/\/tourcruiser.com\/de\/"},{"@type":"ListItem","position":2,"name":"Shop","item":"https:\/\/tourcruiser.com\/de\/shop\/"},{"@type":"ListItem","position":3,"name":"adidas Supercourt 'Clear Brown Navy'"}]},{"@type":"WebSite","@id":"https:\/\/tourcruiser.com\/de\/#website","url":"https:\/\/tourcruiser.com\/de\/","name":"Styloral Jewelry Shop","description":"Tourcruiser Sneaker Store \u2014 der Ort, an dem das Universum deine Einzigartigkeit trifft.","publisher":{"@id":"https:\/\/tourcruiser.com\/de\/#organization"},"potentialAction":[{"@type":"SearchAction","target":{"@type":"EntryPoint","urlTemplate":"https:\/\/tourcruiser.com\/de\/?s={search_term_string}"},"query-input":{"@type":"PropertyValueSpecification","valueRequired":true,"valueName":"search_term_string"}}],"inLanguage":"de"},{"@type":"Organization","@id":"https:\/\/tourcruiser.com\/de\/#organization","name":"STYLORAL PTE. LTD","url":"https:\/\/tourcruiser.com\/de\/","logo":{"@type":"ImageObject","inLanguage":"de","@id":"https:\/\/tourcruiser.com\/de\/#\/schema\/logo\/image\/","url":"https:\/\/www.tourcruiser.com\/wp-content\/uploads\/2025\/12\/logo.png","contentUrl":"https:\/\/www.tourcruiser.com\/wp-content\/uploads\/2025\/12\/logo.png","width":200,"height":65,"caption":"STYLORAL PTE. LTD"},"image":{"@id":"https:\/\/tourcruiser.com\/de\/#\/schema\/logo\/image\/"}}]}},"_links":{"self":[{"href":"https:\/\/tourcruiser.com\/de\/wp-json\/wp\/v2\/product\/179967","targetHints":{"allow":["GET"]}}],"collection":[{"href":"https:\/\/tourcruiser.com\/de\/wp-json\/wp\/v2\/product"}],"about":[{"href":"https:\/\/tourcruiser.com\/de\/wp-json\/wp\/v2\/types\/product"}],"replies":[{"embeddable":true,"href":"https:\/\/tourcruiser.com\/de\/wp-json\/wp\/v2\/comments?post=179967"}],"wp:featuredmedia":[{"embeddable":true,"href":"https:\/\/tourcruiser.com\/de\/wp-json\/wp\/v2\/media\/179968"}],"wp:attachment":[{"href":"https:\/\/tourcruiser.com\/de\/wp-json\/wp\/v2\/media?parent=179967"}],"wp:term":[{"taxonomy":"product_brand","embeddable":true,"href":"https:\/\/tourcruiser.com\/de\/wp-json\/wp\/v2\/product_brand?post=179967"},{"taxonomy":"product_cat","embeddable":true,"href":"https:\/\/tourcruiser.com\/de\/wp-json\/wp\/v2\/product_cat?post=179967"},{"taxonomy":"product_tag","embeddable":true,"href":"https:\/\/tourcruiser.com\/de\/wp-json\/wp\/v2\/product_tag?post=179967"}],"curies":[{"name":"wp","href":"https:\/\/api.w.org\/{rel}","templated":true}]}}