{"id":179916,"date":"2026-03-02T16:35:18","date_gmt":"2026-03-02T09:35:18","guid":{"rendered":"http:\/\/tourcruiser.com\/product\/women-asics-gel-resolution-9-pearl-pink-sun-coral"},"modified":"2026-03-28T01:47:22","modified_gmt":"2026-03-27T18:47:22","slug":"women-asics-gel-resolution-9-pearl-pink-sun-coral","status":"publish","type":"product","link":"https:\/\/tourcruiser.com\/de\/products\/women-asics-gel-resolution-9-pearl-pink-sun-coral\/","title":{"rendered":"(Women) ASICS Gel Resolution 9 &#8218;Pearl Pink Sun Coral&#8216;"},"content":{"rendered":"<p>Wir pr\u00e4sentieren die ASICS Gel Resolution 9 Tennisschuhe f\u00fcr Damen in der Farbe \u201ePearl Pink Sun Coral\u201c. Diese Schuhe wurden f\u00fcr optimale Performance auf dem Platz entwickelt und zeichnen sich durch ihre leichte und dennoch robuste Konstruktion sowie ihr fortschrittliches D\u00e4mpfungssystem aus. Das atmungsaktive Mesh-Obermaterial sorgt f\u00fcr hervorragende Bel\u00fcftung, w\u00e4hrend die GEL-Technologie in der Zwischensohle St\u00f6\u00dfe absorbiert und ein reaktionsfreudiges Laufgef\u00fchl vermittelt. Die Au\u00dfensohle verf\u00fcgt \u00fcber ein Fischgr\u00e4tenprofil f\u00fcr au\u00dfergew\u00f6hnlichen Grip und Traktion auf verschiedenen Bel\u00e4gen. Verbessern Sie Ihr Spiel mit den stylischen und funktionalen ASICS Gel Resolution 9 Tennisschuhen in \u201ePearl Pink Sun Coral\u201c.<\/p>\n<p>Style-Code: 1042A208-700<\/p>\n<p>Obermaterial: Synthetik<\/p>\n<p>Zwischensohle: Gel<\/p>\n<p>Erscheinungsjahr: 2023<\/p>\n","protected":false},"excerpt":{"rendered":"<p>(W) ASICS Gel Resolution 9 &#8218;Pearl Pink Sun Coral&#8216;<\/p>\n","protected":false},"featured_media":179917,"comment_status":"open","ping_status":"closed","template":"","meta":[],"product_brand":[],"product_cat":[11020],"product_tag":[10791,10926,10802,11082,10785,10786,10758],"class_list":{"0":"post-179916","1":"product","2":"type-product","3":"status-publish","4":"has-post-thumbnail","6":"product_cat-asics-women","7":"product_tag-asics","8":"product_tag-gift-for-her","9":"product_tag-performance-sport-shoes","10":"product_tag-tennis-shoes","11":"product_tag-trending-deals","12":"product_tag-trending-deals-under-150","13":"product_tag-under-retail","14":"wcpa_has_options","16":"first","17":"outofstock","18":"sale","19":"taxable","20":"shipping-taxable","21":"purchasable","22":"product-type-simple"},"wcpa_form_fields":{"rules":{"pric_overide_base_price":false,"pric_overide_base_price_if_gt_zero":false,"pric_overide_base_price_fully":false,"pric_cal_option_once":false,"pric_use_as_fee":false,"bind_quantity":false,"quantity_bind_formula":false},"fields":[{"type":"color-group","required":true,"elementId":"wcpa-color-group-69a5ac3f3e644","label":"Gr\u00f6\u00dfe","inline":true,"priceOptions":"different_for_all","pricingType":"fixed","className":"hassizechart product-shoes-size-eu product-shoes-size","name":"color-group-69a5ac3f3e64e","disp_type":"square","selection_type":"tick-border","disp_size":"50","show_label_inside":true,"adjust_width":true,"cart_display_type":"text","other_text":"Other","cl_rule":"show","col":6,"values":[{"label":"34.5","value":"EU 34.5","price":"","pimage":"","pimage_id":"","pthumb":"","color":""},{"label":"35","value":"EU 35","price":"","pimage":"","pimage_id":"","pthumb":"","color":""},{"label":"35.5","value":"EU 35.5","price":"","pimage":"","pimage_id":"","pthumb":"","color":""},{"label":"36","value":"EU 36","price":"","pimage":"","pimage_id":"","pthumb":"","color":"","selected":true},{"label":"37","value":"EU 37","price":"","pimage":"","pimage_id":"","pthumb":"","color":""},{"label":"37.5","value":"EU 37.5","price":"","pimage":"","pimage_id":"","pthumb":"","color":""},{"label":"38","value":"EU 38","price":"","pimage":"","pimage_id":"","pthumb":"","color":""},{"label":"38.5","value":"EU 38.5","price":"","pimage":"","pimage_id":"","pthumb":"","color":""},{"label":"39","value":"EU 39","price":"","pimage":"","pimage_id":"","pthumb":"","color":""},{"label":"39.5","value":"EU 39.5","price":"","pimage":"","pimage_id":"","pthumb":"","color":""},{"label":"40","value":"EU 40","price":"","pimage":"","pimage_id":"","pthumb":"","color":""},{"label":"40.5","value":"EU 40.5","price":"","pimage":"","pimage_id":"","pthumb":"","color":""},{"label":" 41.5","value":"EU 41.5","price":"","pimage":"","pimage_id":"","pthumb":"","color":""},{"label":"42","value":"EU 42","price":"","pimage":"","pimage_id":"","pthumb":"","color":""},{"label":"42.5","value":"EU 42.5","price":"","pimage":"","pimage_id":"","pthumb":"","color":""},{"label":"43.5","value":"EU 43.5","price":"","pimage":"","pimage_id":"","pthumb":"","color":""},{"label":"44","value":"EU 44","price":"","pimage":"","pimage_id":"","pthumb":"","color":""},{"label":"44.5","value":"EU 44.5","price":"","pimage":"","pimage_id":"","pthumb":"","color":""},{"label":"45","value":"EU 45","price":"","pimage":"","pimage_id":"","pthumb":"","color":""}],"relations":[{"operator":false,"rules":[]}],"form_id":184312,"form_rules":{"pric_cal_option_once":false,"exclude_from_discount":false,"pric_use_as_fee":false,"fee_label":"Fee","render_after_acb":false,"disp_hide_options_price":false}}]},"yoast_head":"<!-- This site is optimized with the Yoast SEO plugin v26.5 - https:\/\/yoast.com\/wordpress\/plugins\/seo\/ -->\n<title>(Women) ASICS Gel Resolution 9 &#039;Pearl Pink Sun Coral&#039;  - Tourcruiser PTE. LTD<\/title>\n<meta name=\"robots\" content=\"index, follow, max-snippet:-1, max-image-preview:large, max-video-preview:-1\" \/>\n<link rel=\"canonical\" href=\"https:\/\/tourcruiser.com\/de\/products\/women-asics-gel-resolution-9-pearl-pink-sun-coral\/\" \/>\n<meta property=\"og:locale\" content=\"de_DE\" \/>\n<meta property=\"og:type\" content=\"article\" \/>\n<meta property=\"og:title\" content=\"(Women) ASICS Gel Resolution 9 &#039;Pearl Pink Sun Coral&#039;  - Tourcruiser PTE. LTD\" \/>\n<meta property=\"og:description\" content=\"(W) ASICS Gel Resolution 9 &#039;Pearl Pink Sun Coral&#039;\" \/>\n<meta property=\"og:url\" content=\"https:\/\/tourcruiser.com\/de\/products\/women-asics-gel-resolution-9-pearl-pink-sun-coral\/\" \/>\n<meta property=\"og:site_name\" content=\"Tourcruiser Sneaker Store\" \/>\n<meta property=\"article:modified_time\" content=\"2026-03-27T18:47:22+00:00\" \/>\n<meta name=\"twitter:card\" content=\"summary_large_image\" \/>\n<meta name=\"twitter:image\" content=\"https:\/\/images.novelship.com\/product\/_women__asics_gel_resolution_9__pearl_pink_sun_cor_0_43067.jpeg;https:\/\/images.novelship.com\/product\/_women__asics_gel_resolution_9__pearl_pink_sun_cor_1_43067.jpeg;https:\/\/images.novelship.com\/product\/_women__asics_gel_resolution_9__pearl_pink_sun_cor_2_43067.jpeg;https:\/\/images.novelship.com\/product\/_women__asics_gel_resolution_9__pearl_pink_sun_cor_3_43067.jpeg;https:\/\/images.novelship.com\/product\/_women__asics_gel_resolution_9__pearl_pink_sun_cor_4_43067.jpeg\" \/>\n<meta name=\"twitter:label1\" content=\"Gesch\u00e4tzte Lesezeit\" \/>\n\t<meta name=\"twitter:data1\" content=\"1\u00a0Minute\" \/>\n<script type=\"application\/ld+json\" class=\"yoast-schema-graph\">{\"@context\":\"https:\/\/schema.org\",\"@graph\":[{\"@type\":\"WebPage\",\"@id\":\"https:\/\/tourcruiser.com\/de\/products\/women-asics-gel-resolution-9-pearl-pink-sun-coral\/\",\"url\":\"https:\/\/tourcruiser.com\/de\/products\/women-asics-gel-resolution-9-pearl-pink-sun-coral\/\",\"name\":\"(Women) ASICS Gel Resolution 9 'Pearl Pink Sun Coral' - Tourcruiser PTE. LTD\",\"isPartOf\":{\"@id\":\"https:\/\/tourcruiser.com\/de\/#website\"},\"primaryImageOfPage\":{\"@id\":\"https:\/\/tourcruiser.com\/de\/products\/women-asics-gel-resolution-9-pearl-pink-sun-coral\/#primaryimage\"},\"image\":{\"@id\":\"https:\/\/tourcruiser.com\/de\/products\/women-asics-gel-resolution-9-pearl-pink-sun-coral\/#primaryimage\"},\"thumbnailUrl\":\"https:\/\/images.novelship.com\/product\/_women__asics_gel_resolution_9__pearl_pink_sun_cor_0_43067.jpeg;https:\/\/images.novelship.com\/product\/_women__asics_gel_resolution_9__pearl_pink_sun_cor_1_43067.jpeg;https:\/\/images.novelship.com\/product\/_women__asics_gel_resolution_9__pearl_pink_sun_cor_2_43067.jpeg;https:\/\/images.novelship.com\/product\/_women__asics_gel_resolution_9__pearl_pink_sun_cor_3_43067.jpeg;https:\/\/images.novelship.com\/product\/_women__asics_gel_resolution_9__pearl_pink_sun_cor_4_43067.jpeg\",\"datePublished\":\"2026-03-02T09:35:18+00:00\",\"dateModified\":\"2026-03-27T18:47:22+00:00\",\"breadcrumb\":{\"@id\":\"https:\/\/tourcruiser.com\/de\/products\/women-asics-gel-resolution-9-pearl-pink-sun-coral\/#breadcrumb\"},\"inLanguage\":\"de\",\"potentialAction\":[{\"@type\":\"ReadAction\",\"target\":[\"https:\/\/tourcruiser.com\/de\/products\/women-asics-gel-resolution-9-pearl-pink-sun-coral\/\"]}]},{\"@type\":\"ImageObject\",\"inLanguage\":\"de\",\"@id\":\"https:\/\/tourcruiser.com\/de\/products\/women-asics-gel-resolution-9-pearl-pink-sun-coral\/#primaryimage\",\"url\":\"https:\/\/images.novelship.com\/product\/_women__asics_gel_resolution_9__pearl_pink_sun_cor_0_43067.jpeg;https:\/\/images.novelship.com\/product\/_women__asics_gel_resolution_9__pearl_pink_sun_cor_1_43067.jpeg;https:\/\/images.novelship.com\/product\/_women__asics_gel_resolution_9__pearl_pink_sun_cor_2_43067.jpeg;https:\/\/images.novelship.com\/product\/_women__asics_gel_resolution_9__pearl_pink_sun_cor_3_43067.jpeg;https:\/\/images.novelship.com\/product\/_women__asics_gel_resolution_9__pearl_pink_sun_cor_4_43067.jpeg\",\"contentUrl\":\"https:\/\/images.novelship.com\/product\/_women__asics_gel_resolution_9__pearl_pink_sun_cor_0_43067.jpeg;https:\/\/images.novelship.com\/product\/_women__asics_gel_resolution_9__pearl_pink_sun_cor_1_43067.jpeg;https:\/\/images.novelship.com\/product\/_women__asics_gel_resolution_9__pearl_pink_sun_cor_2_43067.jpeg;https:\/\/images.novelship.com\/product\/_women__asics_gel_resolution_9__pearl_pink_sun_cor_3_43067.jpeg;https:\/\/images.novelship.com\/product\/_women__asics_gel_resolution_9__pearl_pink_sun_cor_4_43067.jpeg\"},{\"@type\":\"BreadcrumbList\",\"@id\":\"https:\/\/tourcruiser.com\/de\/products\/women-asics-gel-resolution-9-pearl-pink-sun-coral\/#breadcrumb\",\"itemListElement\":[{\"@type\":\"ListItem\",\"position\":1,\"name\":\"Home\",\"item\":\"https:\/\/tourcruiser.com\/de\/\"},{\"@type\":\"ListItem\",\"position\":2,\"name\":\"Shop\",\"item\":\"https:\/\/tourcruiser.com\/de\/shop\/\"},{\"@type\":\"ListItem\",\"position\":3,\"name\":\"(Women) ASICS Gel Resolution 9 'Pearl Pink Sun Coral'\"}]},{\"@type\":\"WebSite\",\"@id\":\"https:\/\/tourcruiser.com\/de\/#website\",\"url\":\"https:\/\/tourcruiser.com\/de\/\",\"name\":\"Styloral Jewelry Shop\",\"description\":\"Tourcruiser Sneaker Store \u2014 der Ort, an dem das Universum deine Einzigartigkeit trifft.\",\"publisher\":{\"@id\":\"https:\/\/tourcruiser.com\/de\/#organization\"},\"potentialAction\":[{\"@type\":\"SearchAction\",\"target\":{\"@type\":\"EntryPoint\",\"urlTemplate\":\"https:\/\/tourcruiser.com\/de\/?s={search_term_string}\"},\"query-input\":{\"@type\":\"PropertyValueSpecification\",\"valueRequired\":true,\"valueName\":\"search_term_string\"}}],\"inLanguage\":\"de\"},{\"@type\":\"Organization\",\"@id\":\"https:\/\/tourcruiser.com\/de\/#organization\",\"name\":\"STYLORAL PTE. LTD\",\"url\":\"https:\/\/tourcruiser.com\/de\/\",\"logo\":{\"@type\":\"ImageObject\",\"inLanguage\":\"de\",\"@id\":\"https:\/\/tourcruiser.com\/de\/#\/schema\/logo\/image\/\",\"url\":\"https:\/\/www.tourcruiser.com\/wp-content\/uploads\/2025\/12\/logo.png\",\"contentUrl\":\"https:\/\/www.tourcruiser.com\/wp-content\/uploads\/2025\/12\/logo.png\",\"width\":200,\"height\":65,\"caption\":\"STYLORAL PTE. LTD\"},\"image\":{\"@id\":\"https:\/\/tourcruiser.com\/de\/#\/schema\/logo\/image\/\"}}]}<\/script>\n<!-- \/ Yoast SEO plugin. -->","yoast_head_json":{"title":"(Women) ASICS Gel Resolution 9 'Pearl Pink Sun Coral'  - Tourcruiser PTE. LTD","robots":{"index":"index","follow":"follow","max-snippet":"max-snippet:-1","max-image-preview":"max-image-preview:large","max-video-preview":"max-video-preview:-1"},"canonical":"https:\/\/tourcruiser.com\/de\/products\/women-asics-gel-resolution-9-pearl-pink-sun-coral\/","og_locale":"de_DE","og_type":"article","og_title":"(Women) ASICS Gel Resolution 9 'Pearl Pink Sun Coral'  - Tourcruiser PTE. LTD","og_description":"(W) ASICS Gel Resolution 9 'Pearl Pink Sun Coral'","og_url":"https:\/\/tourcruiser.com\/de\/products\/women-asics-gel-resolution-9-pearl-pink-sun-coral\/","og_site_name":"Tourcruiser Sneaker Store","article_modified_time":"2026-03-27T18:47:22+00:00","twitter_card":"summary_large_image","twitter_image":"https:\/\/images.novelship.com\/product\/_women__asics_gel_resolution_9__pearl_pink_sun_cor_0_43067.jpeg;https:\/\/images.novelship.com\/product\/_women__asics_gel_resolution_9__pearl_pink_sun_cor_1_43067.jpeg;https:\/\/images.novelship.com\/product\/_women__asics_gel_resolution_9__pearl_pink_sun_cor_2_43067.jpeg;https:\/\/images.novelship.com\/product\/_women__asics_gel_resolution_9__pearl_pink_sun_cor_3_43067.jpeg;https:\/\/images.novelship.com\/product\/_women__asics_gel_resolution_9__pearl_pink_sun_cor_4_43067.jpeg","twitter_misc":{"Gesch\u00e4tzte Lesezeit":"1\u00a0Minute"},"schema":{"@context":"https:\/\/schema.org","@graph":[{"@type":"WebPage","@id":"https:\/\/tourcruiser.com\/de\/products\/women-asics-gel-resolution-9-pearl-pink-sun-coral\/","url":"https:\/\/tourcruiser.com\/de\/products\/women-asics-gel-resolution-9-pearl-pink-sun-coral\/","name":"(Women) ASICS Gel Resolution 9 'Pearl Pink Sun Coral' - Tourcruiser PTE. LTD","isPartOf":{"@id":"https:\/\/tourcruiser.com\/de\/#website"},"primaryImageOfPage":{"@id":"https:\/\/tourcruiser.com\/de\/products\/women-asics-gel-resolution-9-pearl-pink-sun-coral\/#primaryimage"},"image":{"@id":"https:\/\/tourcruiser.com\/de\/products\/women-asics-gel-resolution-9-pearl-pink-sun-coral\/#primaryimage"},"thumbnailUrl":"https:\/\/images.novelship.com\/product\/_women__asics_gel_resolution_9__pearl_pink_sun_cor_0_43067.jpeg;https:\/\/images.novelship.com\/product\/_women__asics_gel_resolution_9__pearl_pink_sun_cor_1_43067.jpeg;https:\/\/images.novelship.com\/product\/_women__asics_gel_resolution_9__pearl_pink_sun_cor_2_43067.jpeg;https:\/\/images.novelship.com\/product\/_women__asics_gel_resolution_9__pearl_pink_sun_cor_3_43067.jpeg;https:\/\/images.novelship.com\/product\/_women__asics_gel_resolution_9__pearl_pink_sun_cor_4_43067.jpeg","datePublished":"2026-03-02T09:35:18+00:00","dateModified":"2026-03-27T18:47:22+00:00","breadcrumb":{"@id":"https:\/\/tourcruiser.com\/de\/products\/women-asics-gel-resolution-9-pearl-pink-sun-coral\/#breadcrumb"},"inLanguage":"de","potentialAction":[{"@type":"ReadAction","target":["https:\/\/tourcruiser.com\/de\/products\/women-asics-gel-resolution-9-pearl-pink-sun-coral\/"]}]},{"@type":"ImageObject","inLanguage":"de","@id":"https:\/\/tourcruiser.com\/de\/products\/women-asics-gel-resolution-9-pearl-pink-sun-coral\/#primaryimage","url":"https:\/\/images.novelship.com\/product\/_women__asics_gel_resolution_9__pearl_pink_sun_cor_0_43067.jpeg;https:\/\/images.novelship.com\/product\/_women__asics_gel_resolution_9__pearl_pink_sun_cor_1_43067.jpeg;https:\/\/images.novelship.com\/product\/_women__asics_gel_resolution_9__pearl_pink_sun_cor_2_43067.jpeg;https:\/\/images.novelship.com\/product\/_women__asics_gel_resolution_9__pearl_pink_sun_cor_3_43067.jpeg;https:\/\/images.novelship.com\/product\/_women__asics_gel_resolution_9__pearl_pink_sun_cor_4_43067.jpeg","contentUrl":"https:\/\/images.novelship.com\/product\/_women__asics_gel_resolution_9__pearl_pink_sun_cor_0_43067.jpeg;https:\/\/images.novelship.com\/product\/_women__asics_gel_resolution_9__pearl_pink_sun_cor_1_43067.jpeg;https:\/\/images.novelship.com\/product\/_women__asics_gel_resolution_9__pearl_pink_sun_cor_2_43067.jpeg;https:\/\/images.novelship.com\/product\/_women__asics_gel_resolution_9__pearl_pink_sun_cor_3_43067.jpeg;https:\/\/images.novelship.com\/product\/_women__asics_gel_resolution_9__pearl_pink_sun_cor_4_43067.jpeg"},{"@type":"BreadcrumbList","@id":"https:\/\/tourcruiser.com\/de\/products\/women-asics-gel-resolution-9-pearl-pink-sun-coral\/#breadcrumb","itemListElement":[{"@type":"ListItem","position":1,"name":"Home","item":"https:\/\/tourcruiser.com\/de\/"},{"@type":"ListItem","position":2,"name":"Shop","item":"https:\/\/tourcruiser.com\/de\/shop\/"},{"@type":"ListItem","position":3,"name":"(Women) ASICS Gel Resolution 9 'Pearl Pink Sun Coral'"}]},{"@type":"WebSite","@id":"https:\/\/tourcruiser.com\/de\/#website","url":"https:\/\/tourcruiser.com\/de\/","name":"Styloral Jewelry Shop","description":"Tourcruiser Sneaker Store \u2014 der Ort, an dem das Universum deine Einzigartigkeit trifft.","publisher":{"@id":"https:\/\/tourcruiser.com\/de\/#organization"},"potentialAction":[{"@type":"SearchAction","target":{"@type":"EntryPoint","urlTemplate":"https:\/\/tourcruiser.com\/de\/?s={search_term_string}"},"query-input":{"@type":"PropertyValueSpecification","valueRequired":true,"valueName":"search_term_string"}}],"inLanguage":"de"},{"@type":"Organization","@id":"https:\/\/tourcruiser.com\/de\/#organization","name":"STYLORAL PTE. LTD","url":"https:\/\/tourcruiser.com\/de\/","logo":{"@type":"ImageObject","inLanguage":"de","@id":"https:\/\/tourcruiser.com\/de\/#\/schema\/logo\/image\/","url":"https:\/\/www.tourcruiser.com\/wp-content\/uploads\/2025\/12\/logo.png","contentUrl":"https:\/\/www.tourcruiser.com\/wp-content\/uploads\/2025\/12\/logo.png","width":200,"height":65,"caption":"STYLORAL PTE. LTD"},"image":{"@id":"https:\/\/tourcruiser.com\/de\/#\/schema\/logo\/image\/"}}]}},"_links":{"self":[{"href":"https:\/\/tourcruiser.com\/de\/wp-json\/wp\/v2\/product\/179916","targetHints":{"allow":["GET"]}}],"collection":[{"href":"https:\/\/tourcruiser.com\/de\/wp-json\/wp\/v2\/product"}],"about":[{"href":"https:\/\/tourcruiser.com\/de\/wp-json\/wp\/v2\/types\/product"}],"replies":[{"embeddable":true,"href":"https:\/\/tourcruiser.com\/de\/wp-json\/wp\/v2\/comments?post=179916"}],"wp:featuredmedia":[{"embeddable":true,"href":"https:\/\/tourcruiser.com\/de\/wp-json\/wp\/v2\/media\/179917"}],"wp:attachment":[{"href":"https:\/\/tourcruiser.com\/de\/wp-json\/wp\/v2\/media?parent=179916"}],"wp:term":[{"taxonomy":"product_brand","embeddable":true,"href":"https:\/\/tourcruiser.com\/de\/wp-json\/wp\/v2\/product_brand?post=179916"},{"taxonomy":"product_cat","embeddable":true,"href":"https:\/\/tourcruiser.com\/de\/wp-json\/wp\/v2\/product_cat?post=179916"},{"taxonomy":"product_tag","embeddable":true,"href":"https:\/\/tourcruiser.com\/de\/wp-json\/wp\/v2\/product_tag?post=179916"}],"curies":[{"name":"wp","href":"https:\/\/api.w.org\/{rel}","templated":true}]}}