{"id":17979,"date":"2026-02-20T15:13:43","date_gmt":"2026-02-20T08:13:43","guid":{"rendered":"http:\/\/tourcruiser.com\/product\/nike-journey-run-cannon-sanded-purple-fn0228-010"},"modified":"2026-03-28T00:28:38","modified_gmt":"2026-03-27T17:28:38","slug":"nike-journey-run-cannon-sanded-purple-fn0228-010","status":"publish","type":"product","link":"https:\/\/tourcruiser.com\/de\/products\/nike-journey-run-cannon-sanded-purple-fn0228-010\/","title":{"rendered":"Nike Journey Run &#8218;Cannon Sanded Purple&#8216;"},"content":{"rendered":"<p>Verbessere dein Lauferlebnis mit dem Nike Journey Run Cannon Sanded Purple FN0228-010 \u2013 entwickelt f\u00fcr H\u00f6chstleistungen und unvergleichlichen Komfort. Mit seinem eleganten und modernen Design ist dieser Schuh perfekt f\u00fcr Sportler und Fitnessbegeisterte, die Wert auf Stil und Funktionalit\u00e4t legen. Die leichte Konstruktion sorgt f\u00fcr m\u00fchelose Bewegungsfreiheit, w\u00e4hrend die strapazierf\u00e4higen Materialien auf jedem Terrain dauerhaften Halt bieten. Dank fortschrittlicher D\u00e4mpfungstechnologie bietet er hervorragende Sto\u00dfd\u00e4mpfung und reduziert die Belastung bei intensiven L\u00e4ufen. Das atmungsaktive Obermaterial f\u00f6rdert die Luftzirkulation und h\u00e4lt deine F\u00fc\u00dfe auch bei l\u00e4ngeren Aktivit\u00e4ten k\u00fchl und trocken. Die reaktionsfreudige Au\u00dfensohle bietet exzellente Traktion und Stabilit\u00e4t f\u00fcr einen geschmeidigeren und kontrollierteren Laufstil. Das atemberaubende, sandfarbene Lila und die markanten Kanonen-Akzente verleihen ihm eine moderne, auff\u00e4llige Optik, die sich nahtlos vom Workout-Look zum Streetwear-Style kombinieren l\u00e4sst. Der Nike Journey Run wurde mit viel Liebe zum Detail f\u00fcr alle entwickelt, die Leistung ohne Kompromisse beim Style fordern und ist somit eine vielseitige Erg\u00e4nzung f\u00fcr deine Sportschuhsammlung. Ob Marathon, Trainingseinheit oder Stadterkundung \u2013 mit diesem Schuh kommst du selbstbewusst und m\u00fchelos voran. Der Nike Journey Run Cannon Sanded Purple FN0228-010 wurde entwickelt, um zu H\u00f6chstleistungen zu inspirieren. Er ist mehr als nur ein Schuh \u2013 er begleitet dich auf jedem Schritt deiner Reise.<\/p>\n<ul>\n<li><strong>Farbgebung:<\/strong> Cannon\/Sanded Purple\/Pure Platinum\/Schwarz<\/li>\n<li><strong>Style-Code:<\/strong> FN0228-010<\/li>\n<li><strong>Farbe:<\/strong> Teal<\/li>\n<li><strong>Erscheinungsjahr:<\/strong> 2025<\/li>\n<\/ul>\n","protected":false},"excerpt":{"rendered":"<p>Nike Journey Run Cannon \u2014 Cannon\/Sanded Purple\/Pure Platinum\/Black<\/p>\n","protected":false},"featured_media":17980,"comment_status":"open","ping_status":"closed","template":"","meta":[],"product_brand":[],"product_cat":[6654],"product_tag":[],"class_list":{"0":"post-17979","1":"product","2":"type-product","3":"status-publish","4":"has-post-thumbnail","6":"product_cat-nike-2026","7":"wcpa_has_options","9":"first","10":"outofstock","11":"taxable","12":"shipping-taxable","13":"purchasable","14":"product-type-simple"},"wcpa_form_fields":{"rules":{"pric_overide_base_price":false,"pric_overide_base_price_if_gt_zero":false,"pric_overide_base_price_fully":false,"pric_cal_option_once":false,"pric_use_as_fee":false,"bind_quantity":false,"quantity_bind_formula":false},"fields":[{"type":"color-group","required":true,"elementId":"wcpa-color-group-66c4a75505e74","label":"Gr\u00f6\u00dfe - EU Gr\u00f6\u00dfe","inline":true,"priceOptions":"different_for_all","pricingType":"fixed","className":"hassizechart product-shoes-size-eu product-shoes-size","name":"color-group-66c4a75505e89","disp_type":"square","selection_type":"tick-border","disp_size":"44","show_label_inside":true,"adjust_width":true,"cart_display_type":"text","other_text":"Other","cl_rule":"show","col":6,"values":[{"label":"35.5","value":"EU 35.5","price":"","pimage":"","pimage_id":"","pthumb":"","color":""},{"label":"36","value":"EU 36","price":"","pimage":"","pimage_id":"","pthumb":"","color":"","selected":true},{"label":"36.5","value":"EU 36.5","price":"","pimage":"","pimage_id":"","pthumb":"","color":""},{"label":"37.5","value":"EU 37.5","price":"","pimage":"","pimage_id":"","pthumb":"","color":""},{"label":"38","value":"EU 38","price":"","pimage":"","pimage_id":"","pthumb":"","color":""},{"label":"38.5","value":"EU 38.5","price":"","pimage":"","pimage_id":"","pthumb":"","color":""},{"label":"39","value":"EU 39","price":"","pimage":"","pimage_id":"","pthumb":"","color":""},{"label":"40","value":"EU 40","price":"","pimage":"","pimage_id":"","pthumb":"","color":""},{"label":"40.5","value":"EU 40.5","price":"","pimage":"","pimage_id":"","pthumb":"","color":""},{"label":"41","value":"EU 41","price":"","pimage":"","pimage_id":"","pthumb":"","color":""},{"label":"42","value":"EU 42","price":"","pimage":"","pimage_id":"","pthumb":"","color":""},{"label":"42.5","value":"EU 42.5","price":"","pimage":"","pimage_id":"","pthumb":"","color":""},{"label":"43","value":"EU 43","price":"","pimage":"","pimage_id":"","pthumb":"","color":""},{"label":"44","value":"EU 44","price":"","pimage":"","pimage_id":"","pthumb":"","color":""},{"label":"44.5","value":"EU 44.5","price":"","pimage":"","pimage_id":"","pthumb":"","color":""},{"label":"45","value":"EU 45","price":"","pimage":"","pimage_id":"","pthumb":"","color":""},{"label":"45.5","value":"EU 45.5","price":"","pimage":"","pimage_id":"","pthumb":"","color":""},{"label":"46","value":"EU 46","price":"","pimage":"","pimage_id":"","pthumb":"","color":""},{"label":"47","value":"EU 47","price":"","pimage":"","pimage_id":"","pthumb":"","color":""},{"label":"47.5","value":"EU 47.5","price":"","pimage":"","pimage_id":"","pthumb":"","color":""},{"label":"48","value":"EU 48","price":"","pimage":"","pimage_id":"","pthumb":"","color":""}],"relations":[{"operator":false,"rules":[]}],"form_id":18106,"form_rules":{"pric_cal_option_once":false,"exclude_from_discount":false,"pric_use_as_fee":false,"fee_label":"Fee","render_after_acb":false,"disp_hide_options_price":false}}]},"yoast_head":"<!-- This site is optimized with the Yoast SEO plugin v26.5 - https:\/\/yoast.com\/wordpress\/plugins\/seo\/ -->\n<title>Nike Journey Run &#039;Cannon Sanded Purple&#039; - Tourcruiser PTE. LTD<\/title>\n<meta name=\"robots\" content=\"index, follow, max-snippet:-1, max-image-preview:large, max-video-preview:-1\" \/>\n<link rel=\"canonical\" href=\"https:\/\/tourcruiser.com\/de\/products\/nike-journey-run-cannon-sanded-purple-fn0228-010\/\" \/>\n<meta property=\"og:locale\" content=\"de_DE\" \/>\n<meta property=\"og:type\" content=\"article\" \/>\n<meta property=\"og:title\" content=\"Nike Journey Run &#039;Cannon Sanded Purple&#039; - Tourcruiser PTE. LTD\" \/>\n<meta property=\"og:description\" content=\"Nike Journey Run Cannon \u2014 Cannon\/Sanded Purple\/Pure Platinum\/Black\" \/>\n<meta property=\"og:url\" content=\"https:\/\/tourcruiser.com\/de\/products\/nike-journey-run-cannon-sanded-purple-fn0228-010\/\" \/>\n<meta property=\"og:site_name\" content=\"Tourcruiser Sneaker Store\" \/>\n<meta property=\"article:modified_time\" content=\"2026-03-27T17:28:38+00:00\" \/>\n<meta name=\"twitter:card\" content=\"summary_large_image\" \/>\n<meta name=\"twitter:image\" content=\"https:\/\/images.novelship.com\/product\/nike_journey_run_cannon_sanded_purple_fn0228-010_0_56610.jpeg\" \/>\n<meta name=\"twitter:label1\" content=\"Gesch\u00e4tzte Lesezeit\" \/>\n\t<meta name=\"twitter:data1\" content=\"1\u00a0Minute\" \/>\n<script type=\"application\/ld+json\" class=\"yoast-schema-graph\">{\"@context\":\"https:\/\/schema.org\",\"@graph\":[{\"@type\":\"WebPage\",\"@id\":\"https:\/\/tourcruiser.com\/de\/products\/nike-journey-run-cannon-sanded-purple-fn0228-010\/\",\"url\":\"https:\/\/tourcruiser.com\/de\/products\/nike-journey-run-cannon-sanded-purple-fn0228-010\/\",\"name\":\"Nike Journey Run 'Cannon Sanded Purple' - Tourcruiser PTE. LTD\",\"isPartOf\":{\"@id\":\"https:\/\/tourcruiser.com\/de\/#website\"},\"primaryImageOfPage\":{\"@id\":\"https:\/\/tourcruiser.com\/de\/products\/nike-journey-run-cannon-sanded-purple-fn0228-010\/#primaryimage\"},\"image\":{\"@id\":\"https:\/\/tourcruiser.com\/de\/products\/nike-journey-run-cannon-sanded-purple-fn0228-010\/#primaryimage\"},\"thumbnailUrl\":\"https:\/\/images.novelship.com\/product\/nike_journey_run_cannon_sanded_purple_fn0228-010_0_56610.jpeg\",\"datePublished\":\"2026-02-20T08:13:43+00:00\",\"dateModified\":\"2026-03-27T17:28:38+00:00\",\"breadcrumb\":{\"@id\":\"https:\/\/tourcruiser.com\/de\/products\/nike-journey-run-cannon-sanded-purple-fn0228-010\/#breadcrumb\"},\"inLanguage\":\"de\",\"potentialAction\":[{\"@type\":\"ReadAction\",\"target\":[\"https:\/\/tourcruiser.com\/de\/products\/nike-journey-run-cannon-sanded-purple-fn0228-010\/\"]}]},{\"@type\":\"ImageObject\",\"inLanguage\":\"de\",\"@id\":\"https:\/\/tourcruiser.com\/de\/products\/nike-journey-run-cannon-sanded-purple-fn0228-010\/#primaryimage\",\"url\":\"https:\/\/images.novelship.com\/product\/nike_journey_run_cannon_sanded_purple_fn0228-010_0_56610.jpeg\",\"contentUrl\":\"https:\/\/images.novelship.com\/product\/nike_journey_run_cannon_sanded_purple_fn0228-010_0_56610.jpeg\"},{\"@type\":\"BreadcrumbList\",\"@id\":\"https:\/\/tourcruiser.com\/de\/products\/nike-journey-run-cannon-sanded-purple-fn0228-010\/#breadcrumb\",\"itemListElement\":[{\"@type\":\"ListItem\",\"position\":1,\"name\":\"Home\",\"item\":\"https:\/\/tourcruiser.com\/de\/\"},{\"@type\":\"ListItem\",\"position\":2,\"name\":\"Shop\",\"item\":\"https:\/\/tourcruiser.com\/de\/shop\/\"},{\"@type\":\"ListItem\",\"position\":3,\"name\":\"Nike Journey Run 'Cannon Sanded Purple'\"}]},{\"@type\":\"WebSite\",\"@id\":\"https:\/\/tourcruiser.com\/de\/#website\",\"url\":\"https:\/\/tourcruiser.com\/de\/\",\"name\":\"Styloral Jewelry Shop\",\"description\":\"Tourcruiser Sneaker Store \u2014 der Ort, an dem das Universum deine Einzigartigkeit trifft.\",\"publisher\":{\"@id\":\"https:\/\/tourcruiser.com\/de\/#organization\"},\"potentialAction\":[{\"@type\":\"SearchAction\",\"target\":{\"@type\":\"EntryPoint\",\"urlTemplate\":\"https:\/\/tourcruiser.com\/de\/?s={search_term_string}\"},\"query-input\":{\"@type\":\"PropertyValueSpecification\",\"valueRequired\":true,\"valueName\":\"search_term_string\"}}],\"inLanguage\":\"de\"},{\"@type\":\"Organization\",\"@id\":\"https:\/\/tourcruiser.com\/de\/#organization\",\"name\":\"STYLORAL PTE. LTD\",\"url\":\"https:\/\/tourcruiser.com\/de\/\",\"logo\":{\"@type\":\"ImageObject\",\"inLanguage\":\"de\",\"@id\":\"https:\/\/tourcruiser.com\/de\/#\/schema\/logo\/image\/\",\"url\":\"https:\/\/www.tourcruiser.com\/wp-content\/uploads\/2025\/12\/logo.png\",\"contentUrl\":\"https:\/\/www.tourcruiser.com\/wp-content\/uploads\/2025\/12\/logo.png\",\"width\":200,\"height\":65,\"caption\":\"STYLORAL PTE. LTD\"},\"image\":{\"@id\":\"https:\/\/tourcruiser.com\/de\/#\/schema\/logo\/image\/\"}}]}<\/script>\n<!-- \/ Yoast SEO plugin. -->","yoast_head_json":{"title":"Nike Journey Run 'Cannon Sanded Purple' - Tourcruiser PTE. LTD","robots":{"index":"index","follow":"follow","max-snippet":"max-snippet:-1","max-image-preview":"max-image-preview:large","max-video-preview":"max-video-preview:-1"},"canonical":"https:\/\/tourcruiser.com\/de\/products\/nike-journey-run-cannon-sanded-purple-fn0228-010\/","og_locale":"de_DE","og_type":"article","og_title":"Nike Journey Run 'Cannon Sanded Purple' - Tourcruiser PTE. LTD","og_description":"Nike Journey Run Cannon \u2014 Cannon\/Sanded Purple\/Pure Platinum\/Black","og_url":"https:\/\/tourcruiser.com\/de\/products\/nike-journey-run-cannon-sanded-purple-fn0228-010\/","og_site_name":"Tourcruiser Sneaker Store","article_modified_time":"2026-03-27T17:28:38+00:00","twitter_card":"summary_large_image","twitter_image":"https:\/\/images.novelship.com\/product\/nike_journey_run_cannon_sanded_purple_fn0228-010_0_56610.jpeg","twitter_misc":{"Gesch\u00e4tzte Lesezeit":"1\u00a0Minute"},"schema":{"@context":"https:\/\/schema.org","@graph":[{"@type":"WebPage","@id":"https:\/\/tourcruiser.com\/de\/products\/nike-journey-run-cannon-sanded-purple-fn0228-010\/","url":"https:\/\/tourcruiser.com\/de\/products\/nike-journey-run-cannon-sanded-purple-fn0228-010\/","name":"Nike Journey Run 'Cannon Sanded Purple' - Tourcruiser PTE. LTD","isPartOf":{"@id":"https:\/\/tourcruiser.com\/de\/#website"},"primaryImageOfPage":{"@id":"https:\/\/tourcruiser.com\/de\/products\/nike-journey-run-cannon-sanded-purple-fn0228-010\/#primaryimage"},"image":{"@id":"https:\/\/tourcruiser.com\/de\/products\/nike-journey-run-cannon-sanded-purple-fn0228-010\/#primaryimage"},"thumbnailUrl":"https:\/\/images.novelship.com\/product\/nike_journey_run_cannon_sanded_purple_fn0228-010_0_56610.jpeg","datePublished":"2026-02-20T08:13:43+00:00","dateModified":"2026-03-27T17:28:38+00:00","breadcrumb":{"@id":"https:\/\/tourcruiser.com\/de\/products\/nike-journey-run-cannon-sanded-purple-fn0228-010\/#breadcrumb"},"inLanguage":"de","potentialAction":[{"@type":"ReadAction","target":["https:\/\/tourcruiser.com\/de\/products\/nike-journey-run-cannon-sanded-purple-fn0228-010\/"]}]},{"@type":"ImageObject","inLanguage":"de","@id":"https:\/\/tourcruiser.com\/de\/products\/nike-journey-run-cannon-sanded-purple-fn0228-010\/#primaryimage","url":"https:\/\/images.novelship.com\/product\/nike_journey_run_cannon_sanded_purple_fn0228-010_0_56610.jpeg","contentUrl":"https:\/\/images.novelship.com\/product\/nike_journey_run_cannon_sanded_purple_fn0228-010_0_56610.jpeg"},{"@type":"BreadcrumbList","@id":"https:\/\/tourcruiser.com\/de\/products\/nike-journey-run-cannon-sanded-purple-fn0228-010\/#breadcrumb","itemListElement":[{"@type":"ListItem","position":1,"name":"Home","item":"https:\/\/tourcruiser.com\/de\/"},{"@type":"ListItem","position":2,"name":"Shop","item":"https:\/\/tourcruiser.com\/de\/shop\/"},{"@type":"ListItem","position":3,"name":"Nike Journey Run 'Cannon Sanded Purple'"}]},{"@type":"WebSite","@id":"https:\/\/tourcruiser.com\/de\/#website","url":"https:\/\/tourcruiser.com\/de\/","name":"Styloral Jewelry Shop","description":"Tourcruiser Sneaker Store \u2014 der Ort, an dem das Universum deine Einzigartigkeit trifft.","publisher":{"@id":"https:\/\/tourcruiser.com\/de\/#organization"},"potentialAction":[{"@type":"SearchAction","target":{"@type":"EntryPoint","urlTemplate":"https:\/\/tourcruiser.com\/de\/?s={search_term_string}"},"query-input":{"@type":"PropertyValueSpecification","valueRequired":true,"valueName":"search_term_string"}}],"inLanguage":"de"},{"@type":"Organization","@id":"https:\/\/tourcruiser.com\/de\/#organization","name":"STYLORAL PTE. LTD","url":"https:\/\/tourcruiser.com\/de\/","logo":{"@type":"ImageObject","inLanguage":"de","@id":"https:\/\/tourcruiser.com\/de\/#\/schema\/logo\/image\/","url":"https:\/\/www.tourcruiser.com\/wp-content\/uploads\/2025\/12\/logo.png","contentUrl":"https:\/\/www.tourcruiser.com\/wp-content\/uploads\/2025\/12\/logo.png","width":200,"height":65,"caption":"STYLORAL PTE. LTD"},"image":{"@id":"https:\/\/tourcruiser.com\/de\/#\/schema\/logo\/image\/"}}]}},"_links":{"self":[{"href":"https:\/\/tourcruiser.com\/de\/wp-json\/wp\/v2\/product\/17979","targetHints":{"allow":["GET"]}}],"collection":[{"href":"https:\/\/tourcruiser.com\/de\/wp-json\/wp\/v2\/product"}],"about":[{"href":"https:\/\/tourcruiser.com\/de\/wp-json\/wp\/v2\/types\/product"}],"replies":[{"embeddable":true,"href":"https:\/\/tourcruiser.com\/de\/wp-json\/wp\/v2\/comments?post=17979"}],"wp:featuredmedia":[{"embeddable":true,"href":"https:\/\/tourcruiser.com\/de\/wp-json\/wp\/v2\/media\/17980"}],"wp:attachment":[{"href":"https:\/\/tourcruiser.com\/de\/wp-json\/wp\/v2\/media?parent=17979"}],"wp:term":[{"taxonomy":"product_brand","embeddable":true,"href":"https:\/\/tourcruiser.com\/de\/wp-json\/wp\/v2\/product_brand?post=17979"},{"taxonomy":"product_cat","embeddable":true,"href":"https:\/\/tourcruiser.com\/de\/wp-json\/wp\/v2\/product_cat?post=17979"},{"taxonomy":"product_tag","embeddable":true,"href":"https:\/\/tourcruiser.com\/de\/wp-json\/wp\/v2\/product_tag?post=17979"}],"curies":[{"name":"wp","href":"https:\/\/api.w.org\/{rel}","templated":true}]}}