{"id":179632,"date":"2026-03-02T16:34:53","date_gmt":"2026-03-02T09:34:53","guid":{"rendered":"http:\/\/tourcruiser.com\/product\/women-nike-cortez-textile-se-black-pink-ice"},"modified":"2026-03-28T01:47:07","modified_gmt":"2026-03-27T18:47:07","slug":"women-nike-cortez-textile-se-black-pink-ice","status":"publish","type":"product","link":"https:\/\/tourcruiser.com\/de\/products\/women-nike-cortez-textile-se-black-pink-ice\/","title":{"rendered":"(Women) Nike Cortez Textile SE &#8218;Black Pink Ice&#8216;"},"content":{"rendered":"<p>Mit dem Nike Cortez Textile SE IH2014-010 f\u00fcr Damen verleihst du deinem Alltagslook das gewisse Etwas. Dieser moderne Sneaker interpretiert eine ikonische Silhouette neu und vereint Tradition mit zeitgen\u00f6ssischem Flair. Das hochwertige Textil-Obermaterial sorgt f\u00fcr Langlebigkeit und ganzt\u00e4gigen Tragekomfort, ohne dabei das klassische Design zu beeintr\u00e4chtigen. Die EVA-Schaum-Mittelsohle bietet hervorragende D\u00e4mpfung und unterst\u00fctzt deinen Schritt, egal ob du durch die Stra\u00dfen schlenderst oder Besorgungen erledigst. Die Gummiau\u00dfensohle mit Fischgr\u00e4tenmuster bietet optimale Traktion und Stabilit\u00e4t und macht den Schuh so zum perfekten Begleiter f\u00fcr vielseitige Anl\u00e4sse. Das elegante Schwarz-Wei\u00df-Design mit dezenten Details macht ihn zu einer m\u00fchelos schicken Erg\u00e4nzung deiner Garderobe. Kombinieren Sie es mit l\u00e4ssiger oder sportlicher Kleidung f\u00fcr einen zeitlosen und dennoch modischen Look.<\/p>\n<ul>\n<li><strong>Farbgebung:<\/strong> Schwarz\/Pink Ice\/Schwarz<\/li>\n<li><strong>Artikelnummer:<\/strong> IH2014-010<\/li>\n<li><strong>Obermaterial:<\/strong> Textil<\/li>\n<li><strong>Farbe:<\/strong> Schwarz<\/li>\n<\/ul>\n","protected":false},"excerpt":{"rendered":"<p>Nike Cortez Textile SE \u201d\u201d Black\/Pink Ice\/Black<\/p>\n","protected":false},"featured_media":179633,"comment_status":"open","ping_status":"closed","template":"","meta":[],"product_brand":[],"product_cat":[10809],"product_tag":[10992],"class_list":{"0":"post-179632","1":"product","2":"type-product","3":"status-publish","4":"has-post-thumbnail","6":"product_cat-nike-women","7":"product_tag-small-100-usd","8":"wcpa_has_options","10":"first","11":"outofstock","12":"taxable","13":"shipping-taxable","14":"purchasable","15":"product-type-simple"},"wcpa_form_fields":{"rules":{"pric_overide_base_price":false,"pric_overide_base_price_if_gt_zero":false,"pric_overide_base_price_fully":false,"pric_cal_option_once":false,"pric_use_as_fee":false,"bind_quantity":false,"quantity_bind_formula":false},"fields":[{"type":"color-group","required":true,"elementId":"wcpa-color-group-66c4a75505e74","label":"Gr\u00f6\u00dfe - EU Gr\u00f6\u00dfe","inline":true,"priceOptions":"different_for_all","pricingType":"fixed","className":"hassizechart product-shoes-size-eu product-shoes-size","name":"color-group-66c4a75505e89","disp_type":"square","selection_type":"tick-border","disp_size":"44","show_label_inside":true,"adjust_width":true,"cart_display_type":"text","other_text":"Other","cl_rule":"show","col":6,"values":[{"label":"35.5","value":"EU 35.5","price":"","pimage":"","pimage_id":"","pthumb":"","color":""},{"label":"36","value":"EU 36","price":"","pimage":"","pimage_id":"","pthumb":"","color":"","selected":true},{"label":"36.5","value":"EU 36.5","price":"","pimage":"","pimage_id":"","pthumb":"","color":""},{"label":"37.5","value":"EU 37.5","price":"","pimage":"","pimage_id":"","pthumb":"","color":""},{"label":"38","value":"EU 38","price":"","pimage":"","pimage_id":"","pthumb":"","color":""},{"label":"38.5","value":"EU 38.5","price":"","pimage":"","pimage_id":"","pthumb":"","color":""},{"label":"39","value":"EU 39","price":"","pimage":"","pimage_id":"","pthumb":"","color":""},{"label":"40","value":"EU 40","price":"","pimage":"","pimage_id":"","pthumb":"","color":""},{"label":"40.5","value":"EU 40.5","price":"","pimage":"","pimage_id":"","pthumb":"","color":""},{"label":"41","value":"EU 41","price":"","pimage":"","pimage_id":"","pthumb":"","color":""},{"label":"42","value":"EU 42","price":"","pimage":"","pimage_id":"","pthumb":"","color":""},{"label":"42.5","value":"EU 42.5","price":"","pimage":"","pimage_id":"","pthumb":"","color":""},{"label":"43","value":"EU 43","price":"","pimage":"","pimage_id":"","pthumb":"","color":""},{"label":"44","value":"EU 44","price":"","pimage":"","pimage_id":"","pthumb":"","color":""},{"label":"44.5","value":"EU 44.5","price":"","pimage":"","pimage_id":"","pthumb":"","color":""},{"label":"45","value":"EU 45","price":"","pimage":"","pimage_id":"","pthumb":"","color":""},{"label":"45.5","value":"EU 45.5","price":"","pimage":"","pimage_id":"","pthumb":"","color":""},{"label":"46","value":"EU 46","price":"","pimage":"","pimage_id":"","pthumb":"","color":""},{"label":"47","value":"EU 47","price":"","pimage":"","pimage_id":"","pthumb":"","color":""},{"label":"47.5","value":"EU 47.5","price":"","pimage":"","pimage_id":"","pthumb":"","color":""},{"label":"48","value":"EU 48","price":"","pimage":"","pimage_id":"","pthumb":"","color":""}],"relations":[{"operator":false,"rules":[]}],"form_id":18106,"form_rules":{"pric_cal_option_once":false,"exclude_from_discount":false,"pric_use_as_fee":false,"fee_label":"Fee","render_after_acb":false,"disp_hide_options_price":false}}]},"yoast_head":"<!-- This site is optimized with the Yoast SEO plugin v26.5 - https:\/\/yoast.com\/wordpress\/plugins\/seo\/ -->\n<title>(Women) Nike Cortez Textile SE &#039;Black Pink Ice&#039;  - Tourcruiser PTE. LTD<\/title>\n<meta name=\"robots\" content=\"index, follow, max-snippet:-1, max-image-preview:large, max-video-preview:-1\" \/>\n<link rel=\"canonical\" href=\"https:\/\/tourcruiser.com\/\" \/>\n<meta property=\"og:locale\" content=\"de_DE\" \/>\n<meta property=\"og:type\" content=\"article\" \/>\n<meta property=\"og:title\" content=\"(Women) Nike Cortez Textile SE &#039;Black Pink Ice&#039;  - Tourcruiser PTE. LTD\" \/>\n<meta property=\"og:description\" content=\"Nike Cortez Textile SE \u201d\u201d Black\/Pink Ice\/Black\" \/>\n<meta property=\"og:url\" content=\"\/\" \/>\n<meta property=\"og:site_name\" content=\"Tourcruiser Sneaker Store\" \/>\n<meta property=\"article:modified_time\" content=\"2026-03-27T18:47:07+00:00\" \/>\n<meta name=\"twitter:card\" content=\"summary_large_image\" \/>\n<meta name=\"twitter:image\" content=\"https:\/\/images.novelship.com\/product\/_women__nike_cortez_textile_se_ih2014-010_0_72543.png;https:\/\/images.novelship.com\/product\/_women__nike_cortez_textile_se_ih2014-010_1_72543.png;https:\/\/images.novelship.com\/product\/_women__nike_cortez_textile_se_ih2014-010_2_72543.png;https:\/\/images.novelship.com\/product\/_women__nike_cortez_textile_se_ih2014-010_3_72543.png;https:\/\/images.novelship.com\/product\/_women__nike_cortez_textile_se_ih2014-010_4_72543.png;https:\/\/images.novelship.com\/product\/_women__nike_cortez_textile_se_ih2014-010_5_72543.png;https:\/\/images.novelship.com\/product\/_women__nike_cortez_textile_se_ih2014-010_6_72544.png;https:\/\/images.novelship.com\/product\/_women__nike_cortez_textile_se_ih2014-010_7_72544.png\" \/>\n<meta name=\"twitter:label1\" content=\"Gesch\u00e4tzte Lesezeit\" \/>\n\t<meta name=\"twitter:data1\" content=\"1\u00a0Minute\" \/>\n<script type=\"application\/ld+json\" class=\"yoast-schema-graph\">{\"@context\":\"https:\/\/schema.org\",\"@graph\":[{\"@type\":\"WebPage\",\"@id\":\"\/\",\"url\":\"https:\/\/tourcruiser.com\/\",\"name\":\"(Women) Nike Cortez Textile SE 'Black Pink Ice' - Tourcruiser PTE. LTD\",\"isPartOf\":{\"@id\":\"https:\/\/tourcruiser.com\/de\/#website\"},\"primaryImageOfPage\":{\"@id\":\"https:\/\/tourcruiser.com\/#primaryimage\"},\"image\":{\"@id\":\"https:\/\/tourcruiser.com\/#primaryimage\"},\"thumbnailUrl\":\"https:\/\/images.novelship.com\/product\/_women__nike_cortez_textile_se_ih2014-010_0_72543.png;https:\/\/images.novelship.com\/product\/_women__nike_cortez_textile_se_ih2014-010_1_72543.png;https:\/\/images.novelship.com\/product\/_women__nike_cortez_textile_se_ih2014-010_2_72543.png;https:\/\/images.novelship.com\/product\/_women__nike_cortez_textile_se_ih2014-010_3_72543.png;https:\/\/images.novelship.com\/product\/_women__nike_cortez_textile_se_ih2014-010_4_72543.png;https:\/\/images.novelship.com\/product\/_women__nike_cortez_textile_se_ih2014-010_5_72543.png;https:\/\/images.novelship.com\/product\/_women__nike_cortez_textile_se_ih2014-010_6_72544.png;https:\/\/images.novelship.com\/product\/_women__nike_cortez_textile_se_ih2014-010_7_72544.png\",\"datePublished\":\"2026-03-02T09:34:53+00:00\",\"dateModified\":\"2026-03-27T18:47:07+00:00\",\"breadcrumb\":{\"@id\":\"https:\/\/tourcruiser.com\/#breadcrumb\"},\"inLanguage\":\"de\",\"potentialAction\":[{\"@type\":\"ReadAction\",\"target\":[\"https:\/\/tourcruiser.com\/\"]}]},{\"@type\":\"ImageObject\",\"inLanguage\":\"de\",\"@id\":\"https:\/\/tourcruiser.com\/#primaryimage\",\"url\":\"https:\/\/images.novelship.com\/product\/_women__nike_cortez_textile_se_ih2014-010_0_72543.png;https:\/\/images.novelship.com\/product\/_women__nike_cortez_textile_se_ih2014-010_1_72543.png;https:\/\/images.novelship.com\/product\/_women__nike_cortez_textile_se_ih2014-010_2_72543.png;https:\/\/images.novelship.com\/product\/_women__nike_cortez_textile_se_ih2014-010_3_72543.png;https:\/\/images.novelship.com\/product\/_women__nike_cortez_textile_se_ih2014-010_4_72543.png;https:\/\/images.novelship.com\/product\/_women__nike_cortez_textile_se_ih2014-010_5_72543.png;https:\/\/images.novelship.com\/product\/_women__nike_cortez_textile_se_ih2014-010_6_72544.png;https:\/\/images.novelship.com\/product\/_women__nike_cortez_textile_se_ih2014-010_7_72544.png\",\"contentUrl\":\"https:\/\/images.novelship.com\/product\/_women__nike_cortez_textile_se_ih2014-010_0_72543.png;https:\/\/images.novelship.com\/product\/_women__nike_cortez_textile_se_ih2014-010_1_72543.png;https:\/\/images.novelship.com\/product\/_women__nike_cortez_textile_se_ih2014-010_2_72543.png;https:\/\/images.novelship.com\/product\/_women__nike_cortez_textile_se_ih2014-010_3_72543.png;https:\/\/images.novelship.com\/product\/_women__nike_cortez_textile_se_ih2014-010_4_72543.png;https:\/\/images.novelship.com\/product\/_women__nike_cortez_textile_se_ih2014-010_5_72543.png;https:\/\/images.novelship.com\/product\/_women__nike_cortez_textile_se_ih2014-010_6_72544.png;https:\/\/images.novelship.com\/product\/_women__nike_cortez_textile_se_ih2014-010_7_72544.png\"},{\"@type\":\"BreadcrumbList\",\"@id\":\"https:\/\/tourcruiser.com\/#breadcrumb\",\"itemListElement\":[{\"@type\":\"ListItem\",\"position\":1,\"name\":\"Home\",\"item\":\"https:\/\/tourcruiser.com\/de\/\"},{\"@type\":\"ListItem\",\"position\":2,\"name\":\"Shop\",\"item\":\"https:\/\/tourcruiser.com\/de\/shop\/\"},{\"@type\":\"ListItem\",\"position\":3,\"name\":\"(Women) Nike Cortez Textile SE &#8218;Black Pink Ice&#8216;\"}]},{\"@type\":\"WebSite\",\"@id\":\"https:\/\/tourcruiser.com\/de\/#website\",\"url\":\"https:\/\/tourcruiser.com\/de\/\",\"name\":\"Styloral Jewelry Shop\",\"description\":\"Tourcruiser Sneaker Store \u2014 der Ort, an dem das Universum deine Einzigartigkeit trifft.\",\"publisher\":{\"@id\":\"https:\/\/tourcruiser.com\/de\/#organization\"},\"potentialAction\":[{\"@type\":\"SearchAction\",\"target\":{\"@type\":\"EntryPoint\",\"urlTemplate\":\"https:\/\/tourcruiser.com\/de\/?s={search_term_string}\"},\"query-input\":{\"@type\":\"PropertyValueSpecification\",\"valueRequired\":true,\"valueName\":\"search_term_string\"}}],\"inLanguage\":\"de\"},{\"@type\":\"Organization\",\"@id\":\"https:\/\/tourcruiser.com\/de\/#organization\",\"name\":\"STYLORAL PTE. LTD\",\"url\":\"https:\/\/tourcruiser.com\/de\/\",\"logo\":{\"@type\":\"ImageObject\",\"inLanguage\":\"de\",\"@id\":\"https:\/\/tourcruiser.com\/de\/#\/schema\/logo\/image\/\",\"url\":\"https:\/\/www.tourcruiser.com\/wp-content\/uploads\/2025\/12\/logo.png\",\"contentUrl\":\"https:\/\/www.tourcruiser.com\/wp-content\/uploads\/2025\/12\/logo.png\",\"width\":200,\"height\":65,\"caption\":\"STYLORAL PTE. LTD\"},\"image\":{\"@id\":\"https:\/\/tourcruiser.com\/de\/#\/schema\/logo\/image\/\"}}]}<\/script>\n<!-- \/ Yoast SEO plugin. -->","yoast_head_json":{"title":"(Women) Nike Cortez Textile SE 'Black Pink Ice'  - Tourcruiser PTE. LTD","robots":{"index":"index","follow":"follow","max-snippet":"max-snippet:-1","max-image-preview":"max-image-preview:large","max-video-preview":"max-video-preview:-1"},"canonical":"https:\/\/tourcruiser.com\/","og_locale":"de_DE","og_type":"article","og_title":"(Women) Nike Cortez Textile SE 'Black Pink Ice'  - Tourcruiser PTE. LTD","og_description":"Nike Cortez Textile SE \u201d\u201d Black\/Pink Ice\/Black","og_url":"\/","og_site_name":"Tourcruiser Sneaker Store","article_modified_time":"2026-03-27T18:47:07+00:00","twitter_card":"summary_large_image","twitter_image":"https:\/\/images.novelship.com\/product\/_women__nike_cortez_textile_se_ih2014-010_0_72543.png;https:\/\/images.novelship.com\/product\/_women__nike_cortez_textile_se_ih2014-010_1_72543.png;https:\/\/images.novelship.com\/product\/_women__nike_cortez_textile_se_ih2014-010_2_72543.png;https:\/\/images.novelship.com\/product\/_women__nike_cortez_textile_se_ih2014-010_3_72543.png;https:\/\/images.novelship.com\/product\/_women__nike_cortez_textile_se_ih2014-010_4_72543.png;https:\/\/images.novelship.com\/product\/_women__nike_cortez_textile_se_ih2014-010_5_72543.png;https:\/\/images.novelship.com\/product\/_women__nike_cortez_textile_se_ih2014-010_6_72544.png;https:\/\/images.novelship.com\/product\/_women__nike_cortez_textile_se_ih2014-010_7_72544.png","twitter_misc":{"Gesch\u00e4tzte Lesezeit":"1\u00a0Minute"},"schema":{"@context":"https:\/\/schema.org","@graph":[{"@type":"WebPage","@id":"\/","url":"https:\/\/tourcruiser.com\/","name":"(Women) Nike Cortez Textile SE 'Black Pink Ice' - Tourcruiser PTE. LTD","isPartOf":{"@id":"https:\/\/tourcruiser.com\/de\/#website"},"primaryImageOfPage":{"@id":"https:\/\/tourcruiser.com\/#primaryimage"},"image":{"@id":"https:\/\/tourcruiser.com\/#primaryimage"},"thumbnailUrl":"https:\/\/images.novelship.com\/product\/_women__nike_cortez_textile_se_ih2014-010_0_72543.png;https:\/\/images.novelship.com\/product\/_women__nike_cortez_textile_se_ih2014-010_1_72543.png;https:\/\/images.novelship.com\/product\/_women__nike_cortez_textile_se_ih2014-010_2_72543.png;https:\/\/images.novelship.com\/product\/_women__nike_cortez_textile_se_ih2014-010_3_72543.png;https:\/\/images.novelship.com\/product\/_women__nike_cortez_textile_se_ih2014-010_4_72543.png;https:\/\/images.novelship.com\/product\/_women__nike_cortez_textile_se_ih2014-010_5_72543.png;https:\/\/images.novelship.com\/product\/_women__nike_cortez_textile_se_ih2014-010_6_72544.png;https:\/\/images.novelship.com\/product\/_women__nike_cortez_textile_se_ih2014-010_7_72544.png","datePublished":"2026-03-02T09:34:53+00:00","dateModified":"2026-03-27T18:47:07+00:00","breadcrumb":{"@id":"https:\/\/tourcruiser.com\/#breadcrumb"},"inLanguage":"de","potentialAction":[{"@type":"ReadAction","target":["https:\/\/tourcruiser.com\/"]}]},{"@type":"ImageObject","inLanguage":"de","@id":"https:\/\/tourcruiser.com\/#primaryimage","url":"https:\/\/images.novelship.com\/product\/_women__nike_cortez_textile_se_ih2014-010_0_72543.png;https:\/\/images.novelship.com\/product\/_women__nike_cortez_textile_se_ih2014-010_1_72543.png;https:\/\/images.novelship.com\/product\/_women__nike_cortez_textile_se_ih2014-010_2_72543.png;https:\/\/images.novelship.com\/product\/_women__nike_cortez_textile_se_ih2014-010_3_72543.png;https:\/\/images.novelship.com\/product\/_women__nike_cortez_textile_se_ih2014-010_4_72543.png;https:\/\/images.novelship.com\/product\/_women__nike_cortez_textile_se_ih2014-010_5_72543.png;https:\/\/images.novelship.com\/product\/_women__nike_cortez_textile_se_ih2014-010_6_72544.png;https:\/\/images.novelship.com\/product\/_women__nike_cortez_textile_se_ih2014-010_7_72544.png","contentUrl":"https:\/\/images.novelship.com\/product\/_women__nike_cortez_textile_se_ih2014-010_0_72543.png;https:\/\/images.novelship.com\/product\/_women__nike_cortez_textile_se_ih2014-010_1_72543.png;https:\/\/images.novelship.com\/product\/_women__nike_cortez_textile_se_ih2014-010_2_72543.png;https:\/\/images.novelship.com\/product\/_women__nike_cortez_textile_se_ih2014-010_3_72543.png;https:\/\/images.novelship.com\/product\/_women__nike_cortez_textile_se_ih2014-010_4_72543.png;https:\/\/images.novelship.com\/product\/_women__nike_cortez_textile_se_ih2014-010_5_72543.png;https:\/\/images.novelship.com\/product\/_women__nike_cortez_textile_se_ih2014-010_6_72544.png;https:\/\/images.novelship.com\/product\/_women__nike_cortez_textile_se_ih2014-010_7_72544.png"},{"@type":"BreadcrumbList","@id":"https:\/\/tourcruiser.com\/#breadcrumb","itemListElement":[{"@type":"ListItem","position":1,"name":"Home","item":"https:\/\/tourcruiser.com\/de\/"},{"@type":"ListItem","position":2,"name":"Shop","item":"https:\/\/tourcruiser.com\/de\/shop\/"},{"@type":"ListItem","position":3,"name":"(Women) Nike Cortez Textile SE &#8218;Black Pink Ice&#8216;"}]},{"@type":"WebSite","@id":"https:\/\/tourcruiser.com\/de\/#website","url":"https:\/\/tourcruiser.com\/de\/","name":"Styloral Jewelry Shop","description":"Tourcruiser Sneaker Store \u2014 der Ort, an dem das Universum deine Einzigartigkeit trifft.","publisher":{"@id":"https:\/\/tourcruiser.com\/de\/#organization"},"potentialAction":[{"@type":"SearchAction","target":{"@type":"EntryPoint","urlTemplate":"https:\/\/tourcruiser.com\/de\/?s={search_term_string}"},"query-input":{"@type":"PropertyValueSpecification","valueRequired":true,"valueName":"search_term_string"}}],"inLanguage":"de"},{"@type":"Organization","@id":"https:\/\/tourcruiser.com\/de\/#organization","name":"STYLORAL PTE. LTD","url":"https:\/\/tourcruiser.com\/de\/","logo":{"@type":"ImageObject","inLanguage":"de","@id":"https:\/\/tourcruiser.com\/de\/#\/schema\/logo\/image\/","url":"https:\/\/www.tourcruiser.com\/wp-content\/uploads\/2025\/12\/logo.png","contentUrl":"https:\/\/www.tourcruiser.com\/wp-content\/uploads\/2025\/12\/logo.png","width":200,"height":65,"caption":"STYLORAL PTE. LTD"},"image":{"@id":"https:\/\/tourcruiser.com\/de\/#\/schema\/logo\/image\/"}}]}},"_links":{"self":[{"href":"https:\/\/tourcruiser.com\/de\/wp-json\/wp\/v2\/product\/179632","targetHints":{"allow":["GET"]}}],"collection":[{"href":"https:\/\/tourcruiser.com\/de\/wp-json\/wp\/v2\/product"}],"about":[{"href":"https:\/\/tourcruiser.com\/de\/wp-json\/wp\/v2\/types\/product"}],"replies":[{"embeddable":true,"href":"https:\/\/tourcruiser.com\/de\/wp-json\/wp\/v2\/comments?post=179632"}],"wp:featuredmedia":[{"embeddable":true,"href":"https:\/\/tourcruiser.com\/de\/wp-json\/wp\/v2\/media\/179633"}],"wp:attachment":[{"href":"https:\/\/tourcruiser.com\/de\/wp-json\/wp\/v2\/media?parent=179632"}],"wp:term":[{"taxonomy":"product_brand","embeddable":true,"href":"https:\/\/tourcruiser.com\/de\/wp-json\/wp\/v2\/product_brand?post=179632"},{"taxonomy":"product_cat","embeddable":true,"href":"https:\/\/tourcruiser.com\/de\/wp-json\/wp\/v2\/product_cat?post=179632"},{"taxonomy":"product_tag","embeddable":true,"href":"https:\/\/tourcruiser.com\/de\/wp-json\/wp\/v2\/product_tag?post=179632"}],"curies":[{"name":"wp","href":"https:\/\/api.w.org\/{rel}","templated":true}]}}