{"id":179343,"date":"2026-03-02T16:34:25","date_gmt":"2026-03-02T09:34:25","guid":{"rendered":"http:\/\/tourcruiser.com\/product\/new-balance-fresh-foam-x-1080v13-white-light-silver-metallic"},"modified":"2026-03-02T16:34:25","modified_gmt":"2026-03-02T09:34:25","slug":"new-balance-fresh-foam-x-1080v13-white-light-silver-metallic","status":"publish","type":"product","link":"https:\/\/tourcruiser.com\/de\/products\/new-balance-fresh-foam-x-1080v13-white-light-silver-metallic\/","title":{"rendered":"New Balance Fresh Foam X 1080v13 &#8218;White Light Silver Metallic&#8216;"},"content":{"rendered":"<p>Erleben Sie unvergleichlichen Komfort und optimale Performance mit dem New Balance Fresh Foam X 1080v13 \u201eWhite Light Silver Metallic\u201c. Die charakteristische Fresh Foam X-Mittelsohle bietet au\u00dfergew\u00f6hnliche D\u00e4mpfung und ein reaktionsfreudiges Laufgef\u00fchl. Das speziell entwickelte Mesh-Obermaterial mit Hypoknit-Technologie sorgt f\u00fcr sicheren und atmungsaktiven Halt. Die Ortholite\u00c2\u00ae-Einlegesohle bietet zus\u00e4tzliche D\u00e4mpfung und Feuchtigkeitsmanagement. Die strapazierf\u00e4hige Gummiau\u00dfensohle garantiert Traktion auf jedem Untergrund. Verbessern Sie Ihr Laufspiel mit diesen technologisch fortschrittlichen Schuhen, die f\u00fcr lange Strecken und ein ultimatives Lauferlebnis entwickelt wurden.<\/p>\n<p>Farbgebung: Wei\u00df\/Hellsilber Metallic<br \/>\nArtikelnummer: M1080W13<br \/>\nObermaterial: Mesh<br \/>\nMittelsohle: Fresh Foam X<br \/>\nFarbe: Wei\u00df<\/p>\n<p>Farbe:<\/p>\n","protected":false},"excerpt":{"rendered":"<p>New Balance Fresh Foam X 1080v13 \u201d\u201d White\/Light Silver Metallic<\/p>\n","protected":false},"featured_media":179344,"comment_status":"open","ping_status":"closed","template":"","meta":[],"product_brand":[],"product_cat":[10771],"product_tag":[10752,10753,10838,10766,10767,10839,10802,10840,10758],"class_list":{"0":"post-179343","1":"product","2":"type-product","3":"status-publish","4":"has-post-thumbnail","6":"product_cat-new-balance","7":"product_tag-gallery-look","8":"product_tag-gift-for-him","9":"product_tag-max-cushion-cushioned-running-shoes","10":"product_tag-new-balance","11":"product_tag-new-balance-running-shoes","12":"product_tag-performance-running-shoes","13":"product_tag-performance-sport-shoes","14":"product_tag-running-shoes","15":"product_tag-under-retail","16":"wcpa_has_options","18":"first","19":"instock","20":"sale","21":"taxable","22":"shipping-taxable","23":"purchasable","24":"product-type-simple"},"wcpa_form_fields":{"rules":{"pric_overide_base_price":false,"pric_overide_base_price_if_gt_zero":false,"pric_overide_base_price_fully":false,"pric_cal_option_once":false,"pric_use_as_fee":false,"bind_quantity":false,"quantity_bind_formula":false},"fields":[{"type":"color-group","required":true,"elementId":"wcpa-color-group-66c4a928225d2","label":"Gr\u00f6\u00dfe","inline":true,"priceOptions":"different_for_all","pricingType":"fixed","className":"hassizechart product-shoes-size-eu product-shoes-size","name":"color-group-66c4a928225e2","disp_type":"square","selection_type":"tick-border","disp_size":"50","show_label_inside":true,"adjust_width":true,"cart_display_type":"text","other_text":"Other","cl_rule":"show","col":6,"values":[{"label":"35","value":"EU 35","price":"","pimage":"","pimage_id":"","pthumb":"","color":""},{"label":"36","value":"EU 36","price":"","pimage":"","pimage_id":"","pthumb":"","color":"","selected":true},{"label":"37","value":"EU 37","price":"","pimage":"","pimage_id":"","pthumb":"","color":""},{"label":"37.5","value":"EU 37.5","price":"","pimage":"","pimage_id":"","pthumb":"","color":""},{"label":"38","value":"EU 38","price":"","pimage":"","pimage_id":"","pthumb":"","color":""},{"label":"38.5","value":"EU 38.5","price":"","pimage":"","pimage_id":"","pthumb":"","color":""},{"label":"39","value":"EU 39","price":"","pimage":"","pimage_id":"","pthumb":"","color":""},{"label":"39.5","value":"EU 39.5","price":"","pimage":"","pimage_id":"","pthumb":"","color":""},{"label":"40","value":"EU 40","price":"","pimage":"","pimage_id":"","pthumb":"","color":""},{"label":"40.5","value":"EU 40.5","price":"","pimage":"","pimage_id":"","pthumb":"","color":""},{"label":" 41.5","value":"EU 41.5","price":"","pimage":"","pimage_id":"","pthumb":"","color":""},{"label":"42","value":"EU 42","price":"","pimage":"","pimage_id":"","pthumb":"","color":""},{"label":"42.5","value":"EU 42.5","price":"","pimage":"","pimage_id":"","pthumb":"","color":""},{"label":"43","value":"EU 43","price":"","pimage":"","pimage_id":"","pthumb":"","color":""},{"label":"44","value":"EU 44","price":"","pimage":"","pimage_id":"","pthumb":"","color":""},{"label":"44.5","value":"EU 44.5","price":"","pimage":"","pimage_id":"","pthumb":"","color":""},{"label":"45","value":"EU 45","price":"","pimage":"","pimage_id":"","pthumb":"","color":""},{"label":"45.5","value":"EU 45.5","price":"","pimage":"","pimage_id":"","pthumb":"","color":""},{"label":"46","value":"EU 46","price":"","pimage":"","pimage_id":"","pthumb":"","color":""}],"relations":[{"operator":false,"rules":[]}],"form_id":24803,"form_rules":{"pric_cal_option_once":false,"exclude_from_discount":false,"pric_use_as_fee":false,"fee_label":"Fee","render_after_acb":false,"disp_hide_options_price":false}}]},"yoast_head":"<!-- This site is optimized with the Yoast SEO plugin v26.5 - https:\/\/yoast.com\/wordpress\/plugins\/seo\/ -->\n<title>New Balance Fresh Foam X 1080v13 &#039;White Light Silver Metallic&#039;  - Tourcruiser PTE. LTD<\/title>\n<meta name=\"robots\" content=\"index, follow, max-snippet:-1, max-image-preview:large, max-video-preview:-1\" \/>\n<link rel=\"canonical\" href=\"https:\/\/tourcruiser.com\/de\/products\/new-balance-fresh-foam-x-1080v13-white-light-silver-metallic\/\" \/>\n<meta property=\"og:locale\" content=\"de_DE\" \/>\n<meta property=\"og:type\" content=\"article\" \/>\n<meta property=\"og:title\" content=\"New Balance Fresh Foam X 1080v13 &#039;White Light Silver Metallic&#039;  - Tourcruiser PTE. LTD\" \/>\n<meta property=\"og:description\" content=\"New Balance Fresh Foam X 1080v13 \u201d\u201d White\/Light Silver Metallic\" \/>\n<meta property=\"og:url\" content=\"https:\/\/tourcruiser.com\/de\/products\/new-balance-fresh-foam-x-1080v13-white-light-silver-metallic\/\" \/>\n<meta property=\"og:site_name\" content=\"Tourcruiser Sneaker Store\" \/>\n<meta name=\"twitter:card\" content=\"summary_large_image\" \/>\n<meta name=\"twitter:image\" content=\"https:\/\/images.novelship.com\/product\/new_balance_fresh_foam_x_1080v13__white_light_silv_0_13984.jpeg\" \/>\n<meta name=\"twitter:label1\" content=\"Gesch\u00e4tzte Lesezeit\" \/>\n\t<meta name=\"twitter:data1\" content=\"1\u00a0Minute\" \/>\n<script type=\"application\/ld+json\" class=\"yoast-schema-graph\">{\"@context\":\"https:\/\/schema.org\",\"@graph\":[{\"@type\":\"WebPage\",\"@id\":\"https:\/\/tourcruiser.com\/de\/products\/new-balance-fresh-foam-x-1080v13-white-light-silver-metallic\/\",\"url\":\"https:\/\/tourcruiser.com\/de\/products\/new-balance-fresh-foam-x-1080v13-white-light-silver-metallic\/\",\"name\":\"New Balance Fresh Foam X 1080v13 'White Light Silver Metallic' - Tourcruiser PTE. LTD\",\"isPartOf\":{\"@id\":\"https:\/\/tourcruiser.com\/de\/#website\"},\"primaryImageOfPage\":{\"@id\":\"https:\/\/tourcruiser.com\/de\/products\/new-balance-fresh-foam-x-1080v13-white-light-silver-metallic\/#primaryimage\"},\"image\":{\"@id\":\"https:\/\/tourcruiser.com\/de\/products\/new-balance-fresh-foam-x-1080v13-white-light-silver-metallic\/#primaryimage\"},\"thumbnailUrl\":\"https:\/\/images.novelship.com\/product\/new_balance_fresh_foam_x_1080v13__white_light_silv_0_13984.jpeg\",\"datePublished\":\"2026-03-02T09:34:25+00:00\",\"breadcrumb\":{\"@id\":\"https:\/\/tourcruiser.com\/de\/products\/new-balance-fresh-foam-x-1080v13-white-light-silver-metallic\/#breadcrumb\"},\"inLanguage\":\"de\",\"potentialAction\":[{\"@type\":\"ReadAction\",\"target\":[\"https:\/\/tourcruiser.com\/de\/products\/new-balance-fresh-foam-x-1080v13-white-light-silver-metallic\/\"]}]},{\"@type\":\"ImageObject\",\"inLanguage\":\"de\",\"@id\":\"https:\/\/tourcruiser.com\/de\/products\/new-balance-fresh-foam-x-1080v13-white-light-silver-metallic\/#primaryimage\",\"url\":\"https:\/\/images.novelship.com\/product\/new_balance_fresh_foam_x_1080v13__white_light_silv_0_13984.jpeg\",\"contentUrl\":\"https:\/\/images.novelship.com\/product\/new_balance_fresh_foam_x_1080v13__white_light_silv_0_13984.jpeg\"},{\"@type\":\"BreadcrumbList\",\"@id\":\"https:\/\/tourcruiser.com\/de\/products\/new-balance-fresh-foam-x-1080v13-white-light-silver-metallic\/#breadcrumb\",\"itemListElement\":[{\"@type\":\"ListItem\",\"position\":1,\"name\":\"Home\",\"item\":\"https:\/\/tourcruiser.com\/de\/\"},{\"@type\":\"ListItem\",\"position\":2,\"name\":\"Shop\",\"item\":\"https:\/\/tourcruiser.com\/de\/shop\/\"},{\"@type\":\"ListItem\",\"position\":3,\"name\":\"New Balance Fresh Foam X 1080v13 'White Light Silver Metallic'\"}]},{\"@type\":\"WebSite\",\"@id\":\"https:\/\/tourcruiser.com\/de\/#website\",\"url\":\"https:\/\/tourcruiser.com\/de\/\",\"name\":\"Styloral Jewelry Shop\",\"description\":\"Tourcruiser Sneaker Store \u2014 der Ort, an dem das Universum deine Einzigartigkeit trifft.\",\"publisher\":{\"@id\":\"https:\/\/tourcruiser.com\/de\/#organization\"},\"potentialAction\":[{\"@type\":\"SearchAction\",\"target\":{\"@type\":\"EntryPoint\",\"urlTemplate\":\"https:\/\/tourcruiser.com\/de\/?s={search_term_string}\"},\"query-input\":{\"@type\":\"PropertyValueSpecification\",\"valueRequired\":true,\"valueName\":\"search_term_string\"}}],\"inLanguage\":\"de\"},{\"@type\":\"Organization\",\"@id\":\"https:\/\/tourcruiser.com\/de\/#organization\",\"name\":\"STYLORAL PTE. LTD\",\"url\":\"https:\/\/tourcruiser.com\/de\/\",\"logo\":{\"@type\":\"ImageObject\",\"inLanguage\":\"de\",\"@id\":\"https:\/\/tourcruiser.com\/de\/#\/schema\/logo\/image\/\",\"url\":\"https:\/\/www.tourcruiser.com\/wp-content\/uploads\/2025\/12\/logo.png\",\"contentUrl\":\"https:\/\/www.tourcruiser.com\/wp-content\/uploads\/2025\/12\/logo.png\",\"width\":200,\"height\":65,\"caption\":\"STYLORAL PTE. LTD\"},\"image\":{\"@id\":\"https:\/\/tourcruiser.com\/de\/#\/schema\/logo\/image\/\"}}]}<\/script>\n<!-- \/ Yoast SEO plugin. -->","yoast_head_json":{"title":"New Balance Fresh Foam X 1080v13 'White Light Silver Metallic'  - Tourcruiser PTE. LTD","robots":{"index":"index","follow":"follow","max-snippet":"max-snippet:-1","max-image-preview":"max-image-preview:large","max-video-preview":"max-video-preview:-1"},"canonical":"https:\/\/tourcruiser.com\/de\/products\/new-balance-fresh-foam-x-1080v13-white-light-silver-metallic\/","og_locale":"de_DE","og_type":"article","og_title":"New Balance Fresh Foam X 1080v13 'White Light Silver Metallic'  - Tourcruiser PTE. LTD","og_description":"New Balance Fresh Foam X 1080v13 \u201d\u201d White\/Light Silver Metallic","og_url":"https:\/\/tourcruiser.com\/de\/products\/new-balance-fresh-foam-x-1080v13-white-light-silver-metallic\/","og_site_name":"Tourcruiser Sneaker Store","twitter_card":"summary_large_image","twitter_image":"https:\/\/images.novelship.com\/product\/new_balance_fresh_foam_x_1080v13__white_light_silv_0_13984.jpeg","twitter_misc":{"Gesch\u00e4tzte Lesezeit":"1\u00a0Minute"},"schema":{"@context":"https:\/\/schema.org","@graph":[{"@type":"WebPage","@id":"https:\/\/tourcruiser.com\/de\/products\/new-balance-fresh-foam-x-1080v13-white-light-silver-metallic\/","url":"https:\/\/tourcruiser.com\/de\/products\/new-balance-fresh-foam-x-1080v13-white-light-silver-metallic\/","name":"New Balance Fresh Foam X 1080v13 'White Light Silver Metallic' - Tourcruiser PTE. LTD","isPartOf":{"@id":"https:\/\/tourcruiser.com\/de\/#website"},"primaryImageOfPage":{"@id":"https:\/\/tourcruiser.com\/de\/products\/new-balance-fresh-foam-x-1080v13-white-light-silver-metallic\/#primaryimage"},"image":{"@id":"https:\/\/tourcruiser.com\/de\/products\/new-balance-fresh-foam-x-1080v13-white-light-silver-metallic\/#primaryimage"},"thumbnailUrl":"https:\/\/images.novelship.com\/product\/new_balance_fresh_foam_x_1080v13__white_light_silv_0_13984.jpeg","datePublished":"2026-03-02T09:34:25+00:00","breadcrumb":{"@id":"https:\/\/tourcruiser.com\/de\/products\/new-balance-fresh-foam-x-1080v13-white-light-silver-metallic\/#breadcrumb"},"inLanguage":"de","potentialAction":[{"@type":"ReadAction","target":["https:\/\/tourcruiser.com\/de\/products\/new-balance-fresh-foam-x-1080v13-white-light-silver-metallic\/"]}]},{"@type":"ImageObject","inLanguage":"de","@id":"https:\/\/tourcruiser.com\/de\/products\/new-balance-fresh-foam-x-1080v13-white-light-silver-metallic\/#primaryimage","url":"https:\/\/images.novelship.com\/product\/new_balance_fresh_foam_x_1080v13__white_light_silv_0_13984.jpeg","contentUrl":"https:\/\/images.novelship.com\/product\/new_balance_fresh_foam_x_1080v13__white_light_silv_0_13984.jpeg"},{"@type":"BreadcrumbList","@id":"https:\/\/tourcruiser.com\/de\/products\/new-balance-fresh-foam-x-1080v13-white-light-silver-metallic\/#breadcrumb","itemListElement":[{"@type":"ListItem","position":1,"name":"Home","item":"https:\/\/tourcruiser.com\/de\/"},{"@type":"ListItem","position":2,"name":"Shop","item":"https:\/\/tourcruiser.com\/de\/shop\/"},{"@type":"ListItem","position":3,"name":"New Balance Fresh Foam X 1080v13 'White Light Silver Metallic'"}]},{"@type":"WebSite","@id":"https:\/\/tourcruiser.com\/de\/#website","url":"https:\/\/tourcruiser.com\/de\/","name":"Styloral Jewelry Shop","description":"Tourcruiser Sneaker Store \u2014 der Ort, an dem das Universum deine Einzigartigkeit trifft.","publisher":{"@id":"https:\/\/tourcruiser.com\/de\/#organization"},"potentialAction":[{"@type":"SearchAction","target":{"@type":"EntryPoint","urlTemplate":"https:\/\/tourcruiser.com\/de\/?s={search_term_string}"},"query-input":{"@type":"PropertyValueSpecification","valueRequired":true,"valueName":"search_term_string"}}],"inLanguage":"de"},{"@type":"Organization","@id":"https:\/\/tourcruiser.com\/de\/#organization","name":"STYLORAL PTE. LTD","url":"https:\/\/tourcruiser.com\/de\/","logo":{"@type":"ImageObject","inLanguage":"de","@id":"https:\/\/tourcruiser.com\/de\/#\/schema\/logo\/image\/","url":"https:\/\/www.tourcruiser.com\/wp-content\/uploads\/2025\/12\/logo.png","contentUrl":"https:\/\/www.tourcruiser.com\/wp-content\/uploads\/2025\/12\/logo.png","width":200,"height":65,"caption":"STYLORAL PTE. LTD"},"image":{"@id":"https:\/\/tourcruiser.com\/de\/#\/schema\/logo\/image\/"}}]}},"_links":{"self":[{"href":"https:\/\/tourcruiser.com\/de\/wp-json\/wp\/v2\/product\/179343","targetHints":{"allow":["GET"]}}],"collection":[{"href":"https:\/\/tourcruiser.com\/de\/wp-json\/wp\/v2\/product"}],"about":[{"href":"https:\/\/tourcruiser.com\/de\/wp-json\/wp\/v2\/types\/product"}],"replies":[{"embeddable":true,"href":"https:\/\/tourcruiser.com\/de\/wp-json\/wp\/v2\/comments?post=179343"}],"wp:featuredmedia":[{"embeddable":true,"href":"https:\/\/tourcruiser.com\/de\/wp-json\/wp\/v2\/media\/179344"}],"wp:attachment":[{"href":"https:\/\/tourcruiser.com\/de\/wp-json\/wp\/v2\/media?parent=179343"}],"wp:term":[{"taxonomy":"product_brand","embeddable":true,"href":"https:\/\/tourcruiser.com\/de\/wp-json\/wp\/v2\/product_brand?post=179343"},{"taxonomy":"product_cat","embeddable":true,"href":"https:\/\/tourcruiser.com\/de\/wp-json\/wp\/v2\/product_cat?post=179343"},{"taxonomy":"product_tag","embeddable":true,"href":"https:\/\/tourcruiser.com\/de\/wp-json\/wp\/v2\/product_tag?post=179343"}],"curies":[{"name":"wp","href":"https:\/\/api.w.org\/{rel}","templated":true}]}}