{"id":177789,"date":"2026-03-02T16:32:12","date_gmt":"2026-03-02T09:32:12","guid":{"rendered":"http:\/\/tourcruiser.com\/product\/women-adidas-avacourt-bright-royal"},"modified":"2026-03-28T01:45:38","modified_gmt":"2026-03-27T18:45:38","slug":"women-adidas-avacourt-bright-royal","status":"publish","type":"product","link":"https:\/\/tourcruiser.com\/de\/products\/women-adidas-avacourt-bright-royal\/","title":{"rendered":"(Women) adidas Avacourt &#8218;Bright Royal&#8216;"},"content":{"rendered":"<p>Wir pr\u00e4sentieren die adidas Avacourt Sneaker in \u201eBright Royal\u201c (ID2080), exklusiv f\u00fcr Damen. Diese Sneaker vereinen Style und Komfort auf atemberaubende Weise: Das leuchtende K\u00f6nigsblau des Obermaterials wird durch kontrastierende wei\u00dfe Akzente erg\u00e4nzt. Gefertigt aus hochwertigen Materialien, bieten sie optimale Atmungsaktivit\u00e4t und Halt f\u00fcr den ganzen Tag. Mit ihrer eleganten Silhouette und dem trendigen Design werten diese Sneaker jedes Outfit auf und setzen ein starkes Statement auf der Stra\u00dfe. Erlebe unvergleichlichen Komfort und Style mit den adidas Avacourt &#8218;Bright Royal&#8216; Sneakers.<\/p>\n<ul>\n<li><strong>Farbgebung:<\/strong> Bright Royal\/Cloud White\/Royal Blue<\/li>\n<li><strong>Style-Code:<\/strong> ID2080<\/li>\n<li><strong>Obermaterial:<\/strong> Mesh<\/li>\n<li><strong>Zwischensohle:<\/strong> Bounce Pro<\/li>\n<li><strong>Farbe:<\/strong> Blau<\/li>\n<li><strong>Erscheinungsjahr:<\/strong> 2023<\/li>\n<\/ul>\n","protected":false},"excerpt":{"rendered":"<p>adidas Avacourt \u201d\u201d Bright Royal\/Cloud White\/Royal Blue<\/p>\n","protected":false},"featured_media":177790,"comment_status":"open","ping_status":"closed","template":"","meta":[],"product_brand":[],"product_cat":[10941],"product_tag":[10759,10813,10926,10754,10824,10758],"class_list":{"0":"post-177789","1":"product","2":"type-product","3":"status-publish","4":"has-post-thumbnail","6":"product_cat-adidas-women","7":"product_tag-adidas","8":"product_tag-court-classic-shoes","9":"product_tag-gift-for-her","10":"product_tag-lifestyle-casual-shoes","11":"product_tag-lifestyle-shoes-tennis-inspired","12":"product_tag-under-retail","13":"wcpa_has_options","15":"first","16":"outofstock","17":"sale","18":"taxable","19":"shipping-taxable","20":"purchasable","21":"product-type-simple"},"wcpa_form_fields":{"rules":{"pric_overide_base_price":false,"pric_overide_base_price_if_gt_zero":false,"pric_overide_base_price_fully":false,"pric_cal_option_once":false,"pric_use_as_fee":false,"bind_quantity":false,"quantity_bind_formula":false},"fields":[{"type":"color-group","required":true,"elementId":"wcpa-color-group-66c4a7f817afe","label":"Gr\u00f6\u00dfe","inline":true,"priceOptions":"different_for_all","pricingType":"fixed","className":"hassizechart product-shoes-size-eu product-shoes-size","name":"color-group-66c4a7f817b18","disp_type":"square","selection_type":"tick-border","disp_size":"50","show_label_inside":true,"adjust_width":true,"cart_display_type":"text","other_text":"Other","cl_rule":"show","col":6,"values":[{"label":"35","value":"EU 35","price":"","pimage":"","pimage_id":"","pthumb":"","color":""},{"label":"35.5","value":"EU 35.5","price":"","pimage":"","pimage_id":"","pthumb":"","color":""},{"label":"36","value":"EU 36","price":"","pimage":"","pimage_id":"","pthumb":"","color":"","selected":true},{"label":"36 2\/3","value":"EU 36 2\/3","price":"","pimage":"","pimage_id":"","pthumb":"","color":""},{"label":"37 1\/3","value":"EU 37 1\/3","price":"","pimage":"","pimage_id":"","pthumb":"","color":""},{"label":"38","value":"EU 38","price":"","pimage":"","pimage_id":"","pthumb":"","color":""},{"label":"38 2\/3","value":"EU 38 2\/3","price":"","pimage":"","pimage_id":"","pthumb":"","color":""},{"label":"39 1\/3","value":"EU 39 1\/3","price":"","pimage":"","pimage_id":"","pthumb":"","color":""},{"label":"40","value":"EU 40","price":"","pimage":"","pimage_id":"","pthumb":"","color":""},{"label":"40 2\/3","value":"EU 40 2\/3","price":"","pimage":"","pimage_id":"","pthumb":"","color":""},{"label":"41 1\/3","value":"EU 41 1\/3","price":"","pimage":"","pimage_id":"","pthumb":"","color":""},{"label":"42","value":"EU 42","price":"","pimage":"","pimage_id":"","pthumb":"","color":""},{"label":"42 2\/3","value":"EU 42 2\/3","price":"","pimage":"","pimage_id":"","pthumb":"","color":""},{"label":"43 1\/3","value":"EU 43 1\/3","price":"","pimage":"","pimage_id":"","pthumb":"","color":""},{"label":"44","value":"EU 44","price":"","pimage":"","pimage_id":"","pthumb":"","color":""},{"label":"44 2\/3","value":"EU 44 2\/3","price":"","pimage":"","pimage_id":"","pthumb":"","color":""},{"label":"45 1\/3","value":"EU 45 1\/3","price":"","pimage":"","pimage_id":"","pthumb":"","color":""},{"label":"46","value":"EU 46","price":"","pimage":"","pimage_id":"","pthumb":"","color":""},{"label":"46 2\/3","value":"EU 46 2\/3","price":"","pimage":"","pimage_id":"","pthumb":"","color":""},{"label":"47 1\/3","value":"EU 47 1\/3","price":"","pimage":"","pimage_id":"","pthumb":"","color":""}],"relations":[{"operator":false,"rules":[]}],"form_id":24802,"form_rules":{"pric_cal_option_once":false,"exclude_from_discount":false,"pric_use_as_fee":false,"fee_label":"Fee","render_after_acb":false,"disp_hide_options_price":false}}]},"yoast_head":"<!-- This site is optimized with the Yoast SEO plugin v26.5 - https:\/\/yoast.com\/wordpress\/plugins\/seo\/ -->\n<title>(Women) adidas Avacourt &#039;Bright Royal&#039;  - Tourcruiser PTE. LTD<\/title>\n<meta name=\"robots\" content=\"index, follow, max-snippet:-1, max-image-preview:large, max-video-preview:-1\" \/>\n<link rel=\"canonical\" href=\"https:\/\/tourcruiser.com\/\" \/>\n<meta property=\"og:locale\" content=\"de_DE\" \/>\n<meta property=\"og:type\" content=\"article\" \/>\n<meta property=\"og:title\" content=\"(Women) adidas Avacourt &#039;Bright Royal&#039;  - Tourcruiser PTE. LTD\" \/>\n<meta property=\"og:description\" content=\"adidas Avacourt \u201d\u201d Bright Royal\/Cloud White\/Royal Blue\" \/>\n<meta property=\"og:url\" content=\"\/\" \/>\n<meta property=\"og:site_name\" content=\"Tourcruiser Sneaker Store\" \/>\n<meta property=\"article:modified_time\" content=\"2026-03-27T18:45:38+00:00\" \/>\n<meta name=\"twitter:card\" content=\"summary_large_image\" \/>\n<meta name=\"twitter:image\" content=\"https:\/\/images.novelship.com\/product\/_women__adidas_avacourt__bright_royal__id2080_0_24097.png;https:\/\/images.novelship.com\/product\/_women__adidas_avacourt__bright_royal__id2080_1_24097.png;https:\/\/images.novelship.com\/product\/_women__adidas_avacourt__bright_royal__id2080_2_24097.png;https:\/\/images.novelship.com\/product\/_women__adidas_avacourt__bright_royal__id2080_3_24097.png;https:\/\/images.novelship.com\/product\/_women__adidas_avacourt__bright_royal__id2080_4_24097.png;https:\/\/images.novelship.com\/product\/_women__adidas_avacourt__bright_royal__id2080_5_24097.png\" \/>\n<meta name=\"twitter:label1\" content=\"Gesch\u00e4tzte Lesezeit\" \/>\n\t<meta name=\"twitter:data1\" content=\"1\u00a0Minute\" \/>\n<script type=\"application\/ld+json\" class=\"yoast-schema-graph\">{\"@context\":\"https:\/\/schema.org\",\"@graph\":[{\"@type\":\"WebPage\",\"@id\":\"\/\",\"url\":\"https:\/\/tourcruiser.com\/\",\"name\":\"(Women) adidas Avacourt 'Bright Royal' - Tourcruiser PTE. LTD\",\"isPartOf\":{\"@id\":\"\/#website\"},\"primaryImageOfPage\":{\"@id\":\"https:\/\/tourcruiser.com\/#primaryimage\"},\"image\":{\"@id\":\"https:\/\/tourcruiser.com\/#primaryimage\"},\"thumbnailUrl\":\"https:\/\/images.novelship.com\/product\/_women__adidas_avacourt__bright_royal__id2080_0_24097.png;https:\/\/images.novelship.com\/product\/_women__adidas_avacourt__bright_royal__id2080_1_24097.png;https:\/\/images.novelship.com\/product\/_women__adidas_avacourt__bright_royal__id2080_2_24097.png;https:\/\/images.novelship.com\/product\/_women__adidas_avacourt__bright_royal__id2080_3_24097.png;https:\/\/images.novelship.com\/product\/_women__adidas_avacourt__bright_royal__id2080_4_24097.png;https:\/\/images.novelship.com\/product\/_women__adidas_avacourt__bright_royal__id2080_5_24097.png\",\"datePublished\":\"2026-03-02T09:32:12+00:00\",\"dateModified\":\"2026-03-27T18:45:38+00:00\",\"breadcrumb\":{\"@id\":\"https:\/\/tourcruiser.com\/#breadcrumb\"},\"inLanguage\":\"de\",\"potentialAction\":[{\"@type\":\"ReadAction\",\"target\":[\"https:\/\/tourcruiser.com\/\"]}]},{\"@type\":\"ImageObject\",\"inLanguage\":\"de\",\"@id\":\"https:\/\/tourcruiser.com\/#primaryimage\",\"url\":\"https:\/\/images.novelship.com\/product\/_women__adidas_avacourt__bright_royal__id2080_0_24097.png;https:\/\/images.novelship.com\/product\/_women__adidas_avacourt__bright_royal__id2080_1_24097.png;https:\/\/images.novelship.com\/product\/_women__adidas_avacourt__bright_royal__id2080_2_24097.png;https:\/\/images.novelship.com\/product\/_women__adidas_avacourt__bright_royal__id2080_3_24097.png;https:\/\/images.novelship.com\/product\/_women__adidas_avacourt__bright_royal__id2080_4_24097.png;https:\/\/images.novelship.com\/product\/_women__adidas_avacourt__bright_royal__id2080_5_24097.png\",\"contentUrl\":\"https:\/\/images.novelship.com\/product\/_women__adidas_avacourt__bright_royal__id2080_0_24097.png;https:\/\/images.novelship.com\/product\/_women__adidas_avacourt__bright_royal__id2080_1_24097.png;https:\/\/images.novelship.com\/product\/_women__adidas_avacourt__bright_royal__id2080_2_24097.png;https:\/\/images.novelship.com\/product\/_women__adidas_avacourt__bright_royal__id2080_3_24097.png;https:\/\/images.novelship.com\/product\/_women__adidas_avacourt__bright_royal__id2080_4_24097.png;https:\/\/images.novelship.com\/product\/_women__adidas_avacourt__bright_royal__id2080_5_24097.png\"},{\"@type\":\"BreadcrumbList\",\"@id\":\"https:\/\/tourcruiser.com\/#breadcrumb\",\"itemListElement\":[{\"@type\":\"ListItem\",\"position\":1,\"name\":\"Home\",\"item\":\"https:\/\/tourcruiser.com\/de\/\"},{\"@type\":\"ListItem\",\"position\":2,\"name\":\"Shop\",\"item\":\"https:\/\/tourcruiser.com\/de\/shop\/\"},{\"@type\":\"ListItem\",\"position\":3,\"name\":\"(Women) adidas Avacourt &#8218;Bright Royal&#8216;\"}]},{\"@type\":\"WebSite\",\"@id\":\"\/#website\",\"url\":\"\/\",\"name\":\"Styloral Jewelry Shop\",\"description\":\"Tourcruiser Sneaker Store \u2014 der Ort, an dem das Universum deine Einzigartigkeit trifft.\",\"publisher\":{\"@id\":\"\/#organization\"},\"potentialAction\":[{\"@type\":\"SearchAction\",\"target\":{\"@type\":\"EntryPoint\",\"urlTemplate\":\"\/?s={search_term_string}\"},\"query-input\":{\"@type\":\"PropertyValueSpecification\",\"valueRequired\":true,\"valueName\":\"search_term_string\"}}],\"inLanguage\":\"de\"},{\"@type\":\"Organization\",\"@id\":\"\/#organization\",\"name\":\"STYLORAL PTE. LTD\",\"url\":\"\/\",\"logo\":{\"@type\":\"ImageObject\",\"inLanguage\":\"de\",\"@id\":\"\/#\/schema\/logo\/image\/\",\"url\":\"https:\/\/www.tourcruiser.com\/wp-content\/uploads\/2025\/12\/logo.png\",\"contentUrl\":\"https:\/\/www.tourcruiser.com\/wp-content\/uploads\/2025\/12\/logo.png\",\"width\":200,\"height\":65,\"caption\":\"STYLORAL PTE. LTD\"},\"image\":{\"@id\":\"\/#\/schema\/logo\/image\/\"}}]}<\/script>\n<!-- \/ Yoast SEO plugin. -->","yoast_head_json":{"title":"(Women) adidas Avacourt 'Bright Royal'  - Tourcruiser PTE. LTD","robots":{"index":"index","follow":"follow","max-snippet":"max-snippet:-1","max-image-preview":"max-image-preview:large","max-video-preview":"max-video-preview:-1"},"canonical":"https:\/\/tourcruiser.com\/","og_locale":"de_DE","og_type":"article","og_title":"(Women) adidas Avacourt 'Bright Royal'  - Tourcruiser PTE. LTD","og_description":"adidas Avacourt \u201d\u201d Bright Royal\/Cloud White\/Royal Blue","og_url":"\/","og_site_name":"Tourcruiser Sneaker Store","article_modified_time":"2026-03-27T18:45:38+00:00","twitter_card":"summary_large_image","twitter_image":"https:\/\/images.novelship.com\/product\/_women__adidas_avacourt__bright_royal__id2080_0_24097.png;https:\/\/images.novelship.com\/product\/_women__adidas_avacourt__bright_royal__id2080_1_24097.png;https:\/\/images.novelship.com\/product\/_women__adidas_avacourt__bright_royal__id2080_2_24097.png;https:\/\/images.novelship.com\/product\/_women__adidas_avacourt__bright_royal__id2080_3_24097.png;https:\/\/images.novelship.com\/product\/_women__adidas_avacourt__bright_royal__id2080_4_24097.png;https:\/\/images.novelship.com\/product\/_women__adidas_avacourt__bright_royal__id2080_5_24097.png","twitter_misc":{"Gesch\u00e4tzte Lesezeit":"1\u00a0Minute"},"schema":{"@context":"https:\/\/schema.org","@graph":[{"@type":"WebPage","@id":"\/","url":"https:\/\/tourcruiser.com\/","name":"(Women) adidas Avacourt 'Bright Royal' - Tourcruiser PTE. LTD","isPartOf":{"@id":"\/#website"},"primaryImageOfPage":{"@id":"https:\/\/tourcruiser.com\/#primaryimage"},"image":{"@id":"https:\/\/tourcruiser.com\/#primaryimage"},"thumbnailUrl":"https:\/\/images.novelship.com\/product\/_women__adidas_avacourt__bright_royal__id2080_0_24097.png;https:\/\/images.novelship.com\/product\/_women__adidas_avacourt__bright_royal__id2080_1_24097.png;https:\/\/images.novelship.com\/product\/_women__adidas_avacourt__bright_royal__id2080_2_24097.png;https:\/\/images.novelship.com\/product\/_women__adidas_avacourt__bright_royal__id2080_3_24097.png;https:\/\/images.novelship.com\/product\/_women__adidas_avacourt__bright_royal__id2080_4_24097.png;https:\/\/images.novelship.com\/product\/_women__adidas_avacourt__bright_royal__id2080_5_24097.png","datePublished":"2026-03-02T09:32:12+00:00","dateModified":"2026-03-27T18:45:38+00:00","breadcrumb":{"@id":"https:\/\/tourcruiser.com\/#breadcrumb"},"inLanguage":"de","potentialAction":[{"@type":"ReadAction","target":["https:\/\/tourcruiser.com\/"]}]},{"@type":"ImageObject","inLanguage":"de","@id":"https:\/\/tourcruiser.com\/#primaryimage","url":"https:\/\/images.novelship.com\/product\/_women__adidas_avacourt__bright_royal__id2080_0_24097.png;https:\/\/images.novelship.com\/product\/_women__adidas_avacourt__bright_royal__id2080_1_24097.png;https:\/\/images.novelship.com\/product\/_women__adidas_avacourt__bright_royal__id2080_2_24097.png;https:\/\/images.novelship.com\/product\/_women__adidas_avacourt__bright_royal__id2080_3_24097.png;https:\/\/images.novelship.com\/product\/_women__adidas_avacourt__bright_royal__id2080_4_24097.png;https:\/\/images.novelship.com\/product\/_women__adidas_avacourt__bright_royal__id2080_5_24097.png","contentUrl":"https:\/\/images.novelship.com\/product\/_women__adidas_avacourt__bright_royal__id2080_0_24097.png;https:\/\/images.novelship.com\/product\/_women__adidas_avacourt__bright_royal__id2080_1_24097.png;https:\/\/images.novelship.com\/product\/_women__adidas_avacourt__bright_royal__id2080_2_24097.png;https:\/\/images.novelship.com\/product\/_women__adidas_avacourt__bright_royal__id2080_3_24097.png;https:\/\/images.novelship.com\/product\/_women__adidas_avacourt__bright_royal__id2080_4_24097.png;https:\/\/images.novelship.com\/product\/_women__adidas_avacourt__bright_royal__id2080_5_24097.png"},{"@type":"BreadcrumbList","@id":"https:\/\/tourcruiser.com\/#breadcrumb","itemListElement":[{"@type":"ListItem","position":1,"name":"Home","item":"https:\/\/tourcruiser.com\/de\/"},{"@type":"ListItem","position":2,"name":"Shop","item":"https:\/\/tourcruiser.com\/de\/shop\/"},{"@type":"ListItem","position":3,"name":"(Women) adidas Avacourt &#8218;Bright Royal&#8216;"}]},{"@type":"WebSite","@id":"\/#website","url":"\/","name":"Styloral Jewelry Shop","description":"Tourcruiser Sneaker Store \u2014 der Ort, an dem das Universum deine Einzigartigkeit trifft.","publisher":{"@id":"\/#organization"},"potentialAction":[{"@type":"SearchAction","target":{"@type":"EntryPoint","urlTemplate":"\/?s={search_term_string}"},"query-input":{"@type":"PropertyValueSpecification","valueRequired":true,"valueName":"search_term_string"}}],"inLanguage":"de"},{"@type":"Organization","@id":"\/#organization","name":"STYLORAL PTE. LTD","url":"\/","logo":{"@type":"ImageObject","inLanguage":"de","@id":"\/#\/schema\/logo\/image\/","url":"https:\/\/www.tourcruiser.com\/wp-content\/uploads\/2025\/12\/logo.png","contentUrl":"https:\/\/www.tourcruiser.com\/wp-content\/uploads\/2025\/12\/logo.png","width":200,"height":65,"caption":"STYLORAL PTE. LTD"},"image":{"@id":"\/#\/schema\/logo\/image\/"}}]}},"_links":{"self":[{"href":"https:\/\/tourcruiser.com\/de\/wp-json\/wp\/v2\/product\/177789","targetHints":{"allow":["GET"]}}],"collection":[{"href":"https:\/\/tourcruiser.com\/de\/wp-json\/wp\/v2\/product"}],"about":[{"href":"https:\/\/tourcruiser.com\/de\/wp-json\/wp\/v2\/types\/product"}],"replies":[{"embeddable":true,"href":"https:\/\/tourcruiser.com\/de\/wp-json\/wp\/v2\/comments?post=177789"}],"wp:featuredmedia":[{"embeddable":true,"href":"https:\/\/tourcruiser.com\/de\/wp-json\/wp\/v2\/media\/177790"}],"wp:attachment":[{"href":"https:\/\/tourcruiser.com\/de\/wp-json\/wp\/v2\/media?parent=177789"}],"wp:term":[{"taxonomy":"product_brand","embeddable":true,"href":"https:\/\/tourcruiser.com\/de\/wp-json\/wp\/v2\/product_brand?post=177789"},{"taxonomy":"product_cat","embeddable":true,"href":"https:\/\/tourcruiser.com\/de\/wp-json\/wp\/v2\/product_cat?post=177789"},{"taxonomy":"product_tag","embeddable":true,"href":"https:\/\/tourcruiser.com\/de\/wp-json\/wp\/v2\/product_tag?post=177789"}],"curies":[{"name":"wp","href":"https:\/\/api.w.org\/{rel}","templated":true}]}}