{"id":177029,"date":"2026-03-02T16:31:03","date_gmt":"2026-03-02T09:31:03","guid":{"rendered":"http:\/\/tourcruiser.com\/product\/women-adidas-by-stella-mccartney-clogs-dusted-clay"},"modified":"2026-03-28T01:44:53","modified_gmt":"2026-03-27T18:44:53","slug":"women-adidas-by-stella-mccartney-clogs-dusted-clay","status":"publish","type":"product","link":"https:\/\/tourcruiser.com\/de\/products\/women-adidas-by-stella-mccartney-clogs-dusted-clay\/","title":{"rendered":"(Women) adidas by Stella McCartney Clogs &#8218;Dusted Clay&#8216;"},"content":{"rendered":"<p>Entdecke nachhaltigen Stil und unvergleichlichen Komfort mit den adidas by Stella McCartney Clogs f\u00fcr Damen in \u201eDusted Clay\u201c (IE8764) \u201d\u201c die perfekte Verbindung von modernem Design und umweltbewusster Verarbeitung. Diese Clogs werden teilweise aus recycelten Materialien hergestellt und unterstreichen damit das Engagement von adidas und Stella McCartney f\u00fcr den Umweltschutz. Der erdige Farbton \u201eDusted Clay\u201c verleiht jedem Outfit eine moderne und vielseitige Note und macht die Clogs zur idealen Wahl f\u00fcr Freizeitaktivit\u00e4ten oder nach dem Sport. Dank des bequemen Schlupfdesigns und der leichten Konstruktion bieten diese Clogs optimalen Tragekomfort den ganzen Tag \u00fcber. Die gepolsterte Innensohle und die strapazierf\u00e4hige Au\u00dfensohle sorgen f\u00fcr zus\u00e4tzlichen Halt. Die Perforationen gew\u00e4hrleisten Atmungsaktivit\u00e4t und halten deine F\u00fc\u00dfe angenehm k\u00fchl und frisch \u201d\u201c egal, wann du bist. Ein dezentes adidas und Stella McCartney Logo rundet das Design ab und verleiht ihm ein hochwertiges Finish, das den modischen und gleichzeitig praktischen Reiz unterstreicht. Ob zu Freizeit- oder Sportkleidung \u201d\u201c diese stylischen Clogs sind perfekt f\u00fcr Frauen, die Wert auf modisches Design und Nachhaltigkeit legen. Treffen Sie eine bewusste Wahl f\u00fcr Ihre Schuhkollektion mit diesen vielseitigen und umweltfreundlichen Clogs, die Luxus im Alltag neu definieren.<\/p>\n<ul>\n<li><strong>Farbgebung:<\/strong> Dusted Clay\/Dusted Clay\/Dusted Clay<\/li>\n<li><strong>Artikelnummer:<\/strong> IE8764<\/li>\n<li><strong>Obermaterial:<\/strong> EVA<\/li>\n<li><strong>Zwischensohle:<\/strong> EVA<\/li>\n<li><strong>Farbe:<\/strong> Orange<\/li>\n<\/ul>\n","protected":false},"excerpt":{"rendered":"<p>adidas Stella McCartney Clogs \u201d\u201d Dusted Clay\/Dusted Clay\/Dusted Clay<\/p>\n","protected":false},"featured_media":177030,"comment_status":"open","ping_status":"closed","template":"","meta":[],"product_brand":[],"product_cat":[10941],"product_tag":[10759,12618,15538,10926,10754,10758],"class_list":{"0":"post-177029","1":"product","2":"type-product","3":"status-publish","4":"has-post-thumbnail","6":"product_cat-adidas-women","7":"product_tag-adidas","8":"product_tag-casual","9":"product_tag-clogs","10":"product_tag-gift-for-her","11":"product_tag-lifestyle-casual-shoes","12":"product_tag-under-retail","13":"wcpa_has_options","15":"first","16":"outofstock","17":"taxable","18":"shipping-taxable","19":"purchasable","20":"product-type-simple"},"wcpa_form_fields":{"rules":{"pric_overide_base_price":false,"pric_overide_base_price_if_gt_zero":false,"pric_overide_base_price_fully":false,"pric_cal_option_once":false,"pric_use_as_fee":false,"bind_quantity":false,"quantity_bind_formula":false},"fields":[{"type":"color-group","required":true,"elementId":"wcpa-color-group-66c4a7f817afe","label":"Gr\u00f6\u00dfe","inline":true,"priceOptions":"different_for_all","pricingType":"fixed","className":"hassizechart product-shoes-size-eu product-shoes-size","name":"color-group-66c4a7f817b18","disp_type":"square","selection_type":"tick-border","disp_size":"50","show_label_inside":true,"adjust_width":true,"cart_display_type":"text","other_text":"Other","cl_rule":"show","col":6,"values":[{"label":"35","value":"EU 35","price":"","pimage":"","pimage_id":"","pthumb":"","color":""},{"label":"35.5","value":"EU 35.5","price":"","pimage":"","pimage_id":"","pthumb":"","color":""},{"label":"36","value":"EU 36","price":"","pimage":"","pimage_id":"","pthumb":"","color":"","selected":true},{"label":"36 2\/3","value":"EU 36 2\/3","price":"","pimage":"","pimage_id":"","pthumb":"","color":""},{"label":"37 1\/3","value":"EU 37 1\/3","price":"","pimage":"","pimage_id":"","pthumb":"","color":""},{"label":"38","value":"EU 38","price":"","pimage":"","pimage_id":"","pthumb":"","color":""},{"label":"38 2\/3","value":"EU 38 2\/3","price":"","pimage":"","pimage_id":"","pthumb":"","color":""},{"label":"39 1\/3","value":"EU 39 1\/3","price":"","pimage":"","pimage_id":"","pthumb":"","color":""},{"label":"40","value":"EU 40","price":"","pimage":"","pimage_id":"","pthumb":"","color":""},{"label":"40 2\/3","value":"EU 40 2\/3","price":"","pimage":"","pimage_id":"","pthumb":"","color":""},{"label":"41 1\/3","value":"EU 41 1\/3","price":"","pimage":"","pimage_id":"","pthumb":"","color":""},{"label":"42","value":"EU 42","price":"","pimage":"","pimage_id":"","pthumb":"","color":""},{"label":"42 2\/3","value":"EU 42 2\/3","price":"","pimage":"","pimage_id":"","pthumb":"","color":""},{"label":"43 1\/3","value":"EU 43 1\/3","price":"","pimage":"","pimage_id":"","pthumb":"","color":""},{"label":"44","value":"EU 44","price":"","pimage":"","pimage_id":"","pthumb":"","color":""},{"label":"44 2\/3","value":"EU 44 2\/3","price":"","pimage":"","pimage_id":"","pthumb":"","color":""},{"label":"45 1\/3","value":"EU 45 1\/3","price":"","pimage":"","pimage_id":"","pthumb":"","color":""},{"label":"46","value":"EU 46","price":"","pimage":"","pimage_id":"","pthumb":"","color":""},{"label":"46 2\/3","value":"EU 46 2\/3","price":"","pimage":"","pimage_id":"","pthumb":"","color":""},{"label":"47 1\/3","value":"EU 47 1\/3","price":"","pimage":"","pimage_id":"","pthumb":"","color":""}],"relations":[{"operator":false,"rules":[]}],"form_id":24802,"form_rules":{"pric_cal_option_once":false,"exclude_from_discount":false,"pric_use_as_fee":false,"fee_label":"Fee","render_after_acb":false,"disp_hide_options_price":false}}]},"yoast_head":"<!-- This site is optimized with the Yoast SEO plugin v26.5 - https:\/\/yoast.com\/wordpress\/plugins\/seo\/ -->\n<title>(Women) adidas by Stella McCartney Clogs &#039;Dusted Clay&#039;  - Tourcruiser PTE. LTD<\/title>\n<meta name=\"robots\" content=\"index, follow, max-snippet:-1, max-image-preview:large, max-video-preview:-1\" \/>\n<link rel=\"canonical\" href=\"https:\/\/tourcruiser.com\/\" \/>\n<meta property=\"og:locale\" content=\"de_DE\" \/>\n<meta property=\"og:type\" content=\"article\" \/>\n<meta property=\"og:title\" content=\"(Women) adidas by Stella McCartney Clogs &#039;Dusted Clay&#039;  - Tourcruiser PTE. LTD\" \/>\n<meta property=\"og:description\" content=\"adidas Stella McCartney Clogs \u201d\u201d Dusted Clay\/Dusted Clay\/Dusted Clay\" \/>\n<meta property=\"og:url\" content=\"\/\" \/>\n<meta property=\"og:site_name\" content=\"Tourcruiser Sneaker Store\" \/>\n<meta property=\"article:modified_time\" content=\"2026-03-27T18:44:53+00:00\" \/>\n<meta name=\"twitter:card\" content=\"summary_large_image\" \/>\n<meta name=\"twitter:image\" content=\"https:\/\/images.novelship.com\/product\/_women__adidas_by_stella_mccartney_clogs__dusted_c_0_54104.jpeg;https:\/\/images.novelship.com\/product\/_women__adidas_by_stella_mccartney_clogs__dusted_c_1_54104.jpeg;https:\/\/images.novelship.com\/product\/_women__adidas_by_stella_mccartney_clogs__dusted_c_2_54104.jpeg;https:\/\/images.novelship.com\/product\/_women__adidas_by_stella_mccartney_clogs__dusted_c_3_54104.jpeg;https:\/\/images.novelship.com\/product\/_women__adidas_by_stella_mccartney_clogs__dusted_c_4_54104.jpeg;https:\/\/images.novelship.com\/product\/_women__adidas_by_stella_mccartney_clogs__dusted_c_5_54104.jpeg;https:\/\/images.novelship.com\/product\/_women__adidas_by_stella_mccartney_clogs__dusted_c_6_54104.jpeg;https:\/\/images.novelship.com\/product\/_women__adidas_by_stella_mccartney_clogs__dusted_c_7_54104.jpeg;https:\/\/images.novelship.com\/product\/_women__adidas_by_stella_mccartney_clogs__dusted_c_8_54104.jpeg;https:\/\/images.novelship.com\/product\/_women__adidas_by_stella_mccartney_clogs__dusted_c_9_54104.jpeg\" \/>\n<meta name=\"twitter:label1\" content=\"Gesch\u00e4tzte Lesezeit\" \/>\n\t<meta name=\"twitter:data1\" content=\"1\u00a0Minute\" \/>\n<script type=\"application\/ld+json\" class=\"yoast-schema-graph\">{\"@context\":\"https:\/\/schema.org\",\"@graph\":[{\"@type\":\"WebPage\",\"@id\":\"\/\",\"url\":\"https:\/\/tourcruiser.com\/\",\"name\":\"(Women) adidas by Stella McCartney Clogs 'Dusted Clay' - Tourcruiser PTE. LTD\",\"isPartOf\":{\"@id\":\"https:\/\/tourcruiser.com\/de\/#website\"},\"primaryImageOfPage\":{\"@id\":\"https:\/\/tourcruiser.com\/#primaryimage\"},\"image\":{\"@id\":\"https:\/\/tourcruiser.com\/#primaryimage\"},\"thumbnailUrl\":\"https:\/\/images.novelship.com\/product\/_women__adidas_by_stella_mccartney_clogs__dusted_c_0_54104.jpeg;https:\/\/images.novelship.com\/product\/_women__adidas_by_stella_mccartney_clogs__dusted_c_1_54104.jpeg;https:\/\/images.novelship.com\/product\/_women__adidas_by_stella_mccartney_clogs__dusted_c_2_54104.jpeg;https:\/\/images.novelship.com\/product\/_women__adidas_by_stella_mccartney_clogs__dusted_c_3_54104.jpeg;https:\/\/images.novelship.com\/product\/_women__adidas_by_stella_mccartney_clogs__dusted_c_4_54104.jpeg;https:\/\/images.novelship.com\/product\/_women__adidas_by_stella_mccartney_clogs__dusted_c_5_54104.jpeg;https:\/\/images.novelship.com\/product\/_women__adidas_by_stella_mccartney_clogs__dusted_c_6_54104.jpeg;https:\/\/images.novelship.com\/product\/_women__adidas_by_stella_mccartney_clogs__dusted_c_7_54104.jpeg;https:\/\/images.novelship.com\/product\/_women__adidas_by_stella_mccartney_clogs__dusted_c_8_54104.jpeg;https:\/\/images.novelship.com\/product\/_women__adidas_by_stella_mccartney_clogs__dusted_c_9_54104.jpeg\",\"datePublished\":\"2026-03-02T09:31:03+00:00\",\"dateModified\":\"2026-03-27T18:44:53+00:00\",\"breadcrumb\":{\"@id\":\"https:\/\/tourcruiser.com\/#breadcrumb\"},\"inLanguage\":\"de\",\"potentialAction\":[{\"@type\":\"ReadAction\",\"target\":[\"https:\/\/tourcruiser.com\/\"]}]},{\"@type\":\"ImageObject\",\"inLanguage\":\"de\",\"@id\":\"https:\/\/tourcruiser.com\/#primaryimage\",\"url\":\"https:\/\/images.novelship.com\/product\/_women__adidas_by_stella_mccartney_clogs__dusted_c_0_54104.jpeg;https:\/\/images.novelship.com\/product\/_women__adidas_by_stella_mccartney_clogs__dusted_c_1_54104.jpeg;https:\/\/images.novelship.com\/product\/_women__adidas_by_stella_mccartney_clogs__dusted_c_2_54104.jpeg;https:\/\/images.novelship.com\/product\/_women__adidas_by_stella_mccartney_clogs__dusted_c_3_54104.jpeg;https:\/\/images.novelship.com\/product\/_women__adidas_by_stella_mccartney_clogs__dusted_c_4_54104.jpeg;https:\/\/images.novelship.com\/product\/_women__adidas_by_stella_mccartney_clogs__dusted_c_5_54104.jpeg;https:\/\/images.novelship.com\/product\/_women__adidas_by_stella_mccartney_clogs__dusted_c_6_54104.jpeg;https:\/\/images.novelship.com\/product\/_women__adidas_by_stella_mccartney_clogs__dusted_c_7_54104.jpeg;https:\/\/images.novelship.com\/product\/_women__adidas_by_stella_mccartney_clogs__dusted_c_8_54104.jpeg;https:\/\/images.novelship.com\/product\/_women__adidas_by_stella_mccartney_clogs__dusted_c_9_54104.jpeg\",\"contentUrl\":\"https:\/\/images.novelship.com\/product\/_women__adidas_by_stella_mccartney_clogs__dusted_c_0_54104.jpeg;https:\/\/images.novelship.com\/product\/_women__adidas_by_stella_mccartney_clogs__dusted_c_1_54104.jpeg;https:\/\/images.novelship.com\/product\/_women__adidas_by_stella_mccartney_clogs__dusted_c_2_54104.jpeg;https:\/\/images.novelship.com\/product\/_women__adidas_by_stella_mccartney_clogs__dusted_c_3_54104.jpeg;https:\/\/images.novelship.com\/product\/_women__adidas_by_stella_mccartney_clogs__dusted_c_4_54104.jpeg;https:\/\/images.novelship.com\/product\/_women__adidas_by_stella_mccartney_clogs__dusted_c_5_54104.jpeg;https:\/\/images.novelship.com\/product\/_women__adidas_by_stella_mccartney_clogs__dusted_c_6_54104.jpeg;https:\/\/images.novelship.com\/product\/_women__adidas_by_stella_mccartney_clogs__dusted_c_7_54104.jpeg;https:\/\/images.novelship.com\/product\/_women__adidas_by_stella_mccartney_clogs__dusted_c_8_54104.jpeg;https:\/\/images.novelship.com\/product\/_women__adidas_by_stella_mccartney_clogs__dusted_c_9_54104.jpeg\"},{\"@type\":\"BreadcrumbList\",\"@id\":\"https:\/\/tourcruiser.com\/#breadcrumb\",\"itemListElement\":[{\"@type\":\"ListItem\",\"position\":1,\"name\":\"Home\",\"item\":\"https:\/\/tourcruiser.com\/de\/\"},{\"@type\":\"ListItem\",\"position\":2,\"name\":\"Shop\",\"item\":\"https:\/\/tourcruiser.com\/de\/shop\/\"},{\"@type\":\"ListItem\",\"position\":3,\"name\":\"(Women) adidas by Stella McCartney Clogs &#8218;Dusted Clay&#8216;\"}]},{\"@type\":\"WebSite\",\"@id\":\"https:\/\/tourcruiser.com\/de\/#website\",\"url\":\"https:\/\/tourcruiser.com\/de\/\",\"name\":\"Styloral Jewelry Shop\",\"description\":\"Tourcruiser Sneaker Store \u2014 der Ort, an dem das Universum deine Einzigartigkeit trifft.\",\"publisher\":{\"@id\":\"https:\/\/tourcruiser.com\/de\/#organization\"},\"potentialAction\":[{\"@type\":\"SearchAction\",\"target\":{\"@type\":\"EntryPoint\",\"urlTemplate\":\"https:\/\/tourcruiser.com\/de\/?s={search_term_string}\"},\"query-input\":{\"@type\":\"PropertyValueSpecification\",\"valueRequired\":true,\"valueName\":\"search_term_string\"}}],\"inLanguage\":\"de\"},{\"@type\":\"Organization\",\"@id\":\"https:\/\/tourcruiser.com\/de\/#organization\",\"name\":\"STYLORAL PTE. LTD\",\"url\":\"https:\/\/tourcruiser.com\/de\/\",\"logo\":{\"@type\":\"ImageObject\",\"inLanguage\":\"de\",\"@id\":\"https:\/\/tourcruiser.com\/de\/#\/schema\/logo\/image\/\",\"url\":\"https:\/\/www.tourcruiser.com\/wp-content\/uploads\/2025\/12\/logo.png\",\"contentUrl\":\"https:\/\/www.tourcruiser.com\/wp-content\/uploads\/2025\/12\/logo.png\",\"width\":200,\"height\":65,\"caption\":\"STYLORAL PTE. LTD\"},\"image\":{\"@id\":\"https:\/\/tourcruiser.com\/de\/#\/schema\/logo\/image\/\"}}]}<\/script>\n<!-- \/ Yoast SEO plugin. -->","yoast_head_json":{"title":"(Women) adidas by Stella McCartney Clogs 'Dusted Clay'  - Tourcruiser PTE. LTD","robots":{"index":"index","follow":"follow","max-snippet":"max-snippet:-1","max-image-preview":"max-image-preview:large","max-video-preview":"max-video-preview:-1"},"canonical":"https:\/\/tourcruiser.com\/","og_locale":"de_DE","og_type":"article","og_title":"(Women) adidas by Stella McCartney Clogs 'Dusted Clay'  - Tourcruiser PTE. LTD","og_description":"adidas Stella McCartney Clogs \u201d\u201d Dusted Clay\/Dusted Clay\/Dusted Clay","og_url":"\/","og_site_name":"Tourcruiser Sneaker Store","article_modified_time":"2026-03-27T18:44:53+00:00","twitter_card":"summary_large_image","twitter_image":"https:\/\/images.novelship.com\/product\/_women__adidas_by_stella_mccartney_clogs__dusted_c_0_54104.jpeg;https:\/\/images.novelship.com\/product\/_women__adidas_by_stella_mccartney_clogs__dusted_c_1_54104.jpeg;https:\/\/images.novelship.com\/product\/_women__adidas_by_stella_mccartney_clogs__dusted_c_2_54104.jpeg;https:\/\/images.novelship.com\/product\/_women__adidas_by_stella_mccartney_clogs__dusted_c_3_54104.jpeg;https:\/\/images.novelship.com\/product\/_women__adidas_by_stella_mccartney_clogs__dusted_c_4_54104.jpeg;https:\/\/images.novelship.com\/product\/_women__adidas_by_stella_mccartney_clogs__dusted_c_5_54104.jpeg;https:\/\/images.novelship.com\/product\/_women__adidas_by_stella_mccartney_clogs__dusted_c_6_54104.jpeg;https:\/\/images.novelship.com\/product\/_women__adidas_by_stella_mccartney_clogs__dusted_c_7_54104.jpeg;https:\/\/images.novelship.com\/product\/_women__adidas_by_stella_mccartney_clogs__dusted_c_8_54104.jpeg;https:\/\/images.novelship.com\/product\/_women__adidas_by_stella_mccartney_clogs__dusted_c_9_54104.jpeg","twitter_misc":{"Gesch\u00e4tzte Lesezeit":"1\u00a0Minute"},"schema":{"@context":"https:\/\/schema.org","@graph":[{"@type":"WebPage","@id":"\/","url":"https:\/\/tourcruiser.com\/","name":"(Women) adidas by Stella McCartney Clogs 'Dusted Clay' - Tourcruiser PTE. LTD","isPartOf":{"@id":"https:\/\/tourcruiser.com\/de\/#website"},"primaryImageOfPage":{"@id":"https:\/\/tourcruiser.com\/#primaryimage"},"image":{"@id":"https:\/\/tourcruiser.com\/#primaryimage"},"thumbnailUrl":"https:\/\/images.novelship.com\/product\/_women__adidas_by_stella_mccartney_clogs__dusted_c_0_54104.jpeg;https:\/\/images.novelship.com\/product\/_women__adidas_by_stella_mccartney_clogs__dusted_c_1_54104.jpeg;https:\/\/images.novelship.com\/product\/_women__adidas_by_stella_mccartney_clogs__dusted_c_2_54104.jpeg;https:\/\/images.novelship.com\/product\/_women__adidas_by_stella_mccartney_clogs__dusted_c_3_54104.jpeg;https:\/\/images.novelship.com\/product\/_women__adidas_by_stella_mccartney_clogs__dusted_c_4_54104.jpeg;https:\/\/images.novelship.com\/product\/_women__adidas_by_stella_mccartney_clogs__dusted_c_5_54104.jpeg;https:\/\/images.novelship.com\/product\/_women__adidas_by_stella_mccartney_clogs__dusted_c_6_54104.jpeg;https:\/\/images.novelship.com\/product\/_women__adidas_by_stella_mccartney_clogs__dusted_c_7_54104.jpeg;https:\/\/images.novelship.com\/product\/_women__adidas_by_stella_mccartney_clogs__dusted_c_8_54104.jpeg;https:\/\/images.novelship.com\/product\/_women__adidas_by_stella_mccartney_clogs__dusted_c_9_54104.jpeg","datePublished":"2026-03-02T09:31:03+00:00","dateModified":"2026-03-27T18:44:53+00:00","breadcrumb":{"@id":"https:\/\/tourcruiser.com\/#breadcrumb"},"inLanguage":"de","potentialAction":[{"@type":"ReadAction","target":["https:\/\/tourcruiser.com\/"]}]},{"@type":"ImageObject","inLanguage":"de","@id":"https:\/\/tourcruiser.com\/#primaryimage","url":"https:\/\/images.novelship.com\/product\/_women__adidas_by_stella_mccartney_clogs__dusted_c_0_54104.jpeg;https:\/\/images.novelship.com\/product\/_women__adidas_by_stella_mccartney_clogs__dusted_c_1_54104.jpeg;https:\/\/images.novelship.com\/product\/_women__adidas_by_stella_mccartney_clogs__dusted_c_2_54104.jpeg;https:\/\/images.novelship.com\/product\/_women__adidas_by_stella_mccartney_clogs__dusted_c_3_54104.jpeg;https:\/\/images.novelship.com\/product\/_women__adidas_by_stella_mccartney_clogs__dusted_c_4_54104.jpeg;https:\/\/images.novelship.com\/product\/_women__adidas_by_stella_mccartney_clogs__dusted_c_5_54104.jpeg;https:\/\/images.novelship.com\/product\/_women__adidas_by_stella_mccartney_clogs__dusted_c_6_54104.jpeg;https:\/\/images.novelship.com\/product\/_women__adidas_by_stella_mccartney_clogs__dusted_c_7_54104.jpeg;https:\/\/images.novelship.com\/product\/_women__adidas_by_stella_mccartney_clogs__dusted_c_8_54104.jpeg;https:\/\/images.novelship.com\/product\/_women__adidas_by_stella_mccartney_clogs__dusted_c_9_54104.jpeg","contentUrl":"https:\/\/images.novelship.com\/product\/_women__adidas_by_stella_mccartney_clogs__dusted_c_0_54104.jpeg;https:\/\/images.novelship.com\/product\/_women__adidas_by_stella_mccartney_clogs__dusted_c_1_54104.jpeg;https:\/\/images.novelship.com\/product\/_women__adidas_by_stella_mccartney_clogs__dusted_c_2_54104.jpeg;https:\/\/images.novelship.com\/product\/_women__adidas_by_stella_mccartney_clogs__dusted_c_3_54104.jpeg;https:\/\/images.novelship.com\/product\/_women__adidas_by_stella_mccartney_clogs__dusted_c_4_54104.jpeg;https:\/\/images.novelship.com\/product\/_women__adidas_by_stella_mccartney_clogs__dusted_c_5_54104.jpeg;https:\/\/images.novelship.com\/product\/_women__adidas_by_stella_mccartney_clogs__dusted_c_6_54104.jpeg;https:\/\/images.novelship.com\/product\/_women__adidas_by_stella_mccartney_clogs__dusted_c_7_54104.jpeg;https:\/\/images.novelship.com\/product\/_women__adidas_by_stella_mccartney_clogs__dusted_c_8_54104.jpeg;https:\/\/images.novelship.com\/product\/_women__adidas_by_stella_mccartney_clogs__dusted_c_9_54104.jpeg"},{"@type":"BreadcrumbList","@id":"https:\/\/tourcruiser.com\/#breadcrumb","itemListElement":[{"@type":"ListItem","position":1,"name":"Home","item":"https:\/\/tourcruiser.com\/de\/"},{"@type":"ListItem","position":2,"name":"Shop","item":"https:\/\/tourcruiser.com\/de\/shop\/"},{"@type":"ListItem","position":3,"name":"(Women) adidas by Stella McCartney Clogs &#8218;Dusted Clay&#8216;"}]},{"@type":"WebSite","@id":"https:\/\/tourcruiser.com\/de\/#website","url":"https:\/\/tourcruiser.com\/de\/","name":"Styloral Jewelry Shop","description":"Tourcruiser Sneaker Store \u2014 der Ort, an dem das Universum deine Einzigartigkeit trifft.","publisher":{"@id":"https:\/\/tourcruiser.com\/de\/#organization"},"potentialAction":[{"@type":"SearchAction","target":{"@type":"EntryPoint","urlTemplate":"https:\/\/tourcruiser.com\/de\/?s={search_term_string}"},"query-input":{"@type":"PropertyValueSpecification","valueRequired":true,"valueName":"search_term_string"}}],"inLanguage":"de"},{"@type":"Organization","@id":"https:\/\/tourcruiser.com\/de\/#organization","name":"STYLORAL PTE. LTD","url":"https:\/\/tourcruiser.com\/de\/","logo":{"@type":"ImageObject","inLanguage":"de","@id":"https:\/\/tourcruiser.com\/de\/#\/schema\/logo\/image\/","url":"https:\/\/www.tourcruiser.com\/wp-content\/uploads\/2025\/12\/logo.png","contentUrl":"https:\/\/www.tourcruiser.com\/wp-content\/uploads\/2025\/12\/logo.png","width":200,"height":65,"caption":"STYLORAL PTE. LTD"},"image":{"@id":"https:\/\/tourcruiser.com\/de\/#\/schema\/logo\/image\/"}}]}},"_links":{"self":[{"href":"https:\/\/tourcruiser.com\/de\/wp-json\/wp\/v2\/product\/177029","targetHints":{"allow":["GET"]}}],"collection":[{"href":"https:\/\/tourcruiser.com\/de\/wp-json\/wp\/v2\/product"}],"about":[{"href":"https:\/\/tourcruiser.com\/de\/wp-json\/wp\/v2\/types\/product"}],"replies":[{"embeddable":true,"href":"https:\/\/tourcruiser.com\/de\/wp-json\/wp\/v2\/comments?post=177029"}],"wp:featuredmedia":[{"embeddable":true,"href":"https:\/\/tourcruiser.com\/de\/wp-json\/wp\/v2\/media\/177030"}],"wp:attachment":[{"href":"https:\/\/tourcruiser.com\/de\/wp-json\/wp\/v2\/media?parent=177029"}],"wp:term":[{"taxonomy":"product_brand","embeddable":true,"href":"https:\/\/tourcruiser.com\/de\/wp-json\/wp\/v2\/product_brand?post=177029"},{"taxonomy":"product_cat","embeddable":true,"href":"https:\/\/tourcruiser.com\/de\/wp-json\/wp\/v2\/product_cat?post=177029"},{"taxonomy":"product_tag","embeddable":true,"href":"https:\/\/tourcruiser.com\/de\/wp-json\/wp\/v2\/product_tag?post=177029"}],"curies":[{"name":"wp","href":"https:\/\/api.w.org\/{rel}","templated":true}]}}