{"id":176973,"date":"2026-03-02T16:30:58","date_gmt":"2026-03-02T09:30:58","guid":{"rendered":"http:\/\/tourcruiser.com\/product\/adidas-terrex-hydroterra-sandals"},"modified":"2026-03-28T01:44:50","modified_gmt":"2026-03-27T18:44:50","slug":"adidas-terrex-hydroterra-sandals","status":"publish","type":"product","link":"https:\/\/tourcruiser.com\/de\/products\/adidas-terrex-hydroterra-sandals\/","title":{"rendered":"Adidas Terrex Hydroterra Sandals"},"content":{"rendered":"<p>Erleben Sie ultimativen Komfort und optimale Performance mit den Adidas Terrex Hydroterra Sandalen JQ2236 \u201d\u201c entwickelt f\u00fcr Outdoor-Fans, die Wert auf Langlebigkeit, Vielseitigkeit und Stil legen.<\/p>\n<p>Diese leichten Sandalen aus schnelltrocknenden Materialien halten Ihre F\u00fc\u00dfe angenehm trocken und sind somit perfekt zum Wandern, f\u00fcr Wasserabenteuer oder entspannte Spazierg\u00e4nge geeignet. Die verstellbaren Riemen sorgen f\u00fcr einen sicheren und individuellen Sitz, w\u00e4hrend die gepolsterte EVA-Zwischensohle den ganzen Tag \u00fcber hervorragenden Halt bietet.<\/p>\n<p>Dank der griffigen Gummisohle bieten diese Sandalen hervorragende Traktion auf nassem und trockenem Untergrund und geben Ihnen Sicherheit auf jedem Terrain. Das offene Zehendesign verbessert die Atmungsaktivit\u00e4t, w\u00e4hrend das markante Adidas-Branding und das elegante Design f\u00fcr einen modernen und sportlichen Look sorgen.<\/p>\n<p>Die Terrex Hydroterra Sandalen sind wie geschaffen f\u00fcr Abenteuer und wurden mit Blick auf Nachhaltigkeit hergestellt. Sie bestehen aus recycelten Materialien, ohne Kompromisse bei Leistung oder Qualit\u00e4t einzugehen. Ob auf Wanderwegen, beim Durchwaten von B\u00e4chen oder beim Entspannen am Strand \u201d\u201c diese Sandalen vereinen Funktionalit\u00e4t und Stil perfekt.<\/p>\n<p>Mit den Adidas Terrex Hydroterra Sandalen JQ2236 gehst du jeden Schritt souver\u00e4n und m\u00fchelos \u201d\u201c sie sind dein zuverl\u00e4ssiger Begleiter f\u00fcr Outdoor-Aktivit\u00e4ten und machen deine Abenteuer zu einem unvergesslichen Erlebnis.<\/p>\n<ul>\n<li><strong>Farbgebung:<\/strong> Olive Strata\/Core Black\/Wonder Beige<\/li>\n<li><strong>Artikelnummer:<\/strong> JQ2236<\/li>\n<li><strong>Obermaterial:<\/strong> Textil<\/li>\n<li><strong>Zwischensohle:<\/strong> EVA<\/li>\n<li><strong>Farbe:<\/strong> Schwarz<\/li>\n<\/ul>\n","protected":false},"excerpt":{"rendered":"<p>adidas Terrex Hydroterra Sandals \u201d\u201d Olive Strata\/Core Black\/Wonder Beige<\/p>\n","protected":false},"featured_media":176974,"comment_status":"open","ping_status":"closed","template":"","meta":[],"product_brand":[],"product_cat":[10760],"product_tag":[11169],"class_list":{"0":"post-176973","1":"product","2":"type-product","3":"status-publish","4":"has-post-thumbnail","6":"product_cat-adidas","7":"product_tag-small-special-price","8":"wcpa_has_options","10":"first","11":"outofstock","12":"taxable","13":"shipping-taxable","14":"purchasable","15":"product-type-simple"},"wcpa_form_fields":{"rules":{"pric_overide_base_price":false,"pric_overide_base_price_if_gt_zero":false,"pric_overide_base_price_fully":false,"pric_cal_option_once":false,"pric_use_as_fee":false,"bind_quantity":false,"quantity_bind_formula":false},"fields":[{"type":"color-group","required":true,"elementId":"wcpa-color-group-66c4a7f817afe","label":"Gr\u00f6\u00dfe","inline":true,"priceOptions":"different_for_all","pricingType":"fixed","className":"hassizechart product-shoes-size-eu product-shoes-size","name":"color-group-66c4a7f817b18","disp_type":"square","selection_type":"tick-border","disp_size":"50","show_label_inside":true,"adjust_width":true,"cart_display_type":"text","other_text":"Other","cl_rule":"show","col":6,"values":[{"label":"35","value":"EU 35","price":"","pimage":"","pimage_id":"","pthumb":"","color":""},{"label":"35.5","value":"EU 35.5","price":"","pimage":"","pimage_id":"","pthumb":"","color":""},{"label":"36","value":"EU 36","price":"","pimage":"","pimage_id":"","pthumb":"","color":"","selected":true},{"label":"36 2\/3","value":"EU 36 2\/3","price":"","pimage":"","pimage_id":"","pthumb":"","color":""},{"label":"37 1\/3","value":"EU 37 1\/3","price":"","pimage":"","pimage_id":"","pthumb":"","color":""},{"label":"38","value":"EU 38","price":"","pimage":"","pimage_id":"","pthumb":"","color":""},{"label":"38 2\/3","value":"EU 38 2\/3","price":"","pimage":"","pimage_id":"","pthumb":"","color":""},{"label":"39 1\/3","value":"EU 39 1\/3","price":"","pimage":"","pimage_id":"","pthumb":"","color":""},{"label":"40","value":"EU 40","price":"","pimage":"","pimage_id":"","pthumb":"","color":""},{"label":"40 2\/3","value":"EU 40 2\/3","price":"","pimage":"","pimage_id":"","pthumb":"","color":""},{"label":"41 1\/3","value":"EU 41 1\/3","price":"","pimage":"","pimage_id":"","pthumb":"","color":""},{"label":"42","value":"EU 42","price":"","pimage":"","pimage_id":"","pthumb":"","color":""},{"label":"42 2\/3","value":"EU 42 2\/3","price":"","pimage":"","pimage_id":"","pthumb":"","color":""},{"label":"43 1\/3","value":"EU 43 1\/3","price":"","pimage":"","pimage_id":"","pthumb":"","color":""},{"label":"44","value":"EU 44","price":"","pimage":"","pimage_id":"","pthumb":"","color":""},{"label":"44 2\/3","value":"EU 44 2\/3","price":"","pimage":"","pimage_id":"","pthumb":"","color":""},{"label":"45 1\/3","value":"EU 45 1\/3","price":"","pimage":"","pimage_id":"","pthumb":"","color":""},{"label":"46","value":"EU 46","price":"","pimage":"","pimage_id":"","pthumb":"","color":""},{"label":"46 2\/3","value":"EU 46 2\/3","price":"","pimage":"","pimage_id":"","pthumb":"","color":""},{"label":"47 1\/3","value":"EU 47 1\/3","price":"","pimage":"","pimage_id":"","pthumb":"","color":""}],"relations":[{"operator":false,"rules":[]}],"form_id":24802,"form_rules":{"pric_cal_option_once":false,"exclude_from_discount":false,"pric_use_as_fee":false,"fee_label":"Fee","render_after_acb":false,"disp_hide_options_price":false}}]},"yoast_head":"<!-- This site is optimized with the Yoast SEO plugin v26.5 - https:\/\/yoast.com\/wordpress\/plugins\/seo\/ -->\n<title>Adidas Terrex Hydroterra Sandals  - Tourcruiser PTE. LTD<\/title>\n<meta name=\"robots\" content=\"index, follow, max-snippet:-1, max-image-preview:large, max-video-preview:-1\" \/>\n<link rel=\"canonical\" href=\"https:\/\/tourcruiser.com\/\" \/>\n<meta property=\"og:locale\" content=\"de_DE\" \/>\n<meta property=\"og:type\" content=\"article\" \/>\n<meta property=\"og:title\" content=\"Adidas Terrex Hydroterra Sandals  - Tourcruiser PTE. LTD\" \/>\n<meta property=\"og:description\" content=\"adidas Terrex Hydroterra Sandals \u201d\u201d Olive Strata\/Core Black\/Wonder Beige\" \/>\n<meta property=\"og:url\" content=\"\/\" \/>\n<meta property=\"og:site_name\" content=\"Tourcruiser Sneaker Store\" \/>\n<meta property=\"article:modified_time\" content=\"2026-03-27T18:44:50+00:00\" \/>\n<meta name=\"twitter:card\" content=\"summary_large_image\" \/>\n<meta name=\"twitter:image\" content=\"https:\/\/images.novelship.com\/product\/adidas_terrex_hydroterra_sandals_jq2236_0_35946.jpeg;https:\/\/images.novelship.com\/product\/adidas_terrex_hydroterra_sandals_jq2236_1_35946.jpeg;https:\/\/images.novelship.com\/product\/adidas_terrex_hydroterra_sandals_jq2236_2_35946.jpeg;https:\/\/images.novelship.com\/product\/adidas_terrex_hydroterra_sandals_jq2236_3_35946.jpeg;https:\/\/images.novelship.com\/product\/adidas_terrex_hydroterra_sandals_jq2236_4_35946.jpeg;https:\/\/images.novelship.com\/product\/adidas_terrex_hydroterra_sandals_jq2236_5_35946.jpeg;https:\/\/images.novelship.com\/product\/adidas_terrex_hydroterra_sandals_jq2236_6_35946.jpeg;https:\/\/images.novelship.com\/product\/adidas_terrex_hydroterra_sandals_jq2236_7_35946.jpeg;https:\/\/images.novelship.com\/product\/adidas_terrex_hydroterra_sandals_jq2236_8_35946.jpeg;https:\/\/images.novelship.com\/product\/adidas_terrex_hydroterra_sandals_jq2236_9_35946.jpeg;https:\/\/images.novelship.com\/product\/adidas_terrex_hydroterra_sandals_jq2236_10_35946.jpeg\" \/>\n<meta name=\"twitter:label1\" content=\"Gesch\u00e4tzte Lesezeit\" \/>\n\t<meta name=\"twitter:data1\" content=\"1\u00a0Minute\" \/>\n<script type=\"application\/ld+json\" class=\"yoast-schema-graph\">{\"@context\":\"https:\/\/schema.org\",\"@graph\":[{\"@type\":\"WebPage\",\"@id\":\"\/\",\"url\":\"https:\/\/tourcruiser.com\/\",\"name\":\"Adidas Terrex Hydroterra Sandals - Tourcruiser PTE. LTD\",\"isPartOf\":{\"@id\":\"https:\/\/tourcruiser.com\/de\/#website\"},\"primaryImageOfPage\":{\"@id\":\"https:\/\/tourcruiser.com\/#primaryimage\"},\"image\":{\"@id\":\"https:\/\/tourcruiser.com\/#primaryimage\"},\"thumbnailUrl\":\"https:\/\/images.novelship.com\/product\/adidas_terrex_hydroterra_sandals_jq2236_0_35946.jpeg;https:\/\/images.novelship.com\/product\/adidas_terrex_hydroterra_sandals_jq2236_1_35946.jpeg;https:\/\/images.novelship.com\/product\/adidas_terrex_hydroterra_sandals_jq2236_2_35946.jpeg;https:\/\/images.novelship.com\/product\/adidas_terrex_hydroterra_sandals_jq2236_3_35946.jpeg;https:\/\/images.novelship.com\/product\/adidas_terrex_hydroterra_sandals_jq2236_4_35946.jpeg;https:\/\/images.novelship.com\/product\/adidas_terrex_hydroterra_sandals_jq2236_5_35946.jpeg;https:\/\/images.novelship.com\/product\/adidas_terrex_hydroterra_sandals_jq2236_6_35946.jpeg;https:\/\/images.novelship.com\/product\/adidas_terrex_hydroterra_sandals_jq2236_7_35946.jpeg;https:\/\/images.novelship.com\/product\/adidas_terrex_hydroterra_sandals_jq2236_8_35946.jpeg;https:\/\/images.novelship.com\/product\/adidas_terrex_hydroterra_sandals_jq2236_9_35946.jpeg;https:\/\/images.novelship.com\/product\/adidas_terrex_hydroterra_sandals_jq2236_10_35946.jpeg\",\"datePublished\":\"2026-03-02T09:30:58+00:00\",\"dateModified\":\"2026-03-27T18:44:50+00:00\",\"breadcrumb\":{\"@id\":\"https:\/\/tourcruiser.com\/#breadcrumb\"},\"inLanguage\":\"de\",\"potentialAction\":[{\"@type\":\"ReadAction\",\"target\":[\"https:\/\/tourcruiser.com\/\"]}]},{\"@type\":\"ImageObject\",\"inLanguage\":\"de\",\"@id\":\"https:\/\/tourcruiser.com\/#primaryimage\",\"url\":\"https:\/\/images.novelship.com\/product\/adidas_terrex_hydroterra_sandals_jq2236_0_35946.jpeg;https:\/\/images.novelship.com\/product\/adidas_terrex_hydroterra_sandals_jq2236_1_35946.jpeg;https:\/\/images.novelship.com\/product\/adidas_terrex_hydroterra_sandals_jq2236_2_35946.jpeg;https:\/\/images.novelship.com\/product\/adidas_terrex_hydroterra_sandals_jq2236_3_35946.jpeg;https:\/\/images.novelship.com\/product\/adidas_terrex_hydroterra_sandals_jq2236_4_35946.jpeg;https:\/\/images.novelship.com\/product\/adidas_terrex_hydroterra_sandals_jq2236_5_35946.jpeg;https:\/\/images.novelship.com\/product\/adidas_terrex_hydroterra_sandals_jq2236_6_35946.jpeg;https:\/\/images.novelship.com\/product\/adidas_terrex_hydroterra_sandals_jq2236_7_35946.jpeg;https:\/\/images.novelship.com\/product\/adidas_terrex_hydroterra_sandals_jq2236_8_35946.jpeg;https:\/\/images.novelship.com\/product\/adidas_terrex_hydroterra_sandals_jq2236_9_35946.jpeg;https:\/\/images.novelship.com\/product\/adidas_terrex_hydroterra_sandals_jq2236_10_35946.jpeg\",\"contentUrl\":\"https:\/\/images.novelship.com\/product\/adidas_terrex_hydroterra_sandals_jq2236_0_35946.jpeg;https:\/\/images.novelship.com\/product\/adidas_terrex_hydroterra_sandals_jq2236_1_35946.jpeg;https:\/\/images.novelship.com\/product\/adidas_terrex_hydroterra_sandals_jq2236_2_35946.jpeg;https:\/\/images.novelship.com\/product\/adidas_terrex_hydroterra_sandals_jq2236_3_35946.jpeg;https:\/\/images.novelship.com\/product\/adidas_terrex_hydroterra_sandals_jq2236_4_35946.jpeg;https:\/\/images.novelship.com\/product\/adidas_terrex_hydroterra_sandals_jq2236_5_35946.jpeg;https:\/\/images.novelship.com\/product\/adidas_terrex_hydroterra_sandals_jq2236_6_35946.jpeg;https:\/\/images.novelship.com\/product\/adidas_terrex_hydroterra_sandals_jq2236_7_35946.jpeg;https:\/\/images.novelship.com\/product\/adidas_terrex_hydroterra_sandals_jq2236_8_35946.jpeg;https:\/\/images.novelship.com\/product\/adidas_terrex_hydroterra_sandals_jq2236_9_35946.jpeg;https:\/\/images.novelship.com\/product\/adidas_terrex_hydroterra_sandals_jq2236_10_35946.jpeg\"},{\"@type\":\"BreadcrumbList\",\"@id\":\"https:\/\/tourcruiser.com\/#breadcrumb\",\"itemListElement\":[{\"@type\":\"ListItem\",\"position\":1,\"name\":\"Home\",\"item\":\"https:\/\/tourcruiser.com\/de\/\"},{\"@type\":\"ListItem\",\"position\":2,\"name\":\"Shop\",\"item\":\"https:\/\/tourcruiser.com\/de\/shop\/\"},{\"@type\":\"ListItem\",\"position\":3,\"name\":\"Adidas Terrex Hydroterra Sandals\"}]},{\"@type\":\"WebSite\",\"@id\":\"https:\/\/tourcruiser.com\/de\/#website\",\"url\":\"https:\/\/tourcruiser.com\/de\/\",\"name\":\"Styloral Jewelry Shop\",\"description\":\"Tourcruiser Sneaker Store \u2014 der Ort, an dem das Universum deine Einzigartigkeit trifft.\",\"publisher\":{\"@id\":\"https:\/\/tourcruiser.com\/de\/#organization\"},\"potentialAction\":[{\"@type\":\"SearchAction\",\"target\":{\"@type\":\"EntryPoint\",\"urlTemplate\":\"https:\/\/tourcruiser.com\/de\/?s={search_term_string}\"},\"query-input\":{\"@type\":\"PropertyValueSpecification\",\"valueRequired\":true,\"valueName\":\"search_term_string\"}}],\"inLanguage\":\"de\"},{\"@type\":\"Organization\",\"@id\":\"https:\/\/tourcruiser.com\/de\/#organization\",\"name\":\"STYLORAL PTE. LTD\",\"url\":\"https:\/\/tourcruiser.com\/de\/\",\"logo\":{\"@type\":\"ImageObject\",\"inLanguage\":\"de\",\"@id\":\"https:\/\/tourcruiser.com\/de\/#\/schema\/logo\/image\/\",\"url\":\"https:\/\/www.tourcruiser.com\/wp-content\/uploads\/2025\/12\/logo.png\",\"contentUrl\":\"https:\/\/www.tourcruiser.com\/wp-content\/uploads\/2025\/12\/logo.png\",\"width\":200,\"height\":65,\"caption\":\"STYLORAL PTE. LTD\"},\"image\":{\"@id\":\"https:\/\/tourcruiser.com\/de\/#\/schema\/logo\/image\/\"}}]}<\/script>\n<!-- \/ Yoast SEO plugin. -->","yoast_head_json":{"title":"Adidas Terrex Hydroterra Sandals  - Tourcruiser PTE. LTD","robots":{"index":"index","follow":"follow","max-snippet":"max-snippet:-1","max-image-preview":"max-image-preview:large","max-video-preview":"max-video-preview:-1"},"canonical":"https:\/\/tourcruiser.com\/","og_locale":"de_DE","og_type":"article","og_title":"Adidas Terrex Hydroterra Sandals  - Tourcruiser PTE. LTD","og_description":"adidas Terrex Hydroterra Sandals \u201d\u201d Olive Strata\/Core Black\/Wonder Beige","og_url":"\/","og_site_name":"Tourcruiser Sneaker Store","article_modified_time":"2026-03-27T18:44:50+00:00","twitter_card":"summary_large_image","twitter_image":"https:\/\/images.novelship.com\/product\/adidas_terrex_hydroterra_sandals_jq2236_0_35946.jpeg;https:\/\/images.novelship.com\/product\/adidas_terrex_hydroterra_sandals_jq2236_1_35946.jpeg;https:\/\/images.novelship.com\/product\/adidas_terrex_hydroterra_sandals_jq2236_2_35946.jpeg;https:\/\/images.novelship.com\/product\/adidas_terrex_hydroterra_sandals_jq2236_3_35946.jpeg;https:\/\/images.novelship.com\/product\/adidas_terrex_hydroterra_sandals_jq2236_4_35946.jpeg;https:\/\/images.novelship.com\/product\/adidas_terrex_hydroterra_sandals_jq2236_5_35946.jpeg;https:\/\/images.novelship.com\/product\/adidas_terrex_hydroterra_sandals_jq2236_6_35946.jpeg;https:\/\/images.novelship.com\/product\/adidas_terrex_hydroterra_sandals_jq2236_7_35946.jpeg;https:\/\/images.novelship.com\/product\/adidas_terrex_hydroterra_sandals_jq2236_8_35946.jpeg;https:\/\/images.novelship.com\/product\/adidas_terrex_hydroterra_sandals_jq2236_9_35946.jpeg;https:\/\/images.novelship.com\/product\/adidas_terrex_hydroterra_sandals_jq2236_10_35946.jpeg","twitter_misc":{"Gesch\u00e4tzte Lesezeit":"1\u00a0Minute"},"schema":{"@context":"https:\/\/schema.org","@graph":[{"@type":"WebPage","@id":"\/","url":"https:\/\/tourcruiser.com\/","name":"Adidas Terrex Hydroterra Sandals - Tourcruiser PTE. LTD","isPartOf":{"@id":"https:\/\/tourcruiser.com\/de\/#website"},"primaryImageOfPage":{"@id":"https:\/\/tourcruiser.com\/#primaryimage"},"image":{"@id":"https:\/\/tourcruiser.com\/#primaryimage"},"thumbnailUrl":"https:\/\/images.novelship.com\/product\/adidas_terrex_hydroterra_sandals_jq2236_0_35946.jpeg;https:\/\/images.novelship.com\/product\/adidas_terrex_hydroterra_sandals_jq2236_1_35946.jpeg;https:\/\/images.novelship.com\/product\/adidas_terrex_hydroterra_sandals_jq2236_2_35946.jpeg;https:\/\/images.novelship.com\/product\/adidas_terrex_hydroterra_sandals_jq2236_3_35946.jpeg;https:\/\/images.novelship.com\/product\/adidas_terrex_hydroterra_sandals_jq2236_4_35946.jpeg;https:\/\/images.novelship.com\/product\/adidas_terrex_hydroterra_sandals_jq2236_5_35946.jpeg;https:\/\/images.novelship.com\/product\/adidas_terrex_hydroterra_sandals_jq2236_6_35946.jpeg;https:\/\/images.novelship.com\/product\/adidas_terrex_hydroterra_sandals_jq2236_7_35946.jpeg;https:\/\/images.novelship.com\/product\/adidas_terrex_hydroterra_sandals_jq2236_8_35946.jpeg;https:\/\/images.novelship.com\/product\/adidas_terrex_hydroterra_sandals_jq2236_9_35946.jpeg;https:\/\/images.novelship.com\/product\/adidas_terrex_hydroterra_sandals_jq2236_10_35946.jpeg","datePublished":"2026-03-02T09:30:58+00:00","dateModified":"2026-03-27T18:44:50+00:00","breadcrumb":{"@id":"https:\/\/tourcruiser.com\/#breadcrumb"},"inLanguage":"de","potentialAction":[{"@type":"ReadAction","target":["https:\/\/tourcruiser.com\/"]}]},{"@type":"ImageObject","inLanguage":"de","@id":"https:\/\/tourcruiser.com\/#primaryimage","url":"https:\/\/images.novelship.com\/product\/adidas_terrex_hydroterra_sandals_jq2236_0_35946.jpeg;https:\/\/images.novelship.com\/product\/adidas_terrex_hydroterra_sandals_jq2236_1_35946.jpeg;https:\/\/images.novelship.com\/product\/adidas_terrex_hydroterra_sandals_jq2236_2_35946.jpeg;https:\/\/images.novelship.com\/product\/adidas_terrex_hydroterra_sandals_jq2236_3_35946.jpeg;https:\/\/images.novelship.com\/product\/adidas_terrex_hydroterra_sandals_jq2236_4_35946.jpeg;https:\/\/images.novelship.com\/product\/adidas_terrex_hydroterra_sandals_jq2236_5_35946.jpeg;https:\/\/images.novelship.com\/product\/adidas_terrex_hydroterra_sandals_jq2236_6_35946.jpeg;https:\/\/images.novelship.com\/product\/adidas_terrex_hydroterra_sandals_jq2236_7_35946.jpeg;https:\/\/images.novelship.com\/product\/adidas_terrex_hydroterra_sandals_jq2236_8_35946.jpeg;https:\/\/images.novelship.com\/product\/adidas_terrex_hydroterra_sandals_jq2236_9_35946.jpeg;https:\/\/images.novelship.com\/product\/adidas_terrex_hydroterra_sandals_jq2236_10_35946.jpeg","contentUrl":"https:\/\/images.novelship.com\/product\/adidas_terrex_hydroterra_sandals_jq2236_0_35946.jpeg;https:\/\/images.novelship.com\/product\/adidas_terrex_hydroterra_sandals_jq2236_1_35946.jpeg;https:\/\/images.novelship.com\/product\/adidas_terrex_hydroterra_sandals_jq2236_2_35946.jpeg;https:\/\/images.novelship.com\/product\/adidas_terrex_hydroterra_sandals_jq2236_3_35946.jpeg;https:\/\/images.novelship.com\/product\/adidas_terrex_hydroterra_sandals_jq2236_4_35946.jpeg;https:\/\/images.novelship.com\/product\/adidas_terrex_hydroterra_sandals_jq2236_5_35946.jpeg;https:\/\/images.novelship.com\/product\/adidas_terrex_hydroterra_sandals_jq2236_6_35946.jpeg;https:\/\/images.novelship.com\/product\/adidas_terrex_hydroterra_sandals_jq2236_7_35946.jpeg;https:\/\/images.novelship.com\/product\/adidas_terrex_hydroterra_sandals_jq2236_8_35946.jpeg;https:\/\/images.novelship.com\/product\/adidas_terrex_hydroterra_sandals_jq2236_9_35946.jpeg;https:\/\/images.novelship.com\/product\/adidas_terrex_hydroterra_sandals_jq2236_10_35946.jpeg"},{"@type":"BreadcrumbList","@id":"https:\/\/tourcruiser.com\/#breadcrumb","itemListElement":[{"@type":"ListItem","position":1,"name":"Home","item":"https:\/\/tourcruiser.com\/de\/"},{"@type":"ListItem","position":2,"name":"Shop","item":"https:\/\/tourcruiser.com\/de\/shop\/"},{"@type":"ListItem","position":3,"name":"Adidas Terrex Hydroterra Sandals"}]},{"@type":"WebSite","@id":"https:\/\/tourcruiser.com\/de\/#website","url":"https:\/\/tourcruiser.com\/de\/","name":"Styloral Jewelry Shop","description":"Tourcruiser Sneaker Store \u2014 der Ort, an dem das Universum deine Einzigartigkeit trifft.","publisher":{"@id":"https:\/\/tourcruiser.com\/de\/#organization"},"potentialAction":[{"@type":"SearchAction","target":{"@type":"EntryPoint","urlTemplate":"https:\/\/tourcruiser.com\/de\/?s={search_term_string}"},"query-input":{"@type":"PropertyValueSpecification","valueRequired":true,"valueName":"search_term_string"}}],"inLanguage":"de"},{"@type":"Organization","@id":"https:\/\/tourcruiser.com\/de\/#organization","name":"STYLORAL PTE. LTD","url":"https:\/\/tourcruiser.com\/de\/","logo":{"@type":"ImageObject","inLanguage":"de","@id":"https:\/\/tourcruiser.com\/de\/#\/schema\/logo\/image\/","url":"https:\/\/www.tourcruiser.com\/wp-content\/uploads\/2025\/12\/logo.png","contentUrl":"https:\/\/www.tourcruiser.com\/wp-content\/uploads\/2025\/12\/logo.png","width":200,"height":65,"caption":"STYLORAL PTE. LTD"},"image":{"@id":"https:\/\/tourcruiser.com\/de\/#\/schema\/logo\/image\/"}}]}},"_links":{"self":[{"href":"https:\/\/tourcruiser.com\/de\/wp-json\/wp\/v2\/product\/176973","targetHints":{"allow":["GET"]}}],"collection":[{"href":"https:\/\/tourcruiser.com\/de\/wp-json\/wp\/v2\/product"}],"about":[{"href":"https:\/\/tourcruiser.com\/de\/wp-json\/wp\/v2\/types\/product"}],"replies":[{"embeddable":true,"href":"https:\/\/tourcruiser.com\/de\/wp-json\/wp\/v2\/comments?post=176973"}],"wp:featuredmedia":[{"embeddable":true,"href":"https:\/\/tourcruiser.com\/de\/wp-json\/wp\/v2\/media\/176974"}],"wp:attachment":[{"href":"https:\/\/tourcruiser.com\/de\/wp-json\/wp\/v2\/media?parent=176973"}],"wp:term":[{"taxonomy":"product_brand","embeddable":true,"href":"https:\/\/tourcruiser.com\/de\/wp-json\/wp\/v2\/product_brand?post=176973"},{"taxonomy":"product_cat","embeddable":true,"href":"https:\/\/tourcruiser.com\/de\/wp-json\/wp\/v2\/product_cat?post=176973"},{"taxonomy":"product_tag","embeddable":true,"href":"https:\/\/tourcruiser.com\/de\/wp-json\/wp\/v2\/product_tag?post=176973"}],"curies":[{"name":"wp","href":"https:\/\/api.w.org\/{rel}","templated":true}]}}