{"id":176726,"date":"2026-03-02T16:30:36","date_gmt":"2026-03-02T09:30:36","guid":{"rendered":"http:\/\/tourcruiser.com\/product\/women-adidas-grandcourt-platform-core-black"},"modified":"2026-03-28T01:44:36","modified_gmt":"2026-03-27T18:44:36","slug":"women-adidas-grandcourt-platform-core-black","status":"publish","type":"product","link":"https:\/\/tourcruiser.com\/de\/products\/women-adidas-grandcourt-platform-core-black\/","title":{"rendered":"(Women) adidas GrandCourt Platform &#8218;Core Black&#8216;"},"content":{"rendered":"<p>Verleihen Sie Ihrem Alltagslook mit dem adidas GrandCourt Platform &#8218;Core Black&#8216; IE1093 das gewisse Etwas. Dieser Sneaker wurde f\u00fcr moderne Frauen entworfen, die Wert auf Mode und Komfort legen. Die markante Plateausohle verleiht dem klassischen Court-Schuh einen modernen Touch. Die Sneaker vereinen Retro-Design mit einem eleganten, komplett schwarzen Finish. Das strapazierf\u00e4hige Obermaterial aus Synthetikleder sorgt f\u00fcr lange Haltbarkeit und einen hochwertigen Look \u201d\u201c die perfekte Wahl f\u00fcr Freizeit und festliche Anl\u00e4sse.<\/p>\n<p>Dank der leichten, d\u00e4mpfenden Zwischensohle und des atmungsaktiven Textilfutters bieten diese Schuhe ganzt\u00e4gigen Tragekomfort, egal ob Sie Besorgungen erledigen oder die Stadt erkunden. Der Schn\u00fcrverschluss erm\u00f6glicht eine sichere und individuelle Passform und erg\u00e4nzt die st\u00fctzende Konstruktion f\u00fcr optimale Stabilit\u00e4t. Abgerundet wird der Look durch dezente adidas-Details, darunter die ikonischen 3-Streifen. Dieser Schuh vereint zeitlose Eleganz mit sportlicher Raffinesse.<\/p>\n<p>Der adidas GrandCourt Platform &#8218;Core Black&#8216; ist perfekt f\u00fcr R\u00f6cke, Jeans oder Athleisure-Wear und vereint m\u00fchelos Funktion und Style. So kannst du deinen pers\u00f6nlichen Stil selbstbewusst zum Ausdruck bringen. Dieser Sneaker ist die ideale Wahl f\u00fcr Frauen, die ein starkes Statement setzen und gleichzeitig die bew\u00e4hrte Qualit\u00e4t und Performance von adidas Schuhen genie\u00dfen m\u00f6chten. Erlebe Vielseitigkeit neu und setze mit diesem Must-have-Paar ein modisches Statement.<\/p>\n<ul>\n<li><strong>Farbgebung:<\/strong> Core Black\/Core Black\/Carbon<\/li>\n<li><strong>Style-Code:<\/strong> IE1093<\/li>\n<li><strong>Farbe:<\/strong> Schwarz<\/li>\n<\/ul>\n","protected":false},"excerpt":{"rendered":"<p>adidas GrandCourt Platform \u201d\u201d Core Black\/Core Black\/Carbon<\/p>\n","protected":false},"featured_media":176727,"comment_status":"open","ping_status":"closed","template":"","meta":[],"product_brand":[],"product_cat":[10941],"product_tag":[10917],"class_list":{"0":"post-176726","1":"product","2":"type-product","3":"status-publish","4":"has-post-thumbnail","6":"product_cat-adidas-women","7":"product_tag-small-130-usd","8":"wcpa_has_options","10":"first","11":"outofstock","12":"taxable","13":"shipping-taxable","14":"purchasable","15":"product-type-simple"},"wcpa_form_fields":{"rules":{"pric_overide_base_price":false,"pric_overide_base_price_if_gt_zero":false,"pric_overide_base_price_fully":false,"pric_cal_option_once":false,"pric_use_as_fee":false,"bind_quantity":false,"quantity_bind_formula":false},"fields":[{"type":"color-group","required":true,"elementId":"wcpa-color-group-66c4a7f817afe","label":"Gr\u00f6\u00dfe","inline":true,"priceOptions":"different_for_all","pricingType":"fixed","className":"hassizechart product-shoes-size-eu product-shoes-size","name":"color-group-66c4a7f817b18","disp_type":"square","selection_type":"tick-border","disp_size":"50","show_label_inside":true,"adjust_width":true,"cart_display_type":"text","other_text":"Other","cl_rule":"show","col":6,"values":[{"label":"35","value":"EU 35","price":"","pimage":"","pimage_id":"","pthumb":"","color":""},{"label":"35.5","value":"EU 35.5","price":"","pimage":"","pimage_id":"","pthumb":"","color":""},{"label":"36","value":"EU 36","price":"","pimage":"","pimage_id":"","pthumb":"","color":"","selected":true},{"label":"36 2\/3","value":"EU 36 2\/3","price":"","pimage":"","pimage_id":"","pthumb":"","color":""},{"label":"37 1\/3","value":"EU 37 1\/3","price":"","pimage":"","pimage_id":"","pthumb":"","color":""},{"label":"38","value":"EU 38","price":"","pimage":"","pimage_id":"","pthumb":"","color":""},{"label":"38 2\/3","value":"EU 38 2\/3","price":"","pimage":"","pimage_id":"","pthumb":"","color":""},{"label":"39 1\/3","value":"EU 39 1\/3","price":"","pimage":"","pimage_id":"","pthumb":"","color":""},{"label":"40","value":"EU 40","price":"","pimage":"","pimage_id":"","pthumb":"","color":""},{"label":"40 2\/3","value":"EU 40 2\/3","price":"","pimage":"","pimage_id":"","pthumb":"","color":""},{"label":"41 1\/3","value":"EU 41 1\/3","price":"","pimage":"","pimage_id":"","pthumb":"","color":""},{"label":"42","value":"EU 42","price":"","pimage":"","pimage_id":"","pthumb":"","color":""},{"label":"42 2\/3","value":"EU 42 2\/3","price":"","pimage":"","pimage_id":"","pthumb":"","color":""},{"label":"43 1\/3","value":"EU 43 1\/3","price":"","pimage":"","pimage_id":"","pthumb":"","color":""},{"label":"44","value":"EU 44","price":"","pimage":"","pimage_id":"","pthumb":"","color":""},{"label":"44 2\/3","value":"EU 44 2\/3","price":"","pimage":"","pimage_id":"","pthumb":"","color":""},{"label":"45 1\/3","value":"EU 45 1\/3","price":"","pimage":"","pimage_id":"","pthumb":"","color":""},{"label":"46","value":"EU 46","price":"","pimage":"","pimage_id":"","pthumb":"","color":""},{"label":"46 2\/3","value":"EU 46 2\/3","price":"","pimage":"","pimage_id":"","pthumb":"","color":""},{"label":"47 1\/3","value":"EU 47 1\/3","price":"","pimage":"","pimage_id":"","pthumb":"","color":""}],"relations":[{"operator":false,"rules":[]}],"form_id":24802,"form_rules":{"pric_cal_option_once":false,"exclude_from_discount":false,"pric_use_as_fee":false,"fee_label":"Fee","render_after_acb":false,"disp_hide_options_price":false}}]},"yoast_head":"<!-- This site is optimized with the Yoast SEO plugin v26.5 - https:\/\/yoast.com\/wordpress\/plugins\/seo\/ -->\n<title>(Women) adidas GrandCourt Platform &#039;Core Black&#039;  - Tourcruiser PTE. LTD<\/title>\n<meta name=\"robots\" content=\"index, follow, max-snippet:-1, max-image-preview:large, max-video-preview:-1\" \/>\n<link rel=\"canonical\" href=\"https:\/\/tourcruiser.com\/de\/products\/women-adidas-grandcourt-platform-core-black\/\" \/>\n<meta property=\"og:locale\" content=\"de_DE\" \/>\n<meta property=\"og:type\" content=\"article\" \/>\n<meta property=\"og:title\" content=\"(Women) adidas GrandCourt Platform &#039;Core Black&#039;  - Tourcruiser PTE. LTD\" \/>\n<meta property=\"og:description\" content=\"adidas GrandCourt Platform \u201d\u201d Core Black\/Core Black\/Carbon\" \/>\n<meta property=\"og:url\" content=\"https:\/\/tourcruiser.com\/de\/products\/women-adidas-grandcourt-platform-core-black\/\" \/>\n<meta property=\"og:site_name\" content=\"Tourcruiser Sneaker Store\" \/>\n<meta property=\"article:modified_time\" content=\"2026-03-27T18:44:36+00:00\" \/>\n<meta name=\"twitter:card\" content=\"summary_large_image\" \/>\n<meta name=\"twitter:image\" content=\"https:\/\/images.novelship.com\/product\/_women__adidas_grandcourt_platform__core_black__ie_0_40589.jpeg;https:\/\/images.novelship.com\/product\/_women__adidas_grandcourt_platform__core_black__ie_1_40589.jpeg;https:\/\/images.novelship.com\/product\/_women__adidas_grandcourt_platform__core_black__ie_2_40589.jpeg;https:\/\/images.novelship.com\/product\/_women__adidas_grandcourt_platform__core_black__ie_3_40589.jpeg;https:\/\/images.novelship.com\/product\/_women__adidas_grandcourt_platform__core_black__ie_4_40589.jpeg;https:\/\/images.novelship.com\/product\/_women__adidas_grandcourt_platform__core_black__ie_5_40590.jpeg;https:\/\/images.novelship.com\/product\/_women__adidas_grandcourt_platform__core_black__ie_6_40590.jpeg;https:\/\/images.novelship.com\/product\/_women__adidas_grandcourt_platform__core_black__ie_7_40590.jpeg;https:\/\/images.novelship.com\/product\/_women__adidas_grandcourt_platform__core_black__ie_8_40590.jpeg\" \/>\n<meta name=\"twitter:label1\" content=\"Gesch\u00e4tzte Lesezeit\" \/>\n\t<meta name=\"twitter:data1\" content=\"1\u00a0Minute\" \/>\n<script type=\"application\/ld+json\" class=\"yoast-schema-graph\">{\"@context\":\"https:\/\/schema.org\",\"@graph\":[{\"@type\":\"WebPage\",\"@id\":\"https:\/\/tourcruiser.com\/de\/products\/women-adidas-grandcourt-platform-core-black\/\",\"url\":\"https:\/\/tourcruiser.com\/de\/products\/women-adidas-grandcourt-platform-core-black\/\",\"name\":\"(Women) adidas GrandCourt Platform 'Core Black' - Tourcruiser PTE. LTD\",\"isPartOf\":{\"@id\":\"https:\/\/tourcruiser.com\/de\/#website\"},\"primaryImageOfPage\":{\"@id\":\"https:\/\/tourcruiser.com\/de\/products\/women-adidas-grandcourt-platform-core-black\/#primaryimage\"},\"image\":{\"@id\":\"https:\/\/tourcruiser.com\/de\/products\/women-adidas-grandcourt-platform-core-black\/#primaryimage\"},\"thumbnailUrl\":\"https:\/\/images.novelship.com\/product\/_women__adidas_grandcourt_platform__core_black__ie_0_40589.jpeg;https:\/\/images.novelship.com\/product\/_women__adidas_grandcourt_platform__core_black__ie_1_40589.jpeg;https:\/\/images.novelship.com\/product\/_women__adidas_grandcourt_platform__core_black__ie_2_40589.jpeg;https:\/\/images.novelship.com\/product\/_women__adidas_grandcourt_platform__core_black__ie_3_40589.jpeg;https:\/\/images.novelship.com\/product\/_women__adidas_grandcourt_platform__core_black__ie_4_40589.jpeg;https:\/\/images.novelship.com\/product\/_women__adidas_grandcourt_platform__core_black__ie_5_40590.jpeg;https:\/\/images.novelship.com\/product\/_women__adidas_grandcourt_platform__core_black__ie_6_40590.jpeg;https:\/\/images.novelship.com\/product\/_women__adidas_grandcourt_platform__core_black__ie_7_40590.jpeg;https:\/\/images.novelship.com\/product\/_women__adidas_grandcourt_platform__core_black__ie_8_40590.jpeg\",\"datePublished\":\"2026-03-02T09:30:36+00:00\",\"dateModified\":\"2026-03-27T18:44:36+00:00\",\"breadcrumb\":{\"@id\":\"https:\/\/tourcruiser.com\/de\/products\/women-adidas-grandcourt-platform-core-black\/#breadcrumb\"},\"inLanguage\":\"de\",\"potentialAction\":[{\"@type\":\"ReadAction\",\"target\":[\"https:\/\/tourcruiser.com\/de\/products\/women-adidas-grandcourt-platform-core-black\/\"]}]},{\"@type\":\"ImageObject\",\"inLanguage\":\"de\",\"@id\":\"https:\/\/tourcruiser.com\/de\/products\/women-adidas-grandcourt-platform-core-black\/#primaryimage\",\"url\":\"https:\/\/images.novelship.com\/product\/_women__adidas_grandcourt_platform__core_black__ie_0_40589.jpeg;https:\/\/images.novelship.com\/product\/_women__adidas_grandcourt_platform__core_black__ie_1_40589.jpeg;https:\/\/images.novelship.com\/product\/_women__adidas_grandcourt_platform__core_black__ie_2_40589.jpeg;https:\/\/images.novelship.com\/product\/_women__adidas_grandcourt_platform__core_black__ie_3_40589.jpeg;https:\/\/images.novelship.com\/product\/_women__adidas_grandcourt_platform__core_black__ie_4_40589.jpeg;https:\/\/images.novelship.com\/product\/_women__adidas_grandcourt_platform__core_black__ie_5_40590.jpeg;https:\/\/images.novelship.com\/product\/_women__adidas_grandcourt_platform__core_black__ie_6_40590.jpeg;https:\/\/images.novelship.com\/product\/_women__adidas_grandcourt_platform__core_black__ie_7_40590.jpeg;https:\/\/images.novelship.com\/product\/_women__adidas_grandcourt_platform__core_black__ie_8_40590.jpeg\",\"contentUrl\":\"https:\/\/images.novelship.com\/product\/_women__adidas_grandcourt_platform__core_black__ie_0_40589.jpeg;https:\/\/images.novelship.com\/product\/_women__adidas_grandcourt_platform__core_black__ie_1_40589.jpeg;https:\/\/images.novelship.com\/product\/_women__adidas_grandcourt_platform__core_black__ie_2_40589.jpeg;https:\/\/images.novelship.com\/product\/_women__adidas_grandcourt_platform__core_black__ie_3_40589.jpeg;https:\/\/images.novelship.com\/product\/_women__adidas_grandcourt_platform__core_black__ie_4_40589.jpeg;https:\/\/images.novelship.com\/product\/_women__adidas_grandcourt_platform__core_black__ie_5_40590.jpeg;https:\/\/images.novelship.com\/product\/_women__adidas_grandcourt_platform__core_black__ie_6_40590.jpeg;https:\/\/images.novelship.com\/product\/_women__adidas_grandcourt_platform__core_black__ie_7_40590.jpeg;https:\/\/images.novelship.com\/product\/_women__adidas_grandcourt_platform__core_black__ie_8_40590.jpeg\"},{\"@type\":\"BreadcrumbList\",\"@id\":\"https:\/\/tourcruiser.com\/de\/products\/women-adidas-grandcourt-platform-core-black\/#breadcrumb\",\"itemListElement\":[{\"@type\":\"ListItem\",\"position\":1,\"name\":\"Home\",\"item\":\"https:\/\/tourcruiser.com\/de\/\"},{\"@type\":\"ListItem\",\"position\":2,\"name\":\"Shop\",\"item\":\"https:\/\/tourcruiser.com\/de\/shop\/\"},{\"@type\":\"ListItem\",\"position\":3,\"name\":\"(Women) adidas GrandCourt Platform 'Core Black'\"}]},{\"@type\":\"WebSite\",\"@id\":\"https:\/\/tourcruiser.com\/de\/#website\",\"url\":\"https:\/\/tourcruiser.com\/de\/\",\"name\":\"Styloral Jewelry Shop\",\"description\":\"Tourcruiser Sneaker Store \u2014 der Ort, an dem das Universum deine Einzigartigkeit trifft.\",\"publisher\":{\"@id\":\"https:\/\/tourcruiser.com\/de\/#organization\"},\"potentialAction\":[{\"@type\":\"SearchAction\",\"target\":{\"@type\":\"EntryPoint\",\"urlTemplate\":\"https:\/\/tourcruiser.com\/de\/?s={search_term_string}\"},\"query-input\":{\"@type\":\"PropertyValueSpecification\",\"valueRequired\":true,\"valueName\":\"search_term_string\"}}],\"inLanguage\":\"de\"},{\"@type\":\"Organization\",\"@id\":\"https:\/\/tourcruiser.com\/de\/#organization\",\"name\":\"STYLORAL PTE. LTD\",\"url\":\"https:\/\/tourcruiser.com\/de\/\",\"logo\":{\"@type\":\"ImageObject\",\"inLanguage\":\"de\",\"@id\":\"https:\/\/tourcruiser.com\/de\/#\/schema\/logo\/image\/\",\"url\":\"https:\/\/www.tourcruiser.com\/wp-content\/uploads\/2025\/12\/logo.png\",\"contentUrl\":\"https:\/\/www.tourcruiser.com\/wp-content\/uploads\/2025\/12\/logo.png\",\"width\":200,\"height\":65,\"caption\":\"STYLORAL PTE. LTD\"},\"image\":{\"@id\":\"https:\/\/tourcruiser.com\/de\/#\/schema\/logo\/image\/\"}}]}<\/script>\n<!-- \/ Yoast SEO plugin. -->","yoast_head_json":{"title":"(Women) adidas GrandCourt Platform 'Core Black'  - Tourcruiser PTE. LTD","robots":{"index":"index","follow":"follow","max-snippet":"max-snippet:-1","max-image-preview":"max-image-preview:large","max-video-preview":"max-video-preview:-1"},"canonical":"https:\/\/tourcruiser.com\/de\/products\/women-adidas-grandcourt-platform-core-black\/","og_locale":"de_DE","og_type":"article","og_title":"(Women) adidas GrandCourt Platform 'Core Black'  - Tourcruiser PTE. LTD","og_description":"adidas GrandCourt Platform \u201d\u201d Core Black\/Core Black\/Carbon","og_url":"https:\/\/tourcruiser.com\/de\/products\/women-adidas-grandcourt-platform-core-black\/","og_site_name":"Tourcruiser Sneaker Store","article_modified_time":"2026-03-27T18:44:36+00:00","twitter_card":"summary_large_image","twitter_image":"https:\/\/images.novelship.com\/product\/_women__adidas_grandcourt_platform__core_black__ie_0_40589.jpeg;https:\/\/images.novelship.com\/product\/_women__adidas_grandcourt_platform__core_black__ie_1_40589.jpeg;https:\/\/images.novelship.com\/product\/_women__adidas_grandcourt_platform__core_black__ie_2_40589.jpeg;https:\/\/images.novelship.com\/product\/_women__adidas_grandcourt_platform__core_black__ie_3_40589.jpeg;https:\/\/images.novelship.com\/product\/_women__adidas_grandcourt_platform__core_black__ie_4_40589.jpeg;https:\/\/images.novelship.com\/product\/_women__adidas_grandcourt_platform__core_black__ie_5_40590.jpeg;https:\/\/images.novelship.com\/product\/_women__adidas_grandcourt_platform__core_black__ie_6_40590.jpeg;https:\/\/images.novelship.com\/product\/_women__adidas_grandcourt_platform__core_black__ie_7_40590.jpeg;https:\/\/images.novelship.com\/product\/_women__adidas_grandcourt_platform__core_black__ie_8_40590.jpeg","twitter_misc":{"Gesch\u00e4tzte Lesezeit":"1\u00a0Minute"},"schema":{"@context":"https:\/\/schema.org","@graph":[{"@type":"WebPage","@id":"https:\/\/tourcruiser.com\/de\/products\/women-adidas-grandcourt-platform-core-black\/","url":"https:\/\/tourcruiser.com\/de\/products\/women-adidas-grandcourt-platform-core-black\/","name":"(Women) adidas GrandCourt Platform 'Core Black' - Tourcruiser PTE. LTD","isPartOf":{"@id":"https:\/\/tourcruiser.com\/de\/#website"},"primaryImageOfPage":{"@id":"https:\/\/tourcruiser.com\/de\/products\/women-adidas-grandcourt-platform-core-black\/#primaryimage"},"image":{"@id":"https:\/\/tourcruiser.com\/de\/products\/women-adidas-grandcourt-platform-core-black\/#primaryimage"},"thumbnailUrl":"https:\/\/images.novelship.com\/product\/_women__adidas_grandcourt_platform__core_black__ie_0_40589.jpeg;https:\/\/images.novelship.com\/product\/_women__adidas_grandcourt_platform__core_black__ie_1_40589.jpeg;https:\/\/images.novelship.com\/product\/_women__adidas_grandcourt_platform__core_black__ie_2_40589.jpeg;https:\/\/images.novelship.com\/product\/_women__adidas_grandcourt_platform__core_black__ie_3_40589.jpeg;https:\/\/images.novelship.com\/product\/_women__adidas_grandcourt_platform__core_black__ie_4_40589.jpeg;https:\/\/images.novelship.com\/product\/_women__adidas_grandcourt_platform__core_black__ie_5_40590.jpeg;https:\/\/images.novelship.com\/product\/_women__adidas_grandcourt_platform__core_black__ie_6_40590.jpeg;https:\/\/images.novelship.com\/product\/_women__adidas_grandcourt_platform__core_black__ie_7_40590.jpeg;https:\/\/images.novelship.com\/product\/_women__adidas_grandcourt_platform__core_black__ie_8_40590.jpeg","datePublished":"2026-03-02T09:30:36+00:00","dateModified":"2026-03-27T18:44:36+00:00","breadcrumb":{"@id":"https:\/\/tourcruiser.com\/de\/products\/women-adidas-grandcourt-platform-core-black\/#breadcrumb"},"inLanguage":"de","potentialAction":[{"@type":"ReadAction","target":["https:\/\/tourcruiser.com\/de\/products\/women-adidas-grandcourt-platform-core-black\/"]}]},{"@type":"ImageObject","inLanguage":"de","@id":"https:\/\/tourcruiser.com\/de\/products\/women-adidas-grandcourt-platform-core-black\/#primaryimage","url":"https:\/\/images.novelship.com\/product\/_women__adidas_grandcourt_platform__core_black__ie_0_40589.jpeg;https:\/\/images.novelship.com\/product\/_women__adidas_grandcourt_platform__core_black__ie_1_40589.jpeg;https:\/\/images.novelship.com\/product\/_women__adidas_grandcourt_platform__core_black__ie_2_40589.jpeg;https:\/\/images.novelship.com\/product\/_women__adidas_grandcourt_platform__core_black__ie_3_40589.jpeg;https:\/\/images.novelship.com\/product\/_women__adidas_grandcourt_platform__core_black__ie_4_40589.jpeg;https:\/\/images.novelship.com\/product\/_women__adidas_grandcourt_platform__core_black__ie_5_40590.jpeg;https:\/\/images.novelship.com\/product\/_women__adidas_grandcourt_platform__core_black__ie_6_40590.jpeg;https:\/\/images.novelship.com\/product\/_women__adidas_grandcourt_platform__core_black__ie_7_40590.jpeg;https:\/\/images.novelship.com\/product\/_women__adidas_grandcourt_platform__core_black__ie_8_40590.jpeg","contentUrl":"https:\/\/images.novelship.com\/product\/_women__adidas_grandcourt_platform__core_black__ie_0_40589.jpeg;https:\/\/images.novelship.com\/product\/_women__adidas_grandcourt_platform__core_black__ie_1_40589.jpeg;https:\/\/images.novelship.com\/product\/_women__adidas_grandcourt_platform__core_black__ie_2_40589.jpeg;https:\/\/images.novelship.com\/product\/_women__adidas_grandcourt_platform__core_black__ie_3_40589.jpeg;https:\/\/images.novelship.com\/product\/_women__adidas_grandcourt_platform__core_black__ie_4_40589.jpeg;https:\/\/images.novelship.com\/product\/_women__adidas_grandcourt_platform__core_black__ie_5_40590.jpeg;https:\/\/images.novelship.com\/product\/_women__adidas_grandcourt_platform__core_black__ie_6_40590.jpeg;https:\/\/images.novelship.com\/product\/_women__adidas_grandcourt_platform__core_black__ie_7_40590.jpeg;https:\/\/images.novelship.com\/product\/_women__adidas_grandcourt_platform__core_black__ie_8_40590.jpeg"},{"@type":"BreadcrumbList","@id":"https:\/\/tourcruiser.com\/de\/products\/women-adidas-grandcourt-platform-core-black\/#breadcrumb","itemListElement":[{"@type":"ListItem","position":1,"name":"Home","item":"https:\/\/tourcruiser.com\/de\/"},{"@type":"ListItem","position":2,"name":"Shop","item":"https:\/\/tourcruiser.com\/de\/shop\/"},{"@type":"ListItem","position":3,"name":"(Women) adidas GrandCourt Platform 'Core Black'"}]},{"@type":"WebSite","@id":"https:\/\/tourcruiser.com\/de\/#website","url":"https:\/\/tourcruiser.com\/de\/","name":"Styloral Jewelry Shop","description":"Tourcruiser Sneaker Store \u2014 der Ort, an dem das Universum deine Einzigartigkeit trifft.","publisher":{"@id":"https:\/\/tourcruiser.com\/de\/#organization"},"potentialAction":[{"@type":"SearchAction","target":{"@type":"EntryPoint","urlTemplate":"https:\/\/tourcruiser.com\/de\/?s={search_term_string}"},"query-input":{"@type":"PropertyValueSpecification","valueRequired":true,"valueName":"search_term_string"}}],"inLanguage":"de"},{"@type":"Organization","@id":"https:\/\/tourcruiser.com\/de\/#organization","name":"STYLORAL PTE. LTD","url":"https:\/\/tourcruiser.com\/de\/","logo":{"@type":"ImageObject","inLanguage":"de","@id":"https:\/\/tourcruiser.com\/de\/#\/schema\/logo\/image\/","url":"https:\/\/www.tourcruiser.com\/wp-content\/uploads\/2025\/12\/logo.png","contentUrl":"https:\/\/www.tourcruiser.com\/wp-content\/uploads\/2025\/12\/logo.png","width":200,"height":65,"caption":"STYLORAL PTE. LTD"},"image":{"@id":"https:\/\/tourcruiser.com\/de\/#\/schema\/logo\/image\/"}}]}},"_links":{"self":[{"href":"https:\/\/tourcruiser.com\/de\/wp-json\/wp\/v2\/product\/176726","targetHints":{"allow":["GET"]}}],"collection":[{"href":"https:\/\/tourcruiser.com\/de\/wp-json\/wp\/v2\/product"}],"about":[{"href":"https:\/\/tourcruiser.com\/de\/wp-json\/wp\/v2\/types\/product"}],"replies":[{"embeddable":true,"href":"https:\/\/tourcruiser.com\/de\/wp-json\/wp\/v2\/comments?post=176726"}],"wp:featuredmedia":[{"embeddable":true,"href":"https:\/\/tourcruiser.com\/de\/wp-json\/wp\/v2\/media\/176727"}],"wp:attachment":[{"href":"https:\/\/tourcruiser.com\/de\/wp-json\/wp\/v2\/media?parent=176726"}],"wp:term":[{"taxonomy":"product_brand","embeddable":true,"href":"https:\/\/tourcruiser.com\/de\/wp-json\/wp\/v2\/product_brand?post=176726"},{"taxonomy":"product_cat","embeddable":true,"href":"https:\/\/tourcruiser.com\/de\/wp-json\/wp\/v2\/product_cat?post=176726"},{"taxonomy":"product_tag","embeddable":true,"href":"https:\/\/tourcruiser.com\/de\/wp-json\/wp\/v2\/product_tag?post=176726"}],"curies":[{"name":"wp","href":"https:\/\/api.w.org\/{rel}","templated":true}]}}