{"id":176368,"date":"2026-03-02T16:30:02","date_gmt":"2026-03-02T09:30:02","guid":{"rendered":"http:\/\/tourcruiser.com\/product\/nike-air-zoom-pegasus-39-red-plum-barely-volt"},"modified":"2026-03-02T16:30:02","modified_gmt":"2026-03-02T09:30:02","slug":"nike-air-zoom-pegasus-39-red-plum-barely-volt","status":"publish","type":"product","link":"https:\/\/tourcruiser.com\/de\/products\/nike-air-zoom-pegasus-39-red-plum-barely-volt\/","title":{"rendered":"Nike Air Zoom Pegasus 39 &#8218;Red Plum Barely Volt&#8216;"},"content":{"rendered":"<p>Der Nike Air Zoom Pegasus 39 Red Plum Barely Volt ist ein stylischer und bequemer Laufschuh der renommierten Marke Nike. Mit seiner einzigartigen Farbkombination aus Hellbraun und Rot verleiht dieser Schuh deiner Laufausr\u00fcstung einen Hauch von Eleganz. Die beige Farbgebung macht ihn vielseitig kombinierbar und perfekt f\u00fcr die Freizeit. Erlebe \u00fcberragenden Komfort und optimale Performance mit dem Nike Air Zoom Pegasus 39 Red Plum Barely Volt.<\/p>\n<p>Farbgebung: Hellrotbraun\/Lila\/Wei\u00df\/Gelbgr\u00fcn<\/p>\n<p>Style-Code: DH4071-101<\/p>\n<p>Obermaterial: Mesh<\/p>\n<p>Zwischensohle: Zoom Air<\/p>\n<p>Farbe: Beige<\/p>\n<p>Saison: Ganzj\u00e4hrig<br \/>\n&#8230;<\/p>\n","protected":false},"excerpt":{"rendered":"<p>Nike Air Zoom Pegasus 39 \u201d\u201d Light Redbrown\/Purplered\/White\/Yellowgreen<\/p>\n","protected":false},"featured_media":176369,"comment_status":"open","ping_status":"closed","template":"","meta":[],"product_brand":[],"product_cat":[10803],"product_tag":[10799,10800,10753,10801,10882,10802,10840,10758],"class_list":{"0":"post-176368","1":"product","2":"type-product","3":"status-publish","4":"has-post-thumbnail","6":"product_cat-nike","7":"product_tag-ankle-support-basketball-shoes","8":"product_tag-basketball-shoes","9":"product_tag-gift-for-him","10":"product_tag-nike","11":"product_tag-nike-running-shoes","12":"product_tag-performance-sport-shoes","13":"product_tag-running-shoes","14":"product_tag-under-retail","15":"wcpa_has_options","17":"first","18":"instock","19":"taxable","20":"shipping-taxable","21":"purchasable","22":"product-type-simple"},"wcpa_form_fields":{"rules":{"pric_overide_base_price":false,"pric_overide_base_price_if_gt_zero":false,"pric_overide_base_price_fully":false,"pric_cal_option_once":false,"pric_use_as_fee":false,"bind_quantity":false,"quantity_bind_formula":false},"fields":[{"type":"color-group","required":true,"elementId":"wcpa-color-group-66c4a75505e74","label":"Gr\u00f6\u00dfe - EU Gr\u00f6\u00dfe","inline":true,"priceOptions":"different_for_all","pricingType":"fixed","className":"hassizechart product-shoes-size-eu product-shoes-size","name":"color-group-66c4a75505e89","disp_type":"square","selection_type":"tick-border","disp_size":"44","show_label_inside":true,"adjust_width":true,"cart_display_type":"text","other_text":"Other","cl_rule":"show","col":6,"values":[{"label":"35.5","value":"EU 35.5","price":"","pimage":"","pimage_id":"","pthumb":"","color":""},{"label":"36","value":"EU 36","price":"","pimage":"","pimage_id":"","pthumb":"","color":"","selected":true},{"label":"36.5","value":"EU 36.5","price":"","pimage":"","pimage_id":"","pthumb":"","color":""},{"label":"37.5","value":"EU 37.5","price":"","pimage":"","pimage_id":"","pthumb":"","color":""},{"label":"38","value":"EU 38","price":"","pimage":"","pimage_id":"","pthumb":"","color":""},{"label":"38.5","value":"EU 38.5","price":"","pimage":"","pimage_id":"","pthumb":"","color":""},{"label":"39","value":"EU 39","price":"","pimage":"","pimage_id":"","pthumb":"","color":""},{"label":"40","value":"EU 40","price":"","pimage":"","pimage_id":"","pthumb":"","color":""},{"label":"40.5","value":"EU 40.5","price":"","pimage":"","pimage_id":"","pthumb":"","color":""},{"label":"41","value":"EU 41","price":"","pimage":"","pimage_id":"","pthumb":"","color":""},{"label":"42","value":"EU 42","price":"","pimage":"","pimage_id":"","pthumb":"","color":""},{"label":"42.5","value":"EU 42.5","price":"","pimage":"","pimage_id":"","pthumb":"","color":""},{"label":"43","value":"EU 43","price":"","pimage":"","pimage_id":"","pthumb":"","color":""},{"label":"44","value":"EU 44","price":"","pimage":"","pimage_id":"","pthumb":"","color":""},{"label":"44.5","value":"EU 44.5","price":"","pimage":"","pimage_id":"","pthumb":"","color":""},{"label":"45","value":"EU 45","price":"","pimage":"","pimage_id":"","pthumb":"","color":""},{"label":"45.5","value":"EU 45.5","price":"","pimage":"","pimage_id":"","pthumb":"","color":""},{"label":"46","value":"EU 46","price":"","pimage":"","pimage_id":"","pthumb":"","color":""},{"label":"47","value":"EU 47","price":"","pimage":"","pimage_id":"","pthumb":"","color":""},{"label":"47.5","value":"EU 47.5","price":"","pimage":"","pimage_id":"","pthumb":"","color":""},{"label":"48","value":"EU 48","price":"","pimage":"","pimage_id":"","pthumb":"","color":""}],"relations":[{"operator":false,"rules":[]}],"form_id":18106,"form_rules":{"pric_cal_option_once":false,"exclude_from_discount":false,"pric_use_as_fee":false,"fee_label":"Fee","render_after_acb":false,"disp_hide_options_price":false}}]},"yoast_head":"<!-- This site is optimized with the Yoast SEO plugin v26.5 - https:\/\/yoast.com\/wordpress\/plugins\/seo\/ -->\n<title>Nike Air Zoom Pegasus 39 &#039;Red Plum Barely Volt&#039;  - Tourcruiser PTE. LTD<\/title>\n<meta name=\"robots\" content=\"index, follow, max-snippet:-1, max-image-preview:large, max-video-preview:-1\" \/>\n<link rel=\"canonical\" href=\"https:\/\/tourcruiser.com\/de\/products\/nike-air-zoom-pegasus-39-red-plum-barely-volt\/\" \/>\n<meta property=\"og:locale\" content=\"de_DE\" \/>\n<meta property=\"og:type\" content=\"article\" \/>\n<meta property=\"og:title\" content=\"Nike Air Zoom Pegasus 39 &#039;Red Plum Barely Volt&#039;  - Tourcruiser PTE. LTD\" \/>\n<meta property=\"og:description\" content=\"Nike Air Zoom Pegasus 39 \u201d\u201d Light Redbrown\/Purplered\/White\/Yellowgreen\" \/>\n<meta property=\"og:url\" content=\"https:\/\/tourcruiser.com\/de\/products\/nike-air-zoom-pegasus-39-red-plum-barely-volt\/\" \/>\n<meta property=\"og:site_name\" content=\"Tourcruiser Sneaker Store\" \/>\n<meta name=\"twitter:card\" content=\"summary_large_image\" \/>\n<meta name=\"twitter:image\" content=\"https:\/\/images.novelship.com\/product\/nike_air_zoom_pegasus_39__red_plum_barely_volt__dh_0_46461.jpeg\" \/>\n<script type=\"application\/ld+json\" class=\"yoast-schema-graph\">{\"@context\":\"https:\/\/schema.org\",\"@graph\":[{\"@type\":\"WebPage\",\"@id\":\"https:\/\/tourcruiser.com\/de\/products\/nike-air-zoom-pegasus-39-red-plum-barely-volt\/\",\"url\":\"https:\/\/tourcruiser.com\/de\/products\/nike-air-zoom-pegasus-39-red-plum-barely-volt\/\",\"name\":\"Nike Air Zoom Pegasus 39 'Red Plum Barely Volt' - Tourcruiser PTE. LTD\",\"isPartOf\":{\"@id\":\"https:\/\/tourcruiser.com\/de\/#website\"},\"primaryImageOfPage\":{\"@id\":\"https:\/\/tourcruiser.com\/de\/products\/nike-air-zoom-pegasus-39-red-plum-barely-volt\/#primaryimage\"},\"image\":{\"@id\":\"https:\/\/tourcruiser.com\/de\/products\/nike-air-zoom-pegasus-39-red-plum-barely-volt\/#primaryimage\"},\"thumbnailUrl\":\"https:\/\/images.novelship.com\/product\/nike_air_zoom_pegasus_39__red_plum_barely_volt__dh_0_46461.jpeg\",\"datePublished\":\"2026-03-02T09:30:02+00:00\",\"breadcrumb\":{\"@id\":\"https:\/\/tourcruiser.com\/de\/products\/nike-air-zoom-pegasus-39-red-plum-barely-volt\/#breadcrumb\"},\"inLanguage\":\"de\",\"potentialAction\":[{\"@type\":\"ReadAction\",\"target\":[\"https:\/\/tourcruiser.com\/de\/products\/nike-air-zoom-pegasus-39-red-plum-barely-volt\/\"]}]},{\"@type\":\"ImageObject\",\"inLanguage\":\"de\",\"@id\":\"https:\/\/tourcruiser.com\/de\/products\/nike-air-zoom-pegasus-39-red-plum-barely-volt\/#primaryimage\",\"url\":\"https:\/\/images.novelship.com\/product\/nike_air_zoom_pegasus_39__red_plum_barely_volt__dh_0_46461.jpeg\",\"contentUrl\":\"https:\/\/images.novelship.com\/product\/nike_air_zoom_pegasus_39__red_plum_barely_volt__dh_0_46461.jpeg\"},{\"@type\":\"BreadcrumbList\",\"@id\":\"https:\/\/tourcruiser.com\/de\/products\/nike-air-zoom-pegasus-39-red-plum-barely-volt\/#breadcrumb\",\"itemListElement\":[{\"@type\":\"ListItem\",\"position\":1,\"name\":\"Home\",\"item\":\"https:\/\/tourcruiser.com\/de\/\"},{\"@type\":\"ListItem\",\"position\":2,\"name\":\"Shop\",\"item\":\"https:\/\/tourcruiser.com\/de\/shop\/\"},{\"@type\":\"ListItem\",\"position\":3,\"name\":\"Nike Air Zoom Pegasus 39 'Red Plum Barely Volt'\"}]},{\"@type\":\"WebSite\",\"@id\":\"https:\/\/tourcruiser.com\/de\/#website\",\"url\":\"https:\/\/tourcruiser.com\/de\/\",\"name\":\"Styloral Jewelry Shop\",\"description\":\"Tourcruiser Sneaker Store \u2014 der Ort, an dem das Universum deine Einzigartigkeit trifft.\",\"publisher\":{\"@id\":\"https:\/\/tourcruiser.com\/de\/#organization\"},\"potentialAction\":[{\"@type\":\"SearchAction\",\"target\":{\"@type\":\"EntryPoint\",\"urlTemplate\":\"https:\/\/tourcruiser.com\/de\/?s={search_term_string}\"},\"query-input\":{\"@type\":\"PropertyValueSpecification\",\"valueRequired\":true,\"valueName\":\"search_term_string\"}}],\"inLanguage\":\"de\"},{\"@type\":\"Organization\",\"@id\":\"https:\/\/tourcruiser.com\/de\/#organization\",\"name\":\"STYLORAL PTE. LTD\",\"url\":\"https:\/\/tourcruiser.com\/de\/\",\"logo\":{\"@type\":\"ImageObject\",\"inLanguage\":\"de\",\"@id\":\"https:\/\/tourcruiser.com\/de\/#\/schema\/logo\/image\/\",\"url\":\"https:\/\/www.tourcruiser.com\/wp-content\/uploads\/2025\/12\/logo.png\",\"contentUrl\":\"https:\/\/www.tourcruiser.com\/wp-content\/uploads\/2025\/12\/logo.png\",\"width\":200,\"height\":65,\"caption\":\"STYLORAL PTE. LTD\"},\"image\":{\"@id\":\"https:\/\/tourcruiser.com\/de\/#\/schema\/logo\/image\/\"}}]}<\/script>\n<!-- \/ Yoast SEO plugin. -->","yoast_head_json":{"title":"Nike Air Zoom Pegasus 39 'Red Plum Barely Volt'  - Tourcruiser PTE. LTD","robots":{"index":"index","follow":"follow","max-snippet":"max-snippet:-1","max-image-preview":"max-image-preview:large","max-video-preview":"max-video-preview:-1"},"canonical":"https:\/\/tourcruiser.com\/de\/products\/nike-air-zoom-pegasus-39-red-plum-barely-volt\/","og_locale":"de_DE","og_type":"article","og_title":"Nike Air Zoom Pegasus 39 'Red Plum Barely Volt'  - Tourcruiser PTE. LTD","og_description":"Nike Air Zoom Pegasus 39 \u201d\u201d Light Redbrown\/Purplered\/White\/Yellowgreen","og_url":"https:\/\/tourcruiser.com\/de\/products\/nike-air-zoom-pegasus-39-red-plum-barely-volt\/","og_site_name":"Tourcruiser Sneaker Store","twitter_card":"summary_large_image","twitter_image":"https:\/\/images.novelship.com\/product\/nike_air_zoom_pegasus_39__red_plum_barely_volt__dh_0_46461.jpeg","schema":{"@context":"https:\/\/schema.org","@graph":[{"@type":"WebPage","@id":"https:\/\/tourcruiser.com\/de\/products\/nike-air-zoom-pegasus-39-red-plum-barely-volt\/","url":"https:\/\/tourcruiser.com\/de\/products\/nike-air-zoom-pegasus-39-red-plum-barely-volt\/","name":"Nike Air Zoom Pegasus 39 'Red Plum Barely Volt' - Tourcruiser PTE. LTD","isPartOf":{"@id":"https:\/\/tourcruiser.com\/de\/#website"},"primaryImageOfPage":{"@id":"https:\/\/tourcruiser.com\/de\/products\/nike-air-zoom-pegasus-39-red-plum-barely-volt\/#primaryimage"},"image":{"@id":"https:\/\/tourcruiser.com\/de\/products\/nike-air-zoom-pegasus-39-red-plum-barely-volt\/#primaryimage"},"thumbnailUrl":"https:\/\/images.novelship.com\/product\/nike_air_zoom_pegasus_39__red_plum_barely_volt__dh_0_46461.jpeg","datePublished":"2026-03-02T09:30:02+00:00","breadcrumb":{"@id":"https:\/\/tourcruiser.com\/de\/products\/nike-air-zoom-pegasus-39-red-plum-barely-volt\/#breadcrumb"},"inLanguage":"de","potentialAction":[{"@type":"ReadAction","target":["https:\/\/tourcruiser.com\/de\/products\/nike-air-zoom-pegasus-39-red-plum-barely-volt\/"]}]},{"@type":"ImageObject","inLanguage":"de","@id":"https:\/\/tourcruiser.com\/de\/products\/nike-air-zoom-pegasus-39-red-plum-barely-volt\/#primaryimage","url":"https:\/\/images.novelship.com\/product\/nike_air_zoom_pegasus_39__red_plum_barely_volt__dh_0_46461.jpeg","contentUrl":"https:\/\/images.novelship.com\/product\/nike_air_zoom_pegasus_39__red_plum_barely_volt__dh_0_46461.jpeg"},{"@type":"BreadcrumbList","@id":"https:\/\/tourcruiser.com\/de\/products\/nike-air-zoom-pegasus-39-red-plum-barely-volt\/#breadcrumb","itemListElement":[{"@type":"ListItem","position":1,"name":"Home","item":"https:\/\/tourcruiser.com\/de\/"},{"@type":"ListItem","position":2,"name":"Shop","item":"https:\/\/tourcruiser.com\/de\/shop\/"},{"@type":"ListItem","position":3,"name":"Nike Air Zoom Pegasus 39 'Red Plum Barely Volt'"}]},{"@type":"WebSite","@id":"https:\/\/tourcruiser.com\/de\/#website","url":"https:\/\/tourcruiser.com\/de\/","name":"Styloral Jewelry Shop","description":"Tourcruiser Sneaker Store \u2014 der Ort, an dem das Universum deine Einzigartigkeit trifft.","publisher":{"@id":"https:\/\/tourcruiser.com\/de\/#organization"},"potentialAction":[{"@type":"SearchAction","target":{"@type":"EntryPoint","urlTemplate":"https:\/\/tourcruiser.com\/de\/?s={search_term_string}"},"query-input":{"@type":"PropertyValueSpecification","valueRequired":true,"valueName":"search_term_string"}}],"inLanguage":"de"},{"@type":"Organization","@id":"https:\/\/tourcruiser.com\/de\/#organization","name":"STYLORAL PTE. LTD","url":"https:\/\/tourcruiser.com\/de\/","logo":{"@type":"ImageObject","inLanguage":"de","@id":"https:\/\/tourcruiser.com\/de\/#\/schema\/logo\/image\/","url":"https:\/\/www.tourcruiser.com\/wp-content\/uploads\/2025\/12\/logo.png","contentUrl":"https:\/\/www.tourcruiser.com\/wp-content\/uploads\/2025\/12\/logo.png","width":200,"height":65,"caption":"STYLORAL PTE. LTD"},"image":{"@id":"https:\/\/tourcruiser.com\/de\/#\/schema\/logo\/image\/"}}]}},"_links":{"self":[{"href":"https:\/\/tourcruiser.com\/de\/wp-json\/wp\/v2\/product\/176368","targetHints":{"allow":["GET"]}}],"collection":[{"href":"https:\/\/tourcruiser.com\/de\/wp-json\/wp\/v2\/product"}],"about":[{"href":"https:\/\/tourcruiser.com\/de\/wp-json\/wp\/v2\/types\/product"}],"replies":[{"embeddable":true,"href":"https:\/\/tourcruiser.com\/de\/wp-json\/wp\/v2\/comments?post=176368"}],"wp:featuredmedia":[{"embeddable":true,"href":"https:\/\/tourcruiser.com\/de\/wp-json\/wp\/v2\/media\/176369"}],"wp:attachment":[{"href":"https:\/\/tourcruiser.com\/de\/wp-json\/wp\/v2\/media?parent=176368"}],"wp:term":[{"taxonomy":"product_brand","embeddable":true,"href":"https:\/\/tourcruiser.com\/de\/wp-json\/wp\/v2\/product_brand?post=176368"},{"taxonomy":"product_cat","embeddable":true,"href":"https:\/\/tourcruiser.com\/de\/wp-json\/wp\/v2\/product_cat?post=176368"},{"taxonomy":"product_tag","embeddable":true,"href":"https:\/\/tourcruiser.com\/de\/wp-json\/wp\/v2\/product_tag?post=176368"}],"curies":[{"name":"wp","href":"https:\/\/api.w.org\/{rel}","templated":true}]}}