{"id":176233,"date":"2026-03-02T16:29:50","date_gmt":"2026-03-02T09:29:50","guid":{"rendered":"http:\/\/tourcruiser.com\/product\/adidas-mundial-team-brown-off"},"modified":"2026-03-28T01:44:05","modified_gmt":"2026-03-27T18:44:05","slug":"adidas-mundial-team-brown-off","status":"publish","type":"product","link":"https:\/\/tourcruiser.com\/de\/products\/adidas-mundial-team-brown-off\/","title":{"rendered":"adidas Mundial Team &#8218;Brown Off&#8216;"},"content":{"rendered":"<p>Erlebe unvergleichliche Performance und zeitlosen Style mit dem adidas Mundial Team &#8218;Brown Off&#8216; IF1971, der dein Spiel auf Kunstrasen auf ein neues Level hebt. Dieser Premium-Fu\u00dfballschuh bietet \u00fcberragenden Komfort und Pr\u00e4zision. Das weiche Obermaterial aus K\u00e4nguruleder schmiegt sich wie eine zweite Haut an deinen Fu\u00df und sorgt f\u00fcr au\u00dfergew\u00f6hnliche Ballkontrolle und Langlebigkeit. Die satte braune Farbgebung wird durch dezente Designdetails erg\u00e4nzt und macht den Schuh sowohl auf als auch neben dem Platz zu einem echten Hingucker. Eine gestanzte EVA-Zwischensohle garantiert leichte D\u00e4mpfung und reduziert die Belastung bei l\u00e4ngeren Spielen, w\u00e4hrend die Gummiau\u00dfensohle mit ihren vielen Stollen optimalen Grip und Stabilit\u00e4t auf synthetischen Oberfl\u00e4chen bietet. Mit der Verbindung von traditioneller Handwerkskunst und moderner Innovation steht der Mundial Team f\u00fcr adidas&#8216; Streben nach Exzellenz. Egal ob du ein erfahrener Spieler bist oder einfach nur deinen Streetwear-Look aufwerten m\u00f6chtest: Der Mundial Team \u201eBrown Off\u201c bietet die perfekte Balance aus Performance und Style und ist damit ein Must-have f\u00fcr jeden Sportbegeisterten.<\/p>\n<ul>\n<li><strong>Farbgebung:<\/strong> Braun\/Off-White\/Dunkelbraun<\/li>\n<li><strong>Style-Code:<\/strong> IF1971<\/li>\n<li><strong>Obermaterial:<\/strong> Wildleder<\/li>\n<li><strong>Farbe:<\/strong> Braun<\/li>\n<\/ul>\n","protected":false},"excerpt":{"rendered":"<p>adidas Mundial Team \u201d\u201d Brown\/Off White\/Dark Brown<\/p>\n","protected":false},"featured_media":176234,"comment_status":"open","ping_status":"closed","template":"","meta":[],"product_brand":[],"product_cat":[10760],"product_tag":[10759,10753,11074,10802,10986,10987,10758],"class_list":{"0":"post-176233","1":"product","2":"type-product","3":"status-publish","4":"has-post-thumbnail","6":"product_cat-adidas","7":"product_tag-adidas","8":"product_tag-gift-for-him","9":"product_tag-indoor-in-football-shoes","10":"product_tag-performance-sport-shoes","11":"product_tag-soccer-shoes","12":"product_tag-soccer-shoes-football-cleats","13":"product_tag-under-retail","14":"wcpa_has_options","16":"first","17":"outofstock","18":"taxable","19":"shipping-taxable","20":"purchasable","21":"product-type-simple"},"wcpa_form_fields":{"rules":{"pric_overide_base_price":false,"pric_overide_base_price_if_gt_zero":false,"pric_overide_base_price_fully":false,"pric_cal_option_once":false,"pric_use_as_fee":false,"bind_quantity":false,"quantity_bind_formula":false},"fields":[{"type":"color-group","required":true,"elementId":"wcpa-color-group-66c4a7f817afe","label":"Gr\u00f6\u00dfe","inline":true,"priceOptions":"different_for_all","pricingType":"fixed","className":"hassizechart product-shoes-size-eu product-shoes-size","name":"color-group-66c4a7f817b18","disp_type":"square","selection_type":"tick-border","disp_size":"50","show_label_inside":true,"adjust_width":true,"cart_display_type":"text","other_text":"Other","cl_rule":"show","col":6,"values":[{"label":"35","value":"EU 35","price":"","pimage":"","pimage_id":"","pthumb":"","color":""},{"label":"35.5","value":"EU 35.5","price":"","pimage":"","pimage_id":"","pthumb":"","color":""},{"label":"36","value":"EU 36","price":"","pimage":"","pimage_id":"","pthumb":"","color":"","selected":true},{"label":"36 2\/3","value":"EU 36 2\/3","price":"","pimage":"","pimage_id":"","pthumb":"","color":""},{"label":"37 1\/3","value":"EU 37 1\/3","price":"","pimage":"","pimage_id":"","pthumb":"","color":""},{"label":"38","value":"EU 38","price":"","pimage":"","pimage_id":"","pthumb":"","color":""},{"label":"38 2\/3","value":"EU 38 2\/3","price":"","pimage":"","pimage_id":"","pthumb":"","color":""},{"label":"39 1\/3","value":"EU 39 1\/3","price":"","pimage":"","pimage_id":"","pthumb":"","color":""},{"label":"40","value":"EU 40","price":"","pimage":"","pimage_id":"","pthumb":"","color":""},{"label":"40 2\/3","value":"EU 40 2\/3","price":"","pimage":"","pimage_id":"","pthumb":"","color":""},{"label":"41 1\/3","value":"EU 41 1\/3","price":"","pimage":"","pimage_id":"","pthumb":"","color":""},{"label":"42","value":"EU 42","price":"","pimage":"","pimage_id":"","pthumb":"","color":""},{"label":"42 2\/3","value":"EU 42 2\/3","price":"","pimage":"","pimage_id":"","pthumb":"","color":""},{"label":"43 1\/3","value":"EU 43 1\/3","price":"","pimage":"","pimage_id":"","pthumb":"","color":""},{"label":"44","value":"EU 44","price":"","pimage":"","pimage_id":"","pthumb":"","color":""},{"label":"44 2\/3","value":"EU 44 2\/3","price":"","pimage":"","pimage_id":"","pthumb":"","color":""},{"label":"45 1\/3","value":"EU 45 1\/3","price":"","pimage":"","pimage_id":"","pthumb":"","color":""},{"label":"46","value":"EU 46","price":"","pimage":"","pimage_id":"","pthumb":"","color":""},{"label":"46 2\/3","value":"EU 46 2\/3","price":"","pimage":"","pimage_id":"","pthumb":"","color":""},{"label":"47 1\/3","value":"EU 47 1\/3","price":"","pimage":"","pimage_id":"","pthumb":"","color":""}],"relations":[{"operator":false,"rules":[]}],"form_id":24802,"form_rules":{"pric_cal_option_once":false,"exclude_from_discount":false,"pric_use_as_fee":false,"fee_label":"Fee","render_after_acb":false,"disp_hide_options_price":false}}]},"yoast_head":"<!-- This site is optimized with the Yoast SEO plugin v26.5 - https:\/\/yoast.com\/wordpress\/plugins\/seo\/ -->\n<title>adidas Mundial Team &#039;Brown Off&#039;  - Tourcruiser PTE. LTD<\/title>\n<meta name=\"robots\" content=\"index, follow, max-snippet:-1, max-image-preview:large, max-video-preview:-1\" \/>\n<link rel=\"canonical\" href=\"https:\/\/tourcruiser.com\/de\/products\/adidas-mundial-team-brown-off\/\" \/>\n<meta property=\"og:locale\" content=\"de_DE\" \/>\n<meta property=\"og:type\" content=\"article\" \/>\n<meta property=\"og:title\" content=\"adidas Mundial Team &#039;Brown Off&#039;  - Tourcruiser PTE. LTD\" \/>\n<meta property=\"og:description\" content=\"adidas Mundial Team \u201d\u201d Brown\/Off White\/Dark Brown\" \/>\n<meta property=\"og:url\" content=\"https:\/\/tourcruiser.com\/de\/products\/adidas-mundial-team-brown-off\/\" \/>\n<meta property=\"og:site_name\" content=\"Tourcruiser Sneaker Store\" \/>\n<meta property=\"article:modified_time\" content=\"2026-03-27T18:44:05+00:00\" \/>\n<meta name=\"twitter:card\" content=\"summary_large_image\" \/>\n<meta name=\"twitter:image\" content=\"https:\/\/images.novelship.com\/product\/adidas_mundial_team__brown_off__if1971_0_97749.jpeg;https:\/\/images.novelship.com\/product\/adidas_mundial_team__brown_off__if1971_1_97750.jpeg;https:\/\/images.novelship.com\/product\/adidas_mundial_team__brown_off__if1971_2_97750.jpeg;https:\/\/images.novelship.com\/product\/adidas_mundial_team__brown_off__if1971_3_97750.jpeg;https:\/\/images.novelship.com\/product\/adidas_mundial_team__brown_off__if1971_4_97750.jpeg;https:\/\/images.novelship.com\/product\/adidas_mundial_team__brown_off__if1971_5_97750.jpeg;https:\/\/images.novelship.com\/product\/adidas_mundial_team__brown_off__if1971_6_97750.jpeg;https:\/\/images.novelship.com\/product\/adidas_mundial_team__brown_off__if1971_7_97750.jpeg;https:\/\/images.novelship.com\/product\/adidas_mundial_team__brown_off__if1971_8_97750.jpeg\" \/>\n<meta name=\"twitter:label1\" content=\"Gesch\u00e4tzte Lesezeit\" \/>\n\t<meta name=\"twitter:data1\" content=\"1\u00a0Minute\" \/>\n<script type=\"application\/ld+json\" class=\"yoast-schema-graph\">{\"@context\":\"https:\/\/schema.org\",\"@graph\":[{\"@type\":\"WebPage\",\"@id\":\"https:\/\/tourcruiser.com\/de\/products\/adidas-mundial-team-brown-off\/\",\"url\":\"https:\/\/tourcruiser.com\/de\/products\/adidas-mundial-team-brown-off\/\",\"name\":\"adidas Mundial Team 'Brown Off' - Tourcruiser PTE. LTD\",\"isPartOf\":{\"@id\":\"https:\/\/tourcruiser.com\/de\/#website\"},\"primaryImageOfPage\":{\"@id\":\"https:\/\/tourcruiser.com\/de\/products\/adidas-mundial-team-brown-off\/#primaryimage\"},\"image\":{\"@id\":\"https:\/\/tourcruiser.com\/de\/products\/adidas-mundial-team-brown-off\/#primaryimage\"},\"thumbnailUrl\":\"https:\/\/images.novelship.com\/product\/adidas_mundial_team__brown_off__if1971_0_97749.jpeg;https:\/\/images.novelship.com\/product\/adidas_mundial_team__brown_off__if1971_1_97750.jpeg;https:\/\/images.novelship.com\/product\/adidas_mundial_team__brown_off__if1971_2_97750.jpeg;https:\/\/images.novelship.com\/product\/adidas_mundial_team__brown_off__if1971_3_97750.jpeg;https:\/\/images.novelship.com\/product\/adidas_mundial_team__brown_off__if1971_4_97750.jpeg;https:\/\/images.novelship.com\/product\/adidas_mundial_team__brown_off__if1971_5_97750.jpeg;https:\/\/images.novelship.com\/product\/adidas_mundial_team__brown_off__if1971_6_97750.jpeg;https:\/\/images.novelship.com\/product\/adidas_mundial_team__brown_off__if1971_7_97750.jpeg;https:\/\/images.novelship.com\/product\/adidas_mundial_team__brown_off__if1971_8_97750.jpeg\",\"datePublished\":\"2026-03-02T09:29:50+00:00\",\"dateModified\":\"2026-03-27T18:44:05+00:00\",\"breadcrumb\":{\"@id\":\"https:\/\/tourcruiser.com\/de\/products\/adidas-mundial-team-brown-off\/#breadcrumb\"},\"inLanguage\":\"de\",\"potentialAction\":[{\"@type\":\"ReadAction\",\"target\":[\"https:\/\/tourcruiser.com\/de\/products\/adidas-mundial-team-brown-off\/\"]}]},{\"@type\":\"ImageObject\",\"inLanguage\":\"de\",\"@id\":\"https:\/\/tourcruiser.com\/de\/products\/adidas-mundial-team-brown-off\/#primaryimage\",\"url\":\"https:\/\/images.novelship.com\/product\/adidas_mundial_team__brown_off__if1971_0_97749.jpeg;https:\/\/images.novelship.com\/product\/adidas_mundial_team__brown_off__if1971_1_97750.jpeg;https:\/\/images.novelship.com\/product\/adidas_mundial_team__brown_off__if1971_2_97750.jpeg;https:\/\/images.novelship.com\/product\/adidas_mundial_team__brown_off__if1971_3_97750.jpeg;https:\/\/images.novelship.com\/product\/adidas_mundial_team__brown_off__if1971_4_97750.jpeg;https:\/\/images.novelship.com\/product\/adidas_mundial_team__brown_off__if1971_5_97750.jpeg;https:\/\/images.novelship.com\/product\/adidas_mundial_team__brown_off__if1971_6_97750.jpeg;https:\/\/images.novelship.com\/product\/adidas_mundial_team__brown_off__if1971_7_97750.jpeg;https:\/\/images.novelship.com\/product\/adidas_mundial_team__brown_off__if1971_8_97750.jpeg\",\"contentUrl\":\"https:\/\/images.novelship.com\/product\/adidas_mundial_team__brown_off__if1971_0_97749.jpeg;https:\/\/images.novelship.com\/product\/adidas_mundial_team__brown_off__if1971_1_97750.jpeg;https:\/\/images.novelship.com\/product\/adidas_mundial_team__brown_off__if1971_2_97750.jpeg;https:\/\/images.novelship.com\/product\/adidas_mundial_team__brown_off__if1971_3_97750.jpeg;https:\/\/images.novelship.com\/product\/adidas_mundial_team__brown_off__if1971_4_97750.jpeg;https:\/\/images.novelship.com\/product\/adidas_mundial_team__brown_off__if1971_5_97750.jpeg;https:\/\/images.novelship.com\/product\/adidas_mundial_team__brown_off__if1971_6_97750.jpeg;https:\/\/images.novelship.com\/product\/adidas_mundial_team__brown_off__if1971_7_97750.jpeg;https:\/\/images.novelship.com\/product\/adidas_mundial_team__brown_off__if1971_8_97750.jpeg\"},{\"@type\":\"BreadcrumbList\",\"@id\":\"https:\/\/tourcruiser.com\/de\/products\/adidas-mundial-team-brown-off\/#breadcrumb\",\"itemListElement\":[{\"@type\":\"ListItem\",\"position\":1,\"name\":\"Home\",\"item\":\"https:\/\/tourcruiser.com\/de\/\"},{\"@type\":\"ListItem\",\"position\":2,\"name\":\"Shop\",\"item\":\"https:\/\/tourcruiser.com\/de\/shop\/\"},{\"@type\":\"ListItem\",\"position\":3,\"name\":\"adidas Mundial Team 'Brown Off'\"}]},{\"@type\":\"WebSite\",\"@id\":\"https:\/\/tourcruiser.com\/de\/#website\",\"url\":\"https:\/\/tourcruiser.com\/de\/\",\"name\":\"Styloral Jewelry Shop\",\"description\":\"Tourcruiser Sneaker Store \u2014 der Ort, an dem das Universum deine Einzigartigkeit trifft.\",\"publisher\":{\"@id\":\"https:\/\/tourcruiser.com\/de\/#organization\"},\"potentialAction\":[{\"@type\":\"SearchAction\",\"target\":{\"@type\":\"EntryPoint\",\"urlTemplate\":\"https:\/\/tourcruiser.com\/de\/?s={search_term_string}\"},\"query-input\":{\"@type\":\"PropertyValueSpecification\",\"valueRequired\":true,\"valueName\":\"search_term_string\"}}],\"inLanguage\":\"de\"},{\"@type\":\"Organization\",\"@id\":\"https:\/\/tourcruiser.com\/de\/#organization\",\"name\":\"STYLORAL PTE. LTD\",\"url\":\"https:\/\/tourcruiser.com\/de\/\",\"logo\":{\"@type\":\"ImageObject\",\"inLanguage\":\"de\",\"@id\":\"https:\/\/tourcruiser.com\/de\/#\/schema\/logo\/image\/\",\"url\":\"https:\/\/www.tourcruiser.com\/wp-content\/uploads\/2025\/12\/logo.png\",\"contentUrl\":\"https:\/\/www.tourcruiser.com\/wp-content\/uploads\/2025\/12\/logo.png\",\"width\":200,\"height\":65,\"caption\":\"STYLORAL PTE. LTD\"},\"image\":{\"@id\":\"https:\/\/tourcruiser.com\/de\/#\/schema\/logo\/image\/\"}}]}<\/script>\n<!-- \/ Yoast SEO plugin. -->","yoast_head_json":{"title":"adidas Mundial Team 'Brown Off'  - Tourcruiser PTE. LTD","robots":{"index":"index","follow":"follow","max-snippet":"max-snippet:-1","max-image-preview":"max-image-preview:large","max-video-preview":"max-video-preview:-1"},"canonical":"https:\/\/tourcruiser.com\/de\/products\/adidas-mundial-team-brown-off\/","og_locale":"de_DE","og_type":"article","og_title":"adidas Mundial Team 'Brown Off'  - Tourcruiser PTE. LTD","og_description":"adidas Mundial Team \u201d\u201d Brown\/Off White\/Dark Brown","og_url":"https:\/\/tourcruiser.com\/de\/products\/adidas-mundial-team-brown-off\/","og_site_name":"Tourcruiser Sneaker Store","article_modified_time":"2026-03-27T18:44:05+00:00","twitter_card":"summary_large_image","twitter_image":"https:\/\/images.novelship.com\/product\/adidas_mundial_team__brown_off__if1971_0_97749.jpeg;https:\/\/images.novelship.com\/product\/adidas_mundial_team__brown_off__if1971_1_97750.jpeg;https:\/\/images.novelship.com\/product\/adidas_mundial_team__brown_off__if1971_2_97750.jpeg;https:\/\/images.novelship.com\/product\/adidas_mundial_team__brown_off__if1971_3_97750.jpeg;https:\/\/images.novelship.com\/product\/adidas_mundial_team__brown_off__if1971_4_97750.jpeg;https:\/\/images.novelship.com\/product\/adidas_mundial_team__brown_off__if1971_5_97750.jpeg;https:\/\/images.novelship.com\/product\/adidas_mundial_team__brown_off__if1971_6_97750.jpeg;https:\/\/images.novelship.com\/product\/adidas_mundial_team__brown_off__if1971_7_97750.jpeg;https:\/\/images.novelship.com\/product\/adidas_mundial_team__brown_off__if1971_8_97750.jpeg","twitter_misc":{"Gesch\u00e4tzte Lesezeit":"1\u00a0Minute"},"schema":{"@context":"https:\/\/schema.org","@graph":[{"@type":"WebPage","@id":"https:\/\/tourcruiser.com\/de\/products\/adidas-mundial-team-brown-off\/","url":"https:\/\/tourcruiser.com\/de\/products\/adidas-mundial-team-brown-off\/","name":"adidas Mundial Team 'Brown Off' - Tourcruiser PTE. LTD","isPartOf":{"@id":"https:\/\/tourcruiser.com\/de\/#website"},"primaryImageOfPage":{"@id":"https:\/\/tourcruiser.com\/de\/products\/adidas-mundial-team-brown-off\/#primaryimage"},"image":{"@id":"https:\/\/tourcruiser.com\/de\/products\/adidas-mundial-team-brown-off\/#primaryimage"},"thumbnailUrl":"https:\/\/images.novelship.com\/product\/adidas_mundial_team__brown_off__if1971_0_97749.jpeg;https:\/\/images.novelship.com\/product\/adidas_mundial_team__brown_off__if1971_1_97750.jpeg;https:\/\/images.novelship.com\/product\/adidas_mundial_team__brown_off__if1971_2_97750.jpeg;https:\/\/images.novelship.com\/product\/adidas_mundial_team__brown_off__if1971_3_97750.jpeg;https:\/\/images.novelship.com\/product\/adidas_mundial_team__brown_off__if1971_4_97750.jpeg;https:\/\/images.novelship.com\/product\/adidas_mundial_team__brown_off__if1971_5_97750.jpeg;https:\/\/images.novelship.com\/product\/adidas_mundial_team__brown_off__if1971_6_97750.jpeg;https:\/\/images.novelship.com\/product\/adidas_mundial_team__brown_off__if1971_7_97750.jpeg;https:\/\/images.novelship.com\/product\/adidas_mundial_team__brown_off__if1971_8_97750.jpeg","datePublished":"2026-03-02T09:29:50+00:00","dateModified":"2026-03-27T18:44:05+00:00","breadcrumb":{"@id":"https:\/\/tourcruiser.com\/de\/products\/adidas-mundial-team-brown-off\/#breadcrumb"},"inLanguage":"de","potentialAction":[{"@type":"ReadAction","target":["https:\/\/tourcruiser.com\/de\/products\/adidas-mundial-team-brown-off\/"]}]},{"@type":"ImageObject","inLanguage":"de","@id":"https:\/\/tourcruiser.com\/de\/products\/adidas-mundial-team-brown-off\/#primaryimage","url":"https:\/\/images.novelship.com\/product\/adidas_mundial_team__brown_off__if1971_0_97749.jpeg;https:\/\/images.novelship.com\/product\/adidas_mundial_team__brown_off__if1971_1_97750.jpeg;https:\/\/images.novelship.com\/product\/adidas_mundial_team__brown_off__if1971_2_97750.jpeg;https:\/\/images.novelship.com\/product\/adidas_mundial_team__brown_off__if1971_3_97750.jpeg;https:\/\/images.novelship.com\/product\/adidas_mundial_team__brown_off__if1971_4_97750.jpeg;https:\/\/images.novelship.com\/product\/adidas_mundial_team__brown_off__if1971_5_97750.jpeg;https:\/\/images.novelship.com\/product\/adidas_mundial_team__brown_off__if1971_6_97750.jpeg;https:\/\/images.novelship.com\/product\/adidas_mundial_team__brown_off__if1971_7_97750.jpeg;https:\/\/images.novelship.com\/product\/adidas_mundial_team__brown_off__if1971_8_97750.jpeg","contentUrl":"https:\/\/images.novelship.com\/product\/adidas_mundial_team__brown_off__if1971_0_97749.jpeg;https:\/\/images.novelship.com\/product\/adidas_mundial_team__brown_off__if1971_1_97750.jpeg;https:\/\/images.novelship.com\/product\/adidas_mundial_team__brown_off__if1971_2_97750.jpeg;https:\/\/images.novelship.com\/product\/adidas_mundial_team__brown_off__if1971_3_97750.jpeg;https:\/\/images.novelship.com\/product\/adidas_mundial_team__brown_off__if1971_4_97750.jpeg;https:\/\/images.novelship.com\/product\/adidas_mundial_team__brown_off__if1971_5_97750.jpeg;https:\/\/images.novelship.com\/product\/adidas_mundial_team__brown_off__if1971_6_97750.jpeg;https:\/\/images.novelship.com\/product\/adidas_mundial_team__brown_off__if1971_7_97750.jpeg;https:\/\/images.novelship.com\/product\/adidas_mundial_team__brown_off__if1971_8_97750.jpeg"},{"@type":"BreadcrumbList","@id":"https:\/\/tourcruiser.com\/de\/products\/adidas-mundial-team-brown-off\/#breadcrumb","itemListElement":[{"@type":"ListItem","position":1,"name":"Home","item":"https:\/\/tourcruiser.com\/de\/"},{"@type":"ListItem","position":2,"name":"Shop","item":"https:\/\/tourcruiser.com\/de\/shop\/"},{"@type":"ListItem","position":3,"name":"adidas Mundial Team 'Brown Off'"}]},{"@type":"WebSite","@id":"https:\/\/tourcruiser.com\/de\/#website","url":"https:\/\/tourcruiser.com\/de\/","name":"Styloral Jewelry Shop","description":"Tourcruiser Sneaker Store \u2014 der Ort, an dem das Universum deine Einzigartigkeit trifft.","publisher":{"@id":"https:\/\/tourcruiser.com\/de\/#organization"},"potentialAction":[{"@type":"SearchAction","target":{"@type":"EntryPoint","urlTemplate":"https:\/\/tourcruiser.com\/de\/?s={search_term_string}"},"query-input":{"@type":"PropertyValueSpecification","valueRequired":true,"valueName":"search_term_string"}}],"inLanguage":"de"},{"@type":"Organization","@id":"https:\/\/tourcruiser.com\/de\/#organization","name":"STYLORAL PTE. LTD","url":"https:\/\/tourcruiser.com\/de\/","logo":{"@type":"ImageObject","inLanguage":"de","@id":"https:\/\/tourcruiser.com\/de\/#\/schema\/logo\/image\/","url":"https:\/\/www.tourcruiser.com\/wp-content\/uploads\/2025\/12\/logo.png","contentUrl":"https:\/\/www.tourcruiser.com\/wp-content\/uploads\/2025\/12\/logo.png","width":200,"height":65,"caption":"STYLORAL PTE. LTD"},"image":{"@id":"https:\/\/tourcruiser.com\/de\/#\/schema\/logo\/image\/"}}]}},"_links":{"self":[{"href":"https:\/\/tourcruiser.com\/de\/wp-json\/wp\/v2\/product\/176233","targetHints":{"allow":["GET"]}}],"collection":[{"href":"https:\/\/tourcruiser.com\/de\/wp-json\/wp\/v2\/product"}],"about":[{"href":"https:\/\/tourcruiser.com\/de\/wp-json\/wp\/v2\/types\/product"}],"replies":[{"embeddable":true,"href":"https:\/\/tourcruiser.com\/de\/wp-json\/wp\/v2\/comments?post=176233"}],"wp:featuredmedia":[{"embeddable":true,"href":"https:\/\/tourcruiser.com\/de\/wp-json\/wp\/v2\/media\/176234"}],"wp:attachment":[{"href":"https:\/\/tourcruiser.com\/de\/wp-json\/wp\/v2\/media?parent=176233"}],"wp:term":[{"taxonomy":"product_brand","embeddable":true,"href":"https:\/\/tourcruiser.com\/de\/wp-json\/wp\/v2\/product_brand?post=176233"},{"taxonomy":"product_cat","embeddable":true,"href":"https:\/\/tourcruiser.com\/de\/wp-json\/wp\/v2\/product_cat?post=176233"},{"taxonomy":"product_tag","embeddable":true,"href":"https:\/\/tourcruiser.com\/de\/wp-json\/wp\/v2\/product_tag?post=176233"}],"curies":[{"name":"wp","href":"https:\/\/api.w.org\/{rel}","templated":true}]}}