{"id":176200,"date":"2026-03-02T16:29:47","date_gmt":"2026-03-02T09:29:47","guid":{"rendered":"http:\/\/tourcruiser.com\/product\/air-air-jordan-tatum-4-x-air-jordan-11-retro-low-ie-tatum-world-tour-pack"},"modified":"2026-03-28T01:44:03","modified_gmt":"2026-03-27T18:44:03","slug":"air-air-jordan-tatum-4-x-air-jordan-11-retro-low-ie-tatum-world-tour-pack","status":"publish","type":"product","link":"https:\/\/tourcruiser.com\/de\/products\/air-air-jordan-tatum-4-x-air-jordan-11-retro-low-ie-tatum-world-tour-pack\/","title":{"rendered":"Air Air Jordan Tatum 4 x Air Jordan 11 Retro Low IE &#8218;Tatum World Tour Pack&#8216;"},"content":{"rendered":"<p>Erlebe ultimativen Basketball-Style mit dem Air Jordan Tatum 4 und dem Jordan 11 Retro Low IE Jayson Tatum World Tour Pack IM5208-900 \u201d\u201c die perfekte Kombination aus Performance und modernem Design. Der Tatum 4 bietet dank seines leichten Tragegef\u00fchls und der fortschrittlichen D\u00e4mpfung optimale Bewegungsfreiheit auf dem Court und ist auf Komfort und Agilit\u00e4t ausgelegt. Der Jordan 11 Retro Low IE besticht durch seine schlanke, flache Silhouette mit der charakteristischen Leder- und Mesh-Konstruktion, die Atmungsaktivit\u00e4t und Strapazierf\u00e4higkeit garantiert. Beide Sneaker sind mit exklusiven Details versehen, die von Jayson Tatums Welttournee inspiriert sind und seinen Werdegang und seine Erfolge im Basketball feiern. Dieses Paket wurde f\u00fcr Sportler und Sneaker-Fans gleicherma\u00dfen entwickelt und bietet un\u00fcbertroffene Qualit\u00e4t, Style und Funktionalit\u00e4t \u201d\u201c egal ob auf oder neben dem Court.<\/p>\n<ul>\n<li><strong>Farbgebung:<\/strong> Mehrfarbig\/Mehrfarbig\/Mehrfarbig<\/li>\n<li><strong>Style-Code:<\/strong> IM5208-900<\/li>\n<li><strong>Obermaterial:<\/strong> Textil<\/li>\n<li><strong>Farbe:<\/strong> Blau<\/li>\n<li><strong>Erscheinungsjahr:<\/strong> 2025<\/li>\n<\/ul>\n","protected":false},"excerpt":{"rendered":"<p>Jordan Jordan 11 \u201d\u201d Multi-Color\/Multi-Color\/Multi-Color<\/p>\n","protected":false},"featured_media":176201,"comment_status":"open","ping_status":"closed","template":"","meta":[],"product_brand":[],"product_cat":[10780],"product_tag":[10800,10776,11129,10802],"class_list":{"0":"post-176200","1":"product","2":"type-product","3":"status-publish","4":"has-post-thumbnail","6":"product_cat-air-jordan","7":"product_tag-basketball-shoes","8":"product_tag-jordan","9":"product_tag-lightweight-basketball-shoes","10":"product_tag-performance-sport-shoes","11":"wcpa_has_options","13":"first","14":"outofstock","15":"taxable","16":"shipping-taxable","17":"purchasable","18":"product-type-simple"},"wcpa_form_fields":{"rules":{"pric_overide_base_price":false,"pric_overide_base_price_if_gt_zero":false,"pric_overide_base_price_fully":false,"pric_cal_option_once":false,"pric_use_as_fee":false,"bind_quantity":false,"quantity_bind_formula":false},"fields":[{"type":"color-group","required":true,"elementId":"wcpa-color-group-66c4a75505e74","label":"Gr\u00f6\u00dfe - EU Gr\u00f6\u00dfe","inline":true,"priceOptions":"different_for_all","pricingType":"fixed","className":"hassizechart product-shoes-size-eu product-shoes-size","name":"color-group-66c4a75505e89","disp_type":"square","selection_type":"tick-border","disp_size":"44","show_label_inside":true,"adjust_width":true,"cart_display_type":"text","other_text":"Other","cl_rule":"show","col":6,"values":[{"label":"35.5","value":"EU 35.5","price":"","pimage":"","pimage_id":"","pthumb":"","color":""},{"label":"36","value":"EU 36","price":"","pimage":"","pimage_id":"","pthumb":"","color":"","selected":true},{"label":"36.5","value":"EU 36.5","price":"","pimage":"","pimage_id":"","pthumb":"","color":""},{"label":"37.5","value":"EU 37.5","price":"","pimage":"","pimage_id":"","pthumb":"","color":""},{"label":"38","value":"EU 38","price":"","pimage":"","pimage_id":"","pthumb":"","color":""},{"label":"38.5","value":"EU 38.5","price":"","pimage":"","pimage_id":"","pthumb":"","color":""},{"label":"39","value":"EU 39","price":"","pimage":"","pimage_id":"","pthumb":"","color":""},{"label":"40","value":"EU 40","price":"","pimage":"","pimage_id":"","pthumb":"","color":""},{"label":"40.5","value":"EU 40.5","price":"","pimage":"","pimage_id":"","pthumb":"","color":""},{"label":"41","value":"EU 41","price":"","pimage":"","pimage_id":"","pthumb":"","color":""},{"label":"42","value":"EU 42","price":"","pimage":"","pimage_id":"","pthumb":"","color":""},{"label":"42.5","value":"EU 42.5","price":"","pimage":"","pimage_id":"","pthumb":"","color":""},{"label":"43","value":"EU 43","price":"","pimage":"","pimage_id":"","pthumb":"","color":""},{"label":"44","value":"EU 44","price":"","pimage":"","pimage_id":"","pthumb":"","color":""},{"label":"44.5","value":"EU 44.5","price":"","pimage":"","pimage_id":"","pthumb":"","color":""},{"label":"45","value":"EU 45","price":"","pimage":"","pimage_id":"","pthumb":"","color":""},{"label":"45.5","value":"EU 45.5","price":"","pimage":"","pimage_id":"","pthumb":"","color":""},{"label":"46","value":"EU 46","price":"","pimage":"","pimage_id":"","pthumb":"","color":""},{"label":"47","value":"EU 47","price":"","pimage":"","pimage_id":"","pthumb":"","color":""},{"label":"47.5","value":"EU 47.5","price":"","pimage":"","pimage_id":"","pthumb":"","color":""},{"label":"48","value":"EU 48","price":"","pimage":"","pimage_id":"","pthumb":"","color":""}],"relations":[{"operator":false,"rules":[]}],"form_id":18106,"form_rules":{"pric_cal_option_once":false,"exclude_from_discount":false,"pric_use_as_fee":false,"fee_label":"Fee","render_after_acb":false,"disp_hide_options_price":false}}]},"yoast_head":"<!-- This site is optimized with the Yoast SEO plugin v26.5 - https:\/\/yoast.com\/wordpress\/plugins\/seo\/ -->\n<title>Air Air Jordan Tatum 4 x Air Jordan 11 Retro Low IE &#039;Tatum World Tour Pack&#039;  - Tourcruiser PTE. LTD<\/title>\n<meta name=\"robots\" content=\"index, follow, max-snippet:-1, max-image-preview:large, max-video-preview:-1\" \/>\n<link rel=\"canonical\" href=\"https:\/\/tourcruiser.com\/de\/products\/air-air-jordan-tatum-4-x-air-jordan-11-retro-low-ie-tatum-world-tour-pack\/\" \/>\n<meta property=\"og:locale\" content=\"de_DE\" \/>\n<meta property=\"og:type\" content=\"article\" \/>\n<meta property=\"og:title\" content=\"Air Air Jordan Tatum 4 x Air Jordan 11 Retro Low IE &#039;Tatum World Tour Pack&#039;  - Tourcruiser PTE. LTD\" \/>\n<meta property=\"og:description\" content=\"Jordan Jordan 11 \u201d\u201d Multi-Color\/Multi-Color\/Multi-Color\" \/>\n<meta property=\"og:url\" content=\"https:\/\/tourcruiser.com\/de\/products\/air-air-jordan-tatum-4-x-air-jordan-11-retro-low-ie-tatum-world-tour-pack\/\" \/>\n<meta property=\"og:site_name\" content=\"Tourcruiser Sneaker Store\" \/>\n<meta property=\"article:modified_time\" content=\"2026-03-27T18:44:03+00:00\" \/>\n<meta name=\"twitter:card\" content=\"summary_large_image\" \/>\n<meta name=\"twitter:image\" content=\"https:\/\/images.novelship.com\/product\/air_jordan_tatum_4___jordan_11_retro_low_ie_jayson_0_67356.jpeg\" \/>\n<meta name=\"twitter:label1\" content=\"Gesch\u00e4tzte Lesezeit\" \/>\n\t<meta name=\"twitter:data1\" content=\"1\u00a0Minute\" \/>\n<script type=\"application\/ld+json\" class=\"yoast-schema-graph\">{\"@context\":\"https:\/\/schema.org\",\"@graph\":[{\"@type\":\"WebPage\",\"@id\":\"https:\/\/tourcruiser.com\/de\/products\/air-air-jordan-tatum-4-x-air-jordan-11-retro-low-ie-tatum-world-tour-pack\/\",\"url\":\"https:\/\/tourcruiser.com\/de\/products\/air-air-jordan-tatum-4-x-air-jordan-11-retro-low-ie-tatum-world-tour-pack\/\",\"name\":\"Air Air Jordan Tatum 4 x Air Jordan 11 Retro Low IE 'Tatum World Tour Pack' - Tourcruiser PTE. LTD\",\"isPartOf\":{\"@id\":\"https:\/\/tourcruiser.com\/de\/#website\"},\"primaryImageOfPage\":{\"@id\":\"https:\/\/tourcruiser.com\/de\/products\/air-air-jordan-tatum-4-x-air-jordan-11-retro-low-ie-tatum-world-tour-pack\/#primaryimage\"},\"image\":{\"@id\":\"https:\/\/tourcruiser.com\/de\/products\/air-air-jordan-tatum-4-x-air-jordan-11-retro-low-ie-tatum-world-tour-pack\/#primaryimage\"},\"thumbnailUrl\":\"https:\/\/images.novelship.com\/product\/air_jordan_tatum_4___jordan_11_retro_low_ie_jayson_0_67356.jpeg\",\"datePublished\":\"2026-03-02T09:29:47+00:00\",\"dateModified\":\"2026-03-27T18:44:03+00:00\",\"breadcrumb\":{\"@id\":\"https:\/\/tourcruiser.com\/de\/products\/air-air-jordan-tatum-4-x-air-jordan-11-retro-low-ie-tatum-world-tour-pack\/#breadcrumb\"},\"inLanguage\":\"de\",\"potentialAction\":[{\"@type\":\"ReadAction\",\"target\":[\"https:\/\/tourcruiser.com\/de\/products\/air-air-jordan-tatum-4-x-air-jordan-11-retro-low-ie-tatum-world-tour-pack\/\"]}]},{\"@type\":\"ImageObject\",\"inLanguage\":\"de\",\"@id\":\"https:\/\/tourcruiser.com\/de\/products\/air-air-jordan-tatum-4-x-air-jordan-11-retro-low-ie-tatum-world-tour-pack\/#primaryimage\",\"url\":\"https:\/\/images.novelship.com\/product\/air_jordan_tatum_4___jordan_11_retro_low_ie_jayson_0_67356.jpeg\",\"contentUrl\":\"https:\/\/images.novelship.com\/product\/air_jordan_tatum_4___jordan_11_retro_low_ie_jayson_0_67356.jpeg\"},{\"@type\":\"BreadcrumbList\",\"@id\":\"https:\/\/tourcruiser.com\/de\/products\/air-air-jordan-tatum-4-x-air-jordan-11-retro-low-ie-tatum-world-tour-pack\/#breadcrumb\",\"itemListElement\":[{\"@type\":\"ListItem\",\"position\":1,\"name\":\"Home\",\"item\":\"https:\/\/tourcruiser.com\/de\/\"},{\"@type\":\"ListItem\",\"position\":2,\"name\":\"Shop\",\"item\":\"https:\/\/tourcruiser.com\/de\/shop\/\"},{\"@type\":\"ListItem\",\"position\":3,\"name\":\"Air Air Jordan Tatum 4 x Air Jordan 11 Retro Low IE 'Tatum World Tour Pack'\"}]},{\"@type\":\"WebSite\",\"@id\":\"https:\/\/tourcruiser.com\/de\/#website\",\"url\":\"https:\/\/tourcruiser.com\/de\/\",\"name\":\"Styloral Jewelry Shop\",\"description\":\"Tourcruiser Sneaker Store \u2014 der Ort, an dem das Universum deine Einzigartigkeit trifft.\",\"publisher\":{\"@id\":\"https:\/\/tourcruiser.com\/de\/#organization\"},\"potentialAction\":[{\"@type\":\"SearchAction\",\"target\":{\"@type\":\"EntryPoint\",\"urlTemplate\":\"https:\/\/tourcruiser.com\/de\/?s={search_term_string}\"},\"query-input\":{\"@type\":\"PropertyValueSpecification\",\"valueRequired\":true,\"valueName\":\"search_term_string\"}}],\"inLanguage\":\"de\"},{\"@type\":\"Organization\",\"@id\":\"https:\/\/tourcruiser.com\/de\/#organization\",\"name\":\"STYLORAL PTE. LTD\",\"url\":\"https:\/\/tourcruiser.com\/de\/\",\"logo\":{\"@type\":\"ImageObject\",\"inLanguage\":\"de\",\"@id\":\"https:\/\/tourcruiser.com\/de\/#\/schema\/logo\/image\/\",\"url\":\"https:\/\/www.tourcruiser.com\/wp-content\/uploads\/2025\/12\/logo.png\",\"contentUrl\":\"https:\/\/www.tourcruiser.com\/wp-content\/uploads\/2025\/12\/logo.png\",\"width\":200,\"height\":65,\"caption\":\"STYLORAL PTE. LTD\"},\"image\":{\"@id\":\"https:\/\/tourcruiser.com\/de\/#\/schema\/logo\/image\/\"}}]}<\/script>\n<!-- \/ Yoast SEO plugin. -->","yoast_head_json":{"title":"Air Air Jordan Tatum 4 x Air Jordan 11 Retro Low IE 'Tatum World Tour Pack'  - Tourcruiser PTE. LTD","robots":{"index":"index","follow":"follow","max-snippet":"max-snippet:-1","max-image-preview":"max-image-preview:large","max-video-preview":"max-video-preview:-1"},"canonical":"https:\/\/tourcruiser.com\/de\/products\/air-air-jordan-tatum-4-x-air-jordan-11-retro-low-ie-tatum-world-tour-pack\/","og_locale":"de_DE","og_type":"article","og_title":"Air Air Jordan Tatum 4 x Air Jordan 11 Retro Low IE 'Tatum World Tour Pack'  - Tourcruiser PTE. LTD","og_description":"Jordan Jordan 11 \u201d\u201d Multi-Color\/Multi-Color\/Multi-Color","og_url":"https:\/\/tourcruiser.com\/de\/products\/air-air-jordan-tatum-4-x-air-jordan-11-retro-low-ie-tatum-world-tour-pack\/","og_site_name":"Tourcruiser Sneaker Store","article_modified_time":"2026-03-27T18:44:03+00:00","twitter_card":"summary_large_image","twitter_image":"https:\/\/images.novelship.com\/product\/air_jordan_tatum_4___jordan_11_retro_low_ie_jayson_0_67356.jpeg","twitter_misc":{"Gesch\u00e4tzte Lesezeit":"1\u00a0Minute"},"schema":{"@context":"https:\/\/schema.org","@graph":[{"@type":"WebPage","@id":"https:\/\/tourcruiser.com\/de\/products\/air-air-jordan-tatum-4-x-air-jordan-11-retro-low-ie-tatum-world-tour-pack\/","url":"https:\/\/tourcruiser.com\/de\/products\/air-air-jordan-tatum-4-x-air-jordan-11-retro-low-ie-tatum-world-tour-pack\/","name":"Air Air Jordan Tatum 4 x Air Jordan 11 Retro Low IE 'Tatum World Tour Pack' - Tourcruiser PTE. LTD","isPartOf":{"@id":"https:\/\/tourcruiser.com\/de\/#website"},"primaryImageOfPage":{"@id":"https:\/\/tourcruiser.com\/de\/products\/air-air-jordan-tatum-4-x-air-jordan-11-retro-low-ie-tatum-world-tour-pack\/#primaryimage"},"image":{"@id":"https:\/\/tourcruiser.com\/de\/products\/air-air-jordan-tatum-4-x-air-jordan-11-retro-low-ie-tatum-world-tour-pack\/#primaryimage"},"thumbnailUrl":"https:\/\/images.novelship.com\/product\/air_jordan_tatum_4___jordan_11_retro_low_ie_jayson_0_67356.jpeg","datePublished":"2026-03-02T09:29:47+00:00","dateModified":"2026-03-27T18:44:03+00:00","breadcrumb":{"@id":"https:\/\/tourcruiser.com\/de\/products\/air-air-jordan-tatum-4-x-air-jordan-11-retro-low-ie-tatum-world-tour-pack\/#breadcrumb"},"inLanguage":"de","potentialAction":[{"@type":"ReadAction","target":["https:\/\/tourcruiser.com\/de\/products\/air-air-jordan-tatum-4-x-air-jordan-11-retro-low-ie-tatum-world-tour-pack\/"]}]},{"@type":"ImageObject","inLanguage":"de","@id":"https:\/\/tourcruiser.com\/de\/products\/air-air-jordan-tatum-4-x-air-jordan-11-retro-low-ie-tatum-world-tour-pack\/#primaryimage","url":"https:\/\/images.novelship.com\/product\/air_jordan_tatum_4___jordan_11_retro_low_ie_jayson_0_67356.jpeg","contentUrl":"https:\/\/images.novelship.com\/product\/air_jordan_tatum_4___jordan_11_retro_low_ie_jayson_0_67356.jpeg"},{"@type":"BreadcrumbList","@id":"https:\/\/tourcruiser.com\/de\/products\/air-air-jordan-tatum-4-x-air-jordan-11-retro-low-ie-tatum-world-tour-pack\/#breadcrumb","itemListElement":[{"@type":"ListItem","position":1,"name":"Home","item":"https:\/\/tourcruiser.com\/de\/"},{"@type":"ListItem","position":2,"name":"Shop","item":"https:\/\/tourcruiser.com\/de\/shop\/"},{"@type":"ListItem","position":3,"name":"Air Air Jordan Tatum 4 x Air Jordan 11 Retro Low IE 'Tatum World Tour Pack'"}]},{"@type":"WebSite","@id":"https:\/\/tourcruiser.com\/de\/#website","url":"https:\/\/tourcruiser.com\/de\/","name":"Styloral Jewelry Shop","description":"Tourcruiser Sneaker Store \u2014 der Ort, an dem das Universum deine Einzigartigkeit trifft.","publisher":{"@id":"https:\/\/tourcruiser.com\/de\/#organization"},"potentialAction":[{"@type":"SearchAction","target":{"@type":"EntryPoint","urlTemplate":"https:\/\/tourcruiser.com\/de\/?s={search_term_string}"},"query-input":{"@type":"PropertyValueSpecification","valueRequired":true,"valueName":"search_term_string"}}],"inLanguage":"de"},{"@type":"Organization","@id":"https:\/\/tourcruiser.com\/de\/#organization","name":"STYLORAL PTE. LTD","url":"https:\/\/tourcruiser.com\/de\/","logo":{"@type":"ImageObject","inLanguage":"de","@id":"https:\/\/tourcruiser.com\/de\/#\/schema\/logo\/image\/","url":"https:\/\/www.tourcruiser.com\/wp-content\/uploads\/2025\/12\/logo.png","contentUrl":"https:\/\/www.tourcruiser.com\/wp-content\/uploads\/2025\/12\/logo.png","width":200,"height":65,"caption":"STYLORAL PTE. LTD"},"image":{"@id":"https:\/\/tourcruiser.com\/de\/#\/schema\/logo\/image\/"}}]}},"_links":{"self":[{"href":"https:\/\/tourcruiser.com\/de\/wp-json\/wp\/v2\/product\/176200","targetHints":{"allow":["GET"]}}],"collection":[{"href":"https:\/\/tourcruiser.com\/de\/wp-json\/wp\/v2\/product"}],"about":[{"href":"https:\/\/tourcruiser.com\/de\/wp-json\/wp\/v2\/types\/product"}],"replies":[{"embeddable":true,"href":"https:\/\/tourcruiser.com\/de\/wp-json\/wp\/v2\/comments?post=176200"}],"wp:featuredmedia":[{"embeddable":true,"href":"https:\/\/tourcruiser.com\/de\/wp-json\/wp\/v2\/media\/176201"}],"wp:attachment":[{"href":"https:\/\/tourcruiser.com\/de\/wp-json\/wp\/v2\/media?parent=176200"}],"wp:term":[{"taxonomy":"product_brand","embeddable":true,"href":"https:\/\/tourcruiser.com\/de\/wp-json\/wp\/v2\/product_brand?post=176200"},{"taxonomy":"product_cat","embeddable":true,"href":"https:\/\/tourcruiser.com\/de\/wp-json\/wp\/v2\/product_cat?post=176200"},{"taxonomy":"product_tag","embeddable":true,"href":"https:\/\/tourcruiser.com\/de\/wp-json\/wp\/v2\/product_tag?post=176200"}],"curies":[{"name":"wp","href":"https:\/\/api.w.org\/{rel}","templated":true}]}}