{"id":176119,"date":"2026-03-02T16:29:40","date_gmt":"2026-03-02T09:29:40","guid":{"rendered":"http:\/\/tourcruiser.com\/product\/adidas-terrex-trailmaker-20-gore-tex-carbon-grey"},"modified":"2026-03-28T01:43:57","modified_gmt":"2026-03-27T18:43:57","slug":"adidas-terrex-trailmaker-20-gore-tex-carbon-grey","status":"publish","type":"product","link":"https:\/\/tourcruiser.com\/de\/products\/adidas-terrex-trailmaker-20-gore-tex-carbon-grey\/","title":{"rendered":"adidas Terrex Trailmaker 2.0 GORE-TEX &#8218;Carbon Grey&#8216;"},"content":{"rendered":"<p>Erobere die Trails mit dem adidas Terrex Trailmaker 2.0 GORE-TEX &#8218;Carbon Grey&#8216; IE5148 \u201d\u201c entwickelt f\u00fcr Abenteurer, die wasserdichten Schutz und vielseitige Performance erwarten. Dieser leichte Wanderschuh verf\u00fcgt \u00fcber eine atmungsaktive GORE-TEX-Membran, die deine F\u00fc\u00dfe vor N\u00e4sse sch\u00fctzt und gleichzeitig f\u00fcr optimale Bel\u00fcftung sorgt. Die elegante Farbgebung in &#8218;Carbon Grey&#8216; vereint modernen Stil mit robuster Funktionalit\u00e4t und macht ihn zum idealen Begleiter f\u00fcr Outdoor-Abenteuer und den urbanen Alltag. Ausgestattet mit einer strapazierf\u00e4higen Traxion-Au\u00dfensohle bietet dieser trailbereite Schuh unschlagbaren Grip auf unebenem Gel\u00e4nde und gibt dir bei jedem Schritt Sicherheit. Eine gepolsterte Zwischensohle sorgt f\u00fcr langanhaltenden Tragekomfort, w\u00e4hrend die socken\u00e4hnliche Passform deinen Fu\u00df f\u00fcr nat\u00fcrliche Bewegungsfreiheit und Stabilit\u00e4t sichert. Der adidas Terrex Trailmaker 2.0 wird aus umweltfreundlichen Materialien gefertigt und vereint Stil mit Nachhaltigkeit \u201d\u201c die ideale Wahl f\u00fcr umweltbewusste Entdecker. Ob auf anspruchsvollen Trails oder beim Stadtbummel: Dieser Schuh bietet unvergleichliche Performance ohne Kompromisse bei Komfort und \u00c4sthetik. Der adidas Terrex Trailmaker 2.0 GORE-TEX &#8218;Carbon Grey&#8216; ist der perfekte Begleiter f\u00fcr Abenteuer bei jedem Wetter und vereint Innovation, Strapazierf\u00e4higkeit und ein raffiniertes Design f\u00fcr den modernen Trailblazer.<\/p>\n<ul>\n<li><strong>Farbgebung:<\/strong> Carbon\/Grey Six\/Core Black<\/li>\n<li><strong>Artikelnummer:<\/strong> IE5148<\/li>\n<li><strong>Obermaterial:<\/strong> Synthetik<\/li>\n<li><strong>Zwischensohle:<\/strong> EVA<\/li>\n<li><strong>Farbe:<\/strong> Schwarz<\/li>\n<\/ul>\n","protected":false},"excerpt":{"rendered":"<p>adidas Terrex Trailmaker 2.0 GORE-TEX \u201d\u201d Carbon\/Grey Six\/Core Black<\/p>\n","protected":false},"featured_media":176120,"comment_status":"open","ping_status":"closed","template":"","meta":[],"product_brand":[],"product_cat":[10760],"product_tag":[10759,10753,36974,11114,10802,10758,11116],"class_list":{"0":"post-176119","1":"product","2":"type-product","3":"status-publish","4":"has-post-thumbnail","6":"product_cat-adidas","7":"product_tag-adidas","8":"product_tag-gift-for-him","9":"product_tag-gore-tex","10":"product_tag-hiking-shoes","11":"product_tag-performance-sport-shoes","12":"product_tag-under-retail","13":"product_tag-waterproof-hiking-shoes","14":"wcpa_has_options","16":"first","17":"outofstock","18":"taxable","19":"shipping-taxable","20":"purchasable","21":"product-type-simple"},"wcpa_form_fields":{"rules":{"pric_overide_base_price":false,"pric_overide_base_price_if_gt_zero":false,"pric_overide_base_price_fully":false,"pric_cal_option_once":false,"pric_use_as_fee":false,"bind_quantity":false,"quantity_bind_formula":false},"fields":[{"type":"color-group","required":true,"elementId":"wcpa-color-group-66c4a7f817afe","label":"Gr\u00f6\u00dfe","inline":true,"priceOptions":"different_for_all","pricingType":"fixed","className":"hassizechart product-shoes-size-eu product-shoes-size","name":"color-group-66c4a7f817b18","disp_type":"square","selection_type":"tick-border","disp_size":"50","show_label_inside":true,"adjust_width":true,"cart_display_type":"text","other_text":"Other","cl_rule":"show","col":6,"values":[{"label":"35","value":"EU 35","price":"","pimage":"","pimage_id":"","pthumb":"","color":""},{"label":"35.5","value":"EU 35.5","price":"","pimage":"","pimage_id":"","pthumb":"","color":""},{"label":"36","value":"EU 36","price":"","pimage":"","pimage_id":"","pthumb":"","color":"","selected":true},{"label":"36 2\/3","value":"EU 36 2\/3","price":"","pimage":"","pimage_id":"","pthumb":"","color":""},{"label":"37 1\/3","value":"EU 37 1\/3","price":"","pimage":"","pimage_id":"","pthumb":"","color":""},{"label":"38","value":"EU 38","price":"","pimage":"","pimage_id":"","pthumb":"","color":""},{"label":"38 2\/3","value":"EU 38 2\/3","price":"","pimage":"","pimage_id":"","pthumb":"","color":""},{"label":"39 1\/3","value":"EU 39 1\/3","price":"","pimage":"","pimage_id":"","pthumb":"","color":""},{"label":"40","value":"EU 40","price":"","pimage":"","pimage_id":"","pthumb":"","color":""},{"label":"40 2\/3","value":"EU 40 2\/3","price":"","pimage":"","pimage_id":"","pthumb":"","color":""},{"label":"41 1\/3","value":"EU 41 1\/3","price":"","pimage":"","pimage_id":"","pthumb":"","color":""},{"label":"42","value":"EU 42","price":"","pimage":"","pimage_id":"","pthumb":"","color":""},{"label":"42 2\/3","value":"EU 42 2\/3","price":"","pimage":"","pimage_id":"","pthumb":"","color":""},{"label":"43 1\/3","value":"EU 43 1\/3","price":"","pimage":"","pimage_id":"","pthumb":"","color":""},{"label":"44","value":"EU 44","price":"","pimage":"","pimage_id":"","pthumb":"","color":""},{"label":"44 2\/3","value":"EU 44 2\/3","price":"","pimage":"","pimage_id":"","pthumb":"","color":""},{"label":"45 1\/3","value":"EU 45 1\/3","price":"","pimage":"","pimage_id":"","pthumb":"","color":""},{"label":"46","value":"EU 46","price":"","pimage":"","pimage_id":"","pthumb":"","color":""},{"label":"46 2\/3","value":"EU 46 2\/3","price":"","pimage":"","pimage_id":"","pthumb":"","color":""},{"label":"47 1\/3","value":"EU 47 1\/3","price":"","pimage":"","pimage_id":"","pthumb":"","color":""}],"relations":[{"operator":false,"rules":[]}],"form_id":24802,"form_rules":{"pric_cal_option_once":false,"exclude_from_discount":false,"pric_use_as_fee":false,"fee_label":"Fee","render_after_acb":false,"disp_hide_options_price":false}}]},"yoast_head":"<!-- This site is optimized with the Yoast SEO plugin v26.5 - https:\/\/yoast.com\/wordpress\/plugins\/seo\/ -->\n<title>adidas Terrex Trailmaker 2.0 GORE-TEX &#039;Carbon Grey&#039;  - Tourcruiser PTE. LTD<\/title>\n<meta name=\"robots\" content=\"index, follow, max-snippet:-1, max-image-preview:large, max-video-preview:-1\" \/>\n<link rel=\"canonical\" href=\"https:\/\/tourcruiser.com\/\" \/>\n<meta property=\"og:locale\" content=\"de_DE\" \/>\n<meta property=\"og:type\" content=\"article\" \/>\n<meta property=\"og:title\" content=\"adidas Terrex Trailmaker 2.0 GORE-TEX &#039;Carbon Grey&#039;  - Tourcruiser PTE. LTD\" \/>\n<meta property=\"og:description\" content=\"adidas Terrex Trailmaker 2.0 GORE-TEX \u201d\u201d Carbon\/Grey Six\/Core Black\" \/>\n<meta property=\"og:url\" content=\"\/\" \/>\n<meta property=\"og:site_name\" content=\"Tourcruiser Sneaker Store\" \/>\n<meta property=\"article:modified_time\" content=\"2026-03-27T18:43:57+00:00\" \/>\n<meta name=\"twitter:card\" content=\"summary_large_image\" \/>\n<meta name=\"twitter:image\" content=\"https:\/\/images.novelship.com\/product\/adidas_terrex_trailmaker_2_0_gore-tex__carbon_grey_0_77737.jpeg;https:\/\/images.novelship.com\/product\/adidas_terrex_trailmaker_2_0_gore-tex__carbon_grey_1_77737.jpeg;https:\/\/images.novelship.com\/product\/adidas_terrex_trailmaker_2_0_gore-tex__carbon_grey_2_77737.jpeg;https:\/\/images.novelship.com\/product\/adidas_terrex_trailmaker_2_0_gore-tex__carbon_grey_3_77737.jpeg;https:\/\/images.novelship.com\/product\/adidas_terrex_trailmaker_2_0_gore-tex__carbon_grey_4_77737.jpeg;https:\/\/images.novelship.com\/product\/adidas_terrex_trailmaker_2_0_gore-tex__carbon_grey_5_77737.jpeg;https:\/\/images.novelship.com\/product\/adidas_terrex_trailmaker_2_0_gore-tex__carbon_grey_6_77738.jpeg;https:\/\/images.novelship.com\/product\/adidas_terrex_trailmaker_2_0_gore-tex__carbon_grey_7_77738.jpeg;https:\/\/images.novelship.com\/product\/adidas_terrex_trailmaker_2_0_gore-tex__carbon_grey_8_77738.jpeg;https:\/\/images.novelship.com\/product\/adidas_terrex_trailmaker_2_0_gore-tex__carbon_grey_9_77738.jpeg;https:\/\/images.novelship.com\/product\/adidas_terrex_trailmaker_2_0_gore-tex__carbon_grey_10_77738.jpeg;https:\/\/images.novelship.com\/product\/adidas_terrex_trailmaker_2_0_gore-tex__carbon_grey_11_77738.jpeg;https:\/\/images.novelship.com\/product\/adidas_terrex_trailmaker_2_0_gore-tex__carbon_grey_12_77738.jpeg;https:\/\/images.novelship.com\/product\/adidas_terrex_trailmaker_2_0_gore-tex__carbon_grey_13_77738.jpeg;https:\/\/images.novelship.com\/product\/adidas_terrex_trailmaker_2_0_gore-tex__carbon_grey_14_77738.jpeg;https:\/\/images.novelship.com\/product\/adidas_terrex_trailmaker_2_0_gore-tex__carbon_grey_15_77738.jpeg\" \/>\n<meta name=\"twitter:label1\" content=\"Gesch\u00e4tzte Lesezeit\" \/>\n\t<meta name=\"twitter:data1\" content=\"1\u00a0Minute\" \/>\n<script type=\"application\/ld+json\" class=\"yoast-schema-graph\">{\"@context\":\"https:\/\/schema.org\",\"@graph\":[{\"@type\":\"WebPage\",\"@id\":\"\/\",\"url\":\"https:\/\/tourcruiser.com\/\",\"name\":\"adidas Terrex Trailmaker 2.0 GORE-TEX 'Carbon Grey' - Tourcruiser PTE. LTD\",\"isPartOf\":{\"@id\":\"https:\/\/tourcruiser.com\/de\/#website\"},\"primaryImageOfPage\":{\"@id\":\"https:\/\/tourcruiser.com\/#primaryimage\"},\"image\":{\"@id\":\"https:\/\/tourcruiser.com\/#primaryimage\"},\"thumbnailUrl\":\"https:\/\/images.novelship.com\/product\/adidas_terrex_trailmaker_2_0_gore-tex__carbon_grey_0_77737.jpeg;https:\/\/images.novelship.com\/product\/adidas_terrex_trailmaker_2_0_gore-tex__carbon_grey_1_77737.jpeg;https:\/\/images.novelship.com\/product\/adidas_terrex_trailmaker_2_0_gore-tex__carbon_grey_2_77737.jpeg;https:\/\/images.novelship.com\/product\/adidas_terrex_trailmaker_2_0_gore-tex__carbon_grey_3_77737.jpeg;https:\/\/images.novelship.com\/product\/adidas_terrex_trailmaker_2_0_gore-tex__carbon_grey_4_77737.jpeg;https:\/\/images.novelship.com\/product\/adidas_terrex_trailmaker_2_0_gore-tex__carbon_grey_5_77737.jpeg;https:\/\/images.novelship.com\/product\/adidas_terrex_trailmaker_2_0_gore-tex__carbon_grey_6_77738.jpeg;https:\/\/images.novelship.com\/product\/adidas_terrex_trailmaker_2_0_gore-tex__carbon_grey_7_77738.jpeg;https:\/\/images.novelship.com\/product\/adidas_terrex_trailmaker_2_0_gore-tex__carbon_grey_8_77738.jpeg;https:\/\/images.novelship.com\/product\/adidas_terrex_trailmaker_2_0_gore-tex__carbon_grey_9_77738.jpeg;https:\/\/images.novelship.com\/product\/adidas_terrex_trailmaker_2_0_gore-tex__carbon_grey_10_77738.jpeg;https:\/\/images.novelship.com\/product\/adidas_terrex_trailmaker_2_0_gore-tex__carbon_grey_11_77738.jpeg;https:\/\/images.novelship.com\/product\/adidas_terrex_trailmaker_2_0_gore-tex__carbon_grey_12_77738.jpeg;https:\/\/images.novelship.com\/product\/adidas_terrex_trailmaker_2_0_gore-tex__carbon_grey_13_77738.jpeg;https:\/\/images.novelship.com\/product\/adidas_terrex_trailmaker_2_0_gore-tex__carbon_grey_14_77738.jpeg;https:\/\/images.novelship.com\/product\/adidas_terrex_trailmaker_2_0_gore-tex__carbon_grey_15_77738.jpeg\",\"datePublished\":\"2026-03-02T09:29:40+00:00\",\"dateModified\":\"2026-03-27T18:43:57+00:00\",\"breadcrumb\":{\"@id\":\"https:\/\/tourcruiser.com\/#breadcrumb\"},\"inLanguage\":\"de\",\"potentialAction\":[{\"@type\":\"ReadAction\",\"target\":[\"https:\/\/tourcruiser.com\/\"]}]},{\"@type\":\"ImageObject\",\"inLanguage\":\"de\",\"@id\":\"https:\/\/tourcruiser.com\/#primaryimage\",\"url\":\"https:\/\/images.novelship.com\/product\/adidas_terrex_trailmaker_2_0_gore-tex__carbon_grey_0_77737.jpeg;https:\/\/images.novelship.com\/product\/adidas_terrex_trailmaker_2_0_gore-tex__carbon_grey_1_77737.jpeg;https:\/\/images.novelship.com\/product\/adidas_terrex_trailmaker_2_0_gore-tex__carbon_grey_2_77737.jpeg;https:\/\/images.novelship.com\/product\/adidas_terrex_trailmaker_2_0_gore-tex__carbon_grey_3_77737.jpeg;https:\/\/images.novelship.com\/product\/adidas_terrex_trailmaker_2_0_gore-tex__carbon_grey_4_77737.jpeg;https:\/\/images.novelship.com\/product\/adidas_terrex_trailmaker_2_0_gore-tex__carbon_grey_5_77737.jpeg;https:\/\/images.novelship.com\/product\/adidas_terrex_trailmaker_2_0_gore-tex__carbon_grey_6_77738.jpeg;https:\/\/images.novelship.com\/product\/adidas_terrex_trailmaker_2_0_gore-tex__carbon_grey_7_77738.jpeg;https:\/\/images.novelship.com\/product\/adidas_terrex_trailmaker_2_0_gore-tex__carbon_grey_8_77738.jpeg;https:\/\/images.novelship.com\/product\/adidas_terrex_trailmaker_2_0_gore-tex__carbon_grey_9_77738.jpeg;https:\/\/images.novelship.com\/product\/adidas_terrex_trailmaker_2_0_gore-tex__carbon_grey_10_77738.jpeg;https:\/\/images.novelship.com\/product\/adidas_terrex_trailmaker_2_0_gore-tex__carbon_grey_11_77738.jpeg;https:\/\/images.novelship.com\/product\/adidas_terrex_trailmaker_2_0_gore-tex__carbon_grey_12_77738.jpeg;https:\/\/images.novelship.com\/product\/adidas_terrex_trailmaker_2_0_gore-tex__carbon_grey_13_77738.jpeg;https:\/\/images.novelship.com\/product\/adidas_terrex_trailmaker_2_0_gore-tex__carbon_grey_14_77738.jpeg;https:\/\/images.novelship.com\/product\/adidas_terrex_trailmaker_2_0_gore-tex__carbon_grey_15_77738.jpeg\",\"contentUrl\":\"https:\/\/images.novelship.com\/product\/adidas_terrex_trailmaker_2_0_gore-tex__carbon_grey_0_77737.jpeg;https:\/\/images.novelship.com\/product\/adidas_terrex_trailmaker_2_0_gore-tex__carbon_grey_1_77737.jpeg;https:\/\/images.novelship.com\/product\/adidas_terrex_trailmaker_2_0_gore-tex__carbon_grey_2_77737.jpeg;https:\/\/images.novelship.com\/product\/adidas_terrex_trailmaker_2_0_gore-tex__carbon_grey_3_77737.jpeg;https:\/\/images.novelship.com\/product\/adidas_terrex_trailmaker_2_0_gore-tex__carbon_grey_4_77737.jpeg;https:\/\/images.novelship.com\/product\/adidas_terrex_trailmaker_2_0_gore-tex__carbon_grey_5_77737.jpeg;https:\/\/images.novelship.com\/product\/adidas_terrex_trailmaker_2_0_gore-tex__carbon_grey_6_77738.jpeg;https:\/\/images.novelship.com\/product\/adidas_terrex_trailmaker_2_0_gore-tex__carbon_grey_7_77738.jpeg;https:\/\/images.novelship.com\/product\/adidas_terrex_trailmaker_2_0_gore-tex__carbon_grey_8_77738.jpeg;https:\/\/images.novelship.com\/product\/adidas_terrex_trailmaker_2_0_gore-tex__carbon_grey_9_77738.jpeg;https:\/\/images.novelship.com\/product\/adidas_terrex_trailmaker_2_0_gore-tex__carbon_grey_10_77738.jpeg;https:\/\/images.novelship.com\/product\/adidas_terrex_trailmaker_2_0_gore-tex__carbon_grey_11_77738.jpeg;https:\/\/images.novelship.com\/product\/adidas_terrex_trailmaker_2_0_gore-tex__carbon_grey_12_77738.jpeg;https:\/\/images.novelship.com\/product\/adidas_terrex_trailmaker_2_0_gore-tex__carbon_grey_13_77738.jpeg;https:\/\/images.novelship.com\/product\/adidas_terrex_trailmaker_2_0_gore-tex__carbon_grey_14_77738.jpeg;https:\/\/images.novelship.com\/product\/adidas_terrex_trailmaker_2_0_gore-tex__carbon_grey_15_77738.jpeg\"},{\"@type\":\"BreadcrumbList\",\"@id\":\"https:\/\/tourcruiser.com\/#breadcrumb\",\"itemListElement\":[{\"@type\":\"ListItem\",\"position\":1,\"name\":\"Home\",\"item\":\"https:\/\/tourcruiser.com\/de\/\"},{\"@type\":\"ListItem\",\"position\":2,\"name\":\"Shop\",\"item\":\"https:\/\/tourcruiser.com\/de\/shop\/\"},{\"@type\":\"ListItem\",\"position\":3,\"name\":\"adidas Terrex Trailmaker 2.0 GORE-TEX &#8218;Carbon Grey&#8216;\"}]},{\"@type\":\"WebSite\",\"@id\":\"https:\/\/tourcruiser.com\/de\/#website\",\"url\":\"https:\/\/tourcruiser.com\/de\/\",\"name\":\"Styloral Jewelry Shop\",\"description\":\"Tourcruiser Sneaker Store \u2014 der Ort, an dem das Universum deine Einzigartigkeit trifft.\",\"publisher\":{\"@id\":\"https:\/\/tourcruiser.com\/de\/#organization\"},\"potentialAction\":[{\"@type\":\"SearchAction\",\"target\":{\"@type\":\"EntryPoint\",\"urlTemplate\":\"https:\/\/tourcruiser.com\/de\/?s={search_term_string}\"},\"query-input\":{\"@type\":\"PropertyValueSpecification\",\"valueRequired\":true,\"valueName\":\"search_term_string\"}}],\"inLanguage\":\"de\"},{\"@type\":\"Organization\",\"@id\":\"https:\/\/tourcruiser.com\/de\/#organization\",\"name\":\"STYLORAL PTE. LTD\",\"url\":\"https:\/\/tourcruiser.com\/de\/\",\"logo\":{\"@type\":\"ImageObject\",\"inLanguage\":\"de\",\"@id\":\"https:\/\/tourcruiser.com\/de\/#\/schema\/logo\/image\/\",\"url\":\"https:\/\/www.tourcruiser.com\/wp-content\/uploads\/2025\/12\/logo.png\",\"contentUrl\":\"https:\/\/www.tourcruiser.com\/wp-content\/uploads\/2025\/12\/logo.png\",\"width\":200,\"height\":65,\"caption\":\"STYLORAL PTE. LTD\"},\"image\":{\"@id\":\"https:\/\/tourcruiser.com\/de\/#\/schema\/logo\/image\/\"}}]}<\/script>\n<!-- \/ Yoast SEO plugin. -->","yoast_head_json":{"title":"adidas Terrex Trailmaker 2.0 GORE-TEX 'Carbon Grey'  - Tourcruiser PTE. LTD","robots":{"index":"index","follow":"follow","max-snippet":"max-snippet:-1","max-image-preview":"max-image-preview:large","max-video-preview":"max-video-preview:-1"},"canonical":"https:\/\/tourcruiser.com\/","og_locale":"de_DE","og_type":"article","og_title":"adidas Terrex Trailmaker 2.0 GORE-TEX 'Carbon Grey'  - Tourcruiser PTE. LTD","og_description":"adidas Terrex Trailmaker 2.0 GORE-TEX \u201d\u201d Carbon\/Grey Six\/Core Black","og_url":"\/","og_site_name":"Tourcruiser Sneaker Store","article_modified_time":"2026-03-27T18:43:57+00:00","twitter_card":"summary_large_image","twitter_image":"https:\/\/images.novelship.com\/product\/adidas_terrex_trailmaker_2_0_gore-tex__carbon_grey_0_77737.jpeg;https:\/\/images.novelship.com\/product\/adidas_terrex_trailmaker_2_0_gore-tex__carbon_grey_1_77737.jpeg;https:\/\/images.novelship.com\/product\/adidas_terrex_trailmaker_2_0_gore-tex__carbon_grey_2_77737.jpeg;https:\/\/images.novelship.com\/product\/adidas_terrex_trailmaker_2_0_gore-tex__carbon_grey_3_77737.jpeg;https:\/\/images.novelship.com\/product\/adidas_terrex_trailmaker_2_0_gore-tex__carbon_grey_4_77737.jpeg;https:\/\/images.novelship.com\/product\/adidas_terrex_trailmaker_2_0_gore-tex__carbon_grey_5_77737.jpeg;https:\/\/images.novelship.com\/product\/adidas_terrex_trailmaker_2_0_gore-tex__carbon_grey_6_77738.jpeg;https:\/\/images.novelship.com\/product\/adidas_terrex_trailmaker_2_0_gore-tex__carbon_grey_7_77738.jpeg;https:\/\/images.novelship.com\/product\/adidas_terrex_trailmaker_2_0_gore-tex__carbon_grey_8_77738.jpeg;https:\/\/images.novelship.com\/product\/adidas_terrex_trailmaker_2_0_gore-tex__carbon_grey_9_77738.jpeg;https:\/\/images.novelship.com\/product\/adidas_terrex_trailmaker_2_0_gore-tex__carbon_grey_10_77738.jpeg;https:\/\/images.novelship.com\/product\/adidas_terrex_trailmaker_2_0_gore-tex__carbon_grey_11_77738.jpeg;https:\/\/images.novelship.com\/product\/adidas_terrex_trailmaker_2_0_gore-tex__carbon_grey_12_77738.jpeg;https:\/\/images.novelship.com\/product\/adidas_terrex_trailmaker_2_0_gore-tex__carbon_grey_13_77738.jpeg;https:\/\/images.novelship.com\/product\/adidas_terrex_trailmaker_2_0_gore-tex__carbon_grey_14_77738.jpeg;https:\/\/images.novelship.com\/product\/adidas_terrex_trailmaker_2_0_gore-tex__carbon_grey_15_77738.jpeg","twitter_misc":{"Gesch\u00e4tzte Lesezeit":"1\u00a0Minute"},"schema":{"@context":"https:\/\/schema.org","@graph":[{"@type":"WebPage","@id":"\/","url":"https:\/\/tourcruiser.com\/","name":"adidas Terrex Trailmaker 2.0 GORE-TEX 'Carbon Grey' - Tourcruiser PTE. LTD","isPartOf":{"@id":"https:\/\/tourcruiser.com\/de\/#website"},"primaryImageOfPage":{"@id":"https:\/\/tourcruiser.com\/#primaryimage"},"image":{"@id":"https:\/\/tourcruiser.com\/#primaryimage"},"thumbnailUrl":"https:\/\/images.novelship.com\/product\/adidas_terrex_trailmaker_2_0_gore-tex__carbon_grey_0_77737.jpeg;https:\/\/images.novelship.com\/product\/adidas_terrex_trailmaker_2_0_gore-tex__carbon_grey_1_77737.jpeg;https:\/\/images.novelship.com\/product\/adidas_terrex_trailmaker_2_0_gore-tex__carbon_grey_2_77737.jpeg;https:\/\/images.novelship.com\/product\/adidas_terrex_trailmaker_2_0_gore-tex__carbon_grey_3_77737.jpeg;https:\/\/images.novelship.com\/product\/adidas_terrex_trailmaker_2_0_gore-tex__carbon_grey_4_77737.jpeg;https:\/\/images.novelship.com\/product\/adidas_terrex_trailmaker_2_0_gore-tex__carbon_grey_5_77737.jpeg;https:\/\/images.novelship.com\/product\/adidas_terrex_trailmaker_2_0_gore-tex__carbon_grey_6_77738.jpeg;https:\/\/images.novelship.com\/product\/adidas_terrex_trailmaker_2_0_gore-tex__carbon_grey_7_77738.jpeg;https:\/\/images.novelship.com\/product\/adidas_terrex_trailmaker_2_0_gore-tex__carbon_grey_8_77738.jpeg;https:\/\/images.novelship.com\/product\/adidas_terrex_trailmaker_2_0_gore-tex__carbon_grey_9_77738.jpeg;https:\/\/images.novelship.com\/product\/adidas_terrex_trailmaker_2_0_gore-tex__carbon_grey_10_77738.jpeg;https:\/\/images.novelship.com\/product\/adidas_terrex_trailmaker_2_0_gore-tex__carbon_grey_11_77738.jpeg;https:\/\/images.novelship.com\/product\/adidas_terrex_trailmaker_2_0_gore-tex__carbon_grey_12_77738.jpeg;https:\/\/images.novelship.com\/product\/adidas_terrex_trailmaker_2_0_gore-tex__carbon_grey_13_77738.jpeg;https:\/\/images.novelship.com\/product\/adidas_terrex_trailmaker_2_0_gore-tex__carbon_grey_14_77738.jpeg;https:\/\/images.novelship.com\/product\/adidas_terrex_trailmaker_2_0_gore-tex__carbon_grey_15_77738.jpeg","datePublished":"2026-03-02T09:29:40+00:00","dateModified":"2026-03-27T18:43:57+00:00","breadcrumb":{"@id":"https:\/\/tourcruiser.com\/#breadcrumb"},"inLanguage":"de","potentialAction":[{"@type":"ReadAction","target":["https:\/\/tourcruiser.com\/"]}]},{"@type":"ImageObject","inLanguage":"de","@id":"https:\/\/tourcruiser.com\/#primaryimage","url":"https:\/\/images.novelship.com\/product\/adidas_terrex_trailmaker_2_0_gore-tex__carbon_grey_0_77737.jpeg;https:\/\/images.novelship.com\/product\/adidas_terrex_trailmaker_2_0_gore-tex__carbon_grey_1_77737.jpeg;https:\/\/images.novelship.com\/product\/adidas_terrex_trailmaker_2_0_gore-tex__carbon_grey_2_77737.jpeg;https:\/\/images.novelship.com\/product\/adidas_terrex_trailmaker_2_0_gore-tex__carbon_grey_3_77737.jpeg;https:\/\/images.novelship.com\/product\/adidas_terrex_trailmaker_2_0_gore-tex__carbon_grey_4_77737.jpeg;https:\/\/images.novelship.com\/product\/adidas_terrex_trailmaker_2_0_gore-tex__carbon_grey_5_77737.jpeg;https:\/\/images.novelship.com\/product\/adidas_terrex_trailmaker_2_0_gore-tex__carbon_grey_6_77738.jpeg;https:\/\/images.novelship.com\/product\/adidas_terrex_trailmaker_2_0_gore-tex__carbon_grey_7_77738.jpeg;https:\/\/images.novelship.com\/product\/adidas_terrex_trailmaker_2_0_gore-tex__carbon_grey_8_77738.jpeg;https:\/\/images.novelship.com\/product\/adidas_terrex_trailmaker_2_0_gore-tex__carbon_grey_9_77738.jpeg;https:\/\/images.novelship.com\/product\/adidas_terrex_trailmaker_2_0_gore-tex__carbon_grey_10_77738.jpeg;https:\/\/images.novelship.com\/product\/adidas_terrex_trailmaker_2_0_gore-tex__carbon_grey_11_77738.jpeg;https:\/\/images.novelship.com\/product\/adidas_terrex_trailmaker_2_0_gore-tex__carbon_grey_12_77738.jpeg;https:\/\/images.novelship.com\/product\/adidas_terrex_trailmaker_2_0_gore-tex__carbon_grey_13_77738.jpeg;https:\/\/images.novelship.com\/product\/adidas_terrex_trailmaker_2_0_gore-tex__carbon_grey_14_77738.jpeg;https:\/\/images.novelship.com\/product\/adidas_terrex_trailmaker_2_0_gore-tex__carbon_grey_15_77738.jpeg","contentUrl":"https:\/\/images.novelship.com\/product\/adidas_terrex_trailmaker_2_0_gore-tex__carbon_grey_0_77737.jpeg;https:\/\/images.novelship.com\/product\/adidas_terrex_trailmaker_2_0_gore-tex__carbon_grey_1_77737.jpeg;https:\/\/images.novelship.com\/product\/adidas_terrex_trailmaker_2_0_gore-tex__carbon_grey_2_77737.jpeg;https:\/\/images.novelship.com\/product\/adidas_terrex_trailmaker_2_0_gore-tex__carbon_grey_3_77737.jpeg;https:\/\/images.novelship.com\/product\/adidas_terrex_trailmaker_2_0_gore-tex__carbon_grey_4_77737.jpeg;https:\/\/images.novelship.com\/product\/adidas_terrex_trailmaker_2_0_gore-tex__carbon_grey_5_77737.jpeg;https:\/\/images.novelship.com\/product\/adidas_terrex_trailmaker_2_0_gore-tex__carbon_grey_6_77738.jpeg;https:\/\/images.novelship.com\/product\/adidas_terrex_trailmaker_2_0_gore-tex__carbon_grey_7_77738.jpeg;https:\/\/images.novelship.com\/product\/adidas_terrex_trailmaker_2_0_gore-tex__carbon_grey_8_77738.jpeg;https:\/\/images.novelship.com\/product\/adidas_terrex_trailmaker_2_0_gore-tex__carbon_grey_9_77738.jpeg;https:\/\/images.novelship.com\/product\/adidas_terrex_trailmaker_2_0_gore-tex__carbon_grey_10_77738.jpeg;https:\/\/images.novelship.com\/product\/adidas_terrex_trailmaker_2_0_gore-tex__carbon_grey_11_77738.jpeg;https:\/\/images.novelship.com\/product\/adidas_terrex_trailmaker_2_0_gore-tex__carbon_grey_12_77738.jpeg;https:\/\/images.novelship.com\/product\/adidas_terrex_trailmaker_2_0_gore-tex__carbon_grey_13_77738.jpeg;https:\/\/images.novelship.com\/product\/adidas_terrex_trailmaker_2_0_gore-tex__carbon_grey_14_77738.jpeg;https:\/\/images.novelship.com\/product\/adidas_terrex_trailmaker_2_0_gore-tex__carbon_grey_15_77738.jpeg"},{"@type":"BreadcrumbList","@id":"https:\/\/tourcruiser.com\/#breadcrumb","itemListElement":[{"@type":"ListItem","position":1,"name":"Home","item":"https:\/\/tourcruiser.com\/de\/"},{"@type":"ListItem","position":2,"name":"Shop","item":"https:\/\/tourcruiser.com\/de\/shop\/"},{"@type":"ListItem","position":3,"name":"adidas Terrex Trailmaker 2.0 GORE-TEX &#8218;Carbon Grey&#8216;"}]},{"@type":"WebSite","@id":"https:\/\/tourcruiser.com\/de\/#website","url":"https:\/\/tourcruiser.com\/de\/","name":"Styloral Jewelry Shop","description":"Tourcruiser Sneaker Store \u2014 der Ort, an dem das Universum deine Einzigartigkeit trifft.","publisher":{"@id":"https:\/\/tourcruiser.com\/de\/#organization"},"potentialAction":[{"@type":"SearchAction","target":{"@type":"EntryPoint","urlTemplate":"https:\/\/tourcruiser.com\/de\/?s={search_term_string}"},"query-input":{"@type":"PropertyValueSpecification","valueRequired":true,"valueName":"search_term_string"}}],"inLanguage":"de"},{"@type":"Organization","@id":"https:\/\/tourcruiser.com\/de\/#organization","name":"STYLORAL PTE. LTD","url":"https:\/\/tourcruiser.com\/de\/","logo":{"@type":"ImageObject","inLanguage":"de","@id":"https:\/\/tourcruiser.com\/de\/#\/schema\/logo\/image\/","url":"https:\/\/www.tourcruiser.com\/wp-content\/uploads\/2025\/12\/logo.png","contentUrl":"https:\/\/www.tourcruiser.com\/wp-content\/uploads\/2025\/12\/logo.png","width":200,"height":65,"caption":"STYLORAL PTE. LTD"},"image":{"@id":"https:\/\/tourcruiser.com\/de\/#\/schema\/logo\/image\/"}}]}},"_links":{"self":[{"href":"https:\/\/tourcruiser.com\/de\/wp-json\/wp\/v2\/product\/176119","targetHints":{"allow":["GET"]}}],"collection":[{"href":"https:\/\/tourcruiser.com\/de\/wp-json\/wp\/v2\/product"}],"about":[{"href":"https:\/\/tourcruiser.com\/de\/wp-json\/wp\/v2\/types\/product"}],"replies":[{"embeddable":true,"href":"https:\/\/tourcruiser.com\/de\/wp-json\/wp\/v2\/comments?post=176119"}],"wp:featuredmedia":[{"embeddable":true,"href":"https:\/\/tourcruiser.com\/de\/wp-json\/wp\/v2\/media\/176120"}],"wp:attachment":[{"href":"https:\/\/tourcruiser.com\/de\/wp-json\/wp\/v2\/media?parent=176119"}],"wp:term":[{"taxonomy":"product_brand","embeddable":true,"href":"https:\/\/tourcruiser.com\/de\/wp-json\/wp\/v2\/product_brand?post=176119"},{"taxonomy":"product_cat","embeddable":true,"href":"https:\/\/tourcruiser.com\/de\/wp-json\/wp\/v2\/product_cat?post=176119"},{"taxonomy":"product_tag","embeddable":true,"href":"https:\/\/tourcruiser.com\/de\/wp-json\/wp\/v2\/product_tag?post=176119"}],"curies":[{"name":"wp","href":"https:\/\/api.w.org\/{rel}","templated":true}]}}