{"id":176006,"date":"2026-03-02T16:29:30","date_gmt":"2026-03-02T09:29:30","guid":{"rendered":"http:\/\/tourcruiser.com\/product\/adidas-gazelle-indoor-collegiate-purple"},"modified":"2026-03-28T01:43:49","modified_gmt":"2026-03-27T18:43:49","slug":"adidas-gazelle-indoor-collegiate-purple","status":"publish","type":"product","link":"https:\/\/tourcruiser.com\/de\/products\/adidas-gazelle-indoor-collegiate-purple\/","title":{"rendered":"adidas Gazelle Indoor &#8218;Collegiate Purple&#8216;"},"content":{"rendered":"<p>Der adidas Gazelle Indoor &#8218;Collegiate Purple&#8216; IF9645 ist eine zeitlose Kombination aus Retro-Charme und modernem Komfort \u201d\u201c perfekt f\u00fcr stilbewusste Menschen. Mit seinem markanten Obermaterial aus Wildleder in Collegiate Purple strahlt dieser Sneaker Eleganz aus, die durch die ikonischen drei Streifen aus wei\u00dfem Leder einen starken Kontrast bildet. Die Gummisohle sorgt nicht nur f\u00fcr strapazierf\u00e4hige Traktion, sondern verleiht dem Design auch einen Vintage-Look. Die gepolsterte Innensohle und das weiche Futter bieten ganzt\u00e4gigen Tragekomfort und machen den Schuh gleicherma\u00dfen ideal f\u00fcr urbane Entdecker und l\u00e4ssige Looks. Der Gazelle Indoor zollt seiner traditionsreichen Geschichte Tribut und ist gleichzeitig absolut zeitgem\u00e4\u00df. Er ist so vielseitig, dass er zu verschiedenen Modestilen passt \u201d\u201c von Streetwear bis Smart Casual. Mit viel Liebe zum Detail entworfen, vereint diese Version m\u00fchelos Performance und Style und ist damit ein absolutes Must-have f\u00fcr jeden Sneaker-Fan.<\/p>\n<ul>\n<li><strong>Farbgebung:<\/strong> Collegiate Purple\/Cloud White\/Shadow Violet<\/li>\n<li><strong>Style-Code:<\/strong> IF9645<\/li>\n<li><strong>Obermaterial:<\/strong> Wildleder<\/li>\n<li><strong>Farbe:<\/strong> Lila<\/li>\n<\/ul>\n","protected":false},"excerpt":{"rendered":"<p>adidas Gazelle Indoor \u201d\u201d Collegiate Purple\/Cloud White\/Shadow Violet<\/p>\n","protected":false},"featured_media":176007,"comment_status":"open","ping_status":"closed","template":"","meta":[],"product_brand":[],"product_cat":[10760],"product_tag":[10759,10750,10753,11460,10802,10756,10758],"class_list":{"0":"post-176006","1":"product","2":"type-product","3":"status-publish","4":"has-post-thumbnail","6":"product_cat-adidas","7":"product_tag-adidas","8":"product_tag-athleisure-shoes","9":"product_tag-gift-for-him","10":"product_tag-lifestyle-shoes-casual","11":"product_tag-performance-sport-shoes","12":"product_tag-retro-casual-shoes","13":"product_tag-under-retail","14":"wcpa_has_options","16":"first","17":"outofstock","18":"taxable","19":"shipping-taxable","20":"purchasable","21":"product-type-simple"},"wcpa_form_fields":{"rules":{"pric_overide_base_price":false,"pric_overide_base_price_if_gt_zero":false,"pric_overide_base_price_fully":false,"pric_cal_option_once":false,"pric_use_as_fee":false,"bind_quantity":false,"quantity_bind_formula":false},"fields":[{"type":"color-group","required":true,"elementId":"wcpa-color-group-66c4a7f817afe","label":"Gr\u00f6\u00dfe","inline":true,"priceOptions":"different_for_all","pricingType":"fixed","className":"hassizechart product-shoes-size-eu product-shoes-size","name":"color-group-66c4a7f817b18","disp_type":"square","selection_type":"tick-border","disp_size":"50","show_label_inside":true,"adjust_width":true,"cart_display_type":"text","other_text":"Other","cl_rule":"show","col":6,"values":[{"label":"35","value":"EU 35","price":"","pimage":"","pimage_id":"","pthumb":"","color":""},{"label":"35.5","value":"EU 35.5","price":"","pimage":"","pimage_id":"","pthumb":"","color":""},{"label":"36","value":"EU 36","price":"","pimage":"","pimage_id":"","pthumb":"","color":"","selected":true},{"label":"36 2\/3","value":"EU 36 2\/3","price":"","pimage":"","pimage_id":"","pthumb":"","color":""},{"label":"37 1\/3","value":"EU 37 1\/3","price":"","pimage":"","pimage_id":"","pthumb":"","color":""},{"label":"38","value":"EU 38","price":"","pimage":"","pimage_id":"","pthumb":"","color":""},{"label":"38 2\/3","value":"EU 38 2\/3","price":"","pimage":"","pimage_id":"","pthumb":"","color":""},{"label":"39 1\/3","value":"EU 39 1\/3","price":"","pimage":"","pimage_id":"","pthumb":"","color":""},{"label":"40","value":"EU 40","price":"","pimage":"","pimage_id":"","pthumb":"","color":""},{"label":"40 2\/3","value":"EU 40 2\/3","price":"","pimage":"","pimage_id":"","pthumb":"","color":""},{"label":"41 1\/3","value":"EU 41 1\/3","price":"","pimage":"","pimage_id":"","pthumb":"","color":""},{"label":"42","value":"EU 42","price":"","pimage":"","pimage_id":"","pthumb":"","color":""},{"label":"42 2\/3","value":"EU 42 2\/3","price":"","pimage":"","pimage_id":"","pthumb":"","color":""},{"label":"43 1\/3","value":"EU 43 1\/3","price":"","pimage":"","pimage_id":"","pthumb":"","color":""},{"label":"44","value":"EU 44","price":"","pimage":"","pimage_id":"","pthumb":"","color":""},{"label":"44 2\/3","value":"EU 44 2\/3","price":"","pimage":"","pimage_id":"","pthumb":"","color":""},{"label":"45 1\/3","value":"EU 45 1\/3","price":"","pimage":"","pimage_id":"","pthumb":"","color":""},{"label":"46","value":"EU 46","price":"","pimage":"","pimage_id":"","pthumb":"","color":""},{"label":"46 2\/3","value":"EU 46 2\/3","price":"","pimage":"","pimage_id":"","pthumb":"","color":""},{"label":"47 1\/3","value":"EU 47 1\/3","price":"","pimage":"","pimage_id":"","pthumb":"","color":""}],"relations":[{"operator":false,"rules":[]}],"form_id":24802,"form_rules":{"pric_cal_option_once":false,"exclude_from_discount":false,"pric_use_as_fee":false,"fee_label":"Fee","render_after_acb":false,"disp_hide_options_price":false}}]},"yoast_head":"<!-- This site is optimized with the Yoast SEO plugin v26.5 - https:\/\/yoast.com\/wordpress\/plugins\/seo\/ -->\n<title>adidas Gazelle Indoor &#039;Collegiate Purple&#039;  - Tourcruiser PTE. LTD<\/title>\n<meta name=\"robots\" content=\"index, follow, max-snippet:-1, max-image-preview:large, max-video-preview:-1\" \/>\n<link rel=\"canonical\" href=\"https:\/\/tourcruiser.com\/de\/products\/adidas-gazelle-indoor-collegiate-purple\/\" \/>\n<meta property=\"og:locale\" content=\"de_DE\" \/>\n<meta property=\"og:type\" content=\"article\" \/>\n<meta property=\"og:title\" content=\"adidas Gazelle Indoor &#039;Collegiate Purple&#039;  - Tourcruiser PTE. LTD\" \/>\n<meta property=\"og:description\" content=\"adidas Gazelle Indoor \u201d\u201d Collegiate Purple\/Cloud White\/Shadow Violet\" \/>\n<meta property=\"og:url\" content=\"https:\/\/tourcruiser.com\/de\/products\/adidas-gazelle-indoor-collegiate-purple\/\" \/>\n<meta property=\"og:site_name\" content=\"Tourcruiser Sneaker Store\" \/>\n<meta property=\"article:modified_time\" content=\"2026-03-27T18:43:49+00:00\" \/>\n<meta name=\"twitter:card\" content=\"summary_large_image\" \/>\n<meta name=\"twitter:image\" content=\"https:\/\/images.novelship.com\/product\/adidas_gazelle_indoor__collegiate_purple__if9645_0_58414.jpeg;https:\/\/images.novelship.com\/product\/adidas_gazelle_indoor__collegiate_purple__if9645_1_58414.jpeg;https:\/\/images.novelship.com\/product\/adidas_gazelle_indoor__collegiate_purple__if9645_2_58414.jpeg;https:\/\/images.novelship.com\/product\/adidas_gazelle_indoor__collegiate_purple__if9645_3_58414.jpeg;https:\/\/images.novelship.com\/product\/adidas_gazelle_indoor__collegiate_purple__if9645_4_58414.jpeg;https:\/\/images.novelship.com\/product\/adidas_gazelle_indoor__collegiate_purple__if9645_5_58414.jpeg;https:\/\/images.novelship.com\/product\/adidas_gazelle_indoor__collegiate_purple__if9645_6_58414.jpeg;https:\/\/images.novelship.com\/product\/adidas_gazelle_indoor__collegiate_purple__if9645_7_58414.jpeg;https:\/\/images.novelship.com\/product\/adidas_gazelle_indoor__collegiate_purple__if9645_8_58414.jpeg;https:\/\/images.novelship.com\/product\/adidas_gazelle_indoor__collegiate_purple__if9645_9_58414.jpeg\" \/>\n<meta name=\"twitter:label1\" content=\"Gesch\u00e4tzte Lesezeit\" \/>\n\t<meta name=\"twitter:data1\" content=\"1\u00a0Minute\" \/>\n<script type=\"application\/ld+json\" class=\"yoast-schema-graph\">{\"@context\":\"https:\/\/schema.org\",\"@graph\":[{\"@type\":\"WebPage\",\"@id\":\"https:\/\/tourcruiser.com\/de\/products\/adidas-gazelle-indoor-collegiate-purple\/\",\"url\":\"https:\/\/tourcruiser.com\/de\/products\/adidas-gazelle-indoor-collegiate-purple\/\",\"name\":\"adidas Gazelle Indoor 'Collegiate Purple' - Tourcruiser PTE. LTD\",\"isPartOf\":{\"@id\":\"https:\/\/tourcruiser.com\/de\/#website\"},\"primaryImageOfPage\":{\"@id\":\"https:\/\/tourcruiser.com\/de\/products\/adidas-gazelle-indoor-collegiate-purple\/#primaryimage\"},\"image\":{\"@id\":\"https:\/\/tourcruiser.com\/de\/products\/adidas-gazelle-indoor-collegiate-purple\/#primaryimage\"},\"thumbnailUrl\":\"https:\/\/images.novelship.com\/product\/adidas_gazelle_indoor__collegiate_purple__if9645_0_58414.jpeg;https:\/\/images.novelship.com\/product\/adidas_gazelle_indoor__collegiate_purple__if9645_1_58414.jpeg;https:\/\/images.novelship.com\/product\/adidas_gazelle_indoor__collegiate_purple__if9645_2_58414.jpeg;https:\/\/images.novelship.com\/product\/adidas_gazelle_indoor__collegiate_purple__if9645_3_58414.jpeg;https:\/\/images.novelship.com\/product\/adidas_gazelle_indoor__collegiate_purple__if9645_4_58414.jpeg;https:\/\/images.novelship.com\/product\/adidas_gazelle_indoor__collegiate_purple__if9645_5_58414.jpeg;https:\/\/images.novelship.com\/product\/adidas_gazelle_indoor__collegiate_purple__if9645_6_58414.jpeg;https:\/\/images.novelship.com\/product\/adidas_gazelle_indoor__collegiate_purple__if9645_7_58414.jpeg;https:\/\/images.novelship.com\/product\/adidas_gazelle_indoor__collegiate_purple__if9645_8_58414.jpeg;https:\/\/images.novelship.com\/product\/adidas_gazelle_indoor__collegiate_purple__if9645_9_58414.jpeg\",\"datePublished\":\"2026-03-02T09:29:30+00:00\",\"dateModified\":\"2026-03-27T18:43:49+00:00\",\"breadcrumb\":{\"@id\":\"https:\/\/tourcruiser.com\/de\/products\/adidas-gazelle-indoor-collegiate-purple\/#breadcrumb\"},\"inLanguage\":\"de\",\"potentialAction\":[{\"@type\":\"ReadAction\",\"target\":[\"https:\/\/tourcruiser.com\/de\/products\/adidas-gazelle-indoor-collegiate-purple\/\"]}]},{\"@type\":\"ImageObject\",\"inLanguage\":\"de\",\"@id\":\"https:\/\/tourcruiser.com\/de\/products\/adidas-gazelle-indoor-collegiate-purple\/#primaryimage\",\"url\":\"https:\/\/images.novelship.com\/product\/adidas_gazelle_indoor__collegiate_purple__if9645_0_58414.jpeg;https:\/\/images.novelship.com\/product\/adidas_gazelle_indoor__collegiate_purple__if9645_1_58414.jpeg;https:\/\/images.novelship.com\/product\/adidas_gazelle_indoor__collegiate_purple__if9645_2_58414.jpeg;https:\/\/images.novelship.com\/product\/adidas_gazelle_indoor__collegiate_purple__if9645_3_58414.jpeg;https:\/\/images.novelship.com\/product\/adidas_gazelle_indoor__collegiate_purple__if9645_4_58414.jpeg;https:\/\/images.novelship.com\/product\/adidas_gazelle_indoor__collegiate_purple__if9645_5_58414.jpeg;https:\/\/images.novelship.com\/product\/adidas_gazelle_indoor__collegiate_purple__if9645_6_58414.jpeg;https:\/\/images.novelship.com\/product\/adidas_gazelle_indoor__collegiate_purple__if9645_7_58414.jpeg;https:\/\/images.novelship.com\/product\/adidas_gazelle_indoor__collegiate_purple__if9645_8_58414.jpeg;https:\/\/images.novelship.com\/product\/adidas_gazelle_indoor__collegiate_purple__if9645_9_58414.jpeg\",\"contentUrl\":\"https:\/\/images.novelship.com\/product\/adidas_gazelle_indoor__collegiate_purple__if9645_0_58414.jpeg;https:\/\/images.novelship.com\/product\/adidas_gazelle_indoor__collegiate_purple__if9645_1_58414.jpeg;https:\/\/images.novelship.com\/product\/adidas_gazelle_indoor__collegiate_purple__if9645_2_58414.jpeg;https:\/\/images.novelship.com\/product\/adidas_gazelle_indoor__collegiate_purple__if9645_3_58414.jpeg;https:\/\/images.novelship.com\/product\/adidas_gazelle_indoor__collegiate_purple__if9645_4_58414.jpeg;https:\/\/images.novelship.com\/product\/adidas_gazelle_indoor__collegiate_purple__if9645_5_58414.jpeg;https:\/\/images.novelship.com\/product\/adidas_gazelle_indoor__collegiate_purple__if9645_6_58414.jpeg;https:\/\/images.novelship.com\/product\/adidas_gazelle_indoor__collegiate_purple__if9645_7_58414.jpeg;https:\/\/images.novelship.com\/product\/adidas_gazelle_indoor__collegiate_purple__if9645_8_58414.jpeg;https:\/\/images.novelship.com\/product\/adidas_gazelle_indoor__collegiate_purple__if9645_9_58414.jpeg\"},{\"@type\":\"BreadcrumbList\",\"@id\":\"https:\/\/tourcruiser.com\/de\/products\/adidas-gazelle-indoor-collegiate-purple\/#breadcrumb\",\"itemListElement\":[{\"@type\":\"ListItem\",\"position\":1,\"name\":\"Home\",\"item\":\"https:\/\/tourcruiser.com\/de\/\"},{\"@type\":\"ListItem\",\"position\":2,\"name\":\"Shop\",\"item\":\"https:\/\/tourcruiser.com\/de\/shop\/\"},{\"@type\":\"ListItem\",\"position\":3,\"name\":\"adidas Gazelle Indoor 'Collegiate Purple'\"}]},{\"@type\":\"WebSite\",\"@id\":\"https:\/\/tourcruiser.com\/de\/#website\",\"url\":\"https:\/\/tourcruiser.com\/de\/\",\"name\":\"Styloral Jewelry Shop\",\"description\":\"Tourcruiser Sneaker Store \u2014 der Ort, an dem das Universum deine Einzigartigkeit trifft.\",\"publisher\":{\"@id\":\"https:\/\/tourcruiser.com\/de\/#organization\"},\"potentialAction\":[{\"@type\":\"SearchAction\",\"target\":{\"@type\":\"EntryPoint\",\"urlTemplate\":\"https:\/\/tourcruiser.com\/de\/?s={search_term_string}\"},\"query-input\":{\"@type\":\"PropertyValueSpecification\",\"valueRequired\":true,\"valueName\":\"search_term_string\"}}],\"inLanguage\":\"de\"},{\"@type\":\"Organization\",\"@id\":\"https:\/\/tourcruiser.com\/de\/#organization\",\"name\":\"STYLORAL PTE. LTD\",\"url\":\"https:\/\/tourcruiser.com\/de\/\",\"logo\":{\"@type\":\"ImageObject\",\"inLanguage\":\"de\",\"@id\":\"https:\/\/tourcruiser.com\/de\/#\/schema\/logo\/image\/\",\"url\":\"https:\/\/www.tourcruiser.com\/wp-content\/uploads\/2025\/12\/logo.png\",\"contentUrl\":\"https:\/\/www.tourcruiser.com\/wp-content\/uploads\/2025\/12\/logo.png\",\"width\":200,\"height\":65,\"caption\":\"STYLORAL PTE. LTD\"},\"image\":{\"@id\":\"https:\/\/tourcruiser.com\/de\/#\/schema\/logo\/image\/\"}}]}<\/script>\n<!-- \/ Yoast SEO plugin. -->","yoast_head_json":{"title":"adidas Gazelle Indoor 'Collegiate Purple'  - Tourcruiser PTE. LTD","robots":{"index":"index","follow":"follow","max-snippet":"max-snippet:-1","max-image-preview":"max-image-preview:large","max-video-preview":"max-video-preview:-1"},"canonical":"https:\/\/tourcruiser.com\/de\/products\/adidas-gazelle-indoor-collegiate-purple\/","og_locale":"de_DE","og_type":"article","og_title":"adidas Gazelle Indoor 'Collegiate Purple'  - Tourcruiser PTE. LTD","og_description":"adidas Gazelle Indoor \u201d\u201d Collegiate Purple\/Cloud White\/Shadow Violet","og_url":"https:\/\/tourcruiser.com\/de\/products\/adidas-gazelle-indoor-collegiate-purple\/","og_site_name":"Tourcruiser Sneaker Store","article_modified_time":"2026-03-27T18:43:49+00:00","twitter_card":"summary_large_image","twitter_image":"https:\/\/images.novelship.com\/product\/adidas_gazelle_indoor__collegiate_purple__if9645_0_58414.jpeg;https:\/\/images.novelship.com\/product\/adidas_gazelle_indoor__collegiate_purple__if9645_1_58414.jpeg;https:\/\/images.novelship.com\/product\/adidas_gazelle_indoor__collegiate_purple__if9645_2_58414.jpeg;https:\/\/images.novelship.com\/product\/adidas_gazelle_indoor__collegiate_purple__if9645_3_58414.jpeg;https:\/\/images.novelship.com\/product\/adidas_gazelle_indoor__collegiate_purple__if9645_4_58414.jpeg;https:\/\/images.novelship.com\/product\/adidas_gazelle_indoor__collegiate_purple__if9645_5_58414.jpeg;https:\/\/images.novelship.com\/product\/adidas_gazelle_indoor__collegiate_purple__if9645_6_58414.jpeg;https:\/\/images.novelship.com\/product\/adidas_gazelle_indoor__collegiate_purple__if9645_7_58414.jpeg;https:\/\/images.novelship.com\/product\/adidas_gazelle_indoor__collegiate_purple__if9645_8_58414.jpeg;https:\/\/images.novelship.com\/product\/adidas_gazelle_indoor__collegiate_purple__if9645_9_58414.jpeg","twitter_misc":{"Gesch\u00e4tzte Lesezeit":"1\u00a0Minute"},"schema":{"@context":"https:\/\/schema.org","@graph":[{"@type":"WebPage","@id":"https:\/\/tourcruiser.com\/de\/products\/adidas-gazelle-indoor-collegiate-purple\/","url":"https:\/\/tourcruiser.com\/de\/products\/adidas-gazelle-indoor-collegiate-purple\/","name":"adidas Gazelle Indoor 'Collegiate Purple' - Tourcruiser PTE. LTD","isPartOf":{"@id":"https:\/\/tourcruiser.com\/de\/#website"},"primaryImageOfPage":{"@id":"https:\/\/tourcruiser.com\/de\/products\/adidas-gazelle-indoor-collegiate-purple\/#primaryimage"},"image":{"@id":"https:\/\/tourcruiser.com\/de\/products\/adidas-gazelle-indoor-collegiate-purple\/#primaryimage"},"thumbnailUrl":"https:\/\/images.novelship.com\/product\/adidas_gazelle_indoor__collegiate_purple__if9645_0_58414.jpeg;https:\/\/images.novelship.com\/product\/adidas_gazelle_indoor__collegiate_purple__if9645_1_58414.jpeg;https:\/\/images.novelship.com\/product\/adidas_gazelle_indoor__collegiate_purple__if9645_2_58414.jpeg;https:\/\/images.novelship.com\/product\/adidas_gazelle_indoor__collegiate_purple__if9645_3_58414.jpeg;https:\/\/images.novelship.com\/product\/adidas_gazelle_indoor__collegiate_purple__if9645_4_58414.jpeg;https:\/\/images.novelship.com\/product\/adidas_gazelle_indoor__collegiate_purple__if9645_5_58414.jpeg;https:\/\/images.novelship.com\/product\/adidas_gazelle_indoor__collegiate_purple__if9645_6_58414.jpeg;https:\/\/images.novelship.com\/product\/adidas_gazelle_indoor__collegiate_purple__if9645_7_58414.jpeg;https:\/\/images.novelship.com\/product\/adidas_gazelle_indoor__collegiate_purple__if9645_8_58414.jpeg;https:\/\/images.novelship.com\/product\/adidas_gazelle_indoor__collegiate_purple__if9645_9_58414.jpeg","datePublished":"2026-03-02T09:29:30+00:00","dateModified":"2026-03-27T18:43:49+00:00","breadcrumb":{"@id":"https:\/\/tourcruiser.com\/de\/products\/adidas-gazelle-indoor-collegiate-purple\/#breadcrumb"},"inLanguage":"de","potentialAction":[{"@type":"ReadAction","target":["https:\/\/tourcruiser.com\/de\/products\/adidas-gazelle-indoor-collegiate-purple\/"]}]},{"@type":"ImageObject","inLanguage":"de","@id":"https:\/\/tourcruiser.com\/de\/products\/adidas-gazelle-indoor-collegiate-purple\/#primaryimage","url":"https:\/\/images.novelship.com\/product\/adidas_gazelle_indoor__collegiate_purple__if9645_0_58414.jpeg;https:\/\/images.novelship.com\/product\/adidas_gazelle_indoor__collegiate_purple__if9645_1_58414.jpeg;https:\/\/images.novelship.com\/product\/adidas_gazelle_indoor__collegiate_purple__if9645_2_58414.jpeg;https:\/\/images.novelship.com\/product\/adidas_gazelle_indoor__collegiate_purple__if9645_3_58414.jpeg;https:\/\/images.novelship.com\/product\/adidas_gazelle_indoor__collegiate_purple__if9645_4_58414.jpeg;https:\/\/images.novelship.com\/product\/adidas_gazelle_indoor__collegiate_purple__if9645_5_58414.jpeg;https:\/\/images.novelship.com\/product\/adidas_gazelle_indoor__collegiate_purple__if9645_6_58414.jpeg;https:\/\/images.novelship.com\/product\/adidas_gazelle_indoor__collegiate_purple__if9645_7_58414.jpeg;https:\/\/images.novelship.com\/product\/adidas_gazelle_indoor__collegiate_purple__if9645_8_58414.jpeg;https:\/\/images.novelship.com\/product\/adidas_gazelle_indoor__collegiate_purple__if9645_9_58414.jpeg","contentUrl":"https:\/\/images.novelship.com\/product\/adidas_gazelle_indoor__collegiate_purple__if9645_0_58414.jpeg;https:\/\/images.novelship.com\/product\/adidas_gazelle_indoor__collegiate_purple__if9645_1_58414.jpeg;https:\/\/images.novelship.com\/product\/adidas_gazelle_indoor__collegiate_purple__if9645_2_58414.jpeg;https:\/\/images.novelship.com\/product\/adidas_gazelle_indoor__collegiate_purple__if9645_3_58414.jpeg;https:\/\/images.novelship.com\/product\/adidas_gazelle_indoor__collegiate_purple__if9645_4_58414.jpeg;https:\/\/images.novelship.com\/product\/adidas_gazelle_indoor__collegiate_purple__if9645_5_58414.jpeg;https:\/\/images.novelship.com\/product\/adidas_gazelle_indoor__collegiate_purple__if9645_6_58414.jpeg;https:\/\/images.novelship.com\/product\/adidas_gazelle_indoor__collegiate_purple__if9645_7_58414.jpeg;https:\/\/images.novelship.com\/product\/adidas_gazelle_indoor__collegiate_purple__if9645_8_58414.jpeg;https:\/\/images.novelship.com\/product\/adidas_gazelle_indoor__collegiate_purple__if9645_9_58414.jpeg"},{"@type":"BreadcrumbList","@id":"https:\/\/tourcruiser.com\/de\/products\/adidas-gazelle-indoor-collegiate-purple\/#breadcrumb","itemListElement":[{"@type":"ListItem","position":1,"name":"Home","item":"https:\/\/tourcruiser.com\/de\/"},{"@type":"ListItem","position":2,"name":"Shop","item":"https:\/\/tourcruiser.com\/de\/shop\/"},{"@type":"ListItem","position":3,"name":"adidas Gazelle Indoor 'Collegiate Purple'"}]},{"@type":"WebSite","@id":"https:\/\/tourcruiser.com\/de\/#website","url":"https:\/\/tourcruiser.com\/de\/","name":"Styloral Jewelry Shop","description":"Tourcruiser Sneaker Store \u2014 der Ort, an dem das Universum deine Einzigartigkeit trifft.","publisher":{"@id":"https:\/\/tourcruiser.com\/de\/#organization"},"potentialAction":[{"@type":"SearchAction","target":{"@type":"EntryPoint","urlTemplate":"https:\/\/tourcruiser.com\/de\/?s={search_term_string}"},"query-input":{"@type":"PropertyValueSpecification","valueRequired":true,"valueName":"search_term_string"}}],"inLanguage":"de"},{"@type":"Organization","@id":"https:\/\/tourcruiser.com\/de\/#organization","name":"STYLORAL PTE. LTD","url":"https:\/\/tourcruiser.com\/de\/","logo":{"@type":"ImageObject","inLanguage":"de","@id":"https:\/\/tourcruiser.com\/de\/#\/schema\/logo\/image\/","url":"https:\/\/www.tourcruiser.com\/wp-content\/uploads\/2025\/12\/logo.png","contentUrl":"https:\/\/www.tourcruiser.com\/wp-content\/uploads\/2025\/12\/logo.png","width":200,"height":65,"caption":"STYLORAL PTE. LTD"},"image":{"@id":"https:\/\/tourcruiser.com\/de\/#\/schema\/logo\/image\/"}}]}},"_links":{"self":[{"href":"https:\/\/tourcruiser.com\/de\/wp-json\/wp\/v2\/product\/176006","targetHints":{"allow":["GET"]}}],"collection":[{"href":"https:\/\/tourcruiser.com\/de\/wp-json\/wp\/v2\/product"}],"about":[{"href":"https:\/\/tourcruiser.com\/de\/wp-json\/wp\/v2\/types\/product"}],"replies":[{"embeddable":true,"href":"https:\/\/tourcruiser.com\/de\/wp-json\/wp\/v2\/comments?post=176006"}],"wp:featuredmedia":[{"embeddable":true,"href":"https:\/\/tourcruiser.com\/de\/wp-json\/wp\/v2\/media\/176007"}],"wp:attachment":[{"href":"https:\/\/tourcruiser.com\/de\/wp-json\/wp\/v2\/media?parent=176006"}],"wp:term":[{"taxonomy":"product_brand","embeddable":true,"href":"https:\/\/tourcruiser.com\/de\/wp-json\/wp\/v2\/product_brand?post=176006"},{"taxonomy":"product_cat","embeddable":true,"href":"https:\/\/tourcruiser.com\/de\/wp-json\/wp\/v2\/product_cat?post=176006"},{"taxonomy":"product_tag","embeddable":true,"href":"https:\/\/tourcruiser.com\/de\/wp-json\/wp\/v2\/product_tag?post=176006"}],"curies":[{"name":"wp","href":"https:\/\/api.w.org\/{rel}","templated":true}]}}