{"id":175897,"date":"2026-03-02T16:29:18","date_gmt":"2026-03-02T09:29:18","guid":{"rendered":"http:\/\/tourcruiser.com\/product\/asics-court-ff-3-novak-clay-blue-fresh-air"},"modified":"2026-03-28T01:43:43","modified_gmt":"2026-03-27T18:43:43","slug":"asics-court-ff-3-novak-clay-blue-fresh-air","status":"publish","type":"product","link":"https:\/\/tourcruiser.com\/de\/products\/asics-court-ff-3-novak-clay-blue-fresh-air\/","title":{"rendered":"ASICS Court FF 3 Novak Clay &#8218;Blue Fresh Air&#8216;"},"content":{"rendered":"<p>Entfessle deinen inneren Champion mit dem ASICS Court FF 3 Novak Clay \u201eBlue Fresh Air\u201c. Dieser Schuh wurde f\u00fcr die Dominanz auf Sandpl\u00e4tzen entwickelt und verf\u00fcgt \u00fcber ein atmungsaktives Obermaterial, das f\u00fcr hervorragende Bel\u00fcftung bei intensiven Matches sorgt. Das leichte D\u00e4mpfungssystem bietet unvergleichlichen Komfort und Halt und erm\u00f6glicht dir m\u00fchelose Bewegungen auf dem Platz. Mit seinem auff\u00e4lligen blauen Design und Novak Djokovics Empfehlung bringst du dein Spiel auf ein neues Level und eroberst den Sandplatz mit Selbstvertrauen.<\/p>\n<ul>\n<li><strong>Farbgebung:<\/strong> Blau\/Fresh Air<\/li>\n<li><strong>Artikelnummer:<\/strong> 1041A362-961<\/li>\n<li><strong>Obermaterial:<\/strong> Synthetik<\/li>\n<li><strong>Zwischensohle:<\/strong> FlyteFoam<\/li>\n<li><strong>Farbe:<\/strong> Blau<\/li>\n<li><strong>Erscheinungsjahr:<\/strong> 2023<\/li>\n<\/ul>\n","protected":false},"excerpt":{"rendered":"<p>ASICS Court FF 3 Novak Clay \u201d\u201d Blue\/Fresh Air<\/p>\n","protected":false},"featured_media":175898,"comment_status":"open","ping_status":"closed","template":"","meta":[],"product_brand":[],"product_cat":[10792],"product_tag":[10791,10753,10802,11082,10758],"class_list":{"0":"post-175897","1":"product","2":"type-product","3":"status-publish","4":"has-post-thumbnail","6":"product_cat-asics","7":"product_tag-asics","8":"product_tag-gift-for-him","9":"product_tag-performance-sport-shoes","10":"product_tag-tennis-shoes","11":"product_tag-under-retail","12":"wcpa_has_options","14":"first","15":"outofstock","16":"taxable","17":"shipping-taxable","18":"purchasable","19":"product-type-simple"},"wcpa_form_fields":{"rules":{"pric_overide_base_price":false,"pric_overide_base_price_if_gt_zero":false,"pric_overide_base_price_fully":false,"pric_cal_option_once":false,"pric_use_as_fee":false,"bind_quantity":false,"quantity_bind_formula":false},"fields":[{"type":"color-group","required":true,"elementId":"wcpa-color-group-69a5ab08ee12d","label":"Gr\u00f6\u00dfe","inline":true,"priceOptions":"different_for_all","pricingType":"fixed","className":"hassizechart product-shoes-size-eu product-shoes-size","name":"color-group-69a5ab08ee136","disp_type":"square","selection_type":"tick-border","disp_size":"50","show_label_inside":true,"adjust_width":true,"cart_display_type":"text","other_text":"Other","cl_rule":"show","col":6,"values":[{"label":"36","value":"EU 36","price":"","pimage":"","pimage_id":"","pthumb":"","color":"","selected":true},{"label":"37","value":"EU 37","price":"","pimage":"","pimage_id":"","pthumb":"","color":""},{"label":"37.5","value":"EU 37.5","price":"","pimage":"","pimage_id":"","pthumb":"","color":""},{"label":"38","value":"EU 38","price":"","pimage":"","pimage_id":"","pthumb":"","color":""},{"label":"38.5","value":"EU 38.5","price":"","pimage":"","pimage_id":"","pthumb":"","color":""},{"label":"39","value":"EU 39","price":"","pimage":"","pimage_id":"","pthumb":"","color":""},{"label":"39.5","value":"EU 39.5","price":"","pimage":"","pimage_id":"","pthumb":"","color":""},{"label":"40","value":"EU 40","price":"","pimage":"","pimage_id":"","pthumb":"","color":""},{"label":"40.5","value":"EU 40.5","price":"","pimage":"","pimage_id":"","pthumb":"","color":""},{"label":" 41.5","value":"EU 41.5","price":"","pimage":"","pimage_id":"","pthumb":"","color":""},{"label":"42","value":"EU 42","price":"","pimage":"","pimage_id":"","pthumb":"","color":""},{"label":"42.5","value":"EU 42.5","price":"","pimage":"","pimage_id":"","pthumb":"","color":""},{"label":"43.5","value":"EU 43.5","price":"","pimage":"","pimage_id":"","pthumb":"","color":""},{"label":"44","value":"EU 44","price":"","pimage":"","pimage_id":"","pthumb":"","color":""},{"label":"44.5","value":"EU 44.5","price":"","pimage":"","pimage_id":"","pthumb":"","color":""},{"label":"45","value":"EU 45","price":"","pimage":"","pimage_id":"","pthumb":"","color":""}],"relations":[{"operator":false,"rules":[]}],"form_id":184311,"form_rules":{"pric_cal_option_once":false,"exclude_from_discount":false,"pric_use_as_fee":false,"fee_label":"Fee","render_after_acb":false,"disp_hide_options_price":false}}]},"yoast_head":"<!-- This site is optimized with the Yoast SEO plugin v26.5 - https:\/\/yoast.com\/wordpress\/plugins\/seo\/ -->\n<title>ASICS Court FF 3 Novak Clay &#039;Blue Fresh Air&#039;  - Tourcruiser PTE. LTD<\/title>\n<meta name=\"robots\" content=\"index, follow, max-snippet:-1, max-image-preview:large, max-video-preview:-1\" \/>\n<link rel=\"canonical\" href=\"https:\/\/tourcruiser.com\/de\/products\/asics-court-ff-3-novak-clay-blue-fresh-air\/\" \/>\n<meta property=\"og:locale\" content=\"de_DE\" \/>\n<meta property=\"og:type\" content=\"article\" \/>\n<meta property=\"og:title\" content=\"ASICS Court FF 3 Novak Clay &#039;Blue Fresh Air&#039;  - Tourcruiser PTE. LTD\" \/>\n<meta property=\"og:description\" content=\"ASICS Court FF 3 Novak Clay \u201d\u201d Blue\/Fresh Air\" \/>\n<meta property=\"og:url\" content=\"https:\/\/tourcruiser.com\/de\/products\/asics-court-ff-3-novak-clay-blue-fresh-air\/\" \/>\n<meta property=\"og:site_name\" content=\"Tourcruiser Sneaker Store\" \/>\n<meta property=\"article:modified_time\" content=\"2026-03-27T18:43:43+00:00\" \/>\n<meta name=\"twitter:card\" content=\"summary_large_image\" \/>\n<meta name=\"twitter:image\" content=\"https:\/\/images.novelship.com\/product\/asics_court_ff_3_novak_clay__blue_fresh_air__1041a_0_63762.jpeg;https:\/\/images.novelship.com\/product\/asics_court_ff_3_novak_clay__blue_fresh_air__1041a_1_63762.jpeg;https:\/\/images.novelship.com\/product\/asics_court_ff_3_novak_clay__blue_fresh_air__1041a_2_63762.jpeg;https:\/\/images.novelship.com\/product\/asics_court_ff_3_novak_clay__blue_fresh_air__1041a_3_63762.jpeg;https:\/\/images.novelship.com\/product\/asics_court_ff_3_novak_clay__blue_fresh_air__1041a_4_63762.jpeg\" \/>\n<script type=\"application\/ld+json\" class=\"yoast-schema-graph\">{\"@context\":\"https:\/\/schema.org\",\"@graph\":[{\"@type\":\"WebPage\",\"@id\":\"https:\/\/tourcruiser.com\/de\/products\/asics-court-ff-3-novak-clay-blue-fresh-air\/\",\"url\":\"https:\/\/tourcruiser.com\/de\/products\/asics-court-ff-3-novak-clay-blue-fresh-air\/\",\"name\":\"ASICS Court FF 3 Novak Clay 'Blue Fresh Air' - Tourcruiser PTE. LTD\",\"isPartOf\":{\"@id\":\"\/#website\"},\"primaryImageOfPage\":{\"@id\":\"https:\/\/tourcruiser.com\/de\/products\/asics-court-ff-3-novak-clay-blue-fresh-air\/#primaryimage\"},\"image\":{\"@id\":\"https:\/\/tourcruiser.com\/de\/products\/asics-court-ff-3-novak-clay-blue-fresh-air\/#primaryimage\"},\"thumbnailUrl\":\"https:\/\/images.novelship.com\/product\/asics_court_ff_3_novak_clay__blue_fresh_air__1041a_0_63762.jpeg;https:\/\/images.novelship.com\/product\/asics_court_ff_3_novak_clay__blue_fresh_air__1041a_1_63762.jpeg;https:\/\/images.novelship.com\/product\/asics_court_ff_3_novak_clay__blue_fresh_air__1041a_2_63762.jpeg;https:\/\/images.novelship.com\/product\/asics_court_ff_3_novak_clay__blue_fresh_air__1041a_3_63762.jpeg;https:\/\/images.novelship.com\/product\/asics_court_ff_3_novak_clay__blue_fresh_air__1041a_4_63762.jpeg\",\"datePublished\":\"2026-03-02T09:29:18+00:00\",\"dateModified\":\"2026-03-27T18:43:43+00:00\",\"breadcrumb\":{\"@id\":\"https:\/\/tourcruiser.com\/de\/products\/asics-court-ff-3-novak-clay-blue-fresh-air\/#breadcrumb\"},\"inLanguage\":\"de\",\"potentialAction\":[{\"@type\":\"ReadAction\",\"target\":[\"https:\/\/tourcruiser.com\/de\/products\/asics-court-ff-3-novak-clay-blue-fresh-air\/\"]}]},{\"@type\":\"ImageObject\",\"inLanguage\":\"de\",\"@id\":\"https:\/\/tourcruiser.com\/de\/products\/asics-court-ff-3-novak-clay-blue-fresh-air\/#primaryimage\",\"url\":\"https:\/\/images.novelship.com\/product\/asics_court_ff_3_novak_clay__blue_fresh_air__1041a_0_63762.jpeg;https:\/\/images.novelship.com\/product\/asics_court_ff_3_novak_clay__blue_fresh_air__1041a_1_63762.jpeg;https:\/\/images.novelship.com\/product\/asics_court_ff_3_novak_clay__blue_fresh_air__1041a_2_63762.jpeg;https:\/\/images.novelship.com\/product\/asics_court_ff_3_novak_clay__blue_fresh_air__1041a_3_63762.jpeg;https:\/\/images.novelship.com\/product\/asics_court_ff_3_novak_clay__blue_fresh_air__1041a_4_63762.jpeg\",\"contentUrl\":\"https:\/\/images.novelship.com\/product\/asics_court_ff_3_novak_clay__blue_fresh_air__1041a_0_63762.jpeg;https:\/\/images.novelship.com\/product\/asics_court_ff_3_novak_clay__blue_fresh_air__1041a_1_63762.jpeg;https:\/\/images.novelship.com\/product\/asics_court_ff_3_novak_clay__blue_fresh_air__1041a_2_63762.jpeg;https:\/\/images.novelship.com\/product\/asics_court_ff_3_novak_clay__blue_fresh_air__1041a_3_63762.jpeg;https:\/\/images.novelship.com\/product\/asics_court_ff_3_novak_clay__blue_fresh_air__1041a_4_63762.jpeg\"},{\"@type\":\"BreadcrumbList\",\"@id\":\"https:\/\/tourcruiser.com\/de\/products\/asics-court-ff-3-novak-clay-blue-fresh-air\/#breadcrumb\",\"itemListElement\":[{\"@type\":\"ListItem\",\"position\":1,\"name\":\"Home\",\"item\":\"https:\/\/tourcruiser.com\/de\/\"},{\"@type\":\"ListItem\",\"position\":2,\"name\":\"Shop\",\"item\":\"https:\/\/tourcruiser.com\/de\/shop\/\"},{\"@type\":\"ListItem\",\"position\":3,\"name\":\"ASICS Court FF 3 Novak Clay 'Blue Fresh Air'\"}]},{\"@type\":\"WebSite\",\"@id\":\"\/#website\",\"url\":\"\/\",\"name\":\"Styloral Jewelry Shop\",\"description\":\"Tourcruiser Sneaker Store \u2014 der Ort, an dem das Universum deine Einzigartigkeit trifft.\",\"publisher\":{\"@id\":\"\/#organization\"},\"potentialAction\":[{\"@type\":\"SearchAction\",\"target\":{\"@type\":\"EntryPoint\",\"urlTemplate\":\"\/?s={search_term_string}\"},\"query-input\":{\"@type\":\"PropertyValueSpecification\",\"valueRequired\":true,\"valueName\":\"search_term_string\"}}],\"inLanguage\":\"de\"},{\"@type\":\"Organization\",\"@id\":\"\/#organization\",\"name\":\"STYLORAL PTE. LTD\",\"url\":\"\/\",\"logo\":{\"@type\":\"ImageObject\",\"inLanguage\":\"de\",\"@id\":\"\/#\/schema\/logo\/image\/\",\"url\":\"https:\/\/www.tourcruiser.com\/wp-content\/uploads\/2025\/12\/logo.png\",\"contentUrl\":\"https:\/\/www.tourcruiser.com\/wp-content\/uploads\/2025\/12\/logo.png\",\"width\":200,\"height\":65,\"caption\":\"STYLORAL PTE. LTD\"},\"image\":{\"@id\":\"\/#\/schema\/logo\/image\/\"}}]}<\/script>\n<!-- \/ Yoast SEO plugin. -->","yoast_head_json":{"title":"ASICS Court FF 3 Novak Clay 'Blue Fresh Air'  - Tourcruiser PTE. LTD","robots":{"index":"index","follow":"follow","max-snippet":"max-snippet:-1","max-image-preview":"max-image-preview:large","max-video-preview":"max-video-preview:-1"},"canonical":"https:\/\/tourcruiser.com\/de\/products\/asics-court-ff-3-novak-clay-blue-fresh-air\/","og_locale":"de_DE","og_type":"article","og_title":"ASICS Court FF 3 Novak Clay 'Blue Fresh Air'  - Tourcruiser PTE. LTD","og_description":"ASICS Court FF 3 Novak Clay \u201d\u201d Blue\/Fresh Air","og_url":"https:\/\/tourcruiser.com\/de\/products\/asics-court-ff-3-novak-clay-blue-fresh-air\/","og_site_name":"Tourcruiser Sneaker Store","article_modified_time":"2026-03-27T18:43:43+00:00","twitter_card":"summary_large_image","twitter_image":"https:\/\/images.novelship.com\/product\/asics_court_ff_3_novak_clay__blue_fresh_air__1041a_0_63762.jpeg;https:\/\/images.novelship.com\/product\/asics_court_ff_3_novak_clay__blue_fresh_air__1041a_1_63762.jpeg;https:\/\/images.novelship.com\/product\/asics_court_ff_3_novak_clay__blue_fresh_air__1041a_2_63762.jpeg;https:\/\/images.novelship.com\/product\/asics_court_ff_3_novak_clay__blue_fresh_air__1041a_3_63762.jpeg;https:\/\/images.novelship.com\/product\/asics_court_ff_3_novak_clay__blue_fresh_air__1041a_4_63762.jpeg","schema":{"@context":"https:\/\/schema.org","@graph":[{"@type":"WebPage","@id":"https:\/\/tourcruiser.com\/de\/products\/asics-court-ff-3-novak-clay-blue-fresh-air\/","url":"https:\/\/tourcruiser.com\/de\/products\/asics-court-ff-3-novak-clay-blue-fresh-air\/","name":"ASICS Court FF 3 Novak Clay 'Blue Fresh Air' - Tourcruiser PTE. LTD","isPartOf":{"@id":"\/#website"},"primaryImageOfPage":{"@id":"https:\/\/tourcruiser.com\/de\/products\/asics-court-ff-3-novak-clay-blue-fresh-air\/#primaryimage"},"image":{"@id":"https:\/\/tourcruiser.com\/de\/products\/asics-court-ff-3-novak-clay-blue-fresh-air\/#primaryimage"},"thumbnailUrl":"https:\/\/images.novelship.com\/product\/asics_court_ff_3_novak_clay__blue_fresh_air__1041a_0_63762.jpeg;https:\/\/images.novelship.com\/product\/asics_court_ff_3_novak_clay__blue_fresh_air__1041a_1_63762.jpeg;https:\/\/images.novelship.com\/product\/asics_court_ff_3_novak_clay__blue_fresh_air__1041a_2_63762.jpeg;https:\/\/images.novelship.com\/product\/asics_court_ff_3_novak_clay__blue_fresh_air__1041a_3_63762.jpeg;https:\/\/images.novelship.com\/product\/asics_court_ff_3_novak_clay__blue_fresh_air__1041a_4_63762.jpeg","datePublished":"2026-03-02T09:29:18+00:00","dateModified":"2026-03-27T18:43:43+00:00","breadcrumb":{"@id":"https:\/\/tourcruiser.com\/de\/products\/asics-court-ff-3-novak-clay-blue-fresh-air\/#breadcrumb"},"inLanguage":"de","potentialAction":[{"@type":"ReadAction","target":["https:\/\/tourcruiser.com\/de\/products\/asics-court-ff-3-novak-clay-blue-fresh-air\/"]}]},{"@type":"ImageObject","inLanguage":"de","@id":"https:\/\/tourcruiser.com\/de\/products\/asics-court-ff-3-novak-clay-blue-fresh-air\/#primaryimage","url":"https:\/\/images.novelship.com\/product\/asics_court_ff_3_novak_clay__blue_fresh_air__1041a_0_63762.jpeg;https:\/\/images.novelship.com\/product\/asics_court_ff_3_novak_clay__blue_fresh_air__1041a_1_63762.jpeg;https:\/\/images.novelship.com\/product\/asics_court_ff_3_novak_clay__blue_fresh_air__1041a_2_63762.jpeg;https:\/\/images.novelship.com\/product\/asics_court_ff_3_novak_clay__blue_fresh_air__1041a_3_63762.jpeg;https:\/\/images.novelship.com\/product\/asics_court_ff_3_novak_clay__blue_fresh_air__1041a_4_63762.jpeg","contentUrl":"https:\/\/images.novelship.com\/product\/asics_court_ff_3_novak_clay__blue_fresh_air__1041a_0_63762.jpeg;https:\/\/images.novelship.com\/product\/asics_court_ff_3_novak_clay__blue_fresh_air__1041a_1_63762.jpeg;https:\/\/images.novelship.com\/product\/asics_court_ff_3_novak_clay__blue_fresh_air__1041a_2_63762.jpeg;https:\/\/images.novelship.com\/product\/asics_court_ff_3_novak_clay__blue_fresh_air__1041a_3_63762.jpeg;https:\/\/images.novelship.com\/product\/asics_court_ff_3_novak_clay__blue_fresh_air__1041a_4_63762.jpeg"},{"@type":"BreadcrumbList","@id":"https:\/\/tourcruiser.com\/de\/products\/asics-court-ff-3-novak-clay-blue-fresh-air\/#breadcrumb","itemListElement":[{"@type":"ListItem","position":1,"name":"Home","item":"https:\/\/tourcruiser.com\/de\/"},{"@type":"ListItem","position":2,"name":"Shop","item":"https:\/\/tourcruiser.com\/de\/shop\/"},{"@type":"ListItem","position":3,"name":"ASICS Court FF 3 Novak Clay 'Blue Fresh Air'"}]},{"@type":"WebSite","@id":"\/#website","url":"\/","name":"Styloral Jewelry Shop","description":"Tourcruiser Sneaker Store \u2014 der Ort, an dem das Universum deine Einzigartigkeit trifft.","publisher":{"@id":"\/#organization"},"potentialAction":[{"@type":"SearchAction","target":{"@type":"EntryPoint","urlTemplate":"\/?s={search_term_string}"},"query-input":{"@type":"PropertyValueSpecification","valueRequired":true,"valueName":"search_term_string"}}],"inLanguage":"de"},{"@type":"Organization","@id":"\/#organization","name":"STYLORAL PTE. LTD","url":"\/","logo":{"@type":"ImageObject","inLanguage":"de","@id":"\/#\/schema\/logo\/image\/","url":"https:\/\/www.tourcruiser.com\/wp-content\/uploads\/2025\/12\/logo.png","contentUrl":"https:\/\/www.tourcruiser.com\/wp-content\/uploads\/2025\/12\/logo.png","width":200,"height":65,"caption":"STYLORAL PTE. LTD"},"image":{"@id":"\/#\/schema\/logo\/image\/"}}]}},"_links":{"self":[{"href":"https:\/\/tourcruiser.com\/de\/wp-json\/wp\/v2\/product\/175897","targetHints":{"allow":["GET"]}}],"collection":[{"href":"https:\/\/tourcruiser.com\/de\/wp-json\/wp\/v2\/product"}],"about":[{"href":"https:\/\/tourcruiser.com\/de\/wp-json\/wp\/v2\/types\/product"}],"replies":[{"embeddable":true,"href":"https:\/\/tourcruiser.com\/de\/wp-json\/wp\/v2\/comments?post=175897"}],"wp:featuredmedia":[{"embeddable":true,"href":"https:\/\/tourcruiser.com\/de\/wp-json\/wp\/v2\/media\/175898"}],"wp:attachment":[{"href":"https:\/\/tourcruiser.com\/de\/wp-json\/wp\/v2\/media?parent=175897"}],"wp:term":[{"taxonomy":"product_brand","embeddable":true,"href":"https:\/\/tourcruiser.com\/de\/wp-json\/wp\/v2\/product_brand?post=175897"},{"taxonomy":"product_cat","embeddable":true,"href":"https:\/\/tourcruiser.com\/de\/wp-json\/wp\/v2\/product_cat?post=175897"},{"taxonomy":"product_tag","embeddable":true,"href":"https:\/\/tourcruiser.com\/de\/wp-json\/wp\/v2\/product_tag?post=175897"}],"curies":[{"name":"wp","href":"https:\/\/api.w.org\/{rel}","templated":true}]}}