{"id":175882,"date":"2026-03-02T16:29:17","date_gmt":"2026-03-02T09:29:17","guid":{"rendered":"http:\/\/tourcruiser.com\/product\/women-adidas-adilette-adventure-sandal-white-wonder-taupe"},"modified":"2026-03-28T01:43:42","modified_gmt":"2026-03-27T18:43:42","slug":"women-adidas-adilette-adventure-sandal-white-wonder-taupe","status":"publish","type":"product","link":"https:\/\/tourcruiser.com\/de\/products\/women-adidas-adilette-adventure-sandal-white-wonder-taupe\/","title":{"rendered":"(Women) adidas Adilette Adventure Sandal &#8218;White Wonder Taupe&#8216;"},"content":{"rendered":"<p>Wir pr\u00e4sentieren die adidas Adilette Adventure Sandale in Wei\u00df-Taupe f\u00fcr Damen. Diese stylischen und bequemen Sneaker vereinen Mode und Funktionalit\u00e4t und sind damit perfekt f\u00fcr jeden Tag. Von der bew\u00e4hrten Marke adidas k\u00f6nnen Sie langlebige Materialien und erstklassige Verarbeitung erwarten. Mit diesen vielseitigen Sneakern ziehen Sie garantiert alle Blicke auf sich. Ob f\u00fcr entspannte Ausfl\u00fcge oder Outdoor-Abenteuer \u201d\u201c diese Sandalen sind ein Must-have f\u00fcr jede Sneaker-Sammlung. Jetzt shoppen und die perfekte Kombination aus Komfort und Style mit adidas genie\u00dfen.<\/p>\n<ul>\n<li><strong>Farbgebung:<\/strong> Cloud White\/Core White\/Wonder Taupe<\/li>\n<li><strong>Style-Code:<\/strong> HQ4242<\/li>\n<li><strong>Obermaterial:<\/strong> Mesh<\/li>\n<li><strong>Zwischensohle:<\/strong> Memory Foam<\/li>\n<li><strong>Farbe:<\/strong> Wei\u00df<\/li>\n<li><strong>Saison:<\/strong> Fr\u00fchling<\/li>\n<li><strong>Erscheinungsjahr:<\/strong> 2023<\/li>\n<\/ul>\n","protected":false},"excerpt":{"rendered":"<p>adidas Adilette \u201d\u201d Cloud White\/Core White\/Wonder Taupe<\/p>\n","protected":false},"featured_media":175883,"comment_status":"open","ping_status":"closed","template":"","meta":[],"product_brand":[],"product_cat":[10941],"product_tag":[10759,10864,10926,10754,10808,10758],"class_list":{"0":"post-175882","1":"product","2":"type-product","3":"status-publish","4":"has-post-thumbnail","6":"product_cat-adidas-women","7":"product_tag-adidas","8":"product_tag-casual-sandals","9":"product_tag-gift-for-her","10":"product_tag-lifestyle-casual-shoes","11":"product_tag-slides","12":"product_tag-under-retail","13":"wcpa_has_options","15":"first","16":"outofstock","17":"taxable","18":"shipping-taxable","19":"purchasable","20":"product-type-simple"},"wcpa_form_fields":{"rules":{"pric_overide_base_price":false,"pric_overide_base_price_if_gt_zero":false,"pric_overide_base_price_fully":false,"pric_cal_option_once":false,"pric_use_as_fee":false,"bind_quantity":false,"quantity_bind_formula":false},"fields":[{"type":"color-group","required":true,"elementId":"wcpa-color-group-66c4a7f817afe","label":"Gr\u00f6\u00dfe","inline":true,"priceOptions":"different_for_all","pricingType":"fixed","className":"hassizechart product-shoes-size-eu product-shoes-size","name":"color-group-66c4a7f817b18","disp_type":"square","selection_type":"tick-border","disp_size":"50","show_label_inside":true,"adjust_width":true,"cart_display_type":"text","other_text":"Other","cl_rule":"show","col":6,"values":[{"label":"35","value":"EU 35","price":"","pimage":"","pimage_id":"","pthumb":"","color":""},{"label":"35.5","value":"EU 35.5","price":"","pimage":"","pimage_id":"","pthumb":"","color":""},{"label":"36","value":"EU 36","price":"","pimage":"","pimage_id":"","pthumb":"","color":"","selected":true},{"label":"36 2\/3","value":"EU 36 2\/3","price":"","pimage":"","pimage_id":"","pthumb":"","color":""},{"label":"37 1\/3","value":"EU 37 1\/3","price":"","pimage":"","pimage_id":"","pthumb":"","color":""},{"label":"38","value":"EU 38","price":"","pimage":"","pimage_id":"","pthumb":"","color":""},{"label":"38 2\/3","value":"EU 38 2\/3","price":"","pimage":"","pimage_id":"","pthumb":"","color":""},{"label":"39 1\/3","value":"EU 39 1\/3","price":"","pimage":"","pimage_id":"","pthumb":"","color":""},{"label":"40","value":"EU 40","price":"","pimage":"","pimage_id":"","pthumb":"","color":""},{"label":"40 2\/3","value":"EU 40 2\/3","price":"","pimage":"","pimage_id":"","pthumb":"","color":""},{"label":"41 1\/3","value":"EU 41 1\/3","price":"","pimage":"","pimage_id":"","pthumb":"","color":""},{"label":"42","value":"EU 42","price":"","pimage":"","pimage_id":"","pthumb":"","color":""},{"label":"42 2\/3","value":"EU 42 2\/3","price":"","pimage":"","pimage_id":"","pthumb":"","color":""},{"label":"43 1\/3","value":"EU 43 1\/3","price":"","pimage":"","pimage_id":"","pthumb":"","color":""},{"label":"44","value":"EU 44","price":"","pimage":"","pimage_id":"","pthumb":"","color":""},{"label":"44 2\/3","value":"EU 44 2\/3","price":"","pimage":"","pimage_id":"","pthumb":"","color":""},{"label":"45 1\/3","value":"EU 45 1\/3","price":"","pimage":"","pimage_id":"","pthumb":"","color":""},{"label":"46","value":"EU 46","price":"","pimage":"","pimage_id":"","pthumb":"","color":""},{"label":"46 2\/3","value":"EU 46 2\/3","price":"","pimage":"","pimage_id":"","pthumb":"","color":""},{"label":"47 1\/3","value":"EU 47 1\/3","price":"","pimage":"","pimage_id":"","pthumb":"","color":""}],"relations":[{"operator":false,"rules":[]}],"form_id":24802,"form_rules":{"pric_cal_option_once":false,"exclude_from_discount":false,"pric_use_as_fee":false,"fee_label":"Fee","render_after_acb":false,"disp_hide_options_price":false}}]},"yoast_head":"<!-- This site is optimized with the Yoast SEO plugin v26.5 - https:\/\/yoast.com\/wordpress\/plugins\/seo\/ -->\n<title>(Women) adidas Adilette Adventure Sandal &#039;White Wonder Taupe&#039;  - Tourcruiser PTE. LTD<\/title>\n<meta name=\"robots\" content=\"index, follow, max-snippet:-1, max-image-preview:large, max-video-preview:-1\" \/>\n<link rel=\"canonical\" href=\"https:\/\/tourcruiser.com\/de\/products\/women-adidas-adilette-adventure-sandal-white-wonder-taupe\/\" \/>\n<meta property=\"og:locale\" content=\"de_DE\" \/>\n<meta property=\"og:type\" content=\"article\" \/>\n<meta property=\"og:title\" content=\"(Women) adidas Adilette Adventure Sandal &#039;White Wonder Taupe&#039;  - Tourcruiser PTE. LTD\" \/>\n<meta property=\"og:description\" content=\"adidas Adilette \u201d\u201d Cloud White\/Core White\/Wonder Taupe\" \/>\n<meta property=\"og:url\" content=\"https:\/\/tourcruiser.com\/de\/products\/women-adidas-adilette-adventure-sandal-white-wonder-taupe\/\" \/>\n<meta property=\"og:site_name\" content=\"Tourcruiser Sneaker Store\" \/>\n<meta property=\"article:modified_time\" content=\"2026-03-27T18:43:42+00:00\" \/>\n<meta name=\"twitter:card\" content=\"summary_large_image\" \/>\n<meta name=\"twitter:image\" content=\"https:\/\/images.novelship.com\/product\/_women__adidas_adilette_adventure_sandal__white_wo_0_20991.png;https:\/\/images.novelship.com\/product\/_women__adidas_adilette_adventure_sandal__white_wo_1_20991.png;https:\/\/images.novelship.com\/product\/_women__adidas_adilette_adventure_sandal__white_wo_2_20991.png;https:\/\/images.novelship.com\/product\/_women__adidas_adilette_adventure_sandal__white_wo_3_20991.png;https:\/\/images.novelship.com\/product\/_women__adidas_adilette_adventure_sandal__white_wo_4_20991.png\" \/>\n<meta name=\"twitter:label1\" content=\"Gesch\u00e4tzte Lesezeit\" \/>\n\t<meta name=\"twitter:data1\" content=\"1\u00a0Minute\" \/>\n<script type=\"application\/ld+json\" class=\"yoast-schema-graph\">{\"@context\":\"https:\/\/schema.org\",\"@graph\":[{\"@type\":\"WebPage\",\"@id\":\"https:\/\/tourcruiser.com\/de\/products\/women-adidas-adilette-adventure-sandal-white-wonder-taupe\/\",\"url\":\"https:\/\/tourcruiser.com\/de\/products\/women-adidas-adilette-adventure-sandal-white-wonder-taupe\/\",\"name\":\"(Women) adidas Adilette Adventure Sandal 'White Wonder Taupe' - Tourcruiser PTE. LTD\",\"isPartOf\":{\"@id\":\"https:\/\/tourcruiser.com\/de\/#website\"},\"primaryImageOfPage\":{\"@id\":\"https:\/\/tourcruiser.com\/de\/products\/women-adidas-adilette-adventure-sandal-white-wonder-taupe\/#primaryimage\"},\"image\":{\"@id\":\"https:\/\/tourcruiser.com\/de\/products\/women-adidas-adilette-adventure-sandal-white-wonder-taupe\/#primaryimage\"},\"thumbnailUrl\":\"https:\/\/images.novelship.com\/product\/_women__adidas_adilette_adventure_sandal__white_wo_0_20991.png;https:\/\/images.novelship.com\/product\/_women__adidas_adilette_adventure_sandal__white_wo_1_20991.png;https:\/\/images.novelship.com\/product\/_women__adidas_adilette_adventure_sandal__white_wo_2_20991.png;https:\/\/images.novelship.com\/product\/_women__adidas_adilette_adventure_sandal__white_wo_3_20991.png;https:\/\/images.novelship.com\/product\/_women__adidas_adilette_adventure_sandal__white_wo_4_20991.png\",\"datePublished\":\"2026-03-02T09:29:17+00:00\",\"dateModified\":\"2026-03-27T18:43:42+00:00\",\"breadcrumb\":{\"@id\":\"https:\/\/tourcruiser.com\/de\/products\/women-adidas-adilette-adventure-sandal-white-wonder-taupe\/#breadcrumb\"},\"inLanguage\":\"de\",\"potentialAction\":[{\"@type\":\"ReadAction\",\"target\":[\"https:\/\/tourcruiser.com\/de\/products\/women-adidas-adilette-adventure-sandal-white-wonder-taupe\/\"]}]},{\"@type\":\"ImageObject\",\"inLanguage\":\"de\",\"@id\":\"https:\/\/tourcruiser.com\/de\/products\/women-adidas-adilette-adventure-sandal-white-wonder-taupe\/#primaryimage\",\"url\":\"https:\/\/images.novelship.com\/product\/_women__adidas_adilette_adventure_sandal__white_wo_0_20991.png;https:\/\/images.novelship.com\/product\/_women__adidas_adilette_adventure_sandal__white_wo_1_20991.png;https:\/\/images.novelship.com\/product\/_women__adidas_adilette_adventure_sandal__white_wo_2_20991.png;https:\/\/images.novelship.com\/product\/_women__adidas_adilette_adventure_sandal__white_wo_3_20991.png;https:\/\/images.novelship.com\/product\/_women__adidas_adilette_adventure_sandal__white_wo_4_20991.png\",\"contentUrl\":\"https:\/\/images.novelship.com\/product\/_women__adidas_adilette_adventure_sandal__white_wo_0_20991.png;https:\/\/images.novelship.com\/product\/_women__adidas_adilette_adventure_sandal__white_wo_1_20991.png;https:\/\/images.novelship.com\/product\/_women__adidas_adilette_adventure_sandal__white_wo_2_20991.png;https:\/\/images.novelship.com\/product\/_women__adidas_adilette_adventure_sandal__white_wo_3_20991.png;https:\/\/images.novelship.com\/product\/_women__adidas_adilette_adventure_sandal__white_wo_4_20991.png\"},{\"@type\":\"BreadcrumbList\",\"@id\":\"https:\/\/tourcruiser.com\/de\/products\/women-adidas-adilette-adventure-sandal-white-wonder-taupe\/#breadcrumb\",\"itemListElement\":[{\"@type\":\"ListItem\",\"position\":1,\"name\":\"Home\",\"item\":\"https:\/\/tourcruiser.com\/de\/\"},{\"@type\":\"ListItem\",\"position\":2,\"name\":\"Shop\",\"item\":\"https:\/\/tourcruiser.com\/de\/shop\/\"},{\"@type\":\"ListItem\",\"position\":3,\"name\":\"(Women) adidas Adilette Adventure Sandal 'White Wonder Taupe'\"}]},{\"@type\":\"WebSite\",\"@id\":\"https:\/\/tourcruiser.com\/de\/#website\",\"url\":\"https:\/\/tourcruiser.com\/de\/\",\"name\":\"Styloral Jewelry Shop\",\"description\":\"Tourcruiser Sneaker Store \u2014 der Ort, an dem das Universum deine Einzigartigkeit trifft.\",\"publisher\":{\"@id\":\"https:\/\/tourcruiser.com\/de\/#organization\"},\"potentialAction\":[{\"@type\":\"SearchAction\",\"target\":{\"@type\":\"EntryPoint\",\"urlTemplate\":\"https:\/\/tourcruiser.com\/de\/?s={search_term_string}\"},\"query-input\":{\"@type\":\"PropertyValueSpecification\",\"valueRequired\":true,\"valueName\":\"search_term_string\"}}],\"inLanguage\":\"de\"},{\"@type\":\"Organization\",\"@id\":\"https:\/\/tourcruiser.com\/de\/#organization\",\"name\":\"STYLORAL PTE. LTD\",\"url\":\"https:\/\/tourcruiser.com\/de\/\",\"logo\":{\"@type\":\"ImageObject\",\"inLanguage\":\"de\",\"@id\":\"https:\/\/tourcruiser.com\/de\/#\/schema\/logo\/image\/\",\"url\":\"https:\/\/www.tourcruiser.com\/wp-content\/uploads\/2025\/12\/logo.png\",\"contentUrl\":\"https:\/\/www.tourcruiser.com\/wp-content\/uploads\/2025\/12\/logo.png\",\"width\":200,\"height\":65,\"caption\":\"STYLORAL PTE. LTD\"},\"image\":{\"@id\":\"https:\/\/tourcruiser.com\/de\/#\/schema\/logo\/image\/\"}}]}<\/script>\n<!-- \/ Yoast SEO plugin. -->","yoast_head_json":{"title":"(Women) adidas Adilette Adventure Sandal 'White Wonder Taupe'  - Tourcruiser PTE. LTD","robots":{"index":"index","follow":"follow","max-snippet":"max-snippet:-1","max-image-preview":"max-image-preview:large","max-video-preview":"max-video-preview:-1"},"canonical":"https:\/\/tourcruiser.com\/de\/products\/women-adidas-adilette-adventure-sandal-white-wonder-taupe\/","og_locale":"de_DE","og_type":"article","og_title":"(Women) adidas Adilette Adventure Sandal 'White Wonder Taupe'  - Tourcruiser PTE. LTD","og_description":"adidas Adilette \u201d\u201d Cloud White\/Core White\/Wonder Taupe","og_url":"https:\/\/tourcruiser.com\/de\/products\/women-adidas-adilette-adventure-sandal-white-wonder-taupe\/","og_site_name":"Tourcruiser Sneaker Store","article_modified_time":"2026-03-27T18:43:42+00:00","twitter_card":"summary_large_image","twitter_image":"https:\/\/images.novelship.com\/product\/_women__adidas_adilette_adventure_sandal__white_wo_0_20991.png;https:\/\/images.novelship.com\/product\/_women__adidas_adilette_adventure_sandal__white_wo_1_20991.png;https:\/\/images.novelship.com\/product\/_women__adidas_adilette_adventure_sandal__white_wo_2_20991.png;https:\/\/images.novelship.com\/product\/_women__adidas_adilette_adventure_sandal__white_wo_3_20991.png;https:\/\/images.novelship.com\/product\/_women__adidas_adilette_adventure_sandal__white_wo_4_20991.png","twitter_misc":{"Gesch\u00e4tzte Lesezeit":"1\u00a0Minute"},"schema":{"@context":"https:\/\/schema.org","@graph":[{"@type":"WebPage","@id":"https:\/\/tourcruiser.com\/de\/products\/women-adidas-adilette-adventure-sandal-white-wonder-taupe\/","url":"https:\/\/tourcruiser.com\/de\/products\/women-adidas-adilette-adventure-sandal-white-wonder-taupe\/","name":"(Women) adidas Adilette Adventure Sandal 'White Wonder Taupe' - Tourcruiser PTE. LTD","isPartOf":{"@id":"https:\/\/tourcruiser.com\/de\/#website"},"primaryImageOfPage":{"@id":"https:\/\/tourcruiser.com\/de\/products\/women-adidas-adilette-adventure-sandal-white-wonder-taupe\/#primaryimage"},"image":{"@id":"https:\/\/tourcruiser.com\/de\/products\/women-adidas-adilette-adventure-sandal-white-wonder-taupe\/#primaryimage"},"thumbnailUrl":"https:\/\/images.novelship.com\/product\/_women__adidas_adilette_adventure_sandal__white_wo_0_20991.png;https:\/\/images.novelship.com\/product\/_women__adidas_adilette_adventure_sandal__white_wo_1_20991.png;https:\/\/images.novelship.com\/product\/_women__adidas_adilette_adventure_sandal__white_wo_2_20991.png;https:\/\/images.novelship.com\/product\/_women__adidas_adilette_adventure_sandal__white_wo_3_20991.png;https:\/\/images.novelship.com\/product\/_women__adidas_adilette_adventure_sandal__white_wo_4_20991.png","datePublished":"2026-03-02T09:29:17+00:00","dateModified":"2026-03-27T18:43:42+00:00","breadcrumb":{"@id":"https:\/\/tourcruiser.com\/de\/products\/women-adidas-adilette-adventure-sandal-white-wonder-taupe\/#breadcrumb"},"inLanguage":"de","potentialAction":[{"@type":"ReadAction","target":["https:\/\/tourcruiser.com\/de\/products\/women-adidas-adilette-adventure-sandal-white-wonder-taupe\/"]}]},{"@type":"ImageObject","inLanguage":"de","@id":"https:\/\/tourcruiser.com\/de\/products\/women-adidas-adilette-adventure-sandal-white-wonder-taupe\/#primaryimage","url":"https:\/\/images.novelship.com\/product\/_women__adidas_adilette_adventure_sandal__white_wo_0_20991.png;https:\/\/images.novelship.com\/product\/_women__adidas_adilette_adventure_sandal__white_wo_1_20991.png;https:\/\/images.novelship.com\/product\/_women__adidas_adilette_adventure_sandal__white_wo_2_20991.png;https:\/\/images.novelship.com\/product\/_women__adidas_adilette_adventure_sandal__white_wo_3_20991.png;https:\/\/images.novelship.com\/product\/_women__adidas_adilette_adventure_sandal__white_wo_4_20991.png","contentUrl":"https:\/\/images.novelship.com\/product\/_women__adidas_adilette_adventure_sandal__white_wo_0_20991.png;https:\/\/images.novelship.com\/product\/_women__adidas_adilette_adventure_sandal__white_wo_1_20991.png;https:\/\/images.novelship.com\/product\/_women__adidas_adilette_adventure_sandal__white_wo_2_20991.png;https:\/\/images.novelship.com\/product\/_women__adidas_adilette_adventure_sandal__white_wo_3_20991.png;https:\/\/images.novelship.com\/product\/_women__adidas_adilette_adventure_sandal__white_wo_4_20991.png"},{"@type":"BreadcrumbList","@id":"https:\/\/tourcruiser.com\/de\/products\/women-adidas-adilette-adventure-sandal-white-wonder-taupe\/#breadcrumb","itemListElement":[{"@type":"ListItem","position":1,"name":"Home","item":"https:\/\/tourcruiser.com\/de\/"},{"@type":"ListItem","position":2,"name":"Shop","item":"https:\/\/tourcruiser.com\/de\/shop\/"},{"@type":"ListItem","position":3,"name":"(Women) adidas Adilette Adventure Sandal 'White Wonder Taupe'"}]},{"@type":"WebSite","@id":"https:\/\/tourcruiser.com\/de\/#website","url":"https:\/\/tourcruiser.com\/de\/","name":"Styloral Jewelry Shop","description":"Tourcruiser Sneaker Store \u2014 der Ort, an dem das Universum deine Einzigartigkeit trifft.","publisher":{"@id":"https:\/\/tourcruiser.com\/de\/#organization"},"potentialAction":[{"@type":"SearchAction","target":{"@type":"EntryPoint","urlTemplate":"https:\/\/tourcruiser.com\/de\/?s={search_term_string}"},"query-input":{"@type":"PropertyValueSpecification","valueRequired":true,"valueName":"search_term_string"}}],"inLanguage":"de"},{"@type":"Organization","@id":"https:\/\/tourcruiser.com\/de\/#organization","name":"STYLORAL PTE. LTD","url":"https:\/\/tourcruiser.com\/de\/","logo":{"@type":"ImageObject","inLanguage":"de","@id":"https:\/\/tourcruiser.com\/de\/#\/schema\/logo\/image\/","url":"https:\/\/www.tourcruiser.com\/wp-content\/uploads\/2025\/12\/logo.png","contentUrl":"https:\/\/www.tourcruiser.com\/wp-content\/uploads\/2025\/12\/logo.png","width":200,"height":65,"caption":"STYLORAL PTE. LTD"},"image":{"@id":"https:\/\/tourcruiser.com\/de\/#\/schema\/logo\/image\/"}}]}},"_links":{"self":[{"href":"https:\/\/tourcruiser.com\/de\/wp-json\/wp\/v2\/product\/175882","targetHints":{"allow":["GET"]}}],"collection":[{"href":"https:\/\/tourcruiser.com\/de\/wp-json\/wp\/v2\/product"}],"about":[{"href":"https:\/\/tourcruiser.com\/de\/wp-json\/wp\/v2\/types\/product"}],"replies":[{"embeddable":true,"href":"https:\/\/tourcruiser.com\/de\/wp-json\/wp\/v2\/comments?post=175882"}],"wp:featuredmedia":[{"embeddable":true,"href":"https:\/\/tourcruiser.com\/de\/wp-json\/wp\/v2\/media\/175883"}],"wp:attachment":[{"href":"https:\/\/tourcruiser.com\/de\/wp-json\/wp\/v2\/media?parent=175882"}],"wp:term":[{"taxonomy":"product_brand","embeddable":true,"href":"https:\/\/tourcruiser.com\/de\/wp-json\/wp\/v2\/product_brand?post=175882"},{"taxonomy":"product_cat","embeddable":true,"href":"https:\/\/tourcruiser.com\/de\/wp-json\/wp\/v2\/product_cat?post=175882"},{"taxonomy":"product_tag","embeddable":true,"href":"https:\/\/tourcruiser.com\/de\/wp-json\/wp\/v2\/product_tag?post=175882"}],"curies":[{"name":"wp","href":"https:\/\/api.w.org\/{rel}","templated":true}]}}