{"id":17575,"date":"2026-02-20T15:11:32","date_gmt":"2026-02-20T08:11:32","guid":{"rendered":"http:\/\/tourcruiser.com\/product\/nike-zoom-rotational-6-obsidian-orange-pulse-fz9606-400"},"modified":"2026-03-28T00:28:03","modified_gmt":"2026-03-27T17:28:03","slug":"nike-zoom-rotational-6-obsidian-orange-pulse-fz9606-400","status":"publish","type":"product","link":"https:\/\/tourcruiser.com\/de\/products\/nike-zoom-rotational-6-obsidian-orange-pulse-fz9606-400\/","title":{"rendered":"Nike Zoom Rotational 6 &#8218;Obsidian Orange Pulse&#8216;"},"content":{"rendered":"<p>Wir pr\u00e4sentieren den Nike Zoom Rotational 6 in Obsidian Hyper Violet Orange Pulse, Modell FZ9606-400 \u2013 den ultimativen Laufschuh f\u00fcr H\u00f6chstleistungen in der Leichtathletik. Entwickelt f\u00fcr Athleten, die Pr\u00e4zision, Stabilit\u00e4t und explosive Kraft fordern, vereint dieser Schuh innovative Technologie mit einem markanten Design, um jeden Schritt, jede Drehung und jeden Wurf zu optimieren.<\/p>\n<p>Das leichte Synthetik-Obermaterial sorgt f\u00fcr Strapazierf\u00e4higkeit und Atmungsaktivit\u00e4t bei intensivem Training und Wettkampf. Das nahtlose Design minimiert Ablenkungen, w\u00e4hrend die abriebfeste Zehenkappe die Langlebigkeit erh\u00f6ht. Die durchgehende Pebax-Sohle bietet optimale Energier\u00fcckgabe und macht jede Bewegung effizient und kraftvoll. Das Rotationsprofil der Au\u00dfensohle garantiert au\u00dfergew\u00f6hnlichen Grip und Kontrolle f\u00fcr Athleten, die sich auf Wurfdisziplinen oder Rotationsbewegungen konzentrieren.<\/p>\n<p>Die markante Obsidian-Basis wird durch Akzente in Hyper Violet und Orange Pulse veredelt und bietet sowohl Funktionalit\u00e4t als auch einen herausragenden Style, mit dem du die Wettkampfarena dominierst. Der Nike Zoom Rotational 6 wurde f\u00fcr Geschwindigkeit, Stabilit\u00e4t und Pr\u00e4zision entwickelt und ist ideal f\u00fcr ambitionierte Athleten, die ihre Grenzen erweitern und ihre Leistung auf internationalem Niveau steigern wollen. Ob Wettkampf oder Training \u2013 dieser fortschrittliche Schuh unterst\u00fctzt dich dabei, deine pers\u00f6nliche Bestleistung zu erreichen und gleichzeitig ein Statement in Sachen Performance-Sportbekleidung zu setzen.<\/p>\n<ul>\n<li><strong>Farbgebung:<\/strong> Obsidian\/Hyper Violet\/Hyper Turquoise\/Orange Pulse<\/li>\n<li><strong>Style-Code:<\/strong> FZ9606-400<\/li>\n<li><strong>Obermaterial:<\/strong> Leder<\/li>\n<li><strong>Farbe:<\/strong> Marineblau<\/li>\n<li><strong>Erscheinungsjahr:<\/strong> 2025<\/li>\n<\/ul>\n","protected":false},"excerpt":{"rendered":"<p>Nike Zoom Rotational 6 \u2014 Obsidian\/Hyper Violet\/Hyper Turquoise\/Orange Pulse<\/p>\n","protected":false},"featured_media":17576,"comment_status":"open","ping_status":"closed","template":"","meta":[],"product_brand":[],"product_cat":[6654],"product_tag":[],"class_list":{"0":"post-17575","1":"product","2":"type-product","3":"status-publish","4":"has-post-thumbnail","6":"product_cat-nike-2026","7":"wcpa_has_options","9":"first","10":"outofstock","11":"taxable","12":"shipping-taxable","13":"purchasable","14":"product-type-simple"},"wcpa_form_fields":{"rules":{"pric_overide_base_price":false,"pric_overide_base_price_if_gt_zero":false,"pric_overide_base_price_fully":false,"pric_cal_option_once":false,"pric_use_as_fee":false,"bind_quantity":false,"quantity_bind_formula":false},"fields":[{"type":"color-group","required":true,"elementId":"wcpa-color-group-66c4a75505e74","label":"Gr\u00f6\u00dfe - EU Gr\u00f6\u00dfe","inline":true,"priceOptions":"different_for_all","pricingType":"fixed","className":"hassizechart product-shoes-size-eu product-shoes-size","name":"color-group-66c4a75505e89","disp_type":"square","selection_type":"tick-border","disp_size":"44","show_label_inside":true,"adjust_width":true,"cart_display_type":"text","other_text":"Other","cl_rule":"show","col":6,"values":[{"label":"35.5","value":"EU 35.5","price":"","pimage":"","pimage_id":"","pthumb":"","color":""},{"label":"36","value":"EU 36","price":"","pimage":"","pimage_id":"","pthumb":"","color":"","selected":true},{"label":"36.5","value":"EU 36.5","price":"","pimage":"","pimage_id":"","pthumb":"","color":""},{"label":"37.5","value":"EU 37.5","price":"","pimage":"","pimage_id":"","pthumb":"","color":""},{"label":"38","value":"EU 38","price":"","pimage":"","pimage_id":"","pthumb":"","color":""},{"label":"38.5","value":"EU 38.5","price":"","pimage":"","pimage_id":"","pthumb":"","color":""},{"label":"39","value":"EU 39","price":"","pimage":"","pimage_id":"","pthumb":"","color":""},{"label":"40","value":"EU 40","price":"","pimage":"","pimage_id":"","pthumb":"","color":""},{"label":"40.5","value":"EU 40.5","price":"","pimage":"","pimage_id":"","pthumb":"","color":""},{"label":"41","value":"EU 41","price":"","pimage":"","pimage_id":"","pthumb":"","color":""},{"label":"42","value":"EU 42","price":"","pimage":"","pimage_id":"","pthumb":"","color":""},{"label":"42.5","value":"EU 42.5","price":"","pimage":"","pimage_id":"","pthumb":"","color":""},{"label":"43","value":"EU 43","price":"","pimage":"","pimage_id":"","pthumb":"","color":""},{"label":"44","value":"EU 44","price":"","pimage":"","pimage_id":"","pthumb":"","color":""},{"label":"44.5","value":"EU 44.5","price":"","pimage":"","pimage_id":"","pthumb":"","color":""},{"label":"45","value":"EU 45","price":"","pimage":"","pimage_id":"","pthumb":"","color":""},{"label":"45.5","value":"EU 45.5","price":"","pimage":"","pimage_id":"","pthumb":"","color":""},{"label":"46","value":"EU 46","price":"","pimage":"","pimage_id":"","pthumb":"","color":""},{"label":"47","value":"EU 47","price":"","pimage":"","pimage_id":"","pthumb":"","color":""},{"label":"47.5","value":"EU 47.5","price":"","pimage":"","pimage_id":"","pthumb":"","color":""},{"label":"48","value":"EU 48","price":"","pimage":"","pimage_id":"","pthumb":"","color":""}],"relations":[{"operator":false,"rules":[]}],"form_id":18106,"form_rules":{"pric_cal_option_once":false,"exclude_from_discount":false,"pric_use_as_fee":false,"fee_label":"Fee","render_after_acb":false,"disp_hide_options_price":false}}]},"yoast_head":"<!-- This site is optimized with the Yoast SEO plugin v26.5 - https:\/\/yoast.com\/wordpress\/plugins\/seo\/ -->\n<title>Nike Zoom Rotational 6 &#039;Obsidian Orange Pulse&#039; - Tourcruiser PTE. LTD<\/title>\n<meta name=\"robots\" content=\"index, follow, max-snippet:-1, max-image-preview:large, max-video-preview:-1\" \/>\n<link rel=\"canonical\" href=\"https:\/\/tourcruiser.com\/de\/products\/nike-zoom-rotational-6-obsidian-orange-pulse-fz9606-400\/\" \/>\n<meta property=\"og:locale\" content=\"de_DE\" \/>\n<meta property=\"og:type\" content=\"article\" \/>\n<meta property=\"og:title\" content=\"Nike Zoom Rotational 6 &#039;Obsidian Orange Pulse&#039; - Tourcruiser PTE. LTD\" \/>\n<meta property=\"og:description\" content=\"Nike Zoom Rotational 6 \u2014 Obsidian\/Hyper Violet\/Hyper Turquoise\/Orange Pulse\" \/>\n<meta property=\"og:url\" content=\"https:\/\/tourcruiser.com\/de\/products\/nike-zoom-rotational-6-obsidian-orange-pulse-fz9606-400\/\" \/>\n<meta property=\"og:site_name\" content=\"Tourcruiser Sneaker Store\" \/>\n<meta property=\"article:modified_time\" content=\"2026-03-27T17:28:03+00:00\" \/>\n<meta name=\"twitter:card\" content=\"summary_large_image\" \/>\n<meta name=\"twitter:image\" content=\"https:\/\/images.novelship.com\/product\/nike_zoom_rotational_6_obsidian_hyper_violet_orang_0_96187.jpeg\" \/>\n<meta name=\"twitter:label1\" content=\"Gesch\u00e4tzte Lesezeit\" \/>\n\t<meta name=\"twitter:data1\" content=\"1\u00a0Minute\" \/>\n<script type=\"application\/ld+json\" class=\"yoast-schema-graph\">{\"@context\":\"https:\/\/schema.org\",\"@graph\":[{\"@type\":\"WebPage\",\"@id\":\"https:\/\/tourcruiser.com\/de\/products\/nike-zoom-rotational-6-obsidian-orange-pulse-fz9606-400\/\",\"url\":\"https:\/\/tourcruiser.com\/de\/products\/nike-zoom-rotational-6-obsidian-orange-pulse-fz9606-400\/\",\"name\":\"Nike Zoom Rotational 6 'Obsidian Orange Pulse' - Tourcruiser PTE. LTD\",\"isPartOf\":{\"@id\":\"https:\/\/tourcruiser.com\/de\/#website\"},\"primaryImageOfPage\":{\"@id\":\"https:\/\/tourcruiser.com\/de\/products\/nike-zoom-rotational-6-obsidian-orange-pulse-fz9606-400\/#primaryimage\"},\"image\":{\"@id\":\"https:\/\/tourcruiser.com\/de\/products\/nike-zoom-rotational-6-obsidian-orange-pulse-fz9606-400\/#primaryimage\"},\"thumbnailUrl\":\"https:\/\/images.novelship.com\/product\/nike_zoom_rotational_6_obsidian_hyper_violet_orang_0_96187.jpeg\",\"datePublished\":\"2026-02-20T08:11:32+00:00\",\"dateModified\":\"2026-03-27T17:28:03+00:00\",\"breadcrumb\":{\"@id\":\"https:\/\/tourcruiser.com\/de\/products\/nike-zoom-rotational-6-obsidian-orange-pulse-fz9606-400\/#breadcrumb\"},\"inLanguage\":\"de\",\"potentialAction\":[{\"@type\":\"ReadAction\",\"target\":[\"https:\/\/tourcruiser.com\/de\/products\/nike-zoom-rotational-6-obsidian-orange-pulse-fz9606-400\/\"]}]},{\"@type\":\"ImageObject\",\"inLanguage\":\"de\",\"@id\":\"https:\/\/tourcruiser.com\/de\/products\/nike-zoom-rotational-6-obsidian-orange-pulse-fz9606-400\/#primaryimage\",\"url\":\"https:\/\/images.novelship.com\/product\/nike_zoom_rotational_6_obsidian_hyper_violet_orang_0_96187.jpeg\",\"contentUrl\":\"https:\/\/images.novelship.com\/product\/nike_zoom_rotational_6_obsidian_hyper_violet_orang_0_96187.jpeg\"},{\"@type\":\"BreadcrumbList\",\"@id\":\"https:\/\/tourcruiser.com\/de\/products\/nike-zoom-rotational-6-obsidian-orange-pulse-fz9606-400\/#breadcrumb\",\"itemListElement\":[{\"@type\":\"ListItem\",\"position\":1,\"name\":\"Home\",\"item\":\"https:\/\/tourcruiser.com\/de\/\"},{\"@type\":\"ListItem\",\"position\":2,\"name\":\"Shop\",\"item\":\"https:\/\/tourcruiser.com\/de\/shop\/\"},{\"@type\":\"ListItem\",\"position\":3,\"name\":\"Nike Zoom Rotational 6 'Obsidian Orange Pulse'\"}]},{\"@type\":\"WebSite\",\"@id\":\"https:\/\/tourcruiser.com\/de\/#website\",\"url\":\"https:\/\/tourcruiser.com\/de\/\",\"name\":\"Styloral Jewelry Shop\",\"description\":\"Tourcruiser Sneaker Store \u2014 der Ort, an dem das Universum deine Einzigartigkeit trifft.\",\"publisher\":{\"@id\":\"https:\/\/tourcruiser.com\/de\/#organization\"},\"potentialAction\":[{\"@type\":\"SearchAction\",\"target\":{\"@type\":\"EntryPoint\",\"urlTemplate\":\"https:\/\/tourcruiser.com\/de\/?s={search_term_string}\"},\"query-input\":{\"@type\":\"PropertyValueSpecification\",\"valueRequired\":true,\"valueName\":\"search_term_string\"}}],\"inLanguage\":\"de\"},{\"@type\":\"Organization\",\"@id\":\"https:\/\/tourcruiser.com\/de\/#organization\",\"name\":\"STYLORAL PTE. LTD\",\"url\":\"https:\/\/tourcruiser.com\/de\/\",\"logo\":{\"@type\":\"ImageObject\",\"inLanguage\":\"de\",\"@id\":\"https:\/\/tourcruiser.com\/de\/#\/schema\/logo\/image\/\",\"url\":\"https:\/\/www.tourcruiser.com\/wp-content\/uploads\/2025\/12\/logo.png\",\"contentUrl\":\"https:\/\/www.tourcruiser.com\/wp-content\/uploads\/2025\/12\/logo.png\",\"width\":200,\"height\":65,\"caption\":\"STYLORAL PTE. LTD\"},\"image\":{\"@id\":\"https:\/\/tourcruiser.com\/de\/#\/schema\/logo\/image\/\"}}]}<\/script>\n<!-- \/ Yoast SEO plugin. -->","yoast_head_json":{"title":"Nike Zoom Rotational 6 'Obsidian Orange Pulse' - Tourcruiser PTE. LTD","robots":{"index":"index","follow":"follow","max-snippet":"max-snippet:-1","max-image-preview":"max-image-preview:large","max-video-preview":"max-video-preview:-1"},"canonical":"https:\/\/tourcruiser.com\/de\/products\/nike-zoom-rotational-6-obsidian-orange-pulse-fz9606-400\/","og_locale":"de_DE","og_type":"article","og_title":"Nike Zoom Rotational 6 'Obsidian Orange Pulse' - Tourcruiser PTE. LTD","og_description":"Nike Zoom Rotational 6 \u2014 Obsidian\/Hyper Violet\/Hyper Turquoise\/Orange Pulse","og_url":"https:\/\/tourcruiser.com\/de\/products\/nike-zoom-rotational-6-obsidian-orange-pulse-fz9606-400\/","og_site_name":"Tourcruiser Sneaker Store","article_modified_time":"2026-03-27T17:28:03+00:00","twitter_card":"summary_large_image","twitter_image":"https:\/\/images.novelship.com\/product\/nike_zoom_rotational_6_obsidian_hyper_violet_orang_0_96187.jpeg","twitter_misc":{"Gesch\u00e4tzte Lesezeit":"1\u00a0Minute"},"schema":{"@context":"https:\/\/schema.org","@graph":[{"@type":"WebPage","@id":"https:\/\/tourcruiser.com\/de\/products\/nike-zoom-rotational-6-obsidian-orange-pulse-fz9606-400\/","url":"https:\/\/tourcruiser.com\/de\/products\/nike-zoom-rotational-6-obsidian-orange-pulse-fz9606-400\/","name":"Nike Zoom Rotational 6 'Obsidian Orange Pulse' - Tourcruiser PTE. LTD","isPartOf":{"@id":"https:\/\/tourcruiser.com\/de\/#website"},"primaryImageOfPage":{"@id":"https:\/\/tourcruiser.com\/de\/products\/nike-zoom-rotational-6-obsidian-orange-pulse-fz9606-400\/#primaryimage"},"image":{"@id":"https:\/\/tourcruiser.com\/de\/products\/nike-zoom-rotational-6-obsidian-orange-pulse-fz9606-400\/#primaryimage"},"thumbnailUrl":"https:\/\/images.novelship.com\/product\/nike_zoom_rotational_6_obsidian_hyper_violet_orang_0_96187.jpeg","datePublished":"2026-02-20T08:11:32+00:00","dateModified":"2026-03-27T17:28:03+00:00","breadcrumb":{"@id":"https:\/\/tourcruiser.com\/de\/products\/nike-zoom-rotational-6-obsidian-orange-pulse-fz9606-400\/#breadcrumb"},"inLanguage":"de","potentialAction":[{"@type":"ReadAction","target":["https:\/\/tourcruiser.com\/de\/products\/nike-zoom-rotational-6-obsidian-orange-pulse-fz9606-400\/"]}]},{"@type":"ImageObject","inLanguage":"de","@id":"https:\/\/tourcruiser.com\/de\/products\/nike-zoom-rotational-6-obsidian-orange-pulse-fz9606-400\/#primaryimage","url":"https:\/\/images.novelship.com\/product\/nike_zoom_rotational_6_obsidian_hyper_violet_orang_0_96187.jpeg","contentUrl":"https:\/\/images.novelship.com\/product\/nike_zoom_rotational_6_obsidian_hyper_violet_orang_0_96187.jpeg"},{"@type":"BreadcrumbList","@id":"https:\/\/tourcruiser.com\/de\/products\/nike-zoom-rotational-6-obsidian-orange-pulse-fz9606-400\/#breadcrumb","itemListElement":[{"@type":"ListItem","position":1,"name":"Home","item":"https:\/\/tourcruiser.com\/de\/"},{"@type":"ListItem","position":2,"name":"Shop","item":"https:\/\/tourcruiser.com\/de\/shop\/"},{"@type":"ListItem","position":3,"name":"Nike Zoom Rotational 6 'Obsidian Orange Pulse'"}]},{"@type":"WebSite","@id":"https:\/\/tourcruiser.com\/de\/#website","url":"https:\/\/tourcruiser.com\/de\/","name":"Styloral Jewelry Shop","description":"Tourcruiser Sneaker Store \u2014 der Ort, an dem das Universum deine Einzigartigkeit trifft.","publisher":{"@id":"https:\/\/tourcruiser.com\/de\/#organization"},"potentialAction":[{"@type":"SearchAction","target":{"@type":"EntryPoint","urlTemplate":"https:\/\/tourcruiser.com\/de\/?s={search_term_string}"},"query-input":{"@type":"PropertyValueSpecification","valueRequired":true,"valueName":"search_term_string"}}],"inLanguage":"de"},{"@type":"Organization","@id":"https:\/\/tourcruiser.com\/de\/#organization","name":"STYLORAL PTE. LTD","url":"https:\/\/tourcruiser.com\/de\/","logo":{"@type":"ImageObject","inLanguage":"de","@id":"https:\/\/tourcruiser.com\/de\/#\/schema\/logo\/image\/","url":"https:\/\/www.tourcruiser.com\/wp-content\/uploads\/2025\/12\/logo.png","contentUrl":"https:\/\/www.tourcruiser.com\/wp-content\/uploads\/2025\/12\/logo.png","width":200,"height":65,"caption":"STYLORAL PTE. LTD"},"image":{"@id":"https:\/\/tourcruiser.com\/de\/#\/schema\/logo\/image\/"}}]}},"_links":{"self":[{"href":"https:\/\/tourcruiser.com\/de\/wp-json\/wp\/v2\/product\/17575","targetHints":{"allow":["GET"]}}],"collection":[{"href":"https:\/\/tourcruiser.com\/de\/wp-json\/wp\/v2\/product"}],"about":[{"href":"https:\/\/tourcruiser.com\/de\/wp-json\/wp\/v2\/types\/product"}],"replies":[{"embeddable":true,"href":"https:\/\/tourcruiser.com\/de\/wp-json\/wp\/v2\/comments?post=17575"}],"wp:featuredmedia":[{"embeddable":true,"href":"https:\/\/tourcruiser.com\/de\/wp-json\/wp\/v2\/media\/17576"}],"wp:attachment":[{"href":"https:\/\/tourcruiser.com\/de\/wp-json\/wp\/v2\/media?parent=17575"}],"wp:term":[{"taxonomy":"product_brand","embeddable":true,"href":"https:\/\/tourcruiser.com\/de\/wp-json\/wp\/v2\/product_brand?post=17575"},{"taxonomy":"product_cat","embeddable":true,"href":"https:\/\/tourcruiser.com\/de\/wp-json\/wp\/v2\/product_cat?post=17575"},{"taxonomy":"product_tag","embeddable":true,"href":"https:\/\/tourcruiser.com\/de\/wp-json\/wp\/v2\/product_tag?post=17575"}],"curies":[{"name":"wp","href":"https:\/\/api.w.org\/{rel}","templated":true}]}}