{"id":175702,"date":"2026-03-02T16:29:01","date_gmt":"2026-03-02T09:29:01","guid":{"rendered":"http:\/\/tourcruiser.com\/product\/asics-gt-1000-13-black-digital-aqua"},"modified":"2026-03-28T01:43:32","modified_gmt":"2026-03-27T18:43:32","slug":"asics-gt-1000-13-black-digital-aqua","status":"publish","type":"product","link":"https:\/\/tourcruiser.com\/de\/products\/asics-gt-1000-13-black-digital-aqua\/","title":{"rendered":"ASICS Gt-1000 13 &#8218;Black Digital Aqua&#8216;"},"content":{"rendered":"<p>Erleben Sie ultimativen Halt und Komfort mit dem ASICS GT-1000 13 \u201eBlack Digital Aqua\u201c, einem leichten Laufschuh f\u00fcr alle, die im Alltag Stabilit\u00e4t und Leistung suchen. Dank der FLYTEFOAM-D\u00e4mpfungstechnologie bietet dieser Schuh hervorragende Sto\u00dfd\u00e4mpfung und Energier\u00fcckgabe f\u00fcr ein geschmeidiges und reaktionsfreudiges Laufgef\u00fchl. Das atmungsaktive und flexible Obermaterial aus Funktionsmesh sorgt f\u00fcr optimale Bewegungsfreiheit, w\u00e4hrend die LITETRUSS-Mittelsohle strukturierten Halt bietet und \u00dcberpronation vorbeugt.<\/p>\n<p>Das elegante schwarze Design mit leuchtenden Akzenten in Digital Aqua verleiht dem Schuh einen modernen und stylischen Look und macht ihn perfekt f\u00fcr sportliche H\u00f6chstleistungen und den Alltag. Die strapazierf\u00e4hige Au\u00dfensohle aus abriebfestem Gummi bietet lange Haltbarkeit und zuverl\u00e4ssige Traktion auf verschiedenen Untergr\u00fcnden. Der ASICS GT-1000 13 ist auf Effizienz und Komfort ausgelegt und ideal f\u00fcr jeden Lauf, egal ob kurze Joggingrunde oder lange Distanz. Egal ob erfahrener L\u00e4ufer oder Anf\u00e4nger \u201d\u201c diese Schuhe sorgen f\u00fcr sicheren und komfortablen Laufkomfort bei jedem Schritt.<\/p>\n<ul>\n<li><strong>Farbgebung:<\/strong> Schwarz\/Digital Aqua<\/li>\n<li><strong>Artikelnummer:<\/strong> 1011B858-001<\/li>\n<li><strong>Obermaterial:<\/strong> Mesh<\/li>\n<li><strong>Farbe:<\/strong> Schwarz<\/li>\n<\/ul>\n","protected":false},"excerpt":{"rendered":"<p>ASICS GT-1000 13 \u201d\u201d Black\/Digital Aqua<\/p>\n","protected":false},"featured_media":175703,"comment_status":"open","ping_status":"closed","template":"","meta":[],"product_brand":[],"product_cat":[10792],"product_tag":[10917],"class_list":{"0":"post-175702","1":"product","2":"type-product","3":"status-publish","4":"has-post-thumbnail","6":"product_cat-asics","7":"product_tag-small-130-usd","8":"wcpa_has_options","10":"first","11":"outofstock","12":"taxable","13":"shipping-taxable","14":"purchasable","15":"product-type-simple"},"wcpa_form_fields":{"rules":{"pric_overide_base_price":false,"pric_overide_base_price_if_gt_zero":false,"pric_overide_base_price_fully":false,"pric_cal_option_once":false,"pric_use_as_fee":false,"bind_quantity":false,"quantity_bind_formula":false},"fields":[{"type":"color-group","required":true,"elementId":"wcpa-color-group-69a5ab08ee12d","label":"Gr\u00f6\u00dfe","inline":true,"priceOptions":"different_for_all","pricingType":"fixed","className":"hassizechart product-shoes-size-eu product-shoes-size","name":"color-group-69a5ab08ee136","disp_type":"square","selection_type":"tick-border","disp_size":"50","show_label_inside":true,"adjust_width":true,"cart_display_type":"text","other_text":"Other","cl_rule":"show","col":6,"values":[{"label":"36","value":"EU 36","price":"","pimage":"","pimage_id":"","pthumb":"","color":"","selected":true},{"label":"37","value":"EU 37","price":"","pimage":"","pimage_id":"","pthumb":"","color":""},{"label":"37.5","value":"EU 37.5","price":"","pimage":"","pimage_id":"","pthumb":"","color":""},{"label":"38","value":"EU 38","price":"","pimage":"","pimage_id":"","pthumb":"","color":""},{"label":"38.5","value":"EU 38.5","price":"","pimage":"","pimage_id":"","pthumb":"","color":""},{"label":"39","value":"EU 39","price":"","pimage":"","pimage_id":"","pthumb":"","color":""},{"label":"39.5","value":"EU 39.5","price":"","pimage":"","pimage_id":"","pthumb":"","color":""},{"label":"40","value":"EU 40","price":"","pimage":"","pimage_id":"","pthumb":"","color":""},{"label":"40.5","value":"EU 40.5","price":"","pimage":"","pimage_id":"","pthumb":"","color":""},{"label":" 41.5","value":"EU 41.5","price":"","pimage":"","pimage_id":"","pthumb":"","color":""},{"label":"42","value":"EU 42","price":"","pimage":"","pimage_id":"","pthumb":"","color":""},{"label":"42.5","value":"EU 42.5","price":"","pimage":"","pimage_id":"","pthumb":"","color":""},{"label":"43.5","value":"EU 43.5","price":"","pimage":"","pimage_id":"","pthumb":"","color":""},{"label":"44","value":"EU 44","price":"","pimage":"","pimage_id":"","pthumb":"","color":""},{"label":"44.5","value":"EU 44.5","price":"","pimage":"","pimage_id":"","pthumb":"","color":""},{"label":"45","value":"EU 45","price":"","pimage":"","pimage_id":"","pthumb":"","color":""}],"relations":[{"operator":false,"rules":[]}],"form_id":184311,"form_rules":{"pric_cal_option_once":false,"exclude_from_discount":false,"pric_use_as_fee":false,"fee_label":"Fee","render_after_acb":false,"disp_hide_options_price":false}}]},"yoast_head":"<!-- This site is optimized with the Yoast SEO plugin v26.5 - https:\/\/yoast.com\/wordpress\/plugins\/seo\/ -->\n<title>ASICS Gt-1000 13 &#039;Black Digital Aqua&#039;  - Tourcruiser PTE. LTD<\/title>\n<meta name=\"robots\" content=\"index, follow, max-snippet:-1, max-image-preview:large, max-video-preview:-1\" \/>\n<link rel=\"canonical\" href=\"https:\/\/tourcruiser.com\/de\/products\/asics-gt-1000-13-black-digital-aqua\/\" \/>\n<meta property=\"og:locale\" content=\"de_DE\" \/>\n<meta property=\"og:type\" content=\"article\" \/>\n<meta property=\"og:title\" content=\"ASICS Gt-1000 13 &#039;Black Digital Aqua&#039;  - Tourcruiser PTE. LTD\" \/>\n<meta property=\"og:description\" content=\"ASICS GT-1000 13 \u201d\u201d Black\/Digital Aqua\" \/>\n<meta property=\"og:url\" content=\"https:\/\/tourcruiser.com\/de\/products\/asics-gt-1000-13-black-digital-aqua\/\" \/>\n<meta property=\"og:site_name\" content=\"Tourcruiser Sneaker Store\" \/>\n<meta property=\"article:modified_time\" content=\"2026-03-27T18:43:32+00:00\" \/>\n<meta name=\"twitter:card\" content=\"summary_large_image\" \/>\n<meta name=\"twitter:image\" content=\"https:\/\/images.novelship.com\/product\/asics_gt-1000_13__black_digital_aqua__1011b858-001_0_585.jpeg;https:\/\/images.novelship.com\/product\/asics_gt-1000_13__black_digital_aqua__1011b858-001_1_585.jpeg;https:\/\/images.novelship.com\/product\/asics_gt-1000_13__black_digital_aqua__1011b858-001_2_586.jpeg;https:\/\/images.novelship.com\/product\/asics_gt-1000_13__black_digital_aqua__1011b858-001_3_586.jpeg;https:\/\/images.novelship.com\/product\/asics_gt-1000_13__black_digital_aqua__1011b858-001_4_586.jpeg;https:\/\/images.novelship.com\/product\/asics_gt-1000_13__black_digital_aqua__1011b858-001_5_586.jpeg;https:\/\/images.novelship.com\/product\/asics_gt-1000_13__black_digital_aqua__1011b858-001_6_586.jpeg;https:\/\/images.novelship.com\/product\/asics_gt-1000_13__black_digital_aqua__1011b858-001_7_586.jpeg\" \/>\n<meta name=\"twitter:label1\" content=\"Gesch\u00e4tzte Lesezeit\" \/>\n\t<meta name=\"twitter:data1\" content=\"1\u00a0Minute\" \/>\n<script type=\"application\/ld+json\" class=\"yoast-schema-graph\">{\"@context\":\"https:\/\/schema.org\",\"@graph\":[{\"@type\":\"WebPage\",\"@id\":\"https:\/\/tourcruiser.com\/de\/products\/asics-gt-1000-13-black-digital-aqua\/\",\"url\":\"https:\/\/tourcruiser.com\/de\/products\/asics-gt-1000-13-black-digital-aqua\/\",\"name\":\"ASICS Gt-1000 13 'Black Digital Aqua' - Tourcruiser PTE. LTD\",\"isPartOf\":{\"@id\":\"https:\/\/tourcruiser.com\/de\/#website\"},\"primaryImageOfPage\":{\"@id\":\"https:\/\/tourcruiser.com\/de\/products\/asics-gt-1000-13-black-digital-aqua\/#primaryimage\"},\"image\":{\"@id\":\"https:\/\/tourcruiser.com\/de\/products\/asics-gt-1000-13-black-digital-aqua\/#primaryimage\"},\"thumbnailUrl\":\"https:\/\/images.novelship.com\/product\/asics_gt-1000_13__black_digital_aqua__1011b858-001_0_585.jpeg;https:\/\/images.novelship.com\/product\/asics_gt-1000_13__black_digital_aqua__1011b858-001_1_585.jpeg;https:\/\/images.novelship.com\/product\/asics_gt-1000_13__black_digital_aqua__1011b858-001_2_586.jpeg;https:\/\/images.novelship.com\/product\/asics_gt-1000_13__black_digital_aqua__1011b858-001_3_586.jpeg;https:\/\/images.novelship.com\/product\/asics_gt-1000_13__black_digital_aqua__1011b858-001_4_586.jpeg;https:\/\/images.novelship.com\/product\/asics_gt-1000_13__black_digital_aqua__1011b858-001_5_586.jpeg;https:\/\/images.novelship.com\/product\/asics_gt-1000_13__black_digital_aqua__1011b858-001_6_586.jpeg;https:\/\/images.novelship.com\/product\/asics_gt-1000_13__black_digital_aqua__1011b858-001_7_586.jpeg\",\"datePublished\":\"2026-03-02T09:29:01+00:00\",\"dateModified\":\"2026-03-27T18:43:32+00:00\",\"breadcrumb\":{\"@id\":\"https:\/\/tourcruiser.com\/de\/products\/asics-gt-1000-13-black-digital-aqua\/#breadcrumb\"},\"inLanguage\":\"de\",\"potentialAction\":[{\"@type\":\"ReadAction\",\"target\":[\"https:\/\/tourcruiser.com\/de\/products\/asics-gt-1000-13-black-digital-aqua\/\"]}]},{\"@type\":\"ImageObject\",\"inLanguage\":\"de\",\"@id\":\"https:\/\/tourcruiser.com\/de\/products\/asics-gt-1000-13-black-digital-aqua\/#primaryimage\",\"url\":\"https:\/\/images.novelship.com\/product\/asics_gt-1000_13__black_digital_aqua__1011b858-001_0_585.jpeg;https:\/\/images.novelship.com\/product\/asics_gt-1000_13__black_digital_aqua__1011b858-001_1_585.jpeg;https:\/\/images.novelship.com\/product\/asics_gt-1000_13__black_digital_aqua__1011b858-001_2_586.jpeg;https:\/\/images.novelship.com\/product\/asics_gt-1000_13__black_digital_aqua__1011b858-001_3_586.jpeg;https:\/\/images.novelship.com\/product\/asics_gt-1000_13__black_digital_aqua__1011b858-001_4_586.jpeg;https:\/\/images.novelship.com\/product\/asics_gt-1000_13__black_digital_aqua__1011b858-001_5_586.jpeg;https:\/\/images.novelship.com\/product\/asics_gt-1000_13__black_digital_aqua__1011b858-001_6_586.jpeg;https:\/\/images.novelship.com\/product\/asics_gt-1000_13__black_digital_aqua__1011b858-001_7_586.jpeg\",\"contentUrl\":\"https:\/\/images.novelship.com\/product\/asics_gt-1000_13__black_digital_aqua__1011b858-001_0_585.jpeg;https:\/\/images.novelship.com\/product\/asics_gt-1000_13__black_digital_aqua__1011b858-001_1_585.jpeg;https:\/\/images.novelship.com\/product\/asics_gt-1000_13__black_digital_aqua__1011b858-001_2_586.jpeg;https:\/\/images.novelship.com\/product\/asics_gt-1000_13__black_digital_aqua__1011b858-001_3_586.jpeg;https:\/\/images.novelship.com\/product\/asics_gt-1000_13__black_digital_aqua__1011b858-001_4_586.jpeg;https:\/\/images.novelship.com\/product\/asics_gt-1000_13__black_digital_aqua__1011b858-001_5_586.jpeg;https:\/\/images.novelship.com\/product\/asics_gt-1000_13__black_digital_aqua__1011b858-001_6_586.jpeg;https:\/\/images.novelship.com\/product\/asics_gt-1000_13__black_digital_aqua__1011b858-001_7_586.jpeg\"},{\"@type\":\"BreadcrumbList\",\"@id\":\"https:\/\/tourcruiser.com\/de\/products\/asics-gt-1000-13-black-digital-aqua\/#breadcrumb\",\"itemListElement\":[{\"@type\":\"ListItem\",\"position\":1,\"name\":\"Home\",\"item\":\"https:\/\/tourcruiser.com\/de\/\"},{\"@type\":\"ListItem\",\"position\":2,\"name\":\"Shop\",\"item\":\"https:\/\/tourcruiser.com\/de\/shop\/\"},{\"@type\":\"ListItem\",\"position\":3,\"name\":\"ASICS Gt-1000 13 'Black Digital Aqua'\"}]},{\"@type\":\"WebSite\",\"@id\":\"https:\/\/tourcruiser.com\/de\/#website\",\"url\":\"https:\/\/tourcruiser.com\/de\/\",\"name\":\"Styloral Jewelry Shop\",\"description\":\"Tourcruiser Sneaker Store \u2014 der Ort, an dem das Universum deine Einzigartigkeit trifft.\",\"publisher\":{\"@id\":\"https:\/\/tourcruiser.com\/de\/#organization\"},\"potentialAction\":[{\"@type\":\"SearchAction\",\"target\":{\"@type\":\"EntryPoint\",\"urlTemplate\":\"https:\/\/tourcruiser.com\/de\/?s={search_term_string}\"},\"query-input\":{\"@type\":\"PropertyValueSpecification\",\"valueRequired\":true,\"valueName\":\"search_term_string\"}}],\"inLanguage\":\"de\"},{\"@type\":\"Organization\",\"@id\":\"https:\/\/tourcruiser.com\/de\/#organization\",\"name\":\"STYLORAL PTE. LTD\",\"url\":\"https:\/\/tourcruiser.com\/de\/\",\"logo\":{\"@type\":\"ImageObject\",\"inLanguage\":\"de\",\"@id\":\"https:\/\/tourcruiser.com\/de\/#\/schema\/logo\/image\/\",\"url\":\"https:\/\/www.tourcruiser.com\/wp-content\/uploads\/2025\/12\/logo.png\",\"contentUrl\":\"https:\/\/www.tourcruiser.com\/wp-content\/uploads\/2025\/12\/logo.png\",\"width\":200,\"height\":65,\"caption\":\"STYLORAL PTE. LTD\"},\"image\":{\"@id\":\"https:\/\/tourcruiser.com\/de\/#\/schema\/logo\/image\/\"}}]}<\/script>\n<!-- \/ Yoast SEO plugin. -->","yoast_head_json":{"title":"ASICS Gt-1000 13 'Black Digital Aqua'  - Tourcruiser PTE. LTD","robots":{"index":"index","follow":"follow","max-snippet":"max-snippet:-1","max-image-preview":"max-image-preview:large","max-video-preview":"max-video-preview:-1"},"canonical":"https:\/\/tourcruiser.com\/de\/products\/asics-gt-1000-13-black-digital-aqua\/","og_locale":"de_DE","og_type":"article","og_title":"ASICS Gt-1000 13 'Black Digital Aqua'  - Tourcruiser PTE. LTD","og_description":"ASICS GT-1000 13 \u201d\u201d Black\/Digital Aqua","og_url":"https:\/\/tourcruiser.com\/de\/products\/asics-gt-1000-13-black-digital-aqua\/","og_site_name":"Tourcruiser Sneaker Store","article_modified_time":"2026-03-27T18:43:32+00:00","twitter_card":"summary_large_image","twitter_image":"https:\/\/images.novelship.com\/product\/asics_gt-1000_13__black_digital_aqua__1011b858-001_0_585.jpeg;https:\/\/images.novelship.com\/product\/asics_gt-1000_13__black_digital_aqua__1011b858-001_1_585.jpeg;https:\/\/images.novelship.com\/product\/asics_gt-1000_13__black_digital_aqua__1011b858-001_2_586.jpeg;https:\/\/images.novelship.com\/product\/asics_gt-1000_13__black_digital_aqua__1011b858-001_3_586.jpeg;https:\/\/images.novelship.com\/product\/asics_gt-1000_13__black_digital_aqua__1011b858-001_4_586.jpeg;https:\/\/images.novelship.com\/product\/asics_gt-1000_13__black_digital_aqua__1011b858-001_5_586.jpeg;https:\/\/images.novelship.com\/product\/asics_gt-1000_13__black_digital_aqua__1011b858-001_6_586.jpeg;https:\/\/images.novelship.com\/product\/asics_gt-1000_13__black_digital_aqua__1011b858-001_7_586.jpeg","twitter_misc":{"Gesch\u00e4tzte Lesezeit":"1\u00a0Minute"},"schema":{"@context":"https:\/\/schema.org","@graph":[{"@type":"WebPage","@id":"https:\/\/tourcruiser.com\/de\/products\/asics-gt-1000-13-black-digital-aqua\/","url":"https:\/\/tourcruiser.com\/de\/products\/asics-gt-1000-13-black-digital-aqua\/","name":"ASICS Gt-1000 13 'Black Digital Aqua' - Tourcruiser PTE. LTD","isPartOf":{"@id":"https:\/\/tourcruiser.com\/de\/#website"},"primaryImageOfPage":{"@id":"https:\/\/tourcruiser.com\/de\/products\/asics-gt-1000-13-black-digital-aqua\/#primaryimage"},"image":{"@id":"https:\/\/tourcruiser.com\/de\/products\/asics-gt-1000-13-black-digital-aqua\/#primaryimage"},"thumbnailUrl":"https:\/\/images.novelship.com\/product\/asics_gt-1000_13__black_digital_aqua__1011b858-001_0_585.jpeg;https:\/\/images.novelship.com\/product\/asics_gt-1000_13__black_digital_aqua__1011b858-001_1_585.jpeg;https:\/\/images.novelship.com\/product\/asics_gt-1000_13__black_digital_aqua__1011b858-001_2_586.jpeg;https:\/\/images.novelship.com\/product\/asics_gt-1000_13__black_digital_aqua__1011b858-001_3_586.jpeg;https:\/\/images.novelship.com\/product\/asics_gt-1000_13__black_digital_aqua__1011b858-001_4_586.jpeg;https:\/\/images.novelship.com\/product\/asics_gt-1000_13__black_digital_aqua__1011b858-001_5_586.jpeg;https:\/\/images.novelship.com\/product\/asics_gt-1000_13__black_digital_aqua__1011b858-001_6_586.jpeg;https:\/\/images.novelship.com\/product\/asics_gt-1000_13__black_digital_aqua__1011b858-001_7_586.jpeg","datePublished":"2026-03-02T09:29:01+00:00","dateModified":"2026-03-27T18:43:32+00:00","breadcrumb":{"@id":"https:\/\/tourcruiser.com\/de\/products\/asics-gt-1000-13-black-digital-aqua\/#breadcrumb"},"inLanguage":"de","potentialAction":[{"@type":"ReadAction","target":["https:\/\/tourcruiser.com\/de\/products\/asics-gt-1000-13-black-digital-aqua\/"]}]},{"@type":"ImageObject","inLanguage":"de","@id":"https:\/\/tourcruiser.com\/de\/products\/asics-gt-1000-13-black-digital-aqua\/#primaryimage","url":"https:\/\/images.novelship.com\/product\/asics_gt-1000_13__black_digital_aqua__1011b858-001_0_585.jpeg;https:\/\/images.novelship.com\/product\/asics_gt-1000_13__black_digital_aqua__1011b858-001_1_585.jpeg;https:\/\/images.novelship.com\/product\/asics_gt-1000_13__black_digital_aqua__1011b858-001_2_586.jpeg;https:\/\/images.novelship.com\/product\/asics_gt-1000_13__black_digital_aqua__1011b858-001_3_586.jpeg;https:\/\/images.novelship.com\/product\/asics_gt-1000_13__black_digital_aqua__1011b858-001_4_586.jpeg;https:\/\/images.novelship.com\/product\/asics_gt-1000_13__black_digital_aqua__1011b858-001_5_586.jpeg;https:\/\/images.novelship.com\/product\/asics_gt-1000_13__black_digital_aqua__1011b858-001_6_586.jpeg;https:\/\/images.novelship.com\/product\/asics_gt-1000_13__black_digital_aqua__1011b858-001_7_586.jpeg","contentUrl":"https:\/\/images.novelship.com\/product\/asics_gt-1000_13__black_digital_aqua__1011b858-001_0_585.jpeg;https:\/\/images.novelship.com\/product\/asics_gt-1000_13__black_digital_aqua__1011b858-001_1_585.jpeg;https:\/\/images.novelship.com\/product\/asics_gt-1000_13__black_digital_aqua__1011b858-001_2_586.jpeg;https:\/\/images.novelship.com\/product\/asics_gt-1000_13__black_digital_aqua__1011b858-001_3_586.jpeg;https:\/\/images.novelship.com\/product\/asics_gt-1000_13__black_digital_aqua__1011b858-001_4_586.jpeg;https:\/\/images.novelship.com\/product\/asics_gt-1000_13__black_digital_aqua__1011b858-001_5_586.jpeg;https:\/\/images.novelship.com\/product\/asics_gt-1000_13__black_digital_aqua__1011b858-001_6_586.jpeg;https:\/\/images.novelship.com\/product\/asics_gt-1000_13__black_digital_aqua__1011b858-001_7_586.jpeg"},{"@type":"BreadcrumbList","@id":"https:\/\/tourcruiser.com\/de\/products\/asics-gt-1000-13-black-digital-aqua\/#breadcrumb","itemListElement":[{"@type":"ListItem","position":1,"name":"Home","item":"https:\/\/tourcruiser.com\/de\/"},{"@type":"ListItem","position":2,"name":"Shop","item":"https:\/\/tourcruiser.com\/de\/shop\/"},{"@type":"ListItem","position":3,"name":"ASICS Gt-1000 13 'Black Digital Aqua'"}]},{"@type":"WebSite","@id":"https:\/\/tourcruiser.com\/de\/#website","url":"https:\/\/tourcruiser.com\/de\/","name":"Styloral Jewelry Shop","description":"Tourcruiser Sneaker Store \u2014 der Ort, an dem das Universum deine Einzigartigkeit trifft.","publisher":{"@id":"https:\/\/tourcruiser.com\/de\/#organization"},"potentialAction":[{"@type":"SearchAction","target":{"@type":"EntryPoint","urlTemplate":"https:\/\/tourcruiser.com\/de\/?s={search_term_string}"},"query-input":{"@type":"PropertyValueSpecification","valueRequired":true,"valueName":"search_term_string"}}],"inLanguage":"de"},{"@type":"Organization","@id":"https:\/\/tourcruiser.com\/de\/#organization","name":"STYLORAL PTE. LTD","url":"https:\/\/tourcruiser.com\/de\/","logo":{"@type":"ImageObject","inLanguage":"de","@id":"https:\/\/tourcruiser.com\/de\/#\/schema\/logo\/image\/","url":"https:\/\/www.tourcruiser.com\/wp-content\/uploads\/2025\/12\/logo.png","contentUrl":"https:\/\/www.tourcruiser.com\/wp-content\/uploads\/2025\/12\/logo.png","width":200,"height":65,"caption":"STYLORAL PTE. LTD"},"image":{"@id":"https:\/\/tourcruiser.com\/de\/#\/schema\/logo\/image\/"}}]}},"_links":{"self":[{"href":"https:\/\/tourcruiser.com\/de\/wp-json\/wp\/v2\/product\/175702","targetHints":{"allow":["GET"]}}],"collection":[{"href":"https:\/\/tourcruiser.com\/de\/wp-json\/wp\/v2\/product"}],"about":[{"href":"https:\/\/tourcruiser.com\/de\/wp-json\/wp\/v2\/types\/product"}],"replies":[{"embeddable":true,"href":"https:\/\/tourcruiser.com\/de\/wp-json\/wp\/v2\/comments?post=175702"}],"wp:featuredmedia":[{"embeddable":true,"href":"https:\/\/tourcruiser.com\/de\/wp-json\/wp\/v2\/media\/175703"}],"wp:attachment":[{"href":"https:\/\/tourcruiser.com\/de\/wp-json\/wp\/v2\/media?parent=175702"}],"wp:term":[{"taxonomy":"product_brand","embeddable":true,"href":"https:\/\/tourcruiser.com\/de\/wp-json\/wp\/v2\/product_brand?post=175702"},{"taxonomy":"product_cat","embeddable":true,"href":"https:\/\/tourcruiser.com\/de\/wp-json\/wp\/v2\/product_cat?post=175702"},{"taxonomy":"product_tag","embeddable":true,"href":"https:\/\/tourcruiser.com\/de\/wp-json\/wp\/v2\/product_tag?post=175702"}],"curies":[{"name":"wp","href":"https:\/\/api.w.org\/{rel}","templated":true}]}}