{"id":175400,"date":"2026-03-02T16:28:32","date_gmt":"2026-03-02T09:28:32","guid":{"rendered":"http:\/\/tourcruiser.com\/product\/adidas-adizero-high-jump-2024-athlete-pack"},"modified":"2026-03-28T01:43:14","modified_gmt":"2026-03-27T18:43:14","slug":"adidas-adizero-high-jump-2024-athlete-pack","status":"publish","type":"product","link":"https:\/\/tourcruiser.com\/de\/products\/adidas-adizero-high-jump-2024-athlete-pack\/","title":{"rendered":"adidas Adizero High Jump &#8218;2024 Athlete Pack&#8216;"},"content":{"rendered":"<p>Verbessere deine Leistung auf der Laufbahn mit den adidas Adizero HJ Leichtathletikschuhen &#8218;Black Silver&#8216; (ID0304). Diese Schuhe wurden speziell f\u00fcr Hochspringer entwickelt und bieten dank ihres leichten, atmungsaktiven Mesh-Obermaterials optimalen Komfort und maximale Agilit\u00e4t. Die 6-Spike-Konfiguration sorgt f\u00fcr au\u00dfergew\u00f6hnlichen Grip und Traktion beim Absprung und bei der Landung, w\u00e4hrend die reaktionsfreudige Boost-Zwischensohle f\u00fcr explosive Spr\u00fcnge und eine unvergleichliche Energier\u00fcckgabe sorgt. Egal, ob du ein erfahrener Athlet oder ein aufstrebendes Talent bist \u201d\u201c mit den Adizero HJ Schuhen erreichst du neue H\u00f6hen auf der Laufbahn.<\/p>\n<ul>\n<li><strong>Farbgebung:<\/strong> Core Black\/Zero Metallic\/Spark<\/li>\n<li><strong>Artikelnummer:<\/strong> ID0304<\/li>\n<li><strong>Obermaterial:<\/strong> Textil<\/li>\n<li><strong>Zwischensohle:<\/strong> Lightstrike Pro<\/li>\n<li><strong>Farbe:<\/strong> Schwarz<\/li>\n<\/ul>\n","protected":false},"excerpt":{"rendered":"<p>adidas Adizero HJ Track And Field Shoes \u201d\u201d Core Black\/Zero Metalic\/Spark<\/p>\n","protected":false},"featured_media":175401,"comment_status":"open","ping_status":"closed","template":"","meta":[],"product_brand":[],"product_cat":[10760],"product_tag":[10759,10839,10802,10840,10878],"class_list":{"0":"post-175400","1":"product","2":"type-product","3":"status-publish","4":"has-post-thumbnail","6":"product_cat-adidas","7":"product_tag-adidas","8":"product_tag-performance-running-shoes","9":"product_tag-performance-sport-shoes","10":"product_tag-running-shoes","11":"product_tag-track-running-shoes","12":"wcpa_has_options","14":"first","15":"outofstock","16":"taxable","17":"shipping-taxable","18":"purchasable","19":"product-type-simple"},"wcpa_form_fields":{"rules":{"pric_overide_base_price":false,"pric_overide_base_price_if_gt_zero":false,"pric_overide_base_price_fully":false,"pric_cal_option_once":false,"pric_use_as_fee":false,"bind_quantity":false,"quantity_bind_formula":false},"fields":[{"type":"color-group","required":true,"elementId":"wcpa-color-group-66c4a7f817afe","label":"Gr\u00f6\u00dfe","inline":true,"priceOptions":"different_for_all","pricingType":"fixed","className":"hassizechart product-shoes-size-eu product-shoes-size","name":"color-group-66c4a7f817b18","disp_type":"square","selection_type":"tick-border","disp_size":"50","show_label_inside":true,"adjust_width":true,"cart_display_type":"text","other_text":"Other","cl_rule":"show","col":6,"values":[{"label":"35","value":"EU 35","price":"","pimage":"","pimage_id":"","pthumb":"","color":""},{"label":"35.5","value":"EU 35.5","price":"","pimage":"","pimage_id":"","pthumb":"","color":""},{"label":"36","value":"EU 36","price":"","pimage":"","pimage_id":"","pthumb":"","color":"","selected":true},{"label":"36 2\/3","value":"EU 36 2\/3","price":"","pimage":"","pimage_id":"","pthumb":"","color":""},{"label":"37 1\/3","value":"EU 37 1\/3","price":"","pimage":"","pimage_id":"","pthumb":"","color":""},{"label":"38","value":"EU 38","price":"","pimage":"","pimage_id":"","pthumb":"","color":""},{"label":"38 2\/3","value":"EU 38 2\/3","price":"","pimage":"","pimage_id":"","pthumb":"","color":""},{"label":"39 1\/3","value":"EU 39 1\/3","price":"","pimage":"","pimage_id":"","pthumb":"","color":""},{"label":"40","value":"EU 40","price":"","pimage":"","pimage_id":"","pthumb":"","color":""},{"label":"40 2\/3","value":"EU 40 2\/3","price":"","pimage":"","pimage_id":"","pthumb":"","color":""},{"label":"41 1\/3","value":"EU 41 1\/3","price":"","pimage":"","pimage_id":"","pthumb":"","color":""},{"label":"42","value":"EU 42","price":"","pimage":"","pimage_id":"","pthumb":"","color":""},{"label":"42 2\/3","value":"EU 42 2\/3","price":"","pimage":"","pimage_id":"","pthumb":"","color":""},{"label":"43 1\/3","value":"EU 43 1\/3","price":"","pimage":"","pimage_id":"","pthumb":"","color":""},{"label":"44","value":"EU 44","price":"","pimage":"","pimage_id":"","pthumb":"","color":""},{"label":"44 2\/3","value":"EU 44 2\/3","price":"","pimage":"","pimage_id":"","pthumb":"","color":""},{"label":"45 1\/3","value":"EU 45 1\/3","price":"","pimage":"","pimage_id":"","pthumb":"","color":""},{"label":"46","value":"EU 46","price":"","pimage":"","pimage_id":"","pthumb":"","color":""},{"label":"46 2\/3","value":"EU 46 2\/3","price":"","pimage":"","pimage_id":"","pthumb":"","color":""},{"label":"47 1\/3","value":"EU 47 1\/3","price":"","pimage":"","pimage_id":"","pthumb":"","color":""}],"relations":[{"operator":false,"rules":[]}],"form_id":24802,"form_rules":{"pric_cal_option_once":false,"exclude_from_discount":false,"pric_use_as_fee":false,"fee_label":"Fee","render_after_acb":false,"disp_hide_options_price":false}}]},"yoast_head":"<!-- This site is optimized with the Yoast SEO plugin v26.5 - https:\/\/yoast.com\/wordpress\/plugins\/seo\/ -->\n<title>adidas Adizero High Jump &#039;2024 Athlete Pack&#039;  - Tourcruiser PTE. LTD<\/title>\n<meta name=\"robots\" content=\"index, follow, max-snippet:-1, max-image-preview:large, max-video-preview:-1\" \/>\n<link rel=\"canonical\" href=\"https:\/\/tourcruiser.com\/de\/products\/adidas-adizero-high-jump-2024-athlete-pack\/\" \/>\n<meta property=\"og:locale\" content=\"de_DE\" \/>\n<meta property=\"og:type\" content=\"article\" \/>\n<meta property=\"og:title\" content=\"adidas Adizero High Jump &#039;2024 Athlete Pack&#039;  - Tourcruiser PTE. LTD\" \/>\n<meta property=\"og:description\" content=\"adidas Adizero HJ Track And Field Shoes \u201d\u201d Core Black\/Zero Metalic\/Spark\" \/>\n<meta property=\"og:url\" content=\"https:\/\/tourcruiser.com\/de\/products\/adidas-adizero-high-jump-2024-athlete-pack\/\" \/>\n<meta property=\"og:site_name\" content=\"Tourcruiser Sneaker Store\" \/>\n<meta property=\"article:modified_time\" content=\"2026-03-27T18:43:14+00:00\" \/>\n<meta name=\"twitter:card\" content=\"summary_large_image\" \/>\n<meta name=\"twitter:image\" content=\"https:\/\/images.novelship.com\/product\/adidas_adizero_hj_track_and_field_shoes__black_sil_0_78567.jpeg;https:\/\/images.novelship.com\/product\/adidas_adizero_hj_track_and_field_shoes__black_sil_1_78567.jpeg;https:\/\/images.novelship.com\/product\/adidas_adizero_hj_track_and_field_shoes__black_sil_2_78567.jpeg;https:\/\/images.novelship.com\/product\/adidas_adizero_hj_track_and_field_shoes__black_sil_3_78567.jpeg;https:\/\/images.novelship.com\/product\/adidas_adizero_hj_track_and_field_shoes__black_sil_4_78567.jpeg;https:\/\/images.novelship.com\/product\/adidas_adizero_hj_track_and_field_shoes__black_sil_5_78567.jpeg\" \/>\n<meta name=\"twitter:label1\" content=\"Gesch\u00e4tzte Lesezeit\" \/>\n\t<meta name=\"twitter:data1\" content=\"1\u00a0Minute\" \/>\n<script type=\"application\/ld+json\" class=\"yoast-schema-graph\">{\"@context\":\"https:\/\/schema.org\",\"@graph\":[{\"@type\":\"WebPage\",\"@id\":\"https:\/\/tourcruiser.com\/de\/products\/adidas-adizero-high-jump-2024-athlete-pack\/\",\"url\":\"https:\/\/tourcruiser.com\/de\/products\/adidas-adizero-high-jump-2024-athlete-pack\/\",\"name\":\"adidas Adizero High Jump '2024 Athlete Pack' - Tourcruiser PTE. LTD\",\"isPartOf\":{\"@id\":\"https:\/\/tourcruiser.com\/de\/#website\"},\"primaryImageOfPage\":{\"@id\":\"https:\/\/tourcruiser.com\/de\/products\/adidas-adizero-high-jump-2024-athlete-pack\/#primaryimage\"},\"image\":{\"@id\":\"https:\/\/tourcruiser.com\/de\/products\/adidas-adizero-high-jump-2024-athlete-pack\/#primaryimage\"},\"thumbnailUrl\":\"https:\/\/images.novelship.com\/product\/adidas_adizero_hj_track_and_field_shoes__black_sil_0_78567.jpeg;https:\/\/images.novelship.com\/product\/adidas_adizero_hj_track_and_field_shoes__black_sil_1_78567.jpeg;https:\/\/images.novelship.com\/product\/adidas_adizero_hj_track_and_field_shoes__black_sil_2_78567.jpeg;https:\/\/images.novelship.com\/product\/adidas_adizero_hj_track_and_field_shoes__black_sil_3_78567.jpeg;https:\/\/images.novelship.com\/product\/adidas_adizero_hj_track_and_field_shoes__black_sil_4_78567.jpeg;https:\/\/images.novelship.com\/product\/adidas_adizero_hj_track_and_field_shoes__black_sil_5_78567.jpeg\",\"datePublished\":\"2026-03-02T09:28:32+00:00\",\"dateModified\":\"2026-03-27T18:43:14+00:00\",\"breadcrumb\":{\"@id\":\"https:\/\/tourcruiser.com\/de\/products\/adidas-adizero-high-jump-2024-athlete-pack\/#breadcrumb\"},\"inLanguage\":\"de\",\"potentialAction\":[{\"@type\":\"ReadAction\",\"target\":[\"https:\/\/tourcruiser.com\/de\/products\/adidas-adizero-high-jump-2024-athlete-pack\/\"]}]},{\"@type\":\"ImageObject\",\"inLanguage\":\"de\",\"@id\":\"https:\/\/tourcruiser.com\/de\/products\/adidas-adizero-high-jump-2024-athlete-pack\/#primaryimage\",\"url\":\"https:\/\/images.novelship.com\/product\/adidas_adizero_hj_track_and_field_shoes__black_sil_0_78567.jpeg;https:\/\/images.novelship.com\/product\/adidas_adizero_hj_track_and_field_shoes__black_sil_1_78567.jpeg;https:\/\/images.novelship.com\/product\/adidas_adizero_hj_track_and_field_shoes__black_sil_2_78567.jpeg;https:\/\/images.novelship.com\/product\/adidas_adizero_hj_track_and_field_shoes__black_sil_3_78567.jpeg;https:\/\/images.novelship.com\/product\/adidas_adizero_hj_track_and_field_shoes__black_sil_4_78567.jpeg;https:\/\/images.novelship.com\/product\/adidas_adizero_hj_track_and_field_shoes__black_sil_5_78567.jpeg\",\"contentUrl\":\"https:\/\/images.novelship.com\/product\/adidas_adizero_hj_track_and_field_shoes__black_sil_0_78567.jpeg;https:\/\/images.novelship.com\/product\/adidas_adizero_hj_track_and_field_shoes__black_sil_1_78567.jpeg;https:\/\/images.novelship.com\/product\/adidas_adizero_hj_track_and_field_shoes__black_sil_2_78567.jpeg;https:\/\/images.novelship.com\/product\/adidas_adizero_hj_track_and_field_shoes__black_sil_3_78567.jpeg;https:\/\/images.novelship.com\/product\/adidas_adizero_hj_track_and_field_shoes__black_sil_4_78567.jpeg;https:\/\/images.novelship.com\/product\/adidas_adizero_hj_track_and_field_shoes__black_sil_5_78567.jpeg\"},{\"@type\":\"BreadcrumbList\",\"@id\":\"https:\/\/tourcruiser.com\/de\/products\/adidas-adizero-high-jump-2024-athlete-pack\/#breadcrumb\",\"itemListElement\":[{\"@type\":\"ListItem\",\"position\":1,\"name\":\"Home\",\"item\":\"https:\/\/tourcruiser.com\/de\/\"},{\"@type\":\"ListItem\",\"position\":2,\"name\":\"Shop\",\"item\":\"https:\/\/tourcruiser.com\/de\/shop\/\"},{\"@type\":\"ListItem\",\"position\":3,\"name\":\"adidas Adizero High Jump '2024 Athlete Pack'\"}]},{\"@type\":\"WebSite\",\"@id\":\"https:\/\/tourcruiser.com\/de\/#website\",\"url\":\"https:\/\/tourcruiser.com\/de\/\",\"name\":\"Styloral Jewelry Shop\",\"description\":\"Tourcruiser Sneaker Store \u2014 der Ort, an dem das Universum deine Einzigartigkeit trifft.\",\"publisher\":{\"@id\":\"https:\/\/tourcruiser.com\/de\/#organization\"},\"potentialAction\":[{\"@type\":\"SearchAction\",\"target\":{\"@type\":\"EntryPoint\",\"urlTemplate\":\"https:\/\/tourcruiser.com\/de\/?s={search_term_string}\"},\"query-input\":{\"@type\":\"PropertyValueSpecification\",\"valueRequired\":true,\"valueName\":\"search_term_string\"}}],\"inLanguage\":\"de\"},{\"@type\":\"Organization\",\"@id\":\"https:\/\/tourcruiser.com\/de\/#organization\",\"name\":\"STYLORAL PTE. LTD\",\"url\":\"https:\/\/tourcruiser.com\/de\/\",\"logo\":{\"@type\":\"ImageObject\",\"inLanguage\":\"de\",\"@id\":\"https:\/\/tourcruiser.com\/de\/#\/schema\/logo\/image\/\",\"url\":\"https:\/\/www.tourcruiser.com\/wp-content\/uploads\/2025\/12\/logo.png\",\"contentUrl\":\"https:\/\/www.tourcruiser.com\/wp-content\/uploads\/2025\/12\/logo.png\",\"width\":200,\"height\":65,\"caption\":\"STYLORAL PTE. LTD\"},\"image\":{\"@id\":\"https:\/\/tourcruiser.com\/de\/#\/schema\/logo\/image\/\"}}]}<\/script>\n<!-- \/ Yoast SEO plugin. -->","yoast_head_json":{"title":"adidas Adizero High Jump '2024 Athlete Pack'  - Tourcruiser PTE. LTD","robots":{"index":"index","follow":"follow","max-snippet":"max-snippet:-1","max-image-preview":"max-image-preview:large","max-video-preview":"max-video-preview:-1"},"canonical":"https:\/\/tourcruiser.com\/de\/products\/adidas-adizero-high-jump-2024-athlete-pack\/","og_locale":"de_DE","og_type":"article","og_title":"adidas Adizero High Jump '2024 Athlete Pack'  - Tourcruiser PTE. LTD","og_description":"adidas Adizero HJ Track And Field Shoes \u201d\u201d Core Black\/Zero Metalic\/Spark","og_url":"https:\/\/tourcruiser.com\/de\/products\/adidas-adizero-high-jump-2024-athlete-pack\/","og_site_name":"Tourcruiser Sneaker Store","article_modified_time":"2026-03-27T18:43:14+00:00","twitter_card":"summary_large_image","twitter_image":"https:\/\/images.novelship.com\/product\/adidas_adizero_hj_track_and_field_shoes__black_sil_0_78567.jpeg;https:\/\/images.novelship.com\/product\/adidas_adizero_hj_track_and_field_shoes__black_sil_1_78567.jpeg;https:\/\/images.novelship.com\/product\/adidas_adizero_hj_track_and_field_shoes__black_sil_2_78567.jpeg;https:\/\/images.novelship.com\/product\/adidas_adizero_hj_track_and_field_shoes__black_sil_3_78567.jpeg;https:\/\/images.novelship.com\/product\/adidas_adizero_hj_track_and_field_shoes__black_sil_4_78567.jpeg;https:\/\/images.novelship.com\/product\/adidas_adizero_hj_track_and_field_shoes__black_sil_5_78567.jpeg","twitter_misc":{"Gesch\u00e4tzte Lesezeit":"1\u00a0Minute"},"schema":{"@context":"https:\/\/schema.org","@graph":[{"@type":"WebPage","@id":"https:\/\/tourcruiser.com\/de\/products\/adidas-adizero-high-jump-2024-athlete-pack\/","url":"https:\/\/tourcruiser.com\/de\/products\/adidas-adizero-high-jump-2024-athlete-pack\/","name":"adidas Adizero High Jump '2024 Athlete Pack' - Tourcruiser PTE. LTD","isPartOf":{"@id":"https:\/\/tourcruiser.com\/de\/#website"},"primaryImageOfPage":{"@id":"https:\/\/tourcruiser.com\/de\/products\/adidas-adizero-high-jump-2024-athlete-pack\/#primaryimage"},"image":{"@id":"https:\/\/tourcruiser.com\/de\/products\/adidas-adizero-high-jump-2024-athlete-pack\/#primaryimage"},"thumbnailUrl":"https:\/\/images.novelship.com\/product\/adidas_adizero_hj_track_and_field_shoes__black_sil_0_78567.jpeg;https:\/\/images.novelship.com\/product\/adidas_adizero_hj_track_and_field_shoes__black_sil_1_78567.jpeg;https:\/\/images.novelship.com\/product\/adidas_adizero_hj_track_and_field_shoes__black_sil_2_78567.jpeg;https:\/\/images.novelship.com\/product\/adidas_adizero_hj_track_and_field_shoes__black_sil_3_78567.jpeg;https:\/\/images.novelship.com\/product\/adidas_adizero_hj_track_and_field_shoes__black_sil_4_78567.jpeg;https:\/\/images.novelship.com\/product\/adidas_adizero_hj_track_and_field_shoes__black_sil_5_78567.jpeg","datePublished":"2026-03-02T09:28:32+00:00","dateModified":"2026-03-27T18:43:14+00:00","breadcrumb":{"@id":"https:\/\/tourcruiser.com\/de\/products\/adidas-adizero-high-jump-2024-athlete-pack\/#breadcrumb"},"inLanguage":"de","potentialAction":[{"@type":"ReadAction","target":["https:\/\/tourcruiser.com\/de\/products\/adidas-adizero-high-jump-2024-athlete-pack\/"]}]},{"@type":"ImageObject","inLanguage":"de","@id":"https:\/\/tourcruiser.com\/de\/products\/adidas-adizero-high-jump-2024-athlete-pack\/#primaryimage","url":"https:\/\/images.novelship.com\/product\/adidas_adizero_hj_track_and_field_shoes__black_sil_0_78567.jpeg;https:\/\/images.novelship.com\/product\/adidas_adizero_hj_track_and_field_shoes__black_sil_1_78567.jpeg;https:\/\/images.novelship.com\/product\/adidas_adizero_hj_track_and_field_shoes__black_sil_2_78567.jpeg;https:\/\/images.novelship.com\/product\/adidas_adizero_hj_track_and_field_shoes__black_sil_3_78567.jpeg;https:\/\/images.novelship.com\/product\/adidas_adizero_hj_track_and_field_shoes__black_sil_4_78567.jpeg;https:\/\/images.novelship.com\/product\/adidas_adizero_hj_track_and_field_shoes__black_sil_5_78567.jpeg","contentUrl":"https:\/\/images.novelship.com\/product\/adidas_adizero_hj_track_and_field_shoes__black_sil_0_78567.jpeg;https:\/\/images.novelship.com\/product\/adidas_adizero_hj_track_and_field_shoes__black_sil_1_78567.jpeg;https:\/\/images.novelship.com\/product\/adidas_adizero_hj_track_and_field_shoes__black_sil_2_78567.jpeg;https:\/\/images.novelship.com\/product\/adidas_adizero_hj_track_and_field_shoes__black_sil_3_78567.jpeg;https:\/\/images.novelship.com\/product\/adidas_adizero_hj_track_and_field_shoes__black_sil_4_78567.jpeg;https:\/\/images.novelship.com\/product\/adidas_adizero_hj_track_and_field_shoes__black_sil_5_78567.jpeg"},{"@type":"BreadcrumbList","@id":"https:\/\/tourcruiser.com\/de\/products\/adidas-adizero-high-jump-2024-athlete-pack\/#breadcrumb","itemListElement":[{"@type":"ListItem","position":1,"name":"Home","item":"https:\/\/tourcruiser.com\/de\/"},{"@type":"ListItem","position":2,"name":"Shop","item":"https:\/\/tourcruiser.com\/de\/shop\/"},{"@type":"ListItem","position":3,"name":"adidas Adizero High Jump '2024 Athlete Pack'"}]},{"@type":"WebSite","@id":"https:\/\/tourcruiser.com\/de\/#website","url":"https:\/\/tourcruiser.com\/de\/","name":"Styloral Jewelry Shop","description":"Tourcruiser Sneaker Store \u2014 der Ort, an dem das Universum deine Einzigartigkeit trifft.","publisher":{"@id":"https:\/\/tourcruiser.com\/de\/#organization"},"potentialAction":[{"@type":"SearchAction","target":{"@type":"EntryPoint","urlTemplate":"https:\/\/tourcruiser.com\/de\/?s={search_term_string}"},"query-input":{"@type":"PropertyValueSpecification","valueRequired":true,"valueName":"search_term_string"}}],"inLanguage":"de"},{"@type":"Organization","@id":"https:\/\/tourcruiser.com\/de\/#organization","name":"STYLORAL PTE. LTD","url":"https:\/\/tourcruiser.com\/de\/","logo":{"@type":"ImageObject","inLanguage":"de","@id":"https:\/\/tourcruiser.com\/de\/#\/schema\/logo\/image\/","url":"https:\/\/www.tourcruiser.com\/wp-content\/uploads\/2025\/12\/logo.png","contentUrl":"https:\/\/www.tourcruiser.com\/wp-content\/uploads\/2025\/12\/logo.png","width":200,"height":65,"caption":"STYLORAL PTE. LTD"},"image":{"@id":"https:\/\/tourcruiser.com\/de\/#\/schema\/logo\/image\/"}}]}},"_links":{"self":[{"href":"https:\/\/tourcruiser.com\/de\/wp-json\/wp\/v2\/product\/175400","targetHints":{"allow":["GET"]}}],"collection":[{"href":"https:\/\/tourcruiser.com\/de\/wp-json\/wp\/v2\/product"}],"about":[{"href":"https:\/\/tourcruiser.com\/de\/wp-json\/wp\/v2\/types\/product"}],"replies":[{"embeddable":true,"href":"https:\/\/tourcruiser.com\/de\/wp-json\/wp\/v2\/comments?post=175400"}],"wp:featuredmedia":[{"embeddable":true,"href":"https:\/\/tourcruiser.com\/de\/wp-json\/wp\/v2\/media\/175401"}],"wp:attachment":[{"href":"https:\/\/tourcruiser.com\/de\/wp-json\/wp\/v2\/media?parent=175400"}],"wp:term":[{"taxonomy":"product_brand","embeddable":true,"href":"https:\/\/tourcruiser.com\/de\/wp-json\/wp\/v2\/product_brand?post=175400"},{"taxonomy":"product_cat","embeddable":true,"href":"https:\/\/tourcruiser.com\/de\/wp-json\/wp\/v2\/product_cat?post=175400"},{"taxonomy":"product_tag","embeddable":true,"href":"https:\/\/tourcruiser.com\/de\/wp-json\/wp\/v2\/product_tag?post=175400"}],"curies":[{"name":"wp","href":"https:\/\/api.w.org\/{rel}","templated":true}]}}