{"id":175248,"date":"2026-03-02T16:28:18","date_gmt":"2026-03-02T09:28:18","guid":{"rendered":"http:\/\/tourcruiser.com\/product\/marvel-vs-capcom-x-kith-x-asics-gel-kayano-14-wolverine"},"modified":"2026-03-28T01:43:06","modified_gmt":"2026-03-27T18:43:06","slug":"marvel-vs-capcom-x-kith-x-asics-gel-kayano-14-wolverine","status":"publish","type":"product","link":"https:\/\/tourcruiser.com\/de\/products\/marvel-vs-capcom-x-kith-x-asics-gel-kayano-14-wolverine\/","title":{"rendered":"Marvel vs. Capcom x Kith x ASICS Gel Kayano 14 &#8218;Wolverine&#8216;"},"content":{"rendered":"<p>Tauche ein in die Welt legend\u00e4rer Kollaborationen mit dem Marvel vs. Capcom x Kith x ASICS Gel Kayano 14 \u201eWolverine\u201c 1203B058-001, einem limitierten Sneaker, der Performance und Style vereint. Dieser einzigartige Schuh zelebriert Wolverines legend\u00e4re Pers\u00f6nlichkeit und besticht durch eine markante \u00c4sthetik und auff\u00e4llige Farbgebung, inspiriert vom beliebten Superhelden. Dank der bew\u00e4hrten Gel Kayano 14 Technologie von ASICS bietet er \u00fcberragenden Komfort, Stabilit\u00e4t und D\u00e4mpfung \u201d\u201c ideal f\u00fcr Freizeit und Sport. Kiths kreatives Design verleiht ihm einen Premium-Touch und macht diesen Sneaker nicht nur funktional, sondern auch zu einem echten Hingucker f\u00fcr Sammler und Fans. Perfekt f\u00fcr Gaming-Begeisterte, Marvel-Fans und Sneaker-Liebhaber: Dieser Schuh schl\u00e4gt die Br\u00fccke zwischen Popkultur und Premium-Schuhwerk. Mit viel Liebe zum Detail gefertigt, f\u00e4ngt das Design Wolverines unb\u00e4ndigen Geist ein und bietet gleichzeitig die fortschrittliche Funktionalit\u00e4t, f\u00fcr die ASICS bekannt ist. Genie\u00dfen Sie die nahtlose Verbindung von Stil, Langlebigkeit und Charakter, die bei jedem Schritt auff\u00e4llt.<\/p>\n<ul>\n<li><strong>Farbgebung:<\/strong> Schwarz\/Schwarz<\/li>\n<li><strong>Artikelnummer:<\/strong> 1203B058-001<\/li>\n<li><strong>Obermaterial:<\/strong> Mesh<\/li>\n<li><strong>Zwischensohle:<\/strong> Gel<\/li>\n<li><strong>Farbe:<\/strong> Schwarz<\/li>\n<li><strong>Saison:<\/strong> Herbst<\/li>\n<li><strong>Erscheinungsjahr:<\/strong> 2025<\/li>\n<\/ul>\n","protected":false},"excerpt":{"rendered":"<p>ASICS Gel Kayano 14 \u201d\u201d Black\/Black<\/p>\n","protected":false},"featured_media":175249,"comment_status":"open","ping_status":"closed","template":"","meta":[],"product_brand":[],"product_cat":[10792],"product_tag":[10791,10750,10754,10765,10768,10758],"class_list":{"0":"post-175248","1":"product","2":"type-product","3":"status-publish","4":"has-post-thumbnail","6":"product_cat-asics","7":"product_tag-asics","8":"product_tag-athleisure-shoes","9":"product_tag-lifestyle-casual-shoes","10":"product_tag-lifestyle-shoes-running-inspired","11":"product_tag-retro-running-shoes","12":"product_tag-under-retail","13":"wcpa_has_options","15":"first","16":"outofstock","17":"taxable","18":"shipping-taxable","19":"purchasable","20":"product-type-simple"},"wcpa_form_fields":{"rules":{"pric_overide_base_price":false,"pric_overide_base_price_if_gt_zero":false,"pric_overide_base_price_fully":false,"pric_cal_option_once":false,"pric_use_as_fee":false,"bind_quantity":false,"quantity_bind_formula":false},"fields":[{"type":"color-group","required":true,"elementId":"wcpa-color-group-69a5ab08ee12d","label":"Gr\u00f6\u00dfe","inline":true,"priceOptions":"different_for_all","pricingType":"fixed","className":"hassizechart product-shoes-size-eu product-shoes-size","name":"color-group-69a5ab08ee136","disp_type":"square","selection_type":"tick-border","disp_size":"50","show_label_inside":true,"adjust_width":true,"cart_display_type":"text","other_text":"Other","cl_rule":"show","col":6,"values":[{"label":"36","value":"EU 36","price":"","pimage":"","pimage_id":"","pthumb":"","color":"","selected":true},{"label":"37","value":"EU 37","price":"","pimage":"","pimage_id":"","pthumb":"","color":""},{"label":"37.5","value":"EU 37.5","price":"","pimage":"","pimage_id":"","pthumb":"","color":""},{"label":"38","value":"EU 38","price":"","pimage":"","pimage_id":"","pthumb":"","color":""},{"label":"38.5","value":"EU 38.5","price":"","pimage":"","pimage_id":"","pthumb":"","color":""},{"label":"39","value":"EU 39","price":"","pimage":"","pimage_id":"","pthumb":"","color":""},{"label":"39.5","value":"EU 39.5","price":"","pimage":"","pimage_id":"","pthumb":"","color":""},{"label":"40","value":"EU 40","price":"","pimage":"","pimage_id":"","pthumb":"","color":""},{"label":"40.5","value":"EU 40.5","price":"","pimage":"","pimage_id":"","pthumb":"","color":""},{"label":" 41.5","value":"EU 41.5","price":"","pimage":"","pimage_id":"","pthumb":"","color":""},{"label":"42","value":"EU 42","price":"","pimage":"","pimage_id":"","pthumb":"","color":""},{"label":"42.5","value":"EU 42.5","price":"","pimage":"","pimage_id":"","pthumb":"","color":""},{"label":"43.5","value":"EU 43.5","price":"","pimage":"","pimage_id":"","pthumb":"","color":""},{"label":"44","value":"EU 44","price":"","pimage":"","pimage_id":"","pthumb":"","color":""},{"label":"44.5","value":"EU 44.5","price":"","pimage":"","pimage_id":"","pthumb":"","color":""},{"label":"45","value":"EU 45","price":"","pimage":"","pimage_id":"","pthumb":"","color":""}],"relations":[{"operator":false,"rules":[]}],"form_id":184311,"form_rules":{"pric_cal_option_once":false,"exclude_from_discount":false,"pric_use_as_fee":false,"fee_label":"Fee","render_after_acb":false,"disp_hide_options_price":false}}]},"yoast_head":"<!-- This site is optimized with the Yoast SEO plugin v26.5 - https:\/\/yoast.com\/wordpress\/plugins\/seo\/ -->\n<title>Marvel vs. Capcom x Kith x ASICS Gel Kayano 14 &#039;Wolverine&#039;  - Tourcruiser PTE. LTD<\/title>\n<meta name=\"robots\" content=\"index, follow, max-snippet:-1, max-image-preview:large, max-video-preview:-1\" \/>\n<link rel=\"canonical\" href=\"https:\/\/tourcruiser.com\/de\/products\/marvel-vs-capcom-x-kith-x-asics-gel-kayano-14-wolverine\/\" \/>\n<meta property=\"og:locale\" content=\"de_DE\" \/>\n<meta property=\"og:type\" content=\"article\" \/>\n<meta property=\"og:title\" content=\"Marvel vs. Capcom x Kith x ASICS Gel Kayano 14 &#039;Wolverine&#039;  - Tourcruiser PTE. LTD\" \/>\n<meta property=\"og:description\" content=\"ASICS Gel Kayano 14 \u201d\u201d Black\/Black\" \/>\n<meta property=\"og:url\" content=\"https:\/\/tourcruiser.com\/de\/products\/marvel-vs-capcom-x-kith-x-asics-gel-kayano-14-wolverine\/\" \/>\n<meta property=\"og:site_name\" content=\"Tourcruiser Sneaker Store\" \/>\n<meta property=\"article:modified_time\" content=\"2026-03-27T18:43:06+00:00\" \/>\n<meta name=\"twitter:card\" content=\"summary_large_image\" \/>\n<meta name=\"twitter:image\" content=\"https:\/\/images.novelship.com\/product\/marvel_vs__capcom_x_kith_x_asics_gel_kayano_14__wo_0_32246.jpeg\" \/>\n<meta name=\"twitter:label1\" content=\"Gesch\u00e4tzte Lesezeit\" \/>\n\t<meta name=\"twitter:data1\" content=\"1\u00a0Minute\" \/>\n<script type=\"application\/ld+json\" class=\"yoast-schema-graph\">{\"@context\":\"https:\/\/schema.org\",\"@graph\":[{\"@type\":\"WebPage\",\"@id\":\"https:\/\/tourcruiser.com\/de\/products\/marvel-vs-capcom-x-kith-x-asics-gel-kayano-14-wolverine\/\",\"url\":\"https:\/\/tourcruiser.com\/de\/products\/marvel-vs-capcom-x-kith-x-asics-gel-kayano-14-wolverine\/\",\"name\":\"Marvel vs. Capcom x Kith x ASICS Gel Kayano 14 'Wolverine' - Tourcruiser PTE. LTD\",\"isPartOf\":{\"@id\":\"https:\/\/tourcruiser.com\/de\/#website\"},\"primaryImageOfPage\":{\"@id\":\"https:\/\/tourcruiser.com\/de\/products\/marvel-vs-capcom-x-kith-x-asics-gel-kayano-14-wolverine\/#primaryimage\"},\"image\":{\"@id\":\"https:\/\/tourcruiser.com\/de\/products\/marvel-vs-capcom-x-kith-x-asics-gel-kayano-14-wolverine\/#primaryimage\"},\"thumbnailUrl\":\"https:\/\/images.novelship.com\/product\/marvel_vs__capcom_x_kith_x_asics_gel_kayano_14__wo_0_32246.jpeg\",\"datePublished\":\"2026-03-02T09:28:18+00:00\",\"dateModified\":\"2026-03-27T18:43:06+00:00\",\"breadcrumb\":{\"@id\":\"https:\/\/tourcruiser.com\/de\/products\/marvel-vs-capcom-x-kith-x-asics-gel-kayano-14-wolverine\/#breadcrumb\"},\"inLanguage\":\"de\",\"potentialAction\":[{\"@type\":\"ReadAction\",\"target\":[\"https:\/\/tourcruiser.com\/de\/products\/marvel-vs-capcom-x-kith-x-asics-gel-kayano-14-wolverine\/\"]}]},{\"@type\":\"ImageObject\",\"inLanguage\":\"de\",\"@id\":\"https:\/\/tourcruiser.com\/de\/products\/marvel-vs-capcom-x-kith-x-asics-gel-kayano-14-wolverine\/#primaryimage\",\"url\":\"https:\/\/images.novelship.com\/product\/marvel_vs__capcom_x_kith_x_asics_gel_kayano_14__wo_0_32246.jpeg\",\"contentUrl\":\"https:\/\/images.novelship.com\/product\/marvel_vs__capcom_x_kith_x_asics_gel_kayano_14__wo_0_32246.jpeg\"},{\"@type\":\"BreadcrumbList\",\"@id\":\"https:\/\/tourcruiser.com\/de\/products\/marvel-vs-capcom-x-kith-x-asics-gel-kayano-14-wolverine\/#breadcrumb\",\"itemListElement\":[{\"@type\":\"ListItem\",\"position\":1,\"name\":\"Home\",\"item\":\"https:\/\/tourcruiser.com\/de\/\"},{\"@type\":\"ListItem\",\"position\":2,\"name\":\"Shop\",\"item\":\"https:\/\/tourcruiser.com\/de\/shop\/\"},{\"@type\":\"ListItem\",\"position\":3,\"name\":\"Marvel vs. Capcom x Kith x ASICS Gel Kayano 14 'Wolverine'\"}]},{\"@type\":\"WebSite\",\"@id\":\"https:\/\/tourcruiser.com\/de\/#website\",\"url\":\"https:\/\/tourcruiser.com\/de\/\",\"name\":\"Styloral Jewelry Shop\",\"description\":\"Tourcruiser Sneaker Store \u2014 der Ort, an dem das Universum deine Einzigartigkeit trifft.\",\"publisher\":{\"@id\":\"https:\/\/tourcruiser.com\/de\/#organization\"},\"potentialAction\":[{\"@type\":\"SearchAction\",\"target\":{\"@type\":\"EntryPoint\",\"urlTemplate\":\"https:\/\/tourcruiser.com\/de\/?s={search_term_string}\"},\"query-input\":{\"@type\":\"PropertyValueSpecification\",\"valueRequired\":true,\"valueName\":\"search_term_string\"}}],\"inLanguage\":\"de\"},{\"@type\":\"Organization\",\"@id\":\"https:\/\/tourcruiser.com\/de\/#organization\",\"name\":\"STYLORAL PTE. LTD\",\"url\":\"https:\/\/tourcruiser.com\/de\/\",\"logo\":{\"@type\":\"ImageObject\",\"inLanguage\":\"de\",\"@id\":\"https:\/\/tourcruiser.com\/de\/#\/schema\/logo\/image\/\",\"url\":\"https:\/\/www.tourcruiser.com\/wp-content\/uploads\/2025\/12\/logo.png\",\"contentUrl\":\"https:\/\/www.tourcruiser.com\/wp-content\/uploads\/2025\/12\/logo.png\",\"width\":200,\"height\":65,\"caption\":\"STYLORAL PTE. LTD\"},\"image\":{\"@id\":\"https:\/\/tourcruiser.com\/de\/#\/schema\/logo\/image\/\"}}]}<\/script>\n<!-- \/ Yoast SEO plugin. -->","yoast_head_json":{"title":"Marvel vs. Capcom x Kith x ASICS Gel Kayano 14 'Wolverine'  - Tourcruiser PTE. LTD","robots":{"index":"index","follow":"follow","max-snippet":"max-snippet:-1","max-image-preview":"max-image-preview:large","max-video-preview":"max-video-preview:-1"},"canonical":"https:\/\/tourcruiser.com\/de\/products\/marvel-vs-capcom-x-kith-x-asics-gel-kayano-14-wolverine\/","og_locale":"de_DE","og_type":"article","og_title":"Marvel vs. Capcom x Kith x ASICS Gel Kayano 14 'Wolverine'  - Tourcruiser PTE. LTD","og_description":"ASICS Gel Kayano 14 \u201d\u201d Black\/Black","og_url":"https:\/\/tourcruiser.com\/de\/products\/marvel-vs-capcom-x-kith-x-asics-gel-kayano-14-wolverine\/","og_site_name":"Tourcruiser Sneaker Store","article_modified_time":"2026-03-27T18:43:06+00:00","twitter_card":"summary_large_image","twitter_image":"https:\/\/images.novelship.com\/product\/marvel_vs__capcom_x_kith_x_asics_gel_kayano_14__wo_0_32246.jpeg","twitter_misc":{"Gesch\u00e4tzte Lesezeit":"1\u00a0Minute"},"schema":{"@context":"https:\/\/schema.org","@graph":[{"@type":"WebPage","@id":"https:\/\/tourcruiser.com\/de\/products\/marvel-vs-capcom-x-kith-x-asics-gel-kayano-14-wolverine\/","url":"https:\/\/tourcruiser.com\/de\/products\/marvel-vs-capcom-x-kith-x-asics-gel-kayano-14-wolverine\/","name":"Marvel vs. Capcom x Kith x ASICS Gel Kayano 14 'Wolverine' - Tourcruiser PTE. LTD","isPartOf":{"@id":"https:\/\/tourcruiser.com\/de\/#website"},"primaryImageOfPage":{"@id":"https:\/\/tourcruiser.com\/de\/products\/marvel-vs-capcom-x-kith-x-asics-gel-kayano-14-wolverine\/#primaryimage"},"image":{"@id":"https:\/\/tourcruiser.com\/de\/products\/marvel-vs-capcom-x-kith-x-asics-gel-kayano-14-wolverine\/#primaryimage"},"thumbnailUrl":"https:\/\/images.novelship.com\/product\/marvel_vs__capcom_x_kith_x_asics_gel_kayano_14__wo_0_32246.jpeg","datePublished":"2026-03-02T09:28:18+00:00","dateModified":"2026-03-27T18:43:06+00:00","breadcrumb":{"@id":"https:\/\/tourcruiser.com\/de\/products\/marvel-vs-capcom-x-kith-x-asics-gel-kayano-14-wolverine\/#breadcrumb"},"inLanguage":"de","potentialAction":[{"@type":"ReadAction","target":["https:\/\/tourcruiser.com\/de\/products\/marvel-vs-capcom-x-kith-x-asics-gel-kayano-14-wolverine\/"]}]},{"@type":"ImageObject","inLanguage":"de","@id":"https:\/\/tourcruiser.com\/de\/products\/marvel-vs-capcom-x-kith-x-asics-gel-kayano-14-wolverine\/#primaryimage","url":"https:\/\/images.novelship.com\/product\/marvel_vs__capcom_x_kith_x_asics_gel_kayano_14__wo_0_32246.jpeg","contentUrl":"https:\/\/images.novelship.com\/product\/marvel_vs__capcom_x_kith_x_asics_gel_kayano_14__wo_0_32246.jpeg"},{"@type":"BreadcrumbList","@id":"https:\/\/tourcruiser.com\/de\/products\/marvel-vs-capcom-x-kith-x-asics-gel-kayano-14-wolverine\/#breadcrumb","itemListElement":[{"@type":"ListItem","position":1,"name":"Home","item":"https:\/\/tourcruiser.com\/de\/"},{"@type":"ListItem","position":2,"name":"Shop","item":"https:\/\/tourcruiser.com\/de\/shop\/"},{"@type":"ListItem","position":3,"name":"Marvel vs. Capcom x Kith x ASICS Gel Kayano 14 'Wolverine'"}]},{"@type":"WebSite","@id":"https:\/\/tourcruiser.com\/de\/#website","url":"https:\/\/tourcruiser.com\/de\/","name":"Styloral Jewelry Shop","description":"Tourcruiser Sneaker Store \u2014 der Ort, an dem das Universum deine Einzigartigkeit trifft.","publisher":{"@id":"https:\/\/tourcruiser.com\/de\/#organization"},"potentialAction":[{"@type":"SearchAction","target":{"@type":"EntryPoint","urlTemplate":"https:\/\/tourcruiser.com\/de\/?s={search_term_string}"},"query-input":{"@type":"PropertyValueSpecification","valueRequired":true,"valueName":"search_term_string"}}],"inLanguage":"de"},{"@type":"Organization","@id":"https:\/\/tourcruiser.com\/de\/#organization","name":"STYLORAL PTE. LTD","url":"https:\/\/tourcruiser.com\/de\/","logo":{"@type":"ImageObject","inLanguage":"de","@id":"https:\/\/tourcruiser.com\/de\/#\/schema\/logo\/image\/","url":"https:\/\/www.tourcruiser.com\/wp-content\/uploads\/2025\/12\/logo.png","contentUrl":"https:\/\/www.tourcruiser.com\/wp-content\/uploads\/2025\/12\/logo.png","width":200,"height":65,"caption":"STYLORAL PTE. LTD"},"image":{"@id":"https:\/\/tourcruiser.com\/de\/#\/schema\/logo\/image\/"}}]}},"_links":{"self":[{"href":"https:\/\/tourcruiser.com\/de\/wp-json\/wp\/v2\/product\/175248","targetHints":{"allow":["GET"]}}],"collection":[{"href":"https:\/\/tourcruiser.com\/de\/wp-json\/wp\/v2\/product"}],"about":[{"href":"https:\/\/tourcruiser.com\/de\/wp-json\/wp\/v2\/types\/product"}],"replies":[{"embeddable":true,"href":"https:\/\/tourcruiser.com\/de\/wp-json\/wp\/v2\/comments?post=175248"}],"wp:featuredmedia":[{"embeddable":true,"href":"https:\/\/tourcruiser.com\/de\/wp-json\/wp\/v2\/media\/175249"}],"wp:attachment":[{"href":"https:\/\/tourcruiser.com\/de\/wp-json\/wp\/v2\/media?parent=175248"}],"wp:term":[{"taxonomy":"product_brand","embeddable":true,"href":"https:\/\/tourcruiser.com\/de\/wp-json\/wp\/v2\/product_brand?post=175248"},{"taxonomy":"product_cat","embeddable":true,"href":"https:\/\/tourcruiser.com\/de\/wp-json\/wp\/v2\/product_cat?post=175248"},{"taxonomy":"product_tag","embeddable":true,"href":"https:\/\/tourcruiser.com\/de\/wp-json\/wp\/v2\/product_tag?post=175248"}],"curies":[{"name":"wp","href":"https:\/\/api.w.org\/{rel}","templated":true}]}}