{"id":174687,"date":"2026-03-02T16:27:27","date_gmt":"2026-03-02T09:27:27","guid":{"rendered":"http:\/\/tourcruiser.com\/product\/asics-gel-nimbus-25-aquarium-vibrant-yellow"},"modified":"2026-03-28T01:42:35","modified_gmt":"2026-03-27T18:42:35","slug":"asics-gel-nimbus-25-aquarium-vibrant-yellow","status":"publish","type":"product","link":"https:\/\/tourcruiser.com\/de\/products\/asics-gel-nimbus-25-aquarium-vibrant-yellow\/","title":{"rendered":"ASICS Gel Nimbus 25 &#8218;Aquarium Vibrant Yellow&#8216;"},"content":{"rendered":"<p>Erlebe ein neues Laufgef\u00fchl mit den leuchtenden ASICS Gel-Nimbus 25 Laufschuhen in \u201eAquarium Vibrant Yellow\u201c. Diese Schuhe bieten unvergleichlichen Komfort dank atmungsaktivem Mesh-Obermaterial, weicher FlyteFoam Blast+ D\u00e4mpfung und reaktionsfreudiger GEL-Technologie f\u00fcr optimale Sto\u00dfd\u00e4mpfung. Die auff\u00e4llige Farbe verleiht deinem Training einen stylischen Touch, w\u00e4hrend die robuste Konstruktion f\u00fcr lange Haltbarkeit sorgt. Egal ob du ein erfahrener L\u00e4ufer bist oder gerade erst mit dem Laufen beginnst, der ASICS Gel-Nimbus 25 bietet dir ein ged\u00e4mpftes und energiegeladenes Laufgef\u00fchl.<\/p>\n<ul>\n<li><strong>Farbgebung:<\/strong> Aquarium\/Leuchtendes Gelb<\/li>\n<li><strong>Artikelnummer:<\/strong> 1011B774-400<\/li>\n<li><strong>Obermaterial:<\/strong> Strick<\/li>\n<li><strong>Zwischensohle:<\/strong> PureGEL<\/li>\n<li><strong>Farbe:<\/strong> Mehrfarbig<\/li>\n<li><strong>Erscheinungsjahr:<\/strong> 2023<\/li>\n<\/ul>\n","protected":false},"excerpt":{"rendered":"<p>ASICS Gel Nimbus 25 \u201d\u201d Aquarium\/Vibrant Yellow<\/p>\n","protected":false},"featured_media":174688,"comment_status":"open","ping_status":"closed","template":"","meta":[],"product_brand":[],"product_cat":[10792],"product_tag":[10791,11032,10753,10838,10839,10802,10840,10758],"class_list":{"0":"post-174687","1":"product","2":"type-product","3":"status-publish","4":"has-post-thumbnail","6":"product_cat-asics","7":"product_tag-asics","8":"product_tag-asics-running-shoes","9":"product_tag-gift-for-him","10":"product_tag-max-cushion-cushioned-running-shoes","11":"product_tag-performance-running-shoes","12":"product_tag-performance-sport-shoes","13":"product_tag-running-shoes","14":"product_tag-under-retail","15":"wcpa_has_options","17":"first","18":"outofstock","19":"taxable","20":"shipping-taxable","21":"purchasable","22":"product-type-simple"},"wcpa_form_fields":{"rules":{"pric_overide_base_price":false,"pric_overide_base_price_if_gt_zero":false,"pric_overide_base_price_fully":false,"pric_cal_option_once":false,"pric_use_as_fee":false,"bind_quantity":false,"quantity_bind_formula":false},"fields":[{"type":"color-group","required":true,"elementId":"wcpa-color-group-69a5ab08ee12d","label":"Gr\u00f6\u00dfe","inline":true,"priceOptions":"different_for_all","pricingType":"fixed","className":"hassizechart product-shoes-size-eu product-shoes-size","name":"color-group-69a5ab08ee136","disp_type":"square","selection_type":"tick-border","disp_size":"50","show_label_inside":true,"adjust_width":true,"cart_display_type":"text","other_text":"Other","cl_rule":"show","col":6,"values":[{"label":"36","value":"EU 36","price":"","pimage":"","pimage_id":"","pthumb":"","color":"","selected":true},{"label":"37","value":"EU 37","price":"","pimage":"","pimage_id":"","pthumb":"","color":""},{"label":"37.5","value":"EU 37.5","price":"","pimage":"","pimage_id":"","pthumb":"","color":""},{"label":"38","value":"EU 38","price":"","pimage":"","pimage_id":"","pthumb":"","color":""},{"label":"38.5","value":"EU 38.5","price":"","pimage":"","pimage_id":"","pthumb":"","color":""},{"label":"39","value":"EU 39","price":"","pimage":"","pimage_id":"","pthumb":"","color":""},{"label":"39.5","value":"EU 39.5","price":"","pimage":"","pimage_id":"","pthumb":"","color":""},{"label":"40","value":"EU 40","price":"","pimage":"","pimage_id":"","pthumb":"","color":""},{"label":"40.5","value":"EU 40.5","price":"","pimage":"","pimage_id":"","pthumb":"","color":""},{"label":" 41.5","value":"EU 41.5","price":"","pimage":"","pimage_id":"","pthumb":"","color":""},{"label":"42","value":"EU 42","price":"","pimage":"","pimage_id":"","pthumb":"","color":""},{"label":"42.5","value":"EU 42.5","price":"","pimage":"","pimage_id":"","pthumb":"","color":""},{"label":"43.5","value":"EU 43.5","price":"","pimage":"","pimage_id":"","pthumb":"","color":""},{"label":"44","value":"EU 44","price":"","pimage":"","pimage_id":"","pthumb":"","color":""},{"label":"44.5","value":"EU 44.5","price":"","pimage":"","pimage_id":"","pthumb":"","color":""},{"label":"45","value":"EU 45","price":"","pimage":"","pimage_id":"","pthumb":"","color":""}],"relations":[{"operator":false,"rules":[]}],"form_id":184311,"form_rules":{"pric_cal_option_once":false,"exclude_from_discount":false,"pric_use_as_fee":false,"fee_label":"Fee","render_after_acb":false,"disp_hide_options_price":false}}]},"yoast_head":"<!-- This site is optimized with the Yoast SEO plugin v26.5 - https:\/\/yoast.com\/wordpress\/plugins\/seo\/ -->\n<title>ASICS Gel Nimbus 25 &#039;Aquarium Vibrant Yellow&#039;  - Tourcruiser PTE. LTD<\/title>\n<meta name=\"robots\" content=\"index, follow, max-snippet:-1, max-image-preview:large, max-video-preview:-1\" \/>\n<link rel=\"canonical\" href=\"https:\/\/tourcruiser.com\/de\/products\/asics-gel-nimbus-25-aquarium-vibrant-yellow\/\" \/>\n<meta property=\"og:locale\" content=\"de_DE\" \/>\n<meta property=\"og:type\" content=\"article\" \/>\n<meta property=\"og:title\" content=\"ASICS Gel Nimbus 25 &#039;Aquarium Vibrant Yellow&#039;  - Tourcruiser PTE. LTD\" \/>\n<meta property=\"og:description\" content=\"ASICS Gel Nimbus 25 \u201d\u201d Aquarium\/Vibrant Yellow\" \/>\n<meta property=\"og:url\" content=\"https:\/\/tourcruiser.com\/de\/products\/asics-gel-nimbus-25-aquarium-vibrant-yellow\/\" \/>\n<meta property=\"og:site_name\" content=\"Tourcruiser Sneaker Store\" \/>\n<meta property=\"article:modified_time\" content=\"2026-03-27T18:42:35+00:00\" \/>\n<meta name=\"twitter:card\" content=\"summary_large_image\" \/>\n<meta name=\"twitter:image\" content=\"https:\/\/images.novelship.com\/product\/asics_gel_nimbus_25__aquarium_vibrant_yellow__1011_0_16335.jpeg;https:\/\/images.novelship.com\/product\/asics_gel_nimbus_25__aquarium_vibrant_yellow__1011_1_16335.jpeg;https:\/\/images.novelship.com\/product\/asics_gel_nimbus_25__aquarium_vibrant_yellow__1011_2_16335.jpeg;https:\/\/images.novelship.com\/product\/asics_gel_nimbus_25__aquarium_vibrant_yellow__1011_3_16335.jpeg\" \/>\n<script type=\"application\/ld+json\" class=\"yoast-schema-graph\">{\"@context\":\"https:\/\/schema.org\",\"@graph\":[{\"@type\":\"WebPage\",\"@id\":\"https:\/\/tourcruiser.com\/de\/products\/asics-gel-nimbus-25-aquarium-vibrant-yellow\/\",\"url\":\"https:\/\/tourcruiser.com\/de\/products\/asics-gel-nimbus-25-aquarium-vibrant-yellow\/\",\"name\":\"ASICS Gel Nimbus 25 'Aquarium Vibrant Yellow' - Tourcruiser PTE. LTD\",\"isPartOf\":{\"@id\":\"https:\/\/tourcruiser.com\/de\/#website\"},\"primaryImageOfPage\":{\"@id\":\"https:\/\/tourcruiser.com\/de\/products\/asics-gel-nimbus-25-aquarium-vibrant-yellow\/#primaryimage\"},\"image\":{\"@id\":\"https:\/\/tourcruiser.com\/de\/products\/asics-gel-nimbus-25-aquarium-vibrant-yellow\/#primaryimage\"},\"thumbnailUrl\":\"https:\/\/images.novelship.com\/product\/asics_gel_nimbus_25__aquarium_vibrant_yellow__1011_0_16335.jpeg;https:\/\/images.novelship.com\/product\/asics_gel_nimbus_25__aquarium_vibrant_yellow__1011_1_16335.jpeg;https:\/\/images.novelship.com\/product\/asics_gel_nimbus_25__aquarium_vibrant_yellow__1011_2_16335.jpeg;https:\/\/images.novelship.com\/product\/asics_gel_nimbus_25__aquarium_vibrant_yellow__1011_3_16335.jpeg\",\"datePublished\":\"2026-03-02T09:27:27+00:00\",\"dateModified\":\"2026-03-27T18:42:35+00:00\",\"breadcrumb\":{\"@id\":\"https:\/\/tourcruiser.com\/de\/products\/asics-gel-nimbus-25-aquarium-vibrant-yellow\/#breadcrumb\"},\"inLanguage\":\"de\",\"potentialAction\":[{\"@type\":\"ReadAction\",\"target\":[\"https:\/\/tourcruiser.com\/de\/products\/asics-gel-nimbus-25-aquarium-vibrant-yellow\/\"]}]},{\"@type\":\"ImageObject\",\"inLanguage\":\"de\",\"@id\":\"https:\/\/tourcruiser.com\/de\/products\/asics-gel-nimbus-25-aquarium-vibrant-yellow\/#primaryimage\",\"url\":\"https:\/\/images.novelship.com\/product\/asics_gel_nimbus_25__aquarium_vibrant_yellow__1011_0_16335.jpeg;https:\/\/images.novelship.com\/product\/asics_gel_nimbus_25__aquarium_vibrant_yellow__1011_1_16335.jpeg;https:\/\/images.novelship.com\/product\/asics_gel_nimbus_25__aquarium_vibrant_yellow__1011_2_16335.jpeg;https:\/\/images.novelship.com\/product\/asics_gel_nimbus_25__aquarium_vibrant_yellow__1011_3_16335.jpeg\",\"contentUrl\":\"https:\/\/images.novelship.com\/product\/asics_gel_nimbus_25__aquarium_vibrant_yellow__1011_0_16335.jpeg;https:\/\/images.novelship.com\/product\/asics_gel_nimbus_25__aquarium_vibrant_yellow__1011_1_16335.jpeg;https:\/\/images.novelship.com\/product\/asics_gel_nimbus_25__aquarium_vibrant_yellow__1011_2_16335.jpeg;https:\/\/images.novelship.com\/product\/asics_gel_nimbus_25__aquarium_vibrant_yellow__1011_3_16335.jpeg\"},{\"@type\":\"BreadcrumbList\",\"@id\":\"https:\/\/tourcruiser.com\/de\/products\/asics-gel-nimbus-25-aquarium-vibrant-yellow\/#breadcrumb\",\"itemListElement\":[{\"@type\":\"ListItem\",\"position\":1,\"name\":\"Home\",\"item\":\"https:\/\/tourcruiser.com\/de\/\"},{\"@type\":\"ListItem\",\"position\":2,\"name\":\"Shop\",\"item\":\"https:\/\/tourcruiser.com\/de\/shop\/\"},{\"@type\":\"ListItem\",\"position\":3,\"name\":\"ASICS Gel Nimbus 25 'Aquarium Vibrant Yellow'\"}]},{\"@type\":\"WebSite\",\"@id\":\"https:\/\/tourcruiser.com\/de\/#website\",\"url\":\"https:\/\/tourcruiser.com\/de\/\",\"name\":\"Styloral Jewelry Shop\",\"description\":\"Tourcruiser Sneaker Store \u2014 der Ort, an dem das Universum deine Einzigartigkeit trifft.\",\"publisher\":{\"@id\":\"https:\/\/tourcruiser.com\/de\/#organization\"},\"potentialAction\":[{\"@type\":\"SearchAction\",\"target\":{\"@type\":\"EntryPoint\",\"urlTemplate\":\"https:\/\/tourcruiser.com\/de\/?s={search_term_string}\"},\"query-input\":{\"@type\":\"PropertyValueSpecification\",\"valueRequired\":true,\"valueName\":\"search_term_string\"}}],\"inLanguage\":\"de\"},{\"@type\":\"Organization\",\"@id\":\"https:\/\/tourcruiser.com\/de\/#organization\",\"name\":\"STYLORAL PTE. LTD\",\"url\":\"https:\/\/tourcruiser.com\/de\/\",\"logo\":{\"@type\":\"ImageObject\",\"inLanguage\":\"de\",\"@id\":\"https:\/\/tourcruiser.com\/de\/#\/schema\/logo\/image\/\",\"url\":\"https:\/\/www.tourcruiser.com\/wp-content\/uploads\/2025\/12\/logo.png\",\"contentUrl\":\"https:\/\/www.tourcruiser.com\/wp-content\/uploads\/2025\/12\/logo.png\",\"width\":200,\"height\":65,\"caption\":\"STYLORAL PTE. LTD\"},\"image\":{\"@id\":\"https:\/\/tourcruiser.com\/de\/#\/schema\/logo\/image\/\"}}]}<\/script>\n<!-- \/ Yoast SEO plugin. -->","yoast_head_json":{"title":"ASICS Gel Nimbus 25 'Aquarium Vibrant Yellow'  - Tourcruiser PTE. LTD","robots":{"index":"index","follow":"follow","max-snippet":"max-snippet:-1","max-image-preview":"max-image-preview:large","max-video-preview":"max-video-preview:-1"},"canonical":"https:\/\/tourcruiser.com\/de\/products\/asics-gel-nimbus-25-aquarium-vibrant-yellow\/","og_locale":"de_DE","og_type":"article","og_title":"ASICS Gel Nimbus 25 'Aquarium Vibrant Yellow'  - Tourcruiser PTE. LTD","og_description":"ASICS Gel Nimbus 25 \u201d\u201d Aquarium\/Vibrant Yellow","og_url":"https:\/\/tourcruiser.com\/de\/products\/asics-gel-nimbus-25-aquarium-vibrant-yellow\/","og_site_name":"Tourcruiser Sneaker Store","article_modified_time":"2026-03-27T18:42:35+00:00","twitter_card":"summary_large_image","twitter_image":"https:\/\/images.novelship.com\/product\/asics_gel_nimbus_25__aquarium_vibrant_yellow__1011_0_16335.jpeg;https:\/\/images.novelship.com\/product\/asics_gel_nimbus_25__aquarium_vibrant_yellow__1011_1_16335.jpeg;https:\/\/images.novelship.com\/product\/asics_gel_nimbus_25__aquarium_vibrant_yellow__1011_2_16335.jpeg;https:\/\/images.novelship.com\/product\/asics_gel_nimbus_25__aquarium_vibrant_yellow__1011_3_16335.jpeg","schema":{"@context":"https:\/\/schema.org","@graph":[{"@type":"WebPage","@id":"https:\/\/tourcruiser.com\/de\/products\/asics-gel-nimbus-25-aquarium-vibrant-yellow\/","url":"https:\/\/tourcruiser.com\/de\/products\/asics-gel-nimbus-25-aquarium-vibrant-yellow\/","name":"ASICS Gel Nimbus 25 'Aquarium Vibrant Yellow' - Tourcruiser PTE. LTD","isPartOf":{"@id":"https:\/\/tourcruiser.com\/de\/#website"},"primaryImageOfPage":{"@id":"https:\/\/tourcruiser.com\/de\/products\/asics-gel-nimbus-25-aquarium-vibrant-yellow\/#primaryimage"},"image":{"@id":"https:\/\/tourcruiser.com\/de\/products\/asics-gel-nimbus-25-aquarium-vibrant-yellow\/#primaryimage"},"thumbnailUrl":"https:\/\/images.novelship.com\/product\/asics_gel_nimbus_25__aquarium_vibrant_yellow__1011_0_16335.jpeg;https:\/\/images.novelship.com\/product\/asics_gel_nimbus_25__aquarium_vibrant_yellow__1011_1_16335.jpeg;https:\/\/images.novelship.com\/product\/asics_gel_nimbus_25__aquarium_vibrant_yellow__1011_2_16335.jpeg;https:\/\/images.novelship.com\/product\/asics_gel_nimbus_25__aquarium_vibrant_yellow__1011_3_16335.jpeg","datePublished":"2026-03-02T09:27:27+00:00","dateModified":"2026-03-27T18:42:35+00:00","breadcrumb":{"@id":"https:\/\/tourcruiser.com\/de\/products\/asics-gel-nimbus-25-aquarium-vibrant-yellow\/#breadcrumb"},"inLanguage":"de","potentialAction":[{"@type":"ReadAction","target":["https:\/\/tourcruiser.com\/de\/products\/asics-gel-nimbus-25-aquarium-vibrant-yellow\/"]}]},{"@type":"ImageObject","inLanguage":"de","@id":"https:\/\/tourcruiser.com\/de\/products\/asics-gel-nimbus-25-aquarium-vibrant-yellow\/#primaryimage","url":"https:\/\/images.novelship.com\/product\/asics_gel_nimbus_25__aquarium_vibrant_yellow__1011_0_16335.jpeg;https:\/\/images.novelship.com\/product\/asics_gel_nimbus_25__aquarium_vibrant_yellow__1011_1_16335.jpeg;https:\/\/images.novelship.com\/product\/asics_gel_nimbus_25__aquarium_vibrant_yellow__1011_2_16335.jpeg;https:\/\/images.novelship.com\/product\/asics_gel_nimbus_25__aquarium_vibrant_yellow__1011_3_16335.jpeg","contentUrl":"https:\/\/images.novelship.com\/product\/asics_gel_nimbus_25__aquarium_vibrant_yellow__1011_0_16335.jpeg;https:\/\/images.novelship.com\/product\/asics_gel_nimbus_25__aquarium_vibrant_yellow__1011_1_16335.jpeg;https:\/\/images.novelship.com\/product\/asics_gel_nimbus_25__aquarium_vibrant_yellow__1011_2_16335.jpeg;https:\/\/images.novelship.com\/product\/asics_gel_nimbus_25__aquarium_vibrant_yellow__1011_3_16335.jpeg"},{"@type":"BreadcrumbList","@id":"https:\/\/tourcruiser.com\/de\/products\/asics-gel-nimbus-25-aquarium-vibrant-yellow\/#breadcrumb","itemListElement":[{"@type":"ListItem","position":1,"name":"Home","item":"https:\/\/tourcruiser.com\/de\/"},{"@type":"ListItem","position":2,"name":"Shop","item":"https:\/\/tourcruiser.com\/de\/shop\/"},{"@type":"ListItem","position":3,"name":"ASICS Gel Nimbus 25 'Aquarium Vibrant Yellow'"}]},{"@type":"WebSite","@id":"https:\/\/tourcruiser.com\/de\/#website","url":"https:\/\/tourcruiser.com\/de\/","name":"Styloral Jewelry Shop","description":"Tourcruiser Sneaker Store \u2014 der Ort, an dem das Universum deine Einzigartigkeit trifft.","publisher":{"@id":"https:\/\/tourcruiser.com\/de\/#organization"},"potentialAction":[{"@type":"SearchAction","target":{"@type":"EntryPoint","urlTemplate":"https:\/\/tourcruiser.com\/de\/?s={search_term_string}"},"query-input":{"@type":"PropertyValueSpecification","valueRequired":true,"valueName":"search_term_string"}}],"inLanguage":"de"},{"@type":"Organization","@id":"https:\/\/tourcruiser.com\/de\/#organization","name":"STYLORAL PTE. LTD","url":"https:\/\/tourcruiser.com\/de\/","logo":{"@type":"ImageObject","inLanguage":"de","@id":"https:\/\/tourcruiser.com\/de\/#\/schema\/logo\/image\/","url":"https:\/\/www.tourcruiser.com\/wp-content\/uploads\/2025\/12\/logo.png","contentUrl":"https:\/\/www.tourcruiser.com\/wp-content\/uploads\/2025\/12\/logo.png","width":200,"height":65,"caption":"STYLORAL PTE. LTD"},"image":{"@id":"https:\/\/tourcruiser.com\/de\/#\/schema\/logo\/image\/"}}]}},"_links":{"self":[{"href":"https:\/\/tourcruiser.com\/de\/wp-json\/wp\/v2\/product\/174687","targetHints":{"allow":["GET"]}}],"collection":[{"href":"https:\/\/tourcruiser.com\/de\/wp-json\/wp\/v2\/product"}],"about":[{"href":"https:\/\/tourcruiser.com\/de\/wp-json\/wp\/v2\/types\/product"}],"replies":[{"embeddable":true,"href":"https:\/\/tourcruiser.com\/de\/wp-json\/wp\/v2\/comments?post=174687"}],"wp:featuredmedia":[{"embeddable":true,"href":"https:\/\/tourcruiser.com\/de\/wp-json\/wp\/v2\/media\/174688"}],"wp:attachment":[{"href":"https:\/\/tourcruiser.com\/de\/wp-json\/wp\/v2\/media?parent=174687"}],"wp:term":[{"taxonomy":"product_brand","embeddable":true,"href":"https:\/\/tourcruiser.com\/de\/wp-json\/wp\/v2\/product_brand?post=174687"},{"taxonomy":"product_cat","embeddable":true,"href":"https:\/\/tourcruiser.com\/de\/wp-json\/wp\/v2\/product_cat?post=174687"},{"taxonomy":"product_tag","embeddable":true,"href":"https:\/\/tourcruiser.com\/de\/wp-json\/wp\/v2\/product_tag?post=174687"}],"curies":[{"name":"wp","href":"https:\/\/api.w.org\/{rel}","templated":true}]}}