{"id":174633,"date":"2026-03-02T16:27:22","date_gmt":"2026-03-02T09:27:22","guid":{"rendered":"http:\/\/tourcruiser.com\/product\/adidas-mad-iiinfinity-black-dark-marine"},"modified":"2026-03-28T01:42:33","modified_gmt":"2026-03-27T18:42:33","slug":"adidas-mad-iiinfinity-black-dark-marine","status":"publish","type":"product","link":"https:\/\/tourcruiser.com\/de\/products\/adidas-mad-iiinfinity-black-dark-marine\/","title":{"rendered":"adidas Mad IIInfinity &#8218;Black Dark Marine&#8216;"},"content":{"rendered":"<p>Mit dem adidas Mad IIInfinity &#8218;Black Dark Marine&#8216; JI0395 hebst du deinen Sneaker-Style auf. Dieser Schuh wurde f\u00fcr alle designt, die auffallen wollen, und vereint innovative Technologie mit markanter \u00c4sthetik. Seine elegante schwarze Silhouette wird durch dunkelblaue Akzente hervorgehoben und sorgt f\u00fcr einen k\u00fchnen und gleichzeitig vielseitigen Look. Dank seines hervorragenden Tragekomforts und seiner Stabilit\u00e4t ist er perfekt f\u00fcr sportliche H\u00f6chstleistungen und Streetstyle. Erlebe mit dem Mad IIInfinity eine neue Dimension von Mode und Funktionalit\u00e4t \u201d\u201c hier trifft Innovation auf zeitloses Design.<\/p>\n<ul>\n<li><strong>Farbgebung:<\/strong> Core Black\/Dark Marine\/Carbon<\/li>\n<li><strong>Style-Code:<\/strong> JI0395<\/li>\n<li><strong>Obermaterial:<\/strong> Mesh<\/li>\n<li><strong>Zwischensohle:<\/strong> EVA<\/li>\n<li><strong>Farbe:<\/strong> Schwarz<\/li>\n<\/ul>\n","protected":false},"excerpt":{"rendered":"<p>adidas Mad IIInfinity \u201d\u201d Core Black\/Dark Marine\/Carbon<\/p>\n","protected":false},"featured_media":174634,"comment_status":"open","ping_status":"closed","template":"","meta":[],"product_brand":[],"product_cat":[10760],"product_tag":[10759,10754,11036,10756,11153,10758],"class_list":{"0":"post-174633","1":"product","2":"type-product","3":"status-publish","4":"has-post-thumbnail","6":"product_cat-adidas","7":"product_tag-adidas","8":"product_tag-lifestyle-casual-shoes","9":"product_tag-lifestyle-shoes-skateboarding-inspired","10":"product_tag-retro-casual-shoes","11":"product_tag-skateboard-shoes","12":"product_tag-under-retail","13":"wcpa_has_options","15":"first","16":"outofstock","17":"sale","18":"taxable","19":"shipping-taxable","20":"purchasable","21":"product-type-simple"},"wcpa_form_fields":{"rules":{"pric_overide_base_price":false,"pric_overide_base_price_if_gt_zero":false,"pric_overide_base_price_fully":false,"pric_cal_option_once":false,"pric_use_as_fee":false,"bind_quantity":false,"quantity_bind_formula":false},"fields":[{"type":"color-group","required":true,"elementId":"wcpa-color-group-66c4a7f817afe","label":"Gr\u00f6\u00dfe","inline":true,"priceOptions":"different_for_all","pricingType":"fixed","className":"hassizechart product-shoes-size-eu product-shoes-size","name":"color-group-66c4a7f817b18","disp_type":"square","selection_type":"tick-border","disp_size":"50","show_label_inside":true,"adjust_width":true,"cart_display_type":"text","other_text":"Other","cl_rule":"show","col":6,"values":[{"label":"35","value":"EU 35","price":"","pimage":"","pimage_id":"","pthumb":"","color":""},{"label":"35.5","value":"EU 35.5","price":"","pimage":"","pimage_id":"","pthumb":"","color":""},{"label":"36","value":"EU 36","price":"","pimage":"","pimage_id":"","pthumb":"","color":"","selected":true},{"label":"36 2\/3","value":"EU 36 2\/3","price":"","pimage":"","pimage_id":"","pthumb":"","color":""},{"label":"37 1\/3","value":"EU 37 1\/3","price":"","pimage":"","pimage_id":"","pthumb":"","color":""},{"label":"38","value":"EU 38","price":"","pimage":"","pimage_id":"","pthumb":"","color":""},{"label":"38 2\/3","value":"EU 38 2\/3","price":"","pimage":"","pimage_id":"","pthumb":"","color":""},{"label":"39 1\/3","value":"EU 39 1\/3","price":"","pimage":"","pimage_id":"","pthumb":"","color":""},{"label":"40","value":"EU 40","price":"","pimage":"","pimage_id":"","pthumb":"","color":""},{"label":"40 2\/3","value":"EU 40 2\/3","price":"","pimage":"","pimage_id":"","pthumb":"","color":""},{"label":"41 1\/3","value":"EU 41 1\/3","price":"","pimage":"","pimage_id":"","pthumb":"","color":""},{"label":"42","value":"EU 42","price":"","pimage":"","pimage_id":"","pthumb":"","color":""},{"label":"42 2\/3","value":"EU 42 2\/3","price":"","pimage":"","pimage_id":"","pthumb":"","color":""},{"label":"43 1\/3","value":"EU 43 1\/3","price":"","pimage":"","pimage_id":"","pthumb":"","color":""},{"label":"44","value":"EU 44","price":"","pimage":"","pimage_id":"","pthumb":"","color":""},{"label":"44 2\/3","value":"EU 44 2\/3","price":"","pimage":"","pimage_id":"","pthumb":"","color":""},{"label":"45 1\/3","value":"EU 45 1\/3","price":"","pimage":"","pimage_id":"","pthumb":"","color":""},{"label":"46","value":"EU 46","price":"","pimage":"","pimage_id":"","pthumb":"","color":""},{"label":"46 2\/3","value":"EU 46 2\/3","price":"","pimage":"","pimage_id":"","pthumb":"","color":""},{"label":"47 1\/3","value":"EU 47 1\/3","price":"","pimage":"","pimage_id":"","pthumb":"","color":""}],"relations":[{"operator":false,"rules":[]}],"form_id":24802,"form_rules":{"pric_cal_option_once":false,"exclude_from_discount":false,"pric_use_as_fee":false,"fee_label":"Fee","render_after_acb":false,"disp_hide_options_price":false}}]},"yoast_head":"<!-- This site is optimized with the Yoast SEO plugin v26.5 - https:\/\/yoast.com\/wordpress\/plugins\/seo\/ -->\n<title>adidas Mad IIInfinity &#039;Black Dark Marine&#039;  - Tourcruiser PTE. LTD<\/title>\n<meta name=\"robots\" content=\"index, follow, max-snippet:-1, max-image-preview:large, max-video-preview:-1\" \/>\n<link rel=\"canonical\" href=\"https:\/\/tourcruiser.com\/de\/products\/adidas-mad-iiinfinity-black-dark-marine\/\" \/>\n<meta property=\"og:locale\" content=\"de_DE\" \/>\n<meta property=\"og:type\" content=\"article\" \/>\n<meta property=\"og:title\" content=\"adidas Mad IIInfinity &#039;Black Dark Marine&#039;  - Tourcruiser PTE. LTD\" \/>\n<meta property=\"og:description\" content=\"adidas Mad IIInfinity \u201d\u201d Core Black\/Dark Marine\/Carbon\" \/>\n<meta property=\"og:url\" content=\"https:\/\/tourcruiser.com\/de\/products\/adidas-mad-iiinfinity-black-dark-marine\/\" \/>\n<meta property=\"og:site_name\" content=\"Tourcruiser Sneaker Store\" \/>\n<meta property=\"article:modified_time\" content=\"2026-03-27T18:42:33+00:00\" \/>\n<meta name=\"twitter:card\" content=\"summary_large_image\" \/>\n<meta name=\"twitter:image\" content=\"https:\/\/images.novelship.com\/product\/adidas_mad_iiinfinity__black_dark_marine__ji0395_0_32769.png;https:\/\/images.novelship.com\/product\/adidas_mad_iiinfinity__black_dark_marine__ji0395_1_32770.jpeg;https:\/\/images.novelship.com\/product\/adidas_mad_iiinfinity__black_dark_marine__ji0395_2_32770.jpeg;https:\/\/images.novelship.com\/product\/adidas_mad_iiinfinity__black_dark_marine__ji0395_3_32770.jpeg;https:\/\/images.novelship.com\/product\/adidas_mad_iiinfinity__black_dark_marine__ji0395_4_32770.jpeg\" \/>\n<meta name=\"twitter:label1\" content=\"Gesch\u00e4tzte Lesezeit\" \/>\n\t<meta name=\"twitter:data1\" content=\"1\u00a0Minute\" \/>\n<script type=\"application\/ld+json\" class=\"yoast-schema-graph\">{\"@context\":\"https:\/\/schema.org\",\"@graph\":[{\"@type\":\"WebPage\",\"@id\":\"https:\/\/tourcruiser.com\/de\/products\/adidas-mad-iiinfinity-black-dark-marine\/\",\"url\":\"https:\/\/tourcruiser.com\/de\/products\/adidas-mad-iiinfinity-black-dark-marine\/\",\"name\":\"adidas Mad IIInfinity 'Black Dark Marine' - Tourcruiser PTE. LTD\",\"isPartOf\":{\"@id\":\"https:\/\/tourcruiser.com\/de\/#website\"},\"primaryImageOfPage\":{\"@id\":\"https:\/\/tourcruiser.com\/de\/products\/adidas-mad-iiinfinity-black-dark-marine\/#primaryimage\"},\"image\":{\"@id\":\"https:\/\/tourcruiser.com\/de\/products\/adidas-mad-iiinfinity-black-dark-marine\/#primaryimage\"},\"thumbnailUrl\":\"https:\/\/images.novelship.com\/product\/adidas_mad_iiinfinity__black_dark_marine__ji0395_0_32769.png;https:\/\/images.novelship.com\/product\/adidas_mad_iiinfinity__black_dark_marine__ji0395_1_32770.jpeg;https:\/\/images.novelship.com\/product\/adidas_mad_iiinfinity__black_dark_marine__ji0395_2_32770.jpeg;https:\/\/images.novelship.com\/product\/adidas_mad_iiinfinity__black_dark_marine__ji0395_3_32770.jpeg;https:\/\/images.novelship.com\/product\/adidas_mad_iiinfinity__black_dark_marine__ji0395_4_32770.jpeg\",\"datePublished\":\"2026-03-02T09:27:22+00:00\",\"dateModified\":\"2026-03-27T18:42:33+00:00\",\"breadcrumb\":{\"@id\":\"https:\/\/tourcruiser.com\/de\/products\/adidas-mad-iiinfinity-black-dark-marine\/#breadcrumb\"},\"inLanguage\":\"de\",\"potentialAction\":[{\"@type\":\"ReadAction\",\"target\":[\"https:\/\/tourcruiser.com\/de\/products\/adidas-mad-iiinfinity-black-dark-marine\/\"]}]},{\"@type\":\"ImageObject\",\"inLanguage\":\"de\",\"@id\":\"https:\/\/tourcruiser.com\/de\/products\/adidas-mad-iiinfinity-black-dark-marine\/#primaryimage\",\"url\":\"https:\/\/images.novelship.com\/product\/adidas_mad_iiinfinity__black_dark_marine__ji0395_0_32769.png;https:\/\/images.novelship.com\/product\/adidas_mad_iiinfinity__black_dark_marine__ji0395_1_32770.jpeg;https:\/\/images.novelship.com\/product\/adidas_mad_iiinfinity__black_dark_marine__ji0395_2_32770.jpeg;https:\/\/images.novelship.com\/product\/adidas_mad_iiinfinity__black_dark_marine__ji0395_3_32770.jpeg;https:\/\/images.novelship.com\/product\/adidas_mad_iiinfinity__black_dark_marine__ji0395_4_32770.jpeg\",\"contentUrl\":\"https:\/\/images.novelship.com\/product\/adidas_mad_iiinfinity__black_dark_marine__ji0395_0_32769.png;https:\/\/images.novelship.com\/product\/adidas_mad_iiinfinity__black_dark_marine__ji0395_1_32770.jpeg;https:\/\/images.novelship.com\/product\/adidas_mad_iiinfinity__black_dark_marine__ji0395_2_32770.jpeg;https:\/\/images.novelship.com\/product\/adidas_mad_iiinfinity__black_dark_marine__ji0395_3_32770.jpeg;https:\/\/images.novelship.com\/product\/adidas_mad_iiinfinity__black_dark_marine__ji0395_4_32770.jpeg\"},{\"@type\":\"BreadcrumbList\",\"@id\":\"https:\/\/tourcruiser.com\/de\/products\/adidas-mad-iiinfinity-black-dark-marine\/#breadcrumb\",\"itemListElement\":[{\"@type\":\"ListItem\",\"position\":1,\"name\":\"Home\",\"item\":\"https:\/\/tourcruiser.com\/de\/\"},{\"@type\":\"ListItem\",\"position\":2,\"name\":\"Shop\",\"item\":\"https:\/\/tourcruiser.com\/de\/shop\/\"},{\"@type\":\"ListItem\",\"position\":3,\"name\":\"adidas Mad IIInfinity 'Black Dark Marine'\"}]},{\"@type\":\"WebSite\",\"@id\":\"https:\/\/tourcruiser.com\/de\/#website\",\"url\":\"https:\/\/tourcruiser.com\/de\/\",\"name\":\"Styloral Jewelry Shop\",\"description\":\"Tourcruiser Sneaker Store \u2014 der Ort, an dem das Universum deine Einzigartigkeit trifft.\",\"publisher\":{\"@id\":\"https:\/\/tourcruiser.com\/de\/#organization\"},\"potentialAction\":[{\"@type\":\"SearchAction\",\"target\":{\"@type\":\"EntryPoint\",\"urlTemplate\":\"https:\/\/tourcruiser.com\/de\/?s={search_term_string}\"},\"query-input\":{\"@type\":\"PropertyValueSpecification\",\"valueRequired\":true,\"valueName\":\"search_term_string\"}}],\"inLanguage\":\"de\"},{\"@type\":\"Organization\",\"@id\":\"https:\/\/tourcruiser.com\/de\/#organization\",\"name\":\"STYLORAL PTE. LTD\",\"url\":\"https:\/\/tourcruiser.com\/de\/\",\"logo\":{\"@type\":\"ImageObject\",\"inLanguage\":\"de\",\"@id\":\"https:\/\/tourcruiser.com\/de\/#\/schema\/logo\/image\/\",\"url\":\"https:\/\/www.tourcruiser.com\/wp-content\/uploads\/2025\/12\/logo.png\",\"contentUrl\":\"https:\/\/www.tourcruiser.com\/wp-content\/uploads\/2025\/12\/logo.png\",\"width\":200,\"height\":65,\"caption\":\"STYLORAL PTE. LTD\"},\"image\":{\"@id\":\"https:\/\/tourcruiser.com\/de\/#\/schema\/logo\/image\/\"}}]}<\/script>\n<!-- \/ Yoast SEO plugin. -->","yoast_head_json":{"title":"adidas Mad IIInfinity 'Black Dark Marine'  - Tourcruiser PTE. LTD","robots":{"index":"index","follow":"follow","max-snippet":"max-snippet:-1","max-image-preview":"max-image-preview:large","max-video-preview":"max-video-preview:-1"},"canonical":"https:\/\/tourcruiser.com\/de\/products\/adidas-mad-iiinfinity-black-dark-marine\/","og_locale":"de_DE","og_type":"article","og_title":"adidas Mad IIInfinity 'Black Dark Marine'  - Tourcruiser PTE. LTD","og_description":"adidas Mad IIInfinity \u201d\u201d Core Black\/Dark Marine\/Carbon","og_url":"https:\/\/tourcruiser.com\/de\/products\/adidas-mad-iiinfinity-black-dark-marine\/","og_site_name":"Tourcruiser Sneaker Store","article_modified_time":"2026-03-27T18:42:33+00:00","twitter_card":"summary_large_image","twitter_image":"https:\/\/images.novelship.com\/product\/adidas_mad_iiinfinity__black_dark_marine__ji0395_0_32769.png;https:\/\/images.novelship.com\/product\/adidas_mad_iiinfinity__black_dark_marine__ji0395_1_32770.jpeg;https:\/\/images.novelship.com\/product\/adidas_mad_iiinfinity__black_dark_marine__ji0395_2_32770.jpeg;https:\/\/images.novelship.com\/product\/adidas_mad_iiinfinity__black_dark_marine__ji0395_3_32770.jpeg;https:\/\/images.novelship.com\/product\/adidas_mad_iiinfinity__black_dark_marine__ji0395_4_32770.jpeg","twitter_misc":{"Gesch\u00e4tzte Lesezeit":"1\u00a0Minute"},"schema":{"@context":"https:\/\/schema.org","@graph":[{"@type":"WebPage","@id":"https:\/\/tourcruiser.com\/de\/products\/adidas-mad-iiinfinity-black-dark-marine\/","url":"https:\/\/tourcruiser.com\/de\/products\/adidas-mad-iiinfinity-black-dark-marine\/","name":"adidas Mad IIInfinity 'Black Dark Marine' - Tourcruiser PTE. LTD","isPartOf":{"@id":"https:\/\/tourcruiser.com\/de\/#website"},"primaryImageOfPage":{"@id":"https:\/\/tourcruiser.com\/de\/products\/adidas-mad-iiinfinity-black-dark-marine\/#primaryimage"},"image":{"@id":"https:\/\/tourcruiser.com\/de\/products\/adidas-mad-iiinfinity-black-dark-marine\/#primaryimage"},"thumbnailUrl":"https:\/\/images.novelship.com\/product\/adidas_mad_iiinfinity__black_dark_marine__ji0395_0_32769.png;https:\/\/images.novelship.com\/product\/adidas_mad_iiinfinity__black_dark_marine__ji0395_1_32770.jpeg;https:\/\/images.novelship.com\/product\/adidas_mad_iiinfinity__black_dark_marine__ji0395_2_32770.jpeg;https:\/\/images.novelship.com\/product\/adidas_mad_iiinfinity__black_dark_marine__ji0395_3_32770.jpeg;https:\/\/images.novelship.com\/product\/adidas_mad_iiinfinity__black_dark_marine__ji0395_4_32770.jpeg","datePublished":"2026-03-02T09:27:22+00:00","dateModified":"2026-03-27T18:42:33+00:00","breadcrumb":{"@id":"https:\/\/tourcruiser.com\/de\/products\/adidas-mad-iiinfinity-black-dark-marine\/#breadcrumb"},"inLanguage":"de","potentialAction":[{"@type":"ReadAction","target":["https:\/\/tourcruiser.com\/de\/products\/adidas-mad-iiinfinity-black-dark-marine\/"]}]},{"@type":"ImageObject","inLanguage":"de","@id":"https:\/\/tourcruiser.com\/de\/products\/adidas-mad-iiinfinity-black-dark-marine\/#primaryimage","url":"https:\/\/images.novelship.com\/product\/adidas_mad_iiinfinity__black_dark_marine__ji0395_0_32769.png;https:\/\/images.novelship.com\/product\/adidas_mad_iiinfinity__black_dark_marine__ji0395_1_32770.jpeg;https:\/\/images.novelship.com\/product\/adidas_mad_iiinfinity__black_dark_marine__ji0395_2_32770.jpeg;https:\/\/images.novelship.com\/product\/adidas_mad_iiinfinity__black_dark_marine__ji0395_3_32770.jpeg;https:\/\/images.novelship.com\/product\/adidas_mad_iiinfinity__black_dark_marine__ji0395_4_32770.jpeg","contentUrl":"https:\/\/images.novelship.com\/product\/adidas_mad_iiinfinity__black_dark_marine__ji0395_0_32769.png;https:\/\/images.novelship.com\/product\/adidas_mad_iiinfinity__black_dark_marine__ji0395_1_32770.jpeg;https:\/\/images.novelship.com\/product\/adidas_mad_iiinfinity__black_dark_marine__ji0395_2_32770.jpeg;https:\/\/images.novelship.com\/product\/adidas_mad_iiinfinity__black_dark_marine__ji0395_3_32770.jpeg;https:\/\/images.novelship.com\/product\/adidas_mad_iiinfinity__black_dark_marine__ji0395_4_32770.jpeg"},{"@type":"BreadcrumbList","@id":"https:\/\/tourcruiser.com\/de\/products\/adidas-mad-iiinfinity-black-dark-marine\/#breadcrumb","itemListElement":[{"@type":"ListItem","position":1,"name":"Home","item":"https:\/\/tourcruiser.com\/de\/"},{"@type":"ListItem","position":2,"name":"Shop","item":"https:\/\/tourcruiser.com\/de\/shop\/"},{"@type":"ListItem","position":3,"name":"adidas Mad IIInfinity 'Black Dark Marine'"}]},{"@type":"WebSite","@id":"https:\/\/tourcruiser.com\/de\/#website","url":"https:\/\/tourcruiser.com\/de\/","name":"Styloral Jewelry Shop","description":"Tourcruiser Sneaker Store \u2014 der Ort, an dem das Universum deine Einzigartigkeit trifft.","publisher":{"@id":"https:\/\/tourcruiser.com\/de\/#organization"},"potentialAction":[{"@type":"SearchAction","target":{"@type":"EntryPoint","urlTemplate":"https:\/\/tourcruiser.com\/de\/?s={search_term_string}"},"query-input":{"@type":"PropertyValueSpecification","valueRequired":true,"valueName":"search_term_string"}}],"inLanguage":"de"},{"@type":"Organization","@id":"https:\/\/tourcruiser.com\/de\/#organization","name":"STYLORAL PTE. LTD","url":"https:\/\/tourcruiser.com\/de\/","logo":{"@type":"ImageObject","inLanguage":"de","@id":"https:\/\/tourcruiser.com\/de\/#\/schema\/logo\/image\/","url":"https:\/\/www.tourcruiser.com\/wp-content\/uploads\/2025\/12\/logo.png","contentUrl":"https:\/\/www.tourcruiser.com\/wp-content\/uploads\/2025\/12\/logo.png","width":200,"height":65,"caption":"STYLORAL PTE. LTD"},"image":{"@id":"https:\/\/tourcruiser.com\/de\/#\/schema\/logo\/image\/"}}]}},"_links":{"self":[{"href":"https:\/\/tourcruiser.com\/de\/wp-json\/wp\/v2\/product\/174633","targetHints":{"allow":["GET"]}}],"collection":[{"href":"https:\/\/tourcruiser.com\/de\/wp-json\/wp\/v2\/product"}],"about":[{"href":"https:\/\/tourcruiser.com\/de\/wp-json\/wp\/v2\/types\/product"}],"replies":[{"embeddable":true,"href":"https:\/\/tourcruiser.com\/de\/wp-json\/wp\/v2\/comments?post=174633"}],"wp:featuredmedia":[{"embeddable":true,"href":"https:\/\/tourcruiser.com\/de\/wp-json\/wp\/v2\/media\/174634"}],"wp:attachment":[{"href":"https:\/\/tourcruiser.com\/de\/wp-json\/wp\/v2\/media?parent=174633"}],"wp:term":[{"taxonomy":"product_brand","embeddable":true,"href":"https:\/\/tourcruiser.com\/de\/wp-json\/wp\/v2\/product_brand?post=174633"},{"taxonomy":"product_cat","embeddable":true,"href":"https:\/\/tourcruiser.com\/de\/wp-json\/wp\/v2\/product_cat?post=174633"},{"taxonomy":"product_tag","embeddable":true,"href":"https:\/\/tourcruiser.com\/de\/wp-json\/wp\/v2\/product_tag?post=174633"}],"curies":[{"name":"wp","href":"https:\/\/api.w.org\/{rel}","templated":true}]}}