{"id":174512,"date":"2026-03-02T16:27:12","date_gmt":"2026-03-02T09:27:12","guid":{"rendered":"http:\/\/tourcruiser.com\/product\/women-asics-gel-cumulus-24-sheet-rock-pink-glow"},"modified":"2026-03-28T01:42:23","modified_gmt":"2026-03-27T18:42:23","slug":"women-asics-gel-cumulus-24-sheet-rock-pink-glow","status":"publish","type":"product","link":"https:\/\/tourcruiser.com\/de\/products\/women-asics-gel-cumulus-24-sheet-rock-pink-glow\/","title":{"rendered":"(Women) ASICS Gel Cumulus 24 &#8218;Sheet Rock Pink Glow&#8216;"},"content":{"rendered":"<p>Erleben Sie unvergleichlichen Komfort und optimale Performance mit dem ASICS Gel Cumulus 24 Laufschuh \u201eSheet Rock Pink Glow\u201c. Dieser speziell f\u00fcr Damen entwickelte Schuh bietet ein atmungsaktives Mesh-Obermaterial und die FF BLAST+ D\u00e4mpfung f\u00fcr ein weiches und gleichzeitig reaktionsfreudiges Laufgef\u00fchl. Die GEL-Technologie in Ferse und Vorfu\u00df absorbiert St\u00f6\u00dfe und sorgt so f\u00fcr zus\u00e4tzlichen Schutz, w\u00e4hrend die GUIDANCE LINE Technologie die Stabilit\u00e4t verbessert. Perfekt f\u00fcr Neutrall\u00e4uferinnen \u201d\u201c dieser Schuh erm\u00f6glicht einen geschmeidigen und effizienten Laufstil vom Start bis zum Ziel.<\/p>\n<p>Farbe: Sheet Rock\/Pink Glow<br \/>\nArtikelnummer: 1012B206-021<br \/>\nObermaterial: Mesh<br \/>\nZwischensohle: Gel<br \/>\nFarbe: Grau<br \/>\nSaison: Ganzj\u00e4hrig<\/p>\n<p>Farbe: Grau<\/p>\n","protected":false},"excerpt":{"rendered":"<p>ASICS Gel Cumulus 24 \u201d\u201d Sheet Rock\/Pink Glo<\/p>\n","protected":false},"featured_media":174513,"comment_status":"open","ping_status":"closed","template":"","meta":[],"product_brand":[],"product_cat":[11020],"product_tag":[10791,11032,10926,11053,10839,10802,10840,10785,10786,10758],"class_list":{"0":"post-174512","1":"product","2":"type-product","3":"status-publish","4":"has-post-thumbnail","6":"product_cat-asics-women","7":"product_tag-asics","8":"product_tag-asics-running-shoes","9":"product_tag-gift-for-her","10":"product_tag-lightweight-running-shoes","11":"product_tag-performance-running-shoes","12":"product_tag-performance-sport-shoes","13":"product_tag-running-shoes","14":"product_tag-trending-deals","15":"product_tag-trending-deals-under-150","16":"product_tag-under-retail","17":"wcpa_has_options","19":"first","20":"outofstock","21":"sale","22":"taxable","23":"shipping-taxable","24":"purchasable","25":"product-type-simple"},"wcpa_form_fields":{"rules":{"pric_overide_base_price":false,"pric_overide_base_price_if_gt_zero":false,"pric_overide_base_price_fully":false,"pric_cal_option_once":false,"pric_use_as_fee":false,"bind_quantity":false,"quantity_bind_formula":false},"fields":[{"type":"color-group","required":true,"elementId":"wcpa-color-group-69a5ac3f3e644","label":"Gr\u00f6\u00dfe","inline":true,"priceOptions":"different_for_all","pricingType":"fixed","className":"hassizechart product-shoes-size-eu product-shoes-size","name":"color-group-69a5ac3f3e64e","disp_type":"square","selection_type":"tick-border","disp_size":"50","show_label_inside":true,"adjust_width":true,"cart_display_type":"text","other_text":"Other","cl_rule":"show","col":6,"values":[{"label":"34.5","value":"EU 34.5","price":"","pimage":"","pimage_id":"","pthumb":"","color":""},{"label":"35","value":"EU 35","price":"","pimage":"","pimage_id":"","pthumb":"","color":""},{"label":"35.5","value":"EU 35.5","price":"","pimage":"","pimage_id":"","pthumb":"","color":""},{"label":"36","value":"EU 36","price":"","pimage":"","pimage_id":"","pthumb":"","color":"","selected":true},{"label":"37","value":"EU 37","price":"","pimage":"","pimage_id":"","pthumb":"","color":""},{"label":"37.5","value":"EU 37.5","price":"","pimage":"","pimage_id":"","pthumb":"","color":""},{"label":"38","value":"EU 38","price":"","pimage":"","pimage_id":"","pthumb":"","color":""},{"label":"38.5","value":"EU 38.5","price":"","pimage":"","pimage_id":"","pthumb":"","color":""},{"label":"39","value":"EU 39","price":"","pimage":"","pimage_id":"","pthumb":"","color":""},{"label":"39.5","value":"EU 39.5","price":"","pimage":"","pimage_id":"","pthumb":"","color":""},{"label":"40","value":"EU 40","price":"","pimage":"","pimage_id":"","pthumb":"","color":""},{"label":"40.5","value":"EU 40.5","price":"","pimage":"","pimage_id":"","pthumb":"","color":""},{"label":" 41.5","value":"EU 41.5","price":"","pimage":"","pimage_id":"","pthumb":"","color":""},{"label":"42","value":"EU 42","price":"","pimage":"","pimage_id":"","pthumb":"","color":""},{"label":"42.5","value":"EU 42.5","price":"","pimage":"","pimage_id":"","pthumb":"","color":""},{"label":"43.5","value":"EU 43.5","price":"","pimage":"","pimage_id":"","pthumb":"","color":""},{"label":"44","value":"EU 44","price":"","pimage":"","pimage_id":"","pthumb":"","color":""},{"label":"44.5","value":"EU 44.5","price":"","pimage":"","pimage_id":"","pthumb":"","color":""},{"label":"45","value":"EU 45","price":"","pimage":"","pimage_id":"","pthumb":"","color":""}],"relations":[{"operator":false,"rules":[]}],"form_id":184312,"form_rules":{"pric_cal_option_once":false,"exclude_from_discount":false,"pric_use_as_fee":false,"fee_label":"Fee","render_after_acb":false,"disp_hide_options_price":false}}]},"yoast_head":"<!-- This site is optimized with the Yoast SEO plugin v26.5 - https:\/\/yoast.com\/wordpress\/plugins\/seo\/ -->\n<title>(Women) ASICS Gel Cumulus 24 &#039;Sheet Rock Pink Glow&#039;  - Tourcruiser PTE. LTD<\/title>\n<meta name=\"robots\" content=\"index, follow, max-snippet:-1, max-image-preview:large, max-video-preview:-1\" \/>\n<link rel=\"canonical\" href=\"https:\/\/tourcruiser.com\/de\/products\/women-asics-gel-cumulus-24-sheet-rock-pink-glow\/\" \/>\n<meta property=\"og:locale\" content=\"de_DE\" \/>\n<meta property=\"og:type\" content=\"article\" \/>\n<meta property=\"og:title\" content=\"(Women) ASICS Gel Cumulus 24 &#039;Sheet Rock Pink Glow&#039;  - Tourcruiser PTE. LTD\" \/>\n<meta property=\"og:description\" content=\"ASICS Gel Cumulus 24 \u201d\u201d Sheet Rock\/Pink Glo\" \/>\n<meta property=\"og:url\" content=\"https:\/\/tourcruiser.com\/de\/products\/women-asics-gel-cumulus-24-sheet-rock-pink-glow\/\" \/>\n<meta property=\"og:site_name\" content=\"Tourcruiser Sneaker Store\" \/>\n<meta property=\"article:modified_time\" content=\"2026-03-27T18:42:23+00:00\" \/>\n<meta name=\"twitter:card\" content=\"summary_large_image\" \/>\n<meta name=\"twitter:image\" content=\"https:\/\/images.novelship.com\/product\/_women__asics_gel_cumulus_24__sheet_rock_pink_glow_0_2129.jpeg;https:\/\/images.novelship.com\/product\/_women__asics_gel_cumulus_24__sheet_rock_pink_glow_1_2129.jpeg;https:\/\/images.novelship.com\/product\/_women__asics_gel_cumulus_24__sheet_rock_pink_glow_2_2129.jpeg;https:\/\/images.novelship.com\/product\/_women__asics_gel_cumulus_24__sheet_rock_pink_glow_3_2129.jpeg;https:\/\/images.novelship.com\/product\/_women__asics_gel_cumulus_24__sheet_rock_pink_glow_4_2129.jpeg;https:\/\/images.novelship.com\/product\/_women__asics_gel_cumulus_24__sheet_rock_pink_glow_5_2129.jpeg\" \/>\n<meta name=\"twitter:label1\" content=\"Gesch\u00e4tzte Lesezeit\" \/>\n\t<meta name=\"twitter:data1\" content=\"1\u00a0Minute\" \/>\n<script type=\"application\/ld+json\" class=\"yoast-schema-graph\">{\"@context\":\"https:\/\/schema.org\",\"@graph\":[{\"@type\":\"WebPage\",\"@id\":\"https:\/\/tourcruiser.com\/de\/products\/women-asics-gel-cumulus-24-sheet-rock-pink-glow\/\",\"url\":\"https:\/\/tourcruiser.com\/de\/products\/women-asics-gel-cumulus-24-sheet-rock-pink-glow\/\",\"name\":\"(Women) ASICS Gel Cumulus 24 'Sheet Rock Pink Glow' - Tourcruiser PTE. LTD\",\"isPartOf\":{\"@id\":\"https:\/\/tourcruiser.com\/de\/#website\"},\"primaryImageOfPage\":{\"@id\":\"https:\/\/tourcruiser.com\/de\/products\/women-asics-gel-cumulus-24-sheet-rock-pink-glow\/#primaryimage\"},\"image\":{\"@id\":\"https:\/\/tourcruiser.com\/de\/products\/women-asics-gel-cumulus-24-sheet-rock-pink-glow\/#primaryimage\"},\"thumbnailUrl\":\"https:\/\/images.novelship.com\/product\/_women__asics_gel_cumulus_24__sheet_rock_pink_glow_0_2129.jpeg;https:\/\/images.novelship.com\/product\/_women__asics_gel_cumulus_24__sheet_rock_pink_glow_1_2129.jpeg;https:\/\/images.novelship.com\/product\/_women__asics_gel_cumulus_24__sheet_rock_pink_glow_2_2129.jpeg;https:\/\/images.novelship.com\/product\/_women__asics_gel_cumulus_24__sheet_rock_pink_glow_3_2129.jpeg;https:\/\/images.novelship.com\/product\/_women__asics_gel_cumulus_24__sheet_rock_pink_glow_4_2129.jpeg;https:\/\/images.novelship.com\/product\/_women__asics_gel_cumulus_24__sheet_rock_pink_glow_5_2129.jpeg\",\"datePublished\":\"2026-03-02T09:27:12+00:00\",\"dateModified\":\"2026-03-27T18:42:23+00:00\",\"breadcrumb\":{\"@id\":\"https:\/\/tourcruiser.com\/de\/products\/women-asics-gel-cumulus-24-sheet-rock-pink-glow\/#breadcrumb\"},\"inLanguage\":\"de\",\"potentialAction\":[{\"@type\":\"ReadAction\",\"target\":[\"https:\/\/tourcruiser.com\/de\/products\/women-asics-gel-cumulus-24-sheet-rock-pink-glow\/\"]}]},{\"@type\":\"ImageObject\",\"inLanguage\":\"de\",\"@id\":\"https:\/\/tourcruiser.com\/de\/products\/women-asics-gel-cumulus-24-sheet-rock-pink-glow\/#primaryimage\",\"url\":\"https:\/\/images.novelship.com\/product\/_women__asics_gel_cumulus_24__sheet_rock_pink_glow_0_2129.jpeg;https:\/\/images.novelship.com\/product\/_women__asics_gel_cumulus_24__sheet_rock_pink_glow_1_2129.jpeg;https:\/\/images.novelship.com\/product\/_women__asics_gel_cumulus_24__sheet_rock_pink_glow_2_2129.jpeg;https:\/\/images.novelship.com\/product\/_women__asics_gel_cumulus_24__sheet_rock_pink_glow_3_2129.jpeg;https:\/\/images.novelship.com\/product\/_women__asics_gel_cumulus_24__sheet_rock_pink_glow_4_2129.jpeg;https:\/\/images.novelship.com\/product\/_women__asics_gel_cumulus_24__sheet_rock_pink_glow_5_2129.jpeg\",\"contentUrl\":\"https:\/\/images.novelship.com\/product\/_women__asics_gel_cumulus_24__sheet_rock_pink_glow_0_2129.jpeg;https:\/\/images.novelship.com\/product\/_women__asics_gel_cumulus_24__sheet_rock_pink_glow_1_2129.jpeg;https:\/\/images.novelship.com\/product\/_women__asics_gel_cumulus_24__sheet_rock_pink_glow_2_2129.jpeg;https:\/\/images.novelship.com\/product\/_women__asics_gel_cumulus_24__sheet_rock_pink_glow_3_2129.jpeg;https:\/\/images.novelship.com\/product\/_women__asics_gel_cumulus_24__sheet_rock_pink_glow_4_2129.jpeg;https:\/\/images.novelship.com\/product\/_women__asics_gel_cumulus_24__sheet_rock_pink_glow_5_2129.jpeg\"},{\"@type\":\"BreadcrumbList\",\"@id\":\"https:\/\/tourcruiser.com\/de\/products\/women-asics-gel-cumulus-24-sheet-rock-pink-glow\/#breadcrumb\",\"itemListElement\":[{\"@type\":\"ListItem\",\"position\":1,\"name\":\"Home\",\"item\":\"https:\/\/tourcruiser.com\/de\/\"},{\"@type\":\"ListItem\",\"position\":2,\"name\":\"Shop\",\"item\":\"https:\/\/tourcruiser.com\/de\/shop\/\"},{\"@type\":\"ListItem\",\"position\":3,\"name\":\"(Women) ASICS Gel Cumulus 24 'Sheet Rock Pink Glow'\"}]},{\"@type\":\"WebSite\",\"@id\":\"https:\/\/tourcruiser.com\/de\/#website\",\"url\":\"https:\/\/tourcruiser.com\/de\/\",\"name\":\"Styloral Jewelry Shop\",\"description\":\"Tourcruiser Sneaker Store \u2014 der Ort, an dem das Universum deine Einzigartigkeit trifft.\",\"publisher\":{\"@id\":\"https:\/\/tourcruiser.com\/de\/#organization\"},\"potentialAction\":[{\"@type\":\"SearchAction\",\"target\":{\"@type\":\"EntryPoint\",\"urlTemplate\":\"https:\/\/tourcruiser.com\/de\/?s={search_term_string}\"},\"query-input\":{\"@type\":\"PropertyValueSpecification\",\"valueRequired\":true,\"valueName\":\"search_term_string\"}}],\"inLanguage\":\"de\"},{\"@type\":\"Organization\",\"@id\":\"https:\/\/tourcruiser.com\/de\/#organization\",\"name\":\"STYLORAL PTE. LTD\",\"url\":\"https:\/\/tourcruiser.com\/de\/\",\"logo\":{\"@type\":\"ImageObject\",\"inLanguage\":\"de\",\"@id\":\"https:\/\/tourcruiser.com\/de\/#\/schema\/logo\/image\/\",\"url\":\"https:\/\/www.tourcruiser.com\/wp-content\/uploads\/2025\/12\/logo.png\",\"contentUrl\":\"https:\/\/www.tourcruiser.com\/wp-content\/uploads\/2025\/12\/logo.png\",\"width\":200,\"height\":65,\"caption\":\"STYLORAL PTE. LTD\"},\"image\":{\"@id\":\"https:\/\/tourcruiser.com\/de\/#\/schema\/logo\/image\/\"}}]}<\/script>\n<!-- \/ Yoast SEO plugin. -->","yoast_head_json":{"title":"(Women) ASICS Gel Cumulus 24 'Sheet Rock Pink Glow'  - Tourcruiser PTE. LTD","robots":{"index":"index","follow":"follow","max-snippet":"max-snippet:-1","max-image-preview":"max-image-preview:large","max-video-preview":"max-video-preview:-1"},"canonical":"https:\/\/tourcruiser.com\/de\/products\/women-asics-gel-cumulus-24-sheet-rock-pink-glow\/","og_locale":"de_DE","og_type":"article","og_title":"(Women) ASICS Gel Cumulus 24 'Sheet Rock Pink Glow'  - Tourcruiser PTE. LTD","og_description":"ASICS Gel Cumulus 24 \u201d\u201d Sheet Rock\/Pink Glo","og_url":"https:\/\/tourcruiser.com\/de\/products\/women-asics-gel-cumulus-24-sheet-rock-pink-glow\/","og_site_name":"Tourcruiser Sneaker Store","article_modified_time":"2026-03-27T18:42:23+00:00","twitter_card":"summary_large_image","twitter_image":"https:\/\/images.novelship.com\/product\/_women__asics_gel_cumulus_24__sheet_rock_pink_glow_0_2129.jpeg;https:\/\/images.novelship.com\/product\/_women__asics_gel_cumulus_24__sheet_rock_pink_glow_1_2129.jpeg;https:\/\/images.novelship.com\/product\/_women__asics_gel_cumulus_24__sheet_rock_pink_glow_2_2129.jpeg;https:\/\/images.novelship.com\/product\/_women__asics_gel_cumulus_24__sheet_rock_pink_glow_3_2129.jpeg;https:\/\/images.novelship.com\/product\/_women__asics_gel_cumulus_24__sheet_rock_pink_glow_4_2129.jpeg;https:\/\/images.novelship.com\/product\/_women__asics_gel_cumulus_24__sheet_rock_pink_glow_5_2129.jpeg","twitter_misc":{"Gesch\u00e4tzte Lesezeit":"1\u00a0Minute"},"schema":{"@context":"https:\/\/schema.org","@graph":[{"@type":"WebPage","@id":"https:\/\/tourcruiser.com\/de\/products\/women-asics-gel-cumulus-24-sheet-rock-pink-glow\/","url":"https:\/\/tourcruiser.com\/de\/products\/women-asics-gel-cumulus-24-sheet-rock-pink-glow\/","name":"(Women) ASICS Gel Cumulus 24 'Sheet Rock Pink Glow' - Tourcruiser PTE. LTD","isPartOf":{"@id":"https:\/\/tourcruiser.com\/de\/#website"},"primaryImageOfPage":{"@id":"https:\/\/tourcruiser.com\/de\/products\/women-asics-gel-cumulus-24-sheet-rock-pink-glow\/#primaryimage"},"image":{"@id":"https:\/\/tourcruiser.com\/de\/products\/women-asics-gel-cumulus-24-sheet-rock-pink-glow\/#primaryimage"},"thumbnailUrl":"https:\/\/images.novelship.com\/product\/_women__asics_gel_cumulus_24__sheet_rock_pink_glow_0_2129.jpeg;https:\/\/images.novelship.com\/product\/_women__asics_gel_cumulus_24__sheet_rock_pink_glow_1_2129.jpeg;https:\/\/images.novelship.com\/product\/_women__asics_gel_cumulus_24__sheet_rock_pink_glow_2_2129.jpeg;https:\/\/images.novelship.com\/product\/_women__asics_gel_cumulus_24__sheet_rock_pink_glow_3_2129.jpeg;https:\/\/images.novelship.com\/product\/_women__asics_gel_cumulus_24__sheet_rock_pink_glow_4_2129.jpeg;https:\/\/images.novelship.com\/product\/_women__asics_gel_cumulus_24__sheet_rock_pink_glow_5_2129.jpeg","datePublished":"2026-03-02T09:27:12+00:00","dateModified":"2026-03-27T18:42:23+00:00","breadcrumb":{"@id":"https:\/\/tourcruiser.com\/de\/products\/women-asics-gel-cumulus-24-sheet-rock-pink-glow\/#breadcrumb"},"inLanguage":"de","potentialAction":[{"@type":"ReadAction","target":["https:\/\/tourcruiser.com\/de\/products\/women-asics-gel-cumulus-24-sheet-rock-pink-glow\/"]}]},{"@type":"ImageObject","inLanguage":"de","@id":"https:\/\/tourcruiser.com\/de\/products\/women-asics-gel-cumulus-24-sheet-rock-pink-glow\/#primaryimage","url":"https:\/\/images.novelship.com\/product\/_women__asics_gel_cumulus_24__sheet_rock_pink_glow_0_2129.jpeg;https:\/\/images.novelship.com\/product\/_women__asics_gel_cumulus_24__sheet_rock_pink_glow_1_2129.jpeg;https:\/\/images.novelship.com\/product\/_women__asics_gel_cumulus_24__sheet_rock_pink_glow_2_2129.jpeg;https:\/\/images.novelship.com\/product\/_women__asics_gel_cumulus_24__sheet_rock_pink_glow_3_2129.jpeg;https:\/\/images.novelship.com\/product\/_women__asics_gel_cumulus_24__sheet_rock_pink_glow_4_2129.jpeg;https:\/\/images.novelship.com\/product\/_women__asics_gel_cumulus_24__sheet_rock_pink_glow_5_2129.jpeg","contentUrl":"https:\/\/images.novelship.com\/product\/_women__asics_gel_cumulus_24__sheet_rock_pink_glow_0_2129.jpeg;https:\/\/images.novelship.com\/product\/_women__asics_gel_cumulus_24__sheet_rock_pink_glow_1_2129.jpeg;https:\/\/images.novelship.com\/product\/_women__asics_gel_cumulus_24__sheet_rock_pink_glow_2_2129.jpeg;https:\/\/images.novelship.com\/product\/_women__asics_gel_cumulus_24__sheet_rock_pink_glow_3_2129.jpeg;https:\/\/images.novelship.com\/product\/_women__asics_gel_cumulus_24__sheet_rock_pink_glow_4_2129.jpeg;https:\/\/images.novelship.com\/product\/_women__asics_gel_cumulus_24__sheet_rock_pink_glow_5_2129.jpeg"},{"@type":"BreadcrumbList","@id":"https:\/\/tourcruiser.com\/de\/products\/women-asics-gel-cumulus-24-sheet-rock-pink-glow\/#breadcrumb","itemListElement":[{"@type":"ListItem","position":1,"name":"Home","item":"https:\/\/tourcruiser.com\/de\/"},{"@type":"ListItem","position":2,"name":"Shop","item":"https:\/\/tourcruiser.com\/de\/shop\/"},{"@type":"ListItem","position":3,"name":"(Women) ASICS Gel Cumulus 24 'Sheet Rock Pink Glow'"}]},{"@type":"WebSite","@id":"https:\/\/tourcruiser.com\/de\/#website","url":"https:\/\/tourcruiser.com\/de\/","name":"Styloral Jewelry Shop","description":"Tourcruiser Sneaker Store \u2014 der Ort, an dem das Universum deine Einzigartigkeit trifft.","publisher":{"@id":"https:\/\/tourcruiser.com\/de\/#organization"},"potentialAction":[{"@type":"SearchAction","target":{"@type":"EntryPoint","urlTemplate":"https:\/\/tourcruiser.com\/de\/?s={search_term_string}"},"query-input":{"@type":"PropertyValueSpecification","valueRequired":true,"valueName":"search_term_string"}}],"inLanguage":"de"},{"@type":"Organization","@id":"https:\/\/tourcruiser.com\/de\/#organization","name":"STYLORAL PTE. LTD","url":"https:\/\/tourcruiser.com\/de\/","logo":{"@type":"ImageObject","inLanguage":"de","@id":"https:\/\/tourcruiser.com\/de\/#\/schema\/logo\/image\/","url":"https:\/\/www.tourcruiser.com\/wp-content\/uploads\/2025\/12\/logo.png","contentUrl":"https:\/\/www.tourcruiser.com\/wp-content\/uploads\/2025\/12\/logo.png","width":200,"height":65,"caption":"STYLORAL PTE. LTD"},"image":{"@id":"https:\/\/tourcruiser.com\/de\/#\/schema\/logo\/image\/"}}]}},"_links":{"self":[{"href":"https:\/\/tourcruiser.com\/de\/wp-json\/wp\/v2\/product\/174512","targetHints":{"allow":["GET"]}}],"collection":[{"href":"https:\/\/tourcruiser.com\/de\/wp-json\/wp\/v2\/product"}],"about":[{"href":"https:\/\/tourcruiser.com\/de\/wp-json\/wp\/v2\/types\/product"}],"replies":[{"embeddable":true,"href":"https:\/\/tourcruiser.com\/de\/wp-json\/wp\/v2\/comments?post=174512"}],"wp:featuredmedia":[{"embeddable":true,"href":"https:\/\/tourcruiser.com\/de\/wp-json\/wp\/v2\/media\/174513"}],"wp:attachment":[{"href":"https:\/\/tourcruiser.com\/de\/wp-json\/wp\/v2\/media?parent=174512"}],"wp:term":[{"taxonomy":"product_brand","embeddable":true,"href":"https:\/\/tourcruiser.com\/de\/wp-json\/wp\/v2\/product_brand?post=174512"},{"taxonomy":"product_cat","embeddable":true,"href":"https:\/\/tourcruiser.com\/de\/wp-json\/wp\/v2\/product_cat?post=174512"},{"taxonomy":"product_tag","embeddable":true,"href":"https:\/\/tourcruiser.com\/de\/wp-json\/wp\/v2\/product_tag?post=174512"}],"curies":[{"name":"wp","href":"https:\/\/api.w.org\/{rel}","templated":true}]}}