{"id":173965,"date":"2026-03-02T16:26:22","date_gmt":"2026-03-02T09:26:22","guid":{"rendered":"http:\/\/tourcruiser.com\/product\/asics-lyte-classic-cozy-wear-resistant-shoessneakers-gray"},"modified":"2026-03-28T01:41:55","modified_gmt":"2026-03-27T18:41:55","slug":"asics-lyte-classic-cozy-wear-resistant-shoessneakers-gray","status":"publish","type":"product","link":"https:\/\/tourcruiser.com\/de\/products\/asics-lyte-classic-cozy-wear-resistant-shoessneakers-gray\/","title":{"rendered":"ASICS Lyte Classic Cozy Wear-Resistant Shoes\/Sneakers Gray"},"content":{"rendered":"<p>Erleben Sie unvergleichlichen Komfort und Langlebigkeit mit dem ASICS Lyte Classic Cozy. Dank des atmungsaktiven Mesh-Obermaterials bleiben Ihre F\u00fc\u00dfe angenehm k\u00fchl und trocken. Das weiche, kuschelige Futter sorgt f\u00fcr W\u00e4rme und Isolation \u201d\u201c perfekt f\u00fcr k\u00e4ltere Tage. Die abriebfeste Gummisohle garantiert langanhaltende Performance, w\u00e4hrend der ikonische ASICS-Streifen dem Schuh einen sportlichen Touch verleiht. Mit dem ASICS Lyte Classic Cozy, der perfekten Kombination aus Komfort, Langlebigkeit und Style, werten Sie Ihre Freizeitschuhe auf.<\/p>\n<p>Farbe: Grau<\/p>\n<p>Artikelnummer: 1203A168-021<\/p>\n<p>Farbe: Wei\u00df<\/p>\n<p>Farbe: Wei\u00df<\/p>\n","protected":false},"excerpt":{"rendered":"<p>ASICS Lyte Classic \u201d\u201d Gray<\/p>\n","protected":false},"featured_media":173966,"comment_status":"open","ping_status":"closed","template":"","meta":[],"product_brand":[],"product_cat":[10792],"product_tag":[10791,10750,10753,10754,10765,10768,10758],"class_list":{"0":"post-173965","1":"product","2":"type-product","3":"status-publish","4":"has-post-thumbnail","6":"product_cat-asics","7":"product_tag-asics","8":"product_tag-athleisure-shoes","9":"product_tag-gift-for-him","10":"product_tag-lifestyle-casual-shoes","11":"product_tag-lifestyle-shoes-running-inspired","12":"product_tag-retro-running-shoes","13":"product_tag-under-retail","14":"wcpa_has_options","16":"first","17":"outofstock","18":"taxable","19":"shipping-taxable","20":"purchasable","21":"product-type-simple"},"wcpa_form_fields":{"rules":{"pric_overide_base_price":false,"pric_overide_base_price_if_gt_zero":false,"pric_overide_base_price_fully":false,"pric_cal_option_once":false,"pric_use_as_fee":false,"bind_quantity":false,"quantity_bind_formula":false},"fields":[{"type":"color-group","required":true,"elementId":"wcpa-color-group-69a5ab08ee12d","label":"Gr\u00f6\u00dfe","inline":true,"priceOptions":"different_for_all","pricingType":"fixed","className":"hassizechart product-shoes-size-eu product-shoes-size","name":"color-group-69a5ab08ee136","disp_type":"square","selection_type":"tick-border","disp_size":"50","show_label_inside":true,"adjust_width":true,"cart_display_type":"text","other_text":"Other","cl_rule":"show","col":6,"values":[{"label":"36","value":"EU 36","price":"","pimage":"","pimage_id":"","pthumb":"","color":"","selected":true},{"label":"37","value":"EU 37","price":"","pimage":"","pimage_id":"","pthumb":"","color":""},{"label":"37.5","value":"EU 37.5","price":"","pimage":"","pimage_id":"","pthumb":"","color":""},{"label":"38","value":"EU 38","price":"","pimage":"","pimage_id":"","pthumb":"","color":""},{"label":"38.5","value":"EU 38.5","price":"","pimage":"","pimage_id":"","pthumb":"","color":""},{"label":"39","value":"EU 39","price":"","pimage":"","pimage_id":"","pthumb":"","color":""},{"label":"39.5","value":"EU 39.5","price":"","pimage":"","pimage_id":"","pthumb":"","color":""},{"label":"40","value":"EU 40","price":"","pimage":"","pimage_id":"","pthumb":"","color":""},{"label":"40.5","value":"EU 40.5","price":"","pimage":"","pimage_id":"","pthumb":"","color":""},{"label":" 41.5","value":"EU 41.5","price":"","pimage":"","pimage_id":"","pthumb":"","color":""},{"label":"42","value":"EU 42","price":"","pimage":"","pimage_id":"","pthumb":"","color":""},{"label":"42.5","value":"EU 42.5","price":"","pimage":"","pimage_id":"","pthumb":"","color":""},{"label":"43.5","value":"EU 43.5","price":"","pimage":"","pimage_id":"","pthumb":"","color":""},{"label":"44","value":"EU 44","price":"","pimage":"","pimage_id":"","pthumb":"","color":""},{"label":"44.5","value":"EU 44.5","price":"","pimage":"","pimage_id":"","pthumb":"","color":""},{"label":"45","value":"EU 45","price":"","pimage":"","pimage_id":"","pthumb":"","color":""}],"relations":[{"operator":false,"rules":[]}],"form_id":184311,"form_rules":{"pric_cal_option_once":false,"exclude_from_discount":false,"pric_use_as_fee":false,"fee_label":"Fee","render_after_acb":false,"disp_hide_options_price":false}}]},"yoast_head":"<!-- This site is optimized with the Yoast SEO plugin v26.5 - https:\/\/yoast.com\/wordpress\/plugins\/seo\/ -->\n<title>ASICS Lyte Classic Cozy Wear-Resistant Shoes\/Sneakers Gray  - Tourcruiser PTE. LTD<\/title>\n<meta name=\"robots\" content=\"index, follow, max-snippet:-1, max-image-preview:large, max-video-preview:-1\" \/>\n<link rel=\"canonical\" href=\"https:\/\/tourcruiser.com\/de\/products\/asics-lyte-classic-cozy-wear-resistant-shoessneakers-gray\/\" \/>\n<meta property=\"og:locale\" content=\"de_DE\" \/>\n<meta property=\"og:type\" content=\"article\" \/>\n<meta property=\"og:title\" content=\"ASICS Lyte Classic Cozy Wear-Resistant Shoes\/Sneakers Gray  - Tourcruiser PTE. LTD\" \/>\n<meta property=\"og:description\" content=\"ASICS Lyte Classic \u201d\u201d Gray\" \/>\n<meta property=\"og:url\" content=\"https:\/\/tourcruiser.com\/de\/products\/asics-lyte-classic-cozy-wear-resistant-shoessneakers-gray\/\" \/>\n<meta property=\"og:site_name\" content=\"Tourcruiser Sneaker Store\" \/>\n<meta property=\"article:modified_time\" content=\"2026-03-27T18:41:55+00:00\" \/>\n<meta name=\"twitter:card\" content=\"summary_large_image\" \/>\n<meta name=\"twitter:image\" content=\"https:\/\/images.novelship.com\/product\/asics_lyte_classic__anti_slip_durable_low_top__120_0_61405.jpeg;https:\/\/images.novelship.com\/product\/asics_lyte_classic__anti_slip_durable_low_top__120_1_61406.jpeg;https:\/\/images.novelship.com\/product\/asics_lyte_classic__anti_slip_durable_low_top__120_2_61406.jpeg;https:\/\/images.novelship.com\/product\/asics_lyte_classic__anti_slip_durable_low_top__120_3_61406.jpeg;https:\/\/images.novelship.com\/product\/asics_lyte_classic__anti_slip_durable_low_top__120_4_61406.jpeg\" \/>\n<script type=\"application\/ld+json\" class=\"yoast-schema-graph\">{\"@context\":\"https:\/\/schema.org\",\"@graph\":[{\"@type\":\"WebPage\",\"@id\":\"https:\/\/tourcruiser.com\/de\/products\/asics-lyte-classic-cozy-wear-resistant-shoessneakers-gray\/\",\"url\":\"https:\/\/tourcruiser.com\/de\/products\/asics-lyte-classic-cozy-wear-resistant-shoessneakers-gray\/\",\"name\":\"ASICS Lyte Classic Cozy Wear-Resistant Shoes\/Sneakers Gray - Tourcruiser PTE. LTD\",\"isPartOf\":{\"@id\":\"https:\/\/tourcruiser.com\/de\/#website\"},\"primaryImageOfPage\":{\"@id\":\"https:\/\/tourcruiser.com\/de\/products\/asics-lyte-classic-cozy-wear-resistant-shoessneakers-gray\/#primaryimage\"},\"image\":{\"@id\":\"https:\/\/tourcruiser.com\/de\/products\/asics-lyte-classic-cozy-wear-resistant-shoessneakers-gray\/#primaryimage\"},\"thumbnailUrl\":\"https:\/\/images.novelship.com\/product\/asics_lyte_classic__anti_slip_durable_low_top__120_0_61405.jpeg;https:\/\/images.novelship.com\/product\/asics_lyte_classic__anti_slip_durable_low_top__120_1_61406.jpeg;https:\/\/images.novelship.com\/product\/asics_lyte_classic__anti_slip_durable_low_top__120_2_61406.jpeg;https:\/\/images.novelship.com\/product\/asics_lyte_classic__anti_slip_durable_low_top__120_3_61406.jpeg;https:\/\/images.novelship.com\/product\/asics_lyte_classic__anti_slip_durable_low_top__120_4_61406.jpeg\",\"datePublished\":\"2026-03-02T09:26:22+00:00\",\"dateModified\":\"2026-03-27T18:41:55+00:00\",\"breadcrumb\":{\"@id\":\"https:\/\/tourcruiser.com\/de\/products\/asics-lyte-classic-cozy-wear-resistant-shoessneakers-gray\/#breadcrumb\"},\"inLanguage\":\"de\",\"potentialAction\":[{\"@type\":\"ReadAction\",\"target\":[\"https:\/\/tourcruiser.com\/de\/products\/asics-lyte-classic-cozy-wear-resistant-shoessneakers-gray\/\"]}]},{\"@type\":\"ImageObject\",\"inLanguage\":\"de\",\"@id\":\"https:\/\/tourcruiser.com\/de\/products\/asics-lyte-classic-cozy-wear-resistant-shoessneakers-gray\/#primaryimage\",\"url\":\"https:\/\/images.novelship.com\/product\/asics_lyte_classic__anti_slip_durable_low_top__120_0_61405.jpeg;https:\/\/images.novelship.com\/product\/asics_lyte_classic__anti_slip_durable_low_top__120_1_61406.jpeg;https:\/\/images.novelship.com\/product\/asics_lyte_classic__anti_slip_durable_low_top__120_2_61406.jpeg;https:\/\/images.novelship.com\/product\/asics_lyte_classic__anti_slip_durable_low_top__120_3_61406.jpeg;https:\/\/images.novelship.com\/product\/asics_lyte_classic__anti_slip_durable_low_top__120_4_61406.jpeg\",\"contentUrl\":\"https:\/\/images.novelship.com\/product\/asics_lyte_classic__anti_slip_durable_low_top__120_0_61405.jpeg;https:\/\/images.novelship.com\/product\/asics_lyte_classic__anti_slip_durable_low_top__120_1_61406.jpeg;https:\/\/images.novelship.com\/product\/asics_lyte_classic__anti_slip_durable_low_top__120_2_61406.jpeg;https:\/\/images.novelship.com\/product\/asics_lyte_classic__anti_slip_durable_low_top__120_3_61406.jpeg;https:\/\/images.novelship.com\/product\/asics_lyte_classic__anti_slip_durable_low_top__120_4_61406.jpeg\"},{\"@type\":\"BreadcrumbList\",\"@id\":\"https:\/\/tourcruiser.com\/de\/products\/asics-lyte-classic-cozy-wear-resistant-shoessneakers-gray\/#breadcrumb\",\"itemListElement\":[{\"@type\":\"ListItem\",\"position\":1,\"name\":\"Home\",\"item\":\"https:\/\/tourcruiser.com\/de\/\"},{\"@type\":\"ListItem\",\"position\":2,\"name\":\"Shop\",\"item\":\"https:\/\/tourcruiser.com\/de\/shop\/\"},{\"@type\":\"ListItem\",\"position\":3,\"name\":\"ASICS Lyte Classic Cozy Wear-Resistant Shoes\/Sneakers Gray\"}]},{\"@type\":\"WebSite\",\"@id\":\"https:\/\/tourcruiser.com\/de\/#website\",\"url\":\"https:\/\/tourcruiser.com\/de\/\",\"name\":\"Styloral Jewelry Shop\",\"description\":\"Tourcruiser Sneaker Store \u2014 der Ort, an dem das Universum deine Einzigartigkeit trifft.\",\"publisher\":{\"@id\":\"https:\/\/tourcruiser.com\/de\/#organization\"},\"potentialAction\":[{\"@type\":\"SearchAction\",\"target\":{\"@type\":\"EntryPoint\",\"urlTemplate\":\"https:\/\/tourcruiser.com\/de\/?s={search_term_string}\"},\"query-input\":{\"@type\":\"PropertyValueSpecification\",\"valueRequired\":true,\"valueName\":\"search_term_string\"}}],\"inLanguage\":\"de\"},{\"@type\":\"Organization\",\"@id\":\"https:\/\/tourcruiser.com\/de\/#organization\",\"name\":\"STYLORAL PTE. LTD\",\"url\":\"https:\/\/tourcruiser.com\/de\/\",\"logo\":{\"@type\":\"ImageObject\",\"inLanguage\":\"de\",\"@id\":\"https:\/\/tourcruiser.com\/de\/#\/schema\/logo\/image\/\",\"url\":\"https:\/\/www.tourcruiser.com\/wp-content\/uploads\/2025\/12\/logo.png\",\"contentUrl\":\"https:\/\/www.tourcruiser.com\/wp-content\/uploads\/2025\/12\/logo.png\",\"width\":200,\"height\":65,\"caption\":\"STYLORAL PTE. LTD\"},\"image\":{\"@id\":\"https:\/\/tourcruiser.com\/de\/#\/schema\/logo\/image\/\"}}]}<\/script>\n<!-- \/ Yoast SEO plugin. -->","yoast_head_json":{"title":"ASICS Lyte Classic Cozy Wear-Resistant Shoes\/Sneakers Gray  - Tourcruiser PTE. LTD","robots":{"index":"index","follow":"follow","max-snippet":"max-snippet:-1","max-image-preview":"max-image-preview:large","max-video-preview":"max-video-preview:-1"},"canonical":"https:\/\/tourcruiser.com\/de\/products\/asics-lyte-classic-cozy-wear-resistant-shoessneakers-gray\/","og_locale":"de_DE","og_type":"article","og_title":"ASICS Lyte Classic Cozy Wear-Resistant Shoes\/Sneakers Gray  - Tourcruiser PTE. LTD","og_description":"ASICS Lyte Classic \u201d\u201d Gray","og_url":"https:\/\/tourcruiser.com\/de\/products\/asics-lyte-classic-cozy-wear-resistant-shoessneakers-gray\/","og_site_name":"Tourcruiser Sneaker Store","article_modified_time":"2026-03-27T18:41:55+00:00","twitter_card":"summary_large_image","twitter_image":"https:\/\/images.novelship.com\/product\/asics_lyte_classic__anti_slip_durable_low_top__120_0_61405.jpeg;https:\/\/images.novelship.com\/product\/asics_lyte_classic__anti_slip_durable_low_top__120_1_61406.jpeg;https:\/\/images.novelship.com\/product\/asics_lyte_classic__anti_slip_durable_low_top__120_2_61406.jpeg;https:\/\/images.novelship.com\/product\/asics_lyte_classic__anti_slip_durable_low_top__120_3_61406.jpeg;https:\/\/images.novelship.com\/product\/asics_lyte_classic__anti_slip_durable_low_top__120_4_61406.jpeg","schema":{"@context":"https:\/\/schema.org","@graph":[{"@type":"WebPage","@id":"https:\/\/tourcruiser.com\/de\/products\/asics-lyte-classic-cozy-wear-resistant-shoessneakers-gray\/","url":"https:\/\/tourcruiser.com\/de\/products\/asics-lyte-classic-cozy-wear-resistant-shoessneakers-gray\/","name":"ASICS Lyte Classic Cozy Wear-Resistant Shoes\/Sneakers Gray - Tourcruiser PTE. LTD","isPartOf":{"@id":"https:\/\/tourcruiser.com\/de\/#website"},"primaryImageOfPage":{"@id":"https:\/\/tourcruiser.com\/de\/products\/asics-lyte-classic-cozy-wear-resistant-shoessneakers-gray\/#primaryimage"},"image":{"@id":"https:\/\/tourcruiser.com\/de\/products\/asics-lyte-classic-cozy-wear-resistant-shoessneakers-gray\/#primaryimage"},"thumbnailUrl":"https:\/\/images.novelship.com\/product\/asics_lyte_classic__anti_slip_durable_low_top__120_0_61405.jpeg;https:\/\/images.novelship.com\/product\/asics_lyte_classic__anti_slip_durable_low_top__120_1_61406.jpeg;https:\/\/images.novelship.com\/product\/asics_lyte_classic__anti_slip_durable_low_top__120_2_61406.jpeg;https:\/\/images.novelship.com\/product\/asics_lyte_classic__anti_slip_durable_low_top__120_3_61406.jpeg;https:\/\/images.novelship.com\/product\/asics_lyte_classic__anti_slip_durable_low_top__120_4_61406.jpeg","datePublished":"2026-03-02T09:26:22+00:00","dateModified":"2026-03-27T18:41:55+00:00","breadcrumb":{"@id":"https:\/\/tourcruiser.com\/de\/products\/asics-lyte-classic-cozy-wear-resistant-shoessneakers-gray\/#breadcrumb"},"inLanguage":"de","potentialAction":[{"@type":"ReadAction","target":["https:\/\/tourcruiser.com\/de\/products\/asics-lyte-classic-cozy-wear-resistant-shoessneakers-gray\/"]}]},{"@type":"ImageObject","inLanguage":"de","@id":"https:\/\/tourcruiser.com\/de\/products\/asics-lyte-classic-cozy-wear-resistant-shoessneakers-gray\/#primaryimage","url":"https:\/\/images.novelship.com\/product\/asics_lyte_classic__anti_slip_durable_low_top__120_0_61405.jpeg;https:\/\/images.novelship.com\/product\/asics_lyte_classic__anti_slip_durable_low_top__120_1_61406.jpeg;https:\/\/images.novelship.com\/product\/asics_lyte_classic__anti_slip_durable_low_top__120_2_61406.jpeg;https:\/\/images.novelship.com\/product\/asics_lyte_classic__anti_slip_durable_low_top__120_3_61406.jpeg;https:\/\/images.novelship.com\/product\/asics_lyte_classic__anti_slip_durable_low_top__120_4_61406.jpeg","contentUrl":"https:\/\/images.novelship.com\/product\/asics_lyte_classic__anti_slip_durable_low_top__120_0_61405.jpeg;https:\/\/images.novelship.com\/product\/asics_lyte_classic__anti_slip_durable_low_top__120_1_61406.jpeg;https:\/\/images.novelship.com\/product\/asics_lyte_classic__anti_slip_durable_low_top__120_2_61406.jpeg;https:\/\/images.novelship.com\/product\/asics_lyte_classic__anti_slip_durable_low_top__120_3_61406.jpeg;https:\/\/images.novelship.com\/product\/asics_lyte_classic__anti_slip_durable_low_top__120_4_61406.jpeg"},{"@type":"BreadcrumbList","@id":"https:\/\/tourcruiser.com\/de\/products\/asics-lyte-classic-cozy-wear-resistant-shoessneakers-gray\/#breadcrumb","itemListElement":[{"@type":"ListItem","position":1,"name":"Home","item":"https:\/\/tourcruiser.com\/de\/"},{"@type":"ListItem","position":2,"name":"Shop","item":"https:\/\/tourcruiser.com\/de\/shop\/"},{"@type":"ListItem","position":3,"name":"ASICS Lyte Classic Cozy Wear-Resistant Shoes\/Sneakers Gray"}]},{"@type":"WebSite","@id":"https:\/\/tourcruiser.com\/de\/#website","url":"https:\/\/tourcruiser.com\/de\/","name":"Styloral Jewelry Shop","description":"Tourcruiser Sneaker Store \u2014 der Ort, an dem das Universum deine Einzigartigkeit trifft.","publisher":{"@id":"https:\/\/tourcruiser.com\/de\/#organization"},"potentialAction":[{"@type":"SearchAction","target":{"@type":"EntryPoint","urlTemplate":"https:\/\/tourcruiser.com\/de\/?s={search_term_string}"},"query-input":{"@type":"PropertyValueSpecification","valueRequired":true,"valueName":"search_term_string"}}],"inLanguage":"de"},{"@type":"Organization","@id":"https:\/\/tourcruiser.com\/de\/#organization","name":"STYLORAL PTE. LTD","url":"https:\/\/tourcruiser.com\/de\/","logo":{"@type":"ImageObject","inLanguage":"de","@id":"https:\/\/tourcruiser.com\/de\/#\/schema\/logo\/image\/","url":"https:\/\/www.tourcruiser.com\/wp-content\/uploads\/2025\/12\/logo.png","contentUrl":"https:\/\/www.tourcruiser.com\/wp-content\/uploads\/2025\/12\/logo.png","width":200,"height":65,"caption":"STYLORAL PTE. LTD"},"image":{"@id":"https:\/\/tourcruiser.com\/de\/#\/schema\/logo\/image\/"}}]}},"_links":{"self":[{"href":"https:\/\/tourcruiser.com\/de\/wp-json\/wp\/v2\/product\/173965","targetHints":{"allow":["GET"]}}],"collection":[{"href":"https:\/\/tourcruiser.com\/de\/wp-json\/wp\/v2\/product"}],"about":[{"href":"https:\/\/tourcruiser.com\/de\/wp-json\/wp\/v2\/types\/product"}],"replies":[{"embeddable":true,"href":"https:\/\/tourcruiser.com\/de\/wp-json\/wp\/v2\/comments?post=173965"}],"wp:featuredmedia":[{"embeddable":true,"href":"https:\/\/tourcruiser.com\/de\/wp-json\/wp\/v2\/media\/173966"}],"wp:attachment":[{"href":"https:\/\/tourcruiser.com\/de\/wp-json\/wp\/v2\/media?parent=173965"}],"wp:term":[{"taxonomy":"product_brand","embeddable":true,"href":"https:\/\/tourcruiser.com\/de\/wp-json\/wp\/v2\/product_brand?post=173965"},{"taxonomy":"product_cat","embeddable":true,"href":"https:\/\/tourcruiser.com\/de\/wp-json\/wp\/v2\/product_cat?post=173965"},{"taxonomy":"product_tag","embeddable":true,"href":"https:\/\/tourcruiser.com\/de\/wp-json\/wp\/v2\/product_tag?post=173965"}],"curies":[{"name":"wp","href":"https:\/\/api.w.org\/{rel}","templated":true}]}}