{"id":173691,"date":"2026-03-02T16:26:01","date_gmt":"2026-03-02T09:26:01","guid":{"rendered":"http:\/\/tourcruiser.com\/product\/adidas-handball-spezial-wonder-mauve"},"modified":"2026-03-28T01:41:41","modified_gmt":"2026-03-27T18:41:41","slug":"adidas-handball-spezial-wonder-mauve","status":"publish","type":"product","link":"https:\/\/tourcruiser.com\/de\/products\/adidas-handball-spezial-wonder-mauve\/","title":{"rendered":"adidas Handball Spezial &#8218;Wonder Mauve&#8216;"},"content":{"rendered":"<p>Mit dem adidas Handball Spezial &#8218;Wonder Mauve&#8216; KJ6305, der Retro-Design und modernen Komfort perfekt vereint, steigerst du Style und Performance. Urspr\u00fcnglich f\u00fcr Handballprofis der Spitzenklasse entwickelt, hat sich dieser Kult-Sneaker nahtlos in die Streetwear-Szene integriert und ist damit ein zeitloser Klassiker f\u00fcr Handballbegeisterte weltweit. Das weiche Wildleder-Obermaterial in einem atemberaubenden Mauve-Ton wird durch kontrastierende wei\u00dfe Details erg\u00e4nzt und sorgt f\u00fcr eine edle und zugleich auff\u00e4llige Optik. Die Gummisohle bietet au\u00dfergew\u00f6hnlichen Grip und Langlebigkeit und vereint Funktionalit\u00e4t mit Style. Dank des leichten Designs und der gepolsterten Innensohle genie\u00dft du ganzt\u00e4gigen Tragekomfort \u201d\u201c egal ob auf dem Court oder in der Stadt. Der Handball Spezial wird mit der traditionellen adidas Handwerkskunst gefertigt und bietet eine optimale Passform aus hochwertigen Materialien, die lange halten. Setzen Sie ein Statement mit diesem vielseitigen Schuh, der klassische Sportlichkeit mit modernem urbanem Flair vereint.<\/p>\n<ul>\n<li><strong>Farbgebung:<\/strong> Wonder Mauve\/Off White\/Gum<\/li>\n<li><strong>Artikelnummer:<\/strong> KJ6305<\/li>\n<li><strong>Obermaterial:<\/strong> Wildleder<\/li>\n<li><strong>Farbe:<\/strong> Rosa<\/li>\n<li><strong>Saison:<\/strong> Fr\u00fchling<\/li>\n<li><strong>Erscheinungsjahr:<\/strong> 2025<\/li>\n<\/ul>\n","protected":false},"excerpt":{"rendered":"<p>adidas Handball Spezial \u201d\u201d Wonder Mauve\/Off White\/Gum<\/p>\n","protected":false},"featured_media":173692,"comment_status":"open","ping_status":"closed","template":"","meta":[],"product_brand":[],"product_cat":[10760],"product_tag":[10759,10750,10754,10949,10756,10758],"class_list":{"0":"post-173691","1":"product","2":"type-product","3":"status-publish","4":"has-post-thumbnail","6":"product_cat-adidas","7":"product_tag-adidas","8":"product_tag-athleisure-shoes","9":"product_tag-lifestyle-casual-shoes","10":"product_tag-lifestyle-shoes-handball-inspired","11":"product_tag-retro-casual-shoes","12":"product_tag-under-retail","13":"wcpa_has_options","15":"first","16":"outofstock","17":"taxable","18":"shipping-taxable","19":"purchasable","20":"product-type-simple"},"wcpa_form_fields":{"rules":{"pric_overide_base_price":false,"pric_overide_base_price_if_gt_zero":false,"pric_overide_base_price_fully":false,"pric_cal_option_once":false,"pric_use_as_fee":false,"bind_quantity":false,"quantity_bind_formula":false},"fields":[{"type":"color-group","required":true,"elementId":"wcpa-color-group-66c4a7f817afe","label":"Gr\u00f6\u00dfe","inline":true,"priceOptions":"different_for_all","pricingType":"fixed","className":"hassizechart product-shoes-size-eu product-shoes-size","name":"color-group-66c4a7f817b18","disp_type":"square","selection_type":"tick-border","disp_size":"50","show_label_inside":true,"adjust_width":true,"cart_display_type":"text","other_text":"Other","cl_rule":"show","col":6,"values":[{"label":"35","value":"EU 35","price":"","pimage":"","pimage_id":"","pthumb":"","color":""},{"label":"35.5","value":"EU 35.5","price":"","pimage":"","pimage_id":"","pthumb":"","color":""},{"label":"36","value":"EU 36","price":"","pimage":"","pimage_id":"","pthumb":"","color":"","selected":true},{"label":"36 2\/3","value":"EU 36 2\/3","price":"","pimage":"","pimage_id":"","pthumb":"","color":""},{"label":"37 1\/3","value":"EU 37 1\/3","price":"","pimage":"","pimage_id":"","pthumb":"","color":""},{"label":"38","value":"EU 38","price":"","pimage":"","pimage_id":"","pthumb":"","color":""},{"label":"38 2\/3","value":"EU 38 2\/3","price":"","pimage":"","pimage_id":"","pthumb":"","color":""},{"label":"39 1\/3","value":"EU 39 1\/3","price":"","pimage":"","pimage_id":"","pthumb":"","color":""},{"label":"40","value":"EU 40","price":"","pimage":"","pimage_id":"","pthumb":"","color":""},{"label":"40 2\/3","value":"EU 40 2\/3","price":"","pimage":"","pimage_id":"","pthumb":"","color":""},{"label":"41 1\/3","value":"EU 41 1\/3","price":"","pimage":"","pimage_id":"","pthumb":"","color":""},{"label":"42","value":"EU 42","price":"","pimage":"","pimage_id":"","pthumb":"","color":""},{"label":"42 2\/3","value":"EU 42 2\/3","price":"","pimage":"","pimage_id":"","pthumb":"","color":""},{"label":"43 1\/3","value":"EU 43 1\/3","price":"","pimage":"","pimage_id":"","pthumb":"","color":""},{"label":"44","value":"EU 44","price":"","pimage":"","pimage_id":"","pthumb":"","color":""},{"label":"44 2\/3","value":"EU 44 2\/3","price":"","pimage":"","pimage_id":"","pthumb":"","color":""},{"label":"45 1\/3","value":"EU 45 1\/3","price":"","pimage":"","pimage_id":"","pthumb":"","color":""},{"label":"46","value":"EU 46","price":"","pimage":"","pimage_id":"","pthumb":"","color":""},{"label":"46 2\/3","value":"EU 46 2\/3","price":"","pimage":"","pimage_id":"","pthumb":"","color":""},{"label":"47 1\/3","value":"EU 47 1\/3","price":"","pimage":"","pimage_id":"","pthumb":"","color":""}],"relations":[{"operator":false,"rules":[]}],"form_id":24802,"form_rules":{"pric_cal_option_once":false,"exclude_from_discount":false,"pric_use_as_fee":false,"fee_label":"Fee","render_after_acb":false,"disp_hide_options_price":false}}]},"yoast_head":"<!-- This site is optimized with the Yoast SEO plugin v26.5 - https:\/\/yoast.com\/wordpress\/plugins\/seo\/ -->\n<title>adidas Handball Spezial &#039;Wonder Mauve&#039;  - Tourcruiser PTE. LTD<\/title>\n<meta name=\"robots\" content=\"index, follow, max-snippet:-1, max-image-preview:large, max-video-preview:-1\" \/>\n<link rel=\"canonical\" href=\"https:\/\/tourcruiser.com\/de\/products\/adidas-handball-spezial-wonder-mauve\/\" \/>\n<meta property=\"og:locale\" content=\"de_DE\" \/>\n<meta property=\"og:type\" content=\"article\" \/>\n<meta property=\"og:title\" content=\"adidas Handball Spezial &#039;Wonder Mauve&#039;  - Tourcruiser PTE. LTD\" \/>\n<meta property=\"og:description\" content=\"adidas Handball Spezial \u201d\u201d Wonder Mauve\/Off White\/Gum\" \/>\n<meta property=\"og:url\" content=\"https:\/\/tourcruiser.com\/de\/products\/adidas-handball-spezial-wonder-mauve\/\" \/>\n<meta property=\"og:site_name\" content=\"Tourcruiser Sneaker Store\" \/>\n<meta property=\"article:modified_time\" content=\"2026-03-27T18:41:41+00:00\" \/>\n<meta name=\"twitter:card\" content=\"summary_large_image\" \/>\n<meta name=\"twitter:image\" content=\"https:\/\/images.novelship.com\/product\/adidas_handball_spezial__wonder_mauve__kj6305_0_2825.jpeg;https:\/\/images.novelship.com\/product\/adidas_handball_spezial__wonder_mauve__kj6305_1_2825.jpeg;https:\/\/images.novelship.com\/product\/adidas_handball_spezial__wonder_mauve__kj6305_2_2825.jpeg;https:\/\/images.novelship.com\/product\/adidas_handball_spezial__wonder_mauve__kj6305_3_2825.jpeg;https:\/\/images.novelship.com\/product\/adidas_handball_spezial__wonder_mauve__kj6305_4_2825.jpeg;https:\/\/images.novelship.com\/product\/adidas_handball_spezial__wonder_mauve__kj6305_5_2825.jpeg\" \/>\n<meta name=\"twitter:label1\" content=\"Gesch\u00e4tzte Lesezeit\" \/>\n\t<meta name=\"twitter:data1\" content=\"1\u00a0Minute\" \/>\n<script type=\"application\/ld+json\" class=\"yoast-schema-graph\">{\"@context\":\"https:\/\/schema.org\",\"@graph\":[{\"@type\":\"WebPage\",\"@id\":\"https:\/\/tourcruiser.com\/de\/products\/adidas-handball-spezial-wonder-mauve\/\",\"url\":\"https:\/\/tourcruiser.com\/de\/products\/adidas-handball-spezial-wonder-mauve\/\",\"name\":\"adidas Handball Spezial 'Wonder Mauve' - Tourcruiser PTE. LTD\",\"isPartOf\":{\"@id\":\"https:\/\/tourcruiser.com\/de\/#website\"},\"primaryImageOfPage\":{\"@id\":\"https:\/\/tourcruiser.com\/de\/products\/adidas-handball-spezial-wonder-mauve\/#primaryimage\"},\"image\":{\"@id\":\"https:\/\/tourcruiser.com\/de\/products\/adidas-handball-spezial-wonder-mauve\/#primaryimage\"},\"thumbnailUrl\":\"https:\/\/images.novelship.com\/product\/adidas_handball_spezial__wonder_mauve__kj6305_0_2825.jpeg;https:\/\/images.novelship.com\/product\/adidas_handball_spezial__wonder_mauve__kj6305_1_2825.jpeg;https:\/\/images.novelship.com\/product\/adidas_handball_spezial__wonder_mauve__kj6305_2_2825.jpeg;https:\/\/images.novelship.com\/product\/adidas_handball_spezial__wonder_mauve__kj6305_3_2825.jpeg;https:\/\/images.novelship.com\/product\/adidas_handball_spezial__wonder_mauve__kj6305_4_2825.jpeg;https:\/\/images.novelship.com\/product\/adidas_handball_spezial__wonder_mauve__kj6305_5_2825.jpeg\",\"datePublished\":\"2026-03-02T09:26:01+00:00\",\"dateModified\":\"2026-03-27T18:41:41+00:00\",\"breadcrumb\":{\"@id\":\"https:\/\/tourcruiser.com\/de\/products\/adidas-handball-spezial-wonder-mauve\/#breadcrumb\"},\"inLanguage\":\"de\",\"potentialAction\":[{\"@type\":\"ReadAction\",\"target\":[\"https:\/\/tourcruiser.com\/de\/products\/adidas-handball-spezial-wonder-mauve\/\"]}]},{\"@type\":\"ImageObject\",\"inLanguage\":\"de\",\"@id\":\"https:\/\/tourcruiser.com\/de\/products\/adidas-handball-spezial-wonder-mauve\/#primaryimage\",\"url\":\"https:\/\/images.novelship.com\/product\/adidas_handball_spezial__wonder_mauve__kj6305_0_2825.jpeg;https:\/\/images.novelship.com\/product\/adidas_handball_spezial__wonder_mauve__kj6305_1_2825.jpeg;https:\/\/images.novelship.com\/product\/adidas_handball_spezial__wonder_mauve__kj6305_2_2825.jpeg;https:\/\/images.novelship.com\/product\/adidas_handball_spezial__wonder_mauve__kj6305_3_2825.jpeg;https:\/\/images.novelship.com\/product\/adidas_handball_spezial__wonder_mauve__kj6305_4_2825.jpeg;https:\/\/images.novelship.com\/product\/adidas_handball_spezial__wonder_mauve__kj6305_5_2825.jpeg\",\"contentUrl\":\"https:\/\/images.novelship.com\/product\/adidas_handball_spezial__wonder_mauve__kj6305_0_2825.jpeg;https:\/\/images.novelship.com\/product\/adidas_handball_spezial__wonder_mauve__kj6305_1_2825.jpeg;https:\/\/images.novelship.com\/product\/adidas_handball_spezial__wonder_mauve__kj6305_2_2825.jpeg;https:\/\/images.novelship.com\/product\/adidas_handball_spezial__wonder_mauve__kj6305_3_2825.jpeg;https:\/\/images.novelship.com\/product\/adidas_handball_spezial__wonder_mauve__kj6305_4_2825.jpeg;https:\/\/images.novelship.com\/product\/adidas_handball_spezial__wonder_mauve__kj6305_5_2825.jpeg\"},{\"@type\":\"BreadcrumbList\",\"@id\":\"https:\/\/tourcruiser.com\/de\/products\/adidas-handball-spezial-wonder-mauve\/#breadcrumb\",\"itemListElement\":[{\"@type\":\"ListItem\",\"position\":1,\"name\":\"Home\",\"item\":\"https:\/\/tourcruiser.com\/de\/\"},{\"@type\":\"ListItem\",\"position\":2,\"name\":\"Shop\",\"item\":\"https:\/\/tourcruiser.com\/de\/shop\/\"},{\"@type\":\"ListItem\",\"position\":3,\"name\":\"adidas Handball Spezial 'Wonder Mauve'\"}]},{\"@type\":\"WebSite\",\"@id\":\"https:\/\/tourcruiser.com\/de\/#website\",\"url\":\"https:\/\/tourcruiser.com\/de\/\",\"name\":\"Styloral Jewelry Shop\",\"description\":\"Tourcruiser Sneaker Store \u2014 der Ort, an dem das Universum deine Einzigartigkeit trifft.\",\"publisher\":{\"@id\":\"https:\/\/tourcruiser.com\/de\/#organization\"},\"potentialAction\":[{\"@type\":\"SearchAction\",\"target\":{\"@type\":\"EntryPoint\",\"urlTemplate\":\"https:\/\/tourcruiser.com\/de\/?s={search_term_string}\"},\"query-input\":{\"@type\":\"PropertyValueSpecification\",\"valueRequired\":true,\"valueName\":\"search_term_string\"}}],\"inLanguage\":\"de\"},{\"@type\":\"Organization\",\"@id\":\"https:\/\/tourcruiser.com\/de\/#organization\",\"name\":\"STYLORAL PTE. LTD\",\"url\":\"https:\/\/tourcruiser.com\/de\/\",\"logo\":{\"@type\":\"ImageObject\",\"inLanguage\":\"de\",\"@id\":\"https:\/\/tourcruiser.com\/de\/#\/schema\/logo\/image\/\",\"url\":\"https:\/\/www.tourcruiser.com\/wp-content\/uploads\/2025\/12\/logo.png\",\"contentUrl\":\"https:\/\/www.tourcruiser.com\/wp-content\/uploads\/2025\/12\/logo.png\",\"width\":200,\"height\":65,\"caption\":\"STYLORAL PTE. LTD\"},\"image\":{\"@id\":\"https:\/\/tourcruiser.com\/de\/#\/schema\/logo\/image\/\"}}]}<\/script>\n<!-- \/ Yoast SEO plugin. -->","yoast_head_json":{"title":"adidas Handball Spezial 'Wonder Mauve'  - Tourcruiser PTE. LTD","robots":{"index":"index","follow":"follow","max-snippet":"max-snippet:-1","max-image-preview":"max-image-preview:large","max-video-preview":"max-video-preview:-1"},"canonical":"https:\/\/tourcruiser.com\/de\/products\/adidas-handball-spezial-wonder-mauve\/","og_locale":"de_DE","og_type":"article","og_title":"adidas Handball Spezial 'Wonder Mauve'  - Tourcruiser PTE. LTD","og_description":"adidas Handball Spezial \u201d\u201d Wonder Mauve\/Off White\/Gum","og_url":"https:\/\/tourcruiser.com\/de\/products\/adidas-handball-spezial-wonder-mauve\/","og_site_name":"Tourcruiser Sneaker Store","article_modified_time":"2026-03-27T18:41:41+00:00","twitter_card":"summary_large_image","twitter_image":"https:\/\/images.novelship.com\/product\/adidas_handball_spezial__wonder_mauve__kj6305_0_2825.jpeg;https:\/\/images.novelship.com\/product\/adidas_handball_spezial__wonder_mauve__kj6305_1_2825.jpeg;https:\/\/images.novelship.com\/product\/adidas_handball_spezial__wonder_mauve__kj6305_2_2825.jpeg;https:\/\/images.novelship.com\/product\/adidas_handball_spezial__wonder_mauve__kj6305_3_2825.jpeg;https:\/\/images.novelship.com\/product\/adidas_handball_spezial__wonder_mauve__kj6305_4_2825.jpeg;https:\/\/images.novelship.com\/product\/adidas_handball_spezial__wonder_mauve__kj6305_5_2825.jpeg","twitter_misc":{"Gesch\u00e4tzte Lesezeit":"1\u00a0Minute"},"schema":{"@context":"https:\/\/schema.org","@graph":[{"@type":"WebPage","@id":"https:\/\/tourcruiser.com\/de\/products\/adidas-handball-spezial-wonder-mauve\/","url":"https:\/\/tourcruiser.com\/de\/products\/adidas-handball-spezial-wonder-mauve\/","name":"adidas Handball Spezial 'Wonder Mauve' - Tourcruiser PTE. LTD","isPartOf":{"@id":"https:\/\/tourcruiser.com\/de\/#website"},"primaryImageOfPage":{"@id":"https:\/\/tourcruiser.com\/de\/products\/adidas-handball-spezial-wonder-mauve\/#primaryimage"},"image":{"@id":"https:\/\/tourcruiser.com\/de\/products\/adidas-handball-spezial-wonder-mauve\/#primaryimage"},"thumbnailUrl":"https:\/\/images.novelship.com\/product\/adidas_handball_spezial__wonder_mauve__kj6305_0_2825.jpeg;https:\/\/images.novelship.com\/product\/adidas_handball_spezial__wonder_mauve__kj6305_1_2825.jpeg;https:\/\/images.novelship.com\/product\/adidas_handball_spezial__wonder_mauve__kj6305_2_2825.jpeg;https:\/\/images.novelship.com\/product\/adidas_handball_spezial__wonder_mauve__kj6305_3_2825.jpeg;https:\/\/images.novelship.com\/product\/adidas_handball_spezial__wonder_mauve__kj6305_4_2825.jpeg;https:\/\/images.novelship.com\/product\/adidas_handball_spezial__wonder_mauve__kj6305_5_2825.jpeg","datePublished":"2026-03-02T09:26:01+00:00","dateModified":"2026-03-27T18:41:41+00:00","breadcrumb":{"@id":"https:\/\/tourcruiser.com\/de\/products\/adidas-handball-spezial-wonder-mauve\/#breadcrumb"},"inLanguage":"de","potentialAction":[{"@type":"ReadAction","target":["https:\/\/tourcruiser.com\/de\/products\/adidas-handball-spezial-wonder-mauve\/"]}]},{"@type":"ImageObject","inLanguage":"de","@id":"https:\/\/tourcruiser.com\/de\/products\/adidas-handball-spezial-wonder-mauve\/#primaryimage","url":"https:\/\/images.novelship.com\/product\/adidas_handball_spezial__wonder_mauve__kj6305_0_2825.jpeg;https:\/\/images.novelship.com\/product\/adidas_handball_spezial__wonder_mauve__kj6305_1_2825.jpeg;https:\/\/images.novelship.com\/product\/adidas_handball_spezial__wonder_mauve__kj6305_2_2825.jpeg;https:\/\/images.novelship.com\/product\/adidas_handball_spezial__wonder_mauve__kj6305_3_2825.jpeg;https:\/\/images.novelship.com\/product\/adidas_handball_spezial__wonder_mauve__kj6305_4_2825.jpeg;https:\/\/images.novelship.com\/product\/adidas_handball_spezial__wonder_mauve__kj6305_5_2825.jpeg","contentUrl":"https:\/\/images.novelship.com\/product\/adidas_handball_spezial__wonder_mauve__kj6305_0_2825.jpeg;https:\/\/images.novelship.com\/product\/adidas_handball_spezial__wonder_mauve__kj6305_1_2825.jpeg;https:\/\/images.novelship.com\/product\/adidas_handball_spezial__wonder_mauve__kj6305_2_2825.jpeg;https:\/\/images.novelship.com\/product\/adidas_handball_spezial__wonder_mauve__kj6305_3_2825.jpeg;https:\/\/images.novelship.com\/product\/adidas_handball_spezial__wonder_mauve__kj6305_4_2825.jpeg;https:\/\/images.novelship.com\/product\/adidas_handball_spezial__wonder_mauve__kj6305_5_2825.jpeg"},{"@type":"BreadcrumbList","@id":"https:\/\/tourcruiser.com\/de\/products\/adidas-handball-spezial-wonder-mauve\/#breadcrumb","itemListElement":[{"@type":"ListItem","position":1,"name":"Home","item":"https:\/\/tourcruiser.com\/de\/"},{"@type":"ListItem","position":2,"name":"Shop","item":"https:\/\/tourcruiser.com\/de\/shop\/"},{"@type":"ListItem","position":3,"name":"adidas Handball Spezial 'Wonder Mauve'"}]},{"@type":"WebSite","@id":"https:\/\/tourcruiser.com\/de\/#website","url":"https:\/\/tourcruiser.com\/de\/","name":"Styloral Jewelry Shop","description":"Tourcruiser Sneaker Store \u2014 der Ort, an dem das Universum deine Einzigartigkeit trifft.","publisher":{"@id":"https:\/\/tourcruiser.com\/de\/#organization"},"potentialAction":[{"@type":"SearchAction","target":{"@type":"EntryPoint","urlTemplate":"https:\/\/tourcruiser.com\/de\/?s={search_term_string}"},"query-input":{"@type":"PropertyValueSpecification","valueRequired":true,"valueName":"search_term_string"}}],"inLanguage":"de"},{"@type":"Organization","@id":"https:\/\/tourcruiser.com\/de\/#organization","name":"STYLORAL PTE. LTD","url":"https:\/\/tourcruiser.com\/de\/","logo":{"@type":"ImageObject","inLanguage":"de","@id":"https:\/\/tourcruiser.com\/de\/#\/schema\/logo\/image\/","url":"https:\/\/www.tourcruiser.com\/wp-content\/uploads\/2025\/12\/logo.png","contentUrl":"https:\/\/www.tourcruiser.com\/wp-content\/uploads\/2025\/12\/logo.png","width":200,"height":65,"caption":"STYLORAL PTE. LTD"},"image":{"@id":"https:\/\/tourcruiser.com\/de\/#\/schema\/logo\/image\/"}}]}},"_links":{"self":[{"href":"https:\/\/tourcruiser.com\/de\/wp-json\/wp\/v2\/product\/173691","targetHints":{"allow":["GET"]}}],"collection":[{"href":"https:\/\/tourcruiser.com\/de\/wp-json\/wp\/v2\/product"}],"about":[{"href":"https:\/\/tourcruiser.com\/de\/wp-json\/wp\/v2\/types\/product"}],"replies":[{"embeddable":true,"href":"https:\/\/tourcruiser.com\/de\/wp-json\/wp\/v2\/comments?post=173691"}],"wp:featuredmedia":[{"embeddable":true,"href":"https:\/\/tourcruiser.com\/de\/wp-json\/wp\/v2\/media\/173692"}],"wp:attachment":[{"href":"https:\/\/tourcruiser.com\/de\/wp-json\/wp\/v2\/media?parent=173691"}],"wp:term":[{"taxonomy":"product_brand","embeddable":true,"href":"https:\/\/tourcruiser.com\/de\/wp-json\/wp\/v2\/product_brand?post=173691"},{"taxonomy":"product_cat","embeddable":true,"href":"https:\/\/tourcruiser.com\/de\/wp-json\/wp\/v2\/product_cat?post=173691"},{"taxonomy":"product_tag","embeddable":true,"href":"https:\/\/tourcruiser.com\/de\/wp-json\/wp\/v2\/product_tag?post=173691"}],"curies":[{"name":"wp","href":"https:\/\/api.w.org\/{rel}","templated":true}]}}