{"id":173630,"date":"2026-03-02T16:25:55","date_gmt":"2026-03-02T09:25:55","guid":{"rendered":"http:\/\/tourcruiser.com\/product\/asics-gel-kayano-32-wide-black-white"},"modified":"2026-03-28T01:41:38","modified_gmt":"2026-03-27T18:41:38","slug":"asics-gel-kayano-32-wide-black-white","status":"publish","type":"product","link":"https:\/\/tourcruiser.com\/de\/products\/asics-gel-kayano-32-wide-black-white\/","title":{"rendered":"ASICS Gel Kayano 32 Wide &#8218;Black White&#8216;"},"content":{"rendered":"<p>Der ASICS Gel Kayano 32 Wide &#8218;Black White&#8216; 1011C051-002 ist ein Premium-Laufschuh, der f\u00fcr un\u00fcbertroffenen Halt, Komfort und Stabilit\u00e4t entwickelt wurde. Speziell f\u00fcr \u00dcberpronierer konzipiert, kombiniert diese neueste Version die fortschrittliche GEL-D\u00e4mpfung mit der FlyteFoam-Technologie f\u00fcr hervorragende Sto\u00dfd\u00e4mpfung und Energier\u00fcckgabe und sorgt so f\u00fcr ein geschmeidiges und reaktionsfreudiges Laufgef\u00fchl bei jedem Lauf. Die breite Passform bietet L\u00e4ufern, die mehr Platz ben\u00f6tigen, zus\u00e4tzlichen Komfort, w\u00e4hrend das atmungsaktive Engineered-Mesh-Obermaterial optimale Bel\u00fcftung und eine bequeme Passform gew\u00e4hrleistet. Mit seinem eleganten schwarz-wei\u00dfen Design vereint dieser vielseitige Schuh funktionelle Leistung mit moderner \u00c4sthetik und eignet sich sowohl f\u00fcr ambitionierte L\u00e4ufer als auch f\u00fcr den Alltag. Die \u00fcberarbeitete externe Fersenkappe und die 3D Space Construction-Technologie verbessern die Stabilit\u00e4t und f\u00f6rdern einen nat\u00fcrlichen Laufstil \u201d\u201c ideal f\u00fcr Langstreckenl\u00e4ufer und Freizeitsportler. Verst\u00e4rkte Bereiche garantieren Langlebigkeit, selbst bei intensivsten Trainingseinheiten. Egal, ob du f\u00fcr einen Marathon trainierst oder einfach nur joggen gehst, der Gel Kayano 32 Wide wurde sorgf\u00e4ltig entwickelt, um dich bei deinen Zielen zu unterst\u00fctzen.<\/p>\n<ul>\n<li><strong>Style Code:<\/strong> 1011C051-002<\/li>\n<li><strong>Obermaterial:<\/strong> Mesh<\/li>\n<li><strong>Zwischensohle:<\/strong> FlyteFoam Blast+<\/li>\n<li><strong>Farbe:<\/strong> Schwarz<\/li>\n<li><strong>Erscheinungsjahr:<\/strong> 2023<\/li>\n<\/ul>\n","protected":false},"excerpt":{"rendered":"<p>ASICS Gel Kayano 32 Wide &#8218;Black White&#8216;<\/p>\n","protected":false},"featured_media":173631,"comment_status":"open","ping_status":"closed","template":"","meta":[],"product_brand":[],"product_cat":[10792],"product_tag":[10791,10839,10802,10840,12149,10758,11692],"class_list":{"0":"post-173630","1":"product","2":"type-product","3":"status-publish","4":"has-post-thumbnail","6":"product_cat-asics","7":"product_tag-asics","8":"product_tag-performance-running-shoes","9":"product_tag-performance-sport-shoes","10":"product_tag-running-shoes","11":"product_tag-stability-overpronation-running-shoes","12":"product_tag-under-retail","13":"product_tag-wide-running-shoes","14":"wcpa_has_options","16":"first","17":"outofstock","18":"sale","19":"taxable","20":"shipping-taxable","21":"purchasable","22":"product-type-simple"},"wcpa_form_fields":{"rules":{"pric_overide_base_price":false,"pric_overide_base_price_if_gt_zero":false,"pric_overide_base_price_fully":false,"pric_cal_option_once":false,"pric_use_as_fee":false,"bind_quantity":false,"quantity_bind_formula":false},"fields":[{"type":"color-group","required":true,"elementId":"wcpa-color-group-69a5ab08ee12d","label":"Gr\u00f6\u00dfe","inline":true,"priceOptions":"different_for_all","pricingType":"fixed","className":"hassizechart product-shoes-size-eu product-shoes-size","name":"color-group-69a5ab08ee136","disp_type":"square","selection_type":"tick-border","disp_size":"50","show_label_inside":true,"adjust_width":true,"cart_display_type":"text","other_text":"Other","cl_rule":"show","col":6,"values":[{"label":"36","value":"EU 36","price":"","pimage":"","pimage_id":"","pthumb":"","color":"","selected":true},{"label":"37","value":"EU 37","price":"","pimage":"","pimage_id":"","pthumb":"","color":""},{"label":"37.5","value":"EU 37.5","price":"","pimage":"","pimage_id":"","pthumb":"","color":""},{"label":"38","value":"EU 38","price":"","pimage":"","pimage_id":"","pthumb":"","color":""},{"label":"38.5","value":"EU 38.5","price":"","pimage":"","pimage_id":"","pthumb":"","color":""},{"label":"39","value":"EU 39","price":"","pimage":"","pimage_id":"","pthumb":"","color":""},{"label":"39.5","value":"EU 39.5","price":"","pimage":"","pimage_id":"","pthumb":"","color":""},{"label":"40","value":"EU 40","price":"","pimage":"","pimage_id":"","pthumb":"","color":""},{"label":"40.5","value":"EU 40.5","price":"","pimage":"","pimage_id":"","pthumb":"","color":""},{"label":" 41.5","value":"EU 41.5","price":"","pimage":"","pimage_id":"","pthumb":"","color":""},{"label":"42","value":"EU 42","price":"","pimage":"","pimage_id":"","pthumb":"","color":""},{"label":"42.5","value":"EU 42.5","price":"","pimage":"","pimage_id":"","pthumb":"","color":""},{"label":"43.5","value":"EU 43.5","price":"","pimage":"","pimage_id":"","pthumb":"","color":""},{"label":"44","value":"EU 44","price":"","pimage":"","pimage_id":"","pthumb":"","color":""},{"label":"44.5","value":"EU 44.5","price":"","pimage":"","pimage_id":"","pthumb":"","color":""},{"label":"45","value":"EU 45","price":"","pimage":"","pimage_id":"","pthumb":"","color":""}],"relations":[{"operator":false,"rules":[]}],"form_id":184311,"form_rules":{"pric_cal_option_once":false,"exclude_from_discount":false,"pric_use_as_fee":false,"fee_label":"Fee","render_after_acb":false,"disp_hide_options_price":false}}]},"yoast_head":"<!-- This site is optimized with the Yoast SEO plugin v26.5 - https:\/\/yoast.com\/wordpress\/plugins\/seo\/ -->\n<title>ASICS Gel Kayano 32 Wide &#039;Black White&#039;  - Tourcruiser PTE. LTD<\/title>\n<meta name=\"robots\" content=\"index, follow, max-snippet:-1, max-image-preview:large, max-video-preview:-1\" \/>\n<link rel=\"canonical\" href=\"https:\/\/tourcruiser.com\/de\/products\/asics-gel-kayano-32-wide-black-white\/\" \/>\n<meta property=\"og:locale\" content=\"de_DE\" \/>\n<meta property=\"og:type\" content=\"article\" \/>\n<meta property=\"og:title\" content=\"ASICS Gel Kayano 32 Wide &#039;Black White&#039;  - Tourcruiser PTE. LTD\" \/>\n<meta property=\"og:description\" content=\"ASICS Gel Kayano 32 Wide &#039;Black White&#039;\" \/>\n<meta property=\"og:url\" content=\"https:\/\/tourcruiser.com\/de\/products\/asics-gel-kayano-32-wide-black-white\/\" \/>\n<meta property=\"og:site_name\" content=\"Tourcruiser Sneaker Store\" \/>\n<meta property=\"article:modified_time\" content=\"2026-03-27T18:41:38+00:00\" \/>\n<meta name=\"twitter:card\" content=\"summary_large_image\" \/>\n<meta name=\"twitter:image\" content=\"https:\/\/images.novelship.com\/product\/asics_gel_kayano_32_wide__black_white__1011c051-00_0_44212.png\" \/>\n<meta name=\"twitter:label1\" content=\"Gesch\u00e4tzte Lesezeit\" \/>\n\t<meta name=\"twitter:data1\" content=\"1\u00a0Minute\" \/>\n<script type=\"application\/ld+json\" class=\"yoast-schema-graph\">{\"@context\":\"https:\/\/schema.org\",\"@graph\":[{\"@type\":\"WebPage\",\"@id\":\"https:\/\/tourcruiser.com\/de\/products\/asics-gel-kayano-32-wide-black-white\/\",\"url\":\"https:\/\/tourcruiser.com\/de\/products\/asics-gel-kayano-32-wide-black-white\/\",\"name\":\"ASICS Gel Kayano 32 Wide 'Black White' - Tourcruiser PTE. LTD\",\"isPartOf\":{\"@id\":\"https:\/\/tourcruiser.com\/de\/#website\"},\"primaryImageOfPage\":{\"@id\":\"https:\/\/tourcruiser.com\/de\/products\/asics-gel-kayano-32-wide-black-white\/#primaryimage\"},\"image\":{\"@id\":\"https:\/\/tourcruiser.com\/de\/products\/asics-gel-kayano-32-wide-black-white\/#primaryimage\"},\"thumbnailUrl\":\"https:\/\/images.novelship.com\/product\/asics_gel_kayano_32_wide__black_white__1011c051-00_0_44212.png\",\"datePublished\":\"2026-03-02T09:25:55+00:00\",\"dateModified\":\"2026-03-27T18:41:38+00:00\",\"breadcrumb\":{\"@id\":\"https:\/\/tourcruiser.com\/de\/products\/asics-gel-kayano-32-wide-black-white\/#breadcrumb\"},\"inLanguage\":\"de\",\"potentialAction\":[{\"@type\":\"ReadAction\",\"target\":[\"https:\/\/tourcruiser.com\/de\/products\/asics-gel-kayano-32-wide-black-white\/\"]}]},{\"@type\":\"ImageObject\",\"inLanguage\":\"de\",\"@id\":\"https:\/\/tourcruiser.com\/de\/products\/asics-gel-kayano-32-wide-black-white\/#primaryimage\",\"url\":\"https:\/\/images.novelship.com\/product\/asics_gel_kayano_32_wide__black_white__1011c051-00_0_44212.png\",\"contentUrl\":\"https:\/\/images.novelship.com\/product\/asics_gel_kayano_32_wide__black_white__1011c051-00_0_44212.png\"},{\"@type\":\"BreadcrumbList\",\"@id\":\"https:\/\/tourcruiser.com\/de\/products\/asics-gel-kayano-32-wide-black-white\/#breadcrumb\",\"itemListElement\":[{\"@type\":\"ListItem\",\"position\":1,\"name\":\"Home\",\"item\":\"https:\/\/tourcruiser.com\/de\/\"},{\"@type\":\"ListItem\",\"position\":2,\"name\":\"Shop\",\"item\":\"https:\/\/tourcruiser.com\/de\/shop\/\"},{\"@type\":\"ListItem\",\"position\":3,\"name\":\"ASICS Gel Kayano 32 Wide 'Black White'\"}]},{\"@type\":\"WebSite\",\"@id\":\"https:\/\/tourcruiser.com\/de\/#website\",\"url\":\"https:\/\/tourcruiser.com\/de\/\",\"name\":\"Styloral Jewelry Shop\",\"description\":\"Tourcruiser Sneaker Store \u2014 der Ort, an dem das Universum deine Einzigartigkeit trifft.\",\"publisher\":{\"@id\":\"https:\/\/tourcruiser.com\/de\/#organization\"},\"potentialAction\":[{\"@type\":\"SearchAction\",\"target\":{\"@type\":\"EntryPoint\",\"urlTemplate\":\"https:\/\/tourcruiser.com\/de\/?s={search_term_string}\"},\"query-input\":{\"@type\":\"PropertyValueSpecification\",\"valueRequired\":true,\"valueName\":\"search_term_string\"}}],\"inLanguage\":\"de\"},{\"@type\":\"Organization\",\"@id\":\"https:\/\/tourcruiser.com\/de\/#organization\",\"name\":\"STYLORAL PTE. LTD\",\"url\":\"https:\/\/tourcruiser.com\/de\/\",\"logo\":{\"@type\":\"ImageObject\",\"inLanguage\":\"de\",\"@id\":\"https:\/\/tourcruiser.com\/de\/#\/schema\/logo\/image\/\",\"url\":\"https:\/\/www.tourcruiser.com\/wp-content\/uploads\/2025\/12\/logo.png\",\"contentUrl\":\"https:\/\/www.tourcruiser.com\/wp-content\/uploads\/2025\/12\/logo.png\",\"width\":200,\"height\":65,\"caption\":\"STYLORAL PTE. LTD\"},\"image\":{\"@id\":\"https:\/\/tourcruiser.com\/de\/#\/schema\/logo\/image\/\"}}]}<\/script>\n<!-- \/ Yoast SEO plugin. -->","yoast_head_json":{"title":"ASICS Gel Kayano 32 Wide 'Black White'  - Tourcruiser PTE. LTD","robots":{"index":"index","follow":"follow","max-snippet":"max-snippet:-1","max-image-preview":"max-image-preview:large","max-video-preview":"max-video-preview:-1"},"canonical":"https:\/\/tourcruiser.com\/de\/products\/asics-gel-kayano-32-wide-black-white\/","og_locale":"de_DE","og_type":"article","og_title":"ASICS Gel Kayano 32 Wide 'Black White'  - Tourcruiser PTE. LTD","og_description":"ASICS Gel Kayano 32 Wide 'Black White'","og_url":"https:\/\/tourcruiser.com\/de\/products\/asics-gel-kayano-32-wide-black-white\/","og_site_name":"Tourcruiser Sneaker Store","article_modified_time":"2026-03-27T18:41:38+00:00","twitter_card":"summary_large_image","twitter_image":"https:\/\/images.novelship.com\/product\/asics_gel_kayano_32_wide__black_white__1011c051-00_0_44212.png","twitter_misc":{"Gesch\u00e4tzte Lesezeit":"1\u00a0Minute"},"schema":{"@context":"https:\/\/schema.org","@graph":[{"@type":"WebPage","@id":"https:\/\/tourcruiser.com\/de\/products\/asics-gel-kayano-32-wide-black-white\/","url":"https:\/\/tourcruiser.com\/de\/products\/asics-gel-kayano-32-wide-black-white\/","name":"ASICS Gel Kayano 32 Wide 'Black White' - Tourcruiser PTE. LTD","isPartOf":{"@id":"https:\/\/tourcruiser.com\/de\/#website"},"primaryImageOfPage":{"@id":"https:\/\/tourcruiser.com\/de\/products\/asics-gel-kayano-32-wide-black-white\/#primaryimage"},"image":{"@id":"https:\/\/tourcruiser.com\/de\/products\/asics-gel-kayano-32-wide-black-white\/#primaryimage"},"thumbnailUrl":"https:\/\/images.novelship.com\/product\/asics_gel_kayano_32_wide__black_white__1011c051-00_0_44212.png","datePublished":"2026-03-02T09:25:55+00:00","dateModified":"2026-03-27T18:41:38+00:00","breadcrumb":{"@id":"https:\/\/tourcruiser.com\/de\/products\/asics-gel-kayano-32-wide-black-white\/#breadcrumb"},"inLanguage":"de","potentialAction":[{"@type":"ReadAction","target":["https:\/\/tourcruiser.com\/de\/products\/asics-gel-kayano-32-wide-black-white\/"]}]},{"@type":"ImageObject","inLanguage":"de","@id":"https:\/\/tourcruiser.com\/de\/products\/asics-gel-kayano-32-wide-black-white\/#primaryimage","url":"https:\/\/images.novelship.com\/product\/asics_gel_kayano_32_wide__black_white__1011c051-00_0_44212.png","contentUrl":"https:\/\/images.novelship.com\/product\/asics_gel_kayano_32_wide__black_white__1011c051-00_0_44212.png"},{"@type":"BreadcrumbList","@id":"https:\/\/tourcruiser.com\/de\/products\/asics-gel-kayano-32-wide-black-white\/#breadcrumb","itemListElement":[{"@type":"ListItem","position":1,"name":"Home","item":"https:\/\/tourcruiser.com\/de\/"},{"@type":"ListItem","position":2,"name":"Shop","item":"https:\/\/tourcruiser.com\/de\/shop\/"},{"@type":"ListItem","position":3,"name":"ASICS Gel Kayano 32 Wide 'Black White'"}]},{"@type":"WebSite","@id":"https:\/\/tourcruiser.com\/de\/#website","url":"https:\/\/tourcruiser.com\/de\/","name":"Styloral Jewelry Shop","description":"Tourcruiser Sneaker Store \u2014 der Ort, an dem das Universum deine Einzigartigkeit trifft.","publisher":{"@id":"https:\/\/tourcruiser.com\/de\/#organization"},"potentialAction":[{"@type":"SearchAction","target":{"@type":"EntryPoint","urlTemplate":"https:\/\/tourcruiser.com\/de\/?s={search_term_string}"},"query-input":{"@type":"PropertyValueSpecification","valueRequired":true,"valueName":"search_term_string"}}],"inLanguage":"de"},{"@type":"Organization","@id":"https:\/\/tourcruiser.com\/de\/#organization","name":"STYLORAL PTE. LTD","url":"https:\/\/tourcruiser.com\/de\/","logo":{"@type":"ImageObject","inLanguage":"de","@id":"https:\/\/tourcruiser.com\/de\/#\/schema\/logo\/image\/","url":"https:\/\/www.tourcruiser.com\/wp-content\/uploads\/2025\/12\/logo.png","contentUrl":"https:\/\/www.tourcruiser.com\/wp-content\/uploads\/2025\/12\/logo.png","width":200,"height":65,"caption":"STYLORAL PTE. LTD"},"image":{"@id":"https:\/\/tourcruiser.com\/de\/#\/schema\/logo\/image\/"}}]}},"_links":{"self":[{"href":"https:\/\/tourcruiser.com\/de\/wp-json\/wp\/v2\/product\/173630","targetHints":{"allow":["GET"]}}],"collection":[{"href":"https:\/\/tourcruiser.com\/de\/wp-json\/wp\/v2\/product"}],"about":[{"href":"https:\/\/tourcruiser.com\/de\/wp-json\/wp\/v2\/types\/product"}],"replies":[{"embeddable":true,"href":"https:\/\/tourcruiser.com\/de\/wp-json\/wp\/v2\/comments?post=173630"}],"wp:featuredmedia":[{"embeddable":true,"href":"https:\/\/tourcruiser.com\/de\/wp-json\/wp\/v2\/media\/173631"}],"wp:attachment":[{"href":"https:\/\/tourcruiser.com\/de\/wp-json\/wp\/v2\/media?parent=173630"}],"wp:term":[{"taxonomy":"product_brand","embeddable":true,"href":"https:\/\/tourcruiser.com\/de\/wp-json\/wp\/v2\/product_brand?post=173630"},{"taxonomy":"product_cat","embeddable":true,"href":"https:\/\/tourcruiser.com\/de\/wp-json\/wp\/v2\/product_cat?post=173630"},{"taxonomy":"product_tag","embeddable":true,"href":"https:\/\/tourcruiser.com\/de\/wp-json\/wp\/v2\/product_tag?post=173630"}],"curies":[{"name":"wp","href":"https:\/\/api.w.org\/{rel}","templated":true}]}}