{"id":173430,"date":"2026-03-02T16:25:38","date_gmt":"2026-03-02T09:25:38","guid":{"rendered":"http:\/\/tourcruiser.com\/product\/women-adidas-dropset-3-black-grey-gum"},"modified":"2026-03-28T01:41:27","modified_gmt":"2026-03-27T18:41:27","slug":"women-adidas-dropset-3-black-grey-gum","status":"publish","type":"product","link":"https:\/\/tourcruiser.com\/de\/products\/women-adidas-dropset-3-black-grey-gum\/","title":{"rendered":"(Women) adidas Dropset 3 &#8218;Black Grey Gum&#8216;"},"content":{"rendered":"<p>Entfessle dein Potenzial mit den Drop Set 3 Sneakers ID8632. Sie vereinen modernste Performance-Technologie mit einem eleganten, modernen Design. Diese vielseitigen Sneaker sind perfekt f\u00fcrs Fitnessstudio, die Stra\u00dfe oder \u00fcberall dort, wo dein aktiver Lifestyle dich hinf\u00fchrt. Sie sind leicht und dennoch robust und garantieren so m\u00fchelose Bewegungsfreiheit und lange Haltbarkeit.<\/p>\n<p>Die Drop Set 3 Sneakers verf\u00fcgen \u00fcber eine reaktionsfreudige Zwischensohle, die hervorragende D\u00e4mpfung und Energier\u00fcckgabe f\u00fcr maximalen Komfort bei intensiven Workouts oder Ausdaueraktivit\u00e4ten bietet. Die pr\u00e4zisionsgefertigte Au\u00dfensohle sorgt f\u00fcr au\u00dfergew\u00f6hnlichen Grip und Stabilit\u00e4t und gibt dir auf jedem Terrain sicheren Halt.<\/p>\n<p>Dank atmungsaktiver Materialien bleiben deine F\u00fc\u00dfe in diesen Sneakers auch bei h\u00e4rtesten Trainingseinheiten k\u00fchl und trocken. Das adaptive Design schmiegt sich perfekt an deinen Fu\u00df an, reduziert Druckstellen und steigert deine Leistung. Die stylischen und markanten Drop Set 3 verleihen jedem Outfit eine sportlich-elegante Note und sind somit eine vielseitige Erg\u00e4nzung f\u00fcr deine Schuhsammlung.<\/p>\n<p>Der Drop Set 3 Sneaker ID8632 ist ideal f\u00fcr Sportler, Fitnessbegeisterte und alle, die einen kultigen und funktionalen Sneaker suchen. Hier trifft Mode auf Performance f\u00fcr den ultimativen Fortschritt. Mit diesen meisterhaft gefertigten Sneakern gehst du jeden Schritt selbstbewusst und kraftvoll.<\/p>\n<ul>\n<li><strong>Farbgebung:<\/strong> Core Black\/Grey Four\/Grey Four<\/li>\n<li><strong>Style-Code:<\/strong> ID8632<\/li>\n<li><strong>Obermaterial:<\/strong> Mesh<\/li>\n<li><strong>Zwischensohle:<\/strong> Dual-Density<\/li>\n<li><strong>Farbe:<\/strong> Schwarz<\/li>\n<\/ul>\n","protected":false},"excerpt":{"rendered":"<p>adidas Drop Set 3 \u201d\u201d Core Black\/Grey Four\/Grey Four<\/p>\n","protected":false},"featured_media":173431,"comment_status":"open","ping_status":"closed","template":"","meta":[],"product_brand":[],"product_cat":[10941],"product_tag":[10759,10802,10873,10758],"class_list":{"0":"post-173430","1":"product","2":"type-product","3":"status-publish","4":"has-post-thumbnail","6":"product_cat-adidas-women","7":"product_tag-adidas","8":"product_tag-performance-sport-shoes","9":"product_tag-training-shoes","10":"product_tag-under-retail","11":"wcpa_has_options","13":"first","14":"outofstock","15":"taxable","16":"shipping-taxable","17":"purchasable","18":"product-type-simple"},"wcpa_form_fields":{"rules":{"pric_overide_base_price":false,"pric_overide_base_price_if_gt_zero":false,"pric_overide_base_price_fully":false,"pric_cal_option_once":false,"pric_use_as_fee":false,"bind_quantity":false,"quantity_bind_formula":false},"fields":[{"type":"color-group","required":true,"elementId":"wcpa-color-group-66c4a7f817afe","label":"Gr\u00f6\u00dfe","inline":true,"priceOptions":"different_for_all","pricingType":"fixed","className":"hassizechart product-shoes-size-eu product-shoes-size","name":"color-group-66c4a7f817b18","disp_type":"square","selection_type":"tick-border","disp_size":"50","show_label_inside":true,"adjust_width":true,"cart_display_type":"text","other_text":"Other","cl_rule":"show","col":6,"values":[{"label":"35","value":"EU 35","price":"","pimage":"","pimage_id":"","pthumb":"","color":""},{"label":"35.5","value":"EU 35.5","price":"","pimage":"","pimage_id":"","pthumb":"","color":""},{"label":"36","value":"EU 36","price":"","pimage":"","pimage_id":"","pthumb":"","color":"","selected":true},{"label":"36 2\/3","value":"EU 36 2\/3","price":"","pimage":"","pimage_id":"","pthumb":"","color":""},{"label":"37 1\/3","value":"EU 37 1\/3","price":"","pimage":"","pimage_id":"","pthumb":"","color":""},{"label":"38","value":"EU 38","price":"","pimage":"","pimage_id":"","pthumb":"","color":""},{"label":"38 2\/3","value":"EU 38 2\/3","price":"","pimage":"","pimage_id":"","pthumb":"","color":""},{"label":"39 1\/3","value":"EU 39 1\/3","price":"","pimage":"","pimage_id":"","pthumb":"","color":""},{"label":"40","value":"EU 40","price":"","pimage":"","pimage_id":"","pthumb":"","color":""},{"label":"40 2\/3","value":"EU 40 2\/3","price":"","pimage":"","pimage_id":"","pthumb":"","color":""},{"label":"41 1\/3","value":"EU 41 1\/3","price":"","pimage":"","pimage_id":"","pthumb":"","color":""},{"label":"42","value":"EU 42","price":"","pimage":"","pimage_id":"","pthumb":"","color":""},{"label":"42 2\/3","value":"EU 42 2\/3","price":"","pimage":"","pimage_id":"","pthumb":"","color":""},{"label":"43 1\/3","value":"EU 43 1\/3","price":"","pimage":"","pimage_id":"","pthumb":"","color":""},{"label":"44","value":"EU 44","price":"","pimage":"","pimage_id":"","pthumb":"","color":""},{"label":"44 2\/3","value":"EU 44 2\/3","price":"","pimage":"","pimage_id":"","pthumb":"","color":""},{"label":"45 1\/3","value":"EU 45 1\/3","price":"","pimage":"","pimage_id":"","pthumb":"","color":""},{"label":"46","value":"EU 46","price":"","pimage":"","pimage_id":"","pthumb":"","color":""},{"label":"46 2\/3","value":"EU 46 2\/3","price":"","pimage":"","pimage_id":"","pthumb":"","color":""},{"label":"47 1\/3","value":"EU 47 1\/3","price":"","pimage":"","pimage_id":"","pthumb":"","color":""}],"relations":[{"operator":false,"rules":[]}],"form_id":24802,"form_rules":{"pric_cal_option_once":false,"exclude_from_discount":false,"pric_use_as_fee":false,"fee_label":"Fee","render_after_acb":false,"disp_hide_options_price":false}}]},"yoast_head":"<!-- This site is optimized with the Yoast SEO plugin v26.5 - https:\/\/yoast.com\/wordpress\/plugins\/seo\/ -->\n<title>(Women) adidas Dropset 3 &#039;Black Grey Gum&#039;  - Tourcruiser PTE. LTD<\/title>\n<meta name=\"robots\" content=\"index, follow, max-snippet:-1, max-image-preview:large, max-video-preview:-1\" \/>\n<link rel=\"canonical\" href=\"https:\/\/tourcruiser.com\/de\/products\/women-adidas-dropset-3-black-grey-gum\/\" \/>\n<meta property=\"og:locale\" content=\"de_DE\" \/>\n<meta property=\"og:type\" content=\"article\" \/>\n<meta property=\"og:title\" content=\"(Women) adidas Dropset 3 &#039;Black Grey Gum&#039;  - Tourcruiser PTE. LTD\" \/>\n<meta property=\"og:description\" content=\"adidas Drop Set 3 \u201d\u201d Core Black\/Grey Four\/Grey Four\" \/>\n<meta property=\"og:url\" content=\"https:\/\/tourcruiser.com\/de\/products\/women-adidas-dropset-3-black-grey-gum\/\" \/>\n<meta property=\"og:site_name\" content=\"Tourcruiser Sneaker Store\" \/>\n<meta property=\"article:modified_time\" content=\"2026-03-27T18:41:27+00:00\" \/>\n<meta name=\"twitter:card\" content=\"summary_large_image\" \/>\n<meta name=\"twitter:image\" content=\"https:\/\/images.novelship.com\/product\/_w__drop_set_3_sneakers_id8632_0_58334.jpeg;https:\/\/images.novelship.com\/product\/_w__drop_set_3_sneakers_id8632_1_58334.jpeg;https:\/\/images.novelship.com\/product\/_w__drop_set_3_sneakers_id8632_2_58334.jpeg;https:\/\/images.novelship.com\/product\/_w__drop_set_3_sneakers_id8632_3_58334.jpeg;https:\/\/images.novelship.com\/product\/_w__drop_set_3_sneakers_id8632_4_58334.jpeg;https:\/\/images.novelship.com\/product\/_w__drop_set_3_sneakers_id8632_5_58334.jpeg;https:\/\/images.novelship.com\/product\/_w__drop_set_3_sneakers_id8632_6_58334.jpeg;https:\/\/images.novelship.com\/product\/_w__drop_set_3_sneakers_id8632_7_58334.jpeg;https:\/\/images.novelship.com\/product\/_w__drop_set_3_sneakers_id8632_8_58334.jpeg;https:\/\/images.novelship.com\/product\/_w__drop_set_3_sneakers_id8632_9_58334.jpeg;https:\/\/images.novelship.com\/product\/_w__drop_set_3_sneakers_id8632_10_58335.jpeg\" \/>\n<meta name=\"twitter:label1\" content=\"Gesch\u00e4tzte Lesezeit\" \/>\n\t<meta name=\"twitter:data1\" content=\"1\u00a0Minute\" \/>\n<script type=\"application\/ld+json\" class=\"yoast-schema-graph\">{\"@context\":\"https:\/\/schema.org\",\"@graph\":[{\"@type\":\"WebPage\",\"@id\":\"https:\/\/tourcruiser.com\/de\/products\/women-adidas-dropset-3-black-grey-gum\/\",\"url\":\"https:\/\/tourcruiser.com\/de\/products\/women-adidas-dropset-3-black-grey-gum\/\",\"name\":\"(Women) adidas Dropset 3 'Black Grey Gum' - Tourcruiser PTE. LTD\",\"isPartOf\":{\"@id\":\"https:\/\/tourcruiser.com\/de\/#website\"},\"primaryImageOfPage\":{\"@id\":\"https:\/\/tourcruiser.com\/de\/products\/women-adidas-dropset-3-black-grey-gum\/#primaryimage\"},\"image\":{\"@id\":\"https:\/\/tourcruiser.com\/de\/products\/women-adidas-dropset-3-black-grey-gum\/#primaryimage\"},\"thumbnailUrl\":\"https:\/\/images.novelship.com\/product\/_w__drop_set_3_sneakers_id8632_0_58334.jpeg;https:\/\/images.novelship.com\/product\/_w__drop_set_3_sneakers_id8632_1_58334.jpeg;https:\/\/images.novelship.com\/product\/_w__drop_set_3_sneakers_id8632_2_58334.jpeg;https:\/\/images.novelship.com\/product\/_w__drop_set_3_sneakers_id8632_3_58334.jpeg;https:\/\/images.novelship.com\/product\/_w__drop_set_3_sneakers_id8632_4_58334.jpeg;https:\/\/images.novelship.com\/product\/_w__drop_set_3_sneakers_id8632_5_58334.jpeg;https:\/\/images.novelship.com\/product\/_w__drop_set_3_sneakers_id8632_6_58334.jpeg;https:\/\/images.novelship.com\/product\/_w__drop_set_3_sneakers_id8632_7_58334.jpeg;https:\/\/images.novelship.com\/product\/_w__drop_set_3_sneakers_id8632_8_58334.jpeg;https:\/\/images.novelship.com\/product\/_w__drop_set_3_sneakers_id8632_9_58334.jpeg;https:\/\/images.novelship.com\/product\/_w__drop_set_3_sneakers_id8632_10_58335.jpeg\",\"datePublished\":\"2026-03-02T09:25:38+00:00\",\"dateModified\":\"2026-03-27T18:41:27+00:00\",\"breadcrumb\":{\"@id\":\"https:\/\/tourcruiser.com\/de\/products\/women-adidas-dropset-3-black-grey-gum\/#breadcrumb\"},\"inLanguage\":\"de\",\"potentialAction\":[{\"@type\":\"ReadAction\",\"target\":[\"https:\/\/tourcruiser.com\/de\/products\/women-adidas-dropset-3-black-grey-gum\/\"]}]},{\"@type\":\"ImageObject\",\"inLanguage\":\"de\",\"@id\":\"https:\/\/tourcruiser.com\/de\/products\/women-adidas-dropset-3-black-grey-gum\/#primaryimage\",\"url\":\"https:\/\/images.novelship.com\/product\/_w__drop_set_3_sneakers_id8632_0_58334.jpeg;https:\/\/images.novelship.com\/product\/_w__drop_set_3_sneakers_id8632_1_58334.jpeg;https:\/\/images.novelship.com\/product\/_w__drop_set_3_sneakers_id8632_2_58334.jpeg;https:\/\/images.novelship.com\/product\/_w__drop_set_3_sneakers_id8632_3_58334.jpeg;https:\/\/images.novelship.com\/product\/_w__drop_set_3_sneakers_id8632_4_58334.jpeg;https:\/\/images.novelship.com\/product\/_w__drop_set_3_sneakers_id8632_5_58334.jpeg;https:\/\/images.novelship.com\/product\/_w__drop_set_3_sneakers_id8632_6_58334.jpeg;https:\/\/images.novelship.com\/product\/_w__drop_set_3_sneakers_id8632_7_58334.jpeg;https:\/\/images.novelship.com\/product\/_w__drop_set_3_sneakers_id8632_8_58334.jpeg;https:\/\/images.novelship.com\/product\/_w__drop_set_3_sneakers_id8632_9_58334.jpeg;https:\/\/images.novelship.com\/product\/_w__drop_set_3_sneakers_id8632_10_58335.jpeg\",\"contentUrl\":\"https:\/\/images.novelship.com\/product\/_w__drop_set_3_sneakers_id8632_0_58334.jpeg;https:\/\/images.novelship.com\/product\/_w__drop_set_3_sneakers_id8632_1_58334.jpeg;https:\/\/images.novelship.com\/product\/_w__drop_set_3_sneakers_id8632_2_58334.jpeg;https:\/\/images.novelship.com\/product\/_w__drop_set_3_sneakers_id8632_3_58334.jpeg;https:\/\/images.novelship.com\/product\/_w__drop_set_3_sneakers_id8632_4_58334.jpeg;https:\/\/images.novelship.com\/product\/_w__drop_set_3_sneakers_id8632_5_58334.jpeg;https:\/\/images.novelship.com\/product\/_w__drop_set_3_sneakers_id8632_6_58334.jpeg;https:\/\/images.novelship.com\/product\/_w__drop_set_3_sneakers_id8632_7_58334.jpeg;https:\/\/images.novelship.com\/product\/_w__drop_set_3_sneakers_id8632_8_58334.jpeg;https:\/\/images.novelship.com\/product\/_w__drop_set_3_sneakers_id8632_9_58334.jpeg;https:\/\/images.novelship.com\/product\/_w__drop_set_3_sneakers_id8632_10_58335.jpeg\"},{\"@type\":\"BreadcrumbList\",\"@id\":\"https:\/\/tourcruiser.com\/de\/products\/women-adidas-dropset-3-black-grey-gum\/#breadcrumb\",\"itemListElement\":[{\"@type\":\"ListItem\",\"position\":1,\"name\":\"Home\",\"item\":\"https:\/\/tourcruiser.com\/de\/\"},{\"@type\":\"ListItem\",\"position\":2,\"name\":\"Shop\",\"item\":\"https:\/\/tourcruiser.com\/de\/shop\/\"},{\"@type\":\"ListItem\",\"position\":3,\"name\":\"(Women) adidas Dropset 3 'Black Grey Gum'\"}]},{\"@type\":\"WebSite\",\"@id\":\"https:\/\/tourcruiser.com\/de\/#website\",\"url\":\"https:\/\/tourcruiser.com\/de\/\",\"name\":\"Styloral Jewelry Shop\",\"description\":\"Tourcruiser Sneaker Store \u2014 der Ort, an dem das Universum deine Einzigartigkeit trifft.\",\"publisher\":{\"@id\":\"https:\/\/tourcruiser.com\/de\/#organization\"},\"potentialAction\":[{\"@type\":\"SearchAction\",\"target\":{\"@type\":\"EntryPoint\",\"urlTemplate\":\"https:\/\/tourcruiser.com\/de\/?s={search_term_string}\"},\"query-input\":{\"@type\":\"PropertyValueSpecification\",\"valueRequired\":true,\"valueName\":\"search_term_string\"}}],\"inLanguage\":\"de\"},{\"@type\":\"Organization\",\"@id\":\"https:\/\/tourcruiser.com\/de\/#organization\",\"name\":\"STYLORAL PTE. LTD\",\"url\":\"https:\/\/tourcruiser.com\/de\/\",\"logo\":{\"@type\":\"ImageObject\",\"inLanguage\":\"de\",\"@id\":\"https:\/\/tourcruiser.com\/de\/#\/schema\/logo\/image\/\",\"url\":\"https:\/\/www.tourcruiser.com\/wp-content\/uploads\/2025\/12\/logo.png\",\"contentUrl\":\"https:\/\/www.tourcruiser.com\/wp-content\/uploads\/2025\/12\/logo.png\",\"width\":200,\"height\":65,\"caption\":\"STYLORAL PTE. LTD\"},\"image\":{\"@id\":\"https:\/\/tourcruiser.com\/de\/#\/schema\/logo\/image\/\"}}]}<\/script>\n<!-- \/ Yoast SEO plugin. -->","yoast_head_json":{"title":"(Women) adidas Dropset 3 'Black Grey Gum'  - Tourcruiser PTE. LTD","robots":{"index":"index","follow":"follow","max-snippet":"max-snippet:-1","max-image-preview":"max-image-preview:large","max-video-preview":"max-video-preview:-1"},"canonical":"https:\/\/tourcruiser.com\/de\/products\/women-adidas-dropset-3-black-grey-gum\/","og_locale":"de_DE","og_type":"article","og_title":"(Women) adidas Dropset 3 'Black Grey Gum'  - Tourcruiser PTE. LTD","og_description":"adidas Drop Set 3 \u201d\u201d Core Black\/Grey Four\/Grey Four","og_url":"https:\/\/tourcruiser.com\/de\/products\/women-adidas-dropset-3-black-grey-gum\/","og_site_name":"Tourcruiser Sneaker Store","article_modified_time":"2026-03-27T18:41:27+00:00","twitter_card":"summary_large_image","twitter_image":"https:\/\/images.novelship.com\/product\/_w__drop_set_3_sneakers_id8632_0_58334.jpeg;https:\/\/images.novelship.com\/product\/_w__drop_set_3_sneakers_id8632_1_58334.jpeg;https:\/\/images.novelship.com\/product\/_w__drop_set_3_sneakers_id8632_2_58334.jpeg;https:\/\/images.novelship.com\/product\/_w__drop_set_3_sneakers_id8632_3_58334.jpeg;https:\/\/images.novelship.com\/product\/_w__drop_set_3_sneakers_id8632_4_58334.jpeg;https:\/\/images.novelship.com\/product\/_w__drop_set_3_sneakers_id8632_5_58334.jpeg;https:\/\/images.novelship.com\/product\/_w__drop_set_3_sneakers_id8632_6_58334.jpeg;https:\/\/images.novelship.com\/product\/_w__drop_set_3_sneakers_id8632_7_58334.jpeg;https:\/\/images.novelship.com\/product\/_w__drop_set_3_sneakers_id8632_8_58334.jpeg;https:\/\/images.novelship.com\/product\/_w__drop_set_3_sneakers_id8632_9_58334.jpeg;https:\/\/images.novelship.com\/product\/_w__drop_set_3_sneakers_id8632_10_58335.jpeg","twitter_misc":{"Gesch\u00e4tzte Lesezeit":"1\u00a0Minute"},"schema":{"@context":"https:\/\/schema.org","@graph":[{"@type":"WebPage","@id":"https:\/\/tourcruiser.com\/de\/products\/women-adidas-dropset-3-black-grey-gum\/","url":"https:\/\/tourcruiser.com\/de\/products\/women-adidas-dropset-3-black-grey-gum\/","name":"(Women) adidas Dropset 3 'Black Grey Gum' - Tourcruiser PTE. LTD","isPartOf":{"@id":"https:\/\/tourcruiser.com\/de\/#website"},"primaryImageOfPage":{"@id":"https:\/\/tourcruiser.com\/de\/products\/women-adidas-dropset-3-black-grey-gum\/#primaryimage"},"image":{"@id":"https:\/\/tourcruiser.com\/de\/products\/women-adidas-dropset-3-black-grey-gum\/#primaryimage"},"thumbnailUrl":"https:\/\/images.novelship.com\/product\/_w__drop_set_3_sneakers_id8632_0_58334.jpeg;https:\/\/images.novelship.com\/product\/_w__drop_set_3_sneakers_id8632_1_58334.jpeg;https:\/\/images.novelship.com\/product\/_w__drop_set_3_sneakers_id8632_2_58334.jpeg;https:\/\/images.novelship.com\/product\/_w__drop_set_3_sneakers_id8632_3_58334.jpeg;https:\/\/images.novelship.com\/product\/_w__drop_set_3_sneakers_id8632_4_58334.jpeg;https:\/\/images.novelship.com\/product\/_w__drop_set_3_sneakers_id8632_5_58334.jpeg;https:\/\/images.novelship.com\/product\/_w__drop_set_3_sneakers_id8632_6_58334.jpeg;https:\/\/images.novelship.com\/product\/_w__drop_set_3_sneakers_id8632_7_58334.jpeg;https:\/\/images.novelship.com\/product\/_w__drop_set_3_sneakers_id8632_8_58334.jpeg;https:\/\/images.novelship.com\/product\/_w__drop_set_3_sneakers_id8632_9_58334.jpeg;https:\/\/images.novelship.com\/product\/_w__drop_set_3_sneakers_id8632_10_58335.jpeg","datePublished":"2026-03-02T09:25:38+00:00","dateModified":"2026-03-27T18:41:27+00:00","breadcrumb":{"@id":"https:\/\/tourcruiser.com\/de\/products\/women-adidas-dropset-3-black-grey-gum\/#breadcrumb"},"inLanguage":"de","potentialAction":[{"@type":"ReadAction","target":["https:\/\/tourcruiser.com\/de\/products\/women-adidas-dropset-3-black-grey-gum\/"]}]},{"@type":"ImageObject","inLanguage":"de","@id":"https:\/\/tourcruiser.com\/de\/products\/women-adidas-dropset-3-black-grey-gum\/#primaryimage","url":"https:\/\/images.novelship.com\/product\/_w__drop_set_3_sneakers_id8632_0_58334.jpeg;https:\/\/images.novelship.com\/product\/_w__drop_set_3_sneakers_id8632_1_58334.jpeg;https:\/\/images.novelship.com\/product\/_w__drop_set_3_sneakers_id8632_2_58334.jpeg;https:\/\/images.novelship.com\/product\/_w__drop_set_3_sneakers_id8632_3_58334.jpeg;https:\/\/images.novelship.com\/product\/_w__drop_set_3_sneakers_id8632_4_58334.jpeg;https:\/\/images.novelship.com\/product\/_w__drop_set_3_sneakers_id8632_5_58334.jpeg;https:\/\/images.novelship.com\/product\/_w__drop_set_3_sneakers_id8632_6_58334.jpeg;https:\/\/images.novelship.com\/product\/_w__drop_set_3_sneakers_id8632_7_58334.jpeg;https:\/\/images.novelship.com\/product\/_w__drop_set_3_sneakers_id8632_8_58334.jpeg;https:\/\/images.novelship.com\/product\/_w__drop_set_3_sneakers_id8632_9_58334.jpeg;https:\/\/images.novelship.com\/product\/_w__drop_set_3_sneakers_id8632_10_58335.jpeg","contentUrl":"https:\/\/images.novelship.com\/product\/_w__drop_set_3_sneakers_id8632_0_58334.jpeg;https:\/\/images.novelship.com\/product\/_w__drop_set_3_sneakers_id8632_1_58334.jpeg;https:\/\/images.novelship.com\/product\/_w__drop_set_3_sneakers_id8632_2_58334.jpeg;https:\/\/images.novelship.com\/product\/_w__drop_set_3_sneakers_id8632_3_58334.jpeg;https:\/\/images.novelship.com\/product\/_w__drop_set_3_sneakers_id8632_4_58334.jpeg;https:\/\/images.novelship.com\/product\/_w__drop_set_3_sneakers_id8632_5_58334.jpeg;https:\/\/images.novelship.com\/product\/_w__drop_set_3_sneakers_id8632_6_58334.jpeg;https:\/\/images.novelship.com\/product\/_w__drop_set_3_sneakers_id8632_7_58334.jpeg;https:\/\/images.novelship.com\/product\/_w__drop_set_3_sneakers_id8632_8_58334.jpeg;https:\/\/images.novelship.com\/product\/_w__drop_set_3_sneakers_id8632_9_58334.jpeg;https:\/\/images.novelship.com\/product\/_w__drop_set_3_sneakers_id8632_10_58335.jpeg"},{"@type":"BreadcrumbList","@id":"https:\/\/tourcruiser.com\/de\/products\/women-adidas-dropset-3-black-grey-gum\/#breadcrumb","itemListElement":[{"@type":"ListItem","position":1,"name":"Home","item":"https:\/\/tourcruiser.com\/de\/"},{"@type":"ListItem","position":2,"name":"Shop","item":"https:\/\/tourcruiser.com\/de\/shop\/"},{"@type":"ListItem","position":3,"name":"(Women) adidas Dropset 3 'Black Grey Gum'"}]},{"@type":"WebSite","@id":"https:\/\/tourcruiser.com\/de\/#website","url":"https:\/\/tourcruiser.com\/de\/","name":"Styloral Jewelry Shop","description":"Tourcruiser Sneaker Store \u2014 der Ort, an dem das Universum deine Einzigartigkeit trifft.","publisher":{"@id":"https:\/\/tourcruiser.com\/de\/#organization"},"potentialAction":[{"@type":"SearchAction","target":{"@type":"EntryPoint","urlTemplate":"https:\/\/tourcruiser.com\/de\/?s={search_term_string}"},"query-input":{"@type":"PropertyValueSpecification","valueRequired":true,"valueName":"search_term_string"}}],"inLanguage":"de"},{"@type":"Organization","@id":"https:\/\/tourcruiser.com\/de\/#organization","name":"STYLORAL PTE. LTD","url":"https:\/\/tourcruiser.com\/de\/","logo":{"@type":"ImageObject","inLanguage":"de","@id":"https:\/\/tourcruiser.com\/de\/#\/schema\/logo\/image\/","url":"https:\/\/www.tourcruiser.com\/wp-content\/uploads\/2025\/12\/logo.png","contentUrl":"https:\/\/www.tourcruiser.com\/wp-content\/uploads\/2025\/12\/logo.png","width":200,"height":65,"caption":"STYLORAL PTE. LTD"},"image":{"@id":"https:\/\/tourcruiser.com\/de\/#\/schema\/logo\/image\/"}}]}},"_links":{"self":[{"href":"https:\/\/tourcruiser.com\/de\/wp-json\/wp\/v2\/product\/173430","targetHints":{"allow":["GET"]}}],"collection":[{"href":"https:\/\/tourcruiser.com\/de\/wp-json\/wp\/v2\/product"}],"about":[{"href":"https:\/\/tourcruiser.com\/de\/wp-json\/wp\/v2\/types\/product"}],"replies":[{"embeddable":true,"href":"https:\/\/tourcruiser.com\/de\/wp-json\/wp\/v2\/comments?post=173430"}],"wp:featuredmedia":[{"embeddable":true,"href":"https:\/\/tourcruiser.com\/de\/wp-json\/wp\/v2\/media\/173431"}],"wp:attachment":[{"href":"https:\/\/tourcruiser.com\/de\/wp-json\/wp\/v2\/media?parent=173430"}],"wp:term":[{"taxonomy":"product_brand","embeddable":true,"href":"https:\/\/tourcruiser.com\/de\/wp-json\/wp\/v2\/product_brand?post=173430"},{"taxonomy":"product_cat","embeddable":true,"href":"https:\/\/tourcruiser.com\/de\/wp-json\/wp\/v2\/product_cat?post=173430"},{"taxonomy":"product_tag","embeddable":true,"href":"https:\/\/tourcruiser.com\/de\/wp-json\/wp\/v2\/product_tag?post=173430"}],"curies":[{"name":"wp","href":"https:\/\/api.w.org\/{rel}","templated":true}]}}