{"id":173257,"date":"2026-03-02T16:25:24","date_gmt":"2026-03-02T09:25:24","guid":{"rendered":"http:\/\/tourcruiser.com\/product\/women-nike-free-metcon-6-vintage-green-gum"},"modified":"2026-03-28T01:41:20","modified_gmt":"2026-03-27T18:41:20","slug":"women-nike-free-metcon-6-vintage-green-gum","status":"publish","type":"product","link":"https:\/\/tourcruiser.com\/de\/products\/women-nike-free-metcon-6-vintage-green-gum\/","title":{"rendered":"(Women) Nike Free Metcon 6 &#8218;Vintage Green Gum&#8216;"},"content":{"rendered":"<p>Verbessere dein Training mit dem Nike Free Metcon 6 &#8218;Vintage Green Gum&#8216; \u201d\u201c die perfekte Kombination aus Strapazierf\u00e4higkeit, Flexibilit\u00e4t und Style, entwickelt f\u00fcr Frauen, die im Fitnessstudio und dar\u00fcber hinaus an ihre Grenzen gehen. Das atmungsaktive Mesh-Obermaterial mit strategischen Overlays sorgt f\u00fcr optimale Bel\u00fcftung ohne Kompromisse bei der Stabilit\u00e4t. Die Vintage-gr\u00fcne Farbgebung, erg\u00e4nzt durch die zeitlose Gummisohle, verleiht dem Schuh einen schicken Look, der sich m\u00fchelos vom Workout zum Freizeit-Look kombinieren l\u00e4sst. Dank der Nike Free Technologie im Vorfu\u00dfbereich erm\u00f6glicht er nat\u00fcrliche Bewegungsabl\u00e4ufe und Agilit\u00e4t, w\u00e4hrend die feste Schaumstoff-Mittelsohle reaktionsfreudige D\u00e4mpfung und Stabilit\u00e4t f\u00fcr schwere Gewichte bietet. Die strapazierf\u00e4hige Gummiau\u00dfensohle mit gezieltem Traktionsmuster garantiert Grip und Sicherheit auf jedem Untergrund, egal ob beim Sprinten, Springen oder Gewichtheben. Das Design des Metcon 6 legt Wert auf eine sichere Passform mit einem st\u00fctzenden Schn\u00fcrsystem und macht ihn so ideal f\u00fcr dynamisches und hochintensives Training. Der Nike Free Metcon 6 \u201eVintage Green Gum\u201c vereint Funktionalit\u00e4t mit modernem, stylischem Design und unterst\u00fctzt dich optimal bei deinen sportlichen H\u00f6chstleistungen, w\u00e4hrend du gleichzeitig alle Blicke auf dich ziehst. Egal, ob du im Fitnessstudio pers\u00f6nliche Bestleistungen erzielst oder in der Freizeit unterwegs bist \u201d\u201c dieser vielseitige Trainingsschuh sorgt daf\u00fcr, dass du dich den ganzen Tag \u00fcber wohl, unterst\u00fctzt und stylisch f\u00fchlst. Bring dein Workout mit diesem ultimativen Schuh auf das n\u00e4chste Level.<\/p>\n<ul>\n<li><strong>Farbgebung:<\/strong> Vintage Green\/Gum Light Brown\/Sail<\/li>\n<li><strong>Style-Code:<\/strong> FJ7126-300<\/li>\n<li><strong>Obermaterial:<\/strong> Mesh<\/li>\n<li><strong>Zwischensohle:<\/strong> Free<\/li>\n<li><strong>Farbe:<\/strong> Gr\u00fcn<\/li>\n<\/ul>\n","protected":false},"excerpt":{"rendered":"<p>Nike Free Metcon 6 \u201d\u201d Vintage Green\/Gum Light Brown\/Sail<\/p>\n","protected":false},"featured_media":173258,"comment_status":"open","ping_status":"closed","template":"","meta":[],"product_brand":[],"product_cat":[10809],"product_tag":[10917],"class_list":{"0":"post-173257","1":"product","2":"type-product","3":"status-publish","4":"has-post-thumbnail","6":"product_cat-nike-women","7":"product_tag-small-130-usd","8":"wcpa_has_options","10":"first","11":"outofstock","12":"taxable","13":"shipping-taxable","14":"purchasable","15":"product-type-simple"},"wcpa_form_fields":{"rules":{"pric_overide_base_price":false,"pric_overide_base_price_if_gt_zero":false,"pric_overide_base_price_fully":false,"pric_cal_option_once":false,"pric_use_as_fee":false,"bind_quantity":false,"quantity_bind_formula":false},"fields":[{"type":"color-group","required":true,"elementId":"wcpa-color-group-66c4a75505e74","label":"Gr\u00f6\u00dfe - EU Gr\u00f6\u00dfe","inline":true,"priceOptions":"different_for_all","pricingType":"fixed","className":"hassizechart product-shoes-size-eu product-shoes-size","name":"color-group-66c4a75505e89","disp_type":"square","selection_type":"tick-border","disp_size":"44","show_label_inside":true,"adjust_width":true,"cart_display_type":"text","other_text":"Other","cl_rule":"show","col":6,"values":[{"label":"35.5","value":"EU 35.5","price":"","pimage":"","pimage_id":"","pthumb":"","color":""},{"label":"36","value":"EU 36","price":"","pimage":"","pimage_id":"","pthumb":"","color":"","selected":true},{"label":"36.5","value":"EU 36.5","price":"","pimage":"","pimage_id":"","pthumb":"","color":""},{"label":"37.5","value":"EU 37.5","price":"","pimage":"","pimage_id":"","pthumb":"","color":""},{"label":"38","value":"EU 38","price":"","pimage":"","pimage_id":"","pthumb":"","color":""},{"label":"38.5","value":"EU 38.5","price":"","pimage":"","pimage_id":"","pthumb":"","color":""},{"label":"39","value":"EU 39","price":"","pimage":"","pimage_id":"","pthumb":"","color":""},{"label":"40","value":"EU 40","price":"","pimage":"","pimage_id":"","pthumb":"","color":""},{"label":"40.5","value":"EU 40.5","price":"","pimage":"","pimage_id":"","pthumb":"","color":""},{"label":"41","value":"EU 41","price":"","pimage":"","pimage_id":"","pthumb":"","color":""},{"label":"42","value":"EU 42","price":"","pimage":"","pimage_id":"","pthumb":"","color":""},{"label":"42.5","value":"EU 42.5","price":"","pimage":"","pimage_id":"","pthumb":"","color":""},{"label":"43","value":"EU 43","price":"","pimage":"","pimage_id":"","pthumb":"","color":""},{"label":"44","value":"EU 44","price":"","pimage":"","pimage_id":"","pthumb":"","color":""},{"label":"44.5","value":"EU 44.5","price":"","pimage":"","pimage_id":"","pthumb":"","color":""},{"label":"45","value":"EU 45","price":"","pimage":"","pimage_id":"","pthumb":"","color":""},{"label":"45.5","value":"EU 45.5","price":"","pimage":"","pimage_id":"","pthumb":"","color":""},{"label":"46","value":"EU 46","price":"","pimage":"","pimage_id":"","pthumb":"","color":""},{"label":"47","value":"EU 47","price":"","pimage":"","pimage_id":"","pthumb":"","color":""},{"label":"47.5","value":"EU 47.5","price":"","pimage":"","pimage_id":"","pthumb":"","color":""},{"label":"48","value":"EU 48","price":"","pimage":"","pimage_id":"","pthumb":"","color":""}],"relations":[{"operator":false,"rules":[]}],"form_id":18106,"form_rules":{"pric_cal_option_once":false,"exclude_from_discount":false,"pric_use_as_fee":false,"fee_label":"Fee","render_after_acb":false,"disp_hide_options_price":false}}]},"yoast_head":"<!-- This site is optimized with the Yoast SEO plugin v26.5 - https:\/\/yoast.com\/wordpress\/plugins\/seo\/ -->\n<title>(Women) Nike Free Metcon 6 &#039;Vintage Green Gum&#039;  - Tourcruiser PTE. LTD<\/title>\n<meta name=\"robots\" content=\"index, follow, max-snippet:-1, max-image-preview:large, max-video-preview:-1\" \/>\n<link rel=\"canonical\" href=\"https:\/\/tourcruiser.com\/de\/products\/women-nike-free-metcon-6-vintage-green-gum\/\" \/>\n<meta property=\"og:locale\" content=\"de_DE\" \/>\n<meta property=\"og:type\" content=\"article\" \/>\n<meta property=\"og:title\" content=\"(Women) Nike Free Metcon 6 &#039;Vintage Green Gum&#039;  - Tourcruiser PTE. LTD\" \/>\n<meta property=\"og:description\" content=\"Nike Free Metcon 6 \u201d\u201d Vintage Green\/Gum Light Brown\/Sail\" \/>\n<meta property=\"og:url\" content=\"https:\/\/tourcruiser.com\/de\/products\/women-nike-free-metcon-6-vintage-green-gum\/\" \/>\n<meta property=\"og:site_name\" content=\"Tourcruiser Sneaker Store\" \/>\n<meta property=\"article:modified_time\" content=\"2026-03-27T18:41:20+00:00\" \/>\n<meta name=\"twitter:card\" content=\"summary_large_image\" \/>\n<meta name=\"twitter:image\" content=\"https:\/\/images.novelship.com\/product\/_women__nike_free_metcon_6__vintage_green_gum__fj7_0_49263.jpeg;https:\/\/images.novelship.com\/product\/_women__nike_free_metcon_6__vintage_green_gum__fj7_1_49263.jpeg;https:\/\/images.novelship.com\/product\/_women__nike_free_metcon_6__vintage_green_gum__fj7_2_49263.jpeg;https:\/\/images.novelship.com\/product\/_women__nike_free_metcon_6__vintage_green_gum__fj7_3_49263.jpeg;https:\/\/images.novelship.com\/product\/_women__nike_free_metcon_6__vintage_green_gum__fj7_4_49263.jpeg;https:\/\/images.novelship.com\/product\/_women__nike_free_metcon_6__vintage_green_gum__fj7_5_49263.jpeg;https:\/\/images.novelship.com\/product\/_women__nike_free_metcon_6__vintage_green_gum__fj7_6_49263.jpeg;https:\/\/images.novelship.com\/product\/_women__nike_free_metcon_6__vintage_green_gum__fj7_7_49263.jpeg\" \/>\n<meta name=\"twitter:label1\" content=\"Gesch\u00e4tzte Lesezeit\" \/>\n\t<meta name=\"twitter:data1\" content=\"1\u00a0Minute\" \/>\n<script type=\"application\/ld+json\" class=\"yoast-schema-graph\">{\"@context\":\"https:\/\/schema.org\",\"@graph\":[{\"@type\":\"WebPage\",\"@id\":\"https:\/\/tourcruiser.com\/de\/products\/women-nike-free-metcon-6-vintage-green-gum\/\",\"url\":\"https:\/\/tourcruiser.com\/de\/products\/women-nike-free-metcon-6-vintage-green-gum\/\",\"name\":\"(Women) Nike Free Metcon 6 'Vintage Green Gum' - Tourcruiser PTE. LTD\",\"isPartOf\":{\"@id\":\"https:\/\/tourcruiser.com\/de\/#website\"},\"primaryImageOfPage\":{\"@id\":\"https:\/\/tourcruiser.com\/de\/products\/women-nike-free-metcon-6-vintage-green-gum\/#primaryimage\"},\"image\":{\"@id\":\"https:\/\/tourcruiser.com\/de\/products\/women-nike-free-metcon-6-vintage-green-gum\/#primaryimage\"},\"thumbnailUrl\":\"https:\/\/images.novelship.com\/product\/_women__nike_free_metcon_6__vintage_green_gum__fj7_0_49263.jpeg;https:\/\/images.novelship.com\/product\/_women__nike_free_metcon_6__vintage_green_gum__fj7_1_49263.jpeg;https:\/\/images.novelship.com\/product\/_women__nike_free_metcon_6__vintage_green_gum__fj7_2_49263.jpeg;https:\/\/images.novelship.com\/product\/_women__nike_free_metcon_6__vintage_green_gum__fj7_3_49263.jpeg;https:\/\/images.novelship.com\/product\/_women__nike_free_metcon_6__vintage_green_gum__fj7_4_49263.jpeg;https:\/\/images.novelship.com\/product\/_women__nike_free_metcon_6__vintage_green_gum__fj7_5_49263.jpeg;https:\/\/images.novelship.com\/product\/_women__nike_free_metcon_6__vintage_green_gum__fj7_6_49263.jpeg;https:\/\/images.novelship.com\/product\/_women__nike_free_metcon_6__vintage_green_gum__fj7_7_49263.jpeg\",\"datePublished\":\"2026-03-02T09:25:24+00:00\",\"dateModified\":\"2026-03-27T18:41:20+00:00\",\"breadcrumb\":{\"@id\":\"https:\/\/tourcruiser.com\/de\/products\/women-nike-free-metcon-6-vintage-green-gum\/#breadcrumb\"},\"inLanguage\":\"de\",\"potentialAction\":[{\"@type\":\"ReadAction\",\"target\":[\"https:\/\/tourcruiser.com\/de\/products\/women-nike-free-metcon-6-vintage-green-gum\/\"]}]},{\"@type\":\"ImageObject\",\"inLanguage\":\"de\",\"@id\":\"https:\/\/tourcruiser.com\/de\/products\/women-nike-free-metcon-6-vintage-green-gum\/#primaryimage\",\"url\":\"https:\/\/images.novelship.com\/product\/_women__nike_free_metcon_6__vintage_green_gum__fj7_0_49263.jpeg;https:\/\/images.novelship.com\/product\/_women__nike_free_metcon_6__vintage_green_gum__fj7_1_49263.jpeg;https:\/\/images.novelship.com\/product\/_women__nike_free_metcon_6__vintage_green_gum__fj7_2_49263.jpeg;https:\/\/images.novelship.com\/product\/_women__nike_free_metcon_6__vintage_green_gum__fj7_3_49263.jpeg;https:\/\/images.novelship.com\/product\/_women__nike_free_metcon_6__vintage_green_gum__fj7_4_49263.jpeg;https:\/\/images.novelship.com\/product\/_women__nike_free_metcon_6__vintage_green_gum__fj7_5_49263.jpeg;https:\/\/images.novelship.com\/product\/_women__nike_free_metcon_6__vintage_green_gum__fj7_6_49263.jpeg;https:\/\/images.novelship.com\/product\/_women__nike_free_metcon_6__vintage_green_gum__fj7_7_49263.jpeg\",\"contentUrl\":\"https:\/\/images.novelship.com\/product\/_women__nike_free_metcon_6__vintage_green_gum__fj7_0_49263.jpeg;https:\/\/images.novelship.com\/product\/_women__nike_free_metcon_6__vintage_green_gum__fj7_1_49263.jpeg;https:\/\/images.novelship.com\/product\/_women__nike_free_metcon_6__vintage_green_gum__fj7_2_49263.jpeg;https:\/\/images.novelship.com\/product\/_women__nike_free_metcon_6__vintage_green_gum__fj7_3_49263.jpeg;https:\/\/images.novelship.com\/product\/_women__nike_free_metcon_6__vintage_green_gum__fj7_4_49263.jpeg;https:\/\/images.novelship.com\/product\/_women__nike_free_metcon_6__vintage_green_gum__fj7_5_49263.jpeg;https:\/\/images.novelship.com\/product\/_women__nike_free_metcon_6__vintage_green_gum__fj7_6_49263.jpeg;https:\/\/images.novelship.com\/product\/_women__nike_free_metcon_6__vintage_green_gum__fj7_7_49263.jpeg\"},{\"@type\":\"BreadcrumbList\",\"@id\":\"https:\/\/tourcruiser.com\/de\/products\/women-nike-free-metcon-6-vintage-green-gum\/#breadcrumb\",\"itemListElement\":[{\"@type\":\"ListItem\",\"position\":1,\"name\":\"Home\",\"item\":\"https:\/\/tourcruiser.com\/de\/\"},{\"@type\":\"ListItem\",\"position\":2,\"name\":\"Shop\",\"item\":\"https:\/\/tourcruiser.com\/de\/shop\/\"},{\"@type\":\"ListItem\",\"position\":3,\"name\":\"(Women) Nike Free Metcon 6 'Vintage Green Gum'\"}]},{\"@type\":\"WebSite\",\"@id\":\"https:\/\/tourcruiser.com\/de\/#website\",\"url\":\"https:\/\/tourcruiser.com\/de\/\",\"name\":\"Styloral Jewelry Shop\",\"description\":\"Tourcruiser Sneaker Store \u2014 der Ort, an dem das Universum deine Einzigartigkeit trifft.\",\"publisher\":{\"@id\":\"https:\/\/tourcruiser.com\/de\/#organization\"},\"potentialAction\":[{\"@type\":\"SearchAction\",\"target\":{\"@type\":\"EntryPoint\",\"urlTemplate\":\"https:\/\/tourcruiser.com\/de\/?s={search_term_string}\"},\"query-input\":{\"@type\":\"PropertyValueSpecification\",\"valueRequired\":true,\"valueName\":\"search_term_string\"}}],\"inLanguage\":\"de\"},{\"@type\":\"Organization\",\"@id\":\"https:\/\/tourcruiser.com\/de\/#organization\",\"name\":\"STYLORAL PTE. LTD\",\"url\":\"https:\/\/tourcruiser.com\/de\/\",\"logo\":{\"@type\":\"ImageObject\",\"inLanguage\":\"de\",\"@id\":\"https:\/\/tourcruiser.com\/de\/#\/schema\/logo\/image\/\",\"url\":\"https:\/\/www.tourcruiser.com\/wp-content\/uploads\/2025\/12\/logo.png\",\"contentUrl\":\"https:\/\/www.tourcruiser.com\/wp-content\/uploads\/2025\/12\/logo.png\",\"width\":200,\"height\":65,\"caption\":\"STYLORAL PTE. LTD\"},\"image\":{\"@id\":\"https:\/\/tourcruiser.com\/de\/#\/schema\/logo\/image\/\"}}]}<\/script>\n<!-- \/ Yoast SEO plugin. -->","yoast_head_json":{"title":"(Women) Nike Free Metcon 6 'Vintage Green Gum'  - Tourcruiser PTE. LTD","robots":{"index":"index","follow":"follow","max-snippet":"max-snippet:-1","max-image-preview":"max-image-preview:large","max-video-preview":"max-video-preview:-1"},"canonical":"https:\/\/tourcruiser.com\/de\/products\/women-nike-free-metcon-6-vintage-green-gum\/","og_locale":"de_DE","og_type":"article","og_title":"(Women) Nike Free Metcon 6 'Vintage Green Gum'  - Tourcruiser PTE. LTD","og_description":"Nike Free Metcon 6 \u201d\u201d Vintage Green\/Gum Light Brown\/Sail","og_url":"https:\/\/tourcruiser.com\/de\/products\/women-nike-free-metcon-6-vintage-green-gum\/","og_site_name":"Tourcruiser Sneaker Store","article_modified_time":"2026-03-27T18:41:20+00:00","twitter_card":"summary_large_image","twitter_image":"https:\/\/images.novelship.com\/product\/_women__nike_free_metcon_6__vintage_green_gum__fj7_0_49263.jpeg;https:\/\/images.novelship.com\/product\/_women__nike_free_metcon_6__vintage_green_gum__fj7_1_49263.jpeg;https:\/\/images.novelship.com\/product\/_women__nike_free_metcon_6__vintage_green_gum__fj7_2_49263.jpeg;https:\/\/images.novelship.com\/product\/_women__nike_free_metcon_6__vintage_green_gum__fj7_3_49263.jpeg;https:\/\/images.novelship.com\/product\/_women__nike_free_metcon_6__vintage_green_gum__fj7_4_49263.jpeg;https:\/\/images.novelship.com\/product\/_women__nike_free_metcon_6__vintage_green_gum__fj7_5_49263.jpeg;https:\/\/images.novelship.com\/product\/_women__nike_free_metcon_6__vintage_green_gum__fj7_6_49263.jpeg;https:\/\/images.novelship.com\/product\/_women__nike_free_metcon_6__vintage_green_gum__fj7_7_49263.jpeg","twitter_misc":{"Gesch\u00e4tzte Lesezeit":"1\u00a0Minute"},"schema":{"@context":"https:\/\/schema.org","@graph":[{"@type":"WebPage","@id":"https:\/\/tourcruiser.com\/de\/products\/women-nike-free-metcon-6-vintage-green-gum\/","url":"https:\/\/tourcruiser.com\/de\/products\/women-nike-free-metcon-6-vintage-green-gum\/","name":"(Women) Nike Free Metcon 6 'Vintage Green Gum' - Tourcruiser PTE. LTD","isPartOf":{"@id":"https:\/\/tourcruiser.com\/de\/#website"},"primaryImageOfPage":{"@id":"https:\/\/tourcruiser.com\/de\/products\/women-nike-free-metcon-6-vintage-green-gum\/#primaryimage"},"image":{"@id":"https:\/\/tourcruiser.com\/de\/products\/women-nike-free-metcon-6-vintage-green-gum\/#primaryimage"},"thumbnailUrl":"https:\/\/images.novelship.com\/product\/_women__nike_free_metcon_6__vintage_green_gum__fj7_0_49263.jpeg;https:\/\/images.novelship.com\/product\/_women__nike_free_metcon_6__vintage_green_gum__fj7_1_49263.jpeg;https:\/\/images.novelship.com\/product\/_women__nike_free_metcon_6__vintage_green_gum__fj7_2_49263.jpeg;https:\/\/images.novelship.com\/product\/_women__nike_free_metcon_6__vintage_green_gum__fj7_3_49263.jpeg;https:\/\/images.novelship.com\/product\/_women__nike_free_metcon_6__vintage_green_gum__fj7_4_49263.jpeg;https:\/\/images.novelship.com\/product\/_women__nike_free_metcon_6__vintage_green_gum__fj7_5_49263.jpeg;https:\/\/images.novelship.com\/product\/_women__nike_free_metcon_6__vintage_green_gum__fj7_6_49263.jpeg;https:\/\/images.novelship.com\/product\/_women__nike_free_metcon_6__vintage_green_gum__fj7_7_49263.jpeg","datePublished":"2026-03-02T09:25:24+00:00","dateModified":"2026-03-27T18:41:20+00:00","breadcrumb":{"@id":"https:\/\/tourcruiser.com\/de\/products\/women-nike-free-metcon-6-vintage-green-gum\/#breadcrumb"},"inLanguage":"de","potentialAction":[{"@type":"ReadAction","target":["https:\/\/tourcruiser.com\/de\/products\/women-nike-free-metcon-6-vintage-green-gum\/"]}]},{"@type":"ImageObject","inLanguage":"de","@id":"https:\/\/tourcruiser.com\/de\/products\/women-nike-free-metcon-6-vintage-green-gum\/#primaryimage","url":"https:\/\/images.novelship.com\/product\/_women__nike_free_metcon_6__vintage_green_gum__fj7_0_49263.jpeg;https:\/\/images.novelship.com\/product\/_women__nike_free_metcon_6__vintage_green_gum__fj7_1_49263.jpeg;https:\/\/images.novelship.com\/product\/_women__nike_free_metcon_6__vintage_green_gum__fj7_2_49263.jpeg;https:\/\/images.novelship.com\/product\/_women__nike_free_metcon_6__vintage_green_gum__fj7_3_49263.jpeg;https:\/\/images.novelship.com\/product\/_women__nike_free_metcon_6__vintage_green_gum__fj7_4_49263.jpeg;https:\/\/images.novelship.com\/product\/_women__nike_free_metcon_6__vintage_green_gum__fj7_5_49263.jpeg;https:\/\/images.novelship.com\/product\/_women__nike_free_metcon_6__vintage_green_gum__fj7_6_49263.jpeg;https:\/\/images.novelship.com\/product\/_women__nike_free_metcon_6__vintage_green_gum__fj7_7_49263.jpeg","contentUrl":"https:\/\/images.novelship.com\/product\/_women__nike_free_metcon_6__vintage_green_gum__fj7_0_49263.jpeg;https:\/\/images.novelship.com\/product\/_women__nike_free_metcon_6__vintage_green_gum__fj7_1_49263.jpeg;https:\/\/images.novelship.com\/product\/_women__nike_free_metcon_6__vintage_green_gum__fj7_2_49263.jpeg;https:\/\/images.novelship.com\/product\/_women__nike_free_metcon_6__vintage_green_gum__fj7_3_49263.jpeg;https:\/\/images.novelship.com\/product\/_women__nike_free_metcon_6__vintage_green_gum__fj7_4_49263.jpeg;https:\/\/images.novelship.com\/product\/_women__nike_free_metcon_6__vintage_green_gum__fj7_5_49263.jpeg;https:\/\/images.novelship.com\/product\/_women__nike_free_metcon_6__vintage_green_gum__fj7_6_49263.jpeg;https:\/\/images.novelship.com\/product\/_women__nike_free_metcon_6__vintage_green_gum__fj7_7_49263.jpeg"},{"@type":"BreadcrumbList","@id":"https:\/\/tourcruiser.com\/de\/products\/women-nike-free-metcon-6-vintage-green-gum\/#breadcrumb","itemListElement":[{"@type":"ListItem","position":1,"name":"Home","item":"https:\/\/tourcruiser.com\/de\/"},{"@type":"ListItem","position":2,"name":"Shop","item":"https:\/\/tourcruiser.com\/de\/shop\/"},{"@type":"ListItem","position":3,"name":"(Women) Nike Free Metcon 6 'Vintage Green Gum'"}]},{"@type":"WebSite","@id":"https:\/\/tourcruiser.com\/de\/#website","url":"https:\/\/tourcruiser.com\/de\/","name":"Styloral Jewelry Shop","description":"Tourcruiser Sneaker Store \u2014 der Ort, an dem das Universum deine Einzigartigkeit trifft.","publisher":{"@id":"https:\/\/tourcruiser.com\/de\/#organization"},"potentialAction":[{"@type":"SearchAction","target":{"@type":"EntryPoint","urlTemplate":"https:\/\/tourcruiser.com\/de\/?s={search_term_string}"},"query-input":{"@type":"PropertyValueSpecification","valueRequired":true,"valueName":"search_term_string"}}],"inLanguage":"de"},{"@type":"Organization","@id":"https:\/\/tourcruiser.com\/de\/#organization","name":"STYLORAL PTE. LTD","url":"https:\/\/tourcruiser.com\/de\/","logo":{"@type":"ImageObject","inLanguage":"de","@id":"https:\/\/tourcruiser.com\/de\/#\/schema\/logo\/image\/","url":"https:\/\/www.tourcruiser.com\/wp-content\/uploads\/2025\/12\/logo.png","contentUrl":"https:\/\/www.tourcruiser.com\/wp-content\/uploads\/2025\/12\/logo.png","width":200,"height":65,"caption":"STYLORAL PTE. LTD"},"image":{"@id":"https:\/\/tourcruiser.com\/de\/#\/schema\/logo\/image\/"}}]}},"_links":{"self":[{"href":"https:\/\/tourcruiser.com\/de\/wp-json\/wp\/v2\/product\/173257","targetHints":{"allow":["GET"]}}],"collection":[{"href":"https:\/\/tourcruiser.com\/de\/wp-json\/wp\/v2\/product"}],"about":[{"href":"https:\/\/tourcruiser.com\/de\/wp-json\/wp\/v2\/types\/product"}],"replies":[{"embeddable":true,"href":"https:\/\/tourcruiser.com\/de\/wp-json\/wp\/v2\/comments?post=173257"}],"wp:featuredmedia":[{"embeddable":true,"href":"https:\/\/tourcruiser.com\/de\/wp-json\/wp\/v2\/media\/173258"}],"wp:attachment":[{"href":"https:\/\/tourcruiser.com\/de\/wp-json\/wp\/v2\/media?parent=173257"}],"wp:term":[{"taxonomy":"product_brand","embeddable":true,"href":"https:\/\/tourcruiser.com\/de\/wp-json\/wp\/v2\/product_brand?post=173257"},{"taxonomy":"product_cat","embeddable":true,"href":"https:\/\/tourcruiser.com\/de\/wp-json\/wp\/v2\/product_cat?post=173257"},{"taxonomy":"product_tag","embeddable":true,"href":"https:\/\/tourcruiser.com\/de\/wp-json\/wp\/v2\/product_tag?post=173257"}],"curies":[{"name":"wp","href":"https:\/\/api.w.org\/{rel}","templated":true}]}}