{"id":173248,"date":"2026-03-02T16:25:24","date_gmt":"2026-03-02T09:25:24","guid":{"rendered":"http:\/\/tourcruiser.com\/product\/adidas-stadt-royal-blue"},"modified":"2026-03-28T01:41:19","modified_gmt":"2026-03-27T18:41:19","slug":"adidas-stadt-royal-blue","status":"publish","type":"product","link":"https:\/\/tourcruiser.com\/de\/products\/adidas-stadt-royal-blue\/","title":{"rendered":"adidas Stadt &#8218;Royal Blue&#8216;"},"content":{"rendered":"<p>Mit dem adidas Stadt &#8218;Royal Blue&#8216; JI1884, einem eleganten und modernen Sneaker, der l\u00e4ssigen Komfort und urbane \u00c4sthetik vereint, bist du immer stilvoll unterwegs. Das elegante Obermaterial aus k\u00f6nigsblauem Wildleder und die leuchtend gelben Drei-Streifen bilden einen markanten Kontrast, der jedes Outfit aufwertet. Der Schuh ist sowohl f\u00fcr modebewusste Menschen als auch f\u00fcr den Alltag geeignet und greift auf Archivdesigns von adidas zur\u00fcck, wodurch Retro-Charme mit modernem Flair verschmilzt.<\/p>\n<p>Die leichte Konstruktion und die strapazierf\u00e4hige Gummisohle garantieren dauerhaften Komfort und optimale Traktion \u201d\u201c der perfekte Begleiter f\u00fcr Stadtabenteuer und lange Spazierg\u00e4nge. Die weiche Innensohle bietet angenehmen Halt und sorgt f\u00fcr ein angenehmes Tragegef\u00fchl den ganzen Tag. Das minimalistische und dennoch ausdrucksstarke Design passt perfekt zu l\u00e4ssigen und semi-formellen Anl\u00e4ssen und macht den Schuh zu einem vielseitigen Begleiter f\u00fcr jede Garderobe.<\/p>\n<p>Ob Sammler oder Sneaker-Liebhaber \u201d\u201c der adidas Stadt &#8218;Royal Blue&#8216; ist eine raffinierte Interpretation von Schuhmode, die Tradition und moderne Eleganz vereint. Dieser Schuh vereint Funktionalit\u00e4t und Stil perfekt und sorgt daf\u00fcr, dass du auch unterwegs immer top aussiehst. Verleihe deinem Alltagslook mit diesem markanten und zeitlosen adidas Klassiker ein neues Gesicht. Jetzt erh\u00e4ltlich f\u00fcr alle, die auffallen wollen.<\/p>\n<ul>\n<li><strong>Farbgebung:<\/strong> K\u00f6nigsblau\/Solargelb\/Gold Metallic<\/li>\n<li><strong>Style-Code:<\/strong> JI1884<\/li>\n<li><strong>Obermaterial:<\/strong> Wildleder<\/li>\n<li><strong>Farbe:<\/strong> Blau<\/li>\n<\/ul>\n","protected":false},"excerpt":{"rendered":"<p>adidas Stadt \u201d\u201d Royal Blue\/Solar Yellow\/Gold Metallic<\/p>\n","protected":false},"featured_media":173249,"comment_status":"open","ping_status":"closed","template":"","meta":[],"product_brand":[],"product_cat":[10760],"product_tag":[10759,10750,10753,10754,11460,10758],"class_list":{"0":"post-173248","1":"product","2":"type-product","3":"status-publish","4":"has-post-thumbnail","6":"product_cat-adidas","7":"product_tag-adidas","8":"product_tag-athleisure-shoes","9":"product_tag-gift-for-him","10":"product_tag-lifestyle-casual-shoes","11":"product_tag-lifestyle-shoes-casual","12":"product_tag-under-retail","13":"wcpa_has_options","15":"first","16":"outofstock","17":"taxable","18":"shipping-taxable","19":"purchasable","20":"product-type-simple"},"wcpa_form_fields":{"rules":{"pric_overide_base_price":false,"pric_overide_base_price_if_gt_zero":false,"pric_overide_base_price_fully":false,"pric_cal_option_once":false,"pric_use_as_fee":false,"bind_quantity":false,"quantity_bind_formula":false},"fields":[{"type":"color-group","required":true,"elementId":"wcpa-color-group-66c4a7f817afe","label":"Gr\u00f6\u00dfe","inline":true,"priceOptions":"different_for_all","pricingType":"fixed","className":"hassizechart product-shoes-size-eu product-shoes-size","name":"color-group-66c4a7f817b18","disp_type":"square","selection_type":"tick-border","disp_size":"50","show_label_inside":true,"adjust_width":true,"cart_display_type":"text","other_text":"Other","cl_rule":"show","col":6,"values":[{"label":"35","value":"EU 35","price":"","pimage":"","pimage_id":"","pthumb":"","color":""},{"label":"35.5","value":"EU 35.5","price":"","pimage":"","pimage_id":"","pthumb":"","color":""},{"label":"36","value":"EU 36","price":"","pimage":"","pimage_id":"","pthumb":"","color":"","selected":true},{"label":"36 2\/3","value":"EU 36 2\/3","price":"","pimage":"","pimage_id":"","pthumb":"","color":""},{"label":"37 1\/3","value":"EU 37 1\/3","price":"","pimage":"","pimage_id":"","pthumb":"","color":""},{"label":"38","value":"EU 38","price":"","pimage":"","pimage_id":"","pthumb":"","color":""},{"label":"38 2\/3","value":"EU 38 2\/3","price":"","pimage":"","pimage_id":"","pthumb":"","color":""},{"label":"39 1\/3","value":"EU 39 1\/3","price":"","pimage":"","pimage_id":"","pthumb":"","color":""},{"label":"40","value":"EU 40","price":"","pimage":"","pimage_id":"","pthumb":"","color":""},{"label":"40 2\/3","value":"EU 40 2\/3","price":"","pimage":"","pimage_id":"","pthumb":"","color":""},{"label":"41 1\/3","value":"EU 41 1\/3","price":"","pimage":"","pimage_id":"","pthumb":"","color":""},{"label":"42","value":"EU 42","price":"","pimage":"","pimage_id":"","pthumb":"","color":""},{"label":"42 2\/3","value":"EU 42 2\/3","price":"","pimage":"","pimage_id":"","pthumb":"","color":""},{"label":"43 1\/3","value":"EU 43 1\/3","price":"","pimage":"","pimage_id":"","pthumb":"","color":""},{"label":"44","value":"EU 44","price":"","pimage":"","pimage_id":"","pthumb":"","color":""},{"label":"44 2\/3","value":"EU 44 2\/3","price":"","pimage":"","pimage_id":"","pthumb":"","color":""},{"label":"45 1\/3","value":"EU 45 1\/3","price":"","pimage":"","pimage_id":"","pthumb":"","color":""},{"label":"46","value":"EU 46","price":"","pimage":"","pimage_id":"","pthumb":"","color":""},{"label":"46 2\/3","value":"EU 46 2\/3","price":"","pimage":"","pimage_id":"","pthumb":"","color":""},{"label":"47 1\/3","value":"EU 47 1\/3","price":"","pimage":"","pimage_id":"","pthumb":"","color":""}],"relations":[{"operator":false,"rules":[]}],"form_id":24802,"form_rules":{"pric_cal_option_once":false,"exclude_from_discount":false,"pric_use_as_fee":false,"fee_label":"Fee","render_after_acb":false,"disp_hide_options_price":false}}]},"yoast_head":"<!-- This site is optimized with the Yoast SEO plugin v26.5 - https:\/\/yoast.com\/wordpress\/plugins\/seo\/ -->\n<title>adidas Stadt &#039;Royal Blue&#039;  - Tourcruiser PTE. LTD<\/title>\n<meta name=\"robots\" content=\"index, follow, max-snippet:-1, max-image-preview:large, max-video-preview:-1\" \/>\n<link rel=\"canonical\" href=\"https:\/\/tourcruiser.com\/de\/products\/adidas-stadt-royal-blue\/\" \/>\n<meta property=\"og:locale\" content=\"de_DE\" \/>\n<meta property=\"og:type\" content=\"article\" \/>\n<meta property=\"og:title\" content=\"adidas Stadt &#039;Royal Blue&#039;  - Tourcruiser PTE. LTD\" \/>\n<meta property=\"og:description\" content=\"adidas Stadt \u201d\u201d Royal Blue\/Solar Yellow\/Gold Metallic\" \/>\n<meta property=\"og:url\" content=\"https:\/\/tourcruiser.com\/de\/products\/adidas-stadt-royal-blue\/\" \/>\n<meta property=\"og:site_name\" content=\"Tourcruiser Sneaker Store\" \/>\n<meta property=\"article:modified_time\" content=\"2026-03-27T18:41:19+00:00\" \/>\n<meta name=\"twitter:card\" content=\"summary_large_image\" \/>\n<meta name=\"twitter:image\" content=\"https:\/\/images.novelship.com\/product\/adidas_stadt__royal_blue__ji1884_0_26228.jpeg;https:\/\/images.novelship.com\/product\/adidas_stadt__royal_blue__ji1884_1_26228.jpeg;https:\/\/images.novelship.com\/product\/adidas_stadt__royal_blue__ji1884_2_26228.jpeg;https:\/\/images.novelship.com\/product\/adidas_stadt__royal_blue__ji1884_3_26228.jpeg;https:\/\/images.novelship.com\/product\/adidas_stadt__royal_blue__ji1884_4_26228.jpeg;https:\/\/images.novelship.com\/product\/adidas_stadt__royal_blue__ji1884_5_26228.jpeg;https:\/\/images.novelship.com\/product\/adidas_stadt__royal_blue__ji1884_6_26228.jpeg;https:\/\/images.novelship.com\/product\/adidas_stadt__royal_blue__ji1884_7_26228.jpeg\" \/>\n<meta name=\"twitter:label1\" content=\"Gesch\u00e4tzte Lesezeit\" \/>\n\t<meta name=\"twitter:data1\" content=\"1\u00a0Minute\" \/>\n<script type=\"application\/ld+json\" class=\"yoast-schema-graph\">{\"@context\":\"https:\/\/schema.org\",\"@graph\":[{\"@type\":\"WebPage\",\"@id\":\"https:\/\/tourcruiser.com\/de\/products\/adidas-stadt-royal-blue\/\",\"url\":\"https:\/\/tourcruiser.com\/de\/products\/adidas-stadt-royal-blue\/\",\"name\":\"adidas Stadt 'Royal Blue' - Tourcruiser PTE. LTD\",\"isPartOf\":{\"@id\":\"https:\/\/tourcruiser.com\/de\/#website\"},\"primaryImageOfPage\":{\"@id\":\"https:\/\/tourcruiser.com\/de\/products\/adidas-stadt-royal-blue\/#primaryimage\"},\"image\":{\"@id\":\"https:\/\/tourcruiser.com\/de\/products\/adidas-stadt-royal-blue\/#primaryimage\"},\"thumbnailUrl\":\"https:\/\/images.novelship.com\/product\/adidas_stadt__royal_blue__ji1884_0_26228.jpeg;https:\/\/images.novelship.com\/product\/adidas_stadt__royal_blue__ji1884_1_26228.jpeg;https:\/\/images.novelship.com\/product\/adidas_stadt__royal_blue__ji1884_2_26228.jpeg;https:\/\/images.novelship.com\/product\/adidas_stadt__royal_blue__ji1884_3_26228.jpeg;https:\/\/images.novelship.com\/product\/adidas_stadt__royal_blue__ji1884_4_26228.jpeg;https:\/\/images.novelship.com\/product\/adidas_stadt__royal_blue__ji1884_5_26228.jpeg;https:\/\/images.novelship.com\/product\/adidas_stadt__royal_blue__ji1884_6_26228.jpeg;https:\/\/images.novelship.com\/product\/adidas_stadt__royal_blue__ji1884_7_26228.jpeg\",\"datePublished\":\"2026-03-02T09:25:24+00:00\",\"dateModified\":\"2026-03-27T18:41:19+00:00\",\"breadcrumb\":{\"@id\":\"https:\/\/tourcruiser.com\/de\/products\/adidas-stadt-royal-blue\/#breadcrumb\"},\"inLanguage\":\"de\",\"potentialAction\":[{\"@type\":\"ReadAction\",\"target\":[\"https:\/\/tourcruiser.com\/de\/products\/adidas-stadt-royal-blue\/\"]}]},{\"@type\":\"ImageObject\",\"inLanguage\":\"de\",\"@id\":\"https:\/\/tourcruiser.com\/de\/products\/adidas-stadt-royal-blue\/#primaryimage\",\"url\":\"https:\/\/images.novelship.com\/product\/adidas_stadt__royal_blue__ji1884_0_26228.jpeg;https:\/\/images.novelship.com\/product\/adidas_stadt__royal_blue__ji1884_1_26228.jpeg;https:\/\/images.novelship.com\/product\/adidas_stadt__royal_blue__ji1884_2_26228.jpeg;https:\/\/images.novelship.com\/product\/adidas_stadt__royal_blue__ji1884_3_26228.jpeg;https:\/\/images.novelship.com\/product\/adidas_stadt__royal_blue__ji1884_4_26228.jpeg;https:\/\/images.novelship.com\/product\/adidas_stadt__royal_blue__ji1884_5_26228.jpeg;https:\/\/images.novelship.com\/product\/adidas_stadt__royal_blue__ji1884_6_26228.jpeg;https:\/\/images.novelship.com\/product\/adidas_stadt__royal_blue__ji1884_7_26228.jpeg\",\"contentUrl\":\"https:\/\/images.novelship.com\/product\/adidas_stadt__royal_blue__ji1884_0_26228.jpeg;https:\/\/images.novelship.com\/product\/adidas_stadt__royal_blue__ji1884_1_26228.jpeg;https:\/\/images.novelship.com\/product\/adidas_stadt__royal_blue__ji1884_2_26228.jpeg;https:\/\/images.novelship.com\/product\/adidas_stadt__royal_blue__ji1884_3_26228.jpeg;https:\/\/images.novelship.com\/product\/adidas_stadt__royal_blue__ji1884_4_26228.jpeg;https:\/\/images.novelship.com\/product\/adidas_stadt__royal_blue__ji1884_5_26228.jpeg;https:\/\/images.novelship.com\/product\/adidas_stadt__royal_blue__ji1884_6_26228.jpeg;https:\/\/images.novelship.com\/product\/adidas_stadt__royal_blue__ji1884_7_26228.jpeg\"},{\"@type\":\"BreadcrumbList\",\"@id\":\"https:\/\/tourcruiser.com\/de\/products\/adidas-stadt-royal-blue\/#breadcrumb\",\"itemListElement\":[{\"@type\":\"ListItem\",\"position\":1,\"name\":\"Home\",\"item\":\"https:\/\/tourcruiser.com\/de\/\"},{\"@type\":\"ListItem\",\"position\":2,\"name\":\"Shop\",\"item\":\"https:\/\/tourcruiser.com\/de\/shop\/\"},{\"@type\":\"ListItem\",\"position\":3,\"name\":\"adidas Stadt 'Royal Blue'\"}]},{\"@type\":\"WebSite\",\"@id\":\"https:\/\/tourcruiser.com\/de\/#website\",\"url\":\"https:\/\/tourcruiser.com\/de\/\",\"name\":\"Styloral Jewelry Shop\",\"description\":\"Tourcruiser Sneaker Store \u2014 der Ort, an dem das Universum deine Einzigartigkeit trifft.\",\"publisher\":{\"@id\":\"https:\/\/tourcruiser.com\/de\/#organization\"},\"potentialAction\":[{\"@type\":\"SearchAction\",\"target\":{\"@type\":\"EntryPoint\",\"urlTemplate\":\"https:\/\/tourcruiser.com\/de\/?s={search_term_string}\"},\"query-input\":{\"@type\":\"PropertyValueSpecification\",\"valueRequired\":true,\"valueName\":\"search_term_string\"}}],\"inLanguage\":\"de\"},{\"@type\":\"Organization\",\"@id\":\"https:\/\/tourcruiser.com\/de\/#organization\",\"name\":\"STYLORAL PTE. LTD\",\"url\":\"https:\/\/tourcruiser.com\/de\/\",\"logo\":{\"@type\":\"ImageObject\",\"inLanguage\":\"de\",\"@id\":\"https:\/\/tourcruiser.com\/de\/#\/schema\/logo\/image\/\",\"url\":\"https:\/\/www.tourcruiser.com\/wp-content\/uploads\/2025\/12\/logo.png\",\"contentUrl\":\"https:\/\/www.tourcruiser.com\/wp-content\/uploads\/2025\/12\/logo.png\",\"width\":200,\"height\":65,\"caption\":\"STYLORAL PTE. LTD\"},\"image\":{\"@id\":\"https:\/\/tourcruiser.com\/de\/#\/schema\/logo\/image\/\"}}]}<\/script>\n<!-- \/ Yoast SEO plugin. -->","yoast_head_json":{"title":"adidas Stadt 'Royal Blue'  - Tourcruiser PTE. LTD","robots":{"index":"index","follow":"follow","max-snippet":"max-snippet:-1","max-image-preview":"max-image-preview:large","max-video-preview":"max-video-preview:-1"},"canonical":"https:\/\/tourcruiser.com\/de\/products\/adidas-stadt-royal-blue\/","og_locale":"de_DE","og_type":"article","og_title":"adidas Stadt 'Royal Blue'  - Tourcruiser PTE. LTD","og_description":"adidas Stadt \u201d\u201d Royal Blue\/Solar Yellow\/Gold Metallic","og_url":"https:\/\/tourcruiser.com\/de\/products\/adidas-stadt-royal-blue\/","og_site_name":"Tourcruiser Sneaker Store","article_modified_time":"2026-03-27T18:41:19+00:00","twitter_card":"summary_large_image","twitter_image":"https:\/\/images.novelship.com\/product\/adidas_stadt__royal_blue__ji1884_0_26228.jpeg;https:\/\/images.novelship.com\/product\/adidas_stadt__royal_blue__ji1884_1_26228.jpeg;https:\/\/images.novelship.com\/product\/adidas_stadt__royal_blue__ji1884_2_26228.jpeg;https:\/\/images.novelship.com\/product\/adidas_stadt__royal_blue__ji1884_3_26228.jpeg;https:\/\/images.novelship.com\/product\/adidas_stadt__royal_blue__ji1884_4_26228.jpeg;https:\/\/images.novelship.com\/product\/adidas_stadt__royal_blue__ji1884_5_26228.jpeg;https:\/\/images.novelship.com\/product\/adidas_stadt__royal_blue__ji1884_6_26228.jpeg;https:\/\/images.novelship.com\/product\/adidas_stadt__royal_blue__ji1884_7_26228.jpeg","twitter_misc":{"Gesch\u00e4tzte Lesezeit":"1\u00a0Minute"},"schema":{"@context":"https:\/\/schema.org","@graph":[{"@type":"WebPage","@id":"https:\/\/tourcruiser.com\/de\/products\/adidas-stadt-royal-blue\/","url":"https:\/\/tourcruiser.com\/de\/products\/adidas-stadt-royal-blue\/","name":"adidas Stadt 'Royal Blue' - Tourcruiser PTE. LTD","isPartOf":{"@id":"https:\/\/tourcruiser.com\/de\/#website"},"primaryImageOfPage":{"@id":"https:\/\/tourcruiser.com\/de\/products\/adidas-stadt-royal-blue\/#primaryimage"},"image":{"@id":"https:\/\/tourcruiser.com\/de\/products\/adidas-stadt-royal-blue\/#primaryimage"},"thumbnailUrl":"https:\/\/images.novelship.com\/product\/adidas_stadt__royal_blue__ji1884_0_26228.jpeg;https:\/\/images.novelship.com\/product\/adidas_stadt__royal_blue__ji1884_1_26228.jpeg;https:\/\/images.novelship.com\/product\/adidas_stadt__royal_blue__ji1884_2_26228.jpeg;https:\/\/images.novelship.com\/product\/adidas_stadt__royal_blue__ji1884_3_26228.jpeg;https:\/\/images.novelship.com\/product\/adidas_stadt__royal_blue__ji1884_4_26228.jpeg;https:\/\/images.novelship.com\/product\/adidas_stadt__royal_blue__ji1884_5_26228.jpeg;https:\/\/images.novelship.com\/product\/adidas_stadt__royal_blue__ji1884_6_26228.jpeg;https:\/\/images.novelship.com\/product\/adidas_stadt__royal_blue__ji1884_7_26228.jpeg","datePublished":"2026-03-02T09:25:24+00:00","dateModified":"2026-03-27T18:41:19+00:00","breadcrumb":{"@id":"https:\/\/tourcruiser.com\/de\/products\/adidas-stadt-royal-blue\/#breadcrumb"},"inLanguage":"de","potentialAction":[{"@type":"ReadAction","target":["https:\/\/tourcruiser.com\/de\/products\/adidas-stadt-royal-blue\/"]}]},{"@type":"ImageObject","inLanguage":"de","@id":"https:\/\/tourcruiser.com\/de\/products\/adidas-stadt-royal-blue\/#primaryimage","url":"https:\/\/images.novelship.com\/product\/adidas_stadt__royal_blue__ji1884_0_26228.jpeg;https:\/\/images.novelship.com\/product\/adidas_stadt__royal_blue__ji1884_1_26228.jpeg;https:\/\/images.novelship.com\/product\/adidas_stadt__royal_blue__ji1884_2_26228.jpeg;https:\/\/images.novelship.com\/product\/adidas_stadt__royal_blue__ji1884_3_26228.jpeg;https:\/\/images.novelship.com\/product\/adidas_stadt__royal_blue__ji1884_4_26228.jpeg;https:\/\/images.novelship.com\/product\/adidas_stadt__royal_blue__ji1884_5_26228.jpeg;https:\/\/images.novelship.com\/product\/adidas_stadt__royal_blue__ji1884_6_26228.jpeg;https:\/\/images.novelship.com\/product\/adidas_stadt__royal_blue__ji1884_7_26228.jpeg","contentUrl":"https:\/\/images.novelship.com\/product\/adidas_stadt__royal_blue__ji1884_0_26228.jpeg;https:\/\/images.novelship.com\/product\/adidas_stadt__royal_blue__ji1884_1_26228.jpeg;https:\/\/images.novelship.com\/product\/adidas_stadt__royal_blue__ji1884_2_26228.jpeg;https:\/\/images.novelship.com\/product\/adidas_stadt__royal_blue__ji1884_3_26228.jpeg;https:\/\/images.novelship.com\/product\/adidas_stadt__royal_blue__ji1884_4_26228.jpeg;https:\/\/images.novelship.com\/product\/adidas_stadt__royal_blue__ji1884_5_26228.jpeg;https:\/\/images.novelship.com\/product\/adidas_stadt__royal_blue__ji1884_6_26228.jpeg;https:\/\/images.novelship.com\/product\/adidas_stadt__royal_blue__ji1884_7_26228.jpeg"},{"@type":"BreadcrumbList","@id":"https:\/\/tourcruiser.com\/de\/products\/adidas-stadt-royal-blue\/#breadcrumb","itemListElement":[{"@type":"ListItem","position":1,"name":"Home","item":"https:\/\/tourcruiser.com\/de\/"},{"@type":"ListItem","position":2,"name":"Shop","item":"https:\/\/tourcruiser.com\/de\/shop\/"},{"@type":"ListItem","position":3,"name":"adidas Stadt 'Royal Blue'"}]},{"@type":"WebSite","@id":"https:\/\/tourcruiser.com\/de\/#website","url":"https:\/\/tourcruiser.com\/de\/","name":"Styloral Jewelry Shop","description":"Tourcruiser Sneaker Store \u2014 der Ort, an dem das Universum deine Einzigartigkeit trifft.","publisher":{"@id":"https:\/\/tourcruiser.com\/de\/#organization"},"potentialAction":[{"@type":"SearchAction","target":{"@type":"EntryPoint","urlTemplate":"https:\/\/tourcruiser.com\/de\/?s={search_term_string}"},"query-input":{"@type":"PropertyValueSpecification","valueRequired":true,"valueName":"search_term_string"}}],"inLanguage":"de"},{"@type":"Organization","@id":"https:\/\/tourcruiser.com\/de\/#organization","name":"STYLORAL PTE. LTD","url":"https:\/\/tourcruiser.com\/de\/","logo":{"@type":"ImageObject","inLanguage":"de","@id":"https:\/\/tourcruiser.com\/de\/#\/schema\/logo\/image\/","url":"https:\/\/www.tourcruiser.com\/wp-content\/uploads\/2025\/12\/logo.png","contentUrl":"https:\/\/www.tourcruiser.com\/wp-content\/uploads\/2025\/12\/logo.png","width":200,"height":65,"caption":"STYLORAL PTE. LTD"},"image":{"@id":"https:\/\/tourcruiser.com\/de\/#\/schema\/logo\/image\/"}}]}},"_links":{"self":[{"href":"https:\/\/tourcruiser.com\/de\/wp-json\/wp\/v2\/product\/173248","targetHints":{"allow":["GET"]}}],"collection":[{"href":"https:\/\/tourcruiser.com\/de\/wp-json\/wp\/v2\/product"}],"about":[{"href":"https:\/\/tourcruiser.com\/de\/wp-json\/wp\/v2\/types\/product"}],"replies":[{"embeddable":true,"href":"https:\/\/tourcruiser.com\/de\/wp-json\/wp\/v2\/comments?post=173248"}],"wp:featuredmedia":[{"embeddable":true,"href":"https:\/\/tourcruiser.com\/de\/wp-json\/wp\/v2\/media\/173249"}],"wp:attachment":[{"href":"https:\/\/tourcruiser.com\/de\/wp-json\/wp\/v2\/media?parent=173248"}],"wp:term":[{"taxonomy":"product_brand","embeddable":true,"href":"https:\/\/tourcruiser.com\/de\/wp-json\/wp\/v2\/product_brand?post=173248"},{"taxonomy":"product_cat","embeddable":true,"href":"https:\/\/tourcruiser.com\/de\/wp-json\/wp\/v2\/product_cat?post=173248"},{"taxonomy":"product_tag","embeddable":true,"href":"https:\/\/tourcruiser.com\/de\/wp-json\/wp\/v2\/product_tag?post=173248"}],"curies":[{"name":"wp","href":"https:\/\/api.w.org\/{rel}","templated":true}]}}