{"id":172876,"date":"2026-03-02T16:24:49","date_gmt":"2026-03-02T09:24:49","guid":{"rendered":"http:\/\/tourcruiser.com\/product\/adidas-ultraboost-all-terrain-trace-green-grey"},"modified":"2026-03-28T01:40:55","modified_gmt":"2026-03-27T18:40:55","slug":"adidas-ultraboost-all-terrain-trace-green-grey","status":"publish","type":"product","link":"https:\/\/tourcruiser.com\/de\/products\/adidas-ultraboost-all-terrain-trace-green-grey\/","title":{"rendered":"adidas Ultraboost All Terrain &#8218;Trace Green Grey&#8216;"},"content":{"rendered":"<p>Verbessere dein Lauferlebnis mit dem adidas Ultraboost All Terrain &#8218;Trace Green Grey&#8216; IF6470. Dieser innovative Sneaker verf\u00fcgt \u00fcber eine strapazierf\u00e4hige Hybrid-Au\u00dfensohle, die sich jedem Untergrund anpasst und au\u00dfergew\u00f6hnlichen Grip und Stabilit\u00e4t bietet. Die reaktionsfreudige Boost-Zwischensohle d\u00e4mpft jeden Schritt, w\u00e4hrend das Primeknit 360-Obermaterial f\u00fcr eine flexible und atmungsaktive Passform sorgt. Die dynamische Farbkombination aus Trace Green und Grau verleiht dem Schuh einen sportlichen Touch und macht ihn zum perfekten Begleiter f\u00fcr jedes Abenteuer. Erlebe unvergleichliche Performance und Komfort mit dem adidas Ultraboost All Terrain &#8218;Trace Green Grey&#8216; IF6470.<\/p>\n<ul>\n<li><strong>Farbkombination:<\/strong> Gr\u00fcn\/Trace Green\/Utility Grey\/Schwarz<\/li>\n<li><strong>Artikelnummer:<\/strong> IF6470<\/li>\n<li><strong>Farbe:<\/strong> Gr\u00fcn<\/li>\n<\/ul>\n","protected":false},"excerpt":{"rendered":"<p>adidas UltraBoost ATR \u201d\u201d Green\/Trace Green\/Utility Grey\/Black<\/p>\n","protected":false},"featured_media":172877,"comment_status":"open","ping_status":"closed","template":"","meta":[],"product_brand":[],"product_cat":[10760],"product_tag":[10759,11010,10750,10753,10754,10765,10768,10840,10758],"class_list":{"0":"post-172876","1":"product","2":"type-product","3":"status-publish","4":"has-post-thumbnail","6":"product_cat-adidas","7":"product_tag-adidas","8":"product_tag-adidas-running-shoes","9":"product_tag-athleisure-shoes","10":"product_tag-gift-for-him","11":"product_tag-lifestyle-casual-shoes","12":"product_tag-lifestyle-shoes-running-inspired","13":"product_tag-retro-running-shoes","14":"product_tag-running-shoes","15":"product_tag-under-retail","16":"wcpa_has_options","18":"first","19":"outofstock","20":"taxable","21":"shipping-taxable","22":"purchasable","23":"product-type-simple"},"wcpa_form_fields":{"rules":{"pric_overide_base_price":false,"pric_overide_base_price_if_gt_zero":false,"pric_overide_base_price_fully":false,"pric_cal_option_once":false,"pric_use_as_fee":false,"bind_quantity":false,"quantity_bind_formula":false},"fields":[{"type":"color-group","required":true,"elementId":"wcpa-color-group-66c4a7f817afe","label":"Gr\u00f6\u00dfe","inline":true,"priceOptions":"different_for_all","pricingType":"fixed","className":"hassizechart product-shoes-size-eu product-shoes-size","name":"color-group-66c4a7f817b18","disp_type":"square","selection_type":"tick-border","disp_size":"50","show_label_inside":true,"adjust_width":true,"cart_display_type":"text","other_text":"Other","cl_rule":"show","col":6,"values":[{"label":"35","value":"EU 35","price":"","pimage":"","pimage_id":"","pthumb":"","color":""},{"label":"35.5","value":"EU 35.5","price":"","pimage":"","pimage_id":"","pthumb":"","color":""},{"label":"36","value":"EU 36","price":"","pimage":"","pimage_id":"","pthumb":"","color":"","selected":true},{"label":"36 2\/3","value":"EU 36 2\/3","price":"","pimage":"","pimage_id":"","pthumb":"","color":""},{"label":"37 1\/3","value":"EU 37 1\/3","price":"","pimage":"","pimage_id":"","pthumb":"","color":""},{"label":"38","value":"EU 38","price":"","pimage":"","pimage_id":"","pthumb":"","color":""},{"label":"38 2\/3","value":"EU 38 2\/3","price":"","pimage":"","pimage_id":"","pthumb":"","color":""},{"label":"39 1\/3","value":"EU 39 1\/3","price":"","pimage":"","pimage_id":"","pthumb":"","color":""},{"label":"40","value":"EU 40","price":"","pimage":"","pimage_id":"","pthumb":"","color":""},{"label":"40 2\/3","value":"EU 40 2\/3","price":"","pimage":"","pimage_id":"","pthumb":"","color":""},{"label":"41 1\/3","value":"EU 41 1\/3","price":"","pimage":"","pimage_id":"","pthumb":"","color":""},{"label":"42","value":"EU 42","price":"","pimage":"","pimage_id":"","pthumb":"","color":""},{"label":"42 2\/3","value":"EU 42 2\/3","price":"","pimage":"","pimage_id":"","pthumb":"","color":""},{"label":"43 1\/3","value":"EU 43 1\/3","price":"","pimage":"","pimage_id":"","pthumb":"","color":""},{"label":"44","value":"EU 44","price":"","pimage":"","pimage_id":"","pthumb":"","color":""},{"label":"44 2\/3","value":"EU 44 2\/3","price":"","pimage":"","pimage_id":"","pthumb":"","color":""},{"label":"45 1\/3","value":"EU 45 1\/3","price":"","pimage":"","pimage_id":"","pthumb":"","color":""},{"label":"46","value":"EU 46","price":"","pimage":"","pimage_id":"","pthumb":"","color":""},{"label":"46 2\/3","value":"EU 46 2\/3","price":"","pimage":"","pimage_id":"","pthumb":"","color":""},{"label":"47 1\/3","value":"EU 47 1\/3","price":"","pimage":"","pimage_id":"","pthumb":"","color":""}],"relations":[{"operator":false,"rules":[]}],"form_id":24802,"form_rules":{"pric_cal_option_once":false,"exclude_from_discount":false,"pric_use_as_fee":false,"fee_label":"Fee","render_after_acb":false,"disp_hide_options_price":false}}]},"yoast_head":"<!-- This site is optimized with the Yoast SEO plugin v26.5 - https:\/\/yoast.com\/wordpress\/plugins\/seo\/ -->\n<title>adidas Ultraboost All Terrain &#039;Trace Green Grey&#039;  - Tourcruiser PTE. LTD<\/title>\n<meta name=\"robots\" content=\"index, follow, max-snippet:-1, max-image-preview:large, max-video-preview:-1\" \/>\n<link rel=\"canonical\" href=\"https:\/\/tourcruiser.com\/de\/products\/adidas-ultraboost-all-terrain-trace-green-grey\/\" \/>\n<meta property=\"og:locale\" content=\"de_DE\" \/>\n<meta property=\"og:type\" content=\"article\" \/>\n<meta property=\"og:title\" content=\"adidas Ultraboost All Terrain &#039;Trace Green Grey&#039;  - Tourcruiser PTE. LTD\" \/>\n<meta property=\"og:description\" content=\"adidas UltraBoost ATR \u201d\u201d Green\/Trace Green\/Utility Grey\/Black\" \/>\n<meta property=\"og:url\" content=\"https:\/\/tourcruiser.com\/de\/products\/adidas-ultraboost-all-terrain-trace-green-grey\/\" \/>\n<meta property=\"og:site_name\" content=\"Tourcruiser Sneaker Store\" \/>\n<meta property=\"article:modified_time\" content=\"2026-03-27T18:40:55+00:00\" \/>\n<meta name=\"twitter:card\" content=\"summary_large_image\" \/>\n<meta name=\"twitter:image\" content=\"https:\/\/images.novelship.com\/product\/adidas_ultraboost_all_terrain__grey__if6470_0_37567.jpeg;https:\/\/images.novelship.com\/product\/adidas_ultraboost_all_terrain__grey__if6470_1_37567.jpeg;https:\/\/images.novelship.com\/product\/adidas_ultraboost_all_terrain__grey__if6470_2_37567.jpeg;https:\/\/images.novelship.com\/product\/adidas_ultraboost_all_terrain__grey__if6470_3_37567.jpeg;https:\/\/images.novelship.com\/product\/adidas_ultraboost_all_terrain__grey__if6470_4_37567.jpeg\" \/>\n<meta name=\"twitter:label1\" content=\"Gesch\u00e4tzte Lesezeit\" \/>\n\t<meta name=\"twitter:data1\" content=\"1\u00a0Minute\" \/>\n<script type=\"application\/ld+json\" class=\"yoast-schema-graph\">{\"@context\":\"https:\/\/schema.org\",\"@graph\":[{\"@type\":\"WebPage\",\"@id\":\"https:\/\/tourcruiser.com\/de\/products\/adidas-ultraboost-all-terrain-trace-green-grey\/\",\"url\":\"https:\/\/tourcruiser.com\/de\/products\/adidas-ultraboost-all-terrain-trace-green-grey\/\",\"name\":\"adidas Ultraboost All Terrain 'Trace Green Grey' - Tourcruiser PTE. LTD\",\"isPartOf\":{\"@id\":\"https:\/\/tourcruiser.com\/de\/#website\"},\"primaryImageOfPage\":{\"@id\":\"https:\/\/tourcruiser.com\/de\/products\/adidas-ultraboost-all-terrain-trace-green-grey\/#primaryimage\"},\"image\":{\"@id\":\"https:\/\/tourcruiser.com\/de\/products\/adidas-ultraboost-all-terrain-trace-green-grey\/#primaryimage\"},\"thumbnailUrl\":\"https:\/\/images.novelship.com\/product\/adidas_ultraboost_all_terrain__grey__if6470_0_37567.jpeg;https:\/\/images.novelship.com\/product\/adidas_ultraboost_all_terrain__grey__if6470_1_37567.jpeg;https:\/\/images.novelship.com\/product\/adidas_ultraboost_all_terrain__grey__if6470_2_37567.jpeg;https:\/\/images.novelship.com\/product\/adidas_ultraboost_all_terrain__grey__if6470_3_37567.jpeg;https:\/\/images.novelship.com\/product\/adidas_ultraboost_all_terrain__grey__if6470_4_37567.jpeg\",\"datePublished\":\"2026-03-02T09:24:49+00:00\",\"dateModified\":\"2026-03-27T18:40:55+00:00\",\"breadcrumb\":{\"@id\":\"https:\/\/tourcruiser.com\/de\/products\/adidas-ultraboost-all-terrain-trace-green-grey\/#breadcrumb\"},\"inLanguage\":\"de\",\"potentialAction\":[{\"@type\":\"ReadAction\",\"target\":[\"https:\/\/tourcruiser.com\/de\/products\/adidas-ultraboost-all-terrain-trace-green-grey\/\"]}]},{\"@type\":\"ImageObject\",\"inLanguage\":\"de\",\"@id\":\"https:\/\/tourcruiser.com\/de\/products\/adidas-ultraboost-all-terrain-trace-green-grey\/#primaryimage\",\"url\":\"https:\/\/images.novelship.com\/product\/adidas_ultraboost_all_terrain__grey__if6470_0_37567.jpeg;https:\/\/images.novelship.com\/product\/adidas_ultraboost_all_terrain__grey__if6470_1_37567.jpeg;https:\/\/images.novelship.com\/product\/adidas_ultraboost_all_terrain__grey__if6470_2_37567.jpeg;https:\/\/images.novelship.com\/product\/adidas_ultraboost_all_terrain__grey__if6470_3_37567.jpeg;https:\/\/images.novelship.com\/product\/adidas_ultraboost_all_terrain__grey__if6470_4_37567.jpeg\",\"contentUrl\":\"https:\/\/images.novelship.com\/product\/adidas_ultraboost_all_terrain__grey__if6470_0_37567.jpeg;https:\/\/images.novelship.com\/product\/adidas_ultraboost_all_terrain__grey__if6470_1_37567.jpeg;https:\/\/images.novelship.com\/product\/adidas_ultraboost_all_terrain__grey__if6470_2_37567.jpeg;https:\/\/images.novelship.com\/product\/adidas_ultraboost_all_terrain__grey__if6470_3_37567.jpeg;https:\/\/images.novelship.com\/product\/adidas_ultraboost_all_terrain__grey__if6470_4_37567.jpeg\"},{\"@type\":\"BreadcrumbList\",\"@id\":\"https:\/\/tourcruiser.com\/de\/products\/adidas-ultraboost-all-terrain-trace-green-grey\/#breadcrumb\",\"itemListElement\":[{\"@type\":\"ListItem\",\"position\":1,\"name\":\"Home\",\"item\":\"https:\/\/tourcruiser.com\/de\/\"},{\"@type\":\"ListItem\",\"position\":2,\"name\":\"Shop\",\"item\":\"https:\/\/tourcruiser.com\/de\/shop\/\"},{\"@type\":\"ListItem\",\"position\":3,\"name\":\"adidas Ultraboost All Terrain 'Trace Green Grey'\"}]},{\"@type\":\"WebSite\",\"@id\":\"https:\/\/tourcruiser.com\/de\/#website\",\"url\":\"https:\/\/tourcruiser.com\/de\/\",\"name\":\"Styloral Jewelry Shop\",\"description\":\"Tourcruiser Sneaker Store \u2014 der Ort, an dem das Universum deine Einzigartigkeit trifft.\",\"publisher\":{\"@id\":\"https:\/\/tourcruiser.com\/de\/#organization\"},\"potentialAction\":[{\"@type\":\"SearchAction\",\"target\":{\"@type\":\"EntryPoint\",\"urlTemplate\":\"https:\/\/tourcruiser.com\/de\/?s={search_term_string}\"},\"query-input\":{\"@type\":\"PropertyValueSpecification\",\"valueRequired\":true,\"valueName\":\"search_term_string\"}}],\"inLanguage\":\"de\"},{\"@type\":\"Organization\",\"@id\":\"https:\/\/tourcruiser.com\/de\/#organization\",\"name\":\"STYLORAL PTE. LTD\",\"url\":\"https:\/\/tourcruiser.com\/de\/\",\"logo\":{\"@type\":\"ImageObject\",\"inLanguage\":\"de\",\"@id\":\"https:\/\/tourcruiser.com\/de\/#\/schema\/logo\/image\/\",\"url\":\"https:\/\/www.tourcruiser.com\/wp-content\/uploads\/2025\/12\/logo.png\",\"contentUrl\":\"https:\/\/www.tourcruiser.com\/wp-content\/uploads\/2025\/12\/logo.png\",\"width\":200,\"height\":65,\"caption\":\"STYLORAL PTE. LTD\"},\"image\":{\"@id\":\"https:\/\/tourcruiser.com\/de\/#\/schema\/logo\/image\/\"}}]}<\/script>\n<!-- \/ Yoast SEO plugin. -->","yoast_head_json":{"title":"adidas Ultraboost All Terrain 'Trace Green Grey'  - Tourcruiser PTE. LTD","robots":{"index":"index","follow":"follow","max-snippet":"max-snippet:-1","max-image-preview":"max-image-preview:large","max-video-preview":"max-video-preview:-1"},"canonical":"https:\/\/tourcruiser.com\/de\/products\/adidas-ultraboost-all-terrain-trace-green-grey\/","og_locale":"de_DE","og_type":"article","og_title":"adidas Ultraboost All Terrain 'Trace Green Grey'  - Tourcruiser PTE. LTD","og_description":"adidas UltraBoost ATR \u201d\u201d Green\/Trace Green\/Utility Grey\/Black","og_url":"https:\/\/tourcruiser.com\/de\/products\/adidas-ultraboost-all-terrain-trace-green-grey\/","og_site_name":"Tourcruiser Sneaker Store","article_modified_time":"2026-03-27T18:40:55+00:00","twitter_card":"summary_large_image","twitter_image":"https:\/\/images.novelship.com\/product\/adidas_ultraboost_all_terrain__grey__if6470_0_37567.jpeg;https:\/\/images.novelship.com\/product\/adidas_ultraboost_all_terrain__grey__if6470_1_37567.jpeg;https:\/\/images.novelship.com\/product\/adidas_ultraboost_all_terrain__grey__if6470_2_37567.jpeg;https:\/\/images.novelship.com\/product\/adidas_ultraboost_all_terrain__grey__if6470_3_37567.jpeg;https:\/\/images.novelship.com\/product\/adidas_ultraboost_all_terrain__grey__if6470_4_37567.jpeg","twitter_misc":{"Gesch\u00e4tzte Lesezeit":"1\u00a0Minute"},"schema":{"@context":"https:\/\/schema.org","@graph":[{"@type":"WebPage","@id":"https:\/\/tourcruiser.com\/de\/products\/adidas-ultraboost-all-terrain-trace-green-grey\/","url":"https:\/\/tourcruiser.com\/de\/products\/adidas-ultraboost-all-terrain-trace-green-grey\/","name":"adidas Ultraboost All Terrain 'Trace Green Grey' - Tourcruiser PTE. LTD","isPartOf":{"@id":"https:\/\/tourcruiser.com\/de\/#website"},"primaryImageOfPage":{"@id":"https:\/\/tourcruiser.com\/de\/products\/adidas-ultraboost-all-terrain-trace-green-grey\/#primaryimage"},"image":{"@id":"https:\/\/tourcruiser.com\/de\/products\/adidas-ultraboost-all-terrain-trace-green-grey\/#primaryimage"},"thumbnailUrl":"https:\/\/images.novelship.com\/product\/adidas_ultraboost_all_terrain__grey__if6470_0_37567.jpeg;https:\/\/images.novelship.com\/product\/adidas_ultraboost_all_terrain__grey__if6470_1_37567.jpeg;https:\/\/images.novelship.com\/product\/adidas_ultraboost_all_terrain__grey__if6470_2_37567.jpeg;https:\/\/images.novelship.com\/product\/adidas_ultraboost_all_terrain__grey__if6470_3_37567.jpeg;https:\/\/images.novelship.com\/product\/adidas_ultraboost_all_terrain__grey__if6470_4_37567.jpeg","datePublished":"2026-03-02T09:24:49+00:00","dateModified":"2026-03-27T18:40:55+00:00","breadcrumb":{"@id":"https:\/\/tourcruiser.com\/de\/products\/adidas-ultraboost-all-terrain-trace-green-grey\/#breadcrumb"},"inLanguage":"de","potentialAction":[{"@type":"ReadAction","target":["https:\/\/tourcruiser.com\/de\/products\/adidas-ultraboost-all-terrain-trace-green-grey\/"]}]},{"@type":"ImageObject","inLanguage":"de","@id":"https:\/\/tourcruiser.com\/de\/products\/adidas-ultraboost-all-terrain-trace-green-grey\/#primaryimage","url":"https:\/\/images.novelship.com\/product\/adidas_ultraboost_all_terrain__grey__if6470_0_37567.jpeg;https:\/\/images.novelship.com\/product\/adidas_ultraboost_all_terrain__grey__if6470_1_37567.jpeg;https:\/\/images.novelship.com\/product\/adidas_ultraboost_all_terrain__grey__if6470_2_37567.jpeg;https:\/\/images.novelship.com\/product\/adidas_ultraboost_all_terrain__grey__if6470_3_37567.jpeg;https:\/\/images.novelship.com\/product\/adidas_ultraboost_all_terrain__grey__if6470_4_37567.jpeg","contentUrl":"https:\/\/images.novelship.com\/product\/adidas_ultraboost_all_terrain__grey__if6470_0_37567.jpeg;https:\/\/images.novelship.com\/product\/adidas_ultraboost_all_terrain__grey__if6470_1_37567.jpeg;https:\/\/images.novelship.com\/product\/adidas_ultraboost_all_terrain__grey__if6470_2_37567.jpeg;https:\/\/images.novelship.com\/product\/adidas_ultraboost_all_terrain__grey__if6470_3_37567.jpeg;https:\/\/images.novelship.com\/product\/adidas_ultraboost_all_terrain__grey__if6470_4_37567.jpeg"},{"@type":"BreadcrumbList","@id":"https:\/\/tourcruiser.com\/de\/products\/adidas-ultraboost-all-terrain-trace-green-grey\/#breadcrumb","itemListElement":[{"@type":"ListItem","position":1,"name":"Home","item":"https:\/\/tourcruiser.com\/de\/"},{"@type":"ListItem","position":2,"name":"Shop","item":"https:\/\/tourcruiser.com\/de\/shop\/"},{"@type":"ListItem","position":3,"name":"adidas Ultraboost All Terrain 'Trace Green Grey'"}]},{"@type":"WebSite","@id":"https:\/\/tourcruiser.com\/de\/#website","url":"https:\/\/tourcruiser.com\/de\/","name":"Styloral Jewelry Shop","description":"Tourcruiser Sneaker Store \u2014 der Ort, an dem das Universum deine Einzigartigkeit trifft.","publisher":{"@id":"https:\/\/tourcruiser.com\/de\/#organization"},"potentialAction":[{"@type":"SearchAction","target":{"@type":"EntryPoint","urlTemplate":"https:\/\/tourcruiser.com\/de\/?s={search_term_string}"},"query-input":{"@type":"PropertyValueSpecification","valueRequired":true,"valueName":"search_term_string"}}],"inLanguage":"de"},{"@type":"Organization","@id":"https:\/\/tourcruiser.com\/de\/#organization","name":"STYLORAL PTE. LTD","url":"https:\/\/tourcruiser.com\/de\/","logo":{"@type":"ImageObject","inLanguage":"de","@id":"https:\/\/tourcruiser.com\/de\/#\/schema\/logo\/image\/","url":"https:\/\/www.tourcruiser.com\/wp-content\/uploads\/2025\/12\/logo.png","contentUrl":"https:\/\/www.tourcruiser.com\/wp-content\/uploads\/2025\/12\/logo.png","width":200,"height":65,"caption":"STYLORAL PTE. LTD"},"image":{"@id":"https:\/\/tourcruiser.com\/de\/#\/schema\/logo\/image\/"}}]}},"_links":{"self":[{"href":"https:\/\/tourcruiser.com\/de\/wp-json\/wp\/v2\/product\/172876","targetHints":{"allow":["GET"]}}],"collection":[{"href":"https:\/\/tourcruiser.com\/de\/wp-json\/wp\/v2\/product"}],"about":[{"href":"https:\/\/tourcruiser.com\/de\/wp-json\/wp\/v2\/types\/product"}],"replies":[{"embeddable":true,"href":"https:\/\/tourcruiser.com\/de\/wp-json\/wp\/v2\/comments?post=172876"}],"wp:featuredmedia":[{"embeddable":true,"href":"https:\/\/tourcruiser.com\/de\/wp-json\/wp\/v2\/media\/172877"}],"wp:attachment":[{"href":"https:\/\/tourcruiser.com\/de\/wp-json\/wp\/v2\/media?parent=172876"}],"wp:term":[{"taxonomy":"product_brand","embeddable":true,"href":"https:\/\/tourcruiser.com\/de\/wp-json\/wp\/v2\/product_brand?post=172876"},{"taxonomy":"product_cat","embeddable":true,"href":"https:\/\/tourcruiser.com\/de\/wp-json\/wp\/v2\/product_cat?post=172876"},{"taxonomy":"product_tag","embeddable":true,"href":"https:\/\/tourcruiser.com\/de\/wp-json\/wp\/v2\/product_tag?post=172876"}],"curies":[{"name":"wp","href":"https:\/\/api.w.org\/{rel}","templated":true}]}}