{"id":172850,"date":"2026-03-02T16:24:47","date_gmt":"2026-03-02T09:24:47","guid":{"rendered":"http:\/\/tourcruiser.com\/product\/asics-gel-kayano-14-cream-raw-indigo"},"modified":"2026-03-28T01:40:55","modified_gmt":"2026-03-27T18:40:55","slug":"asics-gel-kayano-14-cream-raw-indigo","status":"publish","type":"product","link":"https:\/\/tourcruiser.com\/de\/products\/asics-gel-kayano-14-cream-raw-indigo\/","title":{"rendered":"ASICS Gel Kayano 14 &#8218;Cream Raw Indigo&#8216;"},"content":{"rendered":"<p>Erleben Sie erstklassigen Komfort und zeitlosen Stil mit dem ASICS Gel Kayano 14 \u201eCream Raw Indigo\u201c \u201d\u201c die perfekte Kombination aus Retro-\u00c4sthetik und moderner Performance-Technologie. Der Sneaker besticht durch ein atmungsaktives Mesh-Obermaterial und strapazierf\u00e4hige Leder-Overlays in einer eleganten Farbpalette aus Creme und Raw Indigo und vereint Funktionalit\u00e4t mit modischem Look. Dank des charakteristischen GEL-D\u00e4mpfungssystems von ASICS bietet er au\u00dfergew\u00f6hnliche Sto\u00dfd\u00e4mpfung und langanhaltenden Tragekomfort f\u00fcr den ganzen Tag. Die leichte Zwischensohle sorgt f\u00fcr optimale Energier\u00fcckgabe, w\u00e4hrend die abriebfeste Gummiau\u00dfensohle zuverl\u00e4ssigen Grip und Langlebigkeit auf verschiedenen Untergr\u00fcnden gew\u00e4hrleistet. Mit seinem sicheren Schn\u00fcrverschluss und der gepolsterten Zunge und dem gepolsterten Schaftrand bietet der Gel Kayano 14 eine unschlagbare Passform \u201d\u201c perfekt f\u00fcr Sportler und Lifestyle-Fans gleicherma\u00dfen. Setzen Sie in jedem Umfeld ein Statement mit diesem ikonischen Design, das traditionelle Inspiration nahtlos mit modernen Leistungsverbesserungen verbindet.<\/p>\n<ul>\n<li><strong>Farbgebung:<\/strong> Creme\/Rohindigo<\/li>\n<li><strong>Artikelnummer:<\/strong> 1203A537-116<\/li>\n<li><strong>Obermaterial:<\/strong> Mesh<\/li>\n<li><strong>Zwischensohle:<\/strong> Gel<\/li>\n<li><strong>Farbe:<\/strong> Beige<\/li>\n<\/ul>\n","protected":false},"excerpt":{"rendered":"<p>ASICS Gel Kayano 14 \u201d\u201d Cream\/Raw Indigo<\/p>\n","protected":false},"featured_media":172851,"comment_status":"open","ping_status":"closed","template":"","meta":[],"product_brand":[],"product_cat":[10792],"product_tag":[10791,10750,11449,10754,10765,10778,10768],"class_list":{"0":"post-172850","1":"product","2":"type-product","3":"status-publish","4":"has-post-thumbnail","6":"product_cat-asics","7":"product_tag-asics","8":"product_tag-athleisure-shoes","9":"product_tag-latest-release","10":"product_tag-lifestyle-casual-shoes","11":"product_tag-lifestyle-shoes-running-inspired","12":"product_tag-new-release","13":"product_tag-retro-running-shoes","14":"wcpa_has_options","16":"first","17":"outofstock","18":"taxable","19":"shipping-taxable","20":"purchasable","21":"product-type-simple"},"wcpa_form_fields":{"rules":{"pric_overide_base_price":false,"pric_overide_base_price_if_gt_zero":false,"pric_overide_base_price_fully":false,"pric_cal_option_once":false,"pric_use_as_fee":false,"bind_quantity":false,"quantity_bind_formula":false},"fields":[{"type":"color-group","required":true,"elementId":"wcpa-color-group-69a5ab08ee12d","label":"Gr\u00f6\u00dfe","inline":true,"priceOptions":"different_for_all","pricingType":"fixed","className":"hassizechart product-shoes-size-eu product-shoes-size","name":"color-group-69a5ab08ee136","disp_type":"square","selection_type":"tick-border","disp_size":"50","show_label_inside":true,"adjust_width":true,"cart_display_type":"text","other_text":"Other","cl_rule":"show","col":6,"values":[{"label":"36","value":"EU 36","price":"","pimage":"","pimage_id":"","pthumb":"","color":"","selected":true},{"label":"37","value":"EU 37","price":"","pimage":"","pimage_id":"","pthumb":"","color":""},{"label":"37.5","value":"EU 37.5","price":"","pimage":"","pimage_id":"","pthumb":"","color":""},{"label":"38","value":"EU 38","price":"","pimage":"","pimage_id":"","pthumb":"","color":""},{"label":"38.5","value":"EU 38.5","price":"","pimage":"","pimage_id":"","pthumb":"","color":""},{"label":"39","value":"EU 39","price":"","pimage":"","pimage_id":"","pthumb":"","color":""},{"label":"39.5","value":"EU 39.5","price":"","pimage":"","pimage_id":"","pthumb":"","color":""},{"label":"40","value":"EU 40","price":"","pimage":"","pimage_id":"","pthumb":"","color":""},{"label":"40.5","value":"EU 40.5","price":"","pimage":"","pimage_id":"","pthumb":"","color":""},{"label":" 41.5","value":"EU 41.5","price":"","pimage":"","pimage_id":"","pthumb":"","color":""},{"label":"42","value":"EU 42","price":"","pimage":"","pimage_id":"","pthumb":"","color":""},{"label":"42.5","value":"EU 42.5","price":"","pimage":"","pimage_id":"","pthumb":"","color":""},{"label":"43.5","value":"EU 43.5","price":"","pimage":"","pimage_id":"","pthumb":"","color":""},{"label":"44","value":"EU 44","price":"","pimage":"","pimage_id":"","pthumb":"","color":""},{"label":"44.5","value":"EU 44.5","price":"","pimage":"","pimage_id":"","pthumb":"","color":""},{"label":"45","value":"EU 45","price":"","pimage":"","pimage_id":"","pthumb":"","color":""}],"relations":[{"operator":false,"rules":[]}],"form_id":184311,"form_rules":{"pric_cal_option_once":false,"exclude_from_discount":false,"pric_use_as_fee":false,"fee_label":"Fee","render_after_acb":false,"disp_hide_options_price":false}}]},"yoast_head":"<!-- This site is optimized with the Yoast SEO plugin v26.5 - https:\/\/yoast.com\/wordpress\/plugins\/seo\/ -->\n<title>ASICS Gel Kayano 14 &#039;Cream Raw Indigo&#039;  - Tourcruiser PTE. LTD<\/title>\n<meta name=\"robots\" content=\"index, follow, max-snippet:-1, max-image-preview:large, max-video-preview:-1\" \/>\n<link rel=\"canonical\" href=\"https:\/\/tourcruiser.com\/de\/products\/asics-gel-kayano-14-cream-raw-indigo\/\" \/>\n<meta property=\"og:locale\" content=\"de_DE\" \/>\n<meta property=\"og:type\" content=\"article\" \/>\n<meta property=\"og:title\" content=\"ASICS Gel Kayano 14 &#039;Cream Raw Indigo&#039;  - Tourcruiser PTE. LTD\" \/>\n<meta property=\"og:description\" content=\"ASICS Gel Kayano 14 \u201d\u201d Cream\/Raw Indigo\" \/>\n<meta property=\"og:url\" content=\"https:\/\/tourcruiser.com\/de\/products\/asics-gel-kayano-14-cream-raw-indigo\/\" \/>\n<meta property=\"og:site_name\" content=\"Tourcruiser Sneaker Store\" \/>\n<meta property=\"article:modified_time\" content=\"2026-03-27T18:40:55+00:00\" \/>\n<meta name=\"twitter:card\" content=\"summary_large_image\" \/>\n<meta name=\"twitter:image\" content=\"https:\/\/images.novelship.com\/product\/asics_gel_kayano_14__cream_raw_indigo__1203a537-11_0_26326.jpeg;https:\/\/images.novelship.com\/product\/asics_gel_kayano_14__cream_raw_indigo__1203a537-11_1_26327.jpeg;https:\/\/images.novelship.com\/product\/asics_gel_kayano_14__cream_raw_indigo__1203a537-11_2_26327.jpeg;https:\/\/images.novelship.com\/product\/asics_gel_kayano_14__cream_raw_indigo__1203a537-11_3_26327.jpeg;https:\/\/images.novelship.com\/product\/asics_gel_kayano_14__cream_raw_indigo__1203a537-11_4_26327.jpeg\" \/>\n<meta name=\"twitter:label1\" content=\"Gesch\u00e4tzte Lesezeit\" \/>\n\t<meta name=\"twitter:data1\" content=\"1\u00a0Minute\" \/>\n<script type=\"application\/ld+json\" class=\"yoast-schema-graph\">{\"@context\":\"https:\/\/schema.org\",\"@graph\":[{\"@type\":\"WebPage\",\"@id\":\"https:\/\/tourcruiser.com\/de\/products\/asics-gel-kayano-14-cream-raw-indigo\/\",\"url\":\"https:\/\/tourcruiser.com\/de\/products\/asics-gel-kayano-14-cream-raw-indigo\/\",\"name\":\"ASICS Gel Kayano 14 'Cream Raw Indigo' - Tourcruiser PTE. LTD\",\"isPartOf\":{\"@id\":\"https:\/\/tourcruiser.com\/de\/#website\"},\"primaryImageOfPage\":{\"@id\":\"https:\/\/tourcruiser.com\/de\/products\/asics-gel-kayano-14-cream-raw-indigo\/#primaryimage\"},\"image\":{\"@id\":\"https:\/\/tourcruiser.com\/de\/products\/asics-gel-kayano-14-cream-raw-indigo\/#primaryimage\"},\"thumbnailUrl\":\"https:\/\/images.novelship.com\/product\/asics_gel_kayano_14__cream_raw_indigo__1203a537-11_0_26326.jpeg;https:\/\/images.novelship.com\/product\/asics_gel_kayano_14__cream_raw_indigo__1203a537-11_1_26327.jpeg;https:\/\/images.novelship.com\/product\/asics_gel_kayano_14__cream_raw_indigo__1203a537-11_2_26327.jpeg;https:\/\/images.novelship.com\/product\/asics_gel_kayano_14__cream_raw_indigo__1203a537-11_3_26327.jpeg;https:\/\/images.novelship.com\/product\/asics_gel_kayano_14__cream_raw_indigo__1203a537-11_4_26327.jpeg\",\"datePublished\":\"2026-03-02T09:24:47+00:00\",\"dateModified\":\"2026-03-27T18:40:55+00:00\",\"breadcrumb\":{\"@id\":\"https:\/\/tourcruiser.com\/de\/products\/asics-gel-kayano-14-cream-raw-indigo\/#breadcrumb\"},\"inLanguage\":\"de\",\"potentialAction\":[{\"@type\":\"ReadAction\",\"target\":[\"https:\/\/tourcruiser.com\/de\/products\/asics-gel-kayano-14-cream-raw-indigo\/\"]}]},{\"@type\":\"ImageObject\",\"inLanguage\":\"de\",\"@id\":\"https:\/\/tourcruiser.com\/de\/products\/asics-gel-kayano-14-cream-raw-indigo\/#primaryimage\",\"url\":\"https:\/\/images.novelship.com\/product\/asics_gel_kayano_14__cream_raw_indigo__1203a537-11_0_26326.jpeg;https:\/\/images.novelship.com\/product\/asics_gel_kayano_14__cream_raw_indigo__1203a537-11_1_26327.jpeg;https:\/\/images.novelship.com\/product\/asics_gel_kayano_14__cream_raw_indigo__1203a537-11_2_26327.jpeg;https:\/\/images.novelship.com\/product\/asics_gel_kayano_14__cream_raw_indigo__1203a537-11_3_26327.jpeg;https:\/\/images.novelship.com\/product\/asics_gel_kayano_14__cream_raw_indigo__1203a537-11_4_26327.jpeg\",\"contentUrl\":\"https:\/\/images.novelship.com\/product\/asics_gel_kayano_14__cream_raw_indigo__1203a537-11_0_26326.jpeg;https:\/\/images.novelship.com\/product\/asics_gel_kayano_14__cream_raw_indigo__1203a537-11_1_26327.jpeg;https:\/\/images.novelship.com\/product\/asics_gel_kayano_14__cream_raw_indigo__1203a537-11_2_26327.jpeg;https:\/\/images.novelship.com\/product\/asics_gel_kayano_14__cream_raw_indigo__1203a537-11_3_26327.jpeg;https:\/\/images.novelship.com\/product\/asics_gel_kayano_14__cream_raw_indigo__1203a537-11_4_26327.jpeg\"},{\"@type\":\"BreadcrumbList\",\"@id\":\"https:\/\/tourcruiser.com\/de\/products\/asics-gel-kayano-14-cream-raw-indigo\/#breadcrumb\",\"itemListElement\":[{\"@type\":\"ListItem\",\"position\":1,\"name\":\"Home\",\"item\":\"https:\/\/tourcruiser.com\/de\/\"},{\"@type\":\"ListItem\",\"position\":2,\"name\":\"Shop\",\"item\":\"https:\/\/tourcruiser.com\/de\/shop\/\"},{\"@type\":\"ListItem\",\"position\":3,\"name\":\"ASICS Gel Kayano 14 'Cream Raw Indigo'\"}]},{\"@type\":\"WebSite\",\"@id\":\"https:\/\/tourcruiser.com\/de\/#website\",\"url\":\"https:\/\/tourcruiser.com\/de\/\",\"name\":\"Styloral Jewelry Shop\",\"description\":\"Tourcruiser Sneaker Store \u2014 der Ort, an dem das Universum deine Einzigartigkeit trifft.\",\"publisher\":{\"@id\":\"https:\/\/tourcruiser.com\/de\/#organization\"},\"potentialAction\":[{\"@type\":\"SearchAction\",\"target\":{\"@type\":\"EntryPoint\",\"urlTemplate\":\"https:\/\/tourcruiser.com\/de\/?s={search_term_string}\"},\"query-input\":{\"@type\":\"PropertyValueSpecification\",\"valueRequired\":true,\"valueName\":\"search_term_string\"}}],\"inLanguage\":\"de\"},{\"@type\":\"Organization\",\"@id\":\"https:\/\/tourcruiser.com\/de\/#organization\",\"name\":\"STYLORAL PTE. LTD\",\"url\":\"https:\/\/tourcruiser.com\/de\/\",\"logo\":{\"@type\":\"ImageObject\",\"inLanguage\":\"de\",\"@id\":\"https:\/\/tourcruiser.com\/de\/#\/schema\/logo\/image\/\",\"url\":\"https:\/\/www.tourcruiser.com\/wp-content\/uploads\/2025\/12\/logo.png\",\"contentUrl\":\"https:\/\/www.tourcruiser.com\/wp-content\/uploads\/2025\/12\/logo.png\",\"width\":200,\"height\":65,\"caption\":\"STYLORAL PTE. LTD\"},\"image\":{\"@id\":\"https:\/\/tourcruiser.com\/de\/#\/schema\/logo\/image\/\"}}]}<\/script>\n<!-- \/ Yoast SEO plugin. -->","yoast_head_json":{"title":"ASICS Gel Kayano 14 'Cream Raw Indigo'  - Tourcruiser PTE. LTD","robots":{"index":"index","follow":"follow","max-snippet":"max-snippet:-1","max-image-preview":"max-image-preview:large","max-video-preview":"max-video-preview:-1"},"canonical":"https:\/\/tourcruiser.com\/de\/products\/asics-gel-kayano-14-cream-raw-indigo\/","og_locale":"de_DE","og_type":"article","og_title":"ASICS Gel Kayano 14 'Cream Raw Indigo'  - Tourcruiser PTE. LTD","og_description":"ASICS Gel Kayano 14 \u201d\u201d Cream\/Raw Indigo","og_url":"https:\/\/tourcruiser.com\/de\/products\/asics-gel-kayano-14-cream-raw-indigo\/","og_site_name":"Tourcruiser Sneaker Store","article_modified_time":"2026-03-27T18:40:55+00:00","twitter_card":"summary_large_image","twitter_image":"https:\/\/images.novelship.com\/product\/asics_gel_kayano_14__cream_raw_indigo__1203a537-11_0_26326.jpeg;https:\/\/images.novelship.com\/product\/asics_gel_kayano_14__cream_raw_indigo__1203a537-11_1_26327.jpeg;https:\/\/images.novelship.com\/product\/asics_gel_kayano_14__cream_raw_indigo__1203a537-11_2_26327.jpeg;https:\/\/images.novelship.com\/product\/asics_gel_kayano_14__cream_raw_indigo__1203a537-11_3_26327.jpeg;https:\/\/images.novelship.com\/product\/asics_gel_kayano_14__cream_raw_indigo__1203a537-11_4_26327.jpeg","twitter_misc":{"Gesch\u00e4tzte Lesezeit":"1\u00a0Minute"},"schema":{"@context":"https:\/\/schema.org","@graph":[{"@type":"WebPage","@id":"https:\/\/tourcruiser.com\/de\/products\/asics-gel-kayano-14-cream-raw-indigo\/","url":"https:\/\/tourcruiser.com\/de\/products\/asics-gel-kayano-14-cream-raw-indigo\/","name":"ASICS Gel Kayano 14 'Cream Raw Indigo' - Tourcruiser PTE. LTD","isPartOf":{"@id":"https:\/\/tourcruiser.com\/de\/#website"},"primaryImageOfPage":{"@id":"https:\/\/tourcruiser.com\/de\/products\/asics-gel-kayano-14-cream-raw-indigo\/#primaryimage"},"image":{"@id":"https:\/\/tourcruiser.com\/de\/products\/asics-gel-kayano-14-cream-raw-indigo\/#primaryimage"},"thumbnailUrl":"https:\/\/images.novelship.com\/product\/asics_gel_kayano_14__cream_raw_indigo__1203a537-11_0_26326.jpeg;https:\/\/images.novelship.com\/product\/asics_gel_kayano_14__cream_raw_indigo__1203a537-11_1_26327.jpeg;https:\/\/images.novelship.com\/product\/asics_gel_kayano_14__cream_raw_indigo__1203a537-11_2_26327.jpeg;https:\/\/images.novelship.com\/product\/asics_gel_kayano_14__cream_raw_indigo__1203a537-11_3_26327.jpeg;https:\/\/images.novelship.com\/product\/asics_gel_kayano_14__cream_raw_indigo__1203a537-11_4_26327.jpeg","datePublished":"2026-03-02T09:24:47+00:00","dateModified":"2026-03-27T18:40:55+00:00","breadcrumb":{"@id":"https:\/\/tourcruiser.com\/de\/products\/asics-gel-kayano-14-cream-raw-indigo\/#breadcrumb"},"inLanguage":"de","potentialAction":[{"@type":"ReadAction","target":["https:\/\/tourcruiser.com\/de\/products\/asics-gel-kayano-14-cream-raw-indigo\/"]}]},{"@type":"ImageObject","inLanguage":"de","@id":"https:\/\/tourcruiser.com\/de\/products\/asics-gel-kayano-14-cream-raw-indigo\/#primaryimage","url":"https:\/\/images.novelship.com\/product\/asics_gel_kayano_14__cream_raw_indigo__1203a537-11_0_26326.jpeg;https:\/\/images.novelship.com\/product\/asics_gel_kayano_14__cream_raw_indigo__1203a537-11_1_26327.jpeg;https:\/\/images.novelship.com\/product\/asics_gel_kayano_14__cream_raw_indigo__1203a537-11_2_26327.jpeg;https:\/\/images.novelship.com\/product\/asics_gel_kayano_14__cream_raw_indigo__1203a537-11_3_26327.jpeg;https:\/\/images.novelship.com\/product\/asics_gel_kayano_14__cream_raw_indigo__1203a537-11_4_26327.jpeg","contentUrl":"https:\/\/images.novelship.com\/product\/asics_gel_kayano_14__cream_raw_indigo__1203a537-11_0_26326.jpeg;https:\/\/images.novelship.com\/product\/asics_gel_kayano_14__cream_raw_indigo__1203a537-11_1_26327.jpeg;https:\/\/images.novelship.com\/product\/asics_gel_kayano_14__cream_raw_indigo__1203a537-11_2_26327.jpeg;https:\/\/images.novelship.com\/product\/asics_gel_kayano_14__cream_raw_indigo__1203a537-11_3_26327.jpeg;https:\/\/images.novelship.com\/product\/asics_gel_kayano_14__cream_raw_indigo__1203a537-11_4_26327.jpeg"},{"@type":"BreadcrumbList","@id":"https:\/\/tourcruiser.com\/de\/products\/asics-gel-kayano-14-cream-raw-indigo\/#breadcrumb","itemListElement":[{"@type":"ListItem","position":1,"name":"Home","item":"https:\/\/tourcruiser.com\/de\/"},{"@type":"ListItem","position":2,"name":"Shop","item":"https:\/\/tourcruiser.com\/de\/shop\/"},{"@type":"ListItem","position":3,"name":"ASICS Gel Kayano 14 'Cream Raw Indigo'"}]},{"@type":"WebSite","@id":"https:\/\/tourcruiser.com\/de\/#website","url":"https:\/\/tourcruiser.com\/de\/","name":"Styloral Jewelry Shop","description":"Tourcruiser Sneaker Store \u2014 der Ort, an dem das Universum deine Einzigartigkeit trifft.","publisher":{"@id":"https:\/\/tourcruiser.com\/de\/#organization"},"potentialAction":[{"@type":"SearchAction","target":{"@type":"EntryPoint","urlTemplate":"https:\/\/tourcruiser.com\/de\/?s={search_term_string}"},"query-input":{"@type":"PropertyValueSpecification","valueRequired":true,"valueName":"search_term_string"}}],"inLanguage":"de"},{"@type":"Organization","@id":"https:\/\/tourcruiser.com\/de\/#organization","name":"STYLORAL PTE. LTD","url":"https:\/\/tourcruiser.com\/de\/","logo":{"@type":"ImageObject","inLanguage":"de","@id":"https:\/\/tourcruiser.com\/de\/#\/schema\/logo\/image\/","url":"https:\/\/www.tourcruiser.com\/wp-content\/uploads\/2025\/12\/logo.png","contentUrl":"https:\/\/www.tourcruiser.com\/wp-content\/uploads\/2025\/12\/logo.png","width":200,"height":65,"caption":"STYLORAL PTE. LTD"},"image":{"@id":"https:\/\/tourcruiser.com\/de\/#\/schema\/logo\/image\/"}}]}},"_links":{"self":[{"href":"https:\/\/tourcruiser.com\/de\/wp-json\/wp\/v2\/product\/172850","targetHints":{"allow":["GET"]}}],"collection":[{"href":"https:\/\/tourcruiser.com\/de\/wp-json\/wp\/v2\/product"}],"about":[{"href":"https:\/\/tourcruiser.com\/de\/wp-json\/wp\/v2\/types\/product"}],"replies":[{"embeddable":true,"href":"https:\/\/tourcruiser.com\/de\/wp-json\/wp\/v2\/comments?post=172850"}],"wp:featuredmedia":[{"embeddable":true,"href":"https:\/\/tourcruiser.com\/de\/wp-json\/wp\/v2\/media\/172851"}],"wp:attachment":[{"href":"https:\/\/tourcruiser.com\/de\/wp-json\/wp\/v2\/media?parent=172850"}],"wp:term":[{"taxonomy":"product_brand","embeddable":true,"href":"https:\/\/tourcruiser.com\/de\/wp-json\/wp\/v2\/product_brand?post=172850"},{"taxonomy":"product_cat","embeddable":true,"href":"https:\/\/tourcruiser.com\/de\/wp-json\/wp\/v2\/product_cat?post=172850"},{"taxonomy":"product_tag","embeddable":true,"href":"https:\/\/tourcruiser.com\/de\/wp-json\/wp\/v2\/product_tag?post=172850"}],"curies":[{"name":"wp","href":"https:\/\/api.w.org\/{rel}","templated":true}]}}