{"id":172335,"date":"2026-03-02T16:23:54","date_gmt":"2026-03-02T09:23:54","guid":{"rendered":"http:\/\/tourcruiser.com\/product\/nike-air-max-impact-4-white-navy-light-violet-ore"},"modified":"2026-03-28T01:40:26","modified_gmt":"2026-03-27T18:40:26","slug":"nike-air-max-impact-4-white-navy-light-violet-ore","status":"publish","type":"product","link":"https:\/\/tourcruiser.com\/de\/products\/nike-air-max-impact-4-white-navy-light-violet-ore\/","title":{"rendered":"Nike Air Max Impact 4 &#8218;White Navy Light Violet Ore&#8216;"},"content":{"rendered":"<p>Verbessere deinen sportlichen Style und deine Performance mit dem Nike Air Max Impact 4 \u201eWhite Navy Light Violet Ore\u201c. Dieser Sneaker bietet ein atmungsaktives Mesh-Obermaterial f\u00fcr optimale Luftzirkulation, w\u00e4hrend die Max Air-D\u00e4mpfung f\u00fcr ein reaktionsfreudiges und komfortables Laufgef\u00fchl sorgt. Die strapazierf\u00e4hige Gummisohle bietet hervorragende Traktion und das elegante Design verleiht deiner Sportgarderobe einen Hauch von Raffinesse. Erlebe die perfekte Balance aus Komfort, Style und Performance mit dem Nike Air Max Impact 4. Hol dir noch heute dein neues Lieblingsschuh-Upgrade und meistere jeden Schritt mit Stil.<\/p>\n<ul>\n<li><strong>Style Code:<\/strong> DM1124-102<\/li>\n<li><strong>Obermaterial:<\/strong> Mesh<\/li>\n<li><strong>Mittelsohle:<\/strong> Air<\/li>\n<li><strong>Farbe:<\/strong> Wei\u00df<\/li>\n<li><strong>Erscheinungsjahr:<\/strong> 2024<\/li>\n<\/ul>\n","protected":false},"excerpt":{"rendered":"<p>Nike Air Max Impact 4 &#8218;White Navy Light Violet Ore&#8216;<\/p>\n","protected":false},"featured_media":172336,"comment_status":"open","ping_status":"closed","template":"","meta":[],"product_brand":[],"product_cat":[10803],"product_tag":[10750,10800,10753,10801,10802,10768,10758],"class_list":{"0":"post-172335","1":"product","2":"type-product","3":"status-publish","4":"has-post-thumbnail","6":"product_cat-nike","7":"product_tag-athleisure-shoes","8":"product_tag-basketball-shoes","9":"product_tag-gift-for-him","10":"product_tag-nike","11":"product_tag-performance-sport-shoes","12":"product_tag-retro-running-shoes","13":"product_tag-under-retail","14":"wcpa_has_options","16":"first","17":"outofstock","18":"taxable","19":"shipping-taxable","20":"purchasable","21":"product-type-simple"},"wcpa_form_fields":{"rules":{"pric_overide_base_price":false,"pric_overide_base_price_if_gt_zero":false,"pric_overide_base_price_fully":false,"pric_cal_option_once":false,"pric_use_as_fee":false,"bind_quantity":false,"quantity_bind_formula":false},"fields":[{"type":"color-group","required":true,"elementId":"wcpa-color-group-66c4a75505e74","label":"Gr\u00f6\u00dfe - EU Gr\u00f6\u00dfe","inline":true,"priceOptions":"different_for_all","pricingType":"fixed","className":"hassizechart product-shoes-size-eu product-shoes-size","name":"color-group-66c4a75505e89","disp_type":"square","selection_type":"tick-border","disp_size":"44","show_label_inside":true,"adjust_width":true,"cart_display_type":"text","other_text":"Other","cl_rule":"show","col":6,"values":[{"label":"35.5","value":"EU 35.5","price":"","pimage":"","pimage_id":"","pthumb":"","color":""},{"label":"36","value":"EU 36","price":"","pimage":"","pimage_id":"","pthumb":"","color":"","selected":true},{"label":"36.5","value":"EU 36.5","price":"","pimage":"","pimage_id":"","pthumb":"","color":""},{"label":"37.5","value":"EU 37.5","price":"","pimage":"","pimage_id":"","pthumb":"","color":""},{"label":"38","value":"EU 38","price":"","pimage":"","pimage_id":"","pthumb":"","color":""},{"label":"38.5","value":"EU 38.5","price":"","pimage":"","pimage_id":"","pthumb":"","color":""},{"label":"39","value":"EU 39","price":"","pimage":"","pimage_id":"","pthumb":"","color":""},{"label":"40","value":"EU 40","price":"","pimage":"","pimage_id":"","pthumb":"","color":""},{"label":"40.5","value":"EU 40.5","price":"","pimage":"","pimage_id":"","pthumb":"","color":""},{"label":"41","value":"EU 41","price":"","pimage":"","pimage_id":"","pthumb":"","color":""},{"label":"42","value":"EU 42","price":"","pimage":"","pimage_id":"","pthumb":"","color":""},{"label":"42.5","value":"EU 42.5","price":"","pimage":"","pimage_id":"","pthumb":"","color":""},{"label":"43","value":"EU 43","price":"","pimage":"","pimage_id":"","pthumb":"","color":""},{"label":"44","value":"EU 44","price":"","pimage":"","pimage_id":"","pthumb":"","color":""},{"label":"44.5","value":"EU 44.5","price":"","pimage":"","pimage_id":"","pthumb":"","color":""},{"label":"45","value":"EU 45","price":"","pimage":"","pimage_id":"","pthumb":"","color":""},{"label":"45.5","value":"EU 45.5","price":"","pimage":"","pimage_id":"","pthumb":"","color":""},{"label":"46","value":"EU 46","price":"","pimage":"","pimage_id":"","pthumb":"","color":""},{"label":"47","value":"EU 47","price":"","pimage":"","pimage_id":"","pthumb":"","color":""},{"label":"47.5","value":"EU 47.5","price":"","pimage":"","pimage_id":"","pthumb":"","color":""},{"label":"48","value":"EU 48","price":"","pimage":"","pimage_id":"","pthumb":"","color":""}],"relations":[{"operator":false,"rules":[]}],"form_id":18106,"form_rules":{"pric_cal_option_once":false,"exclude_from_discount":false,"pric_use_as_fee":false,"fee_label":"Fee","render_after_acb":false,"disp_hide_options_price":false}}]},"yoast_head":"<!-- This site is optimized with the Yoast SEO plugin v26.5 - https:\/\/yoast.com\/wordpress\/plugins\/seo\/ -->\n<title>Nike Air Max Impact 4 &#039;White Navy Light Violet Ore&#039;  - Tourcruiser PTE. LTD<\/title>\n<meta name=\"robots\" content=\"index, follow, max-snippet:-1, max-image-preview:large, max-video-preview:-1\" \/>\n<link rel=\"canonical\" href=\"https:\/\/tourcruiser.com\/de\/products\/nike-air-max-impact-4-white-navy-light-violet-ore\/\" \/>\n<meta property=\"og:locale\" content=\"de_DE\" \/>\n<meta property=\"og:type\" content=\"article\" \/>\n<meta property=\"og:title\" content=\"Nike Air Max Impact 4 &#039;White Navy Light Violet Ore&#039;  - Tourcruiser PTE. LTD\" \/>\n<meta property=\"og:description\" content=\"Nike Air Max Impact 4 &#039;White Navy Light Violet Ore&#039;\" \/>\n<meta property=\"og:url\" content=\"https:\/\/tourcruiser.com\/de\/products\/nike-air-max-impact-4-white-navy-light-violet-ore\/\" \/>\n<meta property=\"og:site_name\" content=\"Tourcruiser Sneaker Store\" \/>\n<meta property=\"article:modified_time\" content=\"2026-03-27T18:40:26+00:00\" \/>\n<meta name=\"twitter:card\" content=\"summary_large_image\" \/>\n<meta name=\"twitter:image\" content=\"https:\/\/images.novelship.com\/product\/nike_air_max_impact_4__white_navy_light_violet_ore_0_68824.jpeg;https:\/\/images.novelship.com\/product\/nike_air_max_impact_4__white_navy_light_violet_ore_1_68824.jpeg;https:\/\/images.novelship.com\/product\/nike_air_max_impact_4__white_navy_light_violet_ore_2_68824.jpeg;https:\/\/images.novelship.com\/product\/nike_air_max_impact_4__white_navy_light_violet_ore_3_68824.jpeg;https:\/\/images.novelship.com\/product\/nike_air_max_impact_4__white_navy_light_violet_ore_4_68824.jpeg\" \/>\n<meta name=\"twitter:label1\" content=\"Gesch\u00e4tzte Lesezeit\" \/>\n\t<meta name=\"twitter:data1\" content=\"1\u00a0Minute\" \/>\n<script type=\"application\/ld+json\" class=\"yoast-schema-graph\">{\"@context\":\"https:\/\/schema.org\",\"@graph\":[{\"@type\":\"WebPage\",\"@id\":\"https:\/\/tourcruiser.com\/de\/products\/nike-air-max-impact-4-white-navy-light-violet-ore\/\",\"url\":\"https:\/\/tourcruiser.com\/de\/products\/nike-air-max-impact-4-white-navy-light-violet-ore\/\",\"name\":\"Nike Air Max Impact 4 'White Navy Light Violet Ore' - Tourcruiser PTE. LTD\",\"isPartOf\":{\"@id\":\"https:\/\/tourcruiser.com\/de\/#website\"},\"primaryImageOfPage\":{\"@id\":\"https:\/\/tourcruiser.com\/de\/products\/nike-air-max-impact-4-white-navy-light-violet-ore\/#primaryimage\"},\"image\":{\"@id\":\"https:\/\/tourcruiser.com\/de\/products\/nike-air-max-impact-4-white-navy-light-violet-ore\/#primaryimage\"},\"thumbnailUrl\":\"https:\/\/images.novelship.com\/product\/nike_air_max_impact_4__white_navy_light_violet_ore_0_68824.jpeg;https:\/\/images.novelship.com\/product\/nike_air_max_impact_4__white_navy_light_violet_ore_1_68824.jpeg;https:\/\/images.novelship.com\/product\/nike_air_max_impact_4__white_navy_light_violet_ore_2_68824.jpeg;https:\/\/images.novelship.com\/product\/nike_air_max_impact_4__white_navy_light_violet_ore_3_68824.jpeg;https:\/\/images.novelship.com\/product\/nike_air_max_impact_4__white_navy_light_violet_ore_4_68824.jpeg\",\"datePublished\":\"2026-03-02T09:23:54+00:00\",\"dateModified\":\"2026-03-27T18:40:26+00:00\",\"breadcrumb\":{\"@id\":\"https:\/\/tourcruiser.com\/de\/products\/nike-air-max-impact-4-white-navy-light-violet-ore\/#breadcrumb\"},\"inLanguage\":\"de\",\"potentialAction\":[{\"@type\":\"ReadAction\",\"target\":[\"https:\/\/tourcruiser.com\/de\/products\/nike-air-max-impact-4-white-navy-light-violet-ore\/\"]}]},{\"@type\":\"ImageObject\",\"inLanguage\":\"de\",\"@id\":\"https:\/\/tourcruiser.com\/de\/products\/nike-air-max-impact-4-white-navy-light-violet-ore\/#primaryimage\",\"url\":\"https:\/\/images.novelship.com\/product\/nike_air_max_impact_4__white_navy_light_violet_ore_0_68824.jpeg;https:\/\/images.novelship.com\/product\/nike_air_max_impact_4__white_navy_light_violet_ore_1_68824.jpeg;https:\/\/images.novelship.com\/product\/nike_air_max_impact_4__white_navy_light_violet_ore_2_68824.jpeg;https:\/\/images.novelship.com\/product\/nike_air_max_impact_4__white_navy_light_violet_ore_3_68824.jpeg;https:\/\/images.novelship.com\/product\/nike_air_max_impact_4__white_navy_light_violet_ore_4_68824.jpeg\",\"contentUrl\":\"https:\/\/images.novelship.com\/product\/nike_air_max_impact_4__white_navy_light_violet_ore_0_68824.jpeg;https:\/\/images.novelship.com\/product\/nike_air_max_impact_4__white_navy_light_violet_ore_1_68824.jpeg;https:\/\/images.novelship.com\/product\/nike_air_max_impact_4__white_navy_light_violet_ore_2_68824.jpeg;https:\/\/images.novelship.com\/product\/nike_air_max_impact_4__white_navy_light_violet_ore_3_68824.jpeg;https:\/\/images.novelship.com\/product\/nike_air_max_impact_4__white_navy_light_violet_ore_4_68824.jpeg\"},{\"@type\":\"BreadcrumbList\",\"@id\":\"https:\/\/tourcruiser.com\/de\/products\/nike-air-max-impact-4-white-navy-light-violet-ore\/#breadcrumb\",\"itemListElement\":[{\"@type\":\"ListItem\",\"position\":1,\"name\":\"Home\",\"item\":\"https:\/\/tourcruiser.com\/de\/\"},{\"@type\":\"ListItem\",\"position\":2,\"name\":\"Shop\",\"item\":\"https:\/\/tourcruiser.com\/de\/shop\/\"},{\"@type\":\"ListItem\",\"position\":3,\"name\":\"Nike Air Max Impact 4 'White Navy Light Violet Ore'\"}]},{\"@type\":\"WebSite\",\"@id\":\"https:\/\/tourcruiser.com\/de\/#website\",\"url\":\"https:\/\/tourcruiser.com\/de\/\",\"name\":\"Styloral Jewelry Shop\",\"description\":\"Tourcruiser Sneaker Store \u2014 der Ort, an dem das Universum deine Einzigartigkeit trifft.\",\"publisher\":{\"@id\":\"https:\/\/tourcruiser.com\/de\/#organization\"},\"potentialAction\":[{\"@type\":\"SearchAction\",\"target\":{\"@type\":\"EntryPoint\",\"urlTemplate\":\"https:\/\/tourcruiser.com\/de\/?s={search_term_string}\"},\"query-input\":{\"@type\":\"PropertyValueSpecification\",\"valueRequired\":true,\"valueName\":\"search_term_string\"}}],\"inLanguage\":\"de\"},{\"@type\":\"Organization\",\"@id\":\"https:\/\/tourcruiser.com\/de\/#organization\",\"name\":\"STYLORAL PTE. LTD\",\"url\":\"https:\/\/tourcruiser.com\/de\/\",\"logo\":{\"@type\":\"ImageObject\",\"inLanguage\":\"de\",\"@id\":\"https:\/\/tourcruiser.com\/de\/#\/schema\/logo\/image\/\",\"url\":\"https:\/\/www.tourcruiser.com\/wp-content\/uploads\/2025\/12\/logo.png\",\"contentUrl\":\"https:\/\/www.tourcruiser.com\/wp-content\/uploads\/2025\/12\/logo.png\",\"width\":200,\"height\":65,\"caption\":\"STYLORAL PTE. LTD\"},\"image\":{\"@id\":\"https:\/\/tourcruiser.com\/de\/#\/schema\/logo\/image\/\"}}]}<\/script>\n<!-- \/ Yoast SEO plugin. -->","yoast_head_json":{"title":"Nike Air Max Impact 4 'White Navy Light Violet Ore'  - Tourcruiser PTE. LTD","robots":{"index":"index","follow":"follow","max-snippet":"max-snippet:-1","max-image-preview":"max-image-preview:large","max-video-preview":"max-video-preview:-1"},"canonical":"https:\/\/tourcruiser.com\/de\/products\/nike-air-max-impact-4-white-navy-light-violet-ore\/","og_locale":"de_DE","og_type":"article","og_title":"Nike Air Max Impact 4 'White Navy Light Violet Ore'  - Tourcruiser PTE. LTD","og_description":"Nike Air Max Impact 4 'White Navy Light Violet Ore'","og_url":"https:\/\/tourcruiser.com\/de\/products\/nike-air-max-impact-4-white-navy-light-violet-ore\/","og_site_name":"Tourcruiser Sneaker Store","article_modified_time":"2026-03-27T18:40:26+00:00","twitter_card":"summary_large_image","twitter_image":"https:\/\/images.novelship.com\/product\/nike_air_max_impact_4__white_navy_light_violet_ore_0_68824.jpeg;https:\/\/images.novelship.com\/product\/nike_air_max_impact_4__white_navy_light_violet_ore_1_68824.jpeg;https:\/\/images.novelship.com\/product\/nike_air_max_impact_4__white_navy_light_violet_ore_2_68824.jpeg;https:\/\/images.novelship.com\/product\/nike_air_max_impact_4__white_navy_light_violet_ore_3_68824.jpeg;https:\/\/images.novelship.com\/product\/nike_air_max_impact_4__white_navy_light_violet_ore_4_68824.jpeg","twitter_misc":{"Gesch\u00e4tzte Lesezeit":"1\u00a0Minute"},"schema":{"@context":"https:\/\/schema.org","@graph":[{"@type":"WebPage","@id":"https:\/\/tourcruiser.com\/de\/products\/nike-air-max-impact-4-white-navy-light-violet-ore\/","url":"https:\/\/tourcruiser.com\/de\/products\/nike-air-max-impact-4-white-navy-light-violet-ore\/","name":"Nike Air Max Impact 4 'White Navy Light Violet Ore' - Tourcruiser PTE. LTD","isPartOf":{"@id":"https:\/\/tourcruiser.com\/de\/#website"},"primaryImageOfPage":{"@id":"https:\/\/tourcruiser.com\/de\/products\/nike-air-max-impact-4-white-navy-light-violet-ore\/#primaryimage"},"image":{"@id":"https:\/\/tourcruiser.com\/de\/products\/nike-air-max-impact-4-white-navy-light-violet-ore\/#primaryimage"},"thumbnailUrl":"https:\/\/images.novelship.com\/product\/nike_air_max_impact_4__white_navy_light_violet_ore_0_68824.jpeg;https:\/\/images.novelship.com\/product\/nike_air_max_impact_4__white_navy_light_violet_ore_1_68824.jpeg;https:\/\/images.novelship.com\/product\/nike_air_max_impact_4__white_navy_light_violet_ore_2_68824.jpeg;https:\/\/images.novelship.com\/product\/nike_air_max_impact_4__white_navy_light_violet_ore_3_68824.jpeg;https:\/\/images.novelship.com\/product\/nike_air_max_impact_4__white_navy_light_violet_ore_4_68824.jpeg","datePublished":"2026-03-02T09:23:54+00:00","dateModified":"2026-03-27T18:40:26+00:00","breadcrumb":{"@id":"https:\/\/tourcruiser.com\/de\/products\/nike-air-max-impact-4-white-navy-light-violet-ore\/#breadcrumb"},"inLanguage":"de","potentialAction":[{"@type":"ReadAction","target":["https:\/\/tourcruiser.com\/de\/products\/nike-air-max-impact-4-white-navy-light-violet-ore\/"]}]},{"@type":"ImageObject","inLanguage":"de","@id":"https:\/\/tourcruiser.com\/de\/products\/nike-air-max-impact-4-white-navy-light-violet-ore\/#primaryimage","url":"https:\/\/images.novelship.com\/product\/nike_air_max_impact_4__white_navy_light_violet_ore_0_68824.jpeg;https:\/\/images.novelship.com\/product\/nike_air_max_impact_4__white_navy_light_violet_ore_1_68824.jpeg;https:\/\/images.novelship.com\/product\/nike_air_max_impact_4__white_navy_light_violet_ore_2_68824.jpeg;https:\/\/images.novelship.com\/product\/nike_air_max_impact_4__white_navy_light_violet_ore_3_68824.jpeg;https:\/\/images.novelship.com\/product\/nike_air_max_impact_4__white_navy_light_violet_ore_4_68824.jpeg","contentUrl":"https:\/\/images.novelship.com\/product\/nike_air_max_impact_4__white_navy_light_violet_ore_0_68824.jpeg;https:\/\/images.novelship.com\/product\/nike_air_max_impact_4__white_navy_light_violet_ore_1_68824.jpeg;https:\/\/images.novelship.com\/product\/nike_air_max_impact_4__white_navy_light_violet_ore_2_68824.jpeg;https:\/\/images.novelship.com\/product\/nike_air_max_impact_4__white_navy_light_violet_ore_3_68824.jpeg;https:\/\/images.novelship.com\/product\/nike_air_max_impact_4__white_navy_light_violet_ore_4_68824.jpeg"},{"@type":"BreadcrumbList","@id":"https:\/\/tourcruiser.com\/de\/products\/nike-air-max-impact-4-white-navy-light-violet-ore\/#breadcrumb","itemListElement":[{"@type":"ListItem","position":1,"name":"Home","item":"https:\/\/tourcruiser.com\/de\/"},{"@type":"ListItem","position":2,"name":"Shop","item":"https:\/\/tourcruiser.com\/de\/shop\/"},{"@type":"ListItem","position":3,"name":"Nike Air Max Impact 4 'White Navy Light Violet Ore'"}]},{"@type":"WebSite","@id":"https:\/\/tourcruiser.com\/de\/#website","url":"https:\/\/tourcruiser.com\/de\/","name":"Styloral Jewelry Shop","description":"Tourcruiser Sneaker Store \u2014 der Ort, an dem das Universum deine Einzigartigkeit trifft.","publisher":{"@id":"https:\/\/tourcruiser.com\/de\/#organization"},"potentialAction":[{"@type":"SearchAction","target":{"@type":"EntryPoint","urlTemplate":"https:\/\/tourcruiser.com\/de\/?s={search_term_string}"},"query-input":{"@type":"PropertyValueSpecification","valueRequired":true,"valueName":"search_term_string"}}],"inLanguage":"de"},{"@type":"Organization","@id":"https:\/\/tourcruiser.com\/de\/#organization","name":"STYLORAL PTE. LTD","url":"https:\/\/tourcruiser.com\/de\/","logo":{"@type":"ImageObject","inLanguage":"de","@id":"https:\/\/tourcruiser.com\/de\/#\/schema\/logo\/image\/","url":"https:\/\/www.tourcruiser.com\/wp-content\/uploads\/2025\/12\/logo.png","contentUrl":"https:\/\/www.tourcruiser.com\/wp-content\/uploads\/2025\/12\/logo.png","width":200,"height":65,"caption":"STYLORAL PTE. LTD"},"image":{"@id":"https:\/\/tourcruiser.com\/de\/#\/schema\/logo\/image\/"}}]}},"_links":{"self":[{"href":"https:\/\/tourcruiser.com\/de\/wp-json\/wp\/v2\/product\/172335","targetHints":{"allow":["GET"]}}],"collection":[{"href":"https:\/\/tourcruiser.com\/de\/wp-json\/wp\/v2\/product"}],"about":[{"href":"https:\/\/tourcruiser.com\/de\/wp-json\/wp\/v2\/types\/product"}],"replies":[{"embeddable":true,"href":"https:\/\/tourcruiser.com\/de\/wp-json\/wp\/v2\/comments?post=172335"}],"wp:featuredmedia":[{"embeddable":true,"href":"https:\/\/tourcruiser.com\/de\/wp-json\/wp\/v2\/media\/172336"}],"wp:attachment":[{"href":"https:\/\/tourcruiser.com\/de\/wp-json\/wp\/v2\/media?parent=172335"}],"wp:term":[{"taxonomy":"product_brand","embeddable":true,"href":"https:\/\/tourcruiser.com\/de\/wp-json\/wp\/v2\/product_brand?post=172335"},{"taxonomy":"product_cat","embeddable":true,"href":"https:\/\/tourcruiser.com\/de\/wp-json\/wp\/v2\/product_cat?post=172335"},{"taxonomy":"product_tag","embeddable":true,"href":"https:\/\/tourcruiser.com\/de\/wp-json\/wp\/v2\/product_tag?post=172335"}],"curies":[{"name":"wp","href":"https:\/\/api.w.org\/{rel}","templated":true}]}}