{"id":17054,"date":"2026-02-20T15:08:51","date_gmt":"2026-02-20T08:08:51","guid":{"rendered":"http:\/\/tourcruiser.com\/product\/nike-vomero-18-gore-tex-women-s-waterproof-road-running-shoes-with-reflective-accents-hq7002-300"},"modified":"2026-03-02T15:32:19","modified_gmt":"2026-03-02T08:32:19","slug":"nike-vomero-18-gore-tex-women-s-waterproof-road-running-shoes-with-reflective-accents-hq7002-300","status":"publish","type":"product","link":"https:\/\/tourcruiser.com\/de\/products\/nike-vomero-18-gore-tex-women-s-waterproof-road-running-shoes-with-reflective-accents-hq7002-300\/","title":{"rendered":"Nike Wmns Vomero 18 GORE-TEX &#8218;Seaweed\/Light Liquid Lime\/Cyber\/Seaweed&#8216;"},"content":{"rendered":"<p>Verbessere dein Lauferlebnis mit den Nike Vomero 18 GORE-TEX Laufschuhen f\u00fcr Damen. Diese Schuhe bieten optimale Traktion bei jedem Wetter und kombinieren die lebendigen Farben Seaweed und Light Liquid Lime mit Cyber-Akzenten, ohne dabei auf Style zu verzichten. Die GORE-TEX-Technologie bietet unvergleichlichen N\u00e4sseschutz bei gleichzeitig hoher Atmungsaktivit\u00e4t. Perfekt f\u00fcr Weltenbummlerinnen: Die reaktionsfreudige D\u00e4mpfung und das elegante Design sorgen f\u00fcr Komfort und Halt auf jedem Terrain. R\u00fcste deine Sportschuhe auf und bezwinge jedes Terrain mit dem vielseitigen und schicken Nike Vomero 18.<\/p>\n<ul>\n<li><strong>Farbgebung:<\/strong> Seaweed\/Light Liquid Lime\/Cyber\/Seaweed<\/li>\n<li><strong>Artikelnummer:<\/strong> HQ7002-300<\/li>\n<li><strong>Obermaterial:<\/strong> Textil<\/li>\n<li><strong>Zwischensohle:<\/strong> Zoom X<\/li>\n<li><strong>Farbe:<\/strong> Gr\u00fcn<\/li>\n<\/ul>\n","protected":false},"excerpt":{"rendered":"<p>Nike Vomero 18 \u2014 Seaweed\/Light Liquid Lime\/Cyber\/Seaweed<\/p>\n","protected":false},"featured_media":17055,"comment_status":"open","ping_status":"closed","template":"","meta":[],"product_brand":[],"product_cat":[6654],"product_tag":[],"class_list":{"0":"post-17054","1":"product","2":"type-product","3":"status-publish","4":"has-post-thumbnail","6":"product_cat-nike-2026","7":"wcpa_has_options","9":"first","10":"instock","11":"taxable","12":"shipping-taxable","13":"purchasable","14":"product-type-simple"},"wcpa_form_fields":{"rules":{"pric_overide_base_price":false,"pric_overide_base_price_if_gt_zero":false,"pric_overide_base_price_fully":false,"pric_cal_option_once":false,"pric_use_as_fee":false,"bind_quantity":false,"quantity_bind_formula":false},"fields":[{"type":"color-group","required":true,"elementId":"wcpa-color-group-66c4a75505e74","label":"Gr\u00f6\u00dfe - EU Gr\u00f6\u00dfe","inline":true,"priceOptions":"different_for_all","pricingType":"fixed","className":"hassizechart product-shoes-size-eu product-shoes-size","name":"color-group-66c4a75505e89","disp_type":"square","selection_type":"tick-border","disp_size":"44","show_label_inside":true,"adjust_width":true,"cart_display_type":"text","other_text":"Other","cl_rule":"show","col":6,"values":[{"label":"35.5","value":"EU 35.5","price":"","pimage":"","pimage_id":"","pthumb":"","color":""},{"label":"36","value":"EU 36","price":"","pimage":"","pimage_id":"","pthumb":"","color":"","selected":true},{"label":"36.5","value":"EU 36.5","price":"","pimage":"","pimage_id":"","pthumb":"","color":""},{"label":"37.5","value":"EU 37.5","price":"","pimage":"","pimage_id":"","pthumb":"","color":""},{"label":"38","value":"EU 38","price":"","pimage":"","pimage_id":"","pthumb":"","color":""},{"label":"38.5","value":"EU 38.5","price":"","pimage":"","pimage_id":"","pthumb":"","color":""},{"label":"39","value":"EU 39","price":"","pimage":"","pimage_id":"","pthumb":"","color":""},{"label":"40","value":"EU 40","price":"","pimage":"","pimage_id":"","pthumb":"","color":""},{"label":"40.5","value":"EU 40.5","price":"","pimage":"","pimage_id":"","pthumb":"","color":""},{"label":"41","value":"EU 41","price":"","pimage":"","pimage_id":"","pthumb":"","color":""},{"label":"42","value":"EU 42","price":"","pimage":"","pimage_id":"","pthumb":"","color":""},{"label":"42.5","value":"EU 42.5","price":"","pimage":"","pimage_id":"","pthumb":"","color":""},{"label":"43","value":"EU 43","price":"","pimage":"","pimage_id":"","pthumb":"","color":""},{"label":"44","value":"EU 44","price":"","pimage":"","pimage_id":"","pthumb":"","color":""},{"label":"44.5","value":"EU 44.5","price":"","pimage":"","pimage_id":"","pthumb":"","color":""},{"label":"45","value":"EU 45","price":"","pimage":"","pimage_id":"","pthumb":"","color":""},{"label":"45.5","value":"EU 45.5","price":"","pimage":"","pimage_id":"","pthumb":"","color":""},{"label":"46","value":"EU 46","price":"","pimage":"","pimage_id":"","pthumb":"","color":""},{"label":"47","value":"EU 47","price":"","pimage":"","pimage_id":"","pthumb":"","color":""},{"label":"47.5","value":"EU 47.5","price":"","pimage":"","pimage_id":"","pthumb":"","color":""},{"label":"48","value":"EU 48","price":"","pimage":"","pimage_id":"","pthumb":"","color":""}],"relations":[{"operator":false,"rules":[]}],"form_id":18106,"form_rules":{"pric_cal_option_once":false,"exclude_from_discount":false,"pric_use_as_fee":false,"fee_label":"Fee","render_after_acb":false,"disp_hide_options_price":false}}]},"yoast_head":"<!-- This site is optimized with the Yoast SEO plugin v26.5 - https:\/\/yoast.com\/wordpress\/plugins\/seo\/ -->\n<title>Nike Wmns Vomero 18 GORE-TEX &#039;Seaweed\/Light Liquid Lime\/Cyber\/Seaweed&#039; - Tourcruiser PTE. LTD<\/title>\n<meta name=\"robots\" content=\"index, follow, max-snippet:-1, max-image-preview:large, max-video-preview:-1\" \/>\n<link rel=\"canonical\" href=\"https:\/\/tourcruiser.com\/de\/products\/nike-vomero-18-gore-tex-women-s-waterproof-road-running-shoes-with-reflective-accents-hq7002-300\/\" \/>\n<meta property=\"og:locale\" content=\"de_DE\" \/>\n<meta property=\"og:type\" content=\"article\" \/>\n<meta property=\"og:title\" content=\"Nike Wmns Vomero 18 GORE-TEX &#039;Seaweed\/Light Liquid Lime\/Cyber\/Seaweed&#039; - Tourcruiser PTE. LTD\" \/>\n<meta property=\"og:description\" content=\"Nike Vomero 18 \u2014 Seaweed\/Light Liquid Lime\/Cyber\/Seaweed\" \/>\n<meta property=\"og:url\" content=\"https:\/\/tourcruiser.com\/de\/products\/nike-vomero-18-gore-tex-women-s-waterproof-road-running-shoes-with-reflective-accents-hq7002-300\/\" \/>\n<meta property=\"og:site_name\" content=\"Tourcruiser Sneaker Store\" \/>\n<meta property=\"article:modified_time\" content=\"2026-03-02T08:32:19+00:00\" \/>\n<meta name=\"twitter:card\" content=\"summary_large_image\" \/>\n<meta name=\"twitter:image\" content=\"https:\/\/images.novelship.com\/product\/_women__nike_vomero_18_gore-tex_seaweed_light_liqu_0_70563.png\" \/>\n<meta name=\"twitter:label1\" content=\"Gesch\u00e4tzte Lesezeit\" \/>\n\t<meta name=\"twitter:data1\" content=\"1\u00a0Minute\" \/>\n<script type=\"application\/ld+json\" class=\"yoast-schema-graph\">{\"@context\":\"https:\/\/schema.org\",\"@graph\":[{\"@type\":\"WebPage\",\"@id\":\"https:\/\/tourcruiser.com\/de\/products\/nike-vomero-18-gore-tex-women-s-waterproof-road-running-shoes-with-reflective-accents-hq7002-300\/\",\"url\":\"https:\/\/tourcruiser.com\/de\/products\/nike-vomero-18-gore-tex-women-s-waterproof-road-running-shoes-with-reflective-accents-hq7002-300\/\",\"name\":\"Nike Wmns Vomero 18 GORE-TEX 'Seaweed\/Light Liquid Lime\/Cyber\/Seaweed' - Tourcruiser PTE. LTD\",\"isPartOf\":{\"@id\":\"https:\/\/tourcruiser.com\/de\/#website\"},\"primaryImageOfPage\":{\"@id\":\"https:\/\/tourcruiser.com\/de\/products\/nike-vomero-18-gore-tex-women-s-waterproof-road-running-shoes-with-reflective-accents-hq7002-300\/#primaryimage\"},\"image\":{\"@id\":\"https:\/\/tourcruiser.com\/de\/products\/nike-vomero-18-gore-tex-women-s-waterproof-road-running-shoes-with-reflective-accents-hq7002-300\/#primaryimage\"},\"thumbnailUrl\":\"https:\/\/images.novelship.com\/product\/_women__nike_vomero_18_gore-tex_seaweed_light_liqu_0_70563.png\",\"datePublished\":\"2026-02-20T08:08:51+00:00\",\"dateModified\":\"2026-03-02T08:32:19+00:00\",\"breadcrumb\":{\"@id\":\"https:\/\/tourcruiser.com\/de\/products\/nike-vomero-18-gore-tex-women-s-waterproof-road-running-shoes-with-reflective-accents-hq7002-300\/#breadcrumb\"},\"inLanguage\":\"de\",\"potentialAction\":[{\"@type\":\"ReadAction\",\"target\":[\"https:\/\/tourcruiser.com\/de\/products\/nike-vomero-18-gore-tex-women-s-waterproof-road-running-shoes-with-reflective-accents-hq7002-300\/\"]}]},{\"@type\":\"ImageObject\",\"inLanguage\":\"de\",\"@id\":\"https:\/\/tourcruiser.com\/de\/products\/nike-vomero-18-gore-tex-women-s-waterproof-road-running-shoes-with-reflective-accents-hq7002-300\/#primaryimage\",\"url\":\"https:\/\/images.novelship.com\/product\/_women__nike_vomero_18_gore-tex_seaweed_light_liqu_0_70563.png\",\"contentUrl\":\"https:\/\/images.novelship.com\/product\/_women__nike_vomero_18_gore-tex_seaweed_light_liqu_0_70563.png\"},{\"@type\":\"BreadcrumbList\",\"@id\":\"https:\/\/tourcruiser.com\/de\/products\/nike-vomero-18-gore-tex-women-s-waterproof-road-running-shoes-with-reflective-accents-hq7002-300\/#breadcrumb\",\"itemListElement\":[{\"@type\":\"ListItem\",\"position\":1,\"name\":\"Home\",\"item\":\"https:\/\/tourcruiser.com\/de\/\"},{\"@type\":\"ListItem\",\"position\":2,\"name\":\"Shop\",\"item\":\"https:\/\/tourcruiser.com\/de\/shop\/\"},{\"@type\":\"ListItem\",\"position\":3,\"name\":\"Nike Wmns Vomero 18 GORE-TEX 'Seaweed\/Light Liquid Lime\/Cyber\/Seaweed'\"}]},{\"@type\":\"WebSite\",\"@id\":\"https:\/\/tourcruiser.com\/de\/#website\",\"url\":\"https:\/\/tourcruiser.com\/de\/\",\"name\":\"Styloral Jewelry Shop\",\"description\":\"Tourcruiser Sneaker Store \u2014 der Ort, an dem das Universum deine Einzigartigkeit trifft.\",\"publisher\":{\"@id\":\"https:\/\/tourcruiser.com\/de\/#organization\"},\"potentialAction\":[{\"@type\":\"SearchAction\",\"target\":{\"@type\":\"EntryPoint\",\"urlTemplate\":\"https:\/\/tourcruiser.com\/de\/?s={search_term_string}\"},\"query-input\":{\"@type\":\"PropertyValueSpecification\",\"valueRequired\":true,\"valueName\":\"search_term_string\"}}],\"inLanguage\":\"de\"},{\"@type\":\"Organization\",\"@id\":\"https:\/\/tourcruiser.com\/de\/#organization\",\"name\":\"STYLORAL PTE. LTD\",\"url\":\"https:\/\/tourcruiser.com\/de\/\",\"logo\":{\"@type\":\"ImageObject\",\"inLanguage\":\"de\",\"@id\":\"https:\/\/tourcruiser.com\/de\/#\/schema\/logo\/image\/\",\"url\":\"https:\/\/www.tourcruiser.com\/wp-content\/uploads\/2025\/12\/logo.png\",\"contentUrl\":\"https:\/\/www.tourcruiser.com\/wp-content\/uploads\/2025\/12\/logo.png\",\"width\":200,\"height\":65,\"caption\":\"STYLORAL PTE. LTD\"},\"image\":{\"@id\":\"https:\/\/tourcruiser.com\/de\/#\/schema\/logo\/image\/\"}}]}<\/script>\n<!-- \/ Yoast SEO plugin. -->","yoast_head_json":{"title":"Nike Wmns Vomero 18 GORE-TEX 'Seaweed\/Light Liquid Lime\/Cyber\/Seaweed' - Tourcruiser PTE. LTD","robots":{"index":"index","follow":"follow","max-snippet":"max-snippet:-1","max-image-preview":"max-image-preview:large","max-video-preview":"max-video-preview:-1"},"canonical":"https:\/\/tourcruiser.com\/de\/products\/nike-vomero-18-gore-tex-women-s-waterproof-road-running-shoes-with-reflective-accents-hq7002-300\/","og_locale":"de_DE","og_type":"article","og_title":"Nike Wmns Vomero 18 GORE-TEX 'Seaweed\/Light Liquid Lime\/Cyber\/Seaweed' - Tourcruiser PTE. LTD","og_description":"Nike Vomero 18 \u2014 Seaweed\/Light Liquid Lime\/Cyber\/Seaweed","og_url":"https:\/\/tourcruiser.com\/de\/products\/nike-vomero-18-gore-tex-women-s-waterproof-road-running-shoes-with-reflective-accents-hq7002-300\/","og_site_name":"Tourcruiser Sneaker Store","article_modified_time":"2026-03-02T08:32:19+00:00","twitter_card":"summary_large_image","twitter_image":"https:\/\/images.novelship.com\/product\/_women__nike_vomero_18_gore-tex_seaweed_light_liqu_0_70563.png","twitter_misc":{"Gesch\u00e4tzte Lesezeit":"1\u00a0Minute"},"schema":{"@context":"https:\/\/schema.org","@graph":[{"@type":"WebPage","@id":"https:\/\/tourcruiser.com\/de\/products\/nike-vomero-18-gore-tex-women-s-waterproof-road-running-shoes-with-reflective-accents-hq7002-300\/","url":"https:\/\/tourcruiser.com\/de\/products\/nike-vomero-18-gore-tex-women-s-waterproof-road-running-shoes-with-reflective-accents-hq7002-300\/","name":"Nike Wmns Vomero 18 GORE-TEX 'Seaweed\/Light Liquid Lime\/Cyber\/Seaweed' - Tourcruiser PTE. LTD","isPartOf":{"@id":"https:\/\/tourcruiser.com\/de\/#website"},"primaryImageOfPage":{"@id":"https:\/\/tourcruiser.com\/de\/products\/nike-vomero-18-gore-tex-women-s-waterproof-road-running-shoes-with-reflective-accents-hq7002-300\/#primaryimage"},"image":{"@id":"https:\/\/tourcruiser.com\/de\/products\/nike-vomero-18-gore-tex-women-s-waterproof-road-running-shoes-with-reflective-accents-hq7002-300\/#primaryimage"},"thumbnailUrl":"https:\/\/images.novelship.com\/product\/_women__nike_vomero_18_gore-tex_seaweed_light_liqu_0_70563.png","datePublished":"2026-02-20T08:08:51+00:00","dateModified":"2026-03-02T08:32:19+00:00","breadcrumb":{"@id":"https:\/\/tourcruiser.com\/de\/products\/nike-vomero-18-gore-tex-women-s-waterproof-road-running-shoes-with-reflective-accents-hq7002-300\/#breadcrumb"},"inLanguage":"de","potentialAction":[{"@type":"ReadAction","target":["https:\/\/tourcruiser.com\/de\/products\/nike-vomero-18-gore-tex-women-s-waterproof-road-running-shoes-with-reflective-accents-hq7002-300\/"]}]},{"@type":"ImageObject","inLanguage":"de","@id":"https:\/\/tourcruiser.com\/de\/products\/nike-vomero-18-gore-tex-women-s-waterproof-road-running-shoes-with-reflective-accents-hq7002-300\/#primaryimage","url":"https:\/\/images.novelship.com\/product\/_women__nike_vomero_18_gore-tex_seaweed_light_liqu_0_70563.png","contentUrl":"https:\/\/images.novelship.com\/product\/_women__nike_vomero_18_gore-tex_seaweed_light_liqu_0_70563.png"},{"@type":"BreadcrumbList","@id":"https:\/\/tourcruiser.com\/de\/products\/nike-vomero-18-gore-tex-women-s-waterproof-road-running-shoes-with-reflective-accents-hq7002-300\/#breadcrumb","itemListElement":[{"@type":"ListItem","position":1,"name":"Home","item":"https:\/\/tourcruiser.com\/de\/"},{"@type":"ListItem","position":2,"name":"Shop","item":"https:\/\/tourcruiser.com\/de\/shop\/"},{"@type":"ListItem","position":3,"name":"Nike Wmns Vomero 18 GORE-TEX 'Seaweed\/Light Liquid Lime\/Cyber\/Seaweed'"}]},{"@type":"WebSite","@id":"https:\/\/tourcruiser.com\/de\/#website","url":"https:\/\/tourcruiser.com\/de\/","name":"Styloral Jewelry Shop","description":"Tourcruiser Sneaker Store \u2014 der Ort, an dem das Universum deine Einzigartigkeit trifft.","publisher":{"@id":"https:\/\/tourcruiser.com\/de\/#organization"},"potentialAction":[{"@type":"SearchAction","target":{"@type":"EntryPoint","urlTemplate":"https:\/\/tourcruiser.com\/de\/?s={search_term_string}"},"query-input":{"@type":"PropertyValueSpecification","valueRequired":true,"valueName":"search_term_string"}}],"inLanguage":"de"},{"@type":"Organization","@id":"https:\/\/tourcruiser.com\/de\/#organization","name":"STYLORAL PTE. LTD","url":"https:\/\/tourcruiser.com\/de\/","logo":{"@type":"ImageObject","inLanguage":"de","@id":"https:\/\/tourcruiser.com\/de\/#\/schema\/logo\/image\/","url":"https:\/\/www.tourcruiser.com\/wp-content\/uploads\/2025\/12\/logo.png","contentUrl":"https:\/\/www.tourcruiser.com\/wp-content\/uploads\/2025\/12\/logo.png","width":200,"height":65,"caption":"STYLORAL PTE. LTD"},"image":{"@id":"https:\/\/tourcruiser.com\/de\/#\/schema\/logo\/image\/"}}]}},"_links":{"self":[{"href":"https:\/\/tourcruiser.com\/de\/wp-json\/wp\/v2\/product\/17054","targetHints":{"allow":["GET"]}}],"collection":[{"href":"https:\/\/tourcruiser.com\/de\/wp-json\/wp\/v2\/product"}],"about":[{"href":"https:\/\/tourcruiser.com\/de\/wp-json\/wp\/v2\/types\/product"}],"replies":[{"embeddable":true,"href":"https:\/\/tourcruiser.com\/de\/wp-json\/wp\/v2\/comments?post=17054"}],"wp:featuredmedia":[{"embeddable":true,"href":"https:\/\/tourcruiser.com\/de\/wp-json\/wp\/v2\/media\/17055"}],"wp:attachment":[{"href":"https:\/\/tourcruiser.com\/de\/wp-json\/wp\/v2\/media?parent=17054"}],"wp:term":[{"taxonomy":"product_brand","embeddable":true,"href":"https:\/\/tourcruiser.com\/de\/wp-json\/wp\/v2\/product_brand?post=17054"},{"taxonomy":"product_cat","embeddable":true,"href":"https:\/\/tourcruiser.com\/de\/wp-json\/wp\/v2\/product_cat?post=17054"},{"taxonomy":"product_tag","embeddable":true,"href":"https:\/\/tourcruiser.com\/de\/wp-json\/wp\/v2\/product_tag?post=17054"}],"curies":[{"name":"wp","href":"https:\/\/api.w.org\/{rel}","templated":true}]}}