{"id":170535,"date":"2026-03-02T16:21:15","date_gmt":"2026-03-02T09:21:15","guid":{"rendered":"http:\/\/tourcruiser.com\/product\/women-nike-free-metcon-6-se-pearl-white"},"modified":"2026-03-28T01:38:44","modified_gmt":"2026-03-27T18:38:44","slug":"women-nike-free-metcon-6-se-pearl-white","status":"publish","type":"product","link":"https:\/\/tourcruiser.com\/de\/products\/women-nike-free-metcon-6-se-pearl-white\/","title":{"rendered":"(Women) Nike Free Metcon 6 SE &#8218;Pearl White&#8216;"},"content":{"rendered":"<p>Verbessere dein Training mit dem Nike Free Metcon 6 SE &#8218;Pearl White&#8216;, einem vielseitigen Damenschuh, der f\u00fcr Kraft und Agilit\u00e4t entwickelt wurde. Dieser Schuh vereint Flexibilit\u00e4t und Stabilit\u00e4t und verf\u00fcgt \u00fcber ein atmungsaktives Mesh-Obermaterial in einem dezenten Perlwei\u00dfton, das leichten Halt und eine elegante Optik bietet. Der Mittelfu\u00dfriemen sorgt f\u00fcr sicheren Halt bei intensiven Bewegungen, w\u00e4hrend die d\u00e4mpfende Schaumstoff-Mittelsohle reaktionsfreudigen Komfort w\u00e4hrend des gesamten Trainings gew\u00e4hrleistet. Die flache, breite Ferse bietet au\u00dfergew\u00f6hnliche Balance beim Gewichtheben, und die Gummiau\u00dfensohle mit tiefen Flexkerben erm\u00f6glicht nat\u00fcrliche Bewegungsabl\u00e4ufe und hervorragenden Grip. Der Nike Free Metcon 6 SE ist perfekt f\u00fcrs Fitnessstudio, HIIT-Training oder den Alltag. Er vereint Style, Performance und Strapazierf\u00e4higkeit und gibt dir Sicherheit bei allen deinen Bewegungen.<\/p>\n<ul>\n<li><strong>Farbgebung:<\/strong> Perlwei\u00df\/Mehrfarbig\/Schwarz\/Metallic Pewter<\/li>\n<li><strong>Style-Code:<\/strong> HQ7399-200<\/li>\n<li><strong>Obermaterial:<\/strong> Mesh<\/li>\n<li><strong>Mittelsohle:<\/strong> Free<\/li>\n<li><strong>Farbe:<\/strong> Wei\u00df<\/li>\n<li><strong>Saison:<\/strong> Sommer<\/li>\n<li><strong>Erscheinungsjahr:<\/strong> 2025<\/li>\n<\/ul>\n","protected":false},"excerpt":{"rendered":"<p>Nike Free Metcon 6 SE \u201d\u201d Pearl White\/Multi-Color\/Black\/Metallic Pewter<\/p>\n","protected":false},"featured_media":170536,"comment_status":"open","ping_status":"closed","template":"","meta":[],"product_brand":[],"product_cat":[10809],"product_tag":[10801,10802,10873],"class_list":{"0":"post-170535","1":"product","2":"type-product","3":"status-publish","4":"has-post-thumbnail","6":"product_cat-nike-women","7":"product_tag-nike","8":"product_tag-performance-sport-shoes","9":"product_tag-training-shoes","10":"wcpa_has_options","12":"first","13":"outofstock","14":"taxable","15":"shipping-taxable","16":"purchasable","17":"product-type-simple"},"wcpa_form_fields":{"rules":{"pric_overide_base_price":false,"pric_overide_base_price_if_gt_zero":false,"pric_overide_base_price_fully":false,"pric_cal_option_once":false,"pric_use_as_fee":false,"bind_quantity":false,"quantity_bind_formula":false},"fields":[{"type":"color-group","required":true,"elementId":"wcpa-color-group-66c4a75505e74","label":"Gr\u00f6\u00dfe - EU Gr\u00f6\u00dfe","inline":true,"priceOptions":"different_for_all","pricingType":"fixed","className":"hassizechart product-shoes-size-eu product-shoes-size","name":"color-group-66c4a75505e89","disp_type":"square","selection_type":"tick-border","disp_size":"44","show_label_inside":true,"adjust_width":true,"cart_display_type":"text","other_text":"Other","cl_rule":"show","col":6,"values":[{"label":"35.5","value":"EU 35.5","price":"","pimage":"","pimage_id":"","pthumb":"","color":""},{"label":"36","value":"EU 36","price":"","pimage":"","pimage_id":"","pthumb":"","color":"","selected":true},{"label":"36.5","value":"EU 36.5","price":"","pimage":"","pimage_id":"","pthumb":"","color":""},{"label":"37.5","value":"EU 37.5","price":"","pimage":"","pimage_id":"","pthumb":"","color":""},{"label":"38","value":"EU 38","price":"","pimage":"","pimage_id":"","pthumb":"","color":""},{"label":"38.5","value":"EU 38.5","price":"","pimage":"","pimage_id":"","pthumb":"","color":""},{"label":"39","value":"EU 39","price":"","pimage":"","pimage_id":"","pthumb":"","color":""},{"label":"40","value":"EU 40","price":"","pimage":"","pimage_id":"","pthumb":"","color":""},{"label":"40.5","value":"EU 40.5","price":"","pimage":"","pimage_id":"","pthumb":"","color":""},{"label":"41","value":"EU 41","price":"","pimage":"","pimage_id":"","pthumb":"","color":""},{"label":"42","value":"EU 42","price":"","pimage":"","pimage_id":"","pthumb":"","color":""},{"label":"42.5","value":"EU 42.5","price":"","pimage":"","pimage_id":"","pthumb":"","color":""},{"label":"43","value":"EU 43","price":"","pimage":"","pimage_id":"","pthumb":"","color":""},{"label":"44","value":"EU 44","price":"","pimage":"","pimage_id":"","pthumb":"","color":""},{"label":"44.5","value":"EU 44.5","price":"","pimage":"","pimage_id":"","pthumb":"","color":""},{"label":"45","value":"EU 45","price":"","pimage":"","pimage_id":"","pthumb":"","color":""},{"label":"45.5","value":"EU 45.5","price":"","pimage":"","pimage_id":"","pthumb":"","color":""},{"label":"46","value":"EU 46","price":"","pimage":"","pimage_id":"","pthumb":"","color":""},{"label":"47","value":"EU 47","price":"","pimage":"","pimage_id":"","pthumb":"","color":""},{"label":"47.5","value":"EU 47.5","price":"","pimage":"","pimage_id":"","pthumb":"","color":""},{"label":"48","value":"EU 48","price":"","pimage":"","pimage_id":"","pthumb":"","color":""}],"relations":[{"operator":false,"rules":[]}],"form_id":18106,"form_rules":{"pric_cal_option_once":false,"exclude_from_discount":false,"pric_use_as_fee":false,"fee_label":"Fee","render_after_acb":false,"disp_hide_options_price":false}}]},"yoast_head":"<!-- This site is optimized with the Yoast SEO plugin v26.5 - https:\/\/yoast.com\/wordpress\/plugins\/seo\/ -->\n<title>(Women) Nike Free Metcon 6 SE &#039;Pearl White&#039;  - Tourcruiser PTE. LTD<\/title>\n<meta name=\"robots\" content=\"index, follow, max-snippet:-1, max-image-preview:large, max-video-preview:-1\" \/>\n<link rel=\"canonical\" href=\"https:\/\/tourcruiser.com\/de\/products\/women-nike-free-metcon-6-se-pearl-white\/\" \/>\n<meta property=\"og:locale\" content=\"de_DE\" \/>\n<meta property=\"og:type\" content=\"article\" \/>\n<meta property=\"og:title\" content=\"(Women) Nike Free Metcon 6 SE &#039;Pearl White&#039;  - Tourcruiser PTE. LTD\" \/>\n<meta property=\"og:description\" content=\"Nike Free Metcon 6 SE \u201d\u201d Pearl White\/Multi-Color\/Black\/Metallic Pewter\" \/>\n<meta property=\"og:url\" content=\"https:\/\/tourcruiser.com\/de\/products\/women-nike-free-metcon-6-se-pearl-white\/\" \/>\n<meta property=\"og:site_name\" content=\"Tourcruiser Sneaker Store\" \/>\n<meta property=\"article:modified_time\" content=\"2026-03-27T18:38:44+00:00\" \/>\n<meta name=\"twitter:card\" content=\"summary_large_image\" \/>\n<meta name=\"twitter:image\" content=\"https:\/\/images.novelship.com\/product\/_women__nike_free_metcon_6_se__pearl_white__hq7399_0_99704.jpeg;https:\/\/images.novelship.com\/product\/_women__nike_free_metcon_6_se__pearl_white__hq7399_1_99704.jpeg;https:\/\/images.novelship.com\/product\/_women__nike_free_metcon_6_se__pearl_white__hq7399_2_99704.jpeg;https:\/\/images.novelship.com\/product\/_women__nike_free_metcon_6_se__pearl_white__hq7399_3_99704.jpeg;https:\/\/images.novelship.com\/product\/_women__nike_free_metcon_6_se__pearl_white__hq7399_4_99704.jpeg;https:\/\/images.novelship.com\/product\/_women__nike_free_metcon_6_se__pearl_white__hq7399_5_99704.jpeg\" \/>\n<meta name=\"twitter:label1\" content=\"Gesch\u00e4tzte Lesezeit\" \/>\n\t<meta name=\"twitter:data1\" content=\"1\u00a0Minute\" \/>\n<script type=\"application\/ld+json\" class=\"yoast-schema-graph\">{\"@context\":\"https:\/\/schema.org\",\"@graph\":[{\"@type\":\"WebPage\",\"@id\":\"https:\/\/tourcruiser.com\/de\/products\/women-nike-free-metcon-6-se-pearl-white\/\",\"url\":\"https:\/\/tourcruiser.com\/de\/products\/women-nike-free-metcon-6-se-pearl-white\/\",\"name\":\"(Women) Nike Free Metcon 6 SE 'Pearl White' - Tourcruiser PTE. LTD\",\"isPartOf\":{\"@id\":\"https:\/\/tourcruiser.com\/de\/#website\"},\"primaryImageOfPage\":{\"@id\":\"https:\/\/tourcruiser.com\/de\/products\/women-nike-free-metcon-6-se-pearl-white\/#primaryimage\"},\"image\":{\"@id\":\"https:\/\/tourcruiser.com\/de\/products\/women-nike-free-metcon-6-se-pearl-white\/#primaryimage\"},\"thumbnailUrl\":\"https:\/\/images.novelship.com\/product\/_women__nike_free_metcon_6_se__pearl_white__hq7399_0_99704.jpeg;https:\/\/images.novelship.com\/product\/_women__nike_free_metcon_6_se__pearl_white__hq7399_1_99704.jpeg;https:\/\/images.novelship.com\/product\/_women__nike_free_metcon_6_se__pearl_white__hq7399_2_99704.jpeg;https:\/\/images.novelship.com\/product\/_women__nike_free_metcon_6_se__pearl_white__hq7399_3_99704.jpeg;https:\/\/images.novelship.com\/product\/_women__nike_free_metcon_6_se__pearl_white__hq7399_4_99704.jpeg;https:\/\/images.novelship.com\/product\/_women__nike_free_metcon_6_se__pearl_white__hq7399_5_99704.jpeg\",\"datePublished\":\"2026-03-02T09:21:15+00:00\",\"dateModified\":\"2026-03-27T18:38:44+00:00\",\"breadcrumb\":{\"@id\":\"https:\/\/tourcruiser.com\/de\/products\/women-nike-free-metcon-6-se-pearl-white\/#breadcrumb\"},\"inLanguage\":\"de\",\"potentialAction\":[{\"@type\":\"ReadAction\",\"target\":[\"https:\/\/tourcruiser.com\/de\/products\/women-nike-free-metcon-6-se-pearl-white\/\"]}]},{\"@type\":\"ImageObject\",\"inLanguage\":\"de\",\"@id\":\"https:\/\/tourcruiser.com\/de\/products\/women-nike-free-metcon-6-se-pearl-white\/#primaryimage\",\"url\":\"https:\/\/images.novelship.com\/product\/_women__nike_free_metcon_6_se__pearl_white__hq7399_0_99704.jpeg;https:\/\/images.novelship.com\/product\/_women__nike_free_metcon_6_se__pearl_white__hq7399_1_99704.jpeg;https:\/\/images.novelship.com\/product\/_women__nike_free_metcon_6_se__pearl_white__hq7399_2_99704.jpeg;https:\/\/images.novelship.com\/product\/_women__nike_free_metcon_6_se__pearl_white__hq7399_3_99704.jpeg;https:\/\/images.novelship.com\/product\/_women__nike_free_metcon_6_se__pearl_white__hq7399_4_99704.jpeg;https:\/\/images.novelship.com\/product\/_women__nike_free_metcon_6_se__pearl_white__hq7399_5_99704.jpeg\",\"contentUrl\":\"https:\/\/images.novelship.com\/product\/_women__nike_free_metcon_6_se__pearl_white__hq7399_0_99704.jpeg;https:\/\/images.novelship.com\/product\/_women__nike_free_metcon_6_se__pearl_white__hq7399_1_99704.jpeg;https:\/\/images.novelship.com\/product\/_women__nike_free_metcon_6_se__pearl_white__hq7399_2_99704.jpeg;https:\/\/images.novelship.com\/product\/_women__nike_free_metcon_6_se__pearl_white__hq7399_3_99704.jpeg;https:\/\/images.novelship.com\/product\/_women__nike_free_metcon_6_se__pearl_white__hq7399_4_99704.jpeg;https:\/\/images.novelship.com\/product\/_women__nike_free_metcon_6_se__pearl_white__hq7399_5_99704.jpeg\"},{\"@type\":\"BreadcrumbList\",\"@id\":\"https:\/\/tourcruiser.com\/de\/products\/women-nike-free-metcon-6-se-pearl-white\/#breadcrumb\",\"itemListElement\":[{\"@type\":\"ListItem\",\"position\":1,\"name\":\"Home\",\"item\":\"https:\/\/tourcruiser.com\/de\/\"},{\"@type\":\"ListItem\",\"position\":2,\"name\":\"Shop\",\"item\":\"https:\/\/tourcruiser.com\/de\/shop\/\"},{\"@type\":\"ListItem\",\"position\":3,\"name\":\"(Women) Nike Free Metcon 6 SE 'Pearl White'\"}]},{\"@type\":\"WebSite\",\"@id\":\"https:\/\/tourcruiser.com\/de\/#website\",\"url\":\"https:\/\/tourcruiser.com\/de\/\",\"name\":\"Styloral Jewelry Shop\",\"description\":\"Tourcruiser Sneaker Store \u2014 der Ort, an dem das Universum deine Einzigartigkeit trifft.\",\"publisher\":{\"@id\":\"https:\/\/tourcruiser.com\/de\/#organization\"},\"potentialAction\":[{\"@type\":\"SearchAction\",\"target\":{\"@type\":\"EntryPoint\",\"urlTemplate\":\"https:\/\/tourcruiser.com\/de\/?s={search_term_string}\"},\"query-input\":{\"@type\":\"PropertyValueSpecification\",\"valueRequired\":true,\"valueName\":\"search_term_string\"}}],\"inLanguage\":\"de\"},{\"@type\":\"Organization\",\"@id\":\"https:\/\/tourcruiser.com\/de\/#organization\",\"name\":\"STYLORAL PTE. LTD\",\"url\":\"https:\/\/tourcruiser.com\/de\/\",\"logo\":{\"@type\":\"ImageObject\",\"inLanguage\":\"de\",\"@id\":\"https:\/\/tourcruiser.com\/de\/#\/schema\/logo\/image\/\",\"url\":\"https:\/\/www.tourcruiser.com\/wp-content\/uploads\/2025\/12\/logo.png\",\"contentUrl\":\"https:\/\/www.tourcruiser.com\/wp-content\/uploads\/2025\/12\/logo.png\",\"width\":200,\"height\":65,\"caption\":\"STYLORAL PTE. LTD\"},\"image\":{\"@id\":\"https:\/\/tourcruiser.com\/de\/#\/schema\/logo\/image\/\"}}]}<\/script>\n<!-- \/ Yoast SEO plugin. -->","yoast_head_json":{"title":"(Women) Nike Free Metcon 6 SE 'Pearl White'  - Tourcruiser PTE. LTD","robots":{"index":"index","follow":"follow","max-snippet":"max-snippet:-1","max-image-preview":"max-image-preview:large","max-video-preview":"max-video-preview:-1"},"canonical":"https:\/\/tourcruiser.com\/de\/products\/women-nike-free-metcon-6-se-pearl-white\/","og_locale":"de_DE","og_type":"article","og_title":"(Women) Nike Free Metcon 6 SE 'Pearl White'  - Tourcruiser PTE. LTD","og_description":"Nike Free Metcon 6 SE \u201d\u201d Pearl White\/Multi-Color\/Black\/Metallic Pewter","og_url":"https:\/\/tourcruiser.com\/de\/products\/women-nike-free-metcon-6-se-pearl-white\/","og_site_name":"Tourcruiser Sneaker Store","article_modified_time":"2026-03-27T18:38:44+00:00","twitter_card":"summary_large_image","twitter_image":"https:\/\/images.novelship.com\/product\/_women__nike_free_metcon_6_se__pearl_white__hq7399_0_99704.jpeg;https:\/\/images.novelship.com\/product\/_women__nike_free_metcon_6_se__pearl_white__hq7399_1_99704.jpeg;https:\/\/images.novelship.com\/product\/_women__nike_free_metcon_6_se__pearl_white__hq7399_2_99704.jpeg;https:\/\/images.novelship.com\/product\/_women__nike_free_metcon_6_se__pearl_white__hq7399_3_99704.jpeg;https:\/\/images.novelship.com\/product\/_women__nike_free_metcon_6_se__pearl_white__hq7399_4_99704.jpeg;https:\/\/images.novelship.com\/product\/_women__nike_free_metcon_6_se__pearl_white__hq7399_5_99704.jpeg","twitter_misc":{"Gesch\u00e4tzte Lesezeit":"1\u00a0Minute"},"schema":{"@context":"https:\/\/schema.org","@graph":[{"@type":"WebPage","@id":"https:\/\/tourcruiser.com\/de\/products\/women-nike-free-metcon-6-se-pearl-white\/","url":"https:\/\/tourcruiser.com\/de\/products\/women-nike-free-metcon-6-se-pearl-white\/","name":"(Women) Nike Free Metcon 6 SE 'Pearl White' - Tourcruiser PTE. LTD","isPartOf":{"@id":"https:\/\/tourcruiser.com\/de\/#website"},"primaryImageOfPage":{"@id":"https:\/\/tourcruiser.com\/de\/products\/women-nike-free-metcon-6-se-pearl-white\/#primaryimage"},"image":{"@id":"https:\/\/tourcruiser.com\/de\/products\/women-nike-free-metcon-6-se-pearl-white\/#primaryimage"},"thumbnailUrl":"https:\/\/images.novelship.com\/product\/_women__nike_free_metcon_6_se__pearl_white__hq7399_0_99704.jpeg;https:\/\/images.novelship.com\/product\/_women__nike_free_metcon_6_se__pearl_white__hq7399_1_99704.jpeg;https:\/\/images.novelship.com\/product\/_women__nike_free_metcon_6_se__pearl_white__hq7399_2_99704.jpeg;https:\/\/images.novelship.com\/product\/_women__nike_free_metcon_6_se__pearl_white__hq7399_3_99704.jpeg;https:\/\/images.novelship.com\/product\/_women__nike_free_metcon_6_se__pearl_white__hq7399_4_99704.jpeg;https:\/\/images.novelship.com\/product\/_women__nike_free_metcon_6_se__pearl_white__hq7399_5_99704.jpeg","datePublished":"2026-03-02T09:21:15+00:00","dateModified":"2026-03-27T18:38:44+00:00","breadcrumb":{"@id":"https:\/\/tourcruiser.com\/de\/products\/women-nike-free-metcon-6-se-pearl-white\/#breadcrumb"},"inLanguage":"de","potentialAction":[{"@type":"ReadAction","target":["https:\/\/tourcruiser.com\/de\/products\/women-nike-free-metcon-6-se-pearl-white\/"]}]},{"@type":"ImageObject","inLanguage":"de","@id":"https:\/\/tourcruiser.com\/de\/products\/women-nike-free-metcon-6-se-pearl-white\/#primaryimage","url":"https:\/\/images.novelship.com\/product\/_women__nike_free_metcon_6_se__pearl_white__hq7399_0_99704.jpeg;https:\/\/images.novelship.com\/product\/_women__nike_free_metcon_6_se__pearl_white__hq7399_1_99704.jpeg;https:\/\/images.novelship.com\/product\/_women__nike_free_metcon_6_se__pearl_white__hq7399_2_99704.jpeg;https:\/\/images.novelship.com\/product\/_women__nike_free_metcon_6_se__pearl_white__hq7399_3_99704.jpeg;https:\/\/images.novelship.com\/product\/_women__nike_free_metcon_6_se__pearl_white__hq7399_4_99704.jpeg;https:\/\/images.novelship.com\/product\/_women__nike_free_metcon_6_se__pearl_white__hq7399_5_99704.jpeg","contentUrl":"https:\/\/images.novelship.com\/product\/_women__nike_free_metcon_6_se__pearl_white__hq7399_0_99704.jpeg;https:\/\/images.novelship.com\/product\/_women__nike_free_metcon_6_se__pearl_white__hq7399_1_99704.jpeg;https:\/\/images.novelship.com\/product\/_women__nike_free_metcon_6_se__pearl_white__hq7399_2_99704.jpeg;https:\/\/images.novelship.com\/product\/_women__nike_free_metcon_6_se__pearl_white__hq7399_3_99704.jpeg;https:\/\/images.novelship.com\/product\/_women__nike_free_metcon_6_se__pearl_white__hq7399_4_99704.jpeg;https:\/\/images.novelship.com\/product\/_women__nike_free_metcon_6_se__pearl_white__hq7399_5_99704.jpeg"},{"@type":"BreadcrumbList","@id":"https:\/\/tourcruiser.com\/de\/products\/women-nike-free-metcon-6-se-pearl-white\/#breadcrumb","itemListElement":[{"@type":"ListItem","position":1,"name":"Home","item":"https:\/\/tourcruiser.com\/de\/"},{"@type":"ListItem","position":2,"name":"Shop","item":"https:\/\/tourcruiser.com\/de\/shop\/"},{"@type":"ListItem","position":3,"name":"(Women) Nike Free Metcon 6 SE 'Pearl White'"}]},{"@type":"WebSite","@id":"https:\/\/tourcruiser.com\/de\/#website","url":"https:\/\/tourcruiser.com\/de\/","name":"Styloral Jewelry Shop","description":"Tourcruiser Sneaker Store \u2014 der Ort, an dem das Universum deine Einzigartigkeit trifft.","publisher":{"@id":"https:\/\/tourcruiser.com\/de\/#organization"},"potentialAction":[{"@type":"SearchAction","target":{"@type":"EntryPoint","urlTemplate":"https:\/\/tourcruiser.com\/de\/?s={search_term_string}"},"query-input":{"@type":"PropertyValueSpecification","valueRequired":true,"valueName":"search_term_string"}}],"inLanguage":"de"},{"@type":"Organization","@id":"https:\/\/tourcruiser.com\/de\/#organization","name":"STYLORAL PTE. LTD","url":"https:\/\/tourcruiser.com\/de\/","logo":{"@type":"ImageObject","inLanguage":"de","@id":"https:\/\/tourcruiser.com\/de\/#\/schema\/logo\/image\/","url":"https:\/\/www.tourcruiser.com\/wp-content\/uploads\/2025\/12\/logo.png","contentUrl":"https:\/\/www.tourcruiser.com\/wp-content\/uploads\/2025\/12\/logo.png","width":200,"height":65,"caption":"STYLORAL PTE. LTD"},"image":{"@id":"https:\/\/tourcruiser.com\/de\/#\/schema\/logo\/image\/"}}]}},"_links":{"self":[{"href":"https:\/\/tourcruiser.com\/de\/wp-json\/wp\/v2\/product\/170535","targetHints":{"allow":["GET"]}}],"collection":[{"href":"https:\/\/tourcruiser.com\/de\/wp-json\/wp\/v2\/product"}],"about":[{"href":"https:\/\/tourcruiser.com\/de\/wp-json\/wp\/v2\/types\/product"}],"replies":[{"embeddable":true,"href":"https:\/\/tourcruiser.com\/de\/wp-json\/wp\/v2\/comments?post=170535"}],"wp:featuredmedia":[{"embeddable":true,"href":"https:\/\/tourcruiser.com\/de\/wp-json\/wp\/v2\/media\/170536"}],"wp:attachment":[{"href":"https:\/\/tourcruiser.com\/de\/wp-json\/wp\/v2\/media?parent=170535"}],"wp:term":[{"taxonomy":"product_brand","embeddable":true,"href":"https:\/\/tourcruiser.com\/de\/wp-json\/wp\/v2\/product_brand?post=170535"},{"taxonomy":"product_cat","embeddable":true,"href":"https:\/\/tourcruiser.com\/de\/wp-json\/wp\/v2\/product_cat?post=170535"},{"taxonomy":"product_tag","embeddable":true,"href":"https:\/\/tourcruiser.com\/de\/wp-json\/wp\/v2\/product_tag?post=170535"}],"curies":[{"name":"wp","href":"https:\/\/api.w.org\/{rel}","templated":true}]}}