{"id":170533,"date":"2026-03-02T16:21:15","date_gmt":"2026-03-02T09:21:15","guid":{"rendered":"http:\/\/tourcruiser.com\/product\/asics-magic-speed-4-cp-dawn-till-dusk-series"},"modified":"2026-03-02T16:21:15","modified_gmt":"2026-03-02T09:21:15","slug":"asics-magic-speed-4-cp-dawn-till-dusk-series","status":"publish","type":"product","link":"https:\/\/tourcruiser.com\/de\/products\/asics-magic-speed-4-cp-dawn-till-dusk-series\/","title":{"rendered":"ASICS Magic Speed 4 CP &#8218;Dawn Till Dusk Series&#8216;"},"content":{"rendered":"<p>Der ASICS Magic Speed \u201d\u2039\u201d\u20394 CP \u201eDawn Till Dusk Series\u201c 1011C178-200 ist ein Hochleistungs-Laufschuh, der f\u00fcr optimale Geschwindigkeit und Ausdauer entwickelt wurde und sich perfekt f\u00fcr Athleten eignet, die ihre Leistung auf unterschiedlichem Terrain und \u00fcber verschiedene Distanzen maximieren m\u00f6chten. Mit seiner innovativen Mittelsohle mit FF BLAST\u00e2\u201e\u00a2-D\u00e4mpfung bietet er au\u00dfergew\u00f6hnliche Energier\u00fcckgabe und Komfort bei jedem Schritt. Das leichte, atmungsaktive Mesh-Obermaterial sorgt f\u00fcr eine sichere und adaptive Passform und h\u00e4lt Ihre F\u00fc\u00dfe auch bei intensiven L\u00e4ufen k\u00fchl und optimal gest\u00fctzt. Dank der fortschrittlichen Carbonplatten-Technologie in der Sohle werden Vortrieb und Stabilit\u00e4t verbessert, sodass Sie Ihre Grenzen m\u00fchelos erweitern k\u00f6nnen. Die griffige Au\u00dfensohle bietet festen Halt auf verschiedenen Untergr\u00fcnden und gibt Ihnen Sicherheit von fr\u00fch bis sp\u00e4t. Ob Sie am Wettkampftag Rekorde jagen oder Ihr Training optimieren m\u00f6chten \u201d\u201c der ASICS Magic Speed \u201d\u2039\u201d\u20394 CP vereint modernste Funktionalit\u00e4t mit einem markanten Design, das perfekt zum Thema der \u201eDawn Till Dusk Series\u201c passt. Dieser Schuh wurde f\u00fcr L\u00e4ufer mit h\u00f6chsten Anspr\u00fcchen entwickelt und vereint Stil mit Leistung. Damit ist er die ideale Wahl f\u00fcr Wettk\u00e4mpfe und Ihre pers\u00f6nlichen Fitnessziele. Erleben Sie ein neues Laufgef\u00fchl mit dem ASICS Magic Speed \u201d\u2039\u201d\u20394 CP \u201d\u201c Ihrem zuverl\u00e4ssigen Begleiter f\u00fcr Geschwindigkeit und Pr\u00e4zision bei jedem Schritt.<\/p>\n<ul>\n<li><strong>Farbgebung:<\/strong> Pale Oak\/Fellow Yellow<\/li>\n<li><strong>Artikelnummer:<\/strong> 1011C178-200<\/li>\n<li><strong>Obermaterial:<\/strong> Mesh<\/li>\n<li><strong>Zwischensohle:<\/strong> FlyteFoam Turbo<\/li>\n<li><strong>Farbe:<\/strong> Grau<\/li>\n<li><strong>Saison:<\/strong> Herbst<\/li>\n<li><strong>Erscheinungsjahr:<\/strong> 2025<\/li>\n<\/ul>\n","protected":false},"excerpt":{"rendered":"<p>ASICS Magic Speed 4 \u201d\u201d Pale Oak\/Fellow Yellow<\/p>\n","protected":false},"featured_media":170534,"comment_status":"open","ping_status":"closed","template":"","meta":[],"product_brand":[],"product_cat":[10792],"product_tag":[10791,11026,10839,10802,10840,11054,10758],"class_list":{"0":"post-170533","1":"product","2":"type-product","3":"status-publish","4":"has-post-thumbnail","6":"product_cat-asics","7":"product_tag-asics","8":"product_tag-carbon-plated-running-shoes","9":"product_tag-performance-running-shoes","10":"product_tag-performance-sport-shoes","11":"product_tag-running-shoes","12":"product_tag-tempo-interval-running-shoes","13":"product_tag-under-retail","14":"wcpa_has_options","16":"first","17":"instock","18":"sale","19":"taxable","20":"shipping-taxable","21":"purchasable","22":"product-type-simple"},"wcpa_form_fields":{"rules":{"pric_overide_base_price":false,"pric_overide_base_price_if_gt_zero":false,"pric_overide_base_price_fully":false,"pric_cal_option_once":false,"pric_use_as_fee":false,"bind_quantity":false,"quantity_bind_formula":false},"fields":[{"type":"color-group","required":true,"elementId":"wcpa-color-group-69a5ab08ee12d","label":"Gr\u00f6\u00dfe","inline":true,"priceOptions":"different_for_all","pricingType":"fixed","className":"hassizechart product-shoes-size-eu product-shoes-size","name":"color-group-69a5ab08ee136","disp_type":"square","selection_type":"tick-border","disp_size":"50","show_label_inside":true,"adjust_width":true,"cart_display_type":"text","other_text":"Other","cl_rule":"show","col":6,"values":[{"label":"36","value":"EU 36","price":"","pimage":"","pimage_id":"","pthumb":"","color":"","selected":true},{"label":"37","value":"EU 37","price":"","pimage":"","pimage_id":"","pthumb":"","color":""},{"label":"37.5","value":"EU 37.5","price":"","pimage":"","pimage_id":"","pthumb":"","color":""},{"label":"38","value":"EU 38","price":"","pimage":"","pimage_id":"","pthumb":"","color":""},{"label":"38.5","value":"EU 38.5","price":"","pimage":"","pimage_id":"","pthumb":"","color":""},{"label":"39","value":"EU 39","price":"","pimage":"","pimage_id":"","pthumb":"","color":""},{"label":"39.5","value":"EU 39.5","price":"","pimage":"","pimage_id":"","pthumb":"","color":""},{"label":"40","value":"EU 40","price":"","pimage":"","pimage_id":"","pthumb":"","color":""},{"label":"40.5","value":"EU 40.5","price":"","pimage":"","pimage_id":"","pthumb":"","color":""},{"label":" 41.5","value":"EU 41.5","price":"","pimage":"","pimage_id":"","pthumb":"","color":""},{"label":"42","value":"EU 42","price":"","pimage":"","pimage_id":"","pthumb":"","color":""},{"label":"42.5","value":"EU 42.5","price":"","pimage":"","pimage_id":"","pthumb":"","color":""},{"label":"43.5","value":"EU 43.5","price":"","pimage":"","pimage_id":"","pthumb":"","color":""},{"label":"44","value":"EU 44","price":"","pimage":"","pimage_id":"","pthumb":"","color":""},{"label":"44.5","value":"EU 44.5","price":"","pimage":"","pimage_id":"","pthumb":"","color":""},{"label":"45","value":"EU 45","price":"","pimage":"","pimage_id":"","pthumb":"","color":""}],"relations":[{"operator":false,"rules":[]}],"form_id":184311,"form_rules":{"pric_cal_option_once":false,"exclude_from_discount":false,"pric_use_as_fee":false,"fee_label":"Fee","render_after_acb":false,"disp_hide_options_price":false}}]},"yoast_head":"<!-- This site is optimized with the Yoast SEO plugin v26.5 - https:\/\/yoast.com\/wordpress\/plugins\/seo\/ -->\n<title>ASICS Magic Speed 4 CP &#039;Dawn Till Dusk Series&#039;  - Tourcruiser PTE. LTD<\/title>\n<meta name=\"robots\" content=\"index, follow, max-snippet:-1, max-image-preview:large, max-video-preview:-1\" \/>\n<link rel=\"canonical\" href=\"https:\/\/tourcruiser.com\/de\/products\/asics-magic-speed-4-cp-dawn-till-dusk-series\/\" \/>\n<meta property=\"og:locale\" content=\"de_DE\" \/>\n<meta property=\"og:type\" content=\"article\" \/>\n<meta property=\"og:title\" content=\"ASICS Magic Speed 4 CP &#039;Dawn Till Dusk Series&#039;  - Tourcruiser PTE. LTD\" \/>\n<meta property=\"og:description\" content=\"ASICS Magic Speed 4 \u201d\u201d Pale Oak\/Fellow Yellow\" \/>\n<meta property=\"og:url\" content=\"https:\/\/tourcruiser.com\/de\/products\/asics-magic-speed-4-cp-dawn-till-dusk-series\/\" \/>\n<meta property=\"og:site_name\" content=\"Tourcruiser Sneaker Store\" \/>\n<meta name=\"twitter:card\" content=\"summary_large_image\" \/>\n<meta name=\"twitter:image\" content=\"https:\/\/images.novelship.com\/product\/asics_magic_speed_4_cp__dawn_till_dusk_series__101_0_40650.png\" \/>\n<meta name=\"twitter:label1\" content=\"Gesch\u00e4tzte Lesezeit\" \/>\n\t<meta name=\"twitter:data1\" content=\"1\u00a0Minute\" \/>\n<script type=\"application\/ld+json\" class=\"yoast-schema-graph\">{\"@context\":\"https:\/\/schema.org\",\"@graph\":[{\"@type\":\"WebPage\",\"@id\":\"https:\/\/tourcruiser.com\/de\/products\/asics-magic-speed-4-cp-dawn-till-dusk-series\/\",\"url\":\"https:\/\/tourcruiser.com\/de\/products\/asics-magic-speed-4-cp-dawn-till-dusk-series\/\",\"name\":\"ASICS Magic Speed 4 CP 'Dawn Till Dusk Series' - Tourcruiser PTE. LTD\",\"isPartOf\":{\"@id\":\"https:\/\/tourcruiser.com\/de\/#website\"},\"primaryImageOfPage\":{\"@id\":\"https:\/\/tourcruiser.com\/de\/products\/asics-magic-speed-4-cp-dawn-till-dusk-series\/#primaryimage\"},\"image\":{\"@id\":\"https:\/\/tourcruiser.com\/de\/products\/asics-magic-speed-4-cp-dawn-till-dusk-series\/#primaryimage\"},\"thumbnailUrl\":\"https:\/\/images.novelship.com\/product\/asics_magic_speed_4_cp__dawn_till_dusk_series__101_0_40650.png\",\"datePublished\":\"2026-03-02T09:21:15+00:00\",\"breadcrumb\":{\"@id\":\"https:\/\/tourcruiser.com\/de\/products\/asics-magic-speed-4-cp-dawn-till-dusk-series\/#breadcrumb\"},\"inLanguage\":\"de\",\"potentialAction\":[{\"@type\":\"ReadAction\",\"target\":[\"https:\/\/tourcruiser.com\/de\/products\/asics-magic-speed-4-cp-dawn-till-dusk-series\/\"]}]},{\"@type\":\"ImageObject\",\"inLanguage\":\"de\",\"@id\":\"https:\/\/tourcruiser.com\/de\/products\/asics-magic-speed-4-cp-dawn-till-dusk-series\/#primaryimage\",\"url\":\"https:\/\/images.novelship.com\/product\/asics_magic_speed_4_cp__dawn_till_dusk_series__101_0_40650.png\",\"contentUrl\":\"https:\/\/images.novelship.com\/product\/asics_magic_speed_4_cp__dawn_till_dusk_series__101_0_40650.png\"},{\"@type\":\"BreadcrumbList\",\"@id\":\"https:\/\/tourcruiser.com\/de\/products\/asics-magic-speed-4-cp-dawn-till-dusk-series\/#breadcrumb\",\"itemListElement\":[{\"@type\":\"ListItem\",\"position\":1,\"name\":\"Home\",\"item\":\"https:\/\/tourcruiser.com\/de\/\"},{\"@type\":\"ListItem\",\"position\":2,\"name\":\"Shop\",\"item\":\"https:\/\/tourcruiser.com\/de\/shop\/\"},{\"@type\":\"ListItem\",\"position\":3,\"name\":\"ASICS Magic Speed 4 CP 'Dawn Till Dusk Series'\"}]},{\"@type\":\"WebSite\",\"@id\":\"https:\/\/tourcruiser.com\/de\/#website\",\"url\":\"https:\/\/tourcruiser.com\/de\/\",\"name\":\"Styloral Jewelry Shop\",\"description\":\"Tourcruiser Sneaker Store \u2014 der Ort, an dem das Universum deine Einzigartigkeit trifft.\",\"publisher\":{\"@id\":\"https:\/\/tourcruiser.com\/de\/#organization\"},\"potentialAction\":[{\"@type\":\"SearchAction\",\"target\":{\"@type\":\"EntryPoint\",\"urlTemplate\":\"https:\/\/tourcruiser.com\/de\/?s={search_term_string}\"},\"query-input\":{\"@type\":\"PropertyValueSpecification\",\"valueRequired\":true,\"valueName\":\"search_term_string\"}}],\"inLanguage\":\"de\"},{\"@type\":\"Organization\",\"@id\":\"https:\/\/tourcruiser.com\/de\/#organization\",\"name\":\"STYLORAL PTE. LTD\",\"url\":\"https:\/\/tourcruiser.com\/de\/\",\"logo\":{\"@type\":\"ImageObject\",\"inLanguage\":\"de\",\"@id\":\"https:\/\/tourcruiser.com\/de\/#\/schema\/logo\/image\/\",\"url\":\"https:\/\/www.tourcruiser.com\/wp-content\/uploads\/2025\/12\/logo.png\",\"contentUrl\":\"https:\/\/www.tourcruiser.com\/wp-content\/uploads\/2025\/12\/logo.png\",\"width\":200,\"height\":65,\"caption\":\"STYLORAL PTE. LTD\"},\"image\":{\"@id\":\"https:\/\/tourcruiser.com\/de\/#\/schema\/logo\/image\/\"}}]}<\/script>\n<!-- \/ Yoast SEO plugin. -->","yoast_head_json":{"title":"ASICS Magic Speed 4 CP 'Dawn Till Dusk Series'  - Tourcruiser PTE. LTD","robots":{"index":"index","follow":"follow","max-snippet":"max-snippet:-1","max-image-preview":"max-image-preview:large","max-video-preview":"max-video-preview:-1"},"canonical":"https:\/\/tourcruiser.com\/de\/products\/asics-magic-speed-4-cp-dawn-till-dusk-series\/","og_locale":"de_DE","og_type":"article","og_title":"ASICS Magic Speed 4 CP 'Dawn Till Dusk Series'  - Tourcruiser PTE. LTD","og_description":"ASICS Magic Speed 4 \u201d\u201d Pale Oak\/Fellow Yellow","og_url":"https:\/\/tourcruiser.com\/de\/products\/asics-magic-speed-4-cp-dawn-till-dusk-series\/","og_site_name":"Tourcruiser Sneaker Store","twitter_card":"summary_large_image","twitter_image":"https:\/\/images.novelship.com\/product\/asics_magic_speed_4_cp__dawn_till_dusk_series__101_0_40650.png","twitter_misc":{"Gesch\u00e4tzte Lesezeit":"1\u00a0Minute"},"schema":{"@context":"https:\/\/schema.org","@graph":[{"@type":"WebPage","@id":"https:\/\/tourcruiser.com\/de\/products\/asics-magic-speed-4-cp-dawn-till-dusk-series\/","url":"https:\/\/tourcruiser.com\/de\/products\/asics-magic-speed-4-cp-dawn-till-dusk-series\/","name":"ASICS Magic Speed 4 CP 'Dawn Till Dusk Series' - Tourcruiser PTE. LTD","isPartOf":{"@id":"https:\/\/tourcruiser.com\/de\/#website"},"primaryImageOfPage":{"@id":"https:\/\/tourcruiser.com\/de\/products\/asics-magic-speed-4-cp-dawn-till-dusk-series\/#primaryimage"},"image":{"@id":"https:\/\/tourcruiser.com\/de\/products\/asics-magic-speed-4-cp-dawn-till-dusk-series\/#primaryimage"},"thumbnailUrl":"https:\/\/images.novelship.com\/product\/asics_magic_speed_4_cp__dawn_till_dusk_series__101_0_40650.png","datePublished":"2026-03-02T09:21:15+00:00","breadcrumb":{"@id":"https:\/\/tourcruiser.com\/de\/products\/asics-magic-speed-4-cp-dawn-till-dusk-series\/#breadcrumb"},"inLanguage":"de","potentialAction":[{"@type":"ReadAction","target":["https:\/\/tourcruiser.com\/de\/products\/asics-magic-speed-4-cp-dawn-till-dusk-series\/"]}]},{"@type":"ImageObject","inLanguage":"de","@id":"https:\/\/tourcruiser.com\/de\/products\/asics-magic-speed-4-cp-dawn-till-dusk-series\/#primaryimage","url":"https:\/\/images.novelship.com\/product\/asics_magic_speed_4_cp__dawn_till_dusk_series__101_0_40650.png","contentUrl":"https:\/\/images.novelship.com\/product\/asics_magic_speed_4_cp__dawn_till_dusk_series__101_0_40650.png"},{"@type":"BreadcrumbList","@id":"https:\/\/tourcruiser.com\/de\/products\/asics-magic-speed-4-cp-dawn-till-dusk-series\/#breadcrumb","itemListElement":[{"@type":"ListItem","position":1,"name":"Home","item":"https:\/\/tourcruiser.com\/de\/"},{"@type":"ListItem","position":2,"name":"Shop","item":"https:\/\/tourcruiser.com\/de\/shop\/"},{"@type":"ListItem","position":3,"name":"ASICS Magic Speed 4 CP 'Dawn Till Dusk Series'"}]},{"@type":"WebSite","@id":"https:\/\/tourcruiser.com\/de\/#website","url":"https:\/\/tourcruiser.com\/de\/","name":"Styloral Jewelry Shop","description":"Tourcruiser Sneaker Store \u2014 der Ort, an dem das Universum deine Einzigartigkeit trifft.","publisher":{"@id":"https:\/\/tourcruiser.com\/de\/#organization"},"potentialAction":[{"@type":"SearchAction","target":{"@type":"EntryPoint","urlTemplate":"https:\/\/tourcruiser.com\/de\/?s={search_term_string}"},"query-input":{"@type":"PropertyValueSpecification","valueRequired":true,"valueName":"search_term_string"}}],"inLanguage":"de"},{"@type":"Organization","@id":"https:\/\/tourcruiser.com\/de\/#organization","name":"STYLORAL PTE. LTD","url":"https:\/\/tourcruiser.com\/de\/","logo":{"@type":"ImageObject","inLanguage":"de","@id":"https:\/\/tourcruiser.com\/de\/#\/schema\/logo\/image\/","url":"https:\/\/www.tourcruiser.com\/wp-content\/uploads\/2025\/12\/logo.png","contentUrl":"https:\/\/www.tourcruiser.com\/wp-content\/uploads\/2025\/12\/logo.png","width":200,"height":65,"caption":"STYLORAL PTE. LTD"},"image":{"@id":"https:\/\/tourcruiser.com\/de\/#\/schema\/logo\/image\/"}}]}},"_links":{"self":[{"href":"https:\/\/tourcruiser.com\/de\/wp-json\/wp\/v2\/product\/170533","targetHints":{"allow":["GET"]}}],"collection":[{"href":"https:\/\/tourcruiser.com\/de\/wp-json\/wp\/v2\/product"}],"about":[{"href":"https:\/\/tourcruiser.com\/de\/wp-json\/wp\/v2\/types\/product"}],"replies":[{"embeddable":true,"href":"https:\/\/tourcruiser.com\/de\/wp-json\/wp\/v2\/comments?post=170533"}],"wp:featuredmedia":[{"embeddable":true,"href":"https:\/\/tourcruiser.com\/de\/wp-json\/wp\/v2\/media\/170534"}],"wp:attachment":[{"href":"https:\/\/tourcruiser.com\/de\/wp-json\/wp\/v2\/media?parent=170533"}],"wp:term":[{"taxonomy":"product_brand","embeddable":true,"href":"https:\/\/tourcruiser.com\/de\/wp-json\/wp\/v2\/product_brand?post=170533"},{"taxonomy":"product_cat","embeddable":true,"href":"https:\/\/tourcruiser.com\/de\/wp-json\/wp\/v2\/product_cat?post=170533"},{"taxonomy":"product_tag","embeddable":true,"href":"https:\/\/tourcruiser.com\/de\/wp-json\/wp\/v2\/product_tag?post=170533"}],"curies":[{"name":"wp","href":"https:\/\/api.w.org\/{rel}","templated":true}]}}