{"id":17004,"date":"2026-02-20T15:08:34","date_gmt":"2026-02-20T08:08:34","guid":{"rendered":"http:\/\/tourcruiser.com\/product\/nike-vaporfly-4-men-s-road-racing-shoes-hf6414-401"},"modified":"2026-03-28T00:27:17","modified_gmt":"2026-03-27T17:27:17","slug":"nike-vaporfly-4-men-s-road-racing-shoes-hf6414-401","status":"publish","type":"product","link":"https:\/\/tourcruiser.com\/de\/products\/nike-vaporfly-4-men-s-road-racing-shoes-hf6414-401\/","title":{"rendered":"Nike Vaporfly 4 &#8218;Obsidian\/Persian Violet\/Green Abyss\/White&#8216;"},"content":{"rendered":"<p>Erlebe beispiellose Geschwindigkeit und Komfort mit dem Nike Vaporfly 4, entwickelt f\u00fcr ambitionierte L\u00e4ufer. In der auff\u00e4lligen Farbkombination Obsidian, Persian Violet, Green Abyss und Wei\u00df (HF6414-401) bietet dieser fortschrittliche Laufschuh reaktionsfreudigen ZoomX-Schaum und eine durchgehende Carbonfaserplatte f\u00fcr unvergleichlichen Vortrieb. Das leichte, atmungsaktive Design sorgt f\u00fcr sicheren Halt und macht ihn zum idealen Partner, um pers\u00f6nliche Bestleistungen auf internationaler Ebene zu erzielen. Bring dein Laufspiel mit dem Nike Vaporfly 4 auf ein neues Level.<\/p>\n<p>Farbkombination: Obsidian\/Persian Violet\/Green Abyss\/Wei\u00df<br \/>\nArtikelnummer: HF6414-401<br \/>\nObermaterial: Mesh<br \/>\nFarbe: Schwarz<\/p>\n<p>Farbe: Schwarz<\/p>\n","protected":false},"excerpt":{"rendered":"<p>Nike Vaporfly 4 \u2014 Obsidian\/Persian Violet\/Green Abyss\/White<\/p>\n","protected":false},"featured_media":17005,"comment_status":"open","ping_status":"closed","template":"","meta":[],"product_brand":[],"product_cat":[6654],"product_tag":[],"class_list":{"0":"post-17004","1":"product","2":"type-product","3":"status-publish","4":"has-post-thumbnail","6":"product_cat-nike-2026","7":"wcpa_has_options","9":"first","10":"outofstock","11":"taxable","12":"shipping-taxable","13":"purchasable","14":"product-type-simple"},"wcpa_form_fields":{"rules":{"pric_overide_base_price":false,"pric_overide_base_price_if_gt_zero":false,"pric_overide_base_price_fully":false,"pric_cal_option_once":false,"pric_use_as_fee":false,"bind_quantity":false,"quantity_bind_formula":false},"fields":[{"type":"color-group","required":true,"elementId":"wcpa-color-group-66c4a75505e74","label":"Gr\u00f6\u00dfe - EU Gr\u00f6\u00dfe","inline":true,"priceOptions":"different_for_all","pricingType":"fixed","className":"hassizechart product-shoes-size-eu product-shoes-size","name":"color-group-66c4a75505e89","disp_type":"square","selection_type":"tick-border","disp_size":"44","show_label_inside":true,"adjust_width":true,"cart_display_type":"text","other_text":"Other","cl_rule":"show","col":6,"values":[{"label":"35.5","value":"EU 35.5","price":"","pimage":"","pimage_id":"","pthumb":"","color":""},{"label":"36","value":"EU 36","price":"","pimage":"","pimage_id":"","pthumb":"","color":"","selected":true},{"label":"36.5","value":"EU 36.5","price":"","pimage":"","pimage_id":"","pthumb":"","color":""},{"label":"37.5","value":"EU 37.5","price":"","pimage":"","pimage_id":"","pthumb":"","color":""},{"label":"38","value":"EU 38","price":"","pimage":"","pimage_id":"","pthumb":"","color":""},{"label":"38.5","value":"EU 38.5","price":"","pimage":"","pimage_id":"","pthumb":"","color":""},{"label":"39","value":"EU 39","price":"","pimage":"","pimage_id":"","pthumb":"","color":""},{"label":"40","value":"EU 40","price":"","pimage":"","pimage_id":"","pthumb":"","color":""},{"label":"40.5","value":"EU 40.5","price":"","pimage":"","pimage_id":"","pthumb":"","color":""},{"label":"41","value":"EU 41","price":"","pimage":"","pimage_id":"","pthumb":"","color":""},{"label":"42","value":"EU 42","price":"","pimage":"","pimage_id":"","pthumb":"","color":""},{"label":"42.5","value":"EU 42.5","price":"","pimage":"","pimage_id":"","pthumb":"","color":""},{"label":"43","value":"EU 43","price":"","pimage":"","pimage_id":"","pthumb":"","color":""},{"label":"44","value":"EU 44","price":"","pimage":"","pimage_id":"","pthumb":"","color":""},{"label":"44.5","value":"EU 44.5","price":"","pimage":"","pimage_id":"","pthumb":"","color":""},{"label":"45","value":"EU 45","price":"","pimage":"","pimage_id":"","pthumb":"","color":""},{"label":"45.5","value":"EU 45.5","price":"","pimage":"","pimage_id":"","pthumb":"","color":""},{"label":"46","value":"EU 46","price":"","pimage":"","pimage_id":"","pthumb":"","color":""},{"label":"47","value":"EU 47","price":"","pimage":"","pimage_id":"","pthumb":"","color":""},{"label":"47.5","value":"EU 47.5","price":"","pimage":"","pimage_id":"","pthumb":"","color":""},{"label":"48","value":"EU 48","price":"","pimage":"","pimage_id":"","pthumb":"","color":""}],"relations":[{"operator":false,"rules":[]}],"form_id":18106,"form_rules":{"pric_cal_option_once":false,"exclude_from_discount":false,"pric_use_as_fee":false,"fee_label":"Fee","render_after_acb":false,"disp_hide_options_price":false}}]},"yoast_head":"<!-- This site is optimized with the Yoast SEO plugin v26.5 - https:\/\/yoast.com\/wordpress\/plugins\/seo\/ -->\n<title>Nike Vaporfly 4 &#039;Obsidian\/Persian Violet\/Green Abyss\/White&#039; - Tourcruiser PTE. LTD<\/title>\n<meta name=\"robots\" content=\"index, follow, max-snippet:-1, max-image-preview:large, max-video-preview:-1\" \/>\n<link rel=\"canonical\" href=\"https:\/\/tourcruiser.com\/de\/products\/nike-vaporfly-4-men-s-road-racing-shoes-hf6414-401\/\" \/>\n<meta property=\"og:locale\" content=\"de_DE\" \/>\n<meta property=\"og:type\" content=\"article\" \/>\n<meta property=\"og:title\" content=\"Nike Vaporfly 4 &#039;Obsidian\/Persian Violet\/Green Abyss\/White&#039; - Tourcruiser PTE. LTD\" \/>\n<meta property=\"og:description\" content=\"Nike Vaporfly 4 \u2014 Obsidian\/Persian Violet\/Green Abyss\/White\" \/>\n<meta property=\"og:url\" content=\"https:\/\/tourcruiser.com\/de\/products\/nike-vaporfly-4-men-s-road-racing-shoes-hf6414-401\/\" \/>\n<meta property=\"og:site_name\" content=\"Tourcruiser Sneaker Store\" \/>\n<meta property=\"article:modified_time\" content=\"2026-03-27T17:27:17+00:00\" \/>\n<meta name=\"twitter:card\" content=\"summary_large_image\" \/>\n<meta name=\"twitter:image\" content=\"https:\/\/images.novelship.com\/product\/nike_vaporfly_4_obsidian_persian_violet_green_abys_0_4839.png\" \/>\n<script type=\"application\/ld+json\" class=\"yoast-schema-graph\">{\"@context\":\"https:\/\/schema.org\",\"@graph\":[{\"@type\":\"WebPage\",\"@id\":\"https:\/\/tourcruiser.com\/de\/products\/nike-vaporfly-4-men-s-road-racing-shoes-hf6414-401\/\",\"url\":\"https:\/\/tourcruiser.com\/de\/products\/nike-vaporfly-4-men-s-road-racing-shoes-hf6414-401\/\",\"name\":\"Nike Vaporfly 4 'Obsidian\/Persian Violet\/Green Abyss\/White' - Tourcruiser PTE. LTD\",\"isPartOf\":{\"@id\":\"https:\/\/tourcruiser.com\/de\/#website\"},\"primaryImageOfPage\":{\"@id\":\"https:\/\/tourcruiser.com\/de\/products\/nike-vaporfly-4-men-s-road-racing-shoes-hf6414-401\/#primaryimage\"},\"image\":{\"@id\":\"https:\/\/tourcruiser.com\/de\/products\/nike-vaporfly-4-men-s-road-racing-shoes-hf6414-401\/#primaryimage\"},\"thumbnailUrl\":\"https:\/\/images.novelship.com\/product\/nike_vaporfly_4_obsidian_persian_violet_green_abys_0_4839.png\",\"datePublished\":\"2026-02-20T08:08:34+00:00\",\"dateModified\":\"2026-03-27T17:27:17+00:00\",\"breadcrumb\":{\"@id\":\"https:\/\/tourcruiser.com\/de\/products\/nike-vaporfly-4-men-s-road-racing-shoes-hf6414-401\/#breadcrumb\"},\"inLanguage\":\"de\",\"potentialAction\":[{\"@type\":\"ReadAction\",\"target\":[\"https:\/\/tourcruiser.com\/de\/products\/nike-vaporfly-4-men-s-road-racing-shoes-hf6414-401\/\"]}]},{\"@type\":\"ImageObject\",\"inLanguage\":\"de\",\"@id\":\"https:\/\/tourcruiser.com\/de\/products\/nike-vaporfly-4-men-s-road-racing-shoes-hf6414-401\/#primaryimage\",\"url\":\"https:\/\/images.novelship.com\/product\/nike_vaporfly_4_obsidian_persian_violet_green_abys_0_4839.png\",\"contentUrl\":\"https:\/\/images.novelship.com\/product\/nike_vaporfly_4_obsidian_persian_violet_green_abys_0_4839.png\"},{\"@type\":\"BreadcrumbList\",\"@id\":\"https:\/\/tourcruiser.com\/de\/products\/nike-vaporfly-4-men-s-road-racing-shoes-hf6414-401\/#breadcrumb\",\"itemListElement\":[{\"@type\":\"ListItem\",\"position\":1,\"name\":\"Home\",\"item\":\"https:\/\/tourcruiser.com\/de\/\"},{\"@type\":\"ListItem\",\"position\":2,\"name\":\"Shop\",\"item\":\"https:\/\/tourcruiser.com\/de\/shop\/\"},{\"@type\":\"ListItem\",\"position\":3,\"name\":\"Nike Vaporfly 4 'Obsidian\/Persian Violet\/Green Abyss\/White'\"}]},{\"@type\":\"WebSite\",\"@id\":\"https:\/\/tourcruiser.com\/de\/#website\",\"url\":\"https:\/\/tourcruiser.com\/de\/\",\"name\":\"Styloral Jewelry Shop\",\"description\":\"Tourcruiser Sneaker Store \u2014 der Ort, an dem das Universum deine Einzigartigkeit trifft.\",\"publisher\":{\"@id\":\"https:\/\/tourcruiser.com\/de\/#organization\"},\"potentialAction\":[{\"@type\":\"SearchAction\",\"target\":{\"@type\":\"EntryPoint\",\"urlTemplate\":\"https:\/\/tourcruiser.com\/de\/?s={search_term_string}\"},\"query-input\":{\"@type\":\"PropertyValueSpecification\",\"valueRequired\":true,\"valueName\":\"search_term_string\"}}],\"inLanguage\":\"de\"},{\"@type\":\"Organization\",\"@id\":\"https:\/\/tourcruiser.com\/de\/#organization\",\"name\":\"STYLORAL PTE. LTD\",\"url\":\"https:\/\/tourcruiser.com\/de\/\",\"logo\":{\"@type\":\"ImageObject\",\"inLanguage\":\"de\",\"@id\":\"https:\/\/tourcruiser.com\/de\/#\/schema\/logo\/image\/\",\"url\":\"https:\/\/www.tourcruiser.com\/wp-content\/uploads\/2025\/12\/logo.png\",\"contentUrl\":\"https:\/\/www.tourcruiser.com\/wp-content\/uploads\/2025\/12\/logo.png\",\"width\":200,\"height\":65,\"caption\":\"STYLORAL PTE. LTD\"},\"image\":{\"@id\":\"https:\/\/tourcruiser.com\/de\/#\/schema\/logo\/image\/\"}}]}<\/script>\n<!-- \/ Yoast SEO plugin. -->","yoast_head_json":{"title":"Nike Vaporfly 4 'Obsidian\/Persian Violet\/Green Abyss\/White' - Tourcruiser PTE. LTD","robots":{"index":"index","follow":"follow","max-snippet":"max-snippet:-1","max-image-preview":"max-image-preview:large","max-video-preview":"max-video-preview:-1"},"canonical":"https:\/\/tourcruiser.com\/de\/products\/nike-vaporfly-4-men-s-road-racing-shoes-hf6414-401\/","og_locale":"de_DE","og_type":"article","og_title":"Nike Vaporfly 4 'Obsidian\/Persian Violet\/Green Abyss\/White' - Tourcruiser PTE. LTD","og_description":"Nike Vaporfly 4 \u2014 Obsidian\/Persian Violet\/Green Abyss\/White","og_url":"https:\/\/tourcruiser.com\/de\/products\/nike-vaporfly-4-men-s-road-racing-shoes-hf6414-401\/","og_site_name":"Tourcruiser Sneaker Store","article_modified_time":"2026-03-27T17:27:17+00:00","twitter_card":"summary_large_image","twitter_image":"https:\/\/images.novelship.com\/product\/nike_vaporfly_4_obsidian_persian_violet_green_abys_0_4839.png","schema":{"@context":"https:\/\/schema.org","@graph":[{"@type":"WebPage","@id":"https:\/\/tourcruiser.com\/de\/products\/nike-vaporfly-4-men-s-road-racing-shoes-hf6414-401\/","url":"https:\/\/tourcruiser.com\/de\/products\/nike-vaporfly-4-men-s-road-racing-shoes-hf6414-401\/","name":"Nike Vaporfly 4 'Obsidian\/Persian Violet\/Green Abyss\/White' - Tourcruiser PTE. LTD","isPartOf":{"@id":"https:\/\/tourcruiser.com\/de\/#website"},"primaryImageOfPage":{"@id":"https:\/\/tourcruiser.com\/de\/products\/nike-vaporfly-4-men-s-road-racing-shoes-hf6414-401\/#primaryimage"},"image":{"@id":"https:\/\/tourcruiser.com\/de\/products\/nike-vaporfly-4-men-s-road-racing-shoes-hf6414-401\/#primaryimage"},"thumbnailUrl":"https:\/\/images.novelship.com\/product\/nike_vaporfly_4_obsidian_persian_violet_green_abys_0_4839.png","datePublished":"2026-02-20T08:08:34+00:00","dateModified":"2026-03-27T17:27:17+00:00","breadcrumb":{"@id":"https:\/\/tourcruiser.com\/de\/products\/nike-vaporfly-4-men-s-road-racing-shoes-hf6414-401\/#breadcrumb"},"inLanguage":"de","potentialAction":[{"@type":"ReadAction","target":["https:\/\/tourcruiser.com\/de\/products\/nike-vaporfly-4-men-s-road-racing-shoes-hf6414-401\/"]}]},{"@type":"ImageObject","inLanguage":"de","@id":"https:\/\/tourcruiser.com\/de\/products\/nike-vaporfly-4-men-s-road-racing-shoes-hf6414-401\/#primaryimage","url":"https:\/\/images.novelship.com\/product\/nike_vaporfly_4_obsidian_persian_violet_green_abys_0_4839.png","contentUrl":"https:\/\/images.novelship.com\/product\/nike_vaporfly_4_obsidian_persian_violet_green_abys_0_4839.png"},{"@type":"BreadcrumbList","@id":"https:\/\/tourcruiser.com\/de\/products\/nike-vaporfly-4-men-s-road-racing-shoes-hf6414-401\/#breadcrumb","itemListElement":[{"@type":"ListItem","position":1,"name":"Home","item":"https:\/\/tourcruiser.com\/de\/"},{"@type":"ListItem","position":2,"name":"Shop","item":"https:\/\/tourcruiser.com\/de\/shop\/"},{"@type":"ListItem","position":3,"name":"Nike Vaporfly 4 'Obsidian\/Persian Violet\/Green Abyss\/White'"}]},{"@type":"WebSite","@id":"https:\/\/tourcruiser.com\/de\/#website","url":"https:\/\/tourcruiser.com\/de\/","name":"Styloral Jewelry Shop","description":"Tourcruiser Sneaker Store \u2014 der Ort, an dem das Universum deine Einzigartigkeit trifft.","publisher":{"@id":"https:\/\/tourcruiser.com\/de\/#organization"},"potentialAction":[{"@type":"SearchAction","target":{"@type":"EntryPoint","urlTemplate":"https:\/\/tourcruiser.com\/de\/?s={search_term_string}"},"query-input":{"@type":"PropertyValueSpecification","valueRequired":true,"valueName":"search_term_string"}}],"inLanguage":"de"},{"@type":"Organization","@id":"https:\/\/tourcruiser.com\/de\/#organization","name":"STYLORAL PTE. LTD","url":"https:\/\/tourcruiser.com\/de\/","logo":{"@type":"ImageObject","inLanguage":"de","@id":"https:\/\/tourcruiser.com\/de\/#\/schema\/logo\/image\/","url":"https:\/\/www.tourcruiser.com\/wp-content\/uploads\/2025\/12\/logo.png","contentUrl":"https:\/\/www.tourcruiser.com\/wp-content\/uploads\/2025\/12\/logo.png","width":200,"height":65,"caption":"STYLORAL PTE. LTD"},"image":{"@id":"https:\/\/tourcruiser.com\/de\/#\/schema\/logo\/image\/"}}]}},"_links":{"self":[{"href":"https:\/\/tourcruiser.com\/de\/wp-json\/wp\/v2\/product\/17004","targetHints":{"allow":["GET"]}}],"collection":[{"href":"https:\/\/tourcruiser.com\/de\/wp-json\/wp\/v2\/product"}],"about":[{"href":"https:\/\/tourcruiser.com\/de\/wp-json\/wp\/v2\/types\/product"}],"replies":[{"embeddable":true,"href":"https:\/\/tourcruiser.com\/de\/wp-json\/wp\/v2\/comments?post=17004"}],"wp:featuredmedia":[{"embeddable":true,"href":"https:\/\/tourcruiser.com\/de\/wp-json\/wp\/v2\/media\/17005"}],"wp:attachment":[{"href":"https:\/\/tourcruiser.com\/de\/wp-json\/wp\/v2\/media?parent=17004"}],"wp:term":[{"taxonomy":"product_brand","embeddable":true,"href":"https:\/\/tourcruiser.com\/de\/wp-json\/wp\/v2\/product_brand?post=17004"},{"taxonomy":"product_cat","embeddable":true,"href":"https:\/\/tourcruiser.com\/de\/wp-json\/wp\/v2\/product_cat?post=17004"},{"taxonomy":"product_tag","embeddable":true,"href":"https:\/\/tourcruiser.com\/de\/wp-json\/wp\/v2\/product_tag?post=17004"}],"curies":[{"name":"wp","href":"https:\/\/api.w.org\/{rel}","templated":true}]}}