{"id":169921,"date":"2026-03-02T16:20:20","date_gmt":"2026-03-02T09:20:20","guid":{"rendered":"http:\/\/tourcruiser.com\/product\/ugg-classic-short-weather-hybrid-boot-chestnut-whitecap"},"modified":"2026-03-28T01:37:49","modified_gmt":"2026-03-27T18:37:49","slug":"ugg-classic-short-weather-hybrid-boot-chestnut-whitecap","status":"publish","type":"product","link":"https:\/\/tourcruiser.com\/de\/products\/ugg-classic-short-weather-hybrid-boot-chestnut-whitecap\/","title":{"rendered":"UGG Classic Short Weather Hybrid Boot &#8218;Chestnut Whitecap&#8216;"},"content":{"rendered":"<p>Genie\u00dfen Sie m\u00fchelosen Stil und W\u00e4rme mit den UGG Classic Short Weather Hybrid Boots. In der vielseitigen Farbe \u201eChestnut Whitecap\u201c gehalten, bieten diese Stiefel wasserdichtes Leder und Veloursleder als Obermaterial, das Ihre F\u00fc\u00dfe auch bei N\u00e4sse trocken und komfortabel h\u00e4lt. Das weiche Wollfutter sorgt f\u00fcr hervorragende Isolation, w\u00e4hrend die Treadlite by UGG\u00e2\u201e\u00a2-Au\u00dfensohle ganzt\u00e4gige D\u00e4mpfung und Traktion gew\u00e4hrleistet. Perfekt f\u00fcr den \u00dcbergang vom Herbst zum Winter: Diese Stiefel werten jedes Outfit mit ihrem zeitlosen Design und ihrer funktionalen Vielseitigkeit auf.<\/p>\n<ul>\n<li><strong>Farbe:<\/strong> Chestnut\/Whitecap<\/li>\n<li><strong>Artikelnummer:<\/strong> 1143992-CWTC<\/li>\n<li><strong>Obermaterial:<\/strong> Veloursleder<\/li>\n<li><strong>Zwischensohle:<\/strong> EVA<\/li>\n<li><strong>Farbe:<\/strong> Braun<\/li>\n<\/ul>\n","protected":false},"excerpt":{"rendered":"<p>UGG Classic Short \u201d\u201d Chestnut\/Whitecap<\/p>\n","protected":false},"featured_media":169922,"comment_status":"open","ping_status":"closed","template":"","meta":[],"product_brand":[],"product_cat":[12436],"product_tag":[10753,11245,10754,13060,13703,11246,11666,10758],"class_list":{"0":"post-169921","1":"product","2":"type-product","3":"status-publish","4":"has-post-thumbnail","6":"product_cat-ugg","7":"product_tag-gift-for-him","8":"product_tag-lifestyle-boots","9":"product_tag-lifestyle-casual-shoes","10":"product_tag-outdoor-boots","11":"product_tag-snow-boots","12":"product_tag-ugg","13":"product_tag-ugg-collection","14":"product_tag-under-retail","15":"wcpa_has_options","17":"first","18":"outofstock","19":"taxable","20":"shipping-taxable","21":"purchasable","22":"product-type-simple"},"wcpa_form_fields":{"rules":{"pric_overide_base_price":false,"pric_overide_base_price_if_gt_zero":false,"pric_overide_base_price_fully":false,"pric_cal_option_once":false,"pric_use_as_fee":false,"bind_quantity":false,"quantity_bind_formula":false},"fields":[{"type":"color-group","required":true,"elementId":"wcpa-color-group-69a5ad3fdca11","label":"Gr\u00f6\u00dfe","inline":true,"priceOptions":"different_for_all","pricingType":"fixed","className":"hassizechart product-shoes-size-eu product-shoes-size","name":"color-group-69a5ad3fdca1a","disp_type":"square","selection_type":"tick-border","disp_size":"50","show_label_inside":true,"adjust_width":true,"cart_display_type":"text","other_text":"Other","cl_rule":"show","col":6,"values":[{"label":"36","value":"EU 36","price":"","pimage":"","pimage_id":"","pthumb":"","color":"","selected":true},{"label":"37","value":"EU 37","price":"","pimage":"","pimage_id":"","pthumb":"","color":""},{"label":"37.5","value":"EU 37.5","price":"","pimage":"","pimage_id":"","pthumb":"","color":""},{"label":"38","value":"EU 38","price":"","pimage":"","pimage_id":"","pthumb":"","color":""},{"label":"38.5","value":"EU 38.5","price":"","pimage":"","pimage_id":"","pthumb":"","color":""},{"label":"39","value":"EU 39","price":"","pimage":"","pimage_id":"","pthumb":"","color":""},{"label":"39.5","value":"EU 39.5","price":"","pimage":"","pimage_id":"","pthumb":"","color":""},{"label":"40","value":"EU 40","price":"","pimage":"","pimage_id":"","pthumb":"","color":""},{"label":"40.5","value":"EU 40.5","price":"","pimage":"","pimage_id":"","pthumb":"","color":""},{"label":" 41.5","value":"EU 41.5","price":"","pimage":"","pimage_id":"","pthumb":"","color":""},{"label":"42","value":"EU 42","price":"","pimage":"","pimage_id":"","pthumb":"","color":""},{"label":"42.5","value":"EU 42.5","price":"","pimage":"","pimage_id":"","pthumb":"","color":""},{"label":"43","value":"EU 43","price":"","pimage":"","pimage_id":"","pthumb":"","color":""},{"label":"44","value":"EU 44","price":"","pimage":"","pimage_id":"","pthumb":"","color":""},{"label":"44.5","value":"EU 44.5","price":"","pimage":"","pimage_id":"","pthumb":"","color":""},{"label":"45","value":"EU 45","price":"","pimage":"","pimage_id":"","pthumb":"","color":""}],"relations":[{"operator":false,"rules":[]}],"form_id":184314,"form_rules":{"pric_cal_option_once":false,"exclude_from_discount":false,"pric_use_as_fee":false,"fee_label":"Fee","render_after_acb":false,"disp_hide_options_price":false}}]},"yoast_head":"<!-- This site is optimized with the Yoast SEO plugin v26.5 - https:\/\/yoast.com\/wordpress\/plugins\/seo\/ -->\n<title>UGG Classic Short Weather Hybrid Boot &#039;Chestnut Whitecap&#039;  - Tourcruiser PTE. LTD<\/title>\n<meta name=\"robots\" content=\"index, follow, max-snippet:-1, max-image-preview:large, max-video-preview:-1\" \/>\n<link rel=\"canonical\" href=\"https:\/\/tourcruiser.com\/\" \/>\n<meta property=\"og:locale\" content=\"de_DE\" \/>\n<meta property=\"og:type\" content=\"article\" \/>\n<meta property=\"og:title\" content=\"UGG Classic Short Weather Hybrid Boot &#039;Chestnut Whitecap&#039;  - Tourcruiser PTE. LTD\" \/>\n<meta property=\"og:description\" content=\"UGG Classic Short \u201d\u201d Chestnut\/Whitecap\" \/>\n<meta property=\"og:url\" content=\"\/\" \/>\n<meta property=\"og:site_name\" content=\"Tourcruiser Sneaker Store\" \/>\n<meta property=\"article:modified_time\" content=\"2026-03-27T18:37:49+00:00\" \/>\n<meta name=\"twitter:card\" content=\"summary_large_image\" \/>\n<meta name=\"twitter:image\" content=\"https:\/\/images.novelship.com\/product\/ugg_classic_short_weather_hybrid__brown_beige__114_0_59742.jpeg;https:\/\/images.novelship.com\/product\/ugg_classic_short_weather_hybrid__brown_beige__114_1_59742.jpeg;https:\/\/images.novelship.com\/product\/ugg_classic_short_weather_hybrid__brown_beige__114_2_59742.jpeg;https:\/\/images.novelship.com\/product\/ugg_classic_short_weather_hybrid__brown_beige__114_3_59742.jpeg;https:\/\/images.novelship.com\/product\/ugg_classic_short_weather_hybrid__brown_beige__114_4_59742.jpeg;https:\/\/images.novelship.com\/product\/ugg_classic_short_weather_hybrid__brown_beige__114_5_59742.jpeg\" \/>\n<meta name=\"twitter:label1\" content=\"Gesch\u00e4tzte Lesezeit\" \/>\n\t<meta name=\"twitter:data1\" content=\"1\u00a0Minute\" \/>\n<script type=\"application\/ld+json\" class=\"yoast-schema-graph\">{\"@context\":\"https:\/\/schema.org\",\"@graph\":[{\"@type\":\"WebPage\",\"@id\":\"\/\",\"url\":\"https:\/\/tourcruiser.com\/\",\"name\":\"UGG Classic Short Weather Hybrid Boot 'Chestnut Whitecap' - Tourcruiser PTE. LTD\",\"isPartOf\":{\"@id\":\"https:\/\/tourcruiser.com\/de\/#website\"},\"primaryImageOfPage\":{\"@id\":\"https:\/\/tourcruiser.com\/#primaryimage\"},\"image\":{\"@id\":\"https:\/\/tourcruiser.com\/#primaryimage\"},\"thumbnailUrl\":\"https:\/\/images.novelship.com\/product\/ugg_classic_short_weather_hybrid__brown_beige__114_0_59742.jpeg;https:\/\/images.novelship.com\/product\/ugg_classic_short_weather_hybrid__brown_beige__114_1_59742.jpeg;https:\/\/images.novelship.com\/product\/ugg_classic_short_weather_hybrid__brown_beige__114_2_59742.jpeg;https:\/\/images.novelship.com\/product\/ugg_classic_short_weather_hybrid__brown_beige__114_3_59742.jpeg;https:\/\/images.novelship.com\/product\/ugg_classic_short_weather_hybrid__brown_beige__114_4_59742.jpeg;https:\/\/images.novelship.com\/product\/ugg_classic_short_weather_hybrid__brown_beige__114_5_59742.jpeg\",\"datePublished\":\"2026-03-02T09:20:20+00:00\",\"dateModified\":\"2026-03-27T18:37:49+00:00\",\"breadcrumb\":{\"@id\":\"https:\/\/tourcruiser.com\/#breadcrumb\"},\"inLanguage\":\"de\",\"potentialAction\":[{\"@type\":\"ReadAction\",\"target\":[\"https:\/\/tourcruiser.com\/\"]}]},{\"@type\":\"ImageObject\",\"inLanguage\":\"de\",\"@id\":\"https:\/\/tourcruiser.com\/#primaryimage\",\"url\":\"https:\/\/images.novelship.com\/product\/ugg_classic_short_weather_hybrid__brown_beige__114_0_59742.jpeg;https:\/\/images.novelship.com\/product\/ugg_classic_short_weather_hybrid__brown_beige__114_1_59742.jpeg;https:\/\/images.novelship.com\/product\/ugg_classic_short_weather_hybrid__brown_beige__114_2_59742.jpeg;https:\/\/images.novelship.com\/product\/ugg_classic_short_weather_hybrid__brown_beige__114_3_59742.jpeg;https:\/\/images.novelship.com\/product\/ugg_classic_short_weather_hybrid__brown_beige__114_4_59742.jpeg;https:\/\/images.novelship.com\/product\/ugg_classic_short_weather_hybrid__brown_beige__114_5_59742.jpeg\",\"contentUrl\":\"https:\/\/images.novelship.com\/product\/ugg_classic_short_weather_hybrid__brown_beige__114_0_59742.jpeg;https:\/\/images.novelship.com\/product\/ugg_classic_short_weather_hybrid__brown_beige__114_1_59742.jpeg;https:\/\/images.novelship.com\/product\/ugg_classic_short_weather_hybrid__brown_beige__114_2_59742.jpeg;https:\/\/images.novelship.com\/product\/ugg_classic_short_weather_hybrid__brown_beige__114_3_59742.jpeg;https:\/\/images.novelship.com\/product\/ugg_classic_short_weather_hybrid__brown_beige__114_4_59742.jpeg;https:\/\/images.novelship.com\/product\/ugg_classic_short_weather_hybrid__brown_beige__114_5_59742.jpeg\"},{\"@type\":\"BreadcrumbList\",\"@id\":\"https:\/\/tourcruiser.com\/#breadcrumb\",\"itemListElement\":[{\"@type\":\"ListItem\",\"position\":1,\"name\":\"Home\",\"item\":\"https:\/\/tourcruiser.com\/de\/\"},{\"@type\":\"ListItem\",\"position\":2,\"name\":\"Shop\",\"item\":\"https:\/\/tourcruiser.com\/de\/shop\/\"},{\"@type\":\"ListItem\",\"position\":3,\"name\":\"UGG Classic Short Weather Hybrid Boot &#8218;Chestnut Whitecap&#8216;\"}]},{\"@type\":\"WebSite\",\"@id\":\"https:\/\/tourcruiser.com\/de\/#website\",\"url\":\"https:\/\/tourcruiser.com\/de\/\",\"name\":\"Styloral Jewelry Shop\",\"description\":\"Tourcruiser Sneaker Store \u2014 der Ort, an dem das Universum deine Einzigartigkeit trifft.\",\"publisher\":{\"@id\":\"https:\/\/tourcruiser.com\/de\/#organization\"},\"potentialAction\":[{\"@type\":\"SearchAction\",\"target\":{\"@type\":\"EntryPoint\",\"urlTemplate\":\"https:\/\/tourcruiser.com\/de\/?s={search_term_string}\"},\"query-input\":{\"@type\":\"PropertyValueSpecification\",\"valueRequired\":true,\"valueName\":\"search_term_string\"}}],\"inLanguage\":\"de\"},{\"@type\":\"Organization\",\"@id\":\"https:\/\/tourcruiser.com\/de\/#organization\",\"name\":\"STYLORAL PTE. LTD\",\"url\":\"https:\/\/tourcruiser.com\/de\/\",\"logo\":{\"@type\":\"ImageObject\",\"inLanguage\":\"de\",\"@id\":\"https:\/\/tourcruiser.com\/de\/#\/schema\/logo\/image\/\",\"url\":\"https:\/\/www.tourcruiser.com\/wp-content\/uploads\/2025\/12\/logo.png\",\"contentUrl\":\"https:\/\/www.tourcruiser.com\/wp-content\/uploads\/2025\/12\/logo.png\",\"width\":200,\"height\":65,\"caption\":\"STYLORAL PTE. LTD\"},\"image\":{\"@id\":\"https:\/\/tourcruiser.com\/de\/#\/schema\/logo\/image\/\"}}]}<\/script>\n<!-- \/ Yoast SEO plugin. -->","yoast_head_json":{"title":"UGG Classic Short Weather Hybrid Boot 'Chestnut Whitecap'  - Tourcruiser PTE. LTD","robots":{"index":"index","follow":"follow","max-snippet":"max-snippet:-1","max-image-preview":"max-image-preview:large","max-video-preview":"max-video-preview:-1"},"canonical":"https:\/\/tourcruiser.com\/","og_locale":"de_DE","og_type":"article","og_title":"UGG Classic Short Weather Hybrid Boot 'Chestnut Whitecap'  - Tourcruiser PTE. LTD","og_description":"UGG Classic Short \u201d\u201d Chestnut\/Whitecap","og_url":"\/","og_site_name":"Tourcruiser Sneaker Store","article_modified_time":"2026-03-27T18:37:49+00:00","twitter_card":"summary_large_image","twitter_image":"https:\/\/images.novelship.com\/product\/ugg_classic_short_weather_hybrid__brown_beige__114_0_59742.jpeg;https:\/\/images.novelship.com\/product\/ugg_classic_short_weather_hybrid__brown_beige__114_1_59742.jpeg;https:\/\/images.novelship.com\/product\/ugg_classic_short_weather_hybrid__brown_beige__114_2_59742.jpeg;https:\/\/images.novelship.com\/product\/ugg_classic_short_weather_hybrid__brown_beige__114_3_59742.jpeg;https:\/\/images.novelship.com\/product\/ugg_classic_short_weather_hybrid__brown_beige__114_4_59742.jpeg;https:\/\/images.novelship.com\/product\/ugg_classic_short_weather_hybrid__brown_beige__114_5_59742.jpeg","twitter_misc":{"Gesch\u00e4tzte Lesezeit":"1\u00a0Minute"},"schema":{"@context":"https:\/\/schema.org","@graph":[{"@type":"WebPage","@id":"\/","url":"https:\/\/tourcruiser.com\/","name":"UGG Classic Short Weather Hybrid Boot 'Chestnut Whitecap' - Tourcruiser PTE. LTD","isPartOf":{"@id":"https:\/\/tourcruiser.com\/de\/#website"},"primaryImageOfPage":{"@id":"https:\/\/tourcruiser.com\/#primaryimage"},"image":{"@id":"https:\/\/tourcruiser.com\/#primaryimage"},"thumbnailUrl":"https:\/\/images.novelship.com\/product\/ugg_classic_short_weather_hybrid__brown_beige__114_0_59742.jpeg;https:\/\/images.novelship.com\/product\/ugg_classic_short_weather_hybrid__brown_beige__114_1_59742.jpeg;https:\/\/images.novelship.com\/product\/ugg_classic_short_weather_hybrid__brown_beige__114_2_59742.jpeg;https:\/\/images.novelship.com\/product\/ugg_classic_short_weather_hybrid__brown_beige__114_3_59742.jpeg;https:\/\/images.novelship.com\/product\/ugg_classic_short_weather_hybrid__brown_beige__114_4_59742.jpeg;https:\/\/images.novelship.com\/product\/ugg_classic_short_weather_hybrid__brown_beige__114_5_59742.jpeg","datePublished":"2026-03-02T09:20:20+00:00","dateModified":"2026-03-27T18:37:49+00:00","breadcrumb":{"@id":"https:\/\/tourcruiser.com\/#breadcrumb"},"inLanguage":"de","potentialAction":[{"@type":"ReadAction","target":["https:\/\/tourcruiser.com\/"]}]},{"@type":"ImageObject","inLanguage":"de","@id":"https:\/\/tourcruiser.com\/#primaryimage","url":"https:\/\/images.novelship.com\/product\/ugg_classic_short_weather_hybrid__brown_beige__114_0_59742.jpeg;https:\/\/images.novelship.com\/product\/ugg_classic_short_weather_hybrid__brown_beige__114_1_59742.jpeg;https:\/\/images.novelship.com\/product\/ugg_classic_short_weather_hybrid__brown_beige__114_2_59742.jpeg;https:\/\/images.novelship.com\/product\/ugg_classic_short_weather_hybrid__brown_beige__114_3_59742.jpeg;https:\/\/images.novelship.com\/product\/ugg_classic_short_weather_hybrid__brown_beige__114_4_59742.jpeg;https:\/\/images.novelship.com\/product\/ugg_classic_short_weather_hybrid__brown_beige__114_5_59742.jpeg","contentUrl":"https:\/\/images.novelship.com\/product\/ugg_classic_short_weather_hybrid__brown_beige__114_0_59742.jpeg;https:\/\/images.novelship.com\/product\/ugg_classic_short_weather_hybrid__brown_beige__114_1_59742.jpeg;https:\/\/images.novelship.com\/product\/ugg_classic_short_weather_hybrid__brown_beige__114_2_59742.jpeg;https:\/\/images.novelship.com\/product\/ugg_classic_short_weather_hybrid__brown_beige__114_3_59742.jpeg;https:\/\/images.novelship.com\/product\/ugg_classic_short_weather_hybrid__brown_beige__114_4_59742.jpeg;https:\/\/images.novelship.com\/product\/ugg_classic_short_weather_hybrid__brown_beige__114_5_59742.jpeg"},{"@type":"BreadcrumbList","@id":"https:\/\/tourcruiser.com\/#breadcrumb","itemListElement":[{"@type":"ListItem","position":1,"name":"Home","item":"https:\/\/tourcruiser.com\/de\/"},{"@type":"ListItem","position":2,"name":"Shop","item":"https:\/\/tourcruiser.com\/de\/shop\/"},{"@type":"ListItem","position":3,"name":"UGG Classic Short Weather Hybrid Boot &#8218;Chestnut Whitecap&#8216;"}]},{"@type":"WebSite","@id":"https:\/\/tourcruiser.com\/de\/#website","url":"https:\/\/tourcruiser.com\/de\/","name":"Styloral Jewelry Shop","description":"Tourcruiser Sneaker Store \u2014 der Ort, an dem das Universum deine Einzigartigkeit trifft.","publisher":{"@id":"https:\/\/tourcruiser.com\/de\/#organization"},"potentialAction":[{"@type":"SearchAction","target":{"@type":"EntryPoint","urlTemplate":"https:\/\/tourcruiser.com\/de\/?s={search_term_string}"},"query-input":{"@type":"PropertyValueSpecification","valueRequired":true,"valueName":"search_term_string"}}],"inLanguage":"de"},{"@type":"Organization","@id":"https:\/\/tourcruiser.com\/de\/#organization","name":"STYLORAL PTE. LTD","url":"https:\/\/tourcruiser.com\/de\/","logo":{"@type":"ImageObject","inLanguage":"de","@id":"https:\/\/tourcruiser.com\/de\/#\/schema\/logo\/image\/","url":"https:\/\/www.tourcruiser.com\/wp-content\/uploads\/2025\/12\/logo.png","contentUrl":"https:\/\/www.tourcruiser.com\/wp-content\/uploads\/2025\/12\/logo.png","width":200,"height":65,"caption":"STYLORAL PTE. LTD"},"image":{"@id":"https:\/\/tourcruiser.com\/de\/#\/schema\/logo\/image\/"}}]}},"_links":{"self":[{"href":"https:\/\/tourcruiser.com\/de\/wp-json\/wp\/v2\/product\/169921","targetHints":{"allow":["GET"]}}],"collection":[{"href":"https:\/\/tourcruiser.com\/de\/wp-json\/wp\/v2\/product"}],"about":[{"href":"https:\/\/tourcruiser.com\/de\/wp-json\/wp\/v2\/types\/product"}],"replies":[{"embeddable":true,"href":"https:\/\/tourcruiser.com\/de\/wp-json\/wp\/v2\/comments?post=169921"}],"wp:featuredmedia":[{"embeddable":true,"href":"https:\/\/tourcruiser.com\/de\/wp-json\/wp\/v2\/media\/169922"}],"wp:attachment":[{"href":"https:\/\/tourcruiser.com\/de\/wp-json\/wp\/v2\/media?parent=169921"}],"wp:term":[{"taxonomy":"product_brand","embeddable":true,"href":"https:\/\/tourcruiser.com\/de\/wp-json\/wp\/v2\/product_brand?post=169921"},{"taxonomy":"product_cat","embeddable":true,"href":"https:\/\/tourcruiser.com\/de\/wp-json\/wp\/v2\/product_cat?post=169921"},{"taxonomy":"product_tag","embeddable":true,"href":"https:\/\/tourcruiser.com\/de\/wp-json\/wp\/v2\/product_tag?post=169921"}],"curies":[{"name":"wp","href":"https:\/\/api.w.org\/{rel}","templated":true}]}}