{"id":169769,"date":"2026-03-02T16:20:07","date_gmt":"2026-03-02T09:20:07","guid":{"rendered":"http:\/\/tourcruiser.com\/product\/women-nike-court-vision-alta-white-glacier-blue"},"modified":"2026-03-28T01:37:41","modified_gmt":"2026-03-27T18:37:41","slug":"women-nike-court-vision-alta-white-glacier-blue","status":"publish","type":"product","link":"https:\/\/tourcruiser.com\/de\/products\/women-nike-court-vision-alta-white-glacier-blue\/","title":{"rendered":"(Women) Nike Court Vision Alta &#8218;White Glacier Blue&#8216;"},"content":{"rendered":"<p>Mit dem Nike Court Vision Alta DZ5394-101 f\u00fcr Damen vereinst du Style und Komfort perfekt: Retro-Basketball-Design trifft auf modernen Streetwear-Chic. Das elegante wei\u00dfe Leder-Obermaterial mit dezenten Ton-in-Ton-Akzenten verleiht diesen Sneakern eine cleane und vielseitige Optik, die sich m\u00fchelos mit jedem Outfit kombinieren l\u00e4sst. Die Plateausohle sorgt nicht nur f\u00fcr einen markanten Look, sondern bietet auch ganzt\u00e4gigen Tragekomfort und Halt. Der Court Vision Alta wurde speziell f\u00fcr Frauen entwickelt und bietet eine optimale Passform sowie leichte D\u00e4mpfung f\u00fcr ein perfektes Tragegef\u00fchl. Die robuste Konstruktion garantiert lange Haltbarkeit, w\u00e4hrend die Gummiau\u00dfensohle hervorragende Traktion f\u00fcr deine t\u00e4glichen Abenteuer bietet. Ob beim Bummeln durch die Stra\u00dfen, beim Treffen mit Freunden oder beim Erledigen von Besorgungen \u201d\u201c dieser zeitlose Sneaker sorgt bei jedem Schritt f\u00fcr Stil und Komfort.<\/p>\n<ul>\n<li><strong>Farbgebung:<\/strong> Wei\u00df\/Gletscherblau<\/li>\n<li><strong>Artikelnummer:<\/strong> DZ5394-101<\/li>\n<li><strong>Obermaterial:<\/strong> Leder<\/li>\n<li><strong>Farbe:<\/strong> Wei\u00df<\/li>\n<\/ul>\n","protected":false},"excerpt":{"rendered":"<p>Nike Court Vision Alta \u201d\u201d White\/Glacier Blue<\/p>\n","protected":false},"featured_media":169770,"comment_status":"open","ping_status":"closed","template":"","meta":[],"product_brand":[],"product_cat":[10809],"product_tag":[10917],"class_list":{"0":"post-169769","1":"product","2":"type-product","3":"status-publish","4":"has-post-thumbnail","6":"product_cat-nike-women","7":"product_tag-small-130-usd","8":"wcpa_has_options","10":"first","11":"outofstock","12":"taxable","13":"shipping-taxable","14":"purchasable","15":"product-type-simple"},"wcpa_form_fields":{"rules":{"pric_overide_base_price":false,"pric_overide_base_price_if_gt_zero":false,"pric_overide_base_price_fully":false,"pric_cal_option_once":false,"pric_use_as_fee":false,"bind_quantity":false,"quantity_bind_formula":false},"fields":[{"type":"color-group","required":true,"elementId":"wcpa-color-group-66c4a75505e74","label":"Gr\u00f6\u00dfe - EU Gr\u00f6\u00dfe","inline":true,"priceOptions":"different_for_all","pricingType":"fixed","className":"hassizechart product-shoes-size-eu product-shoes-size","name":"color-group-66c4a75505e89","disp_type":"square","selection_type":"tick-border","disp_size":"44","show_label_inside":true,"adjust_width":true,"cart_display_type":"text","other_text":"Other","cl_rule":"show","col":6,"values":[{"label":"35.5","value":"EU 35.5","price":"","pimage":"","pimage_id":"","pthumb":"","color":""},{"label":"36","value":"EU 36","price":"","pimage":"","pimage_id":"","pthumb":"","color":"","selected":true},{"label":"36.5","value":"EU 36.5","price":"","pimage":"","pimage_id":"","pthumb":"","color":""},{"label":"37.5","value":"EU 37.5","price":"","pimage":"","pimage_id":"","pthumb":"","color":""},{"label":"38","value":"EU 38","price":"","pimage":"","pimage_id":"","pthumb":"","color":""},{"label":"38.5","value":"EU 38.5","price":"","pimage":"","pimage_id":"","pthumb":"","color":""},{"label":"39","value":"EU 39","price":"","pimage":"","pimage_id":"","pthumb":"","color":""},{"label":"40","value":"EU 40","price":"","pimage":"","pimage_id":"","pthumb":"","color":""},{"label":"40.5","value":"EU 40.5","price":"","pimage":"","pimage_id":"","pthumb":"","color":""},{"label":"41","value":"EU 41","price":"","pimage":"","pimage_id":"","pthumb":"","color":""},{"label":"42","value":"EU 42","price":"","pimage":"","pimage_id":"","pthumb":"","color":""},{"label":"42.5","value":"EU 42.5","price":"","pimage":"","pimage_id":"","pthumb":"","color":""},{"label":"43","value":"EU 43","price":"","pimage":"","pimage_id":"","pthumb":"","color":""},{"label":"44","value":"EU 44","price":"","pimage":"","pimage_id":"","pthumb":"","color":""},{"label":"44.5","value":"EU 44.5","price":"","pimage":"","pimage_id":"","pthumb":"","color":""},{"label":"45","value":"EU 45","price":"","pimage":"","pimage_id":"","pthumb":"","color":""},{"label":"45.5","value":"EU 45.5","price":"","pimage":"","pimage_id":"","pthumb":"","color":""},{"label":"46","value":"EU 46","price":"","pimage":"","pimage_id":"","pthumb":"","color":""},{"label":"47","value":"EU 47","price":"","pimage":"","pimage_id":"","pthumb":"","color":""},{"label":"47.5","value":"EU 47.5","price":"","pimage":"","pimage_id":"","pthumb":"","color":""},{"label":"48","value":"EU 48","price":"","pimage":"","pimage_id":"","pthumb":"","color":""}],"relations":[{"operator":false,"rules":[]}],"form_id":18106,"form_rules":{"pric_cal_option_once":false,"exclude_from_discount":false,"pric_use_as_fee":false,"fee_label":"Fee","render_after_acb":false,"disp_hide_options_price":false}}]},"yoast_head":"<!-- This site is optimized with the Yoast SEO plugin v26.5 - https:\/\/yoast.com\/wordpress\/plugins\/seo\/ -->\n<title>(Women) Nike Court Vision Alta &#039;White Glacier Blue&#039;  - Tourcruiser PTE. LTD<\/title>\n<meta name=\"robots\" content=\"index, follow, max-snippet:-1, max-image-preview:large, max-video-preview:-1\" \/>\n<link rel=\"canonical\" href=\"https:\/\/tourcruiser.com\/de\/products\/women-nike-court-vision-alta-white-glacier-blue\/\" \/>\n<meta property=\"og:locale\" content=\"de_DE\" \/>\n<meta property=\"og:type\" content=\"article\" \/>\n<meta property=\"og:title\" content=\"(Women) Nike Court Vision Alta &#039;White Glacier Blue&#039;  - Tourcruiser PTE. LTD\" \/>\n<meta property=\"og:description\" content=\"Nike Court Vision Alta \u201d\u201d White\/Glacier Blue\" \/>\n<meta property=\"og:url\" content=\"https:\/\/tourcruiser.com\/de\/products\/women-nike-court-vision-alta-white-glacier-blue\/\" \/>\n<meta property=\"og:site_name\" content=\"Tourcruiser Sneaker Store\" \/>\n<meta property=\"article:modified_time\" content=\"2026-03-27T18:37:41+00:00\" \/>\n<meta name=\"twitter:card\" content=\"summary_large_image\" \/>\n<meta name=\"twitter:image\" content=\"https:\/\/images.novelship.com\/product\/_w__nike_court_vision_alta_dz5394-101_0_94579.jpeg;https:\/\/images.novelship.com\/product\/_w__nike_court_vision_alta_dz5394-101_1_94579.jpeg;https:\/\/images.novelship.com\/product\/_w__nike_court_vision_alta_dz5394-101_2_94579.jpeg;https:\/\/images.novelship.com\/product\/_w__nike_court_vision_alta_dz5394-101_3_94579.jpeg;https:\/\/images.novelship.com\/product\/_w__nike_court_vision_alta_dz5394-101_4_94579.jpeg;https:\/\/images.novelship.com\/product\/_w__nike_court_vision_alta_dz5394-101_5_94579.jpeg;https:\/\/images.novelship.com\/product\/_w__nike_court_vision_alta_dz5394-101_6_94579.jpeg;https:\/\/images.novelship.com\/product\/_w__nike_court_vision_alta_dz5394-101_7_94579.jpeg\" \/>\n<meta name=\"twitter:label1\" content=\"Gesch\u00e4tzte Lesezeit\" \/>\n\t<meta name=\"twitter:data1\" content=\"1\u00a0Minute\" \/>\n<script type=\"application\/ld+json\" class=\"yoast-schema-graph\">{\"@context\":\"https:\/\/schema.org\",\"@graph\":[{\"@type\":\"WebPage\",\"@id\":\"https:\/\/tourcruiser.com\/de\/products\/women-nike-court-vision-alta-white-glacier-blue\/\",\"url\":\"https:\/\/tourcruiser.com\/de\/products\/women-nike-court-vision-alta-white-glacier-blue\/\",\"name\":\"(Women) Nike Court Vision Alta 'White Glacier Blue' - Tourcruiser PTE. LTD\",\"isPartOf\":{\"@id\":\"https:\/\/tourcruiser.com\/de\/#website\"},\"primaryImageOfPage\":{\"@id\":\"https:\/\/tourcruiser.com\/de\/products\/women-nike-court-vision-alta-white-glacier-blue\/#primaryimage\"},\"image\":{\"@id\":\"https:\/\/tourcruiser.com\/de\/products\/women-nike-court-vision-alta-white-glacier-blue\/#primaryimage\"},\"thumbnailUrl\":\"https:\/\/images.novelship.com\/product\/_w__nike_court_vision_alta_dz5394-101_0_94579.jpeg;https:\/\/images.novelship.com\/product\/_w__nike_court_vision_alta_dz5394-101_1_94579.jpeg;https:\/\/images.novelship.com\/product\/_w__nike_court_vision_alta_dz5394-101_2_94579.jpeg;https:\/\/images.novelship.com\/product\/_w__nike_court_vision_alta_dz5394-101_3_94579.jpeg;https:\/\/images.novelship.com\/product\/_w__nike_court_vision_alta_dz5394-101_4_94579.jpeg;https:\/\/images.novelship.com\/product\/_w__nike_court_vision_alta_dz5394-101_5_94579.jpeg;https:\/\/images.novelship.com\/product\/_w__nike_court_vision_alta_dz5394-101_6_94579.jpeg;https:\/\/images.novelship.com\/product\/_w__nike_court_vision_alta_dz5394-101_7_94579.jpeg\",\"datePublished\":\"2026-03-02T09:20:07+00:00\",\"dateModified\":\"2026-03-27T18:37:41+00:00\",\"breadcrumb\":{\"@id\":\"https:\/\/tourcruiser.com\/de\/products\/women-nike-court-vision-alta-white-glacier-blue\/#breadcrumb\"},\"inLanguage\":\"de\",\"potentialAction\":[{\"@type\":\"ReadAction\",\"target\":[\"https:\/\/tourcruiser.com\/de\/products\/women-nike-court-vision-alta-white-glacier-blue\/\"]}]},{\"@type\":\"ImageObject\",\"inLanguage\":\"de\",\"@id\":\"https:\/\/tourcruiser.com\/de\/products\/women-nike-court-vision-alta-white-glacier-blue\/#primaryimage\",\"url\":\"https:\/\/images.novelship.com\/product\/_w__nike_court_vision_alta_dz5394-101_0_94579.jpeg;https:\/\/images.novelship.com\/product\/_w__nike_court_vision_alta_dz5394-101_1_94579.jpeg;https:\/\/images.novelship.com\/product\/_w__nike_court_vision_alta_dz5394-101_2_94579.jpeg;https:\/\/images.novelship.com\/product\/_w__nike_court_vision_alta_dz5394-101_3_94579.jpeg;https:\/\/images.novelship.com\/product\/_w__nike_court_vision_alta_dz5394-101_4_94579.jpeg;https:\/\/images.novelship.com\/product\/_w__nike_court_vision_alta_dz5394-101_5_94579.jpeg;https:\/\/images.novelship.com\/product\/_w__nike_court_vision_alta_dz5394-101_6_94579.jpeg;https:\/\/images.novelship.com\/product\/_w__nike_court_vision_alta_dz5394-101_7_94579.jpeg\",\"contentUrl\":\"https:\/\/images.novelship.com\/product\/_w__nike_court_vision_alta_dz5394-101_0_94579.jpeg;https:\/\/images.novelship.com\/product\/_w__nike_court_vision_alta_dz5394-101_1_94579.jpeg;https:\/\/images.novelship.com\/product\/_w__nike_court_vision_alta_dz5394-101_2_94579.jpeg;https:\/\/images.novelship.com\/product\/_w__nike_court_vision_alta_dz5394-101_3_94579.jpeg;https:\/\/images.novelship.com\/product\/_w__nike_court_vision_alta_dz5394-101_4_94579.jpeg;https:\/\/images.novelship.com\/product\/_w__nike_court_vision_alta_dz5394-101_5_94579.jpeg;https:\/\/images.novelship.com\/product\/_w__nike_court_vision_alta_dz5394-101_6_94579.jpeg;https:\/\/images.novelship.com\/product\/_w__nike_court_vision_alta_dz5394-101_7_94579.jpeg\"},{\"@type\":\"BreadcrumbList\",\"@id\":\"https:\/\/tourcruiser.com\/de\/products\/women-nike-court-vision-alta-white-glacier-blue\/#breadcrumb\",\"itemListElement\":[{\"@type\":\"ListItem\",\"position\":1,\"name\":\"Home\",\"item\":\"https:\/\/tourcruiser.com\/de\/\"},{\"@type\":\"ListItem\",\"position\":2,\"name\":\"Shop\",\"item\":\"https:\/\/tourcruiser.com\/de\/shop\/\"},{\"@type\":\"ListItem\",\"position\":3,\"name\":\"(Women) Nike Court Vision Alta 'White Glacier Blue'\"}]},{\"@type\":\"WebSite\",\"@id\":\"https:\/\/tourcruiser.com\/de\/#website\",\"url\":\"https:\/\/tourcruiser.com\/de\/\",\"name\":\"Styloral Jewelry Shop\",\"description\":\"Tourcruiser Sneaker Store \u2014 der Ort, an dem das Universum deine Einzigartigkeit trifft.\",\"publisher\":{\"@id\":\"https:\/\/tourcruiser.com\/de\/#organization\"},\"potentialAction\":[{\"@type\":\"SearchAction\",\"target\":{\"@type\":\"EntryPoint\",\"urlTemplate\":\"https:\/\/tourcruiser.com\/de\/?s={search_term_string}\"},\"query-input\":{\"@type\":\"PropertyValueSpecification\",\"valueRequired\":true,\"valueName\":\"search_term_string\"}}],\"inLanguage\":\"de\"},{\"@type\":\"Organization\",\"@id\":\"https:\/\/tourcruiser.com\/de\/#organization\",\"name\":\"STYLORAL PTE. LTD\",\"url\":\"https:\/\/tourcruiser.com\/de\/\",\"logo\":{\"@type\":\"ImageObject\",\"inLanguage\":\"de\",\"@id\":\"https:\/\/tourcruiser.com\/de\/#\/schema\/logo\/image\/\",\"url\":\"https:\/\/www.tourcruiser.com\/wp-content\/uploads\/2025\/12\/logo.png\",\"contentUrl\":\"https:\/\/www.tourcruiser.com\/wp-content\/uploads\/2025\/12\/logo.png\",\"width\":200,\"height\":65,\"caption\":\"STYLORAL PTE. LTD\"},\"image\":{\"@id\":\"https:\/\/tourcruiser.com\/de\/#\/schema\/logo\/image\/\"}}]}<\/script>\n<!-- \/ Yoast SEO plugin. -->","yoast_head_json":{"title":"(Women) Nike Court Vision Alta 'White Glacier Blue'  - Tourcruiser PTE. LTD","robots":{"index":"index","follow":"follow","max-snippet":"max-snippet:-1","max-image-preview":"max-image-preview:large","max-video-preview":"max-video-preview:-1"},"canonical":"https:\/\/tourcruiser.com\/de\/products\/women-nike-court-vision-alta-white-glacier-blue\/","og_locale":"de_DE","og_type":"article","og_title":"(Women) Nike Court Vision Alta 'White Glacier Blue'  - Tourcruiser PTE. LTD","og_description":"Nike Court Vision Alta \u201d\u201d White\/Glacier Blue","og_url":"https:\/\/tourcruiser.com\/de\/products\/women-nike-court-vision-alta-white-glacier-blue\/","og_site_name":"Tourcruiser Sneaker Store","article_modified_time":"2026-03-27T18:37:41+00:00","twitter_card":"summary_large_image","twitter_image":"https:\/\/images.novelship.com\/product\/_w__nike_court_vision_alta_dz5394-101_0_94579.jpeg;https:\/\/images.novelship.com\/product\/_w__nike_court_vision_alta_dz5394-101_1_94579.jpeg;https:\/\/images.novelship.com\/product\/_w__nike_court_vision_alta_dz5394-101_2_94579.jpeg;https:\/\/images.novelship.com\/product\/_w__nike_court_vision_alta_dz5394-101_3_94579.jpeg;https:\/\/images.novelship.com\/product\/_w__nike_court_vision_alta_dz5394-101_4_94579.jpeg;https:\/\/images.novelship.com\/product\/_w__nike_court_vision_alta_dz5394-101_5_94579.jpeg;https:\/\/images.novelship.com\/product\/_w__nike_court_vision_alta_dz5394-101_6_94579.jpeg;https:\/\/images.novelship.com\/product\/_w__nike_court_vision_alta_dz5394-101_7_94579.jpeg","twitter_misc":{"Gesch\u00e4tzte Lesezeit":"1\u00a0Minute"},"schema":{"@context":"https:\/\/schema.org","@graph":[{"@type":"WebPage","@id":"https:\/\/tourcruiser.com\/de\/products\/women-nike-court-vision-alta-white-glacier-blue\/","url":"https:\/\/tourcruiser.com\/de\/products\/women-nike-court-vision-alta-white-glacier-blue\/","name":"(Women) Nike Court Vision Alta 'White Glacier Blue' - Tourcruiser PTE. LTD","isPartOf":{"@id":"https:\/\/tourcruiser.com\/de\/#website"},"primaryImageOfPage":{"@id":"https:\/\/tourcruiser.com\/de\/products\/women-nike-court-vision-alta-white-glacier-blue\/#primaryimage"},"image":{"@id":"https:\/\/tourcruiser.com\/de\/products\/women-nike-court-vision-alta-white-glacier-blue\/#primaryimage"},"thumbnailUrl":"https:\/\/images.novelship.com\/product\/_w__nike_court_vision_alta_dz5394-101_0_94579.jpeg;https:\/\/images.novelship.com\/product\/_w__nike_court_vision_alta_dz5394-101_1_94579.jpeg;https:\/\/images.novelship.com\/product\/_w__nike_court_vision_alta_dz5394-101_2_94579.jpeg;https:\/\/images.novelship.com\/product\/_w__nike_court_vision_alta_dz5394-101_3_94579.jpeg;https:\/\/images.novelship.com\/product\/_w__nike_court_vision_alta_dz5394-101_4_94579.jpeg;https:\/\/images.novelship.com\/product\/_w__nike_court_vision_alta_dz5394-101_5_94579.jpeg;https:\/\/images.novelship.com\/product\/_w__nike_court_vision_alta_dz5394-101_6_94579.jpeg;https:\/\/images.novelship.com\/product\/_w__nike_court_vision_alta_dz5394-101_7_94579.jpeg","datePublished":"2026-03-02T09:20:07+00:00","dateModified":"2026-03-27T18:37:41+00:00","breadcrumb":{"@id":"https:\/\/tourcruiser.com\/de\/products\/women-nike-court-vision-alta-white-glacier-blue\/#breadcrumb"},"inLanguage":"de","potentialAction":[{"@type":"ReadAction","target":["https:\/\/tourcruiser.com\/de\/products\/women-nike-court-vision-alta-white-glacier-blue\/"]}]},{"@type":"ImageObject","inLanguage":"de","@id":"https:\/\/tourcruiser.com\/de\/products\/women-nike-court-vision-alta-white-glacier-blue\/#primaryimage","url":"https:\/\/images.novelship.com\/product\/_w__nike_court_vision_alta_dz5394-101_0_94579.jpeg;https:\/\/images.novelship.com\/product\/_w__nike_court_vision_alta_dz5394-101_1_94579.jpeg;https:\/\/images.novelship.com\/product\/_w__nike_court_vision_alta_dz5394-101_2_94579.jpeg;https:\/\/images.novelship.com\/product\/_w__nike_court_vision_alta_dz5394-101_3_94579.jpeg;https:\/\/images.novelship.com\/product\/_w__nike_court_vision_alta_dz5394-101_4_94579.jpeg;https:\/\/images.novelship.com\/product\/_w__nike_court_vision_alta_dz5394-101_5_94579.jpeg;https:\/\/images.novelship.com\/product\/_w__nike_court_vision_alta_dz5394-101_6_94579.jpeg;https:\/\/images.novelship.com\/product\/_w__nike_court_vision_alta_dz5394-101_7_94579.jpeg","contentUrl":"https:\/\/images.novelship.com\/product\/_w__nike_court_vision_alta_dz5394-101_0_94579.jpeg;https:\/\/images.novelship.com\/product\/_w__nike_court_vision_alta_dz5394-101_1_94579.jpeg;https:\/\/images.novelship.com\/product\/_w__nike_court_vision_alta_dz5394-101_2_94579.jpeg;https:\/\/images.novelship.com\/product\/_w__nike_court_vision_alta_dz5394-101_3_94579.jpeg;https:\/\/images.novelship.com\/product\/_w__nike_court_vision_alta_dz5394-101_4_94579.jpeg;https:\/\/images.novelship.com\/product\/_w__nike_court_vision_alta_dz5394-101_5_94579.jpeg;https:\/\/images.novelship.com\/product\/_w__nike_court_vision_alta_dz5394-101_6_94579.jpeg;https:\/\/images.novelship.com\/product\/_w__nike_court_vision_alta_dz5394-101_7_94579.jpeg"},{"@type":"BreadcrumbList","@id":"https:\/\/tourcruiser.com\/de\/products\/women-nike-court-vision-alta-white-glacier-blue\/#breadcrumb","itemListElement":[{"@type":"ListItem","position":1,"name":"Home","item":"https:\/\/tourcruiser.com\/de\/"},{"@type":"ListItem","position":2,"name":"Shop","item":"https:\/\/tourcruiser.com\/de\/shop\/"},{"@type":"ListItem","position":3,"name":"(Women) Nike Court Vision Alta 'White Glacier Blue'"}]},{"@type":"WebSite","@id":"https:\/\/tourcruiser.com\/de\/#website","url":"https:\/\/tourcruiser.com\/de\/","name":"Styloral Jewelry Shop","description":"Tourcruiser Sneaker Store \u2014 der Ort, an dem das Universum deine Einzigartigkeit trifft.","publisher":{"@id":"https:\/\/tourcruiser.com\/de\/#organization"},"potentialAction":[{"@type":"SearchAction","target":{"@type":"EntryPoint","urlTemplate":"https:\/\/tourcruiser.com\/de\/?s={search_term_string}"},"query-input":{"@type":"PropertyValueSpecification","valueRequired":true,"valueName":"search_term_string"}}],"inLanguage":"de"},{"@type":"Organization","@id":"https:\/\/tourcruiser.com\/de\/#organization","name":"STYLORAL PTE. LTD","url":"https:\/\/tourcruiser.com\/de\/","logo":{"@type":"ImageObject","inLanguage":"de","@id":"https:\/\/tourcruiser.com\/de\/#\/schema\/logo\/image\/","url":"https:\/\/www.tourcruiser.com\/wp-content\/uploads\/2025\/12\/logo.png","contentUrl":"https:\/\/www.tourcruiser.com\/wp-content\/uploads\/2025\/12\/logo.png","width":200,"height":65,"caption":"STYLORAL PTE. LTD"},"image":{"@id":"https:\/\/tourcruiser.com\/de\/#\/schema\/logo\/image\/"}}]}},"_links":{"self":[{"href":"https:\/\/tourcruiser.com\/de\/wp-json\/wp\/v2\/product\/169769","targetHints":{"allow":["GET"]}}],"collection":[{"href":"https:\/\/tourcruiser.com\/de\/wp-json\/wp\/v2\/product"}],"about":[{"href":"https:\/\/tourcruiser.com\/de\/wp-json\/wp\/v2\/types\/product"}],"replies":[{"embeddable":true,"href":"https:\/\/tourcruiser.com\/de\/wp-json\/wp\/v2\/comments?post=169769"}],"wp:featuredmedia":[{"embeddable":true,"href":"https:\/\/tourcruiser.com\/de\/wp-json\/wp\/v2\/media\/169770"}],"wp:attachment":[{"href":"https:\/\/tourcruiser.com\/de\/wp-json\/wp\/v2\/media?parent=169769"}],"wp:term":[{"taxonomy":"product_brand","embeddable":true,"href":"https:\/\/tourcruiser.com\/de\/wp-json\/wp\/v2\/product_brand?post=169769"},{"taxonomy":"product_cat","embeddable":true,"href":"https:\/\/tourcruiser.com\/de\/wp-json\/wp\/v2\/product_cat?post=169769"},{"taxonomy":"product_tag","embeddable":true,"href":"https:\/\/tourcruiser.com\/de\/wp-json\/wp\/v2\/product_tag?post=169769"}],"curies":[{"name":"wp","href":"https:\/\/api.w.org\/{rel}","templated":true}]}}