{"id":169640,"date":"2026-03-02T16:19:53","date_gmt":"2026-03-02T09:19:53","guid":{"rendered":"http:\/\/tourcruiser.com\/product\/the-simpsons-x-adidas-forum-low-treehouse-of-horror"},"modified":"2026-03-28T01:37:22","modified_gmt":"2026-03-27T18:37:22","slug":"the-simpsons-x-adidas-forum-low-treehouse-of-horror","status":"publish","type":"product","link":"https:\/\/tourcruiser.com\/de\/products\/the-simpsons-x-adidas-forum-low-treehouse-of-horror\/","title":{"rendered":"The Simpsons x adidas Forum Low &#8218;Treehouse of Horror&#8216;"},"content":{"rendered":"<p>Tauche ein in die Welt von Springfield mit dem Simpsons x adidas Forum Low \u201eTreehouse of Horror\u201c JQ5290 \u201d\u201c einem auff\u00e4lligen und verspielten Sneaker, inspiriert von den legend\u00e4ren Halloween-Specials. Diese Kollaboration wurde f\u00fcr eingefleischte Fans und Sneaker-Liebhaber gleicherma\u00dfen entworfen und vereint die legend\u00e4re Handwerkskunst von adidas mit dem schr\u00e4gen Charme der Simpsons.<\/p>\n<p>Der Sneaker pr\u00e4sentiert sich in einem gruseligen und zugleich stylischen Design mit hochwertigen Materialien, unheimlichen Grafiken und lebendigen Details, die eine Hommage an die \u201eTreehouse of Horror\u201c-Serie darstellen. Die klassische Low-Top-Silhouette trifft auf modernen Stil mit gepolsterten Zwischensohlen, einer robusten Gummiau\u00dfensohle und einem sicheren Schn\u00fcrsystem f\u00fcr ganzt\u00e4gigen Tragekomfort und Halt.<\/p>\n<p>Von den im Dunkeln leuchtenden Akzenten bis hin zu den detailreichen Overlays \u201d\u201c jedes Element dieses Designs zelebriert den schr\u00e4gen Humor und die Kreativit\u00e4t der Simpsons. Perfekt f\u00fcr Sammler oder alle, die einen au\u00dfergew\u00f6hnlichen Look suchen: Dieser Schuh ist ebenso funktional wie modisch.<\/p>\n<p>Lass deinen inneren Ghul oder Geist raus und hol dir dieses einzigartige Paar Schuhe f\u00fcr deine Sammlung. Der Simpsons x adidas Forum Low \u201eTreehouse of Horror\u201c ist mehr als nur ein Sneaker; er ist eine nostalgische Hommage, neu interpretiert mit frischer, moderner Energie. Egal, ob du in der Stadt unterwegs bist oder deine Lieblingsfolgen schaust, mit diesem Paar sorgst du garantiert f\u00fcr Gespr\u00e4chsstoff.<\/p>\n<ul>\n<li><strong>Farbgebung:<\/strong> Lime Burst\/Gr\u00fcn\/Semi Court Green<\/li>\n<li><strong>Style-Code:<\/strong> JQ5290<\/li>\n<li><strong>Obermaterial:<\/strong> Leder<\/li>\n<li><strong>Farbe:<\/strong> Gr\u00fcn<\/li>\n<li><strong>Saison:<\/strong> Herbst<\/li>\n<li><strong>Erscheinungsjahr:<\/strong> 2025<\/li>\n<\/ul>\n","protected":false},"excerpt":{"rendered":"<p>adidas Forum Low \u201d\u201d Lime Burst\/Green\/Semi Court Green<\/p>\n","protected":false},"featured_media":169641,"comment_status":"open","ping_status":"closed","template":"","meta":[],"product_brand":[],"product_cat":[10760],"product_tag":[10759,10750,10754,10777,10756,10785,10786],"class_list":{"0":"post-169640","1":"product","2":"type-product","3":"status-publish","4":"has-post-thumbnail","6":"product_cat-adidas","7":"product_tag-adidas","8":"product_tag-athleisure-shoes","9":"product_tag-lifestyle-casual-shoes","10":"product_tag-lifestyle-shoes-basketball-inspired","11":"product_tag-retro-casual-shoes","12":"product_tag-trending-deals","13":"product_tag-trending-deals-under-150","14":"wcpa_has_options","16":"first","17":"outofstock","18":"taxable","19":"shipping-taxable","20":"purchasable","21":"product-type-simple"},"wcpa_form_fields":{"rules":{"pric_overide_base_price":false,"pric_overide_base_price_if_gt_zero":false,"pric_overide_base_price_fully":false,"pric_cal_option_once":false,"pric_use_as_fee":false,"bind_quantity":false,"quantity_bind_formula":false},"fields":[{"type":"color-group","required":true,"elementId":"wcpa-color-group-66c4a7f817afe","label":"Gr\u00f6\u00dfe","inline":true,"priceOptions":"different_for_all","pricingType":"fixed","className":"hassizechart product-shoes-size-eu product-shoes-size","name":"color-group-66c4a7f817b18","disp_type":"square","selection_type":"tick-border","disp_size":"50","show_label_inside":true,"adjust_width":true,"cart_display_type":"text","other_text":"Other","cl_rule":"show","col":6,"values":[{"label":"35","value":"EU 35","price":"","pimage":"","pimage_id":"","pthumb":"","color":""},{"label":"35.5","value":"EU 35.5","price":"","pimage":"","pimage_id":"","pthumb":"","color":""},{"label":"36","value":"EU 36","price":"","pimage":"","pimage_id":"","pthumb":"","color":"","selected":true},{"label":"36 2\/3","value":"EU 36 2\/3","price":"","pimage":"","pimage_id":"","pthumb":"","color":""},{"label":"37 1\/3","value":"EU 37 1\/3","price":"","pimage":"","pimage_id":"","pthumb":"","color":""},{"label":"38","value":"EU 38","price":"","pimage":"","pimage_id":"","pthumb":"","color":""},{"label":"38 2\/3","value":"EU 38 2\/3","price":"","pimage":"","pimage_id":"","pthumb":"","color":""},{"label":"39 1\/3","value":"EU 39 1\/3","price":"","pimage":"","pimage_id":"","pthumb":"","color":""},{"label":"40","value":"EU 40","price":"","pimage":"","pimage_id":"","pthumb":"","color":""},{"label":"40 2\/3","value":"EU 40 2\/3","price":"","pimage":"","pimage_id":"","pthumb":"","color":""},{"label":"41 1\/3","value":"EU 41 1\/3","price":"","pimage":"","pimage_id":"","pthumb":"","color":""},{"label":"42","value":"EU 42","price":"","pimage":"","pimage_id":"","pthumb":"","color":""},{"label":"42 2\/3","value":"EU 42 2\/3","price":"","pimage":"","pimage_id":"","pthumb":"","color":""},{"label":"43 1\/3","value":"EU 43 1\/3","price":"","pimage":"","pimage_id":"","pthumb":"","color":""},{"label":"44","value":"EU 44","price":"","pimage":"","pimage_id":"","pthumb":"","color":""},{"label":"44 2\/3","value":"EU 44 2\/3","price":"","pimage":"","pimage_id":"","pthumb":"","color":""},{"label":"45 1\/3","value":"EU 45 1\/3","price":"","pimage":"","pimage_id":"","pthumb":"","color":""},{"label":"46","value":"EU 46","price":"","pimage":"","pimage_id":"","pthumb":"","color":""},{"label":"46 2\/3","value":"EU 46 2\/3","price":"","pimage":"","pimage_id":"","pthumb":"","color":""},{"label":"47 1\/3","value":"EU 47 1\/3","price":"","pimage":"","pimage_id":"","pthumb":"","color":""}],"relations":[{"operator":false,"rules":[]}],"form_id":24802,"form_rules":{"pric_cal_option_once":false,"exclude_from_discount":false,"pric_use_as_fee":false,"fee_label":"Fee","render_after_acb":false,"disp_hide_options_price":false}}]},"yoast_head":"<!-- This site is optimized with the Yoast SEO plugin v26.5 - https:\/\/yoast.com\/wordpress\/plugins\/seo\/ -->\n<title>The Simpsons x adidas Forum Low &#039;Treehouse of Horror&#039;  - Tourcruiser PTE. LTD<\/title>\n<meta name=\"robots\" content=\"index, follow, max-snippet:-1, max-image-preview:large, max-video-preview:-1\" \/>\n<link rel=\"canonical\" href=\"https:\/\/tourcruiser.com\/de\/products\/the-simpsons-x-adidas-forum-low-treehouse-of-horror\/\" \/>\n<meta property=\"og:locale\" content=\"de_DE\" \/>\n<meta property=\"og:type\" content=\"article\" \/>\n<meta property=\"og:title\" content=\"The Simpsons x adidas Forum Low &#039;Treehouse of Horror&#039;  - Tourcruiser PTE. LTD\" \/>\n<meta property=\"og:description\" content=\"adidas Forum Low \u201d\u201d Lime Burst\/Green\/Semi Court Green\" \/>\n<meta property=\"og:url\" content=\"https:\/\/tourcruiser.com\/de\/products\/the-simpsons-x-adidas-forum-low-treehouse-of-horror\/\" \/>\n<meta property=\"og:site_name\" content=\"Tourcruiser Sneaker Store\" \/>\n<meta property=\"article:modified_time\" content=\"2026-03-27T18:37:22+00:00\" \/>\n<meta name=\"twitter:card\" content=\"summary_large_image\" \/>\n<meta name=\"twitter:image\" content=\"https:\/\/images.novelship.com\/product\/the_simpsons_x_adidas_forum_low__treehouse_of_horr_0_3656.jpeg;https:\/\/images.novelship.com\/product\/the_simpsons_x_adidas_forum_low__treehouse_of_horr_1_3656.jpeg;https:\/\/images.novelship.com\/product\/the_simpsons_x_adidas_forum_low__treehouse_of_horr_2_3656.jpeg;https:\/\/images.novelship.com\/product\/the_simpsons_x_adidas_forum_low__treehouse_of_horr_3_3656.jpeg;https:\/\/images.novelship.com\/product\/the_simpsons_x_adidas_forum_low__treehouse_of_horr_4_3656.jpeg\" \/>\n<meta name=\"twitter:label1\" content=\"Gesch\u00e4tzte Lesezeit\" \/>\n\t<meta name=\"twitter:data1\" content=\"1\u00a0Minute\" \/>\n<script type=\"application\/ld+json\" class=\"yoast-schema-graph\">{\"@context\":\"https:\/\/schema.org\",\"@graph\":[{\"@type\":\"WebPage\",\"@id\":\"https:\/\/tourcruiser.com\/de\/products\/the-simpsons-x-adidas-forum-low-treehouse-of-horror\/\",\"url\":\"https:\/\/tourcruiser.com\/de\/products\/the-simpsons-x-adidas-forum-low-treehouse-of-horror\/\",\"name\":\"The Simpsons x adidas Forum Low 'Treehouse of Horror' - Tourcruiser PTE. LTD\",\"isPartOf\":{\"@id\":\"https:\/\/tourcruiser.com\/de\/#website\"},\"primaryImageOfPage\":{\"@id\":\"https:\/\/tourcruiser.com\/de\/products\/the-simpsons-x-adidas-forum-low-treehouse-of-horror\/#primaryimage\"},\"image\":{\"@id\":\"https:\/\/tourcruiser.com\/de\/products\/the-simpsons-x-adidas-forum-low-treehouse-of-horror\/#primaryimage\"},\"thumbnailUrl\":\"https:\/\/images.novelship.com\/product\/the_simpsons_x_adidas_forum_low__treehouse_of_horr_0_3656.jpeg;https:\/\/images.novelship.com\/product\/the_simpsons_x_adidas_forum_low__treehouse_of_horr_1_3656.jpeg;https:\/\/images.novelship.com\/product\/the_simpsons_x_adidas_forum_low__treehouse_of_horr_2_3656.jpeg;https:\/\/images.novelship.com\/product\/the_simpsons_x_adidas_forum_low__treehouse_of_horr_3_3656.jpeg;https:\/\/images.novelship.com\/product\/the_simpsons_x_adidas_forum_low__treehouse_of_horr_4_3656.jpeg\",\"datePublished\":\"2026-03-02T09:19:53+00:00\",\"dateModified\":\"2026-03-27T18:37:22+00:00\",\"breadcrumb\":{\"@id\":\"https:\/\/tourcruiser.com\/de\/products\/the-simpsons-x-adidas-forum-low-treehouse-of-horror\/#breadcrumb\"},\"inLanguage\":\"de\",\"potentialAction\":[{\"@type\":\"ReadAction\",\"target\":[\"https:\/\/tourcruiser.com\/de\/products\/the-simpsons-x-adidas-forum-low-treehouse-of-horror\/\"]}]},{\"@type\":\"ImageObject\",\"inLanguage\":\"de\",\"@id\":\"https:\/\/tourcruiser.com\/de\/products\/the-simpsons-x-adidas-forum-low-treehouse-of-horror\/#primaryimage\",\"url\":\"https:\/\/images.novelship.com\/product\/the_simpsons_x_adidas_forum_low__treehouse_of_horr_0_3656.jpeg;https:\/\/images.novelship.com\/product\/the_simpsons_x_adidas_forum_low__treehouse_of_horr_1_3656.jpeg;https:\/\/images.novelship.com\/product\/the_simpsons_x_adidas_forum_low__treehouse_of_horr_2_3656.jpeg;https:\/\/images.novelship.com\/product\/the_simpsons_x_adidas_forum_low__treehouse_of_horr_3_3656.jpeg;https:\/\/images.novelship.com\/product\/the_simpsons_x_adidas_forum_low__treehouse_of_horr_4_3656.jpeg\",\"contentUrl\":\"https:\/\/images.novelship.com\/product\/the_simpsons_x_adidas_forum_low__treehouse_of_horr_0_3656.jpeg;https:\/\/images.novelship.com\/product\/the_simpsons_x_adidas_forum_low__treehouse_of_horr_1_3656.jpeg;https:\/\/images.novelship.com\/product\/the_simpsons_x_adidas_forum_low__treehouse_of_horr_2_3656.jpeg;https:\/\/images.novelship.com\/product\/the_simpsons_x_adidas_forum_low__treehouse_of_horr_3_3656.jpeg;https:\/\/images.novelship.com\/product\/the_simpsons_x_adidas_forum_low__treehouse_of_horr_4_3656.jpeg\"},{\"@type\":\"BreadcrumbList\",\"@id\":\"https:\/\/tourcruiser.com\/de\/products\/the-simpsons-x-adidas-forum-low-treehouse-of-horror\/#breadcrumb\",\"itemListElement\":[{\"@type\":\"ListItem\",\"position\":1,\"name\":\"Home\",\"item\":\"https:\/\/tourcruiser.com\/de\/\"},{\"@type\":\"ListItem\",\"position\":2,\"name\":\"Shop\",\"item\":\"https:\/\/tourcruiser.com\/de\/shop\/\"},{\"@type\":\"ListItem\",\"position\":3,\"name\":\"The Simpsons x adidas Forum Low 'Treehouse of Horror'\"}]},{\"@type\":\"WebSite\",\"@id\":\"https:\/\/tourcruiser.com\/de\/#website\",\"url\":\"https:\/\/tourcruiser.com\/de\/\",\"name\":\"Styloral Jewelry Shop\",\"description\":\"Tourcruiser Sneaker Store \u2014 der Ort, an dem das Universum deine Einzigartigkeit trifft.\",\"publisher\":{\"@id\":\"https:\/\/tourcruiser.com\/de\/#organization\"},\"potentialAction\":[{\"@type\":\"SearchAction\",\"target\":{\"@type\":\"EntryPoint\",\"urlTemplate\":\"https:\/\/tourcruiser.com\/de\/?s={search_term_string}\"},\"query-input\":{\"@type\":\"PropertyValueSpecification\",\"valueRequired\":true,\"valueName\":\"search_term_string\"}}],\"inLanguage\":\"de\"},{\"@type\":\"Organization\",\"@id\":\"https:\/\/tourcruiser.com\/de\/#organization\",\"name\":\"STYLORAL PTE. LTD\",\"url\":\"https:\/\/tourcruiser.com\/de\/\",\"logo\":{\"@type\":\"ImageObject\",\"inLanguage\":\"de\",\"@id\":\"https:\/\/tourcruiser.com\/de\/#\/schema\/logo\/image\/\",\"url\":\"https:\/\/www.tourcruiser.com\/wp-content\/uploads\/2025\/12\/logo.png\",\"contentUrl\":\"https:\/\/www.tourcruiser.com\/wp-content\/uploads\/2025\/12\/logo.png\",\"width\":200,\"height\":65,\"caption\":\"STYLORAL PTE. LTD\"},\"image\":{\"@id\":\"https:\/\/tourcruiser.com\/de\/#\/schema\/logo\/image\/\"}}]}<\/script>\n<!-- \/ Yoast SEO plugin. -->","yoast_head_json":{"title":"The Simpsons x adidas Forum Low 'Treehouse of Horror'  - Tourcruiser PTE. LTD","robots":{"index":"index","follow":"follow","max-snippet":"max-snippet:-1","max-image-preview":"max-image-preview:large","max-video-preview":"max-video-preview:-1"},"canonical":"https:\/\/tourcruiser.com\/de\/products\/the-simpsons-x-adidas-forum-low-treehouse-of-horror\/","og_locale":"de_DE","og_type":"article","og_title":"The Simpsons x adidas Forum Low 'Treehouse of Horror'  - Tourcruiser PTE. LTD","og_description":"adidas Forum Low \u201d\u201d Lime Burst\/Green\/Semi Court Green","og_url":"https:\/\/tourcruiser.com\/de\/products\/the-simpsons-x-adidas-forum-low-treehouse-of-horror\/","og_site_name":"Tourcruiser Sneaker Store","article_modified_time":"2026-03-27T18:37:22+00:00","twitter_card":"summary_large_image","twitter_image":"https:\/\/images.novelship.com\/product\/the_simpsons_x_adidas_forum_low__treehouse_of_horr_0_3656.jpeg;https:\/\/images.novelship.com\/product\/the_simpsons_x_adidas_forum_low__treehouse_of_horr_1_3656.jpeg;https:\/\/images.novelship.com\/product\/the_simpsons_x_adidas_forum_low__treehouse_of_horr_2_3656.jpeg;https:\/\/images.novelship.com\/product\/the_simpsons_x_adidas_forum_low__treehouse_of_horr_3_3656.jpeg;https:\/\/images.novelship.com\/product\/the_simpsons_x_adidas_forum_low__treehouse_of_horr_4_3656.jpeg","twitter_misc":{"Gesch\u00e4tzte Lesezeit":"1\u00a0Minute"},"schema":{"@context":"https:\/\/schema.org","@graph":[{"@type":"WebPage","@id":"https:\/\/tourcruiser.com\/de\/products\/the-simpsons-x-adidas-forum-low-treehouse-of-horror\/","url":"https:\/\/tourcruiser.com\/de\/products\/the-simpsons-x-adidas-forum-low-treehouse-of-horror\/","name":"The Simpsons x adidas Forum Low 'Treehouse of Horror' - Tourcruiser PTE. LTD","isPartOf":{"@id":"https:\/\/tourcruiser.com\/de\/#website"},"primaryImageOfPage":{"@id":"https:\/\/tourcruiser.com\/de\/products\/the-simpsons-x-adidas-forum-low-treehouse-of-horror\/#primaryimage"},"image":{"@id":"https:\/\/tourcruiser.com\/de\/products\/the-simpsons-x-adidas-forum-low-treehouse-of-horror\/#primaryimage"},"thumbnailUrl":"https:\/\/images.novelship.com\/product\/the_simpsons_x_adidas_forum_low__treehouse_of_horr_0_3656.jpeg;https:\/\/images.novelship.com\/product\/the_simpsons_x_adidas_forum_low__treehouse_of_horr_1_3656.jpeg;https:\/\/images.novelship.com\/product\/the_simpsons_x_adidas_forum_low__treehouse_of_horr_2_3656.jpeg;https:\/\/images.novelship.com\/product\/the_simpsons_x_adidas_forum_low__treehouse_of_horr_3_3656.jpeg;https:\/\/images.novelship.com\/product\/the_simpsons_x_adidas_forum_low__treehouse_of_horr_4_3656.jpeg","datePublished":"2026-03-02T09:19:53+00:00","dateModified":"2026-03-27T18:37:22+00:00","breadcrumb":{"@id":"https:\/\/tourcruiser.com\/de\/products\/the-simpsons-x-adidas-forum-low-treehouse-of-horror\/#breadcrumb"},"inLanguage":"de","potentialAction":[{"@type":"ReadAction","target":["https:\/\/tourcruiser.com\/de\/products\/the-simpsons-x-adidas-forum-low-treehouse-of-horror\/"]}]},{"@type":"ImageObject","inLanguage":"de","@id":"https:\/\/tourcruiser.com\/de\/products\/the-simpsons-x-adidas-forum-low-treehouse-of-horror\/#primaryimage","url":"https:\/\/images.novelship.com\/product\/the_simpsons_x_adidas_forum_low__treehouse_of_horr_0_3656.jpeg;https:\/\/images.novelship.com\/product\/the_simpsons_x_adidas_forum_low__treehouse_of_horr_1_3656.jpeg;https:\/\/images.novelship.com\/product\/the_simpsons_x_adidas_forum_low__treehouse_of_horr_2_3656.jpeg;https:\/\/images.novelship.com\/product\/the_simpsons_x_adidas_forum_low__treehouse_of_horr_3_3656.jpeg;https:\/\/images.novelship.com\/product\/the_simpsons_x_adidas_forum_low__treehouse_of_horr_4_3656.jpeg","contentUrl":"https:\/\/images.novelship.com\/product\/the_simpsons_x_adidas_forum_low__treehouse_of_horr_0_3656.jpeg;https:\/\/images.novelship.com\/product\/the_simpsons_x_adidas_forum_low__treehouse_of_horr_1_3656.jpeg;https:\/\/images.novelship.com\/product\/the_simpsons_x_adidas_forum_low__treehouse_of_horr_2_3656.jpeg;https:\/\/images.novelship.com\/product\/the_simpsons_x_adidas_forum_low__treehouse_of_horr_3_3656.jpeg;https:\/\/images.novelship.com\/product\/the_simpsons_x_adidas_forum_low__treehouse_of_horr_4_3656.jpeg"},{"@type":"BreadcrumbList","@id":"https:\/\/tourcruiser.com\/de\/products\/the-simpsons-x-adidas-forum-low-treehouse-of-horror\/#breadcrumb","itemListElement":[{"@type":"ListItem","position":1,"name":"Home","item":"https:\/\/tourcruiser.com\/de\/"},{"@type":"ListItem","position":2,"name":"Shop","item":"https:\/\/tourcruiser.com\/de\/shop\/"},{"@type":"ListItem","position":3,"name":"The Simpsons x adidas Forum Low 'Treehouse of Horror'"}]},{"@type":"WebSite","@id":"https:\/\/tourcruiser.com\/de\/#website","url":"https:\/\/tourcruiser.com\/de\/","name":"Styloral Jewelry Shop","description":"Tourcruiser Sneaker Store \u2014 der Ort, an dem das Universum deine Einzigartigkeit trifft.","publisher":{"@id":"https:\/\/tourcruiser.com\/de\/#organization"},"potentialAction":[{"@type":"SearchAction","target":{"@type":"EntryPoint","urlTemplate":"https:\/\/tourcruiser.com\/de\/?s={search_term_string}"},"query-input":{"@type":"PropertyValueSpecification","valueRequired":true,"valueName":"search_term_string"}}],"inLanguage":"de"},{"@type":"Organization","@id":"https:\/\/tourcruiser.com\/de\/#organization","name":"STYLORAL PTE. LTD","url":"https:\/\/tourcruiser.com\/de\/","logo":{"@type":"ImageObject","inLanguage":"de","@id":"https:\/\/tourcruiser.com\/de\/#\/schema\/logo\/image\/","url":"https:\/\/www.tourcruiser.com\/wp-content\/uploads\/2025\/12\/logo.png","contentUrl":"https:\/\/www.tourcruiser.com\/wp-content\/uploads\/2025\/12\/logo.png","width":200,"height":65,"caption":"STYLORAL PTE. LTD"},"image":{"@id":"https:\/\/tourcruiser.com\/de\/#\/schema\/logo\/image\/"}}]}},"_links":{"self":[{"href":"https:\/\/tourcruiser.com\/de\/wp-json\/wp\/v2\/product\/169640","targetHints":{"allow":["GET"]}}],"collection":[{"href":"https:\/\/tourcruiser.com\/de\/wp-json\/wp\/v2\/product"}],"about":[{"href":"https:\/\/tourcruiser.com\/de\/wp-json\/wp\/v2\/types\/product"}],"replies":[{"embeddable":true,"href":"https:\/\/tourcruiser.com\/de\/wp-json\/wp\/v2\/comments?post=169640"}],"wp:featuredmedia":[{"embeddable":true,"href":"https:\/\/tourcruiser.com\/de\/wp-json\/wp\/v2\/media\/169641"}],"wp:attachment":[{"href":"https:\/\/tourcruiser.com\/de\/wp-json\/wp\/v2\/media?parent=169640"}],"wp:term":[{"taxonomy":"product_brand","embeddable":true,"href":"https:\/\/tourcruiser.com\/de\/wp-json\/wp\/v2\/product_brand?post=169640"},{"taxonomy":"product_cat","embeddable":true,"href":"https:\/\/tourcruiser.com\/de\/wp-json\/wp\/v2\/product_cat?post=169640"},{"taxonomy":"product_tag","embeddable":true,"href":"https:\/\/tourcruiser.com\/de\/wp-json\/wp\/v2\/product_tag?post=169640"}],"curies":[{"name":"wp","href":"https:\/\/api.w.org\/{rel}","templated":true}]}}