{"id":169491,"date":"2026-03-02T16:19:40","date_gmt":"2026-03-02T09:19:40","guid":{"rendered":"http:\/\/tourcruiser.com\/product\/women-asics-gel-quantum-180-celebration-of-sport-pack"},"modified":"2026-03-28T01:37:14","modified_gmt":"2026-03-27T18:37:14","slug":"women-asics-gel-quantum-180-celebration-of-sport-pack","status":"publish","type":"product","link":"https:\/\/tourcruiser.com\/de\/products\/women-asics-gel-quantum-180-celebration-of-sport-pack\/","title":{"rendered":"(Women) ASICS Gel Quantum 180 &#8218;Celebration of Sport Pack&#8216;"},"content":{"rendered":"<p>Mit dem ASICS Gel Quantum 180 \u201eCelebration of Sport Pack\u201c 1202A253-960 kannst du dein Spiel auf ein neues Level heben. Dieser stylische Sneaker wurde f\u00fcr die aktive Frau entwickelt und bietet dank seines 180-Grad-GEL-D\u00e4mpfungssystems unvergleichlichen Komfort. Das dynamische Design zelebriert Sportlichkeit und Leidenschaft und macht ihn zu einer herausragenden Erg\u00e4nzung deiner Sportbekleidung. Der ASICS Gel Quantum 180 ist perfekt f\u00fcr Workouts und Freizeitaktivit\u00e4ten und vereint Performance und Style. So siehst du bei jedem Schritt top aus und f\u00fchlst dich rundum wohl.<\/p>\n<ul>\n<li><strong>Farbgebung:<\/strong> Wei\u00df\/Wei\u00df<\/li>\n<li><strong>Artikelnummer:<\/strong> 1202A253-960<\/li>\n<li><strong>Obermaterial:<\/strong> Mesh<\/li>\n<li><strong>Zwischensohle:<\/strong> Gel<\/li>\n<li><strong>Farbe:<\/strong> Wei\u00df<\/li>\n<li><strong>Saison:<\/strong> Herbst<\/li>\n<li><strong>Erscheinungsjahr:<\/strong> 2021<\/li>\n<\/ul>\n","protected":false},"excerpt":{"rendered":"<p>ASICS Gel Quantum 180 \u201d\u201d White\/White<\/p>\n","protected":false},"featured_media":169492,"comment_status":"open","ping_status":"closed","template":"","meta":[],"product_brand":[],"product_cat":[11020],"product_tag":[10791,11032,10750,10926,10754,10765,10768],"class_list":{"0":"post-169491","1":"product","2":"type-product","3":"status-publish","4":"has-post-thumbnail","6":"product_cat-asics-women","7":"product_tag-asics","8":"product_tag-asics-running-shoes","9":"product_tag-athleisure-shoes","10":"product_tag-gift-for-her","11":"product_tag-lifestyle-casual-shoes","12":"product_tag-lifestyle-shoes-running-inspired","13":"product_tag-retro-running-shoes","14":"wcpa_has_options","16":"first","17":"outofstock","18":"taxable","19":"shipping-taxable","20":"purchasable","21":"product-type-simple"},"wcpa_form_fields":{"rules":{"pric_overide_base_price":false,"pric_overide_base_price_if_gt_zero":false,"pric_overide_base_price_fully":false,"pric_cal_option_once":false,"pric_use_as_fee":false,"bind_quantity":false,"quantity_bind_formula":false},"fields":[{"type":"color-group","required":true,"elementId":"wcpa-color-group-69a5ac3f3e644","label":"Gr\u00f6\u00dfe","inline":true,"priceOptions":"different_for_all","pricingType":"fixed","className":"hassizechart product-shoes-size-eu product-shoes-size","name":"color-group-69a5ac3f3e64e","disp_type":"square","selection_type":"tick-border","disp_size":"50","show_label_inside":true,"adjust_width":true,"cart_display_type":"text","other_text":"Other","cl_rule":"show","col":6,"values":[{"label":"34.5","value":"EU 34.5","price":"","pimage":"","pimage_id":"","pthumb":"","color":""},{"label":"35","value":"EU 35","price":"","pimage":"","pimage_id":"","pthumb":"","color":""},{"label":"35.5","value":"EU 35.5","price":"","pimage":"","pimage_id":"","pthumb":"","color":""},{"label":"36","value":"EU 36","price":"","pimage":"","pimage_id":"","pthumb":"","color":"","selected":true},{"label":"37","value":"EU 37","price":"","pimage":"","pimage_id":"","pthumb":"","color":""},{"label":"37.5","value":"EU 37.5","price":"","pimage":"","pimage_id":"","pthumb":"","color":""},{"label":"38","value":"EU 38","price":"","pimage":"","pimage_id":"","pthumb":"","color":""},{"label":"38.5","value":"EU 38.5","price":"","pimage":"","pimage_id":"","pthumb":"","color":""},{"label":"39","value":"EU 39","price":"","pimage":"","pimage_id":"","pthumb":"","color":""},{"label":"39.5","value":"EU 39.5","price":"","pimage":"","pimage_id":"","pthumb":"","color":""},{"label":"40","value":"EU 40","price":"","pimage":"","pimage_id":"","pthumb":"","color":""},{"label":"40.5","value":"EU 40.5","price":"","pimage":"","pimage_id":"","pthumb":"","color":""},{"label":" 41.5","value":"EU 41.5","price":"","pimage":"","pimage_id":"","pthumb":"","color":""},{"label":"42","value":"EU 42","price":"","pimage":"","pimage_id":"","pthumb":"","color":""},{"label":"42.5","value":"EU 42.5","price":"","pimage":"","pimage_id":"","pthumb":"","color":""},{"label":"43.5","value":"EU 43.5","price":"","pimage":"","pimage_id":"","pthumb":"","color":""},{"label":"44","value":"EU 44","price":"","pimage":"","pimage_id":"","pthumb":"","color":""},{"label":"44.5","value":"EU 44.5","price":"","pimage":"","pimage_id":"","pthumb":"","color":""},{"label":"45","value":"EU 45","price":"","pimage":"","pimage_id":"","pthumb":"","color":""}],"relations":[{"operator":false,"rules":[]}],"form_id":184312,"form_rules":{"pric_cal_option_once":false,"exclude_from_discount":false,"pric_use_as_fee":false,"fee_label":"Fee","render_after_acb":false,"disp_hide_options_price":false}}]},"yoast_head":"<!-- This site is optimized with the Yoast SEO plugin v26.5 - https:\/\/yoast.com\/wordpress\/plugins\/seo\/ -->\n<title>(Women) ASICS Gel Quantum 180 &#039;Celebration of Sport Pack&#039;  - Tourcruiser PTE. LTD<\/title>\n<meta name=\"robots\" content=\"index, follow, max-snippet:-1, max-image-preview:large, max-video-preview:-1\" \/>\n<link rel=\"canonical\" href=\"https:\/\/tourcruiser.com\/\" \/>\n<meta property=\"og:locale\" content=\"de_DE\" \/>\n<meta property=\"og:type\" content=\"article\" \/>\n<meta property=\"og:title\" content=\"(Women) ASICS Gel Quantum 180 &#039;Celebration of Sport Pack&#039;  - Tourcruiser PTE. LTD\" \/>\n<meta property=\"og:description\" content=\"ASICS Gel Quantum 180 \u201d\u201d White\/White\" \/>\n<meta property=\"og:url\" content=\"\/\" \/>\n<meta property=\"og:site_name\" content=\"Tourcruiser Sneaker Store\" \/>\n<meta property=\"article:modified_time\" content=\"2026-03-27T18:37:14+00:00\" \/>\n<meta name=\"twitter:card\" content=\"summary_large_image\" \/>\n<meta name=\"twitter:image\" content=\"https:\/\/images.novelship.com\/product\/_women__asics_gel_quantum_180__celebration_of_spor_0_23657.jpeg;https:\/\/images.novelship.com\/product\/_women__asics_gel_quantum_180__celebration_of_spor_1_23657.jpeg;https:\/\/images.novelship.com\/product\/_women__asics_gel_quantum_180__celebration_of_spor_2_23657.jpeg;https:\/\/images.novelship.com\/product\/_women__asics_gel_quantum_180__celebration_of_spor_3_23657.jpeg;https:\/\/images.novelship.com\/product\/_women__asics_gel_quantum_180__celebration_of_spor_4_23657.jpeg;https:\/\/images.novelship.com\/product\/_women__asics_gel_quantum_180__celebration_of_spor_5_23657.jpeg\" \/>\n<meta name=\"twitter:label1\" content=\"Gesch\u00e4tzte Lesezeit\" \/>\n\t<meta name=\"twitter:data1\" content=\"1\u00a0Minute\" \/>\n<script type=\"application\/ld+json\" class=\"yoast-schema-graph\">{\"@context\":\"https:\/\/schema.org\",\"@graph\":[{\"@type\":\"WebPage\",\"@id\":\"\/\",\"url\":\"https:\/\/tourcruiser.com\/\",\"name\":\"(Women) ASICS Gel Quantum 180 'Celebration of Sport Pack' - Tourcruiser PTE. LTD\",\"isPartOf\":{\"@id\":\"https:\/\/tourcruiser.com\/de\/#website\"},\"primaryImageOfPage\":{\"@id\":\"https:\/\/tourcruiser.com\/#primaryimage\"},\"image\":{\"@id\":\"https:\/\/tourcruiser.com\/#primaryimage\"},\"thumbnailUrl\":\"https:\/\/images.novelship.com\/product\/_women__asics_gel_quantum_180__celebration_of_spor_0_23657.jpeg;https:\/\/images.novelship.com\/product\/_women__asics_gel_quantum_180__celebration_of_spor_1_23657.jpeg;https:\/\/images.novelship.com\/product\/_women__asics_gel_quantum_180__celebration_of_spor_2_23657.jpeg;https:\/\/images.novelship.com\/product\/_women__asics_gel_quantum_180__celebration_of_spor_3_23657.jpeg;https:\/\/images.novelship.com\/product\/_women__asics_gel_quantum_180__celebration_of_spor_4_23657.jpeg;https:\/\/images.novelship.com\/product\/_women__asics_gel_quantum_180__celebration_of_spor_5_23657.jpeg\",\"datePublished\":\"2026-03-02T09:19:40+00:00\",\"dateModified\":\"2026-03-27T18:37:14+00:00\",\"breadcrumb\":{\"@id\":\"https:\/\/tourcruiser.com\/#breadcrumb\"},\"inLanguage\":\"de\",\"potentialAction\":[{\"@type\":\"ReadAction\",\"target\":[\"https:\/\/tourcruiser.com\/\"]}]},{\"@type\":\"ImageObject\",\"inLanguage\":\"de\",\"@id\":\"https:\/\/tourcruiser.com\/#primaryimage\",\"url\":\"https:\/\/images.novelship.com\/product\/_women__asics_gel_quantum_180__celebration_of_spor_0_23657.jpeg;https:\/\/images.novelship.com\/product\/_women__asics_gel_quantum_180__celebration_of_spor_1_23657.jpeg;https:\/\/images.novelship.com\/product\/_women__asics_gel_quantum_180__celebration_of_spor_2_23657.jpeg;https:\/\/images.novelship.com\/product\/_women__asics_gel_quantum_180__celebration_of_spor_3_23657.jpeg;https:\/\/images.novelship.com\/product\/_women__asics_gel_quantum_180__celebration_of_spor_4_23657.jpeg;https:\/\/images.novelship.com\/product\/_women__asics_gel_quantum_180__celebration_of_spor_5_23657.jpeg\",\"contentUrl\":\"https:\/\/images.novelship.com\/product\/_women__asics_gel_quantum_180__celebration_of_spor_0_23657.jpeg;https:\/\/images.novelship.com\/product\/_women__asics_gel_quantum_180__celebration_of_spor_1_23657.jpeg;https:\/\/images.novelship.com\/product\/_women__asics_gel_quantum_180__celebration_of_spor_2_23657.jpeg;https:\/\/images.novelship.com\/product\/_women__asics_gel_quantum_180__celebration_of_spor_3_23657.jpeg;https:\/\/images.novelship.com\/product\/_women__asics_gel_quantum_180__celebration_of_spor_4_23657.jpeg;https:\/\/images.novelship.com\/product\/_women__asics_gel_quantum_180__celebration_of_spor_5_23657.jpeg\"},{\"@type\":\"BreadcrumbList\",\"@id\":\"https:\/\/tourcruiser.com\/#breadcrumb\",\"itemListElement\":[{\"@type\":\"ListItem\",\"position\":1,\"name\":\"Home\",\"item\":\"https:\/\/tourcruiser.com\/de\/\"},{\"@type\":\"ListItem\",\"position\":2,\"name\":\"Shop\",\"item\":\"https:\/\/tourcruiser.com\/de\/shop\/\"},{\"@type\":\"ListItem\",\"position\":3,\"name\":\"(Women) ASICS Gel Quantum 180 &#8218;Celebration of Sport Pack&#8216;\"}]},{\"@type\":\"WebSite\",\"@id\":\"https:\/\/tourcruiser.com\/de\/#website\",\"url\":\"https:\/\/tourcruiser.com\/de\/\",\"name\":\"Styloral Jewelry Shop\",\"description\":\"Tourcruiser Sneaker Store \u2014 der Ort, an dem das Universum deine Einzigartigkeit trifft.\",\"publisher\":{\"@id\":\"https:\/\/tourcruiser.com\/de\/#organization\"},\"potentialAction\":[{\"@type\":\"SearchAction\",\"target\":{\"@type\":\"EntryPoint\",\"urlTemplate\":\"https:\/\/tourcruiser.com\/de\/?s={search_term_string}\"},\"query-input\":{\"@type\":\"PropertyValueSpecification\",\"valueRequired\":true,\"valueName\":\"search_term_string\"}}],\"inLanguage\":\"de\"},{\"@type\":\"Organization\",\"@id\":\"https:\/\/tourcruiser.com\/de\/#organization\",\"name\":\"STYLORAL PTE. LTD\",\"url\":\"https:\/\/tourcruiser.com\/de\/\",\"logo\":{\"@type\":\"ImageObject\",\"inLanguage\":\"de\",\"@id\":\"https:\/\/tourcruiser.com\/de\/#\/schema\/logo\/image\/\",\"url\":\"https:\/\/www.tourcruiser.com\/wp-content\/uploads\/2025\/12\/logo.png\",\"contentUrl\":\"https:\/\/www.tourcruiser.com\/wp-content\/uploads\/2025\/12\/logo.png\",\"width\":200,\"height\":65,\"caption\":\"STYLORAL PTE. LTD\"},\"image\":{\"@id\":\"https:\/\/tourcruiser.com\/de\/#\/schema\/logo\/image\/\"}}]}<\/script>\n<!-- \/ Yoast SEO plugin. -->","yoast_head_json":{"title":"(Women) ASICS Gel Quantum 180 'Celebration of Sport Pack'  - Tourcruiser PTE. LTD","robots":{"index":"index","follow":"follow","max-snippet":"max-snippet:-1","max-image-preview":"max-image-preview:large","max-video-preview":"max-video-preview:-1"},"canonical":"https:\/\/tourcruiser.com\/","og_locale":"de_DE","og_type":"article","og_title":"(Women) ASICS Gel Quantum 180 'Celebration of Sport Pack'  - Tourcruiser PTE. LTD","og_description":"ASICS Gel Quantum 180 \u201d\u201d White\/White","og_url":"\/","og_site_name":"Tourcruiser Sneaker Store","article_modified_time":"2026-03-27T18:37:14+00:00","twitter_card":"summary_large_image","twitter_image":"https:\/\/images.novelship.com\/product\/_women__asics_gel_quantum_180__celebration_of_spor_0_23657.jpeg;https:\/\/images.novelship.com\/product\/_women__asics_gel_quantum_180__celebration_of_spor_1_23657.jpeg;https:\/\/images.novelship.com\/product\/_women__asics_gel_quantum_180__celebration_of_spor_2_23657.jpeg;https:\/\/images.novelship.com\/product\/_women__asics_gel_quantum_180__celebration_of_spor_3_23657.jpeg;https:\/\/images.novelship.com\/product\/_women__asics_gel_quantum_180__celebration_of_spor_4_23657.jpeg;https:\/\/images.novelship.com\/product\/_women__asics_gel_quantum_180__celebration_of_spor_5_23657.jpeg","twitter_misc":{"Gesch\u00e4tzte Lesezeit":"1\u00a0Minute"},"schema":{"@context":"https:\/\/schema.org","@graph":[{"@type":"WebPage","@id":"\/","url":"https:\/\/tourcruiser.com\/","name":"(Women) ASICS Gel Quantum 180 'Celebration of Sport Pack' - Tourcruiser PTE. LTD","isPartOf":{"@id":"https:\/\/tourcruiser.com\/de\/#website"},"primaryImageOfPage":{"@id":"https:\/\/tourcruiser.com\/#primaryimage"},"image":{"@id":"https:\/\/tourcruiser.com\/#primaryimage"},"thumbnailUrl":"https:\/\/images.novelship.com\/product\/_women__asics_gel_quantum_180__celebration_of_spor_0_23657.jpeg;https:\/\/images.novelship.com\/product\/_women__asics_gel_quantum_180__celebration_of_spor_1_23657.jpeg;https:\/\/images.novelship.com\/product\/_women__asics_gel_quantum_180__celebration_of_spor_2_23657.jpeg;https:\/\/images.novelship.com\/product\/_women__asics_gel_quantum_180__celebration_of_spor_3_23657.jpeg;https:\/\/images.novelship.com\/product\/_women__asics_gel_quantum_180__celebration_of_spor_4_23657.jpeg;https:\/\/images.novelship.com\/product\/_women__asics_gel_quantum_180__celebration_of_spor_5_23657.jpeg","datePublished":"2026-03-02T09:19:40+00:00","dateModified":"2026-03-27T18:37:14+00:00","breadcrumb":{"@id":"https:\/\/tourcruiser.com\/#breadcrumb"},"inLanguage":"de","potentialAction":[{"@type":"ReadAction","target":["https:\/\/tourcruiser.com\/"]}]},{"@type":"ImageObject","inLanguage":"de","@id":"https:\/\/tourcruiser.com\/#primaryimage","url":"https:\/\/images.novelship.com\/product\/_women__asics_gel_quantum_180__celebration_of_spor_0_23657.jpeg;https:\/\/images.novelship.com\/product\/_women__asics_gel_quantum_180__celebration_of_spor_1_23657.jpeg;https:\/\/images.novelship.com\/product\/_women__asics_gel_quantum_180__celebration_of_spor_2_23657.jpeg;https:\/\/images.novelship.com\/product\/_women__asics_gel_quantum_180__celebration_of_spor_3_23657.jpeg;https:\/\/images.novelship.com\/product\/_women__asics_gel_quantum_180__celebration_of_spor_4_23657.jpeg;https:\/\/images.novelship.com\/product\/_women__asics_gel_quantum_180__celebration_of_spor_5_23657.jpeg","contentUrl":"https:\/\/images.novelship.com\/product\/_women__asics_gel_quantum_180__celebration_of_spor_0_23657.jpeg;https:\/\/images.novelship.com\/product\/_women__asics_gel_quantum_180__celebration_of_spor_1_23657.jpeg;https:\/\/images.novelship.com\/product\/_women__asics_gel_quantum_180__celebration_of_spor_2_23657.jpeg;https:\/\/images.novelship.com\/product\/_women__asics_gel_quantum_180__celebration_of_spor_3_23657.jpeg;https:\/\/images.novelship.com\/product\/_women__asics_gel_quantum_180__celebration_of_spor_4_23657.jpeg;https:\/\/images.novelship.com\/product\/_women__asics_gel_quantum_180__celebration_of_spor_5_23657.jpeg"},{"@type":"BreadcrumbList","@id":"https:\/\/tourcruiser.com\/#breadcrumb","itemListElement":[{"@type":"ListItem","position":1,"name":"Home","item":"https:\/\/tourcruiser.com\/de\/"},{"@type":"ListItem","position":2,"name":"Shop","item":"https:\/\/tourcruiser.com\/de\/shop\/"},{"@type":"ListItem","position":3,"name":"(Women) ASICS Gel Quantum 180 &#8218;Celebration of Sport Pack&#8216;"}]},{"@type":"WebSite","@id":"https:\/\/tourcruiser.com\/de\/#website","url":"https:\/\/tourcruiser.com\/de\/","name":"Styloral Jewelry Shop","description":"Tourcruiser Sneaker Store \u2014 der Ort, an dem das Universum deine Einzigartigkeit trifft.","publisher":{"@id":"https:\/\/tourcruiser.com\/de\/#organization"},"potentialAction":[{"@type":"SearchAction","target":{"@type":"EntryPoint","urlTemplate":"https:\/\/tourcruiser.com\/de\/?s={search_term_string}"},"query-input":{"@type":"PropertyValueSpecification","valueRequired":true,"valueName":"search_term_string"}}],"inLanguage":"de"},{"@type":"Organization","@id":"https:\/\/tourcruiser.com\/de\/#organization","name":"STYLORAL PTE. LTD","url":"https:\/\/tourcruiser.com\/de\/","logo":{"@type":"ImageObject","inLanguage":"de","@id":"https:\/\/tourcruiser.com\/de\/#\/schema\/logo\/image\/","url":"https:\/\/www.tourcruiser.com\/wp-content\/uploads\/2025\/12\/logo.png","contentUrl":"https:\/\/www.tourcruiser.com\/wp-content\/uploads\/2025\/12\/logo.png","width":200,"height":65,"caption":"STYLORAL PTE. LTD"},"image":{"@id":"https:\/\/tourcruiser.com\/de\/#\/schema\/logo\/image\/"}}]}},"_links":{"self":[{"href":"https:\/\/tourcruiser.com\/de\/wp-json\/wp\/v2\/product\/169491","targetHints":{"allow":["GET"]}}],"collection":[{"href":"https:\/\/tourcruiser.com\/de\/wp-json\/wp\/v2\/product"}],"about":[{"href":"https:\/\/tourcruiser.com\/de\/wp-json\/wp\/v2\/types\/product"}],"replies":[{"embeddable":true,"href":"https:\/\/tourcruiser.com\/de\/wp-json\/wp\/v2\/comments?post=169491"}],"wp:featuredmedia":[{"embeddable":true,"href":"https:\/\/tourcruiser.com\/de\/wp-json\/wp\/v2\/media\/169492"}],"wp:attachment":[{"href":"https:\/\/tourcruiser.com\/de\/wp-json\/wp\/v2\/media?parent=169491"}],"wp:term":[{"taxonomy":"product_brand","embeddable":true,"href":"https:\/\/tourcruiser.com\/de\/wp-json\/wp\/v2\/product_brand?post=169491"},{"taxonomy":"product_cat","embeddable":true,"href":"https:\/\/tourcruiser.com\/de\/wp-json\/wp\/v2\/product_cat?post=169491"},{"taxonomy":"product_tag","embeddable":true,"href":"https:\/\/tourcruiser.com\/de\/wp-json\/wp\/v2\/product_tag?post=169491"}],"curies":[{"name":"wp","href":"https:\/\/api.w.org\/{rel}","templated":true}]}}