{"id":169147,"date":"2026-03-02T16:19:13","date_gmt":"2026-03-02T09:19:13","guid":{"rendered":"http:\/\/tourcruiser.com\/product\/women-adidas-handball-spezial-warm-sandstone-clear-pink"},"modified":"2026-03-28T01:36:50","modified_gmt":"2026-03-27T18:36:50","slug":"women-adidas-handball-spezial-warm-sandstone-clear-pink","status":"publish","type":"product","link":"https:\/\/tourcruiser.com\/de\/products\/women-adidas-handball-spezial-warm-sandstone-clear-pink\/","title":{"rendered":"(Women) adidas Handball Spezial &#8218;Warm Sandstone Clear Pink&#8216;"},"content":{"rendered":"<p>Mit den Adidas Handball Spezial Sneakers JI2651 vereinen sich Retro-Charme und moderne Funktionalit\u00e4t perfekt und steigern Sie Ihren Style und Ihre Performance. Diese Kultschuhe, urspr\u00fcnglich f\u00fcr Hallensportarten entwickelt, lassen sich heute nahtlos vom Court auf die Stra\u00dfe \u00fcbertragen und sind somit eine vielseitige Erg\u00e4nzung f\u00fcr jede Garderobe. Das hochwertige Obermaterial aus Wildleder sorgt f\u00fcr Strapazierf\u00e4higkeit und Komfort. Das Vintage-inspirierte Design mit dem unverkennbaren Adidas-Branding garantiert, dass Sie in jeder Menge auffallen.<\/p>\n<p>Die griffige Gummisohle verbessert nicht nur die Traktion bei intensiven Aktivit\u00e4ten, sondern verleiht den Schuhen auch eine zeitlose Optik. Die komfortable Polsterung im Inneren sorgt f\u00fcr ganzt\u00e4gigen Tragekomfort \u201d\u201c egal ob im Fitnessstudio, beim Einkaufen oder beim Treffen mit Freunden. Sorgf\u00e4ltig verarbeitete N\u00e4hte und eine schlanke Silhouette machen diese Sneakers zur idealen Wahl f\u00fcr alle, die Wert auf Style, Qualit\u00e4t und Funktionalit\u00e4t legen.<\/p>\n<p>Die Adidas Handball Spezial Sneakers JI2651 sind in einer klassischen Farbpalette erh\u00e4ltlich und perfekt f\u00fcr Damen und Herren, die einen l\u00e4ssig-coolen und sportlichen Look suchen. Ob du Retro-Schuhe liebst, Sportler bist oder einfach nur vielseitige Sneaker bevorzugst \u201d\u201c diese Sneaker werden garantiert dein neues Lieblingspaar. Erlebe l\u00e4ssige Eleganz neu mit den Adidas Handball Spezial Sneakers \u201d\u201c wo Tradition auf Innovation trifft.<\/p>\n<ul>\n<li><strong>Farbgebung:<\/strong> Warm Sandstone\/Clear Pink\/Gum<\/li>\n<li><strong>Artikelnummer:<\/strong> JI2651<\/li>\n<li><strong>Obermaterial:<\/strong> Wildleder<\/li>\n<li><strong>Farbe:<\/strong> Braun<\/li>\n<\/ul>\n","protected":false},"excerpt":{"rendered":"<p>adidas Handball Spezial \u201d\u201d Warm Sandstone\/Clear Pink\/Gum<\/p>\n","protected":false},"featured_media":169148,"comment_status":"open","ping_status":"closed","template":"","meta":[],"product_brand":[],"product_cat":[10941],"product_tag":[10759,10750,10754,10949,10756,10758],"class_list":{"0":"post-169147","1":"product","2":"type-product","3":"status-publish","4":"has-post-thumbnail","6":"product_cat-adidas-women","7":"product_tag-adidas","8":"product_tag-athleisure-shoes","9":"product_tag-lifestyle-casual-shoes","10":"product_tag-lifestyle-shoes-handball-inspired","11":"product_tag-retro-casual-shoes","12":"product_tag-under-retail","13":"wcpa_has_options","15":"first","16":"outofstock","17":"taxable","18":"shipping-taxable","19":"purchasable","20":"product-type-simple"},"wcpa_form_fields":{"rules":{"pric_overide_base_price":false,"pric_overide_base_price_if_gt_zero":false,"pric_overide_base_price_fully":false,"pric_cal_option_once":false,"pric_use_as_fee":false,"bind_quantity":false,"quantity_bind_formula":false},"fields":[{"type":"color-group","required":true,"elementId":"wcpa-color-group-66c4a7f817afe","label":"Gr\u00f6\u00dfe","inline":true,"priceOptions":"different_for_all","pricingType":"fixed","className":"hassizechart product-shoes-size-eu product-shoes-size","name":"color-group-66c4a7f817b18","disp_type":"square","selection_type":"tick-border","disp_size":"50","show_label_inside":true,"adjust_width":true,"cart_display_type":"text","other_text":"Other","cl_rule":"show","col":6,"values":[{"label":"35","value":"EU 35","price":"","pimage":"","pimage_id":"","pthumb":"","color":""},{"label":"35.5","value":"EU 35.5","price":"","pimage":"","pimage_id":"","pthumb":"","color":""},{"label":"36","value":"EU 36","price":"","pimage":"","pimage_id":"","pthumb":"","color":"","selected":true},{"label":"36 2\/3","value":"EU 36 2\/3","price":"","pimage":"","pimage_id":"","pthumb":"","color":""},{"label":"37 1\/3","value":"EU 37 1\/3","price":"","pimage":"","pimage_id":"","pthumb":"","color":""},{"label":"38","value":"EU 38","price":"","pimage":"","pimage_id":"","pthumb":"","color":""},{"label":"38 2\/3","value":"EU 38 2\/3","price":"","pimage":"","pimage_id":"","pthumb":"","color":""},{"label":"39 1\/3","value":"EU 39 1\/3","price":"","pimage":"","pimage_id":"","pthumb":"","color":""},{"label":"40","value":"EU 40","price":"","pimage":"","pimage_id":"","pthumb":"","color":""},{"label":"40 2\/3","value":"EU 40 2\/3","price":"","pimage":"","pimage_id":"","pthumb":"","color":""},{"label":"41 1\/3","value":"EU 41 1\/3","price":"","pimage":"","pimage_id":"","pthumb":"","color":""},{"label":"42","value":"EU 42","price":"","pimage":"","pimage_id":"","pthumb":"","color":""},{"label":"42 2\/3","value":"EU 42 2\/3","price":"","pimage":"","pimage_id":"","pthumb":"","color":""},{"label":"43 1\/3","value":"EU 43 1\/3","price":"","pimage":"","pimage_id":"","pthumb":"","color":""},{"label":"44","value":"EU 44","price":"","pimage":"","pimage_id":"","pthumb":"","color":""},{"label":"44 2\/3","value":"EU 44 2\/3","price":"","pimage":"","pimage_id":"","pthumb":"","color":""},{"label":"45 1\/3","value":"EU 45 1\/3","price":"","pimage":"","pimage_id":"","pthumb":"","color":""},{"label":"46","value":"EU 46","price":"","pimage":"","pimage_id":"","pthumb":"","color":""},{"label":"46 2\/3","value":"EU 46 2\/3","price":"","pimage":"","pimage_id":"","pthumb":"","color":""},{"label":"47 1\/3","value":"EU 47 1\/3","price":"","pimage":"","pimage_id":"","pthumb":"","color":""}],"relations":[{"operator":false,"rules":[]}],"form_id":24802,"form_rules":{"pric_cal_option_once":false,"exclude_from_discount":false,"pric_use_as_fee":false,"fee_label":"Fee","render_after_acb":false,"disp_hide_options_price":false}}]},"yoast_head":"<!-- This site is optimized with the Yoast SEO plugin v26.5 - https:\/\/yoast.com\/wordpress\/plugins\/seo\/ -->\n<title>(Women) adidas Handball Spezial &#039;Warm Sandstone Clear Pink&#039;  - Tourcruiser PTE. LTD<\/title>\n<meta name=\"robots\" content=\"index, follow, max-snippet:-1, max-image-preview:large, max-video-preview:-1\" \/>\n<link rel=\"canonical\" href=\"https:\/\/tourcruiser.com\/\" \/>\n<meta property=\"og:locale\" content=\"de_DE\" \/>\n<meta property=\"og:type\" content=\"article\" \/>\n<meta property=\"og:title\" content=\"(Women) adidas Handball Spezial &#039;Warm Sandstone Clear Pink&#039;  - Tourcruiser PTE. LTD\" \/>\n<meta property=\"og:description\" content=\"adidas Handball Spezial \u201d\u201d Warm Sandstone\/Clear Pink\/Gum\" \/>\n<meta property=\"og:url\" content=\"\/\" \/>\n<meta property=\"og:site_name\" content=\"Tourcruiser Sneaker Store\" \/>\n<meta property=\"article:modified_time\" content=\"2026-03-27T18:36:50+00:00\" \/>\n<meta name=\"twitter:card\" content=\"summary_large_image\" \/>\n<meta name=\"twitter:image\" content=\"https:\/\/images.novelship.com\/product\/_w__adidas_handball_spezial_sneakers_ji2651_0_50040.jpeg;https:\/\/images.novelship.com\/product\/_w__adidas_handball_spezial_sneakers_ji2651_1_50041.jpeg;https:\/\/images.novelship.com\/product\/_w__adidas_handball_spezial_sneakers_ji2651_2_50041.jpeg;https:\/\/images.novelship.com\/product\/_w__adidas_handball_spezial_sneakers_ji2651_3_50041.jpeg;https:\/\/images.novelship.com\/product\/_w__adidas_handball_spezial_sneakers_ji2651_4_50041.jpeg;https:\/\/images.novelship.com\/product\/_w__adidas_handball_spezial_sneakers_ji2651_5_50041.jpeg;https:\/\/images.novelship.com\/product\/_w__adidas_handball_spezial_sneakers_ji2651_6_50041.jpeg;https:\/\/images.novelship.com\/product\/_w__adidas_handball_spezial_sneakers_ji2651_7_50041.jpeg;https:\/\/images.novelship.com\/product\/_w__adidas_handball_spezial_sneakers_ji2651_8_50041.jpeg;https:\/\/images.novelship.com\/product\/_w__adidas_handball_spezial_sneakers_ji2651_9_50041.jpeg\" \/>\n<meta name=\"twitter:label1\" content=\"Gesch\u00e4tzte Lesezeit\" \/>\n\t<meta name=\"twitter:data1\" content=\"1\u00a0Minute\" \/>\n<script type=\"application\/ld+json\" class=\"yoast-schema-graph\">{\"@context\":\"https:\/\/schema.org\",\"@graph\":[{\"@type\":\"WebPage\",\"@id\":\"\/\",\"url\":\"https:\/\/tourcruiser.com\/\",\"name\":\"(Women) adidas Handball Spezial 'Warm Sandstone Clear Pink' - Tourcruiser PTE. LTD\",\"isPartOf\":{\"@id\":\"https:\/\/tourcruiser.com\/de\/#website\"},\"primaryImageOfPage\":{\"@id\":\"https:\/\/tourcruiser.com\/#primaryimage\"},\"image\":{\"@id\":\"https:\/\/tourcruiser.com\/#primaryimage\"},\"thumbnailUrl\":\"https:\/\/images.novelship.com\/product\/_w__adidas_handball_spezial_sneakers_ji2651_0_50040.jpeg;https:\/\/images.novelship.com\/product\/_w__adidas_handball_spezial_sneakers_ji2651_1_50041.jpeg;https:\/\/images.novelship.com\/product\/_w__adidas_handball_spezial_sneakers_ji2651_2_50041.jpeg;https:\/\/images.novelship.com\/product\/_w__adidas_handball_spezial_sneakers_ji2651_3_50041.jpeg;https:\/\/images.novelship.com\/product\/_w__adidas_handball_spezial_sneakers_ji2651_4_50041.jpeg;https:\/\/images.novelship.com\/product\/_w__adidas_handball_spezial_sneakers_ji2651_5_50041.jpeg;https:\/\/images.novelship.com\/product\/_w__adidas_handball_spezial_sneakers_ji2651_6_50041.jpeg;https:\/\/images.novelship.com\/product\/_w__adidas_handball_spezial_sneakers_ji2651_7_50041.jpeg;https:\/\/images.novelship.com\/product\/_w__adidas_handball_spezial_sneakers_ji2651_8_50041.jpeg;https:\/\/images.novelship.com\/product\/_w__adidas_handball_spezial_sneakers_ji2651_9_50041.jpeg\",\"datePublished\":\"2026-03-02T09:19:13+00:00\",\"dateModified\":\"2026-03-27T18:36:50+00:00\",\"breadcrumb\":{\"@id\":\"https:\/\/tourcruiser.com\/#breadcrumb\"},\"inLanguage\":\"de\",\"potentialAction\":[{\"@type\":\"ReadAction\",\"target\":[\"https:\/\/tourcruiser.com\/\"]}]},{\"@type\":\"ImageObject\",\"inLanguage\":\"de\",\"@id\":\"https:\/\/tourcruiser.com\/#primaryimage\",\"url\":\"https:\/\/images.novelship.com\/product\/_w__adidas_handball_spezial_sneakers_ji2651_0_50040.jpeg;https:\/\/images.novelship.com\/product\/_w__adidas_handball_spezial_sneakers_ji2651_1_50041.jpeg;https:\/\/images.novelship.com\/product\/_w__adidas_handball_spezial_sneakers_ji2651_2_50041.jpeg;https:\/\/images.novelship.com\/product\/_w__adidas_handball_spezial_sneakers_ji2651_3_50041.jpeg;https:\/\/images.novelship.com\/product\/_w__adidas_handball_spezial_sneakers_ji2651_4_50041.jpeg;https:\/\/images.novelship.com\/product\/_w__adidas_handball_spezial_sneakers_ji2651_5_50041.jpeg;https:\/\/images.novelship.com\/product\/_w__adidas_handball_spezial_sneakers_ji2651_6_50041.jpeg;https:\/\/images.novelship.com\/product\/_w__adidas_handball_spezial_sneakers_ji2651_7_50041.jpeg;https:\/\/images.novelship.com\/product\/_w__adidas_handball_spezial_sneakers_ji2651_8_50041.jpeg;https:\/\/images.novelship.com\/product\/_w__adidas_handball_spezial_sneakers_ji2651_9_50041.jpeg\",\"contentUrl\":\"https:\/\/images.novelship.com\/product\/_w__adidas_handball_spezial_sneakers_ji2651_0_50040.jpeg;https:\/\/images.novelship.com\/product\/_w__adidas_handball_spezial_sneakers_ji2651_1_50041.jpeg;https:\/\/images.novelship.com\/product\/_w__adidas_handball_spezial_sneakers_ji2651_2_50041.jpeg;https:\/\/images.novelship.com\/product\/_w__adidas_handball_spezial_sneakers_ji2651_3_50041.jpeg;https:\/\/images.novelship.com\/product\/_w__adidas_handball_spezial_sneakers_ji2651_4_50041.jpeg;https:\/\/images.novelship.com\/product\/_w__adidas_handball_spezial_sneakers_ji2651_5_50041.jpeg;https:\/\/images.novelship.com\/product\/_w__adidas_handball_spezial_sneakers_ji2651_6_50041.jpeg;https:\/\/images.novelship.com\/product\/_w__adidas_handball_spezial_sneakers_ji2651_7_50041.jpeg;https:\/\/images.novelship.com\/product\/_w__adidas_handball_spezial_sneakers_ji2651_8_50041.jpeg;https:\/\/images.novelship.com\/product\/_w__adidas_handball_spezial_sneakers_ji2651_9_50041.jpeg\"},{\"@type\":\"BreadcrumbList\",\"@id\":\"https:\/\/tourcruiser.com\/#breadcrumb\",\"itemListElement\":[{\"@type\":\"ListItem\",\"position\":1,\"name\":\"Home\",\"item\":\"https:\/\/tourcruiser.com\/de\/\"},{\"@type\":\"ListItem\",\"position\":2,\"name\":\"Shop\",\"item\":\"https:\/\/tourcruiser.com\/de\/shop\/\"},{\"@type\":\"ListItem\",\"position\":3,\"name\":\"(Women) adidas Handball Spezial &#8218;Warm Sandstone Clear Pink&#8216;\"}]},{\"@type\":\"WebSite\",\"@id\":\"https:\/\/tourcruiser.com\/de\/#website\",\"url\":\"https:\/\/tourcruiser.com\/de\/\",\"name\":\"Styloral Jewelry Shop\",\"description\":\"Tourcruiser Sneaker Store \u2014 der Ort, an dem das Universum deine Einzigartigkeit trifft.\",\"publisher\":{\"@id\":\"https:\/\/tourcruiser.com\/de\/#organization\"},\"potentialAction\":[{\"@type\":\"SearchAction\",\"target\":{\"@type\":\"EntryPoint\",\"urlTemplate\":\"https:\/\/tourcruiser.com\/de\/?s={search_term_string}\"},\"query-input\":{\"@type\":\"PropertyValueSpecification\",\"valueRequired\":true,\"valueName\":\"search_term_string\"}}],\"inLanguage\":\"de\"},{\"@type\":\"Organization\",\"@id\":\"https:\/\/tourcruiser.com\/de\/#organization\",\"name\":\"STYLORAL PTE. LTD\",\"url\":\"https:\/\/tourcruiser.com\/de\/\",\"logo\":{\"@type\":\"ImageObject\",\"inLanguage\":\"de\",\"@id\":\"https:\/\/tourcruiser.com\/de\/#\/schema\/logo\/image\/\",\"url\":\"https:\/\/www.tourcruiser.com\/wp-content\/uploads\/2025\/12\/logo.png\",\"contentUrl\":\"https:\/\/www.tourcruiser.com\/wp-content\/uploads\/2025\/12\/logo.png\",\"width\":200,\"height\":65,\"caption\":\"STYLORAL PTE. LTD\"},\"image\":{\"@id\":\"https:\/\/tourcruiser.com\/de\/#\/schema\/logo\/image\/\"}}]}<\/script>\n<!-- \/ Yoast SEO plugin. -->","yoast_head_json":{"title":"(Women) adidas Handball Spezial 'Warm Sandstone Clear Pink'  - Tourcruiser PTE. LTD","robots":{"index":"index","follow":"follow","max-snippet":"max-snippet:-1","max-image-preview":"max-image-preview:large","max-video-preview":"max-video-preview:-1"},"canonical":"https:\/\/tourcruiser.com\/","og_locale":"de_DE","og_type":"article","og_title":"(Women) adidas Handball Spezial 'Warm Sandstone Clear Pink'  - Tourcruiser PTE. LTD","og_description":"adidas Handball Spezial \u201d\u201d Warm Sandstone\/Clear Pink\/Gum","og_url":"\/","og_site_name":"Tourcruiser Sneaker Store","article_modified_time":"2026-03-27T18:36:50+00:00","twitter_card":"summary_large_image","twitter_image":"https:\/\/images.novelship.com\/product\/_w__adidas_handball_spezial_sneakers_ji2651_0_50040.jpeg;https:\/\/images.novelship.com\/product\/_w__adidas_handball_spezial_sneakers_ji2651_1_50041.jpeg;https:\/\/images.novelship.com\/product\/_w__adidas_handball_spezial_sneakers_ji2651_2_50041.jpeg;https:\/\/images.novelship.com\/product\/_w__adidas_handball_spezial_sneakers_ji2651_3_50041.jpeg;https:\/\/images.novelship.com\/product\/_w__adidas_handball_spezial_sneakers_ji2651_4_50041.jpeg;https:\/\/images.novelship.com\/product\/_w__adidas_handball_spezial_sneakers_ji2651_5_50041.jpeg;https:\/\/images.novelship.com\/product\/_w__adidas_handball_spezial_sneakers_ji2651_6_50041.jpeg;https:\/\/images.novelship.com\/product\/_w__adidas_handball_spezial_sneakers_ji2651_7_50041.jpeg;https:\/\/images.novelship.com\/product\/_w__adidas_handball_spezial_sneakers_ji2651_8_50041.jpeg;https:\/\/images.novelship.com\/product\/_w__adidas_handball_spezial_sneakers_ji2651_9_50041.jpeg","twitter_misc":{"Gesch\u00e4tzte Lesezeit":"1\u00a0Minute"},"schema":{"@context":"https:\/\/schema.org","@graph":[{"@type":"WebPage","@id":"\/","url":"https:\/\/tourcruiser.com\/","name":"(Women) adidas Handball Spezial 'Warm Sandstone Clear Pink' - Tourcruiser PTE. LTD","isPartOf":{"@id":"https:\/\/tourcruiser.com\/de\/#website"},"primaryImageOfPage":{"@id":"https:\/\/tourcruiser.com\/#primaryimage"},"image":{"@id":"https:\/\/tourcruiser.com\/#primaryimage"},"thumbnailUrl":"https:\/\/images.novelship.com\/product\/_w__adidas_handball_spezial_sneakers_ji2651_0_50040.jpeg;https:\/\/images.novelship.com\/product\/_w__adidas_handball_spezial_sneakers_ji2651_1_50041.jpeg;https:\/\/images.novelship.com\/product\/_w__adidas_handball_spezial_sneakers_ji2651_2_50041.jpeg;https:\/\/images.novelship.com\/product\/_w__adidas_handball_spezial_sneakers_ji2651_3_50041.jpeg;https:\/\/images.novelship.com\/product\/_w__adidas_handball_spezial_sneakers_ji2651_4_50041.jpeg;https:\/\/images.novelship.com\/product\/_w__adidas_handball_spezial_sneakers_ji2651_5_50041.jpeg;https:\/\/images.novelship.com\/product\/_w__adidas_handball_spezial_sneakers_ji2651_6_50041.jpeg;https:\/\/images.novelship.com\/product\/_w__adidas_handball_spezial_sneakers_ji2651_7_50041.jpeg;https:\/\/images.novelship.com\/product\/_w__adidas_handball_spezial_sneakers_ji2651_8_50041.jpeg;https:\/\/images.novelship.com\/product\/_w__adidas_handball_spezial_sneakers_ji2651_9_50041.jpeg","datePublished":"2026-03-02T09:19:13+00:00","dateModified":"2026-03-27T18:36:50+00:00","breadcrumb":{"@id":"https:\/\/tourcruiser.com\/#breadcrumb"},"inLanguage":"de","potentialAction":[{"@type":"ReadAction","target":["https:\/\/tourcruiser.com\/"]}]},{"@type":"ImageObject","inLanguage":"de","@id":"https:\/\/tourcruiser.com\/#primaryimage","url":"https:\/\/images.novelship.com\/product\/_w__adidas_handball_spezial_sneakers_ji2651_0_50040.jpeg;https:\/\/images.novelship.com\/product\/_w__adidas_handball_spezial_sneakers_ji2651_1_50041.jpeg;https:\/\/images.novelship.com\/product\/_w__adidas_handball_spezial_sneakers_ji2651_2_50041.jpeg;https:\/\/images.novelship.com\/product\/_w__adidas_handball_spezial_sneakers_ji2651_3_50041.jpeg;https:\/\/images.novelship.com\/product\/_w__adidas_handball_spezial_sneakers_ji2651_4_50041.jpeg;https:\/\/images.novelship.com\/product\/_w__adidas_handball_spezial_sneakers_ji2651_5_50041.jpeg;https:\/\/images.novelship.com\/product\/_w__adidas_handball_spezial_sneakers_ji2651_6_50041.jpeg;https:\/\/images.novelship.com\/product\/_w__adidas_handball_spezial_sneakers_ji2651_7_50041.jpeg;https:\/\/images.novelship.com\/product\/_w__adidas_handball_spezial_sneakers_ji2651_8_50041.jpeg;https:\/\/images.novelship.com\/product\/_w__adidas_handball_spezial_sneakers_ji2651_9_50041.jpeg","contentUrl":"https:\/\/images.novelship.com\/product\/_w__adidas_handball_spezial_sneakers_ji2651_0_50040.jpeg;https:\/\/images.novelship.com\/product\/_w__adidas_handball_spezial_sneakers_ji2651_1_50041.jpeg;https:\/\/images.novelship.com\/product\/_w__adidas_handball_spezial_sneakers_ji2651_2_50041.jpeg;https:\/\/images.novelship.com\/product\/_w__adidas_handball_spezial_sneakers_ji2651_3_50041.jpeg;https:\/\/images.novelship.com\/product\/_w__adidas_handball_spezial_sneakers_ji2651_4_50041.jpeg;https:\/\/images.novelship.com\/product\/_w__adidas_handball_spezial_sneakers_ji2651_5_50041.jpeg;https:\/\/images.novelship.com\/product\/_w__adidas_handball_spezial_sneakers_ji2651_6_50041.jpeg;https:\/\/images.novelship.com\/product\/_w__adidas_handball_spezial_sneakers_ji2651_7_50041.jpeg;https:\/\/images.novelship.com\/product\/_w__adidas_handball_spezial_sneakers_ji2651_8_50041.jpeg;https:\/\/images.novelship.com\/product\/_w__adidas_handball_spezial_sneakers_ji2651_9_50041.jpeg"},{"@type":"BreadcrumbList","@id":"https:\/\/tourcruiser.com\/#breadcrumb","itemListElement":[{"@type":"ListItem","position":1,"name":"Home","item":"https:\/\/tourcruiser.com\/de\/"},{"@type":"ListItem","position":2,"name":"Shop","item":"https:\/\/tourcruiser.com\/de\/shop\/"},{"@type":"ListItem","position":3,"name":"(Women) adidas Handball Spezial &#8218;Warm Sandstone Clear Pink&#8216;"}]},{"@type":"WebSite","@id":"https:\/\/tourcruiser.com\/de\/#website","url":"https:\/\/tourcruiser.com\/de\/","name":"Styloral Jewelry Shop","description":"Tourcruiser Sneaker Store \u2014 der Ort, an dem das Universum deine Einzigartigkeit trifft.","publisher":{"@id":"https:\/\/tourcruiser.com\/de\/#organization"},"potentialAction":[{"@type":"SearchAction","target":{"@type":"EntryPoint","urlTemplate":"https:\/\/tourcruiser.com\/de\/?s={search_term_string}"},"query-input":{"@type":"PropertyValueSpecification","valueRequired":true,"valueName":"search_term_string"}}],"inLanguage":"de"},{"@type":"Organization","@id":"https:\/\/tourcruiser.com\/de\/#organization","name":"STYLORAL PTE. LTD","url":"https:\/\/tourcruiser.com\/de\/","logo":{"@type":"ImageObject","inLanguage":"de","@id":"https:\/\/tourcruiser.com\/de\/#\/schema\/logo\/image\/","url":"https:\/\/www.tourcruiser.com\/wp-content\/uploads\/2025\/12\/logo.png","contentUrl":"https:\/\/www.tourcruiser.com\/wp-content\/uploads\/2025\/12\/logo.png","width":200,"height":65,"caption":"STYLORAL PTE. LTD"},"image":{"@id":"https:\/\/tourcruiser.com\/de\/#\/schema\/logo\/image\/"}}]}},"_links":{"self":[{"href":"https:\/\/tourcruiser.com\/de\/wp-json\/wp\/v2\/product\/169147","targetHints":{"allow":["GET"]}}],"collection":[{"href":"https:\/\/tourcruiser.com\/de\/wp-json\/wp\/v2\/product"}],"about":[{"href":"https:\/\/tourcruiser.com\/de\/wp-json\/wp\/v2\/types\/product"}],"replies":[{"embeddable":true,"href":"https:\/\/tourcruiser.com\/de\/wp-json\/wp\/v2\/comments?post=169147"}],"wp:featuredmedia":[{"embeddable":true,"href":"https:\/\/tourcruiser.com\/de\/wp-json\/wp\/v2\/media\/169148"}],"wp:attachment":[{"href":"https:\/\/tourcruiser.com\/de\/wp-json\/wp\/v2\/media?parent=169147"}],"wp:term":[{"taxonomy":"product_brand","embeddable":true,"href":"https:\/\/tourcruiser.com\/de\/wp-json\/wp\/v2\/product_brand?post=169147"},{"taxonomy":"product_cat","embeddable":true,"href":"https:\/\/tourcruiser.com\/de\/wp-json\/wp\/v2\/product_cat?post=169147"},{"taxonomy":"product_tag","embeddable":true,"href":"https:\/\/tourcruiser.com\/de\/wp-json\/wp\/v2\/product_tag?post=169147"}],"curies":[{"name":"wp","href":"https:\/\/api.w.org\/{rel}","templated":true}]}}