{"id":169107,"date":"2026-03-02T16:19:09","date_gmt":"2026-03-02T09:19:09","guid":{"rendered":"http:\/\/tourcruiser.com\/product\/adidas-midcity-mid-core-black-white"},"modified":"2026-03-28T01:36:49","modified_gmt":"2026-03-27T18:36:49","slug":"adidas-midcity-mid-core-black-white","status":"publish","type":"product","link":"https:\/\/tourcruiser.com\/de\/products\/adidas-midcity-mid-core-black-white\/","title":{"rendered":"adidas Midcity Mid &#8218;Core Black White&#8216;"},"content":{"rendered":"<p>Wir pr\u00e4sentieren den adidas Midcity Mid &#8218;Core Black White&#8216; IE4465 \u201d\u201c die perfekte Kombination aus Style und Komfort. Dieser Sneaker besticht durch sein klassisches Mid-Top-Design in klarem Schwarz-Wei\u00df und garantiert so einen zeitlosen Look. Das strapazierf\u00e4hige Obermaterial aus Leder und die gepolsterte Innensohle sorgen f\u00fcr ganzt\u00e4gigen Tragekomfort, w\u00e4hrend die Gummiau\u00dfensohle hervorragende Traktion bietet. Ob auf der Stra\u00dfe oder im Fitnessstudio \u201d\u201c dieser vielseitige Sneaker ist ein Must-have f\u00fcr jeden Sneaker-Fan. Erlebe den ikonischen Style und den unvergleichlichen Komfort des adidas Midcity Mid &#8218;Core Black White&#8216; IE4465 noch heute!<br \/>\n&#8230;<\/p>\n","protected":false},"excerpt":{"rendered":"<p>adidas Midcity \u201d\u201d Core Black \/ Cloud White \/ Crystal White<\/p>\n","protected":false},"featured_media":169108,"comment_status":"open","ping_status":"closed","template":"","meta":[],"product_brand":[],"product_cat":[10760],"product_tag":[10992],"class_list":{"0":"post-169107","1":"product","2":"type-product","3":"status-publish","4":"has-post-thumbnail","6":"product_cat-adidas","7":"product_tag-small-100-usd","8":"wcpa_has_options","10":"first","11":"outofstock","12":"taxable","13":"shipping-taxable","14":"purchasable","15":"product-type-simple"},"wcpa_form_fields":{"rules":{"pric_overide_base_price":false,"pric_overide_base_price_if_gt_zero":false,"pric_overide_base_price_fully":false,"pric_cal_option_once":false,"pric_use_as_fee":false,"bind_quantity":false,"quantity_bind_formula":false},"fields":[{"type":"color-group","required":true,"elementId":"wcpa-color-group-66c4a7f817afe","label":"Gr\u00f6\u00dfe","inline":true,"priceOptions":"different_for_all","pricingType":"fixed","className":"hassizechart product-shoes-size-eu product-shoes-size","name":"color-group-66c4a7f817b18","disp_type":"square","selection_type":"tick-border","disp_size":"50","show_label_inside":true,"adjust_width":true,"cart_display_type":"text","other_text":"Other","cl_rule":"show","col":6,"values":[{"label":"35","value":"EU 35","price":"","pimage":"","pimage_id":"","pthumb":"","color":""},{"label":"35.5","value":"EU 35.5","price":"","pimage":"","pimage_id":"","pthumb":"","color":""},{"label":"36","value":"EU 36","price":"","pimage":"","pimage_id":"","pthumb":"","color":"","selected":true},{"label":"36 2\/3","value":"EU 36 2\/3","price":"","pimage":"","pimage_id":"","pthumb":"","color":""},{"label":"37 1\/3","value":"EU 37 1\/3","price":"","pimage":"","pimage_id":"","pthumb":"","color":""},{"label":"38","value":"EU 38","price":"","pimage":"","pimage_id":"","pthumb":"","color":""},{"label":"38 2\/3","value":"EU 38 2\/3","price":"","pimage":"","pimage_id":"","pthumb":"","color":""},{"label":"39 1\/3","value":"EU 39 1\/3","price":"","pimage":"","pimage_id":"","pthumb":"","color":""},{"label":"40","value":"EU 40","price":"","pimage":"","pimage_id":"","pthumb":"","color":""},{"label":"40 2\/3","value":"EU 40 2\/3","price":"","pimage":"","pimage_id":"","pthumb":"","color":""},{"label":"41 1\/3","value":"EU 41 1\/3","price":"","pimage":"","pimage_id":"","pthumb":"","color":""},{"label":"42","value":"EU 42","price":"","pimage":"","pimage_id":"","pthumb":"","color":""},{"label":"42 2\/3","value":"EU 42 2\/3","price":"","pimage":"","pimage_id":"","pthumb":"","color":""},{"label":"43 1\/3","value":"EU 43 1\/3","price":"","pimage":"","pimage_id":"","pthumb":"","color":""},{"label":"44","value":"EU 44","price":"","pimage":"","pimage_id":"","pthumb":"","color":""},{"label":"44 2\/3","value":"EU 44 2\/3","price":"","pimage":"","pimage_id":"","pthumb":"","color":""},{"label":"45 1\/3","value":"EU 45 1\/3","price":"","pimage":"","pimage_id":"","pthumb":"","color":""},{"label":"46","value":"EU 46","price":"","pimage":"","pimage_id":"","pthumb":"","color":""},{"label":"46 2\/3","value":"EU 46 2\/3","price":"","pimage":"","pimage_id":"","pthumb":"","color":""},{"label":"47 1\/3","value":"EU 47 1\/3","price":"","pimage":"","pimage_id":"","pthumb":"","color":""}],"relations":[{"operator":false,"rules":[]}],"form_id":24802,"form_rules":{"pric_cal_option_once":false,"exclude_from_discount":false,"pric_use_as_fee":false,"fee_label":"Fee","render_after_acb":false,"disp_hide_options_price":false}}]},"yoast_head":"<!-- This site is optimized with the Yoast SEO plugin v26.5 - https:\/\/yoast.com\/wordpress\/plugins\/seo\/ -->\n<title>adidas Midcity Mid &#039;Core Black White&#039;  - Tourcruiser PTE. LTD<\/title>\n<meta name=\"robots\" content=\"index, follow, max-snippet:-1, max-image-preview:large, max-video-preview:-1\" \/>\n<link rel=\"canonical\" href=\"https:\/\/tourcruiser.com\/de\/products\/adidas-midcity-mid-core-black-white\/\" \/>\n<meta property=\"og:locale\" content=\"de_DE\" \/>\n<meta property=\"og:type\" content=\"article\" \/>\n<meta property=\"og:title\" content=\"adidas Midcity Mid &#039;Core Black White&#039;  - Tourcruiser PTE. LTD\" \/>\n<meta property=\"og:description\" content=\"adidas Midcity \u201d\u201d Core Black \/ Cloud White \/ Crystal White\" \/>\n<meta property=\"og:url\" content=\"https:\/\/tourcruiser.com\/de\/products\/adidas-midcity-mid-core-black-white\/\" \/>\n<meta property=\"og:site_name\" content=\"Tourcruiser Sneaker Store\" \/>\n<meta property=\"article:modified_time\" content=\"2026-03-27T18:36:49+00:00\" \/>\n<meta name=\"twitter:card\" content=\"summary_large_image\" \/>\n<meta name=\"twitter:image\" content=\"https:\/\/images.novelship.com\/product\/adidas_midcity__comfort_durable_breathable_mid_top_0_83612.jpeg;https:\/\/images.novelship.com\/product\/adidas_midcity__comfort_durable_breathable_mid_top_1_83612.jpeg;https:\/\/images.novelship.com\/product\/adidas_midcity__comfort_durable_breathable_mid_top_2_83612.jpeg;https:\/\/images.novelship.com\/product\/adidas_midcity__comfort_durable_breathable_mid_top_3_83612.jpeg;https:\/\/images.novelship.com\/product\/adidas_midcity__comfort_durable_breathable_mid_top_4_83612.jpeg\" \/>\n<script type=\"application\/ld+json\" class=\"yoast-schema-graph\">{\"@context\":\"https:\/\/schema.org\",\"@graph\":[{\"@type\":\"WebPage\",\"@id\":\"https:\/\/tourcruiser.com\/de\/products\/adidas-midcity-mid-core-black-white\/\",\"url\":\"https:\/\/tourcruiser.com\/de\/products\/adidas-midcity-mid-core-black-white\/\",\"name\":\"adidas Midcity Mid 'Core Black White' - Tourcruiser PTE. LTD\",\"isPartOf\":{\"@id\":\"https:\/\/tourcruiser.com\/de\/#website\"},\"primaryImageOfPage\":{\"@id\":\"https:\/\/tourcruiser.com\/de\/products\/adidas-midcity-mid-core-black-white\/#primaryimage\"},\"image\":{\"@id\":\"https:\/\/tourcruiser.com\/de\/products\/adidas-midcity-mid-core-black-white\/#primaryimage\"},\"thumbnailUrl\":\"https:\/\/images.novelship.com\/product\/adidas_midcity__comfort_durable_breathable_mid_top_0_83612.jpeg;https:\/\/images.novelship.com\/product\/adidas_midcity__comfort_durable_breathable_mid_top_1_83612.jpeg;https:\/\/images.novelship.com\/product\/adidas_midcity__comfort_durable_breathable_mid_top_2_83612.jpeg;https:\/\/images.novelship.com\/product\/adidas_midcity__comfort_durable_breathable_mid_top_3_83612.jpeg;https:\/\/images.novelship.com\/product\/adidas_midcity__comfort_durable_breathable_mid_top_4_83612.jpeg\",\"datePublished\":\"2026-03-02T09:19:09+00:00\",\"dateModified\":\"2026-03-27T18:36:49+00:00\",\"breadcrumb\":{\"@id\":\"https:\/\/tourcruiser.com\/de\/products\/adidas-midcity-mid-core-black-white\/#breadcrumb\"},\"inLanguage\":\"de\",\"potentialAction\":[{\"@type\":\"ReadAction\",\"target\":[\"https:\/\/tourcruiser.com\/de\/products\/adidas-midcity-mid-core-black-white\/\"]}]},{\"@type\":\"ImageObject\",\"inLanguage\":\"de\",\"@id\":\"https:\/\/tourcruiser.com\/de\/products\/adidas-midcity-mid-core-black-white\/#primaryimage\",\"url\":\"https:\/\/images.novelship.com\/product\/adidas_midcity__comfort_durable_breathable_mid_top_0_83612.jpeg;https:\/\/images.novelship.com\/product\/adidas_midcity__comfort_durable_breathable_mid_top_1_83612.jpeg;https:\/\/images.novelship.com\/product\/adidas_midcity__comfort_durable_breathable_mid_top_2_83612.jpeg;https:\/\/images.novelship.com\/product\/adidas_midcity__comfort_durable_breathable_mid_top_3_83612.jpeg;https:\/\/images.novelship.com\/product\/adidas_midcity__comfort_durable_breathable_mid_top_4_83612.jpeg\",\"contentUrl\":\"https:\/\/images.novelship.com\/product\/adidas_midcity__comfort_durable_breathable_mid_top_0_83612.jpeg;https:\/\/images.novelship.com\/product\/adidas_midcity__comfort_durable_breathable_mid_top_1_83612.jpeg;https:\/\/images.novelship.com\/product\/adidas_midcity__comfort_durable_breathable_mid_top_2_83612.jpeg;https:\/\/images.novelship.com\/product\/adidas_midcity__comfort_durable_breathable_mid_top_3_83612.jpeg;https:\/\/images.novelship.com\/product\/adidas_midcity__comfort_durable_breathable_mid_top_4_83612.jpeg\"},{\"@type\":\"BreadcrumbList\",\"@id\":\"https:\/\/tourcruiser.com\/de\/products\/adidas-midcity-mid-core-black-white\/#breadcrumb\",\"itemListElement\":[{\"@type\":\"ListItem\",\"position\":1,\"name\":\"Home\",\"item\":\"https:\/\/tourcruiser.com\/de\/\"},{\"@type\":\"ListItem\",\"position\":2,\"name\":\"Shop\",\"item\":\"https:\/\/tourcruiser.com\/de\/shop\/\"},{\"@type\":\"ListItem\",\"position\":3,\"name\":\"adidas Midcity Mid 'Core Black White'\"}]},{\"@type\":\"WebSite\",\"@id\":\"https:\/\/tourcruiser.com\/de\/#website\",\"url\":\"https:\/\/tourcruiser.com\/de\/\",\"name\":\"Styloral Jewelry Shop\",\"description\":\"Tourcruiser Sneaker Store \u2014 der Ort, an dem das Universum deine Einzigartigkeit trifft.\",\"publisher\":{\"@id\":\"https:\/\/tourcruiser.com\/de\/#organization\"},\"potentialAction\":[{\"@type\":\"SearchAction\",\"target\":{\"@type\":\"EntryPoint\",\"urlTemplate\":\"https:\/\/tourcruiser.com\/de\/?s={search_term_string}\"},\"query-input\":{\"@type\":\"PropertyValueSpecification\",\"valueRequired\":true,\"valueName\":\"search_term_string\"}}],\"inLanguage\":\"de\"},{\"@type\":\"Organization\",\"@id\":\"https:\/\/tourcruiser.com\/de\/#organization\",\"name\":\"STYLORAL PTE. LTD\",\"url\":\"https:\/\/tourcruiser.com\/de\/\",\"logo\":{\"@type\":\"ImageObject\",\"inLanguage\":\"de\",\"@id\":\"https:\/\/tourcruiser.com\/de\/#\/schema\/logo\/image\/\",\"url\":\"https:\/\/www.tourcruiser.com\/wp-content\/uploads\/2025\/12\/logo.png\",\"contentUrl\":\"https:\/\/www.tourcruiser.com\/wp-content\/uploads\/2025\/12\/logo.png\",\"width\":200,\"height\":65,\"caption\":\"STYLORAL PTE. LTD\"},\"image\":{\"@id\":\"https:\/\/tourcruiser.com\/de\/#\/schema\/logo\/image\/\"}}]}<\/script>\n<!-- \/ Yoast SEO plugin. -->","yoast_head_json":{"title":"adidas Midcity Mid 'Core Black White'  - Tourcruiser PTE. LTD","robots":{"index":"index","follow":"follow","max-snippet":"max-snippet:-1","max-image-preview":"max-image-preview:large","max-video-preview":"max-video-preview:-1"},"canonical":"https:\/\/tourcruiser.com\/de\/products\/adidas-midcity-mid-core-black-white\/","og_locale":"de_DE","og_type":"article","og_title":"adidas Midcity Mid 'Core Black White'  - Tourcruiser PTE. LTD","og_description":"adidas Midcity \u201d\u201d Core Black \/ Cloud White \/ Crystal White","og_url":"https:\/\/tourcruiser.com\/de\/products\/adidas-midcity-mid-core-black-white\/","og_site_name":"Tourcruiser Sneaker Store","article_modified_time":"2026-03-27T18:36:49+00:00","twitter_card":"summary_large_image","twitter_image":"https:\/\/images.novelship.com\/product\/adidas_midcity__comfort_durable_breathable_mid_top_0_83612.jpeg;https:\/\/images.novelship.com\/product\/adidas_midcity__comfort_durable_breathable_mid_top_1_83612.jpeg;https:\/\/images.novelship.com\/product\/adidas_midcity__comfort_durable_breathable_mid_top_2_83612.jpeg;https:\/\/images.novelship.com\/product\/adidas_midcity__comfort_durable_breathable_mid_top_3_83612.jpeg;https:\/\/images.novelship.com\/product\/adidas_midcity__comfort_durable_breathable_mid_top_4_83612.jpeg","schema":{"@context":"https:\/\/schema.org","@graph":[{"@type":"WebPage","@id":"https:\/\/tourcruiser.com\/de\/products\/adidas-midcity-mid-core-black-white\/","url":"https:\/\/tourcruiser.com\/de\/products\/adidas-midcity-mid-core-black-white\/","name":"adidas Midcity Mid 'Core Black White' - Tourcruiser PTE. LTD","isPartOf":{"@id":"https:\/\/tourcruiser.com\/de\/#website"},"primaryImageOfPage":{"@id":"https:\/\/tourcruiser.com\/de\/products\/adidas-midcity-mid-core-black-white\/#primaryimage"},"image":{"@id":"https:\/\/tourcruiser.com\/de\/products\/adidas-midcity-mid-core-black-white\/#primaryimage"},"thumbnailUrl":"https:\/\/images.novelship.com\/product\/adidas_midcity__comfort_durable_breathable_mid_top_0_83612.jpeg;https:\/\/images.novelship.com\/product\/adidas_midcity__comfort_durable_breathable_mid_top_1_83612.jpeg;https:\/\/images.novelship.com\/product\/adidas_midcity__comfort_durable_breathable_mid_top_2_83612.jpeg;https:\/\/images.novelship.com\/product\/adidas_midcity__comfort_durable_breathable_mid_top_3_83612.jpeg;https:\/\/images.novelship.com\/product\/adidas_midcity__comfort_durable_breathable_mid_top_4_83612.jpeg","datePublished":"2026-03-02T09:19:09+00:00","dateModified":"2026-03-27T18:36:49+00:00","breadcrumb":{"@id":"https:\/\/tourcruiser.com\/de\/products\/adidas-midcity-mid-core-black-white\/#breadcrumb"},"inLanguage":"de","potentialAction":[{"@type":"ReadAction","target":["https:\/\/tourcruiser.com\/de\/products\/adidas-midcity-mid-core-black-white\/"]}]},{"@type":"ImageObject","inLanguage":"de","@id":"https:\/\/tourcruiser.com\/de\/products\/adidas-midcity-mid-core-black-white\/#primaryimage","url":"https:\/\/images.novelship.com\/product\/adidas_midcity__comfort_durable_breathable_mid_top_0_83612.jpeg;https:\/\/images.novelship.com\/product\/adidas_midcity__comfort_durable_breathable_mid_top_1_83612.jpeg;https:\/\/images.novelship.com\/product\/adidas_midcity__comfort_durable_breathable_mid_top_2_83612.jpeg;https:\/\/images.novelship.com\/product\/adidas_midcity__comfort_durable_breathable_mid_top_3_83612.jpeg;https:\/\/images.novelship.com\/product\/adidas_midcity__comfort_durable_breathable_mid_top_4_83612.jpeg","contentUrl":"https:\/\/images.novelship.com\/product\/adidas_midcity__comfort_durable_breathable_mid_top_0_83612.jpeg;https:\/\/images.novelship.com\/product\/adidas_midcity__comfort_durable_breathable_mid_top_1_83612.jpeg;https:\/\/images.novelship.com\/product\/adidas_midcity__comfort_durable_breathable_mid_top_2_83612.jpeg;https:\/\/images.novelship.com\/product\/adidas_midcity__comfort_durable_breathable_mid_top_3_83612.jpeg;https:\/\/images.novelship.com\/product\/adidas_midcity__comfort_durable_breathable_mid_top_4_83612.jpeg"},{"@type":"BreadcrumbList","@id":"https:\/\/tourcruiser.com\/de\/products\/adidas-midcity-mid-core-black-white\/#breadcrumb","itemListElement":[{"@type":"ListItem","position":1,"name":"Home","item":"https:\/\/tourcruiser.com\/de\/"},{"@type":"ListItem","position":2,"name":"Shop","item":"https:\/\/tourcruiser.com\/de\/shop\/"},{"@type":"ListItem","position":3,"name":"adidas Midcity Mid 'Core Black White'"}]},{"@type":"WebSite","@id":"https:\/\/tourcruiser.com\/de\/#website","url":"https:\/\/tourcruiser.com\/de\/","name":"Styloral Jewelry Shop","description":"Tourcruiser Sneaker Store \u2014 der Ort, an dem das Universum deine Einzigartigkeit trifft.","publisher":{"@id":"https:\/\/tourcruiser.com\/de\/#organization"},"potentialAction":[{"@type":"SearchAction","target":{"@type":"EntryPoint","urlTemplate":"https:\/\/tourcruiser.com\/de\/?s={search_term_string}"},"query-input":{"@type":"PropertyValueSpecification","valueRequired":true,"valueName":"search_term_string"}}],"inLanguage":"de"},{"@type":"Organization","@id":"https:\/\/tourcruiser.com\/de\/#organization","name":"STYLORAL PTE. LTD","url":"https:\/\/tourcruiser.com\/de\/","logo":{"@type":"ImageObject","inLanguage":"de","@id":"https:\/\/tourcruiser.com\/de\/#\/schema\/logo\/image\/","url":"https:\/\/www.tourcruiser.com\/wp-content\/uploads\/2025\/12\/logo.png","contentUrl":"https:\/\/www.tourcruiser.com\/wp-content\/uploads\/2025\/12\/logo.png","width":200,"height":65,"caption":"STYLORAL PTE. LTD"},"image":{"@id":"https:\/\/tourcruiser.com\/de\/#\/schema\/logo\/image\/"}}]}},"_links":{"self":[{"href":"https:\/\/tourcruiser.com\/de\/wp-json\/wp\/v2\/product\/169107","targetHints":{"allow":["GET"]}}],"collection":[{"href":"https:\/\/tourcruiser.com\/de\/wp-json\/wp\/v2\/product"}],"about":[{"href":"https:\/\/tourcruiser.com\/de\/wp-json\/wp\/v2\/types\/product"}],"replies":[{"embeddable":true,"href":"https:\/\/tourcruiser.com\/de\/wp-json\/wp\/v2\/comments?post=169107"}],"wp:featuredmedia":[{"embeddable":true,"href":"https:\/\/tourcruiser.com\/de\/wp-json\/wp\/v2\/media\/169108"}],"wp:attachment":[{"href":"https:\/\/tourcruiser.com\/de\/wp-json\/wp\/v2\/media?parent=169107"}],"wp:term":[{"taxonomy":"product_brand","embeddable":true,"href":"https:\/\/tourcruiser.com\/de\/wp-json\/wp\/v2\/product_brand?post=169107"},{"taxonomy":"product_cat","embeddable":true,"href":"https:\/\/tourcruiser.com\/de\/wp-json\/wp\/v2\/product_cat?post=169107"},{"taxonomy":"product_tag","embeddable":true,"href":"https:\/\/tourcruiser.com\/de\/wp-json\/wp\/v2\/product_tag?post=169107"}],"curies":[{"name":"wp","href":"https:\/\/api.w.org\/{rel}","templated":true}]}}