{"id":169082,"date":"2026-03-02T16:19:06","date_gmt":"2026-03-02T09:19:06","guid":{"rendered":"http:\/\/tourcruiser.com\/product\/women-adidas-adizero-evo-sl-core-black-lucid-lemon"},"modified":"2026-03-28T01:36:48","modified_gmt":"2026-03-27T18:36:48","slug":"women-adidas-adizero-evo-sl-core-black-lucid-lemon","status":"publish","type":"product","link":"https:\/\/tourcruiser.com\/de\/products\/women-adidas-adizero-evo-sl-core-black-lucid-lemon\/","title":{"rendered":"(Women) adidas Adizero EVO SL &#8218;Core Black Lucid Lemon&#8216;"},"content":{"rendered":"<p>Verbessere dein Lauferlebnis mit dem adidas Adizero EVO SL Laufschuh in \u201eBlack Lime\u201c (JR5842) \u201d\u201c entwickelt f\u00fcr Geschwindigkeit und Komfort.<\/p>\n<p>Der Adizero EVO SL wurde f\u00fcr leistungsorientierte Athleten entwickelt und vereint ein schlankes, leichtes Design mit modernster Technologie, damit du deine pers\u00f6nliche Bestleistung erreichst. Die ultraleichte Zwischensohle bietet \u00fcberragende Energier\u00fcckgabe und Reaktionsf\u00e4higkeit, w\u00e4hrend das atmungsaktive Obermaterial f\u00fcr optimale Bel\u00fcftung bei intensiven L\u00e4ufen sorgt. Die markante Farbkombination aus Schwarz und Limette verleiht deiner Sportgarderobe einen modernen, dynamischen Touch.<\/p>\n<p>Die pr\u00e4zisionsgefertigte Au\u00dfensohle bietet au\u00dfergew\u00f6hnlichen Grip und Strapazierf\u00e4higkeit und ist somit ideal f\u00fcr unterschiedliches Terrain und Wetterbedingungen. Egal, ob du f\u00fcr einen Marathon trainierst oder deine t\u00e4glichen L\u00e4ufe verbesserst \u201d\u201c dieser Laufschuh bietet unvergleichlichen Halt und Vortrieb bei jedem Schritt.<\/p>\n<p>Der adidas Adizero EVO SL vereint Funktionalit\u00e4t und Style und ist perfekt f\u00fcr L\u00e4ufer, die maximale Leistung ohne Kompromisse beim Aussehen suchen. Optimieren Sie Ihr Lauferlebnis mit einem Schuhwerk, dem Profis weltweit vertrauen.<\/p>\n<ul>\n<li><strong>Farbgebung:<\/strong> Core Black\/Lucid Lemon\/Iron Metallic<\/li>\n<li><strong>Artikelnummer:<\/strong> JR5842<\/li>\n<li><strong>Farbe:<\/strong> Schwarz<\/li>\n<\/ul>\n","protected":false},"excerpt":{"rendered":"<p>adidas Adizero EVO SL \u201d\u201d Core Black\/Lucid Lemon\/Iron Metallic<\/p>\n","protected":false},"featured_media":169083,"comment_status":"open","ping_status":"closed","template":"","meta":[],"product_brand":[],"product_cat":[10941],"product_tag":[10759,11053,10839,10802,10840,11054,10758],"class_list":{"0":"post-169082","1":"product","2":"type-product","3":"status-publish","4":"has-post-thumbnail","6":"product_cat-adidas-women","7":"product_tag-adidas","8":"product_tag-lightweight-running-shoes","9":"product_tag-performance-running-shoes","10":"product_tag-performance-sport-shoes","11":"product_tag-running-shoes","12":"product_tag-tempo-interval-running-shoes","13":"product_tag-under-retail","14":"wcpa_has_options","16":"first","17":"outofstock","18":"taxable","19":"shipping-taxable","20":"purchasable","21":"product-type-simple"},"wcpa_form_fields":{"rules":{"pric_overide_base_price":false,"pric_overide_base_price_if_gt_zero":false,"pric_overide_base_price_fully":false,"pric_cal_option_once":false,"pric_use_as_fee":false,"bind_quantity":false,"quantity_bind_formula":false},"fields":[{"type":"color-group","required":true,"elementId":"wcpa-color-group-66c4a7f817afe","label":"Gr\u00f6\u00dfe","inline":true,"priceOptions":"different_for_all","pricingType":"fixed","className":"hassizechart product-shoes-size-eu product-shoes-size","name":"color-group-66c4a7f817b18","disp_type":"square","selection_type":"tick-border","disp_size":"50","show_label_inside":true,"adjust_width":true,"cart_display_type":"text","other_text":"Other","cl_rule":"show","col":6,"values":[{"label":"35","value":"EU 35","price":"","pimage":"","pimage_id":"","pthumb":"","color":""},{"label":"35.5","value":"EU 35.5","price":"","pimage":"","pimage_id":"","pthumb":"","color":""},{"label":"36","value":"EU 36","price":"","pimage":"","pimage_id":"","pthumb":"","color":"","selected":true},{"label":"36 2\/3","value":"EU 36 2\/3","price":"","pimage":"","pimage_id":"","pthumb":"","color":""},{"label":"37 1\/3","value":"EU 37 1\/3","price":"","pimage":"","pimage_id":"","pthumb":"","color":""},{"label":"38","value":"EU 38","price":"","pimage":"","pimage_id":"","pthumb":"","color":""},{"label":"38 2\/3","value":"EU 38 2\/3","price":"","pimage":"","pimage_id":"","pthumb":"","color":""},{"label":"39 1\/3","value":"EU 39 1\/3","price":"","pimage":"","pimage_id":"","pthumb":"","color":""},{"label":"40","value":"EU 40","price":"","pimage":"","pimage_id":"","pthumb":"","color":""},{"label":"40 2\/3","value":"EU 40 2\/3","price":"","pimage":"","pimage_id":"","pthumb":"","color":""},{"label":"41 1\/3","value":"EU 41 1\/3","price":"","pimage":"","pimage_id":"","pthumb":"","color":""},{"label":"42","value":"EU 42","price":"","pimage":"","pimage_id":"","pthumb":"","color":""},{"label":"42 2\/3","value":"EU 42 2\/3","price":"","pimage":"","pimage_id":"","pthumb":"","color":""},{"label":"43 1\/3","value":"EU 43 1\/3","price":"","pimage":"","pimage_id":"","pthumb":"","color":""},{"label":"44","value":"EU 44","price":"","pimage":"","pimage_id":"","pthumb":"","color":""},{"label":"44 2\/3","value":"EU 44 2\/3","price":"","pimage":"","pimage_id":"","pthumb":"","color":""},{"label":"45 1\/3","value":"EU 45 1\/3","price":"","pimage":"","pimage_id":"","pthumb":"","color":""},{"label":"46","value":"EU 46","price":"","pimage":"","pimage_id":"","pthumb":"","color":""},{"label":"46 2\/3","value":"EU 46 2\/3","price":"","pimage":"","pimage_id":"","pthumb":"","color":""},{"label":"47 1\/3","value":"EU 47 1\/3","price":"","pimage":"","pimage_id":"","pthumb":"","color":""}],"relations":[{"operator":false,"rules":[]}],"form_id":24802,"form_rules":{"pric_cal_option_once":false,"exclude_from_discount":false,"pric_use_as_fee":false,"fee_label":"Fee","render_after_acb":false,"disp_hide_options_price":false}}]},"yoast_head":"<!-- This site is optimized with the Yoast SEO plugin v26.5 - https:\/\/yoast.com\/wordpress\/plugins\/seo\/ -->\n<title>(Women) adidas Adizero EVO SL &#039;Core Black Lucid Lemon&#039;  - Tourcruiser PTE. LTD<\/title>\n<meta name=\"robots\" content=\"index, follow, max-snippet:-1, max-image-preview:large, max-video-preview:-1\" \/>\n<link rel=\"canonical\" href=\"https:\/\/tourcruiser.com\/\" \/>\n<meta property=\"og:locale\" content=\"de_DE\" \/>\n<meta property=\"og:type\" content=\"article\" \/>\n<meta property=\"og:title\" content=\"(Women) adidas Adizero EVO SL &#039;Core Black Lucid Lemon&#039;  - Tourcruiser PTE. LTD\" \/>\n<meta property=\"og:description\" content=\"adidas Adizero EVO SL \u201d\u201d Core Black\/Lucid Lemon\/Iron Metallic\" \/>\n<meta property=\"og:url\" content=\"\/\" \/>\n<meta property=\"og:site_name\" content=\"Tourcruiser Sneaker Store\" \/>\n<meta property=\"article:modified_time\" content=\"2026-03-27T18:36:48+00:00\" \/>\n<meta name=\"twitter:card\" content=\"summary_large_image\" \/>\n<meta name=\"twitter:image\" content=\"https:\/\/images.novelship.com\/product\/_w__adizero_evo_sl_running_shoes_jr5842_0_83813.jpeg;https:\/\/images.novelship.com\/product\/_w__adizero_evo_sl_running_shoes_jr5842_1_83813.jpeg;https:\/\/images.novelship.com\/product\/_w__adizero_evo_sl_running_shoes_jr5842_2_83813.jpeg;https:\/\/images.novelship.com\/product\/_w__adizero_evo_sl_running_shoes_jr5842_3_83813.jpeg;https:\/\/images.novelship.com\/product\/_w__adizero_evo_sl_running_shoes_jr5842_4_83813.jpeg;https:\/\/images.novelship.com\/product\/_w__adizero_evo_sl_running_shoes_jr5842_5_83813.jpeg;https:\/\/images.novelship.com\/product\/_w__adizero_evo_sl_running_shoes_jr5842_6_83813.jpeg;https:\/\/images.novelship.com\/product\/_w__adizero_evo_sl_running_shoes_jr5842_7_83813.jpeg;https:\/\/images.novelship.com\/product\/_w__adizero_evo_sl_running_shoes_jr5842_8_83813.jpeg;https:\/\/images.novelship.com\/product\/_w__adizero_evo_sl_running_shoes_jr5842_9_83813.jpeg\" \/>\n<meta name=\"twitter:label1\" content=\"Gesch\u00e4tzte Lesezeit\" \/>\n\t<meta name=\"twitter:data1\" content=\"1\u00a0Minute\" \/>\n<script type=\"application\/ld+json\" class=\"yoast-schema-graph\">{\"@context\":\"https:\/\/schema.org\",\"@graph\":[{\"@type\":\"WebPage\",\"@id\":\"\/\",\"url\":\"https:\/\/tourcruiser.com\/\",\"name\":\"(Women) adidas Adizero EVO SL 'Core Black Lucid Lemon' - Tourcruiser PTE. LTD\",\"isPartOf\":{\"@id\":\"https:\/\/tourcruiser.com\/de\/#website\"},\"primaryImageOfPage\":{\"@id\":\"https:\/\/tourcruiser.com\/#primaryimage\"},\"image\":{\"@id\":\"https:\/\/tourcruiser.com\/#primaryimage\"},\"thumbnailUrl\":\"https:\/\/images.novelship.com\/product\/_w__adizero_evo_sl_running_shoes_jr5842_0_83813.jpeg;https:\/\/images.novelship.com\/product\/_w__adizero_evo_sl_running_shoes_jr5842_1_83813.jpeg;https:\/\/images.novelship.com\/product\/_w__adizero_evo_sl_running_shoes_jr5842_2_83813.jpeg;https:\/\/images.novelship.com\/product\/_w__adizero_evo_sl_running_shoes_jr5842_3_83813.jpeg;https:\/\/images.novelship.com\/product\/_w__adizero_evo_sl_running_shoes_jr5842_4_83813.jpeg;https:\/\/images.novelship.com\/product\/_w__adizero_evo_sl_running_shoes_jr5842_5_83813.jpeg;https:\/\/images.novelship.com\/product\/_w__adizero_evo_sl_running_shoes_jr5842_6_83813.jpeg;https:\/\/images.novelship.com\/product\/_w__adizero_evo_sl_running_shoes_jr5842_7_83813.jpeg;https:\/\/images.novelship.com\/product\/_w__adizero_evo_sl_running_shoes_jr5842_8_83813.jpeg;https:\/\/images.novelship.com\/product\/_w__adizero_evo_sl_running_shoes_jr5842_9_83813.jpeg\",\"datePublished\":\"2026-03-02T09:19:06+00:00\",\"dateModified\":\"2026-03-27T18:36:48+00:00\",\"breadcrumb\":{\"@id\":\"https:\/\/tourcruiser.com\/#breadcrumb\"},\"inLanguage\":\"de\",\"potentialAction\":[{\"@type\":\"ReadAction\",\"target\":[\"https:\/\/tourcruiser.com\/\"]}]},{\"@type\":\"ImageObject\",\"inLanguage\":\"de\",\"@id\":\"https:\/\/tourcruiser.com\/#primaryimage\",\"url\":\"https:\/\/images.novelship.com\/product\/_w__adizero_evo_sl_running_shoes_jr5842_0_83813.jpeg;https:\/\/images.novelship.com\/product\/_w__adizero_evo_sl_running_shoes_jr5842_1_83813.jpeg;https:\/\/images.novelship.com\/product\/_w__adizero_evo_sl_running_shoes_jr5842_2_83813.jpeg;https:\/\/images.novelship.com\/product\/_w__adizero_evo_sl_running_shoes_jr5842_3_83813.jpeg;https:\/\/images.novelship.com\/product\/_w__adizero_evo_sl_running_shoes_jr5842_4_83813.jpeg;https:\/\/images.novelship.com\/product\/_w__adizero_evo_sl_running_shoes_jr5842_5_83813.jpeg;https:\/\/images.novelship.com\/product\/_w__adizero_evo_sl_running_shoes_jr5842_6_83813.jpeg;https:\/\/images.novelship.com\/product\/_w__adizero_evo_sl_running_shoes_jr5842_7_83813.jpeg;https:\/\/images.novelship.com\/product\/_w__adizero_evo_sl_running_shoes_jr5842_8_83813.jpeg;https:\/\/images.novelship.com\/product\/_w__adizero_evo_sl_running_shoes_jr5842_9_83813.jpeg\",\"contentUrl\":\"https:\/\/images.novelship.com\/product\/_w__adizero_evo_sl_running_shoes_jr5842_0_83813.jpeg;https:\/\/images.novelship.com\/product\/_w__adizero_evo_sl_running_shoes_jr5842_1_83813.jpeg;https:\/\/images.novelship.com\/product\/_w__adizero_evo_sl_running_shoes_jr5842_2_83813.jpeg;https:\/\/images.novelship.com\/product\/_w__adizero_evo_sl_running_shoes_jr5842_3_83813.jpeg;https:\/\/images.novelship.com\/product\/_w__adizero_evo_sl_running_shoes_jr5842_4_83813.jpeg;https:\/\/images.novelship.com\/product\/_w__adizero_evo_sl_running_shoes_jr5842_5_83813.jpeg;https:\/\/images.novelship.com\/product\/_w__adizero_evo_sl_running_shoes_jr5842_6_83813.jpeg;https:\/\/images.novelship.com\/product\/_w__adizero_evo_sl_running_shoes_jr5842_7_83813.jpeg;https:\/\/images.novelship.com\/product\/_w__adizero_evo_sl_running_shoes_jr5842_8_83813.jpeg;https:\/\/images.novelship.com\/product\/_w__adizero_evo_sl_running_shoes_jr5842_9_83813.jpeg\"},{\"@type\":\"BreadcrumbList\",\"@id\":\"https:\/\/tourcruiser.com\/#breadcrumb\",\"itemListElement\":[{\"@type\":\"ListItem\",\"position\":1,\"name\":\"Home\",\"item\":\"https:\/\/tourcruiser.com\/de\/\"},{\"@type\":\"ListItem\",\"position\":2,\"name\":\"Shop\",\"item\":\"https:\/\/tourcruiser.com\/de\/shop\/\"},{\"@type\":\"ListItem\",\"position\":3,\"name\":\"(Women) adidas Adizero EVO SL &#8218;Core Black Lucid Lemon&#8216;\"}]},{\"@type\":\"WebSite\",\"@id\":\"https:\/\/tourcruiser.com\/de\/#website\",\"url\":\"https:\/\/tourcruiser.com\/de\/\",\"name\":\"Styloral Jewelry Shop\",\"description\":\"Tourcruiser Sneaker Store \u2014 der Ort, an dem das Universum deine Einzigartigkeit trifft.\",\"publisher\":{\"@id\":\"https:\/\/tourcruiser.com\/de\/#organization\"},\"potentialAction\":[{\"@type\":\"SearchAction\",\"target\":{\"@type\":\"EntryPoint\",\"urlTemplate\":\"https:\/\/tourcruiser.com\/de\/?s={search_term_string}\"},\"query-input\":{\"@type\":\"PropertyValueSpecification\",\"valueRequired\":true,\"valueName\":\"search_term_string\"}}],\"inLanguage\":\"de\"},{\"@type\":\"Organization\",\"@id\":\"https:\/\/tourcruiser.com\/de\/#organization\",\"name\":\"STYLORAL PTE. LTD\",\"url\":\"https:\/\/tourcruiser.com\/de\/\",\"logo\":{\"@type\":\"ImageObject\",\"inLanguage\":\"de\",\"@id\":\"https:\/\/tourcruiser.com\/de\/#\/schema\/logo\/image\/\",\"url\":\"https:\/\/www.tourcruiser.com\/wp-content\/uploads\/2025\/12\/logo.png\",\"contentUrl\":\"https:\/\/www.tourcruiser.com\/wp-content\/uploads\/2025\/12\/logo.png\",\"width\":200,\"height\":65,\"caption\":\"STYLORAL PTE. LTD\"},\"image\":{\"@id\":\"https:\/\/tourcruiser.com\/de\/#\/schema\/logo\/image\/\"}}]}<\/script>\n<!-- \/ Yoast SEO plugin. -->","yoast_head_json":{"title":"(Women) adidas Adizero EVO SL 'Core Black Lucid Lemon'  - Tourcruiser PTE. LTD","robots":{"index":"index","follow":"follow","max-snippet":"max-snippet:-1","max-image-preview":"max-image-preview:large","max-video-preview":"max-video-preview:-1"},"canonical":"https:\/\/tourcruiser.com\/","og_locale":"de_DE","og_type":"article","og_title":"(Women) adidas Adizero EVO SL 'Core Black Lucid Lemon'  - Tourcruiser PTE. LTD","og_description":"adidas Adizero EVO SL \u201d\u201d Core Black\/Lucid Lemon\/Iron Metallic","og_url":"\/","og_site_name":"Tourcruiser Sneaker Store","article_modified_time":"2026-03-27T18:36:48+00:00","twitter_card":"summary_large_image","twitter_image":"https:\/\/images.novelship.com\/product\/_w__adizero_evo_sl_running_shoes_jr5842_0_83813.jpeg;https:\/\/images.novelship.com\/product\/_w__adizero_evo_sl_running_shoes_jr5842_1_83813.jpeg;https:\/\/images.novelship.com\/product\/_w__adizero_evo_sl_running_shoes_jr5842_2_83813.jpeg;https:\/\/images.novelship.com\/product\/_w__adizero_evo_sl_running_shoes_jr5842_3_83813.jpeg;https:\/\/images.novelship.com\/product\/_w__adizero_evo_sl_running_shoes_jr5842_4_83813.jpeg;https:\/\/images.novelship.com\/product\/_w__adizero_evo_sl_running_shoes_jr5842_5_83813.jpeg;https:\/\/images.novelship.com\/product\/_w__adizero_evo_sl_running_shoes_jr5842_6_83813.jpeg;https:\/\/images.novelship.com\/product\/_w__adizero_evo_sl_running_shoes_jr5842_7_83813.jpeg;https:\/\/images.novelship.com\/product\/_w__adizero_evo_sl_running_shoes_jr5842_8_83813.jpeg;https:\/\/images.novelship.com\/product\/_w__adizero_evo_sl_running_shoes_jr5842_9_83813.jpeg","twitter_misc":{"Gesch\u00e4tzte Lesezeit":"1\u00a0Minute"},"schema":{"@context":"https:\/\/schema.org","@graph":[{"@type":"WebPage","@id":"\/","url":"https:\/\/tourcruiser.com\/","name":"(Women) adidas Adizero EVO SL 'Core Black Lucid Lemon' - Tourcruiser PTE. LTD","isPartOf":{"@id":"https:\/\/tourcruiser.com\/de\/#website"},"primaryImageOfPage":{"@id":"https:\/\/tourcruiser.com\/#primaryimage"},"image":{"@id":"https:\/\/tourcruiser.com\/#primaryimage"},"thumbnailUrl":"https:\/\/images.novelship.com\/product\/_w__adizero_evo_sl_running_shoes_jr5842_0_83813.jpeg;https:\/\/images.novelship.com\/product\/_w__adizero_evo_sl_running_shoes_jr5842_1_83813.jpeg;https:\/\/images.novelship.com\/product\/_w__adizero_evo_sl_running_shoes_jr5842_2_83813.jpeg;https:\/\/images.novelship.com\/product\/_w__adizero_evo_sl_running_shoes_jr5842_3_83813.jpeg;https:\/\/images.novelship.com\/product\/_w__adizero_evo_sl_running_shoes_jr5842_4_83813.jpeg;https:\/\/images.novelship.com\/product\/_w__adizero_evo_sl_running_shoes_jr5842_5_83813.jpeg;https:\/\/images.novelship.com\/product\/_w__adizero_evo_sl_running_shoes_jr5842_6_83813.jpeg;https:\/\/images.novelship.com\/product\/_w__adizero_evo_sl_running_shoes_jr5842_7_83813.jpeg;https:\/\/images.novelship.com\/product\/_w__adizero_evo_sl_running_shoes_jr5842_8_83813.jpeg;https:\/\/images.novelship.com\/product\/_w__adizero_evo_sl_running_shoes_jr5842_9_83813.jpeg","datePublished":"2026-03-02T09:19:06+00:00","dateModified":"2026-03-27T18:36:48+00:00","breadcrumb":{"@id":"https:\/\/tourcruiser.com\/#breadcrumb"},"inLanguage":"de","potentialAction":[{"@type":"ReadAction","target":["https:\/\/tourcruiser.com\/"]}]},{"@type":"ImageObject","inLanguage":"de","@id":"https:\/\/tourcruiser.com\/#primaryimage","url":"https:\/\/images.novelship.com\/product\/_w__adizero_evo_sl_running_shoes_jr5842_0_83813.jpeg;https:\/\/images.novelship.com\/product\/_w__adizero_evo_sl_running_shoes_jr5842_1_83813.jpeg;https:\/\/images.novelship.com\/product\/_w__adizero_evo_sl_running_shoes_jr5842_2_83813.jpeg;https:\/\/images.novelship.com\/product\/_w__adizero_evo_sl_running_shoes_jr5842_3_83813.jpeg;https:\/\/images.novelship.com\/product\/_w__adizero_evo_sl_running_shoes_jr5842_4_83813.jpeg;https:\/\/images.novelship.com\/product\/_w__adizero_evo_sl_running_shoes_jr5842_5_83813.jpeg;https:\/\/images.novelship.com\/product\/_w__adizero_evo_sl_running_shoes_jr5842_6_83813.jpeg;https:\/\/images.novelship.com\/product\/_w__adizero_evo_sl_running_shoes_jr5842_7_83813.jpeg;https:\/\/images.novelship.com\/product\/_w__adizero_evo_sl_running_shoes_jr5842_8_83813.jpeg;https:\/\/images.novelship.com\/product\/_w__adizero_evo_sl_running_shoes_jr5842_9_83813.jpeg","contentUrl":"https:\/\/images.novelship.com\/product\/_w__adizero_evo_sl_running_shoes_jr5842_0_83813.jpeg;https:\/\/images.novelship.com\/product\/_w__adizero_evo_sl_running_shoes_jr5842_1_83813.jpeg;https:\/\/images.novelship.com\/product\/_w__adizero_evo_sl_running_shoes_jr5842_2_83813.jpeg;https:\/\/images.novelship.com\/product\/_w__adizero_evo_sl_running_shoes_jr5842_3_83813.jpeg;https:\/\/images.novelship.com\/product\/_w__adizero_evo_sl_running_shoes_jr5842_4_83813.jpeg;https:\/\/images.novelship.com\/product\/_w__adizero_evo_sl_running_shoes_jr5842_5_83813.jpeg;https:\/\/images.novelship.com\/product\/_w__adizero_evo_sl_running_shoes_jr5842_6_83813.jpeg;https:\/\/images.novelship.com\/product\/_w__adizero_evo_sl_running_shoes_jr5842_7_83813.jpeg;https:\/\/images.novelship.com\/product\/_w__adizero_evo_sl_running_shoes_jr5842_8_83813.jpeg;https:\/\/images.novelship.com\/product\/_w__adizero_evo_sl_running_shoes_jr5842_9_83813.jpeg"},{"@type":"BreadcrumbList","@id":"https:\/\/tourcruiser.com\/#breadcrumb","itemListElement":[{"@type":"ListItem","position":1,"name":"Home","item":"https:\/\/tourcruiser.com\/de\/"},{"@type":"ListItem","position":2,"name":"Shop","item":"https:\/\/tourcruiser.com\/de\/shop\/"},{"@type":"ListItem","position":3,"name":"(Women) adidas Adizero EVO SL &#8218;Core Black Lucid Lemon&#8216;"}]},{"@type":"WebSite","@id":"https:\/\/tourcruiser.com\/de\/#website","url":"https:\/\/tourcruiser.com\/de\/","name":"Styloral Jewelry Shop","description":"Tourcruiser Sneaker Store \u2014 der Ort, an dem das Universum deine Einzigartigkeit trifft.","publisher":{"@id":"https:\/\/tourcruiser.com\/de\/#organization"},"potentialAction":[{"@type":"SearchAction","target":{"@type":"EntryPoint","urlTemplate":"https:\/\/tourcruiser.com\/de\/?s={search_term_string}"},"query-input":{"@type":"PropertyValueSpecification","valueRequired":true,"valueName":"search_term_string"}}],"inLanguage":"de"},{"@type":"Organization","@id":"https:\/\/tourcruiser.com\/de\/#organization","name":"STYLORAL PTE. LTD","url":"https:\/\/tourcruiser.com\/de\/","logo":{"@type":"ImageObject","inLanguage":"de","@id":"https:\/\/tourcruiser.com\/de\/#\/schema\/logo\/image\/","url":"https:\/\/www.tourcruiser.com\/wp-content\/uploads\/2025\/12\/logo.png","contentUrl":"https:\/\/www.tourcruiser.com\/wp-content\/uploads\/2025\/12\/logo.png","width":200,"height":65,"caption":"STYLORAL PTE. LTD"},"image":{"@id":"https:\/\/tourcruiser.com\/de\/#\/schema\/logo\/image\/"}}]}},"_links":{"self":[{"href":"https:\/\/tourcruiser.com\/de\/wp-json\/wp\/v2\/product\/169082","targetHints":{"allow":["GET"]}}],"collection":[{"href":"https:\/\/tourcruiser.com\/de\/wp-json\/wp\/v2\/product"}],"about":[{"href":"https:\/\/tourcruiser.com\/de\/wp-json\/wp\/v2\/types\/product"}],"replies":[{"embeddable":true,"href":"https:\/\/tourcruiser.com\/de\/wp-json\/wp\/v2\/comments?post=169082"}],"wp:featuredmedia":[{"embeddable":true,"href":"https:\/\/tourcruiser.com\/de\/wp-json\/wp\/v2\/media\/169083"}],"wp:attachment":[{"href":"https:\/\/tourcruiser.com\/de\/wp-json\/wp\/v2\/media?parent=169082"}],"wp:term":[{"taxonomy":"product_brand","embeddable":true,"href":"https:\/\/tourcruiser.com\/de\/wp-json\/wp\/v2\/product_brand?post=169082"},{"taxonomy":"product_cat","embeddable":true,"href":"https:\/\/tourcruiser.com\/de\/wp-json\/wp\/v2\/product_cat?post=169082"},{"taxonomy":"product_tag","embeddable":true,"href":"https:\/\/tourcruiser.com\/de\/wp-json\/wp\/v2\/product_tag?post=169082"}],"curies":[{"name":"wp","href":"https:\/\/api.w.org\/{rel}","templated":true}]}}