{"id":169011,"date":"2026-03-02T16:19:00","date_gmt":"2026-03-02T09:19:00","guid":{"rendered":"http:\/\/tourcruiser.com\/product\/nike-shox-r4-se-bust-greylight-graphitesmoke-greybright-citron"},"modified":"2026-03-28T01:36:42","modified_gmt":"2026-03-27T18:36:42","slug":"nike-shox-r4-se-bust-greylight-graphitesmoke-greybright-citron","status":"publish","type":"product","link":"https:\/\/tourcruiser.com\/de\/products\/nike-shox-r4-se-bust-greylight-graphitesmoke-greybright-citron\/","title":{"rendered":"Nike Shox R4 SE Bust Grey\/Light Graphite\/Smoke Grey\/Bright Citron"},"content":{"rendered":"<p>Verbessere deinen Style und deine Performance mit dem Nike Shox R4 SE. Er besticht durch seine markante Farbpalette aus Bust Grey, Light Graphite und Smoke Grey, akzentuiert durch leuchtendes Bright Citron. Dieses ikonische Design wurde f\u00fcr Komfort und Langlebigkeit entwickelt und verf\u00fcgt \u00fcber Nikes innovative Sto\u00dfd\u00e4mpfungstechnologie, die bei jedem Schritt unvergleichlichen Halt und D\u00e4mpfung bietet. Der Nike Shox R4 SE ist perfekt f\u00fcr Sportler und Fashionistas gleicherma\u00dfen und vereint Funktionalit\u00e4t mit einer eleganten \u00c4sthetik. So bist du in Sachen Performance und Style immer einen Schritt voraus.<\/p>\n<ul>\n<li><strong>Farbgebung:<\/strong> Bust Grey\/Light Graphite\/Smoke Grey\/Bright Citron<\/li>\n<li><strong>Style-Code:<\/strong> IH3397-078<\/li>\n<li><strong>Obermaterial:<\/strong> Synthetik<\/li>\n<li><strong>Farbe:<\/strong> Grau<\/li>\n<\/ul>\n","protected":false},"excerpt":{"rendered":"<p>Nike Shox R4 SE \u201d\u201d Bust Grey\/Light Graphite\/Smoke Grey\/Bright Citron<\/p>\n","protected":false},"featured_media":169012,"comment_status":"open","ping_status":"closed","template":"","meta":[],"product_brand":[],"product_cat":[10803],"product_tag":[10750,10754,10765,10801,10768,10758],"class_list":{"0":"post-169011","1":"product","2":"type-product","3":"status-publish","4":"has-post-thumbnail","6":"product_cat-nike","7":"product_tag-athleisure-shoes","8":"product_tag-lifestyle-casual-shoes","9":"product_tag-lifestyle-shoes-running-inspired","10":"product_tag-nike","11":"product_tag-retro-running-shoes","12":"product_tag-under-retail","13":"wcpa_has_options","15":"first","16":"outofstock","17":"taxable","18":"shipping-taxable","19":"purchasable","20":"product-type-simple"},"wcpa_form_fields":{"rules":{"pric_overide_base_price":false,"pric_overide_base_price_if_gt_zero":false,"pric_overide_base_price_fully":false,"pric_cal_option_once":false,"pric_use_as_fee":false,"bind_quantity":false,"quantity_bind_formula":false},"fields":[{"type":"color-group","required":true,"elementId":"wcpa-color-group-66c4a75505e74","label":"Gr\u00f6\u00dfe - EU Gr\u00f6\u00dfe","inline":true,"priceOptions":"different_for_all","pricingType":"fixed","className":"hassizechart product-shoes-size-eu product-shoes-size","name":"color-group-66c4a75505e89","disp_type":"square","selection_type":"tick-border","disp_size":"44","show_label_inside":true,"adjust_width":true,"cart_display_type":"text","other_text":"Other","cl_rule":"show","col":6,"values":[{"label":"35.5","value":"EU 35.5","price":"","pimage":"","pimage_id":"","pthumb":"","color":""},{"label":"36","value":"EU 36","price":"","pimage":"","pimage_id":"","pthumb":"","color":"","selected":true},{"label":"36.5","value":"EU 36.5","price":"","pimage":"","pimage_id":"","pthumb":"","color":""},{"label":"37.5","value":"EU 37.5","price":"","pimage":"","pimage_id":"","pthumb":"","color":""},{"label":"38","value":"EU 38","price":"","pimage":"","pimage_id":"","pthumb":"","color":""},{"label":"38.5","value":"EU 38.5","price":"","pimage":"","pimage_id":"","pthumb":"","color":""},{"label":"39","value":"EU 39","price":"","pimage":"","pimage_id":"","pthumb":"","color":""},{"label":"40","value":"EU 40","price":"","pimage":"","pimage_id":"","pthumb":"","color":""},{"label":"40.5","value":"EU 40.5","price":"","pimage":"","pimage_id":"","pthumb":"","color":""},{"label":"41","value":"EU 41","price":"","pimage":"","pimage_id":"","pthumb":"","color":""},{"label":"42","value":"EU 42","price":"","pimage":"","pimage_id":"","pthumb":"","color":""},{"label":"42.5","value":"EU 42.5","price":"","pimage":"","pimage_id":"","pthumb":"","color":""},{"label":"43","value":"EU 43","price":"","pimage":"","pimage_id":"","pthumb":"","color":""},{"label":"44","value":"EU 44","price":"","pimage":"","pimage_id":"","pthumb":"","color":""},{"label":"44.5","value":"EU 44.5","price":"","pimage":"","pimage_id":"","pthumb":"","color":""},{"label":"45","value":"EU 45","price":"","pimage":"","pimage_id":"","pthumb":"","color":""},{"label":"45.5","value":"EU 45.5","price":"","pimage":"","pimage_id":"","pthumb":"","color":""},{"label":"46","value":"EU 46","price":"","pimage":"","pimage_id":"","pthumb":"","color":""},{"label":"47","value":"EU 47","price":"","pimage":"","pimage_id":"","pthumb":"","color":""},{"label":"47.5","value":"EU 47.5","price":"","pimage":"","pimage_id":"","pthumb":"","color":""},{"label":"48","value":"EU 48","price":"","pimage":"","pimage_id":"","pthumb":"","color":""}],"relations":[{"operator":false,"rules":[]}],"form_id":18106,"form_rules":{"pric_cal_option_once":false,"exclude_from_discount":false,"pric_use_as_fee":false,"fee_label":"Fee","render_after_acb":false,"disp_hide_options_price":false}}]},"yoast_head":"<!-- This site is optimized with the Yoast SEO plugin v26.5 - https:\/\/yoast.com\/wordpress\/plugins\/seo\/ -->\n<title>Nike Shox R4 SE Bust Grey\/Light Graphite\/Smoke Grey\/Bright Citron  - Tourcruiser PTE. LTD<\/title>\n<meta name=\"robots\" content=\"index, follow, max-snippet:-1, max-image-preview:large, max-video-preview:-1\" \/>\n<link rel=\"canonical\" href=\"https:\/\/tourcruiser.com\/\" \/>\n<meta property=\"og:locale\" content=\"de_DE\" \/>\n<meta property=\"og:type\" content=\"article\" \/>\n<meta property=\"og:title\" content=\"Nike Shox R4 SE Bust Grey\/Light Graphite\/Smoke Grey\/Bright Citron  - Tourcruiser PTE. LTD\" \/>\n<meta property=\"og:description\" content=\"Nike Shox R4 SE \u201d\u201d Bust Grey\/Light Graphite\/Smoke Grey\/Bright Citron\" \/>\n<meta property=\"og:url\" content=\"\/\" \/>\n<meta property=\"og:site_name\" content=\"Tourcruiser Sneaker Store\" \/>\n<meta property=\"article:modified_time\" content=\"2026-03-27T18:36:42+00:00\" \/>\n<meta name=\"twitter:card\" content=\"summary_large_image\" \/>\n<meta name=\"twitter:image\" content=\"https:\/\/images.novelship.com\/product\/nike_shox_r4_se_bust_grey_light_graphite_smoke_gre_0_73870.png;https:\/\/images.novelship.com\/product\/nike_shox_r4_se_bust_grey_light_graphite_smoke_gre_1_73870.png;https:\/\/images.novelship.com\/product\/nike_shox_r4_se_bust_grey_light_graphite_smoke_gre_2_73870.png;https:\/\/images.novelship.com\/product\/nike_shox_r4_se_bust_grey_light_graphite_smoke_gre_3_73870.png;https:\/\/images.novelship.com\/product\/nike_shox_r4_se_bust_grey_light_graphite_smoke_gre_4_73870.png;https:\/\/images.novelship.com\/product\/nike_shox_r4_se_bust_grey_light_graphite_smoke_gre_5_73870.png;https:\/\/images.novelship.com\/product\/nike_shox_r4_se_bust_grey_light_graphite_smoke_gre_6_73870.png;https:\/\/images.novelship.com\/product\/nike_shox_r4_se_bust_grey_light_graphite_smoke_gre_7_73870.png\" \/>\n<meta name=\"twitter:label1\" content=\"Gesch\u00e4tzte Lesezeit\" \/>\n\t<meta name=\"twitter:data1\" content=\"1\u00a0Minute\" \/>\n<script type=\"application\/ld+json\" class=\"yoast-schema-graph\">{\"@context\":\"https:\/\/schema.org\",\"@graph\":[{\"@type\":\"WebPage\",\"@id\":\"\/\",\"url\":\"https:\/\/tourcruiser.com\/\",\"name\":\"Nike Shox R4 SE Bust Grey\/Light Graphite\/Smoke Grey\/Bright Citron - Tourcruiser PTE. LTD\",\"isPartOf\":{\"@id\":\"https:\/\/tourcruiser.com\/de\/#website\"},\"primaryImageOfPage\":{\"@id\":\"https:\/\/tourcruiser.com\/#primaryimage\"},\"image\":{\"@id\":\"https:\/\/tourcruiser.com\/#primaryimage\"},\"thumbnailUrl\":\"https:\/\/images.novelship.com\/product\/nike_shox_r4_se_bust_grey_light_graphite_smoke_gre_0_73870.png;https:\/\/images.novelship.com\/product\/nike_shox_r4_se_bust_grey_light_graphite_smoke_gre_1_73870.png;https:\/\/images.novelship.com\/product\/nike_shox_r4_se_bust_grey_light_graphite_smoke_gre_2_73870.png;https:\/\/images.novelship.com\/product\/nike_shox_r4_se_bust_grey_light_graphite_smoke_gre_3_73870.png;https:\/\/images.novelship.com\/product\/nike_shox_r4_se_bust_grey_light_graphite_smoke_gre_4_73870.png;https:\/\/images.novelship.com\/product\/nike_shox_r4_se_bust_grey_light_graphite_smoke_gre_5_73870.png;https:\/\/images.novelship.com\/product\/nike_shox_r4_se_bust_grey_light_graphite_smoke_gre_6_73870.png;https:\/\/images.novelship.com\/product\/nike_shox_r4_se_bust_grey_light_graphite_smoke_gre_7_73870.png\",\"datePublished\":\"2026-03-02T09:19:00+00:00\",\"dateModified\":\"2026-03-27T18:36:42+00:00\",\"breadcrumb\":{\"@id\":\"https:\/\/tourcruiser.com\/#breadcrumb\"},\"inLanguage\":\"de\",\"potentialAction\":[{\"@type\":\"ReadAction\",\"target\":[\"https:\/\/tourcruiser.com\/\"]}]},{\"@type\":\"ImageObject\",\"inLanguage\":\"de\",\"@id\":\"https:\/\/tourcruiser.com\/#primaryimage\",\"url\":\"https:\/\/images.novelship.com\/product\/nike_shox_r4_se_bust_grey_light_graphite_smoke_gre_0_73870.png;https:\/\/images.novelship.com\/product\/nike_shox_r4_se_bust_grey_light_graphite_smoke_gre_1_73870.png;https:\/\/images.novelship.com\/product\/nike_shox_r4_se_bust_grey_light_graphite_smoke_gre_2_73870.png;https:\/\/images.novelship.com\/product\/nike_shox_r4_se_bust_grey_light_graphite_smoke_gre_3_73870.png;https:\/\/images.novelship.com\/product\/nike_shox_r4_se_bust_grey_light_graphite_smoke_gre_4_73870.png;https:\/\/images.novelship.com\/product\/nike_shox_r4_se_bust_grey_light_graphite_smoke_gre_5_73870.png;https:\/\/images.novelship.com\/product\/nike_shox_r4_se_bust_grey_light_graphite_smoke_gre_6_73870.png;https:\/\/images.novelship.com\/product\/nike_shox_r4_se_bust_grey_light_graphite_smoke_gre_7_73870.png\",\"contentUrl\":\"https:\/\/images.novelship.com\/product\/nike_shox_r4_se_bust_grey_light_graphite_smoke_gre_0_73870.png;https:\/\/images.novelship.com\/product\/nike_shox_r4_se_bust_grey_light_graphite_smoke_gre_1_73870.png;https:\/\/images.novelship.com\/product\/nike_shox_r4_se_bust_grey_light_graphite_smoke_gre_2_73870.png;https:\/\/images.novelship.com\/product\/nike_shox_r4_se_bust_grey_light_graphite_smoke_gre_3_73870.png;https:\/\/images.novelship.com\/product\/nike_shox_r4_se_bust_grey_light_graphite_smoke_gre_4_73870.png;https:\/\/images.novelship.com\/product\/nike_shox_r4_se_bust_grey_light_graphite_smoke_gre_5_73870.png;https:\/\/images.novelship.com\/product\/nike_shox_r4_se_bust_grey_light_graphite_smoke_gre_6_73870.png;https:\/\/images.novelship.com\/product\/nike_shox_r4_se_bust_grey_light_graphite_smoke_gre_7_73870.png\"},{\"@type\":\"BreadcrumbList\",\"@id\":\"https:\/\/tourcruiser.com\/#breadcrumb\",\"itemListElement\":[{\"@type\":\"ListItem\",\"position\":1,\"name\":\"Home\",\"item\":\"https:\/\/tourcruiser.com\/de\/\"},{\"@type\":\"ListItem\",\"position\":2,\"name\":\"Shop\",\"item\":\"https:\/\/tourcruiser.com\/de\/shop\/\"},{\"@type\":\"ListItem\",\"position\":3,\"name\":\"Nike Shox R4 SE Bust Grey\/Light Graphite\/Smoke Grey\/Bright Citron\"}]},{\"@type\":\"WebSite\",\"@id\":\"https:\/\/tourcruiser.com\/de\/#website\",\"url\":\"https:\/\/tourcruiser.com\/de\/\",\"name\":\"Styloral Jewelry Shop\",\"description\":\"Tourcruiser Sneaker Store \u2014 der Ort, an dem das Universum deine Einzigartigkeit trifft.\",\"publisher\":{\"@id\":\"https:\/\/tourcruiser.com\/de\/#organization\"},\"potentialAction\":[{\"@type\":\"SearchAction\",\"target\":{\"@type\":\"EntryPoint\",\"urlTemplate\":\"https:\/\/tourcruiser.com\/de\/?s={search_term_string}\"},\"query-input\":{\"@type\":\"PropertyValueSpecification\",\"valueRequired\":true,\"valueName\":\"search_term_string\"}}],\"inLanguage\":\"de\"},{\"@type\":\"Organization\",\"@id\":\"https:\/\/tourcruiser.com\/de\/#organization\",\"name\":\"STYLORAL PTE. LTD\",\"url\":\"https:\/\/tourcruiser.com\/de\/\",\"logo\":{\"@type\":\"ImageObject\",\"inLanguage\":\"de\",\"@id\":\"https:\/\/tourcruiser.com\/de\/#\/schema\/logo\/image\/\",\"url\":\"https:\/\/www.tourcruiser.com\/wp-content\/uploads\/2025\/12\/logo.png\",\"contentUrl\":\"https:\/\/www.tourcruiser.com\/wp-content\/uploads\/2025\/12\/logo.png\",\"width\":200,\"height\":65,\"caption\":\"STYLORAL PTE. LTD\"},\"image\":{\"@id\":\"https:\/\/tourcruiser.com\/de\/#\/schema\/logo\/image\/\"}}]}<\/script>\n<!-- \/ Yoast SEO plugin. -->","yoast_head_json":{"title":"Nike Shox R4 SE Bust Grey\/Light Graphite\/Smoke Grey\/Bright Citron  - Tourcruiser PTE. LTD","robots":{"index":"index","follow":"follow","max-snippet":"max-snippet:-1","max-image-preview":"max-image-preview:large","max-video-preview":"max-video-preview:-1"},"canonical":"https:\/\/tourcruiser.com\/","og_locale":"de_DE","og_type":"article","og_title":"Nike Shox R4 SE Bust Grey\/Light Graphite\/Smoke Grey\/Bright Citron  - Tourcruiser PTE. LTD","og_description":"Nike Shox R4 SE \u201d\u201d Bust Grey\/Light Graphite\/Smoke Grey\/Bright Citron","og_url":"\/","og_site_name":"Tourcruiser Sneaker Store","article_modified_time":"2026-03-27T18:36:42+00:00","twitter_card":"summary_large_image","twitter_image":"https:\/\/images.novelship.com\/product\/nike_shox_r4_se_bust_grey_light_graphite_smoke_gre_0_73870.png;https:\/\/images.novelship.com\/product\/nike_shox_r4_se_bust_grey_light_graphite_smoke_gre_1_73870.png;https:\/\/images.novelship.com\/product\/nike_shox_r4_se_bust_grey_light_graphite_smoke_gre_2_73870.png;https:\/\/images.novelship.com\/product\/nike_shox_r4_se_bust_grey_light_graphite_smoke_gre_3_73870.png;https:\/\/images.novelship.com\/product\/nike_shox_r4_se_bust_grey_light_graphite_smoke_gre_4_73870.png;https:\/\/images.novelship.com\/product\/nike_shox_r4_se_bust_grey_light_graphite_smoke_gre_5_73870.png;https:\/\/images.novelship.com\/product\/nike_shox_r4_se_bust_grey_light_graphite_smoke_gre_6_73870.png;https:\/\/images.novelship.com\/product\/nike_shox_r4_se_bust_grey_light_graphite_smoke_gre_7_73870.png","twitter_misc":{"Gesch\u00e4tzte Lesezeit":"1\u00a0Minute"},"schema":{"@context":"https:\/\/schema.org","@graph":[{"@type":"WebPage","@id":"\/","url":"https:\/\/tourcruiser.com\/","name":"Nike Shox R4 SE Bust Grey\/Light Graphite\/Smoke Grey\/Bright Citron - Tourcruiser PTE. LTD","isPartOf":{"@id":"https:\/\/tourcruiser.com\/de\/#website"},"primaryImageOfPage":{"@id":"https:\/\/tourcruiser.com\/#primaryimage"},"image":{"@id":"https:\/\/tourcruiser.com\/#primaryimage"},"thumbnailUrl":"https:\/\/images.novelship.com\/product\/nike_shox_r4_se_bust_grey_light_graphite_smoke_gre_0_73870.png;https:\/\/images.novelship.com\/product\/nike_shox_r4_se_bust_grey_light_graphite_smoke_gre_1_73870.png;https:\/\/images.novelship.com\/product\/nike_shox_r4_se_bust_grey_light_graphite_smoke_gre_2_73870.png;https:\/\/images.novelship.com\/product\/nike_shox_r4_se_bust_grey_light_graphite_smoke_gre_3_73870.png;https:\/\/images.novelship.com\/product\/nike_shox_r4_se_bust_grey_light_graphite_smoke_gre_4_73870.png;https:\/\/images.novelship.com\/product\/nike_shox_r4_se_bust_grey_light_graphite_smoke_gre_5_73870.png;https:\/\/images.novelship.com\/product\/nike_shox_r4_se_bust_grey_light_graphite_smoke_gre_6_73870.png;https:\/\/images.novelship.com\/product\/nike_shox_r4_se_bust_grey_light_graphite_smoke_gre_7_73870.png","datePublished":"2026-03-02T09:19:00+00:00","dateModified":"2026-03-27T18:36:42+00:00","breadcrumb":{"@id":"https:\/\/tourcruiser.com\/#breadcrumb"},"inLanguage":"de","potentialAction":[{"@type":"ReadAction","target":["https:\/\/tourcruiser.com\/"]}]},{"@type":"ImageObject","inLanguage":"de","@id":"https:\/\/tourcruiser.com\/#primaryimage","url":"https:\/\/images.novelship.com\/product\/nike_shox_r4_se_bust_grey_light_graphite_smoke_gre_0_73870.png;https:\/\/images.novelship.com\/product\/nike_shox_r4_se_bust_grey_light_graphite_smoke_gre_1_73870.png;https:\/\/images.novelship.com\/product\/nike_shox_r4_se_bust_grey_light_graphite_smoke_gre_2_73870.png;https:\/\/images.novelship.com\/product\/nike_shox_r4_se_bust_grey_light_graphite_smoke_gre_3_73870.png;https:\/\/images.novelship.com\/product\/nike_shox_r4_se_bust_grey_light_graphite_smoke_gre_4_73870.png;https:\/\/images.novelship.com\/product\/nike_shox_r4_se_bust_grey_light_graphite_smoke_gre_5_73870.png;https:\/\/images.novelship.com\/product\/nike_shox_r4_se_bust_grey_light_graphite_smoke_gre_6_73870.png;https:\/\/images.novelship.com\/product\/nike_shox_r4_se_bust_grey_light_graphite_smoke_gre_7_73870.png","contentUrl":"https:\/\/images.novelship.com\/product\/nike_shox_r4_se_bust_grey_light_graphite_smoke_gre_0_73870.png;https:\/\/images.novelship.com\/product\/nike_shox_r4_se_bust_grey_light_graphite_smoke_gre_1_73870.png;https:\/\/images.novelship.com\/product\/nike_shox_r4_se_bust_grey_light_graphite_smoke_gre_2_73870.png;https:\/\/images.novelship.com\/product\/nike_shox_r4_se_bust_grey_light_graphite_smoke_gre_3_73870.png;https:\/\/images.novelship.com\/product\/nike_shox_r4_se_bust_grey_light_graphite_smoke_gre_4_73870.png;https:\/\/images.novelship.com\/product\/nike_shox_r4_se_bust_grey_light_graphite_smoke_gre_5_73870.png;https:\/\/images.novelship.com\/product\/nike_shox_r4_se_bust_grey_light_graphite_smoke_gre_6_73870.png;https:\/\/images.novelship.com\/product\/nike_shox_r4_se_bust_grey_light_graphite_smoke_gre_7_73870.png"},{"@type":"BreadcrumbList","@id":"https:\/\/tourcruiser.com\/#breadcrumb","itemListElement":[{"@type":"ListItem","position":1,"name":"Home","item":"https:\/\/tourcruiser.com\/de\/"},{"@type":"ListItem","position":2,"name":"Shop","item":"https:\/\/tourcruiser.com\/de\/shop\/"},{"@type":"ListItem","position":3,"name":"Nike Shox R4 SE Bust Grey\/Light Graphite\/Smoke Grey\/Bright Citron"}]},{"@type":"WebSite","@id":"https:\/\/tourcruiser.com\/de\/#website","url":"https:\/\/tourcruiser.com\/de\/","name":"Styloral Jewelry Shop","description":"Tourcruiser Sneaker Store \u2014 der Ort, an dem das Universum deine Einzigartigkeit trifft.","publisher":{"@id":"https:\/\/tourcruiser.com\/de\/#organization"},"potentialAction":[{"@type":"SearchAction","target":{"@type":"EntryPoint","urlTemplate":"https:\/\/tourcruiser.com\/de\/?s={search_term_string}"},"query-input":{"@type":"PropertyValueSpecification","valueRequired":true,"valueName":"search_term_string"}}],"inLanguage":"de"},{"@type":"Organization","@id":"https:\/\/tourcruiser.com\/de\/#organization","name":"STYLORAL PTE. LTD","url":"https:\/\/tourcruiser.com\/de\/","logo":{"@type":"ImageObject","inLanguage":"de","@id":"https:\/\/tourcruiser.com\/de\/#\/schema\/logo\/image\/","url":"https:\/\/www.tourcruiser.com\/wp-content\/uploads\/2025\/12\/logo.png","contentUrl":"https:\/\/www.tourcruiser.com\/wp-content\/uploads\/2025\/12\/logo.png","width":200,"height":65,"caption":"STYLORAL PTE. LTD"},"image":{"@id":"https:\/\/tourcruiser.com\/de\/#\/schema\/logo\/image\/"}}]}},"_links":{"self":[{"href":"https:\/\/tourcruiser.com\/de\/wp-json\/wp\/v2\/product\/169011","targetHints":{"allow":["GET"]}}],"collection":[{"href":"https:\/\/tourcruiser.com\/de\/wp-json\/wp\/v2\/product"}],"about":[{"href":"https:\/\/tourcruiser.com\/de\/wp-json\/wp\/v2\/types\/product"}],"replies":[{"embeddable":true,"href":"https:\/\/tourcruiser.com\/de\/wp-json\/wp\/v2\/comments?post=169011"}],"wp:featuredmedia":[{"embeddable":true,"href":"https:\/\/tourcruiser.com\/de\/wp-json\/wp\/v2\/media\/169012"}],"wp:attachment":[{"href":"https:\/\/tourcruiser.com\/de\/wp-json\/wp\/v2\/media?parent=169011"}],"wp:term":[{"taxonomy":"product_brand","embeddable":true,"href":"https:\/\/tourcruiser.com\/de\/wp-json\/wp\/v2\/product_brand?post=169011"},{"taxonomy":"product_cat","embeddable":true,"href":"https:\/\/tourcruiser.com\/de\/wp-json\/wp\/v2\/product_cat?post=169011"},{"taxonomy":"product_tag","embeddable":true,"href":"https:\/\/tourcruiser.com\/de\/wp-json\/wp\/v2\/product_tag?post=169011"}],"curies":[{"name":"wp","href":"https:\/\/api.w.org\/{rel}","templated":true}]}}