{"id":16877,"date":"2026-02-20T15:07:58","date_gmt":"2026-02-20T08:07:58","guid":{"rendered":"http:\/\/tourcruiser.com\/product\/nike-lebron-tr-1-men-s-workout-shoes-fj6151-006"},"modified":"2026-03-28T00:27:06","modified_gmt":"2026-03-27T17:27:06","slug":"nike-lebron-tr-1-men-s-workout-shoes-fj6151-006","status":"publish","type":"product","link":"https:\/\/tourcruiser.com\/de\/products\/nike-lebron-tr-1-men-s-workout-shoes-fj6151-006\/","title":{"rendered":"Nike LeBron TR 1 &#8218;Wolf Grey\/White\/Bronze\/Metallic Gold&#8216;"},"content":{"rendered":"<p>Verbessere dein Spiel mit dem Nike LeBron TR 1 in Wolf Gray, Wei\u00df, Bronze und Metallic Gold. Diese dynamischen Sneaker vereinen erstklassigen Tragekomfort mit innovativem Design und bieten dank ihrer robusten D\u00e4mpfung und hervorragenden Traktion optimalen Halt auf jedem Court und jeder Stra\u00dfe. Inspiriert von LeBron James&#8216; unb\u00e4ndigem Kampfgeist, garantiert dieser stylische und vielseitige Schuh H\u00f6chstleistungen und einen unverwechselbaren Look bei jedem Schritt. Erlebe die Essenz von Sportlichkeit und Style mit Nikes neuester Innovation \u2013 perfekt f\u00fcr Champions weltweit. #UnleashTheKing<\/p>\n<ul>\n<li><strong>Farbgebung:<\/strong> Wolf Gray\/Wei\u00df\/Bronze\/Metallic Gold<\/li>\n<li><strong>Style-Code:<\/strong> FJ6151-006<\/li>\n<li><strong>Obermaterial:<\/strong> Textil<\/li>\n<li><strong>Farbe:<\/strong> Wei\u00df<\/li>\n<\/ul>\n","protected":false},"excerpt":{"rendered":"<p>Nike LeBron TR 1 \u2014 Wolf Gray\/White\/Bronze\/Metallic Gold<\/p>\n","protected":false},"featured_media":16878,"comment_status":"open","ping_status":"closed","template":"","meta":[],"product_brand":[],"product_cat":[6654],"product_tag":[],"class_list":{"0":"post-16877","1":"product","2":"type-product","3":"status-publish","4":"has-post-thumbnail","6":"product_cat-nike-2026","7":"wcpa_has_options","9":"first","10":"outofstock","11":"taxable","12":"shipping-taxable","13":"purchasable","14":"product-type-simple"},"wcpa_form_fields":{"rules":{"pric_overide_base_price":false,"pric_overide_base_price_if_gt_zero":false,"pric_overide_base_price_fully":false,"pric_cal_option_once":false,"pric_use_as_fee":false,"bind_quantity":false,"quantity_bind_formula":false},"fields":[{"type":"color-group","required":true,"elementId":"wcpa-color-group-66c4a75505e74","label":"Gr\u00f6\u00dfe - EU Gr\u00f6\u00dfe","inline":true,"priceOptions":"different_for_all","pricingType":"fixed","className":"hassizechart product-shoes-size-eu product-shoes-size","name":"color-group-66c4a75505e89","disp_type":"square","selection_type":"tick-border","disp_size":"44","show_label_inside":true,"adjust_width":true,"cart_display_type":"text","other_text":"Other","cl_rule":"show","col":6,"values":[{"label":"35.5","value":"EU 35.5","price":"","pimage":"","pimage_id":"","pthumb":"","color":""},{"label":"36","value":"EU 36","price":"","pimage":"","pimage_id":"","pthumb":"","color":"","selected":true},{"label":"36.5","value":"EU 36.5","price":"","pimage":"","pimage_id":"","pthumb":"","color":""},{"label":"37.5","value":"EU 37.5","price":"","pimage":"","pimage_id":"","pthumb":"","color":""},{"label":"38","value":"EU 38","price":"","pimage":"","pimage_id":"","pthumb":"","color":""},{"label":"38.5","value":"EU 38.5","price":"","pimage":"","pimage_id":"","pthumb":"","color":""},{"label":"39","value":"EU 39","price":"","pimage":"","pimage_id":"","pthumb":"","color":""},{"label":"40","value":"EU 40","price":"","pimage":"","pimage_id":"","pthumb":"","color":""},{"label":"40.5","value":"EU 40.5","price":"","pimage":"","pimage_id":"","pthumb":"","color":""},{"label":"41","value":"EU 41","price":"","pimage":"","pimage_id":"","pthumb":"","color":""},{"label":"42","value":"EU 42","price":"","pimage":"","pimage_id":"","pthumb":"","color":""},{"label":"42.5","value":"EU 42.5","price":"","pimage":"","pimage_id":"","pthumb":"","color":""},{"label":"43","value":"EU 43","price":"","pimage":"","pimage_id":"","pthumb":"","color":""},{"label":"44","value":"EU 44","price":"","pimage":"","pimage_id":"","pthumb":"","color":""},{"label":"44.5","value":"EU 44.5","price":"","pimage":"","pimage_id":"","pthumb":"","color":""},{"label":"45","value":"EU 45","price":"","pimage":"","pimage_id":"","pthumb":"","color":""},{"label":"45.5","value":"EU 45.5","price":"","pimage":"","pimage_id":"","pthumb":"","color":""},{"label":"46","value":"EU 46","price":"","pimage":"","pimage_id":"","pthumb":"","color":""},{"label":"47","value":"EU 47","price":"","pimage":"","pimage_id":"","pthumb":"","color":""},{"label":"47.5","value":"EU 47.5","price":"","pimage":"","pimage_id":"","pthumb":"","color":""},{"label":"48","value":"EU 48","price":"","pimage":"","pimage_id":"","pthumb":"","color":""}],"relations":[{"operator":false,"rules":[]}],"form_id":18106,"form_rules":{"pric_cal_option_once":false,"exclude_from_discount":false,"pric_use_as_fee":false,"fee_label":"Fee","render_after_acb":false,"disp_hide_options_price":false}}]},"yoast_head":"<!-- This site is optimized with the Yoast SEO plugin v26.5 - https:\/\/yoast.com\/wordpress\/plugins\/seo\/ -->\n<title>Nike LeBron TR 1 &#039;Wolf Grey\/White\/Bronze\/Metallic Gold&#039; - Tourcruiser PTE. LTD<\/title>\n<meta name=\"robots\" content=\"index, follow, max-snippet:-1, max-image-preview:large, max-video-preview:-1\" \/>\n<link rel=\"canonical\" href=\"https:\/\/tourcruiser.com\/de\/products\/nike-lebron-tr-1-men-s-workout-shoes-fj6151-006\/\" \/>\n<meta property=\"og:locale\" content=\"de_DE\" \/>\n<meta property=\"og:type\" content=\"article\" \/>\n<meta property=\"og:title\" content=\"Nike LeBron TR 1 &#039;Wolf Grey\/White\/Bronze\/Metallic Gold&#039; - Tourcruiser PTE. LTD\" \/>\n<meta property=\"og:description\" content=\"Nike LeBron TR 1 \u2014 Wolf Gray\/White\/Bronze\/Metallic Gold\" \/>\n<meta property=\"og:url\" content=\"https:\/\/tourcruiser.com\/de\/products\/nike-lebron-tr-1-men-s-workout-shoes-fj6151-006\/\" \/>\n<meta property=\"og:site_name\" content=\"Tourcruiser Sneaker Store\" \/>\n<meta property=\"article:modified_time\" content=\"2026-03-27T17:27:06+00:00\" \/>\n<meta name=\"twitter:card\" content=\"summary_large_image\" \/>\n<meta name=\"twitter:image\" content=\"https:\/\/images.novelship.com\/product\/nike_lebron_tr_1_wolf_gray_white_bronze_metallic_g_0_52725.png\" \/>\n<script type=\"application\/ld+json\" class=\"yoast-schema-graph\">{\"@context\":\"https:\/\/schema.org\",\"@graph\":[{\"@type\":\"WebPage\",\"@id\":\"https:\/\/tourcruiser.com\/de\/products\/nike-lebron-tr-1-men-s-workout-shoes-fj6151-006\/\",\"url\":\"https:\/\/tourcruiser.com\/de\/products\/nike-lebron-tr-1-men-s-workout-shoes-fj6151-006\/\",\"name\":\"Nike LeBron TR 1 'Wolf Grey\/White\/Bronze\/Metallic Gold' - Tourcruiser PTE. LTD\",\"isPartOf\":{\"@id\":\"https:\/\/tourcruiser.com\/de\/#website\"},\"primaryImageOfPage\":{\"@id\":\"https:\/\/tourcruiser.com\/de\/products\/nike-lebron-tr-1-men-s-workout-shoes-fj6151-006\/#primaryimage\"},\"image\":{\"@id\":\"https:\/\/tourcruiser.com\/de\/products\/nike-lebron-tr-1-men-s-workout-shoes-fj6151-006\/#primaryimage\"},\"thumbnailUrl\":\"https:\/\/images.novelship.com\/product\/nike_lebron_tr_1_wolf_gray_white_bronze_metallic_g_0_52725.png\",\"datePublished\":\"2026-02-20T08:07:58+00:00\",\"dateModified\":\"2026-03-27T17:27:06+00:00\",\"breadcrumb\":{\"@id\":\"https:\/\/tourcruiser.com\/de\/products\/nike-lebron-tr-1-men-s-workout-shoes-fj6151-006\/#breadcrumb\"},\"inLanguage\":\"de\",\"potentialAction\":[{\"@type\":\"ReadAction\",\"target\":[\"https:\/\/tourcruiser.com\/de\/products\/nike-lebron-tr-1-men-s-workout-shoes-fj6151-006\/\"]}]},{\"@type\":\"ImageObject\",\"inLanguage\":\"de\",\"@id\":\"https:\/\/tourcruiser.com\/de\/products\/nike-lebron-tr-1-men-s-workout-shoes-fj6151-006\/#primaryimage\",\"url\":\"https:\/\/images.novelship.com\/product\/nike_lebron_tr_1_wolf_gray_white_bronze_metallic_g_0_52725.png\",\"contentUrl\":\"https:\/\/images.novelship.com\/product\/nike_lebron_tr_1_wolf_gray_white_bronze_metallic_g_0_52725.png\"},{\"@type\":\"BreadcrumbList\",\"@id\":\"https:\/\/tourcruiser.com\/de\/products\/nike-lebron-tr-1-men-s-workout-shoes-fj6151-006\/#breadcrumb\",\"itemListElement\":[{\"@type\":\"ListItem\",\"position\":1,\"name\":\"Home\",\"item\":\"https:\/\/tourcruiser.com\/de\/\"},{\"@type\":\"ListItem\",\"position\":2,\"name\":\"Shop\",\"item\":\"https:\/\/tourcruiser.com\/de\/shop\/\"},{\"@type\":\"ListItem\",\"position\":3,\"name\":\"Nike LeBron TR 1 'Wolf Grey\/White\/Bronze\/Metallic Gold'\"}]},{\"@type\":\"WebSite\",\"@id\":\"https:\/\/tourcruiser.com\/de\/#website\",\"url\":\"https:\/\/tourcruiser.com\/de\/\",\"name\":\"Styloral Jewelry Shop\",\"description\":\"Tourcruiser Sneaker Store \u2014 der Ort, an dem das Universum deine Einzigartigkeit trifft.\",\"publisher\":{\"@id\":\"https:\/\/tourcruiser.com\/de\/#organization\"},\"potentialAction\":[{\"@type\":\"SearchAction\",\"target\":{\"@type\":\"EntryPoint\",\"urlTemplate\":\"https:\/\/tourcruiser.com\/de\/?s={search_term_string}\"},\"query-input\":{\"@type\":\"PropertyValueSpecification\",\"valueRequired\":true,\"valueName\":\"search_term_string\"}}],\"inLanguage\":\"de\"},{\"@type\":\"Organization\",\"@id\":\"https:\/\/tourcruiser.com\/de\/#organization\",\"name\":\"STYLORAL PTE. LTD\",\"url\":\"https:\/\/tourcruiser.com\/de\/\",\"logo\":{\"@type\":\"ImageObject\",\"inLanguage\":\"de\",\"@id\":\"https:\/\/tourcruiser.com\/de\/#\/schema\/logo\/image\/\",\"url\":\"https:\/\/www.tourcruiser.com\/wp-content\/uploads\/2025\/12\/logo.png\",\"contentUrl\":\"https:\/\/www.tourcruiser.com\/wp-content\/uploads\/2025\/12\/logo.png\",\"width\":200,\"height\":65,\"caption\":\"STYLORAL PTE. LTD\"},\"image\":{\"@id\":\"https:\/\/tourcruiser.com\/de\/#\/schema\/logo\/image\/\"}}]}<\/script>\n<!-- \/ Yoast SEO plugin. -->","yoast_head_json":{"title":"Nike LeBron TR 1 'Wolf Grey\/White\/Bronze\/Metallic Gold' - Tourcruiser PTE. LTD","robots":{"index":"index","follow":"follow","max-snippet":"max-snippet:-1","max-image-preview":"max-image-preview:large","max-video-preview":"max-video-preview:-1"},"canonical":"https:\/\/tourcruiser.com\/de\/products\/nike-lebron-tr-1-men-s-workout-shoes-fj6151-006\/","og_locale":"de_DE","og_type":"article","og_title":"Nike LeBron TR 1 'Wolf Grey\/White\/Bronze\/Metallic Gold' - Tourcruiser PTE. LTD","og_description":"Nike LeBron TR 1 \u2014 Wolf Gray\/White\/Bronze\/Metallic Gold","og_url":"https:\/\/tourcruiser.com\/de\/products\/nike-lebron-tr-1-men-s-workout-shoes-fj6151-006\/","og_site_name":"Tourcruiser Sneaker Store","article_modified_time":"2026-03-27T17:27:06+00:00","twitter_card":"summary_large_image","twitter_image":"https:\/\/images.novelship.com\/product\/nike_lebron_tr_1_wolf_gray_white_bronze_metallic_g_0_52725.png","schema":{"@context":"https:\/\/schema.org","@graph":[{"@type":"WebPage","@id":"https:\/\/tourcruiser.com\/de\/products\/nike-lebron-tr-1-men-s-workout-shoes-fj6151-006\/","url":"https:\/\/tourcruiser.com\/de\/products\/nike-lebron-tr-1-men-s-workout-shoes-fj6151-006\/","name":"Nike LeBron TR 1 'Wolf Grey\/White\/Bronze\/Metallic Gold' - Tourcruiser PTE. LTD","isPartOf":{"@id":"https:\/\/tourcruiser.com\/de\/#website"},"primaryImageOfPage":{"@id":"https:\/\/tourcruiser.com\/de\/products\/nike-lebron-tr-1-men-s-workout-shoes-fj6151-006\/#primaryimage"},"image":{"@id":"https:\/\/tourcruiser.com\/de\/products\/nike-lebron-tr-1-men-s-workout-shoes-fj6151-006\/#primaryimage"},"thumbnailUrl":"https:\/\/images.novelship.com\/product\/nike_lebron_tr_1_wolf_gray_white_bronze_metallic_g_0_52725.png","datePublished":"2026-02-20T08:07:58+00:00","dateModified":"2026-03-27T17:27:06+00:00","breadcrumb":{"@id":"https:\/\/tourcruiser.com\/de\/products\/nike-lebron-tr-1-men-s-workout-shoes-fj6151-006\/#breadcrumb"},"inLanguage":"de","potentialAction":[{"@type":"ReadAction","target":["https:\/\/tourcruiser.com\/de\/products\/nike-lebron-tr-1-men-s-workout-shoes-fj6151-006\/"]}]},{"@type":"ImageObject","inLanguage":"de","@id":"https:\/\/tourcruiser.com\/de\/products\/nike-lebron-tr-1-men-s-workout-shoes-fj6151-006\/#primaryimage","url":"https:\/\/images.novelship.com\/product\/nike_lebron_tr_1_wolf_gray_white_bronze_metallic_g_0_52725.png","contentUrl":"https:\/\/images.novelship.com\/product\/nike_lebron_tr_1_wolf_gray_white_bronze_metallic_g_0_52725.png"},{"@type":"BreadcrumbList","@id":"https:\/\/tourcruiser.com\/de\/products\/nike-lebron-tr-1-men-s-workout-shoes-fj6151-006\/#breadcrumb","itemListElement":[{"@type":"ListItem","position":1,"name":"Home","item":"https:\/\/tourcruiser.com\/de\/"},{"@type":"ListItem","position":2,"name":"Shop","item":"https:\/\/tourcruiser.com\/de\/shop\/"},{"@type":"ListItem","position":3,"name":"Nike LeBron TR 1 'Wolf Grey\/White\/Bronze\/Metallic Gold'"}]},{"@type":"WebSite","@id":"https:\/\/tourcruiser.com\/de\/#website","url":"https:\/\/tourcruiser.com\/de\/","name":"Styloral Jewelry Shop","description":"Tourcruiser Sneaker Store \u2014 der Ort, an dem das Universum deine Einzigartigkeit trifft.","publisher":{"@id":"https:\/\/tourcruiser.com\/de\/#organization"},"potentialAction":[{"@type":"SearchAction","target":{"@type":"EntryPoint","urlTemplate":"https:\/\/tourcruiser.com\/de\/?s={search_term_string}"},"query-input":{"@type":"PropertyValueSpecification","valueRequired":true,"valueName":"search_term_string"}}],"inLanguage":"de"},{"@type":"Organization","@id":"https:\/\/tourcruiser.com\/de\/#organization","name":"STYLORAL PTE. LTD","url":"https:\/\/tourcruiser.com\/de\/","logo":{"@type":"ImageObject","inLanguage":"de","@id":"https:\/\/tourcruiser.com\/de\/#\/schema\/logo\/image\/","url":"https:\/\/www.tourcruiser.com\/wp-content\/uploads\/2025\/12\/logo.png","contentUrl":"https:\/\/www.tourcruiser.com\/wp-content\/uploads\/2025\/12\/logo.png","width":200,"height":65,"caption":"STYLORAL PTE. LTD"},"image":{"@id":"https:\/\/tourcruiser.com\/de\/#\/schema\/logo\/image\/"}}]}},"_links":{"self":[{"href":"https:\/\/tourcruiser.com\/de\/wp-json\/wp\/v2\/product\/16877","targetHints":{"allow":["GET"]}}],"collection":[{"href":"https:\/\/tourcruiser.com\/de\/wp-json\/wp\/v2\/product"}],"about":[{"href":"https:\/\/tourcruiser.com\/de\/wp-json\/wp\/v2\/types\/product"}],"replies":[{"embeddable":true,"href":"https:\/\/tourcruiser.com\/de\/wp-json\/wp\/v2\/comments?post=16877"}],"wp:featuredmedia":[{"embeddable":true,"href":"https:\/\/tourcruiser.com\/de\/wp-json\/wp\/v2\/media\/16878"}],"wp:attachment":[{"href":"https:\/\/tourcruiser.com\/de\/wp-json\/wp\/v2\/media?parent=16877"}],"wp:term":[{"taxonomy":"product_brand","embeddable":true,"href":"https:\/\/tourcruiser.com\/de\/wp-json\/wp\/v2\/product_brand?post=16877"},{"taxonomy":"product_cat","embeddable":true,"href":"https:\/\/tourcruiser.com\/de\/wp-json\/wp\/v2\/product_cat?post=16877"},{"taxonomy":"product_tag","embeddable":true,"href":"https:\/\/tourcruiser.com\/de\/wp-json\/wp\/v2\/product_tag?post=16877"}],"curies":[{"name":"wp","href":"https:\/\/api.w.org\/{rel}","templated":true}]}}