{"id":167951,"date":"2026-03-02T16:17:22","date_gmt":"2026-03-02T09:17:22","guid":{"rendered":"http:\/\/tourcruiser.com\/product\/nike-mercurial-vapor-15-pro"},"modified":"2026-03-28T01:35:58","modified_gmt":"2026-03-27T18:35:58","slug":"nike-mercurial-vapor-15-pro","status":"publish","type":"product","link":"https:\/\/tourcruiser.com\/de\/products\/nike-mercurial-vapor-15-pro\/","title":{"rendered":"Nike Mercurial Vapor 15 Pro"},"content":{"rendered":"<p>Erleben Sie unvergleichliche Geschwindigkeit und Pr\u00e4zision mit dem Nike Mercurial Vapor 15 Pro DJ5605-601 \u201d\u201c entwickelt f\u00fcr Athleten, die auf dem Platz H\u00f6chstleistungen fordern. Das schlanke und leichte Synthetik-Obermaterial dieses Fu\u00dfballschuhs sorgt f\u00fcr eine handschuh\u00e4hnliche Passform und verbessert so Agilit\u00e4t und Ballkontrolle. Die fortschrittliche Aerotrak-Sohle bietet explosive Traktion f\u00fcr schnelle Bewegungen \u201d\u201c perfekt f\u00fcr Sprints und abrupte Richtungswechsel. Die leuchtende und auff\u00e4llige Farbgebung sticht nicht nur hervor, sondern spiegelt auch die dynamische Energie des Spiels wider. Dank des innovativen Innenfutters bietet der Mercurial Vapor 15 Pro \u00fcberragenden Komfort und reduziert Druckstellen bei intensiven Spielen. Dieser Hochleistungsschuh ist f\u00fcr feste B\u00f6den konzipiert und ideal f\u00fcr Spieler, die ihr Spiel auf professionellem und Wettkampfniveau verbessern wollen. Erlebe Fu\u00dfball auf einem neuen Level \u201d\u201c mit unschlagbarer Geschwindigkeit, Pr\u00e4zision und Style.<\/p>\n<ul>\n<li><strong>Farbgebung:<\/strong> Pink Form\/Schwarz<\/li>\n<li><strong>Artikelnummer:<\/strong> DJ5605-601<\/li>\n<li><strong>Obermaterial:<\/strong> Hyperscreen<\/li>\n<li><strong>Mittelsohle:<\/strong> Zoom Air<\/li>\n<li><strong>Farbe:<\/strong> Pink<\/li>\n<\/ul>\n","protected":false},"excerpt":{"rendered":"<p>Nike Mercurial Vapor 15 Pro \u201d\u201d Pink Form\/Black<\/p>\n","protected":false},"featured_media":167952,"comment_status":"open","ping_status":"closed","template":"","meta":[],"product_brand":[],"product_cat":[10803],"product_tag":[10799,10800,10801,10802,10986,10987,10758],"class_list":{"0":"post-167951","1":"product","2":"type-product","3":"status-publish","4":"has-post-thumbnail","6":"product_cat-nike","7":"product_tag-ankle-support-basketball-shoes","8":"product_tag-basketball-shoes","9":"product_tag-nike","10":"product_tag-performance-sport-shoes","11":"product_tag-soccer-shoes","12":"product_tag-soccer-shoes-football-cleats","13":"product_tag-under-retail","14":"wcpa_has_options","16":"first","17":"outofstock","18":"sale","19":"taxable","20":"shipping-taxable","21":"purchasable","22":"product-type-simple"},"wcpa_form_fields":{"rules":{"pric_overide_base_price":false,"pric_overide_base_price_if_gt_zero":false,"pric_overide_base_price_fully":false,"pric_cal_option_once":false,"pric_use_as_fee":false,"bind_quantity":false,"quantity_bind_formula":false},"fields":[{"type":"color-group","required":true,"elementId":"wcpa-color-group-66c4a75505e74","label":"Gr\u00f6\u00dfe - EU Gr\u00f6\u00dfe","inline":true,"priceOptions":"different_for_all","pricingType":"fixed","className":"hassizechart product-shoes-size-eu product-shoes-size","name":"color-group-66c4a75505e89","disp_type":"square","selection_type":"tick-border","disp_size":"44","show_label_inside":true,"adjust_width":true,"cart_display_type":"text","other_text":"Other","cl_rule":"show","col":6,"values":[{"label":"35.5","value":"EU 35.5","price":"","pimage":"","pimage_id":"","pthumb":"","color":""},{"label":"36","value":"EU 36","price":"","pimage":"","pimage_id":"","pthumb":"","color":"","selected":true},{"label":"36.5","value":"EU 36.5","price":"","pimage":"","pimage_id":"","pthumb":"","color":""},{"label":"37.5","value":"EU 37.5","price":"","pimage":"","pimage_id":"","pthumb":"","color":""},{"label":"38","value":"EU 38","price":"","pimage":"","pimage_id":"","pthumb":"","color":""},{"label":"38.5","value":"EU 38.5","price":"","pimage":"","pimage_id":"","pthumb":"","color":""},{"label":"39","value":"EU 39","price":"","pimage":"","pimage_id":"","pthumb":"","color":""},{"label":"40","value":"EU 40","price":"","pimage":"","pimage_id":"","pthumb":"","color":""},{"label":"40.5","value":"EU 40.5","price":"","pimage":"","pimage_id":"","pthumb":"","color":""},{"label":"41","value":"EU 41","price":"","pimage":"","pimage_id":"","pthumb":"","color":""},{"label":"42","value":"EU 42","price":"","pimage":"","pimage_id":"","pthumb":"","color":""},{"label":"42.5","value":"EU 42.5","price":"","pimage":"","pimage_id":"","pthumb":"","color":""},{"label":"43","value":"EU 43","price":"","pimage":"","pimage_id":"","pthumb":"","color":""},{"label":"44","value":"EU 44","price":"","pimage":"","pimage_id":"","pthumb":"","color":""},{"label":"44.5","value":"EU 44.5","price":"","pimage":"","pimage_id":"","pthumb":"","color":""},{"label":"45","value":"EU 45","price":"","pimage":"","pimage_id":"","pthumb":"","color":""},{"label":"45.5","value":"EU 45.5","price":"","pimage":"","pimage_id":"","pthumb":"","color":""},{"label":"46","value":"EU 46","price":"","pimage":"","pimage_id":"","pthumb":"","color":""},{"label":"47","value":"EU 47","price":"","pimage":"","pimage_id":"","pthumb":"","color":""},{"label":"47.5","value":"EU 47.5","price":"","pimage":"","pimage_id":"","pthumb":"","color":""},{"label":"48","value":"EU 48","price":"","pimage":"","pimage_id":"","pthumb":"","color":""}],"relations":[{"operator":false,"rules":[]}],"form_id":18106,"form_rules":{"pric_cal_option_once":false,"exclude_from_discount":false,"pric_use_as_fee":false,"fee_label":"Fee","render_after_acb":false,"disp_hide_options_price":false}}]},"yoast_head":"<!-- This site is optimized with the Yoast SEO plugin v26.5 - https:\/\/yoast.com\/wordpress\/plugins\/seo\/ -->\n<title>Nike Mercurial Vapor 15 Pro  - Tourcruiser PTE. LTD<\/title>\n<meta name=\"robots\" content=\"index, follow, max-snippet:-1, max-image-preview:large, max-video-preview:-1\" \/>\n<link rel=\"canonical\" href=\"https:\/\/tourcruiser.com\/de\/products\/nike-mercurial-vapor-15-pro\/\" \/>\n<meta property=\"og:locale\" content=\"de_DE\" \/>\n<meta property=\"og:type\" content=\"article\" \/>\n<meta property=\"og:title\" content=\"Nike Mercurial Vapor 15 Pro  - Tourcruiser PTE. LTD\" \/>\n<meta property=\"og:description\" content=\"Nike Mercurial Vapor 15 Pro \u201d\u201d Pink Form\/Black\" \/>\n<meta property=\"og:url\" content=\"https:\/\/tourcruiser.com\/de\/products\/nike-mercurial-vapor-15-pro\/\" \/>\n<meta property=\"og:site_name\" content=\"Tourcruiser Sneaker Store\" \/>\n<meta property=\"article:modified_time\" content=\"2026-03-27T18:35:58+00:00\" \/>\n<meta name=\"twitter:card\" content=\"summary_large_image\" \/>\n<meta name=\"twitter:image\" content=\"https:\/\/images.novelship.com\/product\/nike_mercurial_vapor_15_pro_dj5605-601_0_24640.jpeg;https:\/\/images.novelship.com\/product\/nike_mercurial_vapor_15_pro_dj5605-601_1_24640.jpeg;https:\/\/images.novelship.com\/product\/nike_mercurial_vapor_15_pro_dj5605-601_2_24640.jpeg;https:\/\/images.novelship.com\/product\/nike_mercurial_vapor_15_pro_dj5605-601_3_24640.jpeg;https:\/\/images.novelship.com\/product\/nike_mercurial_vapor_15_pro_dj5605-601_4_24641.jpeg;https:\/\/images.novelship.com\/product\/nike_mercurial_vapor_15_pro_dj5605-601_5_24641.jpeg;https:\/\/images.novelship.com\/product\/nike_mercurial_vapor_15_pro_dj5605-601_6_24641.jpeg;https:\/\/images.novelship.com\/product\/nike_mercurial_vapor_15_pro_dj5605-601_7_24641.jpeg\" \/>\n<meta name=\"twitter:label1\" content=\"Gesch\u00e4tzte Lesezeit\" \/>\n\t<meta name=\"twitter:data1\" content=\"1\u00a0Minute\" \/>\n<script type=\"application\/ld+json\" class=\"yoast-schema-graph\">{\"@context\":\"https:\/\/schema.org\",\"@graph\":[{\"@type\":\"WebPage\",\"@id\":\"https:\/\/tourcruiser.com\/de\/products\/nike-mercurial-vapor-15-pro\/\",\"url\":\"https:\/\/tourcruiser.com\/de\/products\/nike-mercurial-vapor-15-pro\/\",\"name\":\"Nike Mercurial Vapor 15 Pro - Tourcruiser PTE. LTD\",\"isPartOf\":{\"@id\":\"https:\/\/tourcruiser.com\/de\/#website\"},\"primaryImageOfPage\":{\"@id\":\"https:\/\/tourcruiser.com\/de\/products\/nike-mercurial-vapor-15-pro\/#primaryimage\"},\"image\":{\"@id\":\"https:\/\/tourcruiser.com\/de\/products\/nike-mercurial-vapor-15-pro\/#primaryimage\"},\"thumbnailUrl\":\"https:\/\/images.novelship.com\/product\/nike_mercurial_vapor_15_pro_dj5605-601_0_24640.jpeg;https:\/\/images.novelship.com\/product\/nike_mercurial_vapor_15_pro_dj5605-601_1_24640.jpeg;https:\/\/images.novelship.com\/product\/nike_mercurial_vapor_15_pro_dj5605-601_2_24640.jpeg;https:\/\/images.novelship.com\/product\/nike_mercurial_vapor_15_pro_dj5605-601_3_24640.jpeg;https:\/\/images.novelship.com\/product\/nike_mercurial_vapor_15_pro_dj5605-601_4_24641.jpeg;https:\/\/images.novelship.com\/product\/nike_mercurial_vapor_15_pro_dj5605-601_5_24641.jpeg;https:\/\/images.novelship.com\/product\/nike_mercurial_vapor_15_pro_dj5605-601_6_24641.jpeg;https:\/\/images.novelship.com\/product\/nike_mercurial_vapor_15_pro_dj5605-601_7_24641.jpeg\",\"datePublished\":\"2026-03-02T09:17:22+00:00\",\"dateModified\":\"2026-03-27T18:35:58+00:00\",\"breadcrumb\":{\"@id\":\"https:\/\/tourcruiser.com\/de\/products\/nike-mercurial-vapor-15-pro\/#breadcrumb\"},\"inLanguage\":\"de\",\"potentialAction\":[{\"@type\":\"ReadAction\",\"target\":[\"https:\/\/tourcruiser.com\/de\/products\/nike-mercurial-vapor-15-pro\/\"]}]},{\"@type\":\"ImageObject\",\"inLanguage\":\"de\",\"@id\":\"https:\/\/tourcruiser.com\/de\/products\/nike-mercurial-vapor-15-pro\/#primaryimage\",\"url\":\"https:\/\/images.novelship.com\/product\/nike_mercurial_vapor_15_pro_dj5605-601_0_24640.jpeg;https:\/\/images.novelship.com\/product\/nike_mercurial_vapor_15_pro_dj5605-601_1_24640.jpeg;https:\/\/images.novelship.com\/product\/nike_mercurial_vapor_15_pro_dj5605-601_2_24640.jpeg;https:\/\/images.novelship.com\/product\/nike_mercurial_vapor_15_pro_dj5605-601_3_24640.jpeg;https:\/\/images.novelship.com\/product\/nike_mercurial_vapor_15_pro_dj5605-601_4_24641.jpeg;https:\/\/images.novelship.com\/product\/nike_mercurial_vapor_15_pro_dj5605-601_5_24641.jpeg;https:\/\/images.novelship.com\/product\/nike_mercurial_vapor_15_pro_dj5605-601_6_24641.jpeg;https:\/\/images.novelship.com\/product\/nike_mercurial_vapor_15_pro_dj5605-601_7_24641.jpeg\",\"contentUrl\":\"https:\/\/images.novelship.com\/product\/nike_mercurial_vapor_15_pro_dj5605-601_0_24640.jpeg;https:\/\/images.novelship.com\/product\/nike_mercurial_vapor_15_pro_dj5605-601_1_24640.jpeg;https:\/\/images.novelship.com\/product\/nike_mercurial_vapor_15_pro_dj5605-601_2_24640.jpeg;https:\/\/images.novelship.com\/product\/nike_mercurial_vapor_15_pro_dj5605-601_3_24640.jpeg;https:\/\/images.novelship.com\/product\/nike_mercurial_vapor_15_pro_dj5605-601_4_24641.jpeg;https:\/\/images.novelship.com\/product\/nike_mercurial_vapor_15_pro_dj5605-601_5_24641.jpeg;https:\/\/images.novelship.com\/product\/nike_mercurial_vapor_15_pro_dj5605-601_6_24641.jpeg;https:\/\/images.novelship.com\/product\/nike_mercurial_vapor_15_pro_dj5605-601_7_24641.jpeg\"},{\"@type\":\"BreadcrumbList\",\"@id\":\"https:\/\/tourcruiser.com\/de\/products\/nike-mercurial-vapor-15-pro\/#breadcrumb\",\"itemListElement\":[{\"@type\":\"ListItem\",\"position\":1,\"name\":\"Home\",\"item\":\"https:\/\/tourcruiser.com\/de\/\"},{\"@type\":\"ListItem\",\"position\":2,\"name\":\"Shop\",\"item\":\"https:\/\/tourcruiser.com\/de\/shop\/\"},{\"@type\":\"ListItem\",\"position\":3,\"name\":\"Nike Mercurial Vapor 15 Pro\"}]},{\"@type\":\"WebSite\",\"@id\":\"https:\/\/tourcruiser.com\/de\/#website\",\"url\":\"https:\/\/tourcruiser.com\/de\/\",\"name\":\"Styloral Jewelry Shop\",\"description\":\"Tourcruiser Sneaker Store \u2014 der Ort, an dem das Universum deine Einzigartigkeit trifft.\",\"publisher\":{\"@id\":\"https:\/\/tourcruiser.com\/de\/#organization\"},\"potentialAction\":[{\"@type\":\"SearchAction\",\"target\":{\"@type\":\"EntryPoint\",\"urlTemplate\":\"https:\/\/tourcruiser.com\/de\/?s={search_term_string}\"},\"query-input\":{\"@type\":\"PropertyValueSpecification\",\"valueRequired\":true,\"valueName\":\"search_term_string\"}}],\"inLanguage\":\"de\"},{\"@type\":\"Organization\",\"@id\":\"https:\/\/tourcruiser.com\/de\/#organization\",\"name\":\"STYLORAL PTE. LTD\",\"url\":\"https:\/\/tourcruiser.com\/de\/\",\"logo\":{\"@type\":\"ImageObject\",\"inLanguage\":\"de\",\"@id\":\"https:\/\/tourcruiser.com\/de\/#\/schema\/logo\/image\/\",\"url\":\"https:\/\/www.tourcruiser.com\/wp-content\/uploads\/2025\/12\/logo.png\",\"contentUrl\":\"https:\/\/www.tourcruiser.com\/wp-content\/uploads\/2025\/12\/logo.png\",\"width\":200,\"height\":65,\"caption\":\"STYLORAL PTE. LTD\"},\"image\":{\"@id\":\"https:\/\/tourcruiser.com\/de\/#\/schema\/logo\/image\/\"}}]}<\/script>\n<!-- \/ Yoast SEO plugin. -->","yoast_head_json":{"title":"Nike Mercurial Vapor 15 Pro  - Tourcruiser PTE. LTD","robots":{"index":"index","follow":"follow","max-snippet":"max-snippet:-1","max-image-preview":"max-image-preview:large","max-video-preview":"max-video-preview:-1"},"canonical":"https:\/\/tourcruiser.com\/de\/products\/nike-mercurial-vapor-15-pro\/","og_locale":"de_DE","og_type":"article","og_title":"Nike Mercurial Vapor 15 Pro  - Tourcruiser PTE. LTD","og_description":"Nike Mercurial Vapor 15 Pro \u201d\u201d Pink Form\/Black","og_url":"https:\/\/tourcruiser.com\/de\/products\/nike-mercurial-vapor-15-pro\/","og_site_name":"Tourcruiser Sneaker Store","article_modified_time":"2026-03-27T18:35:58+00:00","twitter_card":"summary_large_image","twitter_image":"https:\/\/images.novelship.com\/product\/nike_mercurial_vapor_15_pro_dj5605-601_0_24640.jpeg;https:\/\/images.novelship.com\/product\/nike_mercurial_vapor_15_pro_dj5605-601_1_24640.jpeg;https:\/\/images.novelship.com\/product\/nike_mercurial_vapor_15_pro_dj5605-601_2_24640.jpeg;https:\/\/images.novelship.com\/product\/nike_mercurial_vapor_15_pro_dj5605-601_3_24640.jpeg;https:\/\/images.novelship.com\/product\/nike_mercurial_vapor_15_pro_dj5605-601_4_24641.jpeg;https:\/\/images.novelship.com\/product\/nike_mercurial_vapor_15_pro_dj5605-601_5_24641.jpeg;https:\/\/images.novelship.com\/product\/nike_mercurial_vapor_15_pro_dj5605-601_6_24641.jpeg;https:\/\/images.novelship.com\/product\/nike_mercurial_vapor_15_pro_dj5605-601_7_24641.jpeg","twitter_misc":{"Gesch\u00e4tzte Lesezeit":"1\u00a0Minute"},"schema":{"@context":"https:\/\/schema.org","@graph":[{"@type":"WebPage","@id":"https:\/\/tourcruiser.com\/de\/products\/nike-mercurial-vapor-15-pro\/","url":"https:\/\/tourcruiser.com\/de\/products\/nike-mercurial-vapor-15-pro\/","name":"Nike Mercurial Vapor 15 Pro - Tourcruiser PTE. LTD","isPartOf":{"@id":"https:\/\/tourcruiser.com\/de\/#website"},"primaryImageOfPage":{"@id":"https:\/\/tourcruiser.com\/de\/products\/nike-mercurial-vapor-15-pro\/#primaryimage"},"image":{"@id":"https:\/\/tourcruiser.com\/de\/products\/nike-mercurial-vapor-15-pro\/#primaryimage"},"thumbnailUrl":"https:\/\/images.novelship.com\/product\/nike_mercurial_vapor_15_pro_dj5605-601_0_24640.jpeg;https:\/\/images.novelship.com\/product\/nike_mercurial_vapor_15_pro_dj5605-601_1_24640.jpeg;https:\/\/images.novelship.com\/product\/nike_mercurial_vapor_15_pro_dj5605-601_2_24640.jpeg;https:\/\/images.novelship.com\/product\/nike_mercurial_vapor_15_pro_dj5605-601_3_24640.jpeg;https:\/\/images.novelship.com\/product\/nike_mercurial_vapor_15_pro_dj5605-601_4_24641.jpeg;https:\/\/images.novelship.com\/product\/nike_mercurial_vapor_15_pro_dj5605-601_5_24641.jpeg;https:\/\/images.novelship.com\/product\/nike_mercurial_vapor_15_pro_dj5605-601_6_24641.jpeg;https:\/\/images.novelship.com\/product\/nike_mercurial_vapor_15_pro_dj5605-601_7_24641.jpeg","datePublished":"2026-03-02T09:17:22+00:00","dateModified":"2026-03-27T18:35:58+00:00","breadcrumb":{"@id":"https:\/\/tourcruiser.com\/de\/products\/nike-mercurial-vapor-15-pro\/#breadcrumb"},"inLanguage":"de","potentialAction":[{"@type":"ReadAction","target":["https:\/\/tourcruiser.com\/de\/products\/nike-mercurial-vapor-15-pro\/"]}]},{"@type":"ImageObject","inLanguage":"de","@id":"https:\/\/tourcruiser.com\/de\/products\/nike-mercurial-vapor-15-pro\/#primaryimage","url":"https:\/\/images.novelship.com\/product\/nike_mercurial_vapor_15_pro_dj5605-601_0_24640.jpeg;https:\/\/images.novelship.com\/product\/nike_mercurial_vapor_15_pro_dj5605-601_1_24640.jpeg;https:\/\/images.novelship.com\/product\/nike_mercurial_vapor_15_pro_dj5605-601_2_24640.jpeg;https:\/\/images.novelship.com\/product\/nike_mercurial_vapor_15_pro_dj5605-601_3_24640.jpeg;https:\/\/images.novelship.com\/product\/nike_mercurial_vapor_15_pro_dj5605-601_4_24641.jpeg;https:\/\/images.novelship.com\/product\/nike_mercurial_vapor_15_pro_dj5605-601_5_24641.jpeg;https:\/\/images.novelship.com\/product\/nike_mercurial_vapor_15_pro_dj5605-601_6_24641.jpeg;https:\/\/images.novelship.com\/product\/nike_mercurial_vapor_15_pro_dj5605-601_7_24641.jpeg","contentUrl":"https:\/\/images.novelship.com\/product\/nike_mercurial_vapor_15_pro_dj5605-601_0_24640.jpeg;https:\/\/images.novelship.com\/product\/nike_mercurial_vapor_15_pro_dj5605-601_1_24640.jpeg;https:\/\/images.novelship.com\/product\/nike_mercurial_vapor_15_pro_dj5605-601_2_24640.jpeg;https:\/\/images.novelship.com\/product\/nike_mercurial_vapor_15_pro_dj5605-601_3_24640.jpeg;https:\/\/images.novelship.com\/product\/nike_mercurial_vapor_15_pro_dj5605-601_4_24641.jpeg;https:\/\/images.novelship.com\/product\/nike_mercurial_vapor_15_pro_dj5605-601_5_24641.jpeg;https:\/\/images.novelship.com\/product\/nike_mercurial_vapor_15_pro_dj5605-601_6_24641.jpeg;https:\/\/images.novelship.com\/product\/nike_mercurial_vapor_15_pro_dj5605-601_7_24641.jpeg"},{"@type":"BreadcrumbList","@id":"https:\/\/tourcruiser.com\/de\/products\/nike-mercurial-vapor-15-pro\/#breadcrumb","itemListElement":[{"@type":"ListItem","position":1,"name":"Home","item":"https:\/\/tourcruiser.com\/de\/"},{"@type":"ListItem","position":2,"name":"Shop","item":"https:\/\/tourcruiser.com\/de\/shop\/"},{"@type":"ListItem","position":3,"name":"Nike Mercurial Vapor 15 Pro"}]},{"@type":"WebSite","@id":"https:\/\/tourcruiser.com\/de\/#website","url":"https:\/\/tourcruiser.com\/de\/","name":"Styloral Jewelry Shop","description":"Tourcruiser Sneaker Store \u2014 der Ort, an dem das Universum deine Einzigartigkeit trifft.","publisher":{"@id":"https:\/\/tourcruiser.com\/de\/#organization"},"potentialAction":[{"@type":"SearchAction","target":{"@type":"EntryPoint","urlTemplate":"https:\/\/tourcruiser.com\/de\/?s={search_term_string}"},"query-input":{"@type":"PropertyValueSpecification","valueRequired":true,"valueName":"search_term_string"}}],"inLanguage":"de"},{"@type":"Organization","@id":"https:\/\/tourcruiser.com\/de\/#organization","name":"STYLORAL PTE. LTD","url":"https:\/\/tourcruiser.com\/de\/","logo":{"@type":"ImageObject","inLanguage":"de","@id":"https:\/\/tourcruiser.com\/de\/#\/schema\/logo\/image\/","url":"https:\/\/www.tourcruiser.com\/wp-content\/uploads\/2025\/12\/logo.png","contentUrl":"https:\/\/www.tourcruiser.com\/wp-content\/uploads\/2025\/12\/logo.png","width":200,"height":65,"caption":"STYLORAL PTE. LTD"},"image":{"@id":"https:\/\/tourcruiser.com\/de\/#\/schema\/logo\/image\/"}}]}},"_links":{"self":[{"href":"https:\/\/tourcruiser.com\/de\/wp-json\/wp\/v2\/product\/167951","targetHints":{"allow":["GET"]}}],"collection":[{"href":"https:\/\/tourcruiser.com\/de\/wp-json\/wp\/v2\/product"}],"about":[{"href":"https:\/\/tourcruiser.com\/de\/wp-json\/wp\/v2\/types\/product"}],"replies":[{"embeddable":true,"href":"https:\/\/tourcruiser.com\/de\/wp-json\/wp\/v2\/comments?post=167951"}],"wp:featuredmedia":[{"embeddable":true,"href":"https:\/\/tourcruiser.com\/de\/wp-json\/wp\/v2\/media\/167952"}],"wp:attachment":[{"href":"https:\/\/tourcruiser.com\/de\/wp-json\/wp\/v2\/media?parent=167951"}],"wp:term":[{"taxonomy":"product_brand","embeddable":true,"href":"https:\/\/tourcruiser.com\/de\/wp-json\/wp\/v2\/product_brand?post=167951"},{"taxonomy":"product_cat","embeddable":true,"href":"https:\/\/tourcruiser.com\/de\/wp-json\/wp\/v2\/product_cat?post=167951"},{"taxonomy":"product_tag","embeddable":true,"href":"https:\/\/tourcruiser.com\/de\/wp-json\/wp\/v2\/product_tag?post=167951"}],"curies":[{"name":"wp","href":"https:\/\/api.w.org\/{rel}","templated":true}]}}